{"id":122195,"date":"2025-10-28T20:12:14","date_gmt":"2025-10-28T20:12:14","guid":{"rendered":"https:\/\/www.lifenatura.com\/produto\/piel-perfecta-30-comprimidos-physalis\/"},"modified":"2025-12-03T19:24:41","modified_gmt":"2025-12-03T19:24:41","slug":"piel-perfecta-30-comprimidos-physalis","status":"publish","type":"product","link":"https:\/\/www.lifenatura.com\/es\/produto\/piel-perfecta-30-comprimidos-physalis\/","title":{"rendered":"Piel Perfecta 30 Comprimidos &#8211; Physalis"},"content":{"rendered":"<h2 style=\"text-align: left;\" data-start=\"0\" data-end=\"62\"><strong data-start=\"3\" data-end=\"62\">Piel perfecta realzar la belleza de la piel de Physalis<\/strong><\/h2>\n<p>&nbsp;<\/p>\n<p data-start=\"64\" data-end=\"552\">El suplemento <strong data-start=\"77\" data-end=\"149\">Piel Perfecta de Physalis (30 comprimidos<\/strong> ) est\u00e1 dise\u00f1ado para realzar la belleza de la piel desde dentro hacia fuera, potenciando la luminosidad, la uniformidad y la firmeza. La f\u00f3rmula combina un complejo vegetal exclusivo llamado Eternalyoung\u00ae -que re\u00fane extractos de Gotu kola, perejil Cistanche, naranja dulce y granada- dise\u00f1ado para reducir la profundidad de las arrugas, favorecer la elasticidad de la piel y difuminar las manchas de la edad.<\/p>\n<p data-start=\"554\" data-end=\"1018\">Adem\u00e1s de este complejo vegetal, Perfect Skin incluye aloe vera, vitamina C (en forma PureWay-C\u00ae), zinc, bamb\u00fa (una fuente de s\u00edlice) y un SOD derivado del mel\u00f3n (Holimel\u00ae), todos ellos ingredientes que ayudan a proteger las c\u00e9lulas contra el estr\u00e9s oxidativo, participan en la s\u00edntesis normal de col\u00e1geno y favorecen una buena irrigaci\u00f3n cut\u00e1nea. El resultado es una piel de aspecto m\u00e1s fresco y rejuvenecido, con una textura y un tono m\u00e1s uniformes.<\/p>\n<p data-start=\"1020\" data-end=\"1049\"><strong data-start=\"1024\" data-end=\"1049\">Principales ventajas<\/strong><\/p>\n<ul data-start=\"1050\" data-end=\"1774\">\n<li data-start=\"1050\" data-end=\"1178\">\n<p data-start=\"1052\" data-end=\"1178\">Reduce <strong data-start=\"1060\" data-end=\"1098\">la profundidad y el tama\u00f1o de las arrugas<\/strong>, favoreciendo una piel m\u00e1s tersa y de aspecto m\u00e1s joven.<\/p>\n<\/li>\n<li data-start=\"1179\" data-end=\"1337\">\n<p data-start=\"1181\" data-end=\"1337\">Favorece la <strong data-start=\"1192\" data-end=\"1216\">elasticidad de la piel<\/strong> y ayuda a la <strong data-start=\"1228\" data-end=\"1252\">s\u00edntesis de col\u00e1geno<\/strong> con la ayuda de la vitamina C y el zinc.<\/p>\n<\/li>\n<li data-start=\"1338\" data-end=\"1470\">\n<p data-start=\"1340\" data-end=\"1470\">Contribuye a una <strong data-start=\"1359\" data-end=\"1384\">buena irrigaci\u00f3n cut\u00e1nea<\/strong>, esencial para una piel sana y radiante.<\/p>\n<\/li>\n<li data-start=\"1471\" data-end=\"1608\">\n<p data-start=\"1473\" data-end=\"1608\">Ayuda a <strong data-start=\"1481\" data-end=\"1509\">difuminar las manchas de la edad<\/strong> gracias a la combinaci\u00f3n de extractos de plantas y antioxidantes.<\/p>\n<\/li>\n<li data-start=\"1609\" data-end=\"1774\">\n<p data-start=\"1611\" data-end=\"1774\">Favorece la <strong data-start=\"1619\" data-end=\"1673\">protecci\u00f3n de las c\u00e9lulas contra la oxidaci\u00f3n no deseada<\/strong>, reforzando la resistencia de la piel al envejecimiento prematuro.<\/p>\n<\/li>\n<\/ul>\n<p data-start=\"1776\" data-end=\"1797\"><strong data-start=\"1780\" data-end=\"1797\">Adecuado para<\/strong><\/p>\n<p data-start=\"1798\" data-end=\"1841\">Este suplemento es ideal para adultos que<\/p>\n<ul data-start=\"1842\" data-end=\"2234\">\n<li data-start=\"1842\" data-end=\"1920\">\n<p data-start=\"1844\" data-end=\"1920\">Quieren revitalizar su piel y darle m\u00e1s firmeza y luminosidad;<\/p>\n<\/li>\n<li data-start=\"1921\" data-end=\"2024\">\n<p data-start=\"1923\" data-end=\"2024\">Muestran signos de envejecimiento cut\u00e1neo, como arrugas, p\u00e9rdida de elasticidad o manchas de la edad;<\/p>\n<\/li>\n<li data-start=\"2025\" data-end=\"2124\">\n<p data-start=\"2027\" data-end=\"2124\">Buscan reforzar sus cuidados de belleza diarios con una f\u00f3rmula que act\u00fae desde el interior;<\/p>\n<\/li>\n<li data-start=\"2125\" data-end=\"2234\">\n<p data-start=\"2127\" data-end=\"2234\">Valoran los productos con ingredientes de alta calidad, que combinan extractos de plantas y micronutrientes.<\/p>\n<\/li>\n<\/ul>\n<p><strong>Presentaci\u00f3n:<\/strong><\/p>\n<p>30 comprimidos.<\/p>\n<p>&nbsp;<\/p>\n","protected":false},"excerpt":{"rendered":"<p>Perfect Skin Physalis &#8211; suplemento con Eternalyoung\u00ae, aloe vera, vitamina C, zinc y s\u00edlice para reafirmar, elastificar e iluminar la piel. [&#8230;]<\/p>\n<p><a class=\"btn btn-secondary understrap-read-more-link\" href=\"https:\/\/www.lifenatura.com\/es\/produto\/piel-perfecta-30-comprimidos-physalis\/\">Leer m\u00e1s&#8230;<span class=\"screen-reader-text\"> from Piel Perfecta 30 Comprimidos &#8211; Physalis<\/span><\/a><\/p>\n","protected":false},"featured_media":119982,"template":"","meta":{"_acf_changed":false},"product_brand":[8318],"product_cat":[7239,7883],"product_tag":[],"class_list":{"0":"post-122195","1":"product","2":"type-product","3":"status-publish","4":"has-post-thumbnail","6":"product_brand-physalis-es","7":"product_cat-cuidado-de-la-piel","8":"product_cat-suplementos-alimenticios","10":"first","11":"instock","12":"shipping-taxable","13":"purchasable","14":"product-type-simple","15":"add-to-wishlist-before_image"},"acf":[],"yoast_head":"<!-- This site is optimized with the Yoast SEO Premium plugin v27.1 (Yoast SEO v27.4) - https:\/\/yoast.com\/product\/yoast-seo-premium-wordpress\/ -->\n<title>Piel Perfecta 30 Comprimidos - Physalis - Lifenatura<\/title>\n<meta name=\"description\" content=\"Perfect Skin Physalis - suplemento con Eternalyoung\u00ae, aloe vera, vitamina C, zinc y s\u00edlice para reafirmar, elastificar e iluminar la piel.\" \/>\n<meta name=\"robots\" content=\"index, follow, max-snippet:-1, max-image-preview:large, max-video-preview:-1\" \/>\n<link rel=\"canonical\" href=\"https:\/\/www.lifenatura.com\/es\/produto\/piel-perfecta-30-comprimidos-physalis\/\" \/>\n<meta property=\"og:locale\" content=\"es_ES\" \/>\n<meta property=\"og:type\" content=\"article\" \/>\n<meta property=\"og:title\" content=\"Piel Perfecta 30 Comprimidos - Physalis - Lifenatura\" \/>\n<meta property=\"og:description\" content=\"Compre aqui o seu Piel Perfecta 30 Comprimidos - Physalis e a Lifenatura Online envia em 48 H com Portes Gratis &gt;35\u20ac de Pedido.\" \/>\n<meta property=\"og:url\" content=\"https:\/\/www.lifenatura.com\/es\/produto\/piel-perfecta-30-comprimidos-physalis\/\" \/>\n<meta property=\"og:site_name\" content=\"Lifenatura\" \/>\n<meta property=\"article:publisher\" content=\"https:\/\/www.facebook.com\/lifenatura\" \/>\n<meta property=\"article:modified_time\" content=\"2025-12-03T19:24:41+00:00\" \/>\n<meta property=\"og:image\" content=\"https:\/\/www.lifenatura.com\/wp-content\/uploads\/2025\/10\/perfect-skin-physalis.jpg\" \/>\n\t<meta property=\"og:image:width\" content=\"1000\" \/>\n\t<meta property=\"og:image:height\" content=\"1000\" \/>\n\t<meta property=\"og:image:type\" content=\"image\/jpeg\" \/>\n<meta name=\"twitter:card\" content=\"summary_large_image\" \/>\n<meta name=\"twitter:label1\" content=\"Precio\" \/>\n\t<meta name=\"twitter:data1\" content=\"21,90&nbsp;&euro;\" \/>\n\t<meta name=\"twitter:label2\" content=\"Disponibilidad\" \/>\n\t<meta name=\"twitter:data2\" content=\"Disponible\" \/>\n<script type=\"application\/ld+json\" class=\"yoast-schema-graph\">{\"@context\":\"https:\\\/\\\/schema.org\",\"@graph\":[{\"@type\":\"WebPage\",\"@id\":\"https:\\\/\\\/www.lifenatura.com\\\/es\\\/produto\\\/piel-perfecta-30-comprimidos-physalis\\\/\",\"url\":\"https:\\\/\\\/www.lifenatura.com\\\/es\\\/produto\\\/piel-perfecta-30-comprimidos-physalis\\\/\",\"name\":\"Piel Perfecta 30 Comprimidos - Physalis - Lifenatura\",\"isPartOf\":{\"@id\":\"https:\\\/\\\/www.lifenatura.com\\\/es\\\/#website\"},\"primaryImageOfPage\":{\"@id\":\"https:\\\/\\\/www.lifenatura.com\\\/es\\\/produto\\\/piel-perfecta-30-comprimidos-physalis\\\/#primaryimage\"},\"image\":{\"@id\":\"https:\\\/\\\/www.lifenatura.com\\\/es\\\/produto\\\/piel-perfecta-30-comprimidos-physalis\\\/#primaryimage\"},\"thumbnailUrl\":\"https:\\\/\\\/www.lifenatura.com\\\/wp-content\\\/uploads\\\/2025\\\/10\\\/perfect-skin-physalis.jpg\",\"datePublished\":\"2025-10-28T20:12:14+00:00\",\"dateModified\":\"2025-12-03T19:24:41+00:00\",\"description\":\"Perfect Skin Physalis - suplemento con Eternalyoung\u00ae, aloe vera, vitamina C, zinc y s\u00edlice para reafirmar, elastificar e iluminar la piel.\",\"breadcrumb\":{\"@id\":\"https:\\\/\\\/www.lifenatura.com\\\/es\\\/produto\\\/piel-perfecta-30-comprimidos-physalis\\\/#breadcrumb\"},\"inLanguage\":\"es\",\"potentialAction\":[{\"@type\":\"ReadAction\",\"target\":[\"https:\\\/\\\/www.lifenatura.com\\\/es\\\/produto\\\/piel-perfecta-30-comprimidos-physalis\\\/\"]}]},{\"@type\":\"ImageObject\",\"inLanguage\":\"es\",\"@id\":\"https:\\\/\\\/www.lifenatura.com\\\/es\\\/produto\\\/piel-perfecta-30-comprimidos-physalis\\\/#primaryimage\",\"url\":\"https:\\\/\\\/www.lifenatura.com\\\/wp-content\\\/uploads\\\/2025\\\/10\\\/perfect-skin-physalis.jpg\",\"contentUrl\":\"https:\\\/\\\/www.lifenatura.com\\\/wp-content\\\/uploads\\\/2025\\\/10\\\/perfect-skin-physalis.jpg\",\"width\":1000,\"height\":1000},{\"@type\":\"BreadcrumbList\",\"@id\":\"https:\\\/\\\/www.lifenatura.com\\\/es\\\/produto\\\/piel-perfecta-30-comprimidos-physalis\\\/#breadcrumb\",\"itemListElement\":[{\"@type\":\"ListItem\",\"position\":1,\"name\":\"In\u00edcio\",\"item\":\"https:\\\/\\\/www.lifenatura.com\\\/es\\\/\"},{\"@type\":\"ListItem\",\"position\":2,\"name\":\"Todos los Productos\",\"item\":\"https:\\\/\\\/www.lifenatura.com\\\/es\\\/tienda\\\/\"},{\"@type\":\"ListItem\",\"position\":3,\"name\":\"Piel Perfecta 30 Comprimidos &#8211; Physalis\"}]},{\"@type\":\"WebSite\",\"@id\":\"https:\\\/\\\/www.lifenatura.com\\\/es\\\/#website\",\"url\":\"https:\\\/\\\/www.lifenatura.com\\\/es\\\/\",\"name\":\"Lifenatura\",\"description\":\"A Lifenatura \u00e9 uma loja de produtos naturais, cosm\u00e9tica natural e alimenta\u00e7\u00e3o Biol\u00f3gica.\",\"publisher\":{\"@id\":\"https:\\\/\\\/www.lifenatura.com\\\/es\\\/#organization\"},\"potentialAction\":[{\"@type\":\"SearchAction\",\"target\":{\"@type\":\"EntryPoint\",\"urlTemplate\":\"https:\\\/\\\/www.lifenatura.com\\\/es\\\/?s={search_term_string}\"},\"query-input\":{\"@type\":\"PropertyValueSpecification\",\"valueRequired\":true,\"valueName\":\"search_term_string\"}}],\"inLanguage\":\"es\"},{\"@type\":\"Organization\",\"@id\":\"https:\\\/\\\/www.lifenatura.com\\\/es\\\/#organization\",\"name\":\"Lifenatura\",\"url\":\"https:\\\/\\\/www.lifenatura.com\\\/es\\\/\",\"logo\":{\"@type\":\"ImageObject\",\"inLanguage\":\"es\",\"@id\":\"https:\\\/\\\/www.lifenatura.com\\\/es\\\/#\\\/schema\\\/logo\\\/image\\\/\",\"url\":\"https:\\\/\\\/www.lifenatura.com\\\/wp-content\\\/uploads\\\/2021\\\/07\\\/logo.png\",\"contentUrl\":\"https:\\\/\\\/www.lifenatura.com\\\/wp-content\\\/uploads\\\/2021\\\/07\\\/logo.png\",\"width\":175,\"height\":55,\"caption\":\"Lifenatura\"},\"image\":{\"@id\":\"https:\\\/\\\/www.lifenatura.com\\\/es\\\/#\\\/schema\\\/logo\\\/image\\\/\"},\"sameAs\":[\"https:\\\/\\\/www.facebook.com\\\/lifenatura\",\"https:\\\/\\\/www.instagram.com\\\/lifenaturapt\\\/\"],\"hasMerchantReturnPolicy\":{\"@type\":\"MerchantReturnPolicy\",\"merchantReturnLink\":\"https:\\\/\\\/www.lifenatura.com\\\/termos-condicoes-lifenatura\\\/\"}}]}<\/script>\n<meta property=\"product:price:amount\" content=\"21.90\" \/>\n<meta property=\"product:price:currency\" content=\"EUR\" \/>\n<meta property=\"og:availability\" content=\"instock\" \/>\n<meta property=\"product:availability\" content=\"instock\" \/>\n<meta property=\"product:retailer_item_id\" content=\"5412360021239\" \/>\n<meta property=\"product:condition\" content=\"new\" \/>\n<!-- \/ Yoast SEO Premium plugin. -->","yoast_head_json":{"title":"Piel Perfecta 30 Comprimidos - Physalis - Lifenatura","description":"Perfect Skin Physalis - suplemento con Eternalyoung\u00ae, aloe vera, vitamina C, zinc y s\u00edlice para reafirmar, elastificar e iluminar la piel.","robots":{"index":"index","follow":"follow","max-snippet":"max-snippet:-1","max-image-preview":"max-image-preview:large","max-video-preview":"max-video-preview:-1"},"canonical":"https:\/\/www.lifenatura.com\/es\/produto\/piel-perfecta-30-comprimidos-physalis\/","og_locale":"es_ES","og_type":"article","og_title":"Piel Perfecta 30 Comprimidos - Physalis - Lifenatura","og_description":"Compre aqui o seu Piel Perfecta 30 Comprimidos - Physalis e a Lifenatura Online envia em 48 H com Portes Gratis >35\u20ac de Pedido.","og_url":"https:\/\/www.lifenatura.com\/es\/produto\/piel-perfecta-30-comprimidos-physalis\/","og_site_name":"Lifenatura","article_publisher":"https:\/\/www.facebook.com\/lifenatura","article_modified_time":"2025-12-03T19:24:41+00:00","og_image":[{"width":1000,"height":1000,"url":"https:\/\/www.lifenatura.com\/wp-content\/uploads\/2025\/10\/perfect-skin-physalis.jpg","type":"image\/jpeg"}],"twitter_card":"summary_large_image","twitter_misc":{"Precio":"21,90&nbsp;&euro;","Disponibilidad":"Disponible"},"schema":{"@context":"https:\/\/schema.org","@graph":[{"@type":"WebPage","@id":"https:\/\/www.lifenatura.com\/es\/produto\/piel-perfecta-30-comprimidos-physalis\/","url":"https:\/\/www.lifenatura.com\/es\/produto\/piel-perfecta-30-comprimidos-physalis\/","name":"Piel Perfecta 30 Comprimidos - Physalis - Lifenatura","isPartOf":{"@id":"https:\/\/www.lifenatura.com\/es\/#website"},"primaryImageOfPage":{"@id":"https:\/\/www.lifenatura.com\/es\/produto\/piel-perfecta-30-comprimidos-physalis\/#primaryimage"},"image":{"@id":"https:\/\/www.lifenatura.com\/es\/produto\/piel-perfecta-30-comprimidos-physalis\/#primaryimage"},"thumbnailUrl":"https:\/\/www.lifenatura.com\/wp-content\/uploads\/2025\/10\/perfect-skin-physalis.jpg","datePublished":"2025-10-28T20:12:14+00:00","dateModified":"2025-12-03T19:24:41+00:00","description":"Perfect Skin Physalis - suplemento con Eternalyoung\u00ae, aloe vera, vitamina C, zinc y s\u00edlice para reafirmar, elastificar e iluminar la piel.","breadcrumb":{"@id":"https:\/\/www.lifenatura.com\/es\/produto\/piel-perfecta-30-comprimidos-physalis\/#breadcrumb"},"inLanguage":"es","potentialAction":[{"@type":"ReadAction","target":["https:\/\/www.lifenatura.com\/es\/produto\/piel-perfecta-30-comprimidos-physalis\/"]}]},{"@type":"ImageObject","inLanguage":"es","@id":"https:\/\/www.lifenatura.com\/es\/produto\/piel-perfecta-30-comprimidos-physalis\/#primaryimage","url":"https:\/\/www.lifenatura.com\/wp-content\/uploads\/2025\/10\/perfect-skin-physalis.jpg","contentUrl":"https:\/\/www.lifenatura.com\/wp-content\/uploads\/2025\/10\/perfect-skin-physalis.jpg","width":1000,"height":1000},{"@type":"BreadcrumbList","@id":"https:\/\/www.lifenatura.com\/es\/produto\/piel-perfecta-30-comprimidos-physalis\/#breadcrumb","itemListElement":[{"@type":"ListItem","position":1,"name":"In\u00edcio","item":"https:\/\/www.lifenatura.com\/es\/"},{"@type":"ListItem","position":2,"name":"Todos los Productos","item":"https:\/\/www.lifenatura.com\/es\/tienda\/"},{"@type":"ListItem","position":3,"name":"Piel Perfecta 30 Comprimidos &#8211; Physalis"}]},{"@type":"WebSite","@id":"https:\/\/www.lifenatura.com\/es\/#website","url":"https:\/\/www.lifenatura.com\/es\/","name":"Lifenatura","description":"A Lifenatura \u00e9 uma loja de produtos naturais, cosm\u00e9tica natural e alimenta\u00e7\u00e3o Biol\u00f3gica.","publisher":{"@id":"https:\/\/www.lifenatura.com\/es\/#organization"},"potentialAction":[{"@type":"SearchAction","target":{"@type":"EntryPoint","urlTemplate":"https:\/\/www.lifenatura.com\/es\/?s={search_term_string}"},"query-input":{"@type":"PropertyValueSpecification","valueRequired":true,"valueName":"search_term_string"}}],"inLanguage":"es"},{"@type":"Organization","@id":"https:\/\/www.lifenatura.com\/es\/#organization","name":"Lifenatura","url":"https:\/\/www.lifenatura.com\/es\/","logo":{"@type":"ImageObject","inLanguage":"es","@id":"https:\/\/www.lifenatura.com\/es\/#\/schema\/logo\/image\/","url":"https:\/\/www.lifenatura.com\/wp-content\/uploads\/2021\/07\/logo.png","contentUrl":"https:\/\/www.lifenatura.com\/wp-content\/uploads\/2021\/07\/logo.png","width":175,"height":55,"caption":"Lifenatura"},"image":{"@id":"https:\/\/www.lifenatura.com\/es\/#\/schema\/logo\/image\/"},"sameAs":["https:\/\/www.facebook.com\/lifenatura","https:\/\/www.instagram.com\/lifenaturapt\/"],"hasMerchantReturnPolicy":{"@type":"MerchantReturnPolicy","merchantReturnLink":"https:\/\/www.lifenatura.com\/termos-condicoes-lifenatura\/"}}]},"product_price_amount":"21.90","product_price_currency":"EUR","og_availability":"instock","product_availability":"instock","product_retailer_item_id":"5412360021239","product_condition":"new"},"df_price":21.9,"df_sale_price":"","df_regular_price":21.9,"df_image_link":"https:\/\/www.lifenatura.com\/wp-content\/uploads\/2025\/10\/perfect-skin-physalis-300x300.jpg","_links":{"self":[{"href":"https:\/\/www.lifenatura.com\/es\/wp-json\/wp\/v2\/product\/122195","targetHints":{"allow":["GET"]}}],"collection":[{"href":"https:\/\/www.lifenatura.com\/es\/wp-json\/wp\/v2\/product"}],"about":[{"href":"https:\/\/www.lifenatura.com\/es\/wp-json\/wp\/v2\/types\/product"}],"wp:featuredmedia":[{"embeddable":true,"href":"https:\/\/www.lifenatura.com\/es\/wp-json\/wp\/v2\/media\/119982"}],"wp:attachment":[{"href":"https:\/\/www.lifenatura.com\/es\/wp-json\/wp\/v2\/media?parent=122195"}],"wp:term":[{"taxonomy":"product_brand","embeddable":true,"href":"https:\/\/www.lifenatura.com\/es\/wp-json\/wp\/v2\/product_brand?post=122195"},{"taxonomy":"product_cat","embeddable":true,"href":"https:\/\/www.lifenatura.com\/es\/wp-json\/wp\/v2\/product_cat?post=122195"},{"taxonomy":"product_tag","embeddable":true,"href":"https:\/\/www.lifenatura.com\/es\/wp-json\/wp\/v2\/product_tag?post=122195"}],"curies":[{"name":"wp","href":"https:\/\/api.w.org\/{rel}","templated":true}]}}