{"id":122194,"date":"2025-10-28T20:12:13","date_gmt":"2025-10-28T20:12:13","guid":{"rendered":"https:\/\/www.lifenatura.com\/produto\/espino-amarillo-30-capsulas-physalis\/"},"modified":"2025-12-03T19:25:17","modified_gmt":"2025-12-03T19:25:17","slug":"espino-amarillo-30-capsulas-physalis","status":"publish","type":"product","link":"https:\/\/www.lifenatura.com\/es\/produto\/espino-amarillo-30-capsulas-physalis\/","title":{"rendered":"Espino Amarillo 30 C\u00e1psulas &#8211; Physalis"},"content":{"rendered":"<h2 style=\"text-align: left;\" data-start=\"0\" data-end=\"77\"><strong data-start=\"3\" data-end=\"77\">Espino amarillo &#8211; Physalis<\/strong><\/h2>\n<p>&nbsp;<\/p>\n<p data-start=\"79\" data-end=\"591\">El suplemento <strong data-start=\"92\" data-end=\"135\">Espino Amarillo de Physalis (30 c\u00e1psulas)<\/strong> se basa en aceite ecol\u00f3gico extra\u00eddo de las bayas anaranjadas del <strong data-start=\"92\" data-end=\"135\">espino amarillo<\/strong>, rico en \u00e1cido palmitoleico, un omega-7 esencial para la salud de la piel, las mucosas y las barreras naturales del organismo. Al integrar este suplemento en tu rutina diaria, estar\u00e1s proporcionando a tu cuerpo nutrientes vitales que ayudan a mantener la piel nutrida desde el interior y a reforzar sus defensas naturales.<\/p>\n<p data-start=\"626\" data-end=\"1073\">Espino Amarillo Bio contiene aceite de bayas de espino amarillo extra\u00eddo org\u00e1nicamente, naturalmente rico en \u00e1cido palmitoleico, un \u00e1cido graso poco frecuente e importante constituyente del sebo y las mucosas. Este aceite act\u00faa desde dentro hacia fuera, favoreciendo la integridad de la piel y las mucosas, y contribuyendo a la hidrataci\u00f3n y el funcionamiento saludable de los tejidos cut\u00e1neos y las mucosas.<\/p>\n<p data-start=\"1075\" data-end=\"1102\">Principales ventajas<\/p>\n<ul data-start=\"1103\" data-end=\"1923\">\n<li data-start=\"1103\" data-end=\"1283\">\n<p data-start=\"1105\" data-end=\"1283\"><strong data-start=\"1105\" data-end=\"1132\">Piel sana y nutrida<\/strong>: el \u00e1cido palmitoleico ayuda a mantener la hidrataci\u00f3n y la flexibilidad de la piel, reforzando su barrera natural.<\/p>\n<\/li>\n<li data-start=\"1284\" data-end=\"1473\">\n<p data-start=\"1286\" data-end=\"1473\">Apoyo a las mucosas <strong data-start=\"1286\" data-end=\"1327\">y bienestar ocular<\/strong>: el aceite contribuye a la salud de las mucosas y puede ser un aliado en casos de sequedad ocular o de las mucosas.<\/p>\n<\/li>\n<li data-start=\"1474\" data-end=\"1705\">\n<p data-start=\"1476\" data-end=\"1705\"><strong data-start=\"1476\" data-end=\"1511\">Antioxidantes y protecci\u00f3n celular<\/strong>: los componentes bioactivos ayudan a proteger las c\u00e9lulas contra los radicales libres, contribuyendo a la salud general y ralentizando el envejecimiento celular.<\/p>\n<\/li>\n<li data-start=\"1706\" data-end=\"1923\">\n<p data-start=\"1708\" data-end=\"1923\"><strong data-start=\"1708\" data-end=\"1744\">Mantener la vitalidad interna<\/strong>: al nutrir la piel y las mucosas, contribuye al equilibrio general del organismo, apoyando tambi\u00e9n el sistema inmunitario y la salud vascular.<\/p>\n<\/li>\n<\/ul>\n<p data-start=\"1925\" data-end=\"1944\"><strong>Adecuado para<\/strong><\/p>\n<p data-start=\"1945\" data-end=\"1989\">El espino amarillo es adecuado para adultos que:<\/p>\n<ul data-start=\"1990\" data-end=\"2298\">\n<li data-start=\"1990\" data-end=\"2059\">\n<p data-start=\"1992\" data-end=\"2059\">Quieren promover <strong data-start=\"2013\" data-end=\"2056\">una piel m\u00e1s sana, suave y equilibrada<\/strong>.<\/p>\n<\/li>\n<li data-start=\"2060\" data-end=\"2138\">\n<p data-start=\"2062\" data-end=\"2138\">Sufren <strong data-start=\"2073\" data-end=\"2110\">sequedad de mucosas o de ojos<\/strong> y buscan una ayuda natural.<\/p>\n<\/li>\n<li data-start=\"2139\" data-end=\"2211\">\n<p data-start=\"2141\" data-end=\"2211\">Quieren <strong data-start=\"2148\" data-end=\"2208\">reforzar su defensa antioxidante y su resistencia celular<\/strong>.<\/p>\n<\/li>\n<li data-start=\"2212\" data-end=\"2298\">\n<p data-start=\"2214\" data-end=\"2298\">Buscan un suplemento natural para mantener la vitalidad, la belleza y el bienestar general.<\/p>\n<\/li>\n<\/ul>\n<p><strong>Presentaci\u00f3n:<\/strong><\/p>\n<p>30 c\u00e1psulas.<\/p>\n<p>&nbsp;<\/p>\n","protected":false},"excerpt":{"rendered":"<p>Espino Amarillo Physalis &#8211; c\u00e1psulas con aceite de espino amarillo rico en omega-7 para una piel nutrida, mucosas sanas y protecci\u00f3n antioxidante. [&#8230;]<\/p>\n<p><a class=\"btn btn-secondary understrap-read-more-link\" href=\"https:\/\/www.lifenatura.com\/es\/produto\/espino-amarillo-30-capsulas-physalis\/\">Leer m\u00e1s&#8230;<span class=\"screen-reader-text\"> from Espino Amarillo 30 C\u00e1psulas &#8211; Physalis<\/span><\/a><\/p>\n","protected":false},"featured_media":119974,"template":"","meta":{"_acf_changed":false},"product_brand":[8318],"product_cat":[7239,7179,7883],"product_tag":[],"class_list":{"0":"post-122194","1":"product","2":"type-product","3":"status-publish","4":"has-post-thumbnail","6":"product_brand-physalis-es","7":"product_cat-cuidado-de-la-piel","8":"product_cat-salud","9":"product_cat-suplementos-alimenticios","11":"first","12":"instock","13":"shipping-taxable","14":"purchasable","15":"product-type-simple","16":"add-to-wishlist-before_image"},"acf":[],"yoast_head":"<!-- This site is optimized with the Yoast SEO Premium plugin v27.1 (Yoast SEO v27.4) - https:\/\/yoast.com\/product\/yoast-seo-premium-wordpress\/ -->\n<title>Espino Amarillo 30 C\u00e1psulas - Physalis - Lifenatura<\/title>\n<meta name=\"description\" content=\"Espino Amarillo Physalis - c\u00e1psulas con aceite de espino amarillo rico en omega-7 para una piel nutrida, mucosas sanas y protecci\u00f3n antioxidante.\" \/>\n<meta name=\"robots\" content=\"index, follow, max-snippet:-1, max-image-preview:large, max-video-preview:-1\" \/>\n<link rel=\"canonical\" href=\"https:\/\/www.lifenatura.com\/es\/produto\/espino-amarillo-30-capsulas-physalis\/\" \/>\n<meta property=\"og:locale\" content=\"es_ES\" \/>\n<meta property=\"og:type\" content=\"article\" \/>\n<meta property=\"og:title\" content=\"Espino Amarillo 30 C\u00e1psulas - Physalis - Lifenatura\" \/>\n<meta property=\"og:description\" content=\"Compre aqui o seu Espino Amarillo 30 C\u00e1psulas - Physalis e a Lifenatura Online envia em 48 H com Portes Gratis &gt;35\u20ac de Pedido.\" \/>\n<meta property=\"og:url\" content=\"https:\/\/www.lifenatura.com\/es\/produto\/espino-amarillo-30-capsulas-physalis\/\" \/>\n<meta property=\"og:site_name\" content=\"Lifenatura\" \/>\n<meta property=\"article:publisher\" content=\"https:\/\/www.facebook.com\/lifenatura\" \/>\n<meta property=\"article:modified_time\" content=\"2025-12-03T19:25:17+00:00\" \/>\n<meta property=\"og:image\" content=\"https:\/\/www.lifenatura.com\/wp-content\/uploads\/2025\/10\/sea-buckthorn-physalis.jpg\" \/>\n\t<meta property=\"og:image:width\" content=\"1000\" \/>\n\t<meta property=\"og:image:height\" content=\"1000\" \/>\n\t<meta property=\"og:image:type\" content=\"image\/jpeg\" \/>\n<meta name=\"twitter:card\" content=\"summary_large_image\" \/>\n<meta name=\"twitter:label1\" content=\"Precio\" \/>\n\t<meta name=\"twitter:data1\" content=\"24,70&nbsp;&euro;\" \/>\n\t<meta name=\"twitter:label2\" content=\"Disponibilidad\" \/>\n\t<meta name=\"twitter:data2\" content=\"Disponible\" \/>\n<meta property=\"product:price:amount\" content=\"24.70\" \/>\n<meta property=\"product:price:currency\" content=\"EUR\" \/>\n<meta property=\"og:availability\" content=\"instock\" \/>\n<meta property=\"product:availability\" content=\"instock\" \/>\n<meta property=\"product:retailer_item_id\" content=\"5412360024124\" \/>\n<meta property=\"product:condition\" content=\"new\" \/>\n<!-- \/ Yoast SEO Premium plugin. -->","yoast_head_json":{"title":"Espino Amarillo 30 C\u00e1psulas - Physalis - Lifenatura","description":"Espino Amarillo Physalis - c\u00e1psulas con aceite de espino amarillo rico en omega-7 para una piel nutrida, mucosas sanas y protecci\u00f3n antioxidante.","robots":{"index":"index","follow":"follow","max-snippet":"max-snippet:-1","max-image-preview":"max-image-preview:large","max-video-preview":"max-video-preview:-1"},"canonical":"https:\/\/www.lifenatura.com\/es\/produto\/espino-amarillo-30-capsulas-physalis\/","og_locale":"es_ES","og_type":"article","og_title":"Espino Amarillo 30 C\u00e1psulas - Physalis - Lifenatura","og_description":"Compre aqui o seu Espino Amarillo 30 C\u00e1psulas - Physalis e a Lifenatura Online envia em 48 H com Portes Gratis >35\u20ac de Pedido.","og_url":"https:\/\/www.lifenatura.com\/es\/produto\/espino-amarillo-30-capsulas-physalis\/","og_site_name":"Lifenatura","article_publisher":"https:\/\/www.facebook.com\/lifenatura","article_modified_time":"2025-12-03T19:25:17+00:00","og_image":[{"width":1000,"height":1000,"url":"https:\/\/www.lifenatura.com\/wp-content\/uploads\/2025\/10\/sea-buckthorn-physalis.jpg","type":"image\/jpeg"}],"twitter_card":"summary_large_image","twitter_misc":{"Precio":"24,70&nbsp;&euro;","Disponibilidad":"Disponible"},"schema":{"@context":"https:\/\/schema.org","@graph":[{"@type":"WebPage","@id":"https:\/\/www.lifenatura.com\/es\/produto\/espino-amarillo-30-capsulas-physalis\/","url":"https:\/\/www.lifenatura.com\/es\/produto\/espino-amarillo-30-capsulas-physalis\/","name":"Espino Amarillo 30 C\u00e1psulas - Physalis - Lifenatura","isPartOf":{"@id":"https:\/\/www.lifenatura.com\/es\/#website"},"primaryImageOfPage":{"@id":"https:\/\/www.lifenatura.com\/es\/produto\/espino-amarillo-30-capsulas-physalis\/#primaryimage"},"image":{"@id":"https:\/\/www.lifenatura.com\/es\/produto\/espino-amarillo-30-capsulas-physalis\/#primaryimage"},"thumbnailUrl":"https:\/\/www.lifenatura.com\/wp-content\/uploads\/2025\/10\/sea-buckthorn-physalis.jpg","datePublished":"2025-10-28T20:12:13+00:00","dateModified":"2025-12-03T19:25:17+00:00","description":"Espino Amarillo Physalis - c\u00e1psulas con aceite de espino amarillo rico en omega-7 para una piel nutrida, mucosas sanas y protecci\u00f3n antioxidante.","breadcrumb":{"@id":"https:\/\/www.lifenatura.com\/es\/produto\/espino-amarillo-30-capsulas-physalis\/#breadcrumb"},"inLanguage":"es","potentialAction":[{"@type":"ReadAction","target":["https:\/\/www.lifenatura.com\/es\/produto\/espino-amarillo-30-capsulas-physalis\/"]}]},{"@type":"ImageObject","inLanguage":"es","@id":"https:\/\/www.lifenatura.com\/es\/produto\/espino-amarillo-30-capsulas-physalis\/#primaryimage","url":"https:\/\/www.lifenatura.com\/wp-content\/uploads\/2025\/10\/sea-buckthorn-physalis.jpg","contentUrl":"https:\/\/www.lifenatura.com\/wp-content\/uploads\/2025\/10\/sea-buckthorn-physalis.jpg","width":1000,"height":1000},{"@type":"BreadcrumbList","@id":"https:\/\/www.lifenatura.com\/es\/produto\/espino-amarillo-30-capsulas-physalis\/#breadcrumb","itemListElement":[{"@type":"ListItem","position":1,"name":"In\u00edcio","item":"https:\/\/www.lifenatura.com\/es\/"},{"@type":"ListItem","position":2,"name":"Todos los Productos","item":"https:\/\/www.lifenatura.com\/es\/tienda\/"},{"@type":"ListItem","position":3,"name":"Espino Amarillo 30 C\u00e1psulas &#8211; Physalis"}]},{"@type":"WebSite","@id":"https:\/\/www.lifenatura.com\/es\/#website","url":"https:\/\/www.lifenatura.com\/es\/","name":"Lifenatura","description":"A Lifenatura \u00e9 uma loja de produtos naturais, cosm\u00e9tica natural e alimenta\u00e7\u00e3o Biol\u00f3gica.","publisher":{"@id":"https:\/\/www.lifenatura.com\/es\/#organization"},"potentialAction":[{"@type":"SearchAction","target":{"@type":"EntryPoint","urlTemplate":"https:\/\/www.lifenatura.com\/es\/?s={search_term_string}"},"query-input":{"@type":"PropertyValueSpecification","valueRequired":true,"valueName":"search_term_string"}}],"inLanguage":"es"},{"@type":"Organization","@id":"https:\/\/www.lifenatura.com\/es\/#organization","name":"Lifenatura","url":"https:\/\/www.lifenatura.com\/es\/","logo":{"@type":"ImageObject","inLanguage":"es","@id":"https:\/\/www.lifenatura.com\/es\/#\/schema\/logo\/image\/","url":"https:\/\/www.lifenatura.com\/wp-content\/uploads\/2021\/11\/logo.png","contentUrl":"https:\/\/www.lifenatura.com\/wp-content\/uploads\/2021\/11\/logo.png","width":175,"height":55,"caption":"Lifenatura"},"image":{"@id":"https:\/\/www.lifenatura.com\/es\/#\/schema\/logo\/image\/"},"sameAs":["https:\/\/www.facebook.com\/lifenatura","https:\/\/www.instagram.com\/lifenaturapt\/"]}]},"product_price_amount":"24.70","product_price_currency":"EUR","og_availability":"instock","product_availability":"instock","product_retailer_item_id":"5412360024124","product_condition":"new"},"df_price":24.7,"df_sale_price":"","df_regular_price":24.7,"df_image_link":"https:\/\/www.lifenatura.com\/wp-content\/uploads\/2025\/10\/sea-buckthorn-physalis-300x300.jpg","_links":{"self":[{"href":"https:\/\/www.lifenatura.com\/es\/wp-json\/wp\/v2\/product\/122194","targetHints":{"allow":["GET"]}}],"collection":[{"href":"https:\/\/www.lifenatura.com\/es\/wp-json\/wp\/v2\/product"}],"about":[{"href":"https:\/\/www.lifenatura.com\/es\/wp-json\/wp\/v2\/types\/product"}],"wp:featuredmedia":[{"embeddable":true,"href":"https:\/\/www.lifenatura.com\/es\/wp-json\/wp\/v2\/media\/119974"}],"wp:attachment":[{"href":"https:\/\/www.lifenatura.com\/es\/wp-json\/wp\/v2\/media?parent=122194"}],"wp:term":[{"taxonomy":"product_brand","embeddable":true,"href":"https:\/\/www.lifenatura.com\/es\/wp-json\/wp\/v2\/product_brand?post=122194"},{"taxonomy":"product_cat","embeddable":true,"href":"https:\/\/www.lifenatura.com\/es\/wp-json\/wp\/v2\/product_cat?post=122194"},{"taxonomy":"product_tag","embeddable":true,"href":"https:\/\/www.lifenatura.com\/es\/wp-json\/wp\/v2\/product_tag?post=122194"}],"curies":[{"name":"wp","href":"https:\/\/api.w.org\/{rel}","templated":true}]}}