{"id":121765,"date":"2025-09-25T06:18:56","date_gmt":"2025-09-25T06:18:56","guid":{"rendered":"https:\/\/www.lifenatura.com\/produto\/aceite-de-onagra-1000mg-90-perlas-sakai\/"},"modified":"2025-11-19T08:25:05","modified_gmt":"2025-11-19T08:25:05","slug":"aceite-de-onagra-1000mg-90-perlas-sakai","status":"publish","type":"product","link":"https:\/\/www.lifenatura.com\/es\/produto\/aceite-de-onagra-1000mg-90-perlas-sakai\/","title":{"rendered":"Aceite de Onagra 1000mg 90 Perlas &#8211; Sakai"},"content":{"rendered":"<h2 style=\"text-align: left;\" data-start=\"196\" data-end=\"276\">Aceite de onagra 1000mg &#8211; Sakai<\/h2>\n<p>&nbsp;<\/p>\n<p data-start=\"278\" data-end=\"724\"><strong data-start=\"280\" data-end=\"325\">El Aceite de Onagra de Sakai 1000mg 90 Perlas<\/strong> es un suplemento natural altamente concentrado obtenido de las semillas de la planta <em data-start=\"411\" data-end=\"430\">Oenothera biennis<\/em>, conocida por sus propiedades <strong data-start=\"466\" data-end=\"522\">reguladoras de las hormonas y protectoras de la piel<\/strong>. Rico en <strong data-start=\"532\" data-end=\"568\">\u00e1cidos grasos esenciales omega-6<\/strong>, especialmente <strong data-start=\"584\" data-end=\"615\">\u00e1cido gamma-linol\u00e9nico (GLA)<\/strong>, este aceite ayuda a promover <strong data-start=\"646\" data-end=\"721\">el equilibrio hormonal, el bienestar femenino y la salud de la piel y el cabello<\/strong>.<\/p>\n<p data-start=\"726\" data-end=\"1187\"><strong data-start=\"728\" data-end=\"752\">El Aceite de Onagra Sakai<\/strong> es un excelente aliado para <strong data-start=\"780\" data-end=\"830\">aliviar los s\u00edntomas de la tensi\u00f3n premenstrual (SPM<\/strong>), como la irritabilidad, la sensibilidad mamaria o las molestias abdominales, y tambi\u00e9n contribuye al bienestar durante la <strong data-start=\"946\" data-end=\"959\">menopausia<\/strong>, ayudando a reducir los sofocos y los cambios de humor. Gracias a sus propiedades antiinflamatorias, tambi\u00e9n es beneficioso para <strong data-start=\"1093\" data-end=\"1129\">la salud de las articulaciones y la piel<\/strong>, ayudando a mantener su hidrataci\u00f3n y elasticidad naturales.<\/p>\n<p data-start=\"1189\" data-end=\"1305\">Las <strong data-start=\"1192\" data-end=\"1213\">perlas de 1000 mg<\/strong> garantizan una dosis eficaz y una absorci\u00f3n \u00f3ptima, por lo que son ideales para el uso diario y a largo plazo.<\/p>\n<p data-start=\"1307\" data-end=\"1364\"><strong>Principales beneficios del Aceite de Onagra 1000mg Sakai:<\/strong><\/p>\n<ul data-start=\"1365\" data-end=\"1631\">\n<li data-start=\"1365\" data-end=\"1420\">\n<p data-start=\"1367\" data-end=\"1420\"><strong data-start=\"1367\" data-end=\"1418\">Ayuda a equilibrar el sistema hormonal femenino.<\/strong><\/p>\n<\/li>\n<li data-start=\"1421\" data-end=\"1466\">\n<p data-start=\"1423\" data-end=\"1466\"><strong data-start=\"1423\" data-end=\"1464\">Reduce los s\u00edntomas del s\u00edndrome premenstrual y la menopausia.<\/strong><\/p>\n<\/li>\n<li data-start=\"1467\" data-end=\"1519\">\n<p data-start=\"1469\" data-end=\"1519\"><strong data-start=\"1469\" data-end=\"1517\">Mejora la hidrataci\u00f3n y la elasticidad de la piel.<\/strong><\/p>\n<\/li>\n<li data-start=\"1520\" data-end=\"1568\">\n<p data-start=\"1522\" data-end=\"1568\"><strong data-start=\"1522\" data-end=\"1566\">Favorece el bienestar emocional y f\u00edsico.<\/strong><\/p>\n<\/li>\n<li data-start=\"1569\" data-end=\"1631\">\n<p data-start=\"1571\" data-end=\"1631\"><strong data-start=\"1571\" data-end=\"1610\">Rico en \u00e1cido gamma-linol\u00e9nico (GLA<\/strong> ) de origen natural.<\/p>\n<\/li>\n<\/ul>\n<p data-start=\"1633\" data-end=\"1663\"><strong>\u00bfA qui\u00e9n va dirigido?<\/strong><\/p>\n<p data-start=\"1664\" data-end=\"1974\"><strong data-start=\"1666\" data-end=\"1697\">El Aceite de Onagra Sakai 1000 mg<\/strong> es adecuado para <strong data-start=\"1714\" data-end=\"1745\">mujeres de todas las edades<\/strong> que desean mantener el equilibrio hormonal y aliviar las molestias menstruales o de la menopausia. Tambi\u00e9n es ideal para quienes buscan <strong data-start=\"1871\" data-end=\"1919\">mejorar el aspecto de la piel, el cabello y las u\u00f1as<\/strong>, fomentando la belleza y la vitalidad desde el interior.<\/p>\n<p data-start=\"1976\" data-end=\"2091\">Con su acci\u00f3n reguladora y nutritiva, es el aliado perfecto para la <strong data-start=\"2040\" data-end=\"2088\">armon\u00eda, el bienestar y la salud femenina natural<\/strong>.<\/p>\n<p data-start=\"1976\" data-end=\"2091\"><strong>Presentaci\u00f3n:<\/strong><\/p>\n<p data-start=\"1976\" data-end=\"2091\">90 comprimidos.<\/p>\n<p data-start=\"1976\" data-end=\"2091\">\n","protected":false},"excerpt":{"rendered":"<p>Aceite de onagra 1000mg Sakai &#8211; suplemento rico en omega-6 y GLA. Regula el sistema hormonal, alivia los s\u00edntomas del s\u00edndrome premenstrual y la menopausia y mejora la piel y el cabello. [&#8230;]<\/p>\n<p><a class=\"btn btn-secondary understrap-read-more-link\" href=\"https:\/\/www.lifenatura.com\/es\/produto\/aceite-de-onagra-1000mg-90-perlas-sakai\/\">Leer m\u00e1s&#8230;<span class=\"screen-reader-text\"> from Aceite de Onagra 1000mg 90 Perlas &#8211; Sakai<\/span><\/a><\/p>\n","protected":false},"featured_media":117739,"template":"","meta":{"_acf_changed":false},"product_brand":[8375],"product_cat":[7243,7179,7244,7883],"product_tag":[],"class_list":{"0":"post-121765","1":"product","2":"type-product","3":"status-publish","4":"has-post-thumbnail","6":"product_brand-sakai","7":"product_cat-menopausia","8":"product_cat-salud","9":"product_cat-salud-de-la-mujer","10":"product_cat-suplementos-alimenticios","12":"first","13":"instock","14":"shipping-taxable","15":"purchasable","16":"product-type-simple","17":"add-to-wishlist-before_image"},"acf":[],"yoast_head":"<!-- This site is optimized with the Yoast SEO Premium plugin v27.1 (Yoast SEO v27.4) - https:\/\/yoast.com\/product\/yoast-seo-premium-wordpress\/ -->\n<title>Aceite de Onagra 1000mg 90 Perlas - Sakai - Lifenatura<\/title>\n<meta name=\"description\" content=\"Aceite de onagra 1000mg Sakai suplemento rico en omega-6 y GLA. Regula el sistema hormonal, alivia los s\u00edntomas del s\u00edndrome premenstrual y la menopausia\" \/>\n<meta name=\"robots\" content=\"index, follow, max-snippet:-1, max-image-preview:large, max-video-preview:-1\" \/>\n<link rel=\"canonical\" href=\"https:\/\/www.lifenatura.com\/es\/produto\/aceite-de-onagra-1000mg-90-perlas-sakai\/\" \/>\n<meta property=\"og:locale\" content=\"es_ES\" \/>\n<meta property=\"og:type\" content=\"article\" \/>\n<meta property=\"og:title\" content=\"Aceite de Onagra 1000mg 90 Perlas - Sakai - Lifenatura\" \/>\n<meta property=\"og:description\" content=\"Compre aqui o seu Aceite de Onagra 1000mg 90 Perlas - Sakai e a Lifenatura Online envia em 48 H com Portes Gratis &gt;35\u20ac de Pedido.\" \/>\n<meta property=\"og:url\" content=\"https:\/\/www.lifenatura.com\/es\/produto\/aceite-de-onagra-1000mg-90-perlas-sakai\/\" \/>\n<meta property=\"og:site_name\" content=\"Lifenatura\" \/>\n<meta property=\"article:publisher\" content=\"https:\/\/www.facebook.com\/lifenatura\" \/>\n<meta property=\"article:modified_time\" content=\"2025-11-19T08:25:05+00:00\" \/>\n<meta property=\"og:image\" content=\"https:\/\/www.lifenatura.com\/wp-content\/uploads\/2025\/09\/onagra-1000-mg-90-perlas-sakai.jpg\" \/>\n\t<meta property=\"og:image:width\" content=\"1000\" \/>\n\t<meta property=\"og:image:height\" content=\"1000\" \/>\n\t<meta property=\"og:image:type\" content=\"image\/jpeg\" \/>\n<meta name=\"twitter:card\" content=\"summary_large_image\" \/>\n<meta name=\"twitter:label1\" content=\"Precio\" \/>\n\t<meta name=\"twitter:data1\" content=\"27,91&nbsp;&euro;\" \/>\n\t<meta name=\"twitter:label2\" content=\"Disponibilidad\" \/>\n\t<meta name=\"twitter:data2\" content=\"Disponible\" \/>\n<meta property=\"product:price:amount\" content=\"27.91\" \/>\n<meta property=\"product:price:currency\" content=\"EUR\" \/>\n<meta property=\"og:availability\" content=\"instock\" \/>\n<meta property=\"product:availability\" content=\"instock\" \/>\n<meta property=\"product:retailer_item_id\" content=\"8423245270335\" \/>\n<meta property=\"product:condition\" content=\"new\" \/>\n<!-- \/ Yoast SEO Premium plugin. -->","yoast_head_json":{"title":"Aceite de Onagra 1000mg 90 Perlas - Sakai - Lifenatura","description":"Aceite de onagra 1000mg Sakai suplemento rico en omega-6 y GLA. Regula el sistema hormonal, alivia los s\u00edntomas del s\u00edndrome premenstrual y la menopausia","robots":{"index":"index","follow":"follow","max-snippet":"max-snippet:-1","max-image-preview":"max-image-preview:large","max-video-preview":"max-video-preview:-1"},"canonical":"https:\/\/www.lifenatura.com\/es\/produto\/aceite-de-onagra-1000mg-90-perlas-sakai\/","og_locale":"es_ES","og_type":"article","og_title":"Aceite de Onagra 1000mg 90 Perlas - Sakai - Lifenatura","og_description":"Compre aqui o seu Aceite de Onagra 1000mg 90 Perlas - Sakai e a Lifenatura Online envia em 48 H com Portes Gratis >35\u20ac de Pedido.","og_url":"https:\/\/www.lifenatura.com\/es\/produto\/aceite-de-onagra-1000mg-90-perlas-sakai\/","og_site_name":"Lifenatura","article_publisher":"https:\/\/www.facebook.com\/lifenatura","article_modified_time":"2025-11-19T08:25:05+00:00","og_image":[{"width":1000,"height":1000,"url":"https:\/\/www.lifenatura.com\/wp-content\/uploads\/2025\/09\/onagra-1000-mg-90-perlas-sakai.jpg","type":"image\/jpeg"}],"twitter_card":"summary_large_image","twitter_misc":{"Precio":"27,91&nbsp;&euro;","Disponibilidad":"Disponible"},"schema":{"@context":"https:\/\/schema.org","@graph":[{"@type":"WebPage","@id":"https:\/\/www.lifenatura.com\/es\/produto\/aceite-de-onagra-1000mg-90-perlas-sakai\/","url":"https:\/\/www.lifenatura.com\/es\/produto\/aceite-de-onagra-1000mg-90-perlas-sakai\/","name":"Aceite de Onagra 1000mg 90 Perlas - Sakai - Lifenatura","isPartOf":{"@id":"https:\/\/www.lifenatura.com\/#website"},"primaryImageOfPage":{"@id":"https:\/\/www.lifenatura.com\/es\/produto\/aceite-de-onagra-1000mg-90-perlas-sakai\/#primaryimage"},"image":{"@id":"https:\/\/www.lifenatura.com\/es\/produto\/aceite-de-onagra-1000mg-90-perlas-sakai\/#primaryimage"},"thumbnailUrl":"https:\/\/www.lifenatura.com\/wp-content\/uploads\/2025\/09\/onagra-1000-mg-90-perlas-sakai.jpg","datePublished":"2025-09-25T06:18:56+00:00","dateModified":"2025-11-19T08:25:05+00:00","description":"Aceite de onagra 1000mg Sakai suplemento rico en omega-6 y GLA. Regula el sistema hormonal, alivia los s\u00edntomas del s\u00edndrome premenstrual y la menopausia","breadcrumb":{"@id":"https:\/\/www.lifenatura.com\/es\/produto\/aceite-de-onagra-1000mg-90-perlas-sakai\/#breadcrumb"},"inLanguage":"es","potentialAction":[{"@type":"ReadAction","target":["https:\/\/www.lifenatura.com\/es\/produto\/aceite-de-onagra-1000mg-90-perlas-sakai\/"]}]},{"@type":"ImageObject","inLanguage":"es","@id":"https:\/\/www.lifenatura.com\/es\/produto\/aceite-de-onagra-1000mg-90-perlas-sakai\/#primaryimage","url":"https:\/\/www.lifenatura.com\/wp-content\/uploads\/2025\/09\/onagra-1000-mg-90-perlas-sakai.jpg","contentUrl":"https:\/\/www.lifenatura.com\/wp-content\/uploads\/2025\/09\/onagra-1000-mg-90-perlas-sakai.jpg","width":1000,"height":1000,"caption":"onagra borraja 90 sofgels da marca sakai"},{"@type":"BreadcrumbList","@id":"https:\/\/www.lifenatura.com\/es\/produto\/aceite-de-onagra-1000mg-90-perlas-sakai\/#breadcrumb","itemListElement":[{"@type":"ListItem","position":1,"name":"In\u00edcio","item":"https:\/\/www.lifenatura.com\/es\/"},{"@type":"ListItem","position":2,"name":"Todos los Productos","item":"https:\/\/www.lifenatura.com\/es\/tienda\/"},{"@type":"ListItem","position":3,"name":"Aceite de Onagra 1000mg 90 Perlas &#8211; Sakai"}]},{"@type":"WebSite","@id":"https:\/\/www.lifenatura.com\/#website","url":"https:\/\/www.lifenatura.com\/","name":"Lifenatura","description":"A Lifenatura \u00e9 uma loja de produtos naturais, cosm\u00e9tica natural e alimenta\u00e7\u00e3o Biol\u00f3gica.","publisher":{"@id":"https:\/\/www.lifenatura.com\/#organization"},"potentialAction":[{"@type":"SearchAction","target":{"@type":"EntryPoint","urlTemplate":"https:\/\/www.lifenatura.com\/?s={search_term_string}"},"query-input":{"@type":"PropertyValueSpecification","valueRequired":true,"valueName":"search_term_string"}}],"inLanguage":"es"},{"@type":"Organization","@id":"https:\/\/www.lifenatura.com\/#organization","name":"Lifenatura","url":"https:\/\/www.lifenatura.com\/","logo":{"@type":"ImageObject","inLanguage":"es","@id":"https:\/\/www.lifenatura.com\/#\/schema\/logo\/image\/","url":"https:\/\/www.lifenatura.com\/wp-content\/uploads\/2021\/11\/logo.png","contentUrl":"https:\/\/www.lifenatura.com\/wp-content\/uploads\/2021\/11\/logo.png","width":175,"height":55,"caption":"Lifenatura"},"image":{"@id":"https:\/\/www.lifenatura.com\/#\/schema\/logo\/image\/"},"sameAs":["https:\/\/www.facebook.com\/lifenatura","https:\/\/www.instagram.com\/lifenaturapt\/"]}]},"product_price_amount":"27.91","product_price_currency":"EUR","og_availability":"instock","product_availability":"instock","product_retailer_item_id":"8423245270335","product_condition":"new"},"df_price":27.91,"df_sale_price":"","df_regular_price":27.91,"df_image_link":"https:\/\/www.lifenatura.com\/wp-content\/uploads\/2025\/09\/onagra-1000-mg-90-perlas-sakai-300x300.jpg","_links":{"self":[{"href":"https:\/\/www.lifenatura.com\/es\/wp-json\/wp\/v2\/product\/121765","targetHints":{"allow":["GET"]}}],"collection":[{"href":"https:\/\/www.lifenatura.com\/es\/wp-json\/wp\/v2\/product"}],"about":[{"href":"https:\/\/www.lifenatura.com\/es\/wp-json\/wp\/v2\/types\/product"}],"wp:featuredmedia":[{"embeddable":true,"href":"https:\/\/www.lifenatura.com\/es\/wp-json\/wp\/v2\/media\/117739"}],"wp:attachment":[{"href":"https:\/\/www.lifenatura.com\/es\/wp-json\/wp\/v2\/media?parent=121765"}],"wp:term":[{"taxonomy":"product_brand","embeddable":true,"href":"https:\/\/www.lifenatura.com\/es\/wp-json\/wp\/v2\/product_brand?post=121765"},{"taxonomy":"product_cat","embeddable":true,"href":"https:\/\/www.lifenatura.com\/es\/wp-json\/wp\/v2\/product_cat?post=121765"},{"taxonomy":"product_tag","embeddable":true,"href":"https:\/\/www.lifenatura.com\/es\/wp-json\/wp\/v2\/product_tag?post=121765"}],"curies":[{"name":"wp","href":"https:\/\/api.w.org\/{rel}","templated":true}]}}