{"id":121764,"date":"2025-09-25T06:18:46","date_gmt":"2025-09-25T06:18:46","guid":{"rendered":"https:\/\/www.lifenatura.com\/produto\/melatonina-gotas-para-dormir-60ml-sakai\/"},"modified":"2025-11-21T07:14:44","modified_gmt":"2025-11-21T07:14:44","slug":"melatonina-gotas-para-dormir-60ml-sakai","status":"publish","type":"product","link":"https:\/\/www.lifenatura.com\/es\/produto\/melatonina-gotas-para-dormir-60ml-sakai\/","title":{"rendered":"Melatonina Gotas para dormir 60ml &#8211; Sakai"},"content":{"rendered":"<h2 style=\"text-align: left;\" data-start=\"183\" data-end=\"252\">Gotas de melatonina para dormir &#8211; Sakai<\/h2>\n<p>&nbsp;<\/p>\n<p data-start=\"254\" data-end=\"642\"><strong data-start=\"256\" data-end=\"296\">Las Gotas para Dormir Melatonina Sakai 60ml<\/strong> son un suplemento natural formulado para <strong data-start=\"336\" data-end=\"406\">ayudarte a conciliar el sue\u00f1o m\u00e1s r\u00e1pidamente y mejorar la calidad del sue\u00f1o<\/strong>, favoreciendo un descanso profundo y reparador. Su f\u00f3rmula con <strong data-start=\"471\" data-end=\"490\">melatonina pura<\/strong> act\u00faa de forma natural sobre el ritmo biol\u00f3gico del organismo, ayudando a regular el ciclo sue\u00f1o-vigilia y a restablecer el equilibrio del descanso diario.<\/p>\n<p data-start=\"644\" data-end=\"1048\"><strong data-start=\"646\" data-end=\"660\">La melatonina<\/strong> es una hormona producida naturalmente por el organismo y es esencial para controlar el sue\u00f1o. Sin embargo, el estr\u00e9s, el jet lag, el envejecimiento o la exposici\u00f3n a la luz artificial pueden reducir su producci\u00f3n, provocando dificultades para conciliar el sue\u00f1o o sue\u00f1o intranquilo. <strong data-start=\"927\" data-end=\"959\">Las Gotas para Dormir de Melatonina Sakai<\/strong> ayudan a compensar esta deficiencia, favoreciendo un sue\u00f1o natural y sin dependencia.<\/p>\n<p data-start=\"1050\" data-end=\"1267\">Gracias a su <strong data-start=\"1064\" data-end=\"1099\">formato l\u00edquido con cuentagotas<\/strong>, te permite ajustar f\u00e1cilmente la dosis y garantiza <strong data-start=\"1149\" data-end=\"1177\">una absorci\u00f3n r\u00e1pida y eficaz<\/strong>, por lo que es ideal para quienes buscan una soluci\u00f3n pr\u00e1ctica e inmediata para dormir mejor.<\/p>\n<p data-start=\"1269\" data-end=\"1327\"><strong>Principales beneficios de las Gotas para Dormir Melatonina Sakai:<\/strong><\/p>\n<ul data-start=\"1328\" data-end=\"1597\">\n<li data-start=\"1328\" data-end=\"1376\">\n<p data-start=\"1330\" data-end=\"1376\"><strong data-start=\"1330\" data-end=\"1374\">Reduce el tiempo que se tarda en conciliar el sue\u00f1o.<\/strong><\/p>\n<\/li>\n<li data-start=\"1377\" data-end=\"1423\">\n<p data-start=\"1379\" data-end=\"1423\"><strong data-start=\"1379\" data-end=\"1421\">Mejora la calidad y la duraci\u00f3n del sue\u00f1o.<\/strong><\/p>\n<\/li>\n<li data-start=\"1424\" data-end=\"1480\">\n<p data-start=\"1426\" data-end=\"1480\"><strong data-start=\"1426\" data-end=\"1478\">Ayuda a regular el ciclo natural de sue\u00f1o-vigilia.<\/strong><\/p>\n<\/li>\n<li data-start=\"1481\" data-end=\"1537\">\n<p data-start=\"1483\" data-end=\"1537\"><strong data-start=\"1483\" data-end=\"1535\">\u00datil en casos de desfase horario, estr\u00e9s e insomnio leve.<\/strong><\/p>\n<\/li>\n<li data-start=\"1538\" data-end=\"1597\">\n<p data-start=\"1540\" data-end=\"1597\"><strong data-start=\"1540\" data-end=\"1578\">F\u00f3rmula l\u00edquida de r\u00e1pida absorci\u00f3n<\/strong> y f\u00e1cil dosificaci\u00f3n.<\/p>\n<\/li>\n<\/ul>\n<p data-start=\"1599\" data-end=\"1629\"><strong>\u00bfA qui\u00e9n va dirigido?<\/strong><\/p>\n<p data-start=\"1630\" data-end=\"1911\"><strong data-start=\"1632\" data-end=\"1664\">Las Gotas de Melatonina para Dormir Sakai<\/strong> son adecuadas para <strong data-start=\"1681\" data-end=\"1775\">adultos que sufren dificultad para conciliar el sue\u00f1o, insomnio ocasional o trastornos del sue\u00f1o<\/strong>. Tambi\u00e9n es ideal para quienes viajan con frecuencia, tienen horarios irregulares o desean mejorar la calidad de su descanso de forma natural.<\/p>\n<p data-start=\"1913\" data-end=\"2019\">Con su acci\u00f3n suave y eficaz, es el aliado ideal para <strong data-start=\"1966\" data-end=\"2016\">un sue\u00f1o tranquilo, equilibrado y revitalizante<\/strong>.<\/p>\n<p data-start=\"1913\" data-end=\"2019\"><strong>Presentaci\u00f3n:<\/strong><\/p>\n<p data-start=\"1913\" data-end=\"2019\">60 ml<\/p>\n<p data-start=\"1913\" data-end=\"2019\">\n","protected":false},"excerpt":{"rendered":"<p>Gotas de Melatonina para Dormir Sakai &#8211; suplemento l\u00edquido natural con melatonina pura que te ayuda a conciliar el sue\u00f1o r\u00e1pidamente, mejora el sue\u00f1o y regula tu ritmo biol\u00f3gico. [&#8230;]<\/p>\n<p><a class=\"btn btn-secondary understrap-read-more-link\" href=\"https:\/\/www.lifenatura.com\/es\/produto\/melatonina-gotas-para-dormir-60ml-sakai\/\">Leer m\u00e1s&#8230;<span class=\"screen-reader-text\"> from Melatonina Gotas para dormir 60ml &#8211; Sakai<\/span><\/a><\/p>\n","protected":false},"featured_media":117725,"template":"","meta":{"_acf_changed":false},"product_brand":[8375],"product_cat":[7214,7659,8060],"product_tag":[],"class_list":{"0":"post-121764","1":"product","2":"type-product","3":"status-publish","4":"has-post-thumbnail","6":"product_brand-sakai","7":"product_cat-para-dormir","8":"product_cat-ingrediente-natural-bio","9":"product_cat-melatonina-es","11":"first","12":"instock","13":"shipping-taxable","14":"purchasable","15":"product-type-simple","16":"add-to-wishlist-before_image"},"acf":[],"yoast_head":"<!-- This site is optimized with the Yoast SEO Premium plugin v27.1 (Yoast SEO v27.4) - https:\/\/yoast.com\/product\/yoast-seo-premium-wordpress\/ -->\n<title>Melatonina Gotas para dormir 60ml - Sakai - Lifenatura<\/title>\n<meta name=\"description\" content=\"Gotas de Melatonina para Dormir Sakai con melatonina pura que te ayuda a conciliar el sue\u00f1o r\u00e1pidamente, mejora el sue\u00f1o y regula tu ritmo biol\u00f3gico.\" \/>\n<meta name=\"robots\" content=\"index, follow, max-snippet:-1, max-image-preview:large, max-video-preview:-1\" \/>\n<link rel=\"canonical\" href=\"https:\/\/www.lifenatura.com\/es\/produto\/melatonina-gotas-para-dormir-60ml-sakai\/\" \/>\n<meta property=\"og:locale\" content=\"es_ES\" \/>\n<meta property=\"og:type\" content=\"article\" \/>\n<meta property=\"og:title\" content=\"Melatonina Gotas para dormir 60ml - Sakai - Lifenatura\" \/>\n<meta property=\"og:description\" content=\"Compre aqui o seu Melatonina Gotas para dormir 60ml - Sakai e a Lifenatura Online envia em 48 H com Portes Gratis &gt;35\u20ac de Pedido.\" \/>\n<meta property=\"og:url\" content=\"https:\/\/www.lifenatura.com\/es\/produto\/melatonina-gotas-para-dormir-60ml-sakai\/\" \/>\n<meta property=\"og:site_name\" content=\"Lifenatura\" \/>\n<meta property=\"article:publisher\" content=\"https:\/\/www.facebook.com\/lifenatura\" \/>\n<meta property=\"article:modified_time\" content=\"2025-11-21T07:14:44+00:00\" \/>\n<meta property=\"og:image\" content=\"https:\/\/www.lifenatura.com\/wp-content\/uploads\/2025\/09\/melatonina-sleep-gotas-60ml-sakai.jpg\" \/>\n\t<meta property=\"og:image:width\" content=\"1000\" \/>\n\t<meta property=\"og:image:height\" content=\"1000\" \/>\n\t<meta property=\"og:image:type\" content=\"image\/jpeg\" \/>\n<meta name=\"twitter:card\" content=\"summary_large_image\" \/>\n<meta name=\"twitter:label1\" content=\"Precio\" \/>\n\t<meta name=\"twitter:data1\" content=\"14,70&nbsp;&euro;\" \/>\n\t<meta name=\"twitter:label2\" content=\"Disponibilidad\" \/>\n\t<meta name=\"twitter:data2\" content=\"Disponible\" \/>\n<meta property=\"product:price:amount\" content=\"14.70\" \/>\n<meta property=\"product:price:currency\" content=\"EUR\" \/>\n<meta property=\"og:availability\" content=\"instock\" \/>\n<meta property=\"product:availability\" content=\"instock\" \/>\n<meta property=\"product:retailer_item_id\" content=\"8423245100236\" \/>\n<meta property=\"product:condition\" content=\"new\" \/>\n<!-- \/ Yoast SEO Premium plugin. -->","yoast_head_json":{"title":"Melatonina Gotas para dormir 60ml - Sakai - Lifenatura","description":"Gotas de Melatonina para Dormir Sakai con melatonina pura que te ayuda a conciliar el sue\u00f1o r\u00e1pidamente, mejora el sue\u00f1o y regula tu ritmo biol\u00f3gico.","robots":{"index":"index","follow":"follow","max-snippet":"max-snippet:-1","max-image-preview":"max-image-preview:large","max-video-preview":"max-video-preview:-1"},"canonical":"https:\/\/www.lifenatura.com\/es\/produto\/melatonina-gotas-para-dormir-60ml-sakai\/","og_locale":"es_ES","og_type":"article","og_title":"Melatonina Gotas para dormir 60ml - Sakai - Lifenatura","og_description":"Compre aqui o seu Melatonina Gotas para dormir 60ml - Sakai e a Lifenatura Online envia em 48 H com Portes Gratis >35\u20ac de Pedido.","og_url":"https:\/\/www.lifenatura.com\/es\/produto\/melatonina-gotas-para-dormir-60ml-sakai\/","og_site_name":"Lifenatura","article_publisher":"https:\/\/www.facebook.com\/lifenatura","article_modified_time":"2025-11-21T07:14:44+00:00","og_image":[{"width":1000,"height":1000,"url":"https:\/\/www.lifenatura.com\/wp-content\/uploads\/2025\/09\/melatonina-sleep-gotas-60ml-sakai.jpg","type":"image\/jpeg"}],"twitter_card":"summary_large_image","twitter_misc":{"Precio":"14,70&nbsp;&euro;","Disponibilidad":"Disponible"},"schema":{"@context":"https:\/\/schema.org","@graph":[{"@type":"WebPage","@id":"https:\/\/www.lifenatura.com\/es\/produto\/melatonina-gotas-para-dormir-60ml-sakai\/","url":"https:\/\/www.lifenatura.com\/es\/produto\/melatonina-gotas-para-dormir-60ml-sakai\/","name":"Melatonina Gotas para dormir 60ml - Sakai - Lifenatura","isPartOf":{"@id":"https:\/\/www.lifenatura.com\/#website"},"primaryImageOfPage":{"@id":"https:\/\/www.lifenatura.com\/es\/produto\/melatonina-gotas-para-dormir-60ml-sakai\/#primaryimage"},"image":{"@id":"https:\/\/www.lifenatura.com\/es\/produto\/melatonina-gotas-para-dormir-60ml-sakai\/#primaryimage"},"thumbnailUrl":"https:\/\/www.lifenatura.com\/wp-content\/uploads\/2025\/09\/melatonina-sleep-gotas-60ml-sakai.jpg","datePublished":"2025-09-25T06:18:46+00:00","dateModified":"2025-11-21T07:14:44+00:00","description":"Gotas de Melatonina para Dormir Sakai con melatonina pura que te ayuda a conciliar el sue\u00f1o r\u00e1pidamente, mejora el sue\u00f1o y regula tu ritmo biol\u00f3gico.","breadcrumb":{"@id":"https:\/\/www.lifenatura.com\/es\/produto\/melatonina-gotas-para-dormir-60ml-sakai\/#breadcrumb"},"inLanguage":"es","potentialAction":[{"@type":"ReadAction","target":["https:\/\/www.lifenatura.com\/es\/produto\/melatonina-gotas-para-dormir-60ml-sakai\/"]}]},{"@type":"ImageObject","inLanguage":"es","@id":"https:\/\/www.lifenatura.com\/es\/produto\/melatonina-gotas-para-dormir-60ml-sakai\/#primaryimage","url":"https:\/\/www.lifenatura.com\/wp-content\/uploads\/2025\/09\/melatonina-sleep-gotas-60ml-sakai.jpg","contentUrl":"https:\/\/www.lifenatura.com\/wp-content\/uploads\/2025\/09\/melatonina-sleep-gotas-60ml-sakai.jpg","width":1000,"height":1000,"caption":"melatonina gotas da marca sakai"},{"@type":"BreadcrumbList","@id":"https:\/\/www.lifenatura.com\/es\/produto\/melatonina-gotas-para-dormir-60ml-sakai\/#breadcrumb","itemListElement":[{"@type":"ListItem","position":1,"name":"In\u00edcio","item":"https:\/\/www.lifenatura.com\/es\/"},{"@type":"ListItem","position":2,"name":"Todos los Productos","item":"https:\/\/www.lifenatura.com\/es\/tienda\/"},{"@type":"ListItem","position":3,"name":"Melatonina Gotas para dormir 60ml &#8211; Sakai"}]},{"@type":"WebSite","@id":"https:\/\/www.lifenatura.com\/#website","url":"https:\/\/www.lifenatura.com\/","name":"Lifenatura","description":"A Lifenatura \u00e9 uma loja de produtos naturais, cosm\u00e9tica natural e alimenta\u00e7\u00e3o Biol\u00f3gica.","publisher":{"@id":"https:\/\/www.lifenatura.com\/#organization"},"potentialAction":[{"@type":"SearchAction","target":{"@type":"EntryPoint","urlTemplate":"https:\/\/www.lifenatura.com\/?s={search_term_string}"},"query-input":{"@type":"PropertyValueSpecification","valueRequired":true,"valueName":"search_term_string"}}],"inLanguage":"es"},{"@type":"Organization","@id":"https:\/\/www.lifenatura.com\/#organization","name":"Lifenatura","url":"https:\/\/www.lifenatura.com\/","logo":{"@type":"ImageObject","inLanguage":"es","@id":"https:\/\/www.lifenatura.com\/#\/schema\/logo\/image\/","url":"https:\/\/www.lifenatura.com\/wp-content\/uploads\/2021\/11\/logo.png","contentUrl":"https:\/\/www.lifenatura.com\/wp-content\/uploads\/2021\/11\/logo.png","width":175,"height":55,"caption":"Lifenatura"},"image":{"@id":"https:\/\/www.lifenatura.com\/#\/schema\/logo\/image\/"},"sameAs":["https:\/\/www.facebook.com\/lifenatura","https:\/\/www.instagram.com\/lifenaturapt\/"]}]},"product_price_amount":"14.70","product_price_currency":"EUR","og_availability":"instock","product_availability":"instock","product_retailer_item_id":"8423245100236","product_condition":"new"},"df_price":14.7,"df_sale_price":"","df_regular_price":14.7,"df_image_link":"https:\/\/www.lifenatura.com\/wp-content\/uploads\/2025\/09\/melatonina-sleep-gotas-60ml-sakai-300x300.jpg","_links":{"self":[{"href":"https:\/\/www.lifenatura.com\/es\/wp-json\/wp\/v2\/product\/121764","targetHints":{"allow":["GET"]}}],"collection":[{"href":"https:\/\/www.lifenatura.com\/es\/wp-json\/wp\/v2\/product"}],"about":[{"href":"https:\/\/www.lifenatura.com\/es\/wp-json\/wp\/v2\/types\/product"}],"wp:featuredmedia":[{"embeddable":true,"href":"https:\/\/www.lifenatura.com\/es\/wp-json\/wp\/v2\/media\/117725"}],"wp:attachment":[{"href":"https:\/\/www.lifenatura.com\/es\/wp-json\/wp\/v2\/media?parent=121764"}],"wp:term":[{"taxonomy":"product_brand","embeddable":true,"href":"https:\/\/www.lifenatura.com\/es\/wp-json\/wp\/v2\/product_brand?post=121764"},{"taxonomy":"product_cat","embeddable":true,"href":"https:\/\/www.lifenatura.com\/es\/wp-json\/wp\/v2\/product_cat?post=121764"},{"taxonomy":"product_tag","embeddable":true,"href":"https:\/\/www.lifenatura.com\/es\/wp-json\/wp\/v2\/product_tag?post=121764"}],"curies":[{"name":"wp","href":"https:\/\/api.w.org\/{rel}","templated":true}]}}