{"id":121763,"date":"2025-09-25T06:18:45","date_gmt":"2025-09-25T06:18:45","guid":{"rendered":"https:\/\/www.lifenatura.com\/produto\/melatonina-extra-gotas-60ml-sakai\/"},"modified":"2025-11-21T07:15:45","modified_gmt":"2025-11-21T07:15:45","slug":"melatonina-extra-gotas-60ml-sakai","status":"publish","type":"product","link":"https:\/\/www.lifenatura.com\/es\/produto\/melatonina-extra-gotas-60ml-sakai\/","title":{"rendered":"Melatonina Extra gotas 60ml &#8211; Sakai"},"content":{"rendered":"<h2 style=\"text-align: left;\" data-start=\"195\" data-end=\"263\">Gotas de Melatonina Extra &#8211; Sakai<\/h2>\n<p>&nbsp;<\/p>\n<p data-start=\"265\" data-end=\"648\"><strong data-start=\"267\" data-end=\"307\">Las Gotas Extra de Melatonina de Sakai 60 ml<\/strong> son un suplemento natural que ayuda a <strong data-start=\"344\" data-end=\"417\">regular el ciclo del sue\u00f1o y favorece un descanso profundo y reparador<\/strong>. Formulado con <strong data-start=\"433\" data-end=\"470\">melatonina pura de alta calidad<\/strong>, act\u00faa directamente sobre el equilibrio del ritmo circadiano (sue\u00f1o-vigilia), facilitando la conciliaci\u00f3n del sue\u00f1o y mejorando su calidad, sin causar dependencia ni somnolencia diurna.<\/p>\n<p data-start=\"650\" data-end=\"1072\"><strong data-start=\"652\" data-end=\"666\">La melatonina<\/strong> es una hormona producida naturalmente por el organismo y responsable de regular el sue\u00f1o. Sin embargo, factores como el estr\u00e9s, el envejecimiento, el desfase horario o la exposici\u00f3n excesiva a la luz artificial pueden reducir su producci\u00f3n.<\/p>\n<p data-start=\"650\" data-end=\"1072\"><strong data-start=\"894\" data-end=\"920\">La Melatonina Extra Sakai<\/strong> ayuda a restablecer este equilibrio de forma natural, por lo que es ideal para quienes padecen insomnio, dificultad para conciliar el sue\u00f1o o cambios de horario.<\/p>\n<p data-start=\"1074\" data-end=\"1232\">Presentado en <strong data-start=\"1089\" data-end=\"1119\">formato l\u00edquido con pipeta<\/strong>, el suplemento facilita el ajuste de la dosis y garantiza <strong data-start=\"1182\" data-end=\"1210\">una absorci\u00f3n r\u00e1pida<\/strong> y <strong data-start=\"1182\" data-end=\"1210\">eficaz<\/strong> de acci\u00f3n inmediata.<\/p>\n<p data-start=\"1234\" data-end=\"1292\"><strong>Principales beneficios de Sakai Melatonina Gotas Extra:<\/strong><\/p>\n<ul data-start=\"1293\" data-end=\"1580\">\n<li data-start=\"1293\" data-end=\"1341\">\n<p data-start=\"1295\" data-end=\"1341\"><strong data-start=\"1295\" data-end=\"1339\">Reduce el tiempo que se tarda en conciliar el sue\u00f1o.<\/strong><\/p>\n<\/li>\n<li data-start=\"1342\" data-end=\"1388\">\n<p data-start=\"1344\" data-end=\"1388\"><strong data-start=\"1344\" data-end=\"1386\">Mejora la calidad y la duraci\u00f3n del sue\u00f1o.<\/strong><\/p>\n<\/li>\n<li data-start=\"1389\" data-end=\"1447\">\n<p data-start=\"1391\" data-end=\"1447\"><strong data-start=\"1391\" data-end=\"1429\">Ayuda a regular el ritmo circadiano<\/strong> (sue\u00f1o-vigilia).<\/p>\n<\/li>\n<li data-start=\"1448\" data-end=\"1513\">\n<p data-start=\"1450\" data-end=\"1513\"><strong data-start=\"1450\" data-end=\"1511\">\u00datil en casos de jet lag, insomnio y horarios irregulares.<\/strong><\/p>\n<\/li>\n<li data-start=\"1514\" data-end=\"1580\">\n<p data-start=\"1516\" data-end=\"1580\"><strong data-start=\"1516\" data-end=\"1554\">F\u00f3rmula l\u00edquida de r\u00e1pida absorci\u00f3n<\/strong> con dosificaci\u00f3n ajustable.<\/p>\n<\/li>\n<\/ul>\n<p data-start=\"1582\" data-end=\"1612\"><strong>\u00bfA qui\u00e9n va dirigido?<\/strong><\/p>\n<p data-start=\"1613\" data-end=\"1908\"><strong data-start=\"1615\" data-end=\"1647\">Las Gotas de Melatonina Sakai Extra<\/strong> est\u00e1n indicadas para <strong data-start=\"1664\" data-end=\"1747\">adultos con insomnio ocasional, dificultad para conciliar el sue\u00f1o o alteraciones del sue\u00f1o<\/strong> causadas por el estr\u00e9s, los viajes o las rutinas intensas. Es ideal para quienes buscan <strong data-start=\"1826\" data-end=\"1880\">mejorar su descanso y bienestar de forma natural<\/strong>, sin recurrir a f\u00e1rmacos.<\/p>\n<p data-start=\"1910\" data-end=\"2012\">De acci\u00f3n r\u00e1pida y eficaz, es el aliado perfecto para <strong data-start=\"1961\" data-end=\"2009\">un sue\u00f1o tranquilo, equilibrado y reparador<\/strong>.<\/p>\n<p data-start=\"1910\" data-end=\"2012\"><strong>Presentaci\u00f3n:<\/strong><\/p>\n<p data-start=\"1910\" data-end=\"2012\">60 ml<\/p>\n<p data-start=\"1910\" data-end=\"2012\">\n","protected":false},"excerpt":{"rendered":"<p>Gotas de Melatonina Extra Sakai: un suplemento l\u00edquido natural que te ayuda a conciliar el sue\u00f1o m\u00e1s r\u00e1pidamente, mejora el descanso y regula eficazmente tu ciclo de sue\u00f1o. [&#8230;]<\/p>\n<p><a class=\"btn btn-secondary understrap-read-more-link\" href=\"https:\/\/www.lifenatura.com\/es\/produto\/melatonina-extra-gotas-60ml-sakai\/\">Leer m\u00e1s&#8230;<span class=\"screen-reader-text\"> from Melatonina Extra gotas 60ml &#8211; Sakai<\/span><\/a><\/p>\n","protected":false},"featured_media":117719,"template":"","meta":{"_acf_changed":false},"product_brand":[8375],"product_cat":[7214,7659,8060,7179],"product_tag":[],"class_list":{"0":"post-121763","1":"product","2":"type-product","3":"status-publish","4":"has-post-thumbnail","6":"product_brand-sakai","7":"product_cat-para-dormir","8":"product_cat-ingrediente-natural-bio","9":"product_cat-melatonina-es","10":"product_cat-salud","12":"first","13":"instock","14":"shipping-taxable","15":"purchasable","16":"product-type-simple","17":"add-to-wishlist-before_image"},"acf":[],"yoast_head":"<!-- This site is optimized with the Yoast SEO Premium plugin v27.1 (Yoast SEO v27.4) - https:\/\/yoast.com\/product\/yoast-seo-premium-wordpress\/ -->\n<title>Melatonina Extra gotas 60ml - Sakai - Lifenatura<\/title>\n<meta name=\"description\" content=\"Gotas de Melatonina Extra Sakai: un suplemento que te ayuda a conciliar el sue\u00f1o m\u00e1s r\u00e1pidamente, mejora el descanso y regula eficazmente tu ciclo de sue\u00f1o.\" \/>\n<meta name=\"robots\" content=\"index, follow, max-snippet:-1, max-image-preview:large, max-video-preview:-1\" \/>\n<link rel=\"canonical\" href=\"https:\/\/www.lifenatura.com\/es\/produto\/melatonina-extra-gotas-60ml-sakai\/\" \/>\n<meta property=\"og:locale\" content=\"es_ES\" \/>\n<meta property=\"og:type\" content=\"article\" \/>\n<meta property=\"og:title\" content=\"Melatonina Extra gotas 60ml - Sakai - Lifenatura\" \/>\n<meta property=\"og:description\" content=\"Compre aqui o seu Melatonina Extra gotas 60ml - Sakai e a Lifenatura Online envia em 48 H com Portes Gratis &gt;35\u20ac de Pedido.\" \/>\n<meta property=\"og:url\" content=\"https:\/\/www.lifenatura.com\/es\/produto\/melatonina-extra-gotas-60ml-sakai\/\" \/>\n<meta property=\"og:site_name\" content=\"Lifenatura\" \/>\n<meta property=\"article:publisher\" content=\"https:\/\/www.facebook.com\/lifenatura\" \/>\n<meta property=\"article:modified_time\" content=\"2025-11-21T07:15:45+00:00\" \/>\n<meta property=\"og:image\" content=\"https:\/\/www.lifenatura.com\/wp-content\/uploads\/2025\/09\/melatonina-extra-gotas-60ml-sakai.jpg\" \/>\n\t<meta property=\"og:image:width\" content=\"1000\" \/>\n\t<meta property=\"og:image:height\" content=\"1000\" \/>\n\t<meta property=\"og:image:type\" content=\"image\/jpeg\" \/>\n<meta name=\"twitter:card\" content=\"summary_large_image\" \/>\n<meta name=\"twitter:label1\" content=\"Precio\" \/>\n\t<meta name=\"twitter:data1\" content=\"13,74&nbsp;&euro;\" \/>\n\t<meta name=\"twitter:label2\" content=\"Disponibilidad\" \/>\n\t<meta name=\"twitter:data2\" content=\"Disponible\" \/>\n<meta property=\"product:price:amount\" content=\"13.74\" \/>\n<meta property=\"product:price:currency\" content=\"EUR\" \/>\n<meta property=\"og:availability\" content=\"instock\" \/>\n<meta property=\"product:availability\" content=\"instock\" \/>\n<meta property=\"product:retailer_item_id\" content=\"8423245100175\" \/>\n<meta property=\"product:condition\" content=\"new\" \/>\n<!-- \/ Yoast SEO Premium plugin. -->","yoast_head_json":{"title":"Melatonina Extra gotas 60ml - Sakai - Lifenatura","description":"Gotas de Melatonina Extra Sakai: un suplemento que te ayuda a conciliar el sue\u00f1o m\u00e1s r\u00e1pidamente, mejora el descanso y regula eficazmente tu ciclo de sue\u00f1o.","robots":{"index":"index","follow":"follow","max-snippet":"max-snippet:-1","max-image-preview":"max-image-preview:large","max-video-preview":"max-video-preview:-1"},"canonical":"https:\/\/www.lifenatura.com\/es\/produto\/melatonina-extra-gotas-60ml-sakai\/","og_locale":"es_ES","og_type":"article","og_title":"Melatonina Extra gotas 60ml - Sakai - Lifenatura","og_description":"Compre aqui o seu Melatonina Extra gotas 60ml - Sakai e a Lifenatura Online envia em 48 H com Portes Gratis >35\u20ac de Pedido.","og_url":"https:\/\/www.lifenatura.com\/es\/produto\/melatonina-extra-gotas-60ml-sakai\/","og_site_name":"Lifenatura","article_publisher":"https:\/\/www.facebook.com\/lifenatura","article_modified_time":"2025-11-21T07:15:45+00:00","og_image":[{"width":1000,"height":1000,"url":"https:\/\/www.lifenatura.com\/wp-content\/uploads\/2025\/09\/melatonina-extra-gotas-60ml-sakai.jpg","type":"image\/jpeg"}],"twitter_card":"summary_large_image","twitter_misc":{"Precio":"13,74&nbsp;&euro;","Disponibilidad":"Disponible"},"schema":{"@context":"https:\/\/schema.org","@graph":[{"@type":"WebPage","@id":"https:\/\/www.lifenatura.com\/es\/produto\/melatonina-extra-gotas-60ml-sakai\/","url":"https:\/\/www.lifenatura.com\/es\/produto\/melatonina-extra-gotas-60ml-sakai\/","name":"Melatonina Extra gotas 60ml - Sakai - Lifenatura","isPartOf":{"@id":"https:\/\/www.lifenatura.com\/#website"},"primaryImageOfPage":{"@id":"https:\/\/www.lifenatura.com\/es\/produto\/melatonina-extra-gotas-60ml-sakai\/#primaryimage"},"image":{"@id":"https:\/\/www.lifenatura.com\/es\/produto\/melatonina-extra-gotas-60ml-sakai\/#primaryimage"},"thumbnailUrl":"https:\/\/www.lifenatura.com\/wp-content\/uploads\/2025\/09\/melatonina-extra-gotas-60ml-sakai.jpg","datePublished":"2025-09-25T06:18:45+00:00","dateModified":"2025-11-21T07:15:45+00:00","description":"Gotas de Melatonina Extra Sakai: un suplemento que te ayuda a conciliar el sue\u00f1o m\u00e1s r\u00e1pidamente, mejora el descanso y regula eficazmente tu ciclo de sue\u00f1o.","breadcrumb":{"@id":"https:\/\/www.lifenatura.com\/es\/produto\/melatonina-extra-gotas-60ml-sakai\/#breadcrumb"},"inLanguage":"es","potentialAction":[{"@type":"ReadAction","target":["https:\/\/www.lifenatura.com\/es\/produto\/melatonina-extra-gotas-60ml-sakai\/"]}]},{"@type":"ImageObject","inLanguage":"es","@id":"https:\/\/www.lifenatura.com\/es\/produto\/melatonina-extra-gotas-60ml-sakai\/#primaryimage","url":"https:\/\/www.lifenatura.com\/wp-content\/uploads\/2025\/09\/melatonina-extra-gotas-60ml-sakai.jpg","contentUrl":"https:\/\/www.lifenatura.com\/wp-content\/uploads\/2025\/09\/melatonina-extra-gotas-60ml-sakai.jpg","width":1000,"height":1000,"caption":"melatonina extra gotas da marca sakai"},{"@type":"BreadcrumbList","@id":"https:\/\/www.lifenatura.com\/es\/produto\/melatonina-extra-gotas-60ml-sakai\/#breadcrumb","itemListElement":[{"@type":"ListItem","position":1,"name":"In\u00edcio","item":"https:\/\/www.lifenatura.com\/es\/"},{"@type":"ListItem","position":2,"name":"Todos los Productos","item":"https:\/\/www.lifenatura.com\/es\/tienda\/"},{"@type":"ListItem","position":3,"name":"Melatonina Extra gotas 60ml &#8211; Sakai"}]},{"@type":"WebSite","@id":"https:\/\/www.lifenatura.com\/#website","url":"https:\/\/www.lifenatura.com\/","name":"Lifenatura","description":"A Lifenatura \u00e9 uma loja de produtos naturais, cosm\u00e9tica natural e alimenta\u00e7\u00e3o Biol\u00f3gica.","publisher":{"@id":"https:\/\/www.lifenatura.com\/#organization"},"potentialAction":[{"@type":"SearchAction","target":{"@type":"EntryPoint","urlTemplate":"https:\/\/www.lifenatura.com\/?s={search_term_string}"},"query-input":{"@type":"PropertyValueSpecification","valueRequired":true,"valueName":"search_term_string"}}],"inLanguage":"es"},{"@type":"Organization","@id":"https:\/\/www.lifenatura.com\/#organization","name":"Lifenatura","url":"https:\/\/www.lifenatura.com\/","logo":{"@type":"ImageObject","inLanguage":"es","@id":"https:\/\/www.lifenatura.com\/#\/schema\/logo\/image\/","url":"https:\/\/www.lifenatura.com\/wp-content\/uploads\/2021\/11\/logo.png","contentUrl":"https:\/\/www.lifenatura.com\/wp-content\/uploads\/2021\/11\/logo.png","width":175,"height":55,"caption":"Lifenatura"},"image":{"@id":"https:\/\/www.lifenatura.com\/#\/schema\/logo\/image\/"},"sameAs":["https:\/\/www.facebook.com\/lifenatura","https:\/\/www.instagram.com\/lifenaturapt\/"]}]},"product_price_amount":"13.74","product_price_currency":"EUR","og_availability":"instock","product_availability":"instock","product_retailer_item_id":"8423245100175","product_condition":"new"},"df_price":13.74,"df_sale_price":"","df_regular_price":13.74,"df_image_link":"https:\/\/www.lifenatura.com\/wp-content\/uploads\/2025\/09\/melatonina-extra-gotas-60ml-sakai-300x300.jpg","_links":{"self":[{"href":"https:\/\/www.lifenatura.com\/es\/wp-json\/wp\/v2\/product\/121763","targetHints":{"allow":["GET"]}}],"collection":[{"href":"https:\/\/www.lifenatura.com\/es\/wp-json\/wp\/v2\/product"}],"about":[{"href":"https:\/\/www.lifenatura.com\/es\/wp-json\/wp\/v2\/types\/product"}],"wp:featuredmedia":[{"embeddable":true,"href":"https:\/\/www.lifenatura.com\/es\/wp-json\/wp\/v2\/media\/117719"}],"wp:attachment":[{"href":"https:\/\/www.lifenatura.com\/es\/wp-json\/wp\/v2\/media?parent=121763"}],"wp:term":[{"taxonomy":"product_brand","embeddable":true,"href":"https:\/\/www.lifenatura.com\/es\/wp-json\/wp\/v2\/product_brand?post=121763"},{"taxonomy":"product_cat","embeddable":true,"href":"https:\/\/www.lifenatura.com\/es\/wp-json\/wp\/v2\/product_cat?post=121763"},{"taxonomy":"product_tag","embeddable":true,"href":"https:\/\/www.lifenatura.com\/es\/wp-json\/wp\/v2\/product_tag?post=121763"}],"curies":[{"name":"wp","href":"https:\/\/api.w.org\/{rel}","templated":true}]}}