{"id":121759,"date":"2025-09-25T06:18:11","date_gmt":"2025-09-25T06:18:11","guid":{"rendered":"https:\/\/www.lifenatura.com\/produto\/diente-de-leon-100-comprimidos-sakai\/"},"modified":"2025-11-24T18:22:18","modified_gmt":"2025-11-24T18:22:18","slug":"diente-de-leon-100-comprimidos-sakai","status":"publish","type":"product","link":"https:\/\/www.lifenatura.com\/es\/produto\/diente-de-leon-100-comprimidos-sakai\/","title":{"rendered":"Diente de Le\u00f3n 100 Comprimidos &#8211; Sakai"},"content":{"rendered":"<h2 style=\"text-align: left;\" data-start=\"183\" data-end=\"263\">Diente de le\u00f3n &#8211; Sakai que purifica el h\u00edgado<\/h2>\n<p>&nbsp;<\/p>\n<p data-start=\"265\" data-end=\"631\"><strong data-start=\"267\" data-end=\"309\">El Diente de Le\u00f3n Sakai 100 Comprimidos<\/strong> es un suplemento natural elaborado con extracto puro de <em data-start=\"364\" data-end=\"386\">Taraxacum officinale<\/em>, una planta tradicionalmente reconocida por sus propiedades <strong data-start=\"448\" data-end=\"487\">depurativas, digestivas y drenantes<\/strong>. Act\u00faa como un potente <strong data-start=\"511\" data-end=\"555\">depurador natural del h\u00edgado y los ri\u00f1ones<\/strong>, ayudando al organismo a eliminar toxinas y mantener el equilibrio interno.<\/p>\n<p data-start=\"633\" data-end=\"943\"><strong data-start=\"635\" data-end=\"658\">El Diente de Le\u00f3n Sakai<\/strong> favorece la funci\u00f3n hep\u00e1tica y biliar, favoreciendo una digesti\u00f3n m\u00e1s ligera y eficaz, sobre todo despu\u00e9s de comidas copiosas. Gracias a su suave efecto diur\u00e9tico, tambi\u00e9n ayuda a eliminar l\u00edquidos e impurezas, por lo que resulta \u00fatil en programas <strong data-start=\"902\" data-end=\"940\">de desintoxicaci\u00f3n o control de peso<\/strong>.<\/p>\n<p data-start=\"945\" data-end=\"1240\">Rica en vitaminas y minerales, esta planta estimula el metabolismo y ayuda a revitalizar el organismo, favoreciendo una sensaci\u00f3n de ligereza y bienestar general. Es un suplemento ideal para quien desee <strong data-start=\"1138\" data-end=\"1212\">cuidar su h\u00edgado de forma natural, mejorar la digesti\u00f3n y depurar el<\/strong> organismo de forma segura y eficaz.<\/p>\n<p data-start=\"1242\" data-end=\"1291\"><strong>Principales beneficios del diente de le\u00f3n de Sakai:<\/strong><\/p>\n<ul data-start=\"1292\" data-end=\"1565\">\n<li data-start=\"1292\" data-end=\"1350\">\n<p data-start=\"1294\" data-end=\"1350\"><strong data-start=\"1294\" data-end=\"1326\">Favorece la depuraci\u00f3n natural<\/strong> del h\u00edgado y los ri\u00f1ones.<\/p>\n<\/li>\n<li data-start=\"1351\" data-end=\"1407\">\n<p data-start=\"1353\" data-end=\"1407\"><strong data-start=\"1353\" data-end=\"1375\">Mejora la digesti\u00f3n<\/strong> y el metabolismo de las grasas.<\/p>\n<\/li>\n<li data-start=\"1408\" data-end=\"1452\">\n<p data-start=\"1410\" data-end=\"1452\"><strong data-start=\"1410\" data-end=\"1450\">Ayuda a eliminar l\u00edquidos y toxinas.<\/strong><\/p>\n<\/li>\n<li data-start=\"1453\" data-end=\"1510\">\n<p data-start=\"1455\" data-end=\"1510\"><strong data-start=\"1455\" data-end=\"1508\">Contribuye al equilibrio digestivo y hep\u00e1tico.<\/strong><\/p>\n<\/li>\n<li data-start=\"1511\" data-end=\"1565\">\n<p data-start=\"1513\" data-end=\"1565\"><strong data-start=\"1513\" data-end=\"1538\">Acci\u00f3n natural y segura<\/strong>, ideal para uso regular.<\/p>\n<\/li>\n<\/ul>\n<p data-start=\"1567\" data-end=\"1597\"><strong>\u00bfA qui\u00e9n va dirigido?<\/strong><\/p>\n<p data-start=\"1598\" data-end=\"1849\"><strong data-start=\"1600\" data-end=\"1623\">El Diente de Le\u00f3n Sakai<\/strong> es adecuado para las personas que desean <strong data-start=\"1660\" data-end=\"1685\">depurar el organismo<\/strong>, calmar el h\u00edgado despu\u00e9s de comer en exceso o mejorar la digesti\u00f3n. Tambi\u00e9n es ideal para programas de desintoxicaci\u00f3n, retenci\u00f3n de l\u00edquidos o como apoyo metab\u00f3lico natural.<\/p>\n<p data-start=\"1851\" data-end=\"1975\">Con su acci\u00f3n depurativa, digestiva y revitalizante, es el aliado perfecto para mantener <strong data-start=\"1931\" data-end=\"1972\">un cuerpo ligero, equilibrado y sano<\/strong>.<\/p>\n<p data-start=\"1851\" data-end=\"1975\"><strong>Presentaci\u00f3n:<\/strong><\/p>\n<p data-start=\"1851\" data-end=\"1975\">100 comprimidos.<\/p>\n<p data-start=\"1851\" data-end=\"1975\">\n","protected":false},"excerpt":{"rendered":"<p>Diente de Le\u00f3n Sakai &#8211; suplemento depurativo natural que favorece el h\u00edgado y los ri\u00f1ones, mejora la digesti\u00f3n y ayuda a eliminar l\u00edquidos y toxinas. [&#8230;]<\/p>\n<p><a class=\"btn btn-secondary understrap-read-more-link\" href=\"https:\/\/www.lifenatura.com\/es\/produto\/diente-de-leon-100-comprimidos-sakai\/\">Leer m\u00e1s&#8230;<span class=\"screen-reader-text\"> from Diente de Le\u00f3n 100 Comprimidos &#8211; Sakai<\/span><\/a><\/p>\n","protected":false},"featured_media":117657,"template":"","meta":{"_acf_changed":false},"product_brand":[8375],"product_cat":[7254,7179,7883],"product_tag":[],"class_list":{"0":"post-121759","1":"product","2":"type-product","3":"status-publish","4":"has-post-thumbnail","6":"product_brand-sakai","7":"product_cat-higado-vesicula","8":"product_cat-salud","9":"product_cat-suplementos-alimenticios","11":"first","12":"instock","13":"shipping-taxable","14":"purchasable","15":"product-type-simple","16":"add-to-wishlist-before_image"},"acf":[],"yoast_head":"<!-- This site is optimized with the Yoast SEO Premium plugin v27.1 (Yoast SEO v27.3) - https:\/\/yoast.com\/product\/yoast-seo-premium-wordpress\/ -->\n<title>Diente de Le\u00f3n 100 Comprimidos - Sakai - Lifenatura<\/title>\n<meta name=\"description\" content=\"Diente de Le\u00f3n Sakai - suplemento depurativo natural que favorece el h\u00edgado y los ri\u00f1ones, mejora la digesti\u00f3n y ayuda a eliminar l\u00edquidos y toxinas.\" \/>\n<meta name=\"robots\" content=\"index, follow, max-snippet:-1, max-image-preview:large, max-video-preview:-1\" \/>\n<link rel=\"canonical\" href=\"https:\/\/www.lifenatura.com\/es\/produto\/diente-de-leon-100-comprimidos-sakai\/\" \/>\n<meta property=\"og:locale\" content=\"es_ES\" \/>\n<meta property=\"og:type\" content=\"article\" \/>\n<meta property=\"og:title\" content=\"Diente de Le\u00f3n 100 Comprimidos - Sakai - Lifenatura\" \/>\n<meta property=\"og:description\" content=\"Compre aqui o seu Diente de Le\u00f3n 100 Comprimidos - Sakai e a Lifenatura Online envia em 48 H com Portes Gratis &gt;35\u20ac de Pedido.\" \/>\n<meta property=\"og:url\" content=\"https:\/\/www.lifenatura.com\/es\/produto\/diente-de-leon-100-comprimidos-sakai\/\" \/>\n<meta property=\"og:site_name\" content=\"Lifenatura\" \/>\n<meta property=\"article:publisher\" content=\"https:\/\/www.facebook.com\/lifenatura\" \/>\n<meta property=\"article:modified_time\" content=\"2025-11-24T18:22:18+00:00\" \/>\n<meta property=\"og:image\" content=\"https:\/\/www.lifenatura.com\/wp-content\/uploads\/2025\/09\/dente-de-leao-100-comprimidos-sakai.jpg\" \/>\n\t<meta property=\"og:image:width\" content=\"1000\" \/>\n\t<meta property=\"og:image:height\" content=\"1000\" \/>\n\t<meta property=\"og:image:type\" content=\"image\/jpeg\" \/>\n<meta name=\"twitter:card\" content=\"summary_large_image\" \/>\n<meta name=\"twitter:label1\" content=\"Precio\" \/>\n\t<meta name=\"twitter:data1\" content=\"12,67&nbsp;&euro;\" \/>\n\t<meta name=\"twitter:label2\" content=\"Disponibilidad\" \/>\n\t<meta name=\"twitter:data2\" content=\"Disponible\" \/>\n<meta property=\"product:price:amount\" content=\"12.67\" \/>\n<meta property=\"product:price:currency\" content=\"EUR\" \/>\n<meta property=\"og:availability\" content=\"instock\" \/>\n<meta property=\"product:availability\" content=\"instock\" \/>\n<meta property=\"product:retailer_item_id\" content=\"8423245280273\" \/>\n<meta property=\"product:condition\" content=\"new\" \/>\n<!-- \/ Yoast SEO Premium plugin. -->","yoast_head_json":{"title":"Diente de Le\u00f3n 100 Comprimidos - Sakai - Lifenatura","description":"Diente de Le\u00f3n Sakai - suplemento depurativo natural que favorece el h\u00edgado y los ri\u00f1ones, mejora la digesti\u00f3n y ayuda a eliminar l\u00edquidos y toxinas.","robots":{"index":"index","follow":"follow","max-snippet":"max-snippet:-1","max-image-preview":"max-image-preview:large","max-video-preview":"max-video-preview:-1"},"canonical":"https:\/\/www.lifenatura.com\/es\/produto\/diente-de-leon-100-comprimidos-sakai\/","og_locale":"es_ES","og_type":"article","og_title":"Diente de Le\u00f3n 100 Comprimidos - Sakai - Lifenatura","og_description":"Compre aqui o seu Diente de Le\u00f3n 100 Comprimidos - Sakai e a Lifenatura Online envia em 48 H com Portes Gratis >35\u20ac de Pedido.","og_url":"https:\/\/www.lifenatura.com\/es\/produto\/diente-de-leon-100-comprimidos-sakai\/","og_site_name":"Lifenatura","article_publisher":"https:\/\/www.facebook.com\/lifenatura","article_modified_time":"2025-11-24T18:22:18+00:00","og_image":[{"width":1000,"height":1000,"url":"https:\/\/www.lifenatura.com\/wp-content\/uploads\/2025\/09\/dente-de-leao-100-comprimidos-sakai.jpg","type":"image\/jpeg"}],"twitter_card":"summary_large_image","twitter_misc":{"Precio":"12,67&nbsp;&euro;","Disponibilidad":"Disponible"},"schema":{"@context":"https:\/\/schema.org","@graph":[{"@type":"WebPage","@id":"https:\/\/www.lifenatura.com\/es\/produto\/diente-de-leon-100-comprimidos-sakai\/","url":"https:\/\/www.lifenatura.com\/es\/produto\/diente-de-leon-100-comprimidos-sakai\/","name":"Diente de Le\u00f3n 100 Comprimidos - Sakai - Lifenatura","isPartOf":{"@id":"https:\/\/www.lifenatura.com\/es\/#website"},"primaryImageOfPage":{"@id":"https:\/\/www.lifenatura.com\/es\/produto\/diente-de-leon-100-comprimidos-sakai\/#primaryimage"},"image":{"@id":"https:\/\/www.lifenatura.com\/es\/produto\/diente-de-leon-100-comprimidos-sakai\/#primaryimage"},"thumbnailUrl":"https:\/\/www.lifenatura.com\/wp-content\/uploads\/2025\/09\/dente-de-leao-100-comprimidos-sakai.jpg","datePublished":"2025-09-25T06:18:11+00:00","dateModified":"2025-11-24T18:22:18+00:00","description":"Diente de Le\u00f3n Sakai - suplemento depurativo natural que favorece el h\u00edgado y los ri\u00f1ones, mejora la digesti\u00f3n y ayuda a eliminar l\u00edquidos y toxinas.","breadcrumb":{"@id":"https:\/\/www.lifenatura.com\/es\/produto\/diente-de-leon-100-comprimidos-sakai\/#breadcrumb"},"inLanguage":"es","potentialAction":[{"@type":"ReadAction","target":["https:\/\/www.lifenatura.com\/es\/produto\/diente-de-leon-100-comprimidos-sakai\/"]}]},{"@type":"ImageObject","inLanguage":"es","@id":"https:\/\/www.lifenatura.com\/es\/produto\/diente-de-leon-100-comprimidos-sakai\/#primaryimage","url":"https:\/\/www.lifenatura.com\/wp-content\/uploads\/2025\/09\/dente-de-leao-100-comprimidos-sakai.jpg","contentUrl":"https:\/\/www.lifenatura.com\/wp-content\/uploads\/2025\/09\/dente-de-leao-100-comprimidos-sakai.jpg","width":1000,"height":1000,"caption":"dente de le\u00e3o da marca sakai"},{"@type":"BreadcrumbList","@id":"https:\/\/www.lifenatura.com\/es\/produto\/diente-de-leon-100-comprimidos-sakai\/#breadcrumb","itemListElement":[{"@type":"ListItem","position":1,"name":"In\u00edcio","item":"https:\/\/www.lifenatura.com\/es\/"},{"@type":"ListItem","position":2,"name":"Todos los Productos","item":"https:\/\/www.lifenatura.com\/es\/tienda\/"},{"@type":"ListItem","position":3,"name":"Diente de Le\u00f3n 100 Comprimidos &#8211; Sakai"}]},{"@type":"WebSite","@id":"https:\/\/www.lifenatura.com\/es\/#website","url":"https:\/\/www.lifenatura.com\/es\/","name":"Lifenatura","description":"A Lifenatura \u00e9 uma loja de produtos naturais, cosm\u00e9tica natural e alimenta\u00e7\u00e3o Biol\u00f3gica.","publisher":{"@id":"https:\/\/www.lifenatura.com\/es\/#organization"},"potentialAction":[{"@type":"SearchAction","target":{"@type":"EntryPoint","urlTemplate":"https:\/\/www.lifenatura.com\/es\/?s={search_term_string}"},"query-input":{"@type":"PropertyValueSpecification","valueRequired":true,"valueName":"search_term_string"}}],"inLanguage":"es"},{"@type":"Organization","@id":"https:\/\/www.lifenatura.com\/es\/#organization","name":"Lifenatura","url":"https:\/\/www.lifenatura.com\/es\/","logo":{"@type":"ImageObject","inLanguage":"es","@id":"https:\/\/www.lifenatura.com\/es\/#\/schema\/logo\/image\/","url":"https:\/\/www.lifenatura.com\/wp-content\/uploads\/2021\/11\/logo.png","contentUrl":"https:\/\/www.lifenatura.com\/wp-content\/uploads\/2021\/11\/logo.png","width":175,"height":55,"caption":"Lifenatura"},"image":{"@id":"https:\/\/www.lifenatura.com\/es\/#\/schema\/logo\/image\/"},"sameAs":["https:\/\/www.facebook.com\/lifenatura","https:\/\/www.instagram.com\/lifenaturapt\/"]}]},"product_price_amount":"12.67","product_price_currency":"EUR","og_availability":"instock","product_availability":"instock","product_retailer_item_id":"8423245280273","product_condition":"new"},"df_price":12.67,"df_sale_price":"","df_regular_price":12.67,"df_image_link":"https:\/\/www.lifenatura.com\/wp-content\/uploads\/2025\/09\/dente-de-leao-100-comprimidos-sakai-300x300.jpg","_links":{"self":[{"href":"https:\/\/www.lifenatura.com\/es\/wp-json\/wp\/v2\/product\/121759","targetHints":{"allow":["GET"]}}],"collection":[{"href":"https:\/\/www.lifenatura.com\/es\/wp-json\/wp\/v2\/product"}],"about":[{"href":"https:\/\/www.lifenatura.com\/es\/wp-json\/wp\/v2\/types\/product"}],"wp:featuredmedia":[{"embeddable":true,"href":"https:\/\/www.lifenatura.com\/es\/wp-json\/wp\/v2\/media\/117657"}],"wp:attachment":[{"href":"https:\/\/www.lifenatura.com\/es\/wp-json\/wp\/v2\/media?parent=121759"}],"wp:term":[{"taxonomy":"product_brand","embeddable":true,"href":"https:\/\/www.lifenatura.com\/es\/wp-json\/wp\/v2\/product_brand?post=121759"},{"taxonomy":"product_cat","embeddable":true,"href":"https:\/\/www.lifenatura.com\/es\/wp-json\/wp\/v2\/product_cat?post=121759"},{"taxonomy":"product_tag","embeddable":true,"href":"https:\/\/www.lifenatura.com\/es\/wp-json\/wp\/v2\/product_tag?post=121759"}],"curies":[{"name":"wp","href":"https:\/\/api.w.org\/{rel}","templated":true}]}}