{"id":121751,"date":"2025-09-25T06:19:14","date_gmt":"2025-09-25T06:19:14","guid":{"rendered":"https:\/\/www.lifenatura.com\/produto\/sline-control-abdomy-45-capsulas-sakai\/"},"modified":"2025-11-20T13:11:27","modified_gmt":"2025-11-20T13:11:27","slug":"sline-control-abdomy-45-capsulas-sakai","status":"publish","type":"product","link":"https:\/\/www.lifenatura.com\/es\/produto\/sline-control-abdomy-45-capsulas-sakai\/","title":{"rendered":"Sline Control Abdomy 45 C\u00e1psulas &#8211; Sakai"},"content":{"rendered":"<h2 style=\"text-align: left;\" data-start=\"0\" data-end=\"72\"><strong data-start=\"3\" data-end=\"70\">Sline Control Abdomy &#8211; Sakai<\/strong><\/h2>\n<p>&nbsp;<\/p>\n<p data-start=\"74\" data-end=\"597\">El suplemento <strong data-start=\"87\" data-end=\"131\">Sakai Sline Control Abdominal (45 c\u00e1psulas)<\/strong> se ha formulado especialmente para quienes desean centrarse en la zona abdominal -la zona que suele acumular grasa localizada- y para quienes siguen una dieta hipocal\u00f3rica con el objetivo de remodelar el cuerpo.<\/p>\n<p data-start=\"74\" data-end=\"597\">La f\u00f3rmula combina el extracto patentado de mango africano Igob 131\u2122 (procedente de la especie Irvingia gabonensis) con cromo, ofreciendo un apoyo nutricional para vol\u00famenes espec\u00edficos y un metabolismo m\u00e1s eficaz.<\/p>\n<p data-start=\"599\" data-end=\"1096\">El extracto de Igob 131\u2122 act\u00faa como componente clave en el control de la grasa localizada alrededor de la cintura y el abdomen, mientras que el cromo contribuye al metabolismo normal de hidratos de carbono, grasas y prote\u00ednas y al mantenimiento de los niveles de glucosa en sangre.<\/p>\n<p data-start=\"599\" data-end=\"1096\">Esta sinergia pretende complementar un estilo de vida sano, con una dieta equilibrada y ejercicio regular, elementos esenciales para obtener mejores resultados en el contorno corporal.<\/p>\n<p data-start=\"1098\" data-end=\"1129\"><strong data-start=\"1102\" data-end=\"1127\">Principales ventajas<\/strong><\/p>\n<ul data-start=\"1130\" data-end=\"1836\">\n<li data-start=\"1130\" data-end=\"1267\">\n<p data-start=\"1132\" data-end=\"1267\">Ayuda a <strong data-start=\"1141\" data-end=\"1173\">controlar el volumen abdominal<\/strong>, favoreciendo el contorno de la cintura y el abdomen.<\/p>\n<\/li>\n<li data-start=\"1268\" data-end=\"1436\">\n<p data-start=\"1270\" data-end=\"1436\">Contribuye al <strong data-start=\"1287\" data-end=\"1329\">metabolismo normal de los macronutrientes<\/strong> (hidratos de carbono, grasas y prote\u00ednas) gracias a la presencia de cromo.<\/p>\n<\/li>\n<li data-start=\"1437\" data-end=\"1594\">\n<p data-start=\"1439\" data-end=\"1594\">Ayuda a <strong data-start=\"1447\" data-end=\"1500\">mantener niveles normales de glucosa<\/strong> en sangre, lo que est\u00e1 relacionado con una mejor gesti\u00f3n del peso y la energ\u00eda.<\/p>\n<\/li>\n<li data-start=\"1595\" data-end=\"1686\">\n<p data-start=\"1597\" data-end=\"1686\">Pr\u00e1ctica f\u00f3rmula en c\u00e1psulas, ideal para quienes buscan una f\u00e1cil integraci\u00f3n en la vida cotidiana.<\/p>\n<\/li>\n<li data-start=\"1687\" data-end=\"1836\">\n<p data-start=\"1689\" data-end=\"1836\">Dise\u00f1ado para quienes siguen una <strong data-start=\"1719\" data-end=\"1741\">dieta hipocal\u00f3rica<\/strong> y desean una ayuda adicional para centrarse en la zona abdominal.<\/p>\n<\/li>\n<\/ul>\n<p data-start=\"1838\" data-end=\"1861\"><strong data-start=\"1842\" data-end=\"1859\">Adecuado para<\/strong><\/p>\n<p data-start=\"1862\" data-end=\"1908\">Este suplemento es adecuado para adultos que<\/p>\n<ul data-start=\"1909\" data-end=\"2308\">\n<li data-start=\"1909\" data-end=\"1989\">\n<p data-start=\"1911\" data-end=\"1989\">Se comprometen a reducir la grasa localizada en la zona abdominal o cintura.<\/p>\n<\/li>\n<li data-start=\"1990\" data-end=\"2094\">\n<p data-start=\"1992\" data-end=\"2094\">Siguen o piensan seguir una dieta hipocal\u00f3rica y quieren potenciar los efectos sobre el contorno corporal.<\/p>\n<\/li>\n<li data-start=\"2095\" data-end=\"2204\">\n<p data-start=\"2097\" data-end=\"2204\">Quieren un apoyo espec\u00edfico para el volumen abdominal, incluso cuando ya se est\u00e1n realizando esfuerzos diet\u00e9ticos.<\/p>\n<\/li>\n<li data-start=\"2205\" data-end=\"2308\">\n<p data-start=\"2207\" data-end=\"2308\">Valoran un suplemento con una formulaci\u00f3n de precisi\u00f3n e ingredientes seleccionados para este fin.<\/p>\n<\/li>\n<\/ul>\n<p><strong>Presentaci\u00f3n:<\/strong><\/p>\n<p>45 c\u00e1psulas<\/p>\n<p>&nbsp;<\/p>\n","protected":false},"excerpt":{"rendered":"<p>Sline Control Abdomy de Sakai &#8211; suplemento con Igob 131\u2122 mango africano y cromo, para controlar el volumen abdominal, el metabolismo y la definici\u00f3n de la cintura. [&#8230;]<\/p>\n<p><a class=\"btn btn-secondary understrap-read-more-link\" href=\"https:\/\/www.lifenatura.com\/es\/produto\/sline-control-abdomy-45-capsulas-sakai\/\">Leer m\u00e1s&#8230;<span class=\"screen-reader-text\"> from Sline Control Abdomy 45 C\u00e1psulas &#8211; Sakai<\/span><\/a><\/p>\n","protected":false},"featured_media":121839,"template":"","meta":{"_acf_changed":false},"product_brand":[8375],"product_cat":[7190,7224,7193,7179],"product_tag":[],"class_list":{"0":"post-121751","1":"product","2":"type-product","3":"status-publish","4":"has-post-thumbnail","6":"product_brand-sakai","7":"product_cat-adelgazar","8":"product_cat-diabetes-salud","9":"product_cat-drenante-y-detox","10":"product_cat-salud","12":"first","13":"instock","14":"shipping-taxable","15":"purchasable","16":"product-type-simple","17":"add-to-wishlist-before_image"},"acf":[],"yoast_head":"<!-- This site is optimized with the Yoast SEO Premium plugin v27.1 (Yoast SEO v27.4) - https:\/\/yoast.com\/product\/yoast-seo-premium-wordpress\/ -->\n<title>Sline Control Abdomy 45 C\u00e1psulas - Sakai - Lifenatura<\/title>\n<meta name=\"description\" content=\"Sline Control Abdomy de Sakai con Igob 131\u2122 mango africano y cromo, para controlar el volumen abdominal, el metabolismo y la definici\u00f3n de la cintura.\" \/>\n<meta name=\"robots\" content=\"index, follow, max-snippet:-1, max-image-preview:large, max-video-preview:-1\" \/>\n<link rel=\"canonical\" href=\"https:\/\/www.lifenatura.com\/es\/produto\/sline-control-abdomy-45-capsulas-sakai\/\" \/>\n<meta property=\"og:locale\" content=\"es_ES\" \/>\n<meta property=\"og:type\" content=\"article\" \/>\n<meta property=\"og:title\" content=\"Sline Control Abdomy 45 C\u00e1psulas - Sakai - Lifenatura\" \/>\n<meta property=\"og:description\" content=\"Compre aqui o seu Sline Control Abdomy 45 C\u00e1psulas - Sakai e a Lifenatura Online envia em 48 H com Portes Gratis &gt;35\u20ac de Pedido.\" \/>\n<meta property=\"og:url\" content=\"https:\/\/www.lifenatura.com\/es\/produto\/sline-control-abdomy-45-capsulas-sakai\/\" \/>\n<meta property=\"og:site_name\" content=\"Lifenatura\" \/>\n<meta property=\"article:publisher\" content=\"https:\/\/www.facebook.com\/lifenatura\" \/>\n<meta property=\"article:modified_time\" content=\"2025-11-20T13:11:27+00:00\" \/>\n<meta property=\"og:image\" content=\"https:\/\/www.lifenatura.com\/wp-content\/uploads\/2025\/09\/sline-control-caps-abdomy-sakai.jpg\" \/>\n\t<meta property=\"og:image:width\" content=\"1000\" \/>\n\t<meta property=\"og:image:height\" content=\"1000\" \/>\n\t<meta property=\"og:image:type\" content=\"image\/jpeg\" \/>\n<meta name=\"twitter:card\" content=\"summary_large_image\" \/>\n<meta name=\"twitter:label1\" content=\"Precio\" \/>\n\t<meta name=\"twitter:data1\" content=\"24,24&nbsp;&euro;\" \/>\n\t<meta name=\"twitter:label2\" content=\"Disponibilidad\" \/>\n\t<meta name=\"twitter:data2\" content=\"Disponible\" \/>\n<meta property=\"product:price:amount\" content=\"24.24\" \/>\n<meta property=\"product:price:currency\" content=\"EUR\" \/>\n<meta property=\"og:availability\" content=\"instock\" \/>\n<meta property=\"product:availability\" content=\"instock\" \/>\n<meta property=\"product:retailer_item_id\" content=\"8423245030328\" \/>\n<meta property=\"product:condition\" content=\"new\" \/>\n<!-- \/ Yoast SEO Premium plugin. -->","yoast_head_json":{"title":"Sline Control Abdomy 45 C\u00e1psulas - Sakai - Lifenatura","description":"Sline Control Abdomy de Sakai con Igob 131\u2122 mango africano y cromo, para controlar el volumen abdominal, el metabolismo y la definici\u00f3n de la cintura.","robots":{"index":"index","follow":"follow","max-snippet":"max-snippet:-1","max-image-preview":"max-image-preview:large","max-video-preview":"max-video-preview:-1"},"canonical":"https:\/\/www.lifenatura.com\/es\/produto\/sline-control-abdomy-45-capsulas-sakai\/","og_locale":"es_ES","og_type":"article","og_title":"Sline Control Abdomy 45 C\u00e1psulas - Sakai - Lifenatura","og_description":"Compre aqui o seu Sline Control Abdomy 45 C\u00e1psulas - Sakai e a Lifenatura Online envia em 48 H com Portes Gratis >35\u20ac de Pedido.","og_url":"https:\/\/www.lifenatura.com\/es\/produto\/sline-control-abdomy-45-capsulas-sakai\/","og_site_name":"Lifenatura","article_publisher":"https:\/\/www.facebook.com\/lifenatura","article_modified_time":"2025-11-20T13:11:27+00:00","og_image":[{"width":1000,"height":1000,"url":"https:\/\/www.lifenatura.com\/wp-content\/uploads\/2025\/09\/sline-control-caps-abdomy-sakai.jpg","type":"image\/jpeg"}],"twitter_card":"summary_large_image","twitter_misc":{"Precio":"24,24&nbsp;&euro;","Disponibilidad":"Disponible"},"schema":{"@context":"https:\/\/schema.org","@graph":[{"@type":"WebPage","@id":"https:\/\/www.lifenatura.com\/es\/produto\/sline-control-abdomy-45-capsulas-sakai\/","url":"https:\/\/www.lifenatura.com\/es\/produto\/sline-control-abdomy-45-capsulas-sakai\/","name":"Sline Control Abdomy 45 C\u00e1psulas - Sakai - Lifenatura","isPartOf":{"@id":"https:\/\/www.lifenatura.com\/#website"},"primaryImageOfPage":{"@id":"https:\/\/www.lifenatura.com\/es\/produto\/sline-control-abdomy-45-capsulas-sakai\/#primaryimage"},"image":{"@id":"https:\/\/www.lifenatura.com\/es\/produto\/sline-control-abdomy-45-capsulas-sakai\/#primaryimage"},"thumbnailUrl":"https:\/\/www.lifenatura.com\/wp-content\/uploads\/2025\/09\/sline-control-caps-abdomy-sakai.jpg","datePublished":"2025-09-25T06:19:14+00:00","dateModified":"2025-11-20T13:11:27+00:00","description":"Sline Control Abdomy de Sakai con Igob 131\u2122 mango africano y cromo, para controlar el volumen abdominal, el metabolismo y la definici\u00f3n de la cintura.","breadcrumb":{"@id":"https:\/\/www.lifenatura.com\/es\/produto\/sline-control-abdomy-45-capsulas-sakai\/#breadcrumb"},"inLanguage":"es","potentialAction":[{"@type":"ReadAction","target":["https:\/\/www.lifenatura.com\/es\/produto\/sline-control-abdomy-45-capsulas-sakai\/"]}]},{"@type":"ImageObject","inLanguage":"es","@id":"https:\/\/www.lifenatura.com\/es\/produto\/sline-control-abdomy-45-capsulas-sakai\/#primaryimage","url":"https:\/\/www.lifenatura.com\/wp-content\/uploads\/2025\/09\/sline-control-caps-abdomy-sakai.jpg","contentUrl":"https:\/\/www.lifenatura.com\/wp-content\/uploads\/2025\/09\/sline-control-caps-abdomy-sakai.jpg","width":1000,"height":1000,"caption":"Sline Control Abdomy da marca sakai"},{"@type":"BreadcrumbList","@id":"https:\/\/www.lifenatura.com\/es\/produto\/sline-control-abdomy-45-capsulas-sakai\/#breadcrumb","itemListElement":[{"@type":"ListItem","position":1,"name":"In\u00edcio","item":"https:\/\/www.lifenatura.com\/es\/"},{"@type":"ListItem","position":2,"name":"Todos los Productos","item":"https:\/\/www.lifenatura.com\/es\/tienda\/"},{"@type":"ListItem","position":3,"name":"Sline Control Abdomy 45 C\u00e1psulas &#8211; Sakai"}]},{"@type":"WebSite","@id":"https:\/\/www.lifenatura.com\/#website","url":"https:\/\/www.lifenatura.com\/","name":"Lifenatura","description":"A Lifenatura \u00e9 uma loja de produtos naturais, cosm\u00e9tica natural e alimenta\u00e7\u00e3o Biol\u00f3gica.","publisher":{"@id":"https:\/\/www.lifenatura.com\/#organization"},"potentialAction":[{"@type":"SearchAction","target":{"@type":"EntryPoint","urlTemplate":"https:\/\/www.lifenatura.com\/?s={search_term_string}"},"query-input":{"@type":"PropertyValueSpecification","valueRequired":true,"valueName":"search_term_string"}}],"inLanguage":"es"},{"@type":"Organization","@id":"https:\/\/www.lifenatura.com\/#organization","name":"Lifenatura","url":"https:\/\/www.lifenatura.com\/","logo":{"@type":"ImageObject","inLanguage":"es","@id":"https:\/\/www.lifenatura.com\/#\/schema\/logo\/image\/","url":"https:\/\/www.lifenatura.com\/wp-content\/uploads\/2021\/11\/logo.png","contentUrl":"https:\/\/www.lifenatura.com\/wp-content\/uploads\/2021\/11\/logo.png","width":175,"height":55,"caption":"Lifenatura"},"image":{"@id":"https:\/\/www.lifenatura.com\/#\/schema\/logo\/image\/"},"sameAs":["https:\/\/www.facebook.com\/lifenatura","https:\/\/www.instagram.com\/lifenaturapt\/"]}]},"product_price_amount":"24.24","product_price_currency":"EUR","og_availability":"instock","product_availability":"instock","product_retailer_item_id":"8423245030328","product_condition":"new"},"df_price":24.24,"df_sale_price":"","df_regular_price":24.24,"df_image_link":"https:\/\/www.lifenatura.com\/wp-content\/uploads\/2025\/09\/sline-control-caps-abdomy-sakai-300x300.jpg","_links":{"self":[{"href":"https:\/\/www.lifenatura.com\/es\/wp-json\/wp\/v2\/product\/121751","targetHints":{"allow":["GET"]}}],"collection":[{"href":"https:\/\/www.lifenatura.com\/es\/wp-json\/wp\/v2\/product"}],"about":[{"href":"https:\/\/www.lifenatura.com\/es\/wp-json\/wp\/v2\/types\/product"}],"wp:featuredmedia":[{"embeddable":true,"href":"https:\/\/www.lifenatura.com\/es\/wp-json\/wp\/v2\/media\/121839"}],"wp:attachment":[{"href":"https:\/\/www.lifenatura.com\/es\/wp-json\/wp\/v2\/media?parent=121751"}],"wp:term":[{"taxonomy":"product_brand","embeddable":true,"href":"https:\/\/www.lifenatura.com\/es\/wp-json\/wp\/v2\/product_brand?post=121751"},{"taxonomy":"product_cat","embeddable":true,"href":"https:\/\/www.lifenatura.com\/es\/wp-json\/wp\/v2\/product_cat?post=121751"},{"taxonomy":"product_tag","embeddable":true,"href":"https:\/\/www.lifenatura.com\/es\/wp-json\/wp\/v2\/product_tag?post=121751"}],"curies":[{"name":"wp","href":"https:\/\/api.w.org\/{rel}","templated":true}]}}