{"id":121745,"date":"2025-09-25T06:19:30","date_gmt":"2025-09-25T06:19:30","guid":{"rendered":"https:\/\/www.lifenatura.com\/produto\/valeriana-60-capsulas-sakai\/"},"modified":"2025-11-19T19:08:29","modified_gmt":"2025-11-19T19:08:29","slug":"valeriana-60-capsulas-sakai","status":"publish","type":"product","link":"https:\/\/www.lifenatura.com\/es\/produto\/valeriana-60-capsulas-sakai\/","title":{"rendered":"Valeriana 60 C\u00e1psulas &#8211; Sakai"},"content":{"rendered":"<h2 style=\"text-align: left;\" data-start=\"0\" data-end=\"55\"><strong data-start=\"3\" data-end=\"55\">Valeriana para favorecer la calidad del sue\u00f1o de forma natural &#8211; Sakai<\/strong><\/h2>\n<p>&nbsp;<\/p>\n<p data-start=\"57\" data-end=\"530\">El suplemento <strong data-start=\"70\" data-end=\"103\">Sakai de Valeriana (60 c\u00e1psulas)<\/strong> es una soluci\u00f3n herbal dise\u00f1ada para fomentar la relajaci\u00f3n, reducir el nerviosismo y favorecer la calidad del sue\u00f1o de forma natural. La ra\u00edz de Valeriana officinalis, reconocida por sus propiedades calmantes, constituye la base de esta f\u00f3rmula, ideal para adultos que se enfrentan al estr\u00e9s diario, tienen dificultades para conciliar el sue\u00f1o o simplemente buscan mejorar su descanso nocturno.<\/p>\n<p data-start=\"532\" data-end=\"894\">La f\u00f3rmula recubierta evita el olor caracter\u00edstico de la ra\u00edz seca de valeriana, por lo que es f\u00e1cil de ingerir y adecuada para un uso regular. Recomendamos tomar 1 c\u00e1psula al d\u00eda, preferiblemente por la noche antes de acostarse, para optimizar el efecto relajante y favorecer el descanso.<\/p>\n<p data-start=\"896\" data-end=\"925\"><strong data-start=\"900\" data-end=\"925\">Principales ventajas<\/strong><\/p>\n<ul data-start=\"926\" data-end=\"1371\">\n<li data-start=\"926\" data-end=\"1065\">\n<p data-start=\"928\" data-end=\"1065\">Ayuda a <strong data-start=\"936\" data-end=\"964\">calmar el sistema nervioso<\/strong>, reduciendo los sentimientos de irritabilidad o ansiedad leve.<\/p>\n<\/li>\n<li data-start=\"1066\" data-end=\"1216\">\n<p data-start=\"1068\" data-end=\"1216\">Favorece una <strong data-start=\"1081\" data-end=\"1109\">mejor calidad del sue\u00f1o<\/strong>, promoviendo una conciliaci\u00f3n del sue\u00f1o m\u00e1s r\u00e1pida y un descanso m\u00e1s reparador.<\/p>\n<\/li>\n<li data-start=\"1217\" data-end=\"1371\">\n<p data-start=\"1219\" data-end=\"1371\">F\u00f3rmula en c\u00e1psulas f\u00e1cil de usar, sin cafe\u00edna ni otros estimulantes, adecuada para usar al final del d\u00eda.<\/p>\n<\/li>\n<\/ul>\n<p data-start=\"1373\" data-end=\"1394\"><strong data-start=\"1377\" data-end=\"1394\">Adecuado para<\/strong><\/p>\n<p data-start=\"1395\" data-end=\"1457\">Este suplemento est\u00e1 especialmente indicado para adultos que<\/p>\n<ul data-start=\"1458\" data-end=\"1831\">\n<li data-start=\"1458\" data-end=\"1560\">\n<p data-start=\"1460\" data-end=\"1560\">Experimentan momentos de mayor estr\u00e9s, ansiedad o inquietud y buscan un aliado natural para relajarse.<\/p>\n<\/li>\n<li data-start=\"1561\" data-end=\"1638\">\n<p data-start=\"1563\" data-end=\"1638\">Tienen problemas para dormirse o quieren mejorar la calidad de su sue\u00f1o.<\/p>\n<\/li>\n<li data-start=\"1639\" data-end=\"1737\">\n<p data-start=\"1641\" data-end=\"1737\">Prefieren f\u00f3rmulas herbales naturales y sencillas, integradas en su rutina de bienestar.<\/p>\n<\/li>\n<li data-start=\"1738\" data-end=\"1831\">\n<p data-start=\"1740\" data-end=\"1831\">Necesitan una soluci\u00f3n nocturna f\u00e1cil de tomar que complemente un estilo de vida saludable.<\/p>\n<\/li>\n<\/ul>\n<p><strong>Presentaci\u00f3n:<\/strong><\/p>\n<p>60 c\u00e1psulas.<\/p>\n<p>&nbsp;<\/p>\n","protected":false},"excerpt":{"rendered":"<p>Valeriana (60 c\u00e1psulas) de Sakai &#8211; suplemento de hierbas a base de ra\u00edz de valeriana para relajarse, reducir el nerviosismo y mejorar la calidad del sue\u00f1o. [&#8230;]<\/p>\n<p><a class=\"btn btn-secondary understrap-read-more-link\" href=\"https:\/\/www.lifenatura.com\/es\/produto\/valeriana-60-capsulas-sakai\/\">Leer m\u00e1s&#8230;<span class=\"screen-reader-text\"> from Valeriana 60 C\u00e1psulas &#8211; Sakai<\/span><\/a><\/p>\n","protected":false},"featured_media":117807,"template":"","meta":{"_acf_changed":false},"product_brand":[8375],"product_cat":[7213,7214,7179],"product_tag":[],"class_list":{"0":"post-121745","1":"product","2":"type-product","3":"status-publish","4":"has-post-thumbnail","6":"product_brand-sakai","7":"product_cat-ansiedad-y-depresion","8":"product_cat-para-dormir","9":"product_cat-salud","11":"first","12":"instock","13":"shipping-taxable","14":"purchasable","15":"product-type-simple","16":"add-to-wishlist-before_image"},"acf":[],"yoast_head":"<!-- This site is optimized with the Yoast SEO Premium plugin v27.1 (Yoast SEO v27.4) - https:\/\/yoast.com\/product\/yoast-seo-premium-wordpress\/ -->\n<title>Valeriana 60 C\u00e1psulas - Sakai - Lifenatura<\/title>\n<meta name=\"description\" content=\"Valeriana (60 c\u00e1psulas) de Sakai - suplemento de hierbas a base de ra\u00edz de valeriana para relajarse, reducir el nerviosismo y mejorar la calidad del sue\u00f1o.\" \/>\n<meta name=\"robots\" content=\"index, follow, max-snippet:-1, max-image-preview:large, max-video-preview:-1\" \/>\n<link rel=\"canonical\" href=\"https:\/\/www.lifenatura.com\/es\/produto\/valeriana-60-capsulas-sakai\/\" \/>\n<meta property=\"og:locale\" content=\"es_ES\" \/>\n<meta property=\"og:type\" content=\"article\" \/>\n<meta property=\"og:title\" content=\"Valeriana 60 C\u00e1psulas - Sakai - Lifenatura\" \/>\n<meta property=\"og:description\" content=\"Compre aqui o seu Valeriana 60 C\u00e1psulas - Sakai e a Lifenatura Online envia em 48 H com Portes Gratis &gt;35\u20ac de Pedido.\" \/>\n<meta property=\"og:url\" content=\"https:\/\/www.lifenatura.com\/es\/produto\/valeriana-60-capsulas-sakai\/\" \/>\n<meta property=\"og:site_name\" content=\"Lifenatura\" \/>\n<meta property=\"article:publisher\" content=\"https:\/\/www.facebook.com\/lifenatura\" \/>\n<meta property=\"article:modified_time\" content=\"2025-11-19T19:08:29+00:00\" \/>\n<meta property=\"og:image\" content=\"https:\/\/www.lifenatura.com\/wp-content\/uploads\/2025\/09\/valeriana-60-capsulas-sakai.jpg\" \/>\n\t<meta property=\"og:image:width\" content=\"1000\" \/>\n\t<meta property=\"og:image:height\" content=\"1000\" \/>\n\t<meta property=\"og:image:type\" content=\"image\/jpeg\" \/>\n<meta name=\"twitter:card\" content=\"summary_large_image\" \/>\n<meta name=\"twitter:label1\" content=\"Precio\" \/>\n\t<meta name=\"twitter:data1\" content=\"15,66&nbsp;&euro;\" \/>\n\t<meta name=\"twitter:label2\" content=\"Disponibilidad\" \/>\n\t<meta name=\"twitter:data2\" content=\"Disponible\" \/>\n<meta property=\"product:price:amount\" content=\"15.66\" \/>\n<meta property=\"product:price:currency\" content=\"EUR\" \/>\n<meta property=\"og:availability\" content=\"instock\" \/>\n<meta property=\"product:availability\" content=\"instock\" \/>\n<meta property=\"product:retailer_item_id\" content=\"8423245260800\" \/>\n<meta property=\"product:condition\" content=\"new\" \/>\n<!-- \/ Yoast SEO Premium plugin. -->","yoast_head_json":{"title":"Valeriana 60 C\u00e1psulas - Sakai - Lifenatura","description":"Valeriana (60 c\u00e1psulas) de Sakai - suplemento de hierbas a base de ra\u00edz de valeriana para relajarse, reducir el nerviosismo y mejorar la calidad del sue\u00f1o.","robots":{"index":"index","follow":"follow","max-snippet":"max-snippet:-1","max-image-preview":"max-image-preview:large","max-video-preview":"max-video-preview:-1"},"canonical":"https:\/\/www.lifenatura.com\/es\/produto\/valeriana-60-capsulas-sakai\/","og_locale":"es_ES","og_type":"article","og_title":"Valeriana 60 C\u00e1psulas - Sakai - Lifenatura","og_description":"Compre aqui o seu Valeriana 60 C\u00e1psulas - Sakai e a Lifenatura Online envia em 48 H com Portes Gratis >35\u20ac de Pedido.","og_url":"https:\/\/www.lifenatura.com\/es\/produto\/valeriana-60-capsulas-sakai\/","og_site_name":"Lifenatura","article_publisher":"https:\/\/www.facebook.com\/lifenatura","article_modified_time":"2025-11-19T19:08:29+00:00","og_image":[{"width":1000,"height":1000,"url":"https:\/\/www.lifenatura.com\/wp-content\/uploads\/2025\/09\/valeriana-60-capsulas-sakai.jpg","type":"image\/jpeg"}],"twitter_card":"summary_large_image","twitter_misc":{"Precio":"15,66&nbsp;&euro;","Disponibilidad":"Disponible"},"schema":{"@context":"https:\/\/schema.org","@graph":[{"@type":"WebPage","@id":"https:\/\/www.lifenatura.com\/es\/produto\/valeriana-60-capsulas-sakai\/","url":"https:\/\/www.lifenatura.com\/es\/produto\/valeriana-60-capsulas-sakai\/","name":"Valeriana 60 C\u00e1psulas - Sakai - Lifenatura","isPartOf":{"@id":"https:\/\/www.lifenatura.com\/#website"},"primaryImageOfPage":{"@id":"https:\/\/www.lifenatura.com\/es\/produto\/valeriana-60-capsulas-sakai\/#primaryimage"},"image":{"@id":"https:\/\/www.lifenatura.com\/es\/produto\/valeriana-60-capsulas-sakai\/#primaryimage"},"thumbnailUrl":"https:\/\/www.lifenatura.com\/wp-content\/uploads\/2025\/09\/valeriana-60-capsulas-sakai.jpg","datePublished":"2025-09-25T06:19:30+00:00","dateModified":"2025-11-19T19:08:29+00:00","description":"Valeriana (60 c\u00e1psulas) de Sakai - suplemento de hierbas a base de ra\u00edz de valeriana para relajarse, reducir el nerviosismo y mejorar la calidad del sue\u00f1o.","breadcrumb":{"@id":"https:\/\/www.lifenatura.com\/es\/produto\/valeriana-60-capsulas-sakai\/#breadcrumb"},"inLanguage":"es","potentialAction":[{"@type":"ReadAction","target":["https:\/\/www.lifenatura.com\/es\/produto\/valeriana-60-capsulas-sakai\/"]}]},{"@type":"ImageObject","inLanguage":"es","@id":"https:\/\/www.lifenatura.com\/es\/produto\/valeriana-60-capsulas-sakai\/#primaryimage","url":"https:\/\/www.lifenatura.com\/wp-content\/uploads\/2025\/09\/valeriana-60-capsulas-sakai.jpg","contentUrl":"https:\/\/www.lifenatura.com\/wp-content\/uploads\/2025\/09\/valeriana-60-capsulas-sakai.jpg","width":1000,"height":1000,"caption":"Valeriana da marca sakai"},{"@type":"BreadcrumbList","@id":"https:\/\/www.lifenatura.com\/es\/produto\/valeriana-60-capsulas-sakai\/#breadcrumb","itemListElement":[{"@type":"ListItem","position":1,"name":"In\u00edcio","item":"https:\/\/www.lifenatura.com\/es\/"},{"@type":"ListItem","position":2,"name":"Todos los Productos","item":"https:\/\/www.lifenatura.com\/es\/tienda\/"},{"@type":"ListItem","position":3,"name":"Valeriana 60 C\u00e1psulas &#8211; Sakai"}]},{"@type":"WebSite","@id":"https:\/\/www.lifenatura.com\/#website","url":"https:\/\/www.lifenatura.com\/","name":"Lifenatura","description":"A Lifenatura \u00e9 uma loja de produtos naturais, cosm\u00e9tica natural e alimenta\u00e7\u00e3o Biol\u00f3gica.","publisher":{"@id":"https:\/\/www.lifenatura.com\/#organization"},"potentialAction":[{"@type":"SearchAction","target":{"@type":"EntryPoint","urlTemplate":"https:\/\/www.lifenatura.com\/?s={search_term_string}"},"query-input":{"@type":"PropertyValueSpecification","valueRequired":true,"valueName":"search_term_string"}}],"inLanguage":"es"},{"@type":"Organization","@id":"https:\/\/www.lifenatura.com\/#organization","name":"Lifenatura","url":"https:\/\/www.lifenatura.com\/","logo":{"@type":"ImageObject","inLanguage":"es","@id":"https:\/\/www.lifenatura.com\/#\/schema\/logo\/image\/","url":"https:\/\/www.lifenatura.com\/wp-content\/uploads\/2021\/11\/logo.png","contentUrl":"https:\/\/www.lifenatura.com\/wp-content\/uploads\/2021\/11\/logo.png","width":175,"height":55,"caption":"Lifenatura"},"image":{"@id":"https:\/\/www.lifenatura.com\/#\/schema\/logo\/image\/"},"sameAs":["https:\/\/www.facebook.com\/lifenatura","https:\/\/www.instagram.com\/lifenaturapt\/"]}]},"product_price_amount":"15.66","product_price_currency":"EUR","og_availability":"instock","product_availability":"instock","product_retailer_item_id":"8423245260800","product_condition":"new"},"df_price":15.66,"df_sale_price":"","df_regular_price":15.66,"df_image_link":"https:\/\/www.lifenatura.com\/wp-content\/uploads\/2025\/09\/valeriana-60-capsulas-sakai-300x300.jpg","_links":{"self":[{"href":"https:\/\/www.lifenatura.com\/es\/wp-json\/wp\/v2\/product\/121745","targetHints":{"allow":["GET"]}}],"collection":[{"href":"https:\/\/www.lifenatura.com\/es\/wp-json\/wp\/v2\/product"}],"about":[{"href":"https:\/\/www.lifenatura.com\/es\/wp-json\/wp\/v2\/types\/product"}],"wp:featuredmedia":[{"embeddable":true,"href":"https:\/\/www.lifenatura.com\/es\/wp-json\/wp\/v2\/media\/117807"}],"wp:attachment":[{"href":"https:\/\/www.lifenatura.com\/es\/wp-json\/wp\/v2\/media?parent=121745"}],"wp:term":[{"taxonomy":"product_brand","embeddable":true,"href":"https:\/\/www.lifenatura.com\/es\/wp-json\/wp\/v2\/product_brand?post=121745"},{"taxonomy":"product_cat","embeddable":true,"href":"https:\/\/www.lifenatura.com\/es\/wp-json\/wp\/v2\/product_cat?post=121745"},{"taxonomy":"product_tag","embeddable":true,"href":"https:\/\/www.lifenatura.com\/es\/wp-json\/wp\/v2\/product_tag?post=121745"}],"curies":[{"name":"wp","href":"https:\/\/api.w.org\/{rel}","templated":true}]}}