{"id":121743,"date":"2025-09-25T06:18:12","date_gmt":"2025-09-25T06:18:12","guid":{"rendered":"https:\/\/www.lifenatura.com\/produto\/diphilus-probioticos-15-sticks-sakai\/"},"modified":"2025-11-24T18:19:23","modified_gmt":"2025-11-24T18:19:23","slug":"diphilus-probioticos-15-sticks-sakai","status":"publish","type":"product","link":"https:\/\/www.lifenatura.com\/es\/produto\/diphilus-probioticos-15-sticks-sakai\/","title":{"rendered":"Diphilus Probi\u00f3ticos 15 sticks &#8211; Sakai"},"content":{"rendered":"<h2 style=\"text-align: left;\" data-start=\"183\" data-end=\"268\">Diphilus Probiotics &#8211; Sakai<\/h2>\n<p>&nbsp;<\/p>\n<p data-start=\"270\" data-end=\"666\"><strong data-start=\"272\" data-end=\"315\">Diphilus Probi\u00f3ticos 15 Sticks de Sakai<\/strong> es un complemento alimenticio innovador que combina <strong data-start=\"363\" data-end=\"404\">probi\u00f3ticos, prebi\u00f3ticos y vitamina C<\/strong> para favorecer el equilibrio de la flora intestinal y reforzar el sistema inmunitario. Formulado con <strong data-start=\"499\" data-end=\"551\">cepas probi\u00f3ticas cuidadosamente seleccionadas<\/strong>, ayuda a restaurar el microbioma intestinal, mejorando la digesti\u00f3n, la absorci\u00f3n de nutrientes y el bienestar general.<\/p>\n<p data-start=\"668\" data-end=\"1101\">Cada barrita contiene una alta concentraci\u00f3n de <strong data-start=\"714\" data-end=\"743\">bacterias beneficiosas vivas<\/strong>, como <em data-start=\"750\" data-end=\"765\">Lactobacillus<\/em> y <em data-start=\"768\" data-end=\"785\">Bifidobacterium<\/em>, que act\u00faan directamente en el intestino, favoreciendo una flora sana y equilibrada. La adici\u00f3n de <strong data-start=\"880\" data-end=\"911\">fructooligosac\u00e1ridos (FOS)<\/strong>, que act\u00faan como prebi\u00f3ticos, sirven de alimento a los probi\u00f3ticos, potenciando su eficacia. <strong data-start=\"1014\" data-end=\"1028\">La vitamina C<\/strong> refuerza el sistema inmunitario y protege las c\u00e9lulas del estr\u00e9s oxidativo.<\/p>\n<p data-start=\"1103\" data-end=\"1384\">Con un sabor agradable y un formato pr\u00e1ctico, <strong data-start=\"1144\" data-end=\"1174\">Diphilus Probi\u00f3ticos Sakai<\/strong> es f\u00e1cil de tomar, no necesita agua y es ideal para el uso diario o en situaciones en las que el equilibrio intestinal est\u00e1 comprometido, como despu\u00e9s de antibi\u00f3ticos, cambios en la dieta, estr\u00e9s o viajes.<\/p>\n<p data-start=\"1386\" data-end=\"1442\"><strong>Principales beneficios de los Probi\u00f3ticos Diphilus Sakai:<\/strong><\/p>\n<ul data-start=\"1443\" data-end=\"1731\">\n<li data-start=\"1443\" data-end=\"1490\">\n<p data-start=\"1445\" data-end=\"1490\"><strong data-start=\"1445\" data-end=\"1488\">Equilibra y refuerza la flora intestinal.<\/strong><\/p>\n<\/li>\n<li data-start=\"1491\" data-end=\"1545\">\n<p data-start=\"1493\" data-end=\"1545\"><strong data-start=\"1493\" data-end=\"1543\">Mejora la digesti\u00f3n y la absorci\u00f3n de nutrientes.<\/strong><\/p>\n<\/li>\n<li data-start=\"1546\" data-end=\"1592\">\n<p data-start=\"1548\" data-end=\"1592\"><strong data-start=\"1548\" data-end=\"1590\">Ayuda a reforzar el sistema inmunitario.<\/strong><\/p>\n<\/li>\n<li data-start=\"1593\" data-end=\"1665\">\n<p data-start=\"1595\" data-end=\"1665\"><strong data-start=\"1595\" data-end=\"1630\">Favorece el bienestar intestinal<\/strong> y reduce las molestias digestivas.<\/p>\n<\/li>\n<li data-start=\"1666\" data-end=\"1731\">\n<p data-start=\"1668\" data-end=\"1731\"><strong data-start=\"1668\" data-end=\"1697\">Pr\u00e1ctica f\u00f3rmula en barritas<\/strong>, con probi\u00f3ticos y prebi\u00f3ticos.<\/p>\n<\/li>\n<\/ul>\n<p data-start=\"1733\" data-end=\"1763\"><strong>\u00bfA qui\u00e9n va dirigido?<\/strong><\/p>\n<p data-start=\"1764\" data-end=\"2033\"><strong data-start=\"1766\" data-end=\"1796\">Los Probi\u00f3ticos Sakai Diphilus<\/strong> son adecuados para las personas que sufren desequilibrios intestinales, digestiones lentas, cambios en el tr\u00e1nsito intestinal o despu\u00e9s de un tratamiento con antibi\u00f3ticos. Tambi\u00e9n es ideal para quienes buscan reforzar la inmunidad y el bienestar digestivo.<\/p>\n<p data-start=\"2035\" data-end=\"2152\">Con una f\u00f3rmula equilibrada y eficaz, es el aliado perfecto para <strong data-start=\"2098\" data-end=\"2149\">un intestino sano y una digesti\u00f3n armoniosa<\/strong>.<\/p>\n<p data-start=\"2035\" data-end=\"2152\"><strong>Presentaci\u00f3n:<\/strong><\/p>\n<p data-start=\"2035\" data-end=\"2152\">15 palos<\/p>\n<p data-start=\"2035\" data-end=\"2152\">\n","protected":false},"excerpt":{"rendered":"<p>Diphilus Probi\u00f3ticos Sakai &#8211; suplemento con probi\u00f3ticos, prebi\u00f3ticos y vitamina C. Equilibra la flora intestinal, mejora la digesti\u00f3n y el sistema inmunitario. [&#8230;]<\/p>\n<p><a class=\"btn btn-secondary understrap-read-more-link\" href=\"https:\/\/www.lifenatura.com\/es\/produto\/diphilus-probioticos-15-sticks-sakai\/\">Leer m\u00e1s&#8230;<span class=\"screen-reader-text\"> from Diphilus Probi\u00f3ticos 15 sticks &#8211; Sakai<\/span><\/a><\/p>\n","protected":false},"featured_media":117665,"template":"","meta":{"_acf_changed":false},"product_brand":[8375],"product_cat":[7256,7659,7770,7179],"product_tag":[],"class_list":{"0":"post-121743","1":"product","2":"type-product","3":"status-publish","4":"has-post-thumbnail","6":"product_brand-sakai","7":"product_cat-flora-intestinal-salud","8":"product_cat-ingrediente-natural-bio","9":"product_cat-probioticos-es","10":"product_cat-salud","12":"first","13":"instock","14":"shipping-taxable","15":"purchasable","16":"product-type-simple","17":"add-to-wishlist-before_image"},"acf":[],"yoast_head":"<!-- This site is optimized with the Yoast SEO Premium plugin v27.1 (Yoast SEO v27.3) - https:\/\/yoast.com\/product\/yoast-seo-premium-wordpress\/ -->\n<title>Diphilus Probi\u00f3ticos 15 sticks - Sakai - Lifenatura<\/title>\n<meta name=\"description\" content=\"Diphilus Probi\u00f3ticos Sakai con probi\u00f3ticos, prebi\u00f3ticos y vitamina C. Equilibra la flora intestinal, mejora la digesti\u00f3n y el sistema inmunitario.\" \/>\n<meta name=\"robots\" content=\"index, follow, max-snippet:-1, max-image-preview:large, max-video-preview:-1\" \/>\n<link rel=\"canonical\" href=\"https:\/\/www.lifenatura.com\/es\/produto\/diphilus-probioticos-15-sticks-sakai\/\" \/>\n<meta property=\"og:locale\" content=\"es_ES\" \/>\n<meta property=\"og:type\" content=\"article\" \/>\n<meta property=\"og:title\" content=\"Diphilus Probi\u00f3ticos 15 sticks - Sakai - Lifenatura\" \/>\n<meta property=\"og:description\" content=\"Compre aqui o seu Diphilus Probi\u00f3ticos 15 sticks - Sakai e a Lifenatura Online envia em 48 H com Portes Gratis &gt;35\u20ac de Pedido.\" \/>\n<meta property=\"og:url\" content=\"https:\/\/www.lifenatura.com\/es\/produto\/diphilus-probioticos-15-sticks-sakai\/\" \/>\n<meta property=\"og:site_name\" content=\"Lifenatura\" \/>\n<meta property=\"article:publisher\" content=\"https:\/\/www.facebook.com\/lifenatura\" \/>\n<meta property=\"article:modified_time\" content=\"2025-11-24T18:19:23+00:00\" \/>\n<meta property=\"og:image\" content=\"https:\/\/www.lifenatura.com\/wp-content\/uploads\/2025\/09\/diphilus-sakbiotic-15-sticks-sakai.jpg\" \/>\n\t<meta property=\"og:image:width\" content=\"1000\" \/>\n\t<meta property=\"og:image:height\" content=\"1000\" \/>\n\t<meta property=\"og:image:type\" content=\"image\/jpeg\" \/>\n<meta name=\"twitter:card\" content=\"summary_large_image\" \/>\n<meta name=\"twitter:label1\" content=\"Precio\" \/>\n\t<meta name=\"twitter:data1\" content=\"14,00&nbsp;&euro;\" \/>\n\t<meta name=\"twitter:label2\" content=\"Disponibilidad\" \/>\n\t<meta name=\"twitter:data2\" content=\"Disponible\" \/>\n<meta property=\"product:price:amount\" content=\"14.00\" \/>\n<meta property=\"product:price:currency\" content=\"EUR\" \/>\n<meta property=\"og:availability\" content=\"instock\" \/>\n<meta property=\"product:availability\" content=\"instock\" \/>\n<meta property=\"product:retailer_item_id\" content=\"8423245260039\" \/>\n<meta property=\"product:condition\" content=\"new\" \/>\n<!-- \/ Yoast SEO Premium plugin. -->","yoast_head_json":{"title":"Diphilus Probi\u00f3ticos 15 sticks - Sakai - Lifenatura","description":"Diphilus Probi\u00f3ticos Sakai con probi\u00f3ticos, prebi\u00f3ticos y vitamina C. Equilibra la flora intestinal, mejora la digesti\u00f3n y el sistema inmunitario.","robots":{"index":"index","follow":"follow","max-snippet":"max-snippet:-1","max-image-preview":"max-image-preview:large","max-video-preview":"max-video-preview:-1"},"canonical":"https:\/\/www.lifenatura.com\/es\/produto\/diphilus-probioticos-15-sticks-sakai\/","og_locale":"es_ES","og_type":"article","og_title":"Diphilus Probi\u00f3ticos 15 sticks - Sakai - Lifenatura","og_description":"Compre aqui o seu Diphilus Probi\u00f3ticos 15 sticks - Sakai e a Lifenatura Online envia em 48 H com Portes Gratis >35\u20ac de Pedido.","og_url":"https:\/\/www.lifenatura.com\/es\/produto\/diphilus-probioticos-15-sticks-sakai\/","og_site_name":"Lifenatura","article_publisher":"https:\/\/www.facebook.com\/lifenatura","article_modified_time":"2025-11-24T18:19:23+00:00","og_image":[{"width":1000,"height":1000,"url":"https:\/\/www.lifenatura.com\/wp-content\/uploads\/2025\/09\/diphilus-sakbiotic-15-sticks-sakai.jpg","type":"image\/jpeg"}],"twitter_card":"summary_large_image","twitter_misc":{"Precio":"14,00&nbsp;&euro;","Disponibilidad":"Disponible"},"schema":{"@context":"https:\/\/schema.org","@graph":[{"@type":"WebPage","@id":"https:\/\/www.lifenatura.com\/es\/produto\/diphilus-probioticos-15-sticks-sakai\/","url":"https:\/\/www.lifenatura.com\/es\/produto\/diphilus-probioticos-15-sticks-sakai\/","name":"Diphilus Probi\u00f3ticos 15 sticks - Sakai - Lifenatura","isPartOf":{"@id":"https:\/\/www.lifenatura.com\/es\/#website"},"primaryImageOfPage":{"@id":"https:\/\/www.lifenatura.com\/es\/produto\/diphilus-probioticos-15-sticks-sakai\/#primaryimage"},"image":{"@id":"https:\/\/www.lifenatura.com\/es\/produto\/diphilus-probioticos-15-sticks-sakai\/#primaryimage"},"thumbnailUrl":"https:\/\/www.lifenatura.com\/wp-content\/uploads\/2025\/09\/diphilus-sakbiotic-15-sticks-sakai.jpg","datePublished":"2025-09-25T06:18:12+00:00","dateModified":"2025-11-24T18:19:23+00:00","description":"Diphilus Probi\u00f3ticos Sakai con probi\u00f3ticos, prebi\u00f3ticos y vitamina C. Equilibra la flora intestinal, mejora la digesti\u00f3n y el sistema inmunitario.","breadcrumb":{"@id":"https:\/\/www.lifenatura.com\/es\/produto\/diphilus-probioticos-15-sticks-sakai\/#breadcrumb"},"inLanguage":"es","potentialAction":[{"@type":"ReadAction","target":["https:\/\/www.lifenatura.com\/es\/produto\/diphilus-probioticos-15-sticks-sakai\/"]}]},{"@type":"ImageObject","inLanguage":"es","@id":"https:\/\/www.lifenatura.com\/es\/produto\/diphilus-probioticos-15-sticks-sakai\/#primaryimage","url":"https:\/\/www.lifenatura.com\/wp-content\/uploads\/2025\/09\/diphilus-sakbiotic-15-sticks-sakai.jpg","contentUrl":"https:\/\/www.lifenatura.com\/wp-content\/uploads\/2025\/09\/diphilus-sakbiotic-15-sticks-sakai.jpg","width":1000,"height":1000,"caption":"diphilus sakbiotic da marca sakai"},{"@type":"BreadcrumbList","@id":"https:\/\/www.lifenatura.com\/es\/produto\/diphilus-probioticos-15-sticks-sakai\/#breadcrumb","itemListElement":[{"@type":"ListItem","position":1,"name":"In\u00edcio","item":"https:\/\/www.lifenatura.com\/es\/"},{"@type":"ListItem","position":2,"name":"Todos los Productos","item":"https:\/\/www.lifenatura.com\/es\/tienda\/"},{"@type":"ListItem","position":3,"name":"Diphilus Probi\u00f3ticos 15 sticks &#8211; Sakai"}]},{"@type":"WebSite","@id":"https:\/\/www.lifenatura.com\/es\/#website","url":"https:\/\/www.lifenatura.com\/es\/","name":"Lifenatura","description":"A Lifenatura \u00e9 uma loja de produtos naturais, cosm\u00e9tica natural e alimenta\u00e7\u00e3o Biol\u00f3gica.","publisher":{"@id":"https:\/\/www.lifenatura.com\/es\/#organization"},"potentialAction":[{"@type":"SearchAction","target":{"@type":"EntryPoint","urlTemplate":"https:\/\/www.lifenatura.com\/es\/?s={search_term_string}"},"query-input":{"@type":"PropertyValueSpecification","valueRequired":true,"valueName":"search_term_string"}}],"inLanguage":"es"},{"@type":"Organization","@id":"https:\/\/www.lifenatura.com\/es\/#organization","name":"Lifenatura","url":"https:\/\/www.lifenatura.com\/es\/","logo":{"@type":"ImageObject","inLanguage":"es","@id":"https:\/\/www.lifenatura.com\/es\/#\/schema\/logo\/image\/","url":"https:\/\/www.lifenatura.com\/wp-content\/uploads\/2021\/11\/logo.png","contentUrl":"https:\/\/www.lifenatura.com\/wp-content\/uploads\/2021\/11\/logo.png","width":175,"height":55,"caption":"Lifenatura"},"image":{"@id":"https:\/\/www.lifenatura.com\/es\/#\/schema\/logo\/image\/"},"sameAs":["https:\/\/www.facebook.com\/lifenatura","https:\/\/www.instagram.com\/lifenaturapt\/"]}]},"product_price_amount":"14.00","product_price_currency":"EUR","og_availability":"instock","product_availability":"instock","product_retailer_item_id":"8423245260039","product_condition":"new"},"df_price":14,"df_sale_price":"","df_regular_price":14,"df_image_link":"https:\/\/www.lifenatura.com\/wp-content\/uploads\/2025\/09\/diphilus-sakbiotic-15-sticks-sakai-300x300.jpg","_links":{"self":[{"href":"https:\/\/www.lifenatura.com\/es\/wp-json\/wp\/v2\/product\/121743","targetHints":{"allow":["GET"]}}],"collection":[{"href":"https:\/\/www.lifenatura.com\/es\/wp-json\/wp\/v2\/product"}],"about":[{"href":"https:\/\/www.lifenatura.com\/es\/wp-json\/wp\/v2\/types\/product"}],"wp:featuredmedia":[{"embeddable":true,"href":"https:\/\/www.lifenatura.com\/es\/wp-json\/wp\/v2\/media\/117665"}],"wp:attachment":[{"href":"https:\/\/www.lifenatura.com\/es\/wp-json\/wp\/v2\/media?parent=121743"}],"wp:term":[{"taxonomy":"product_brand","embeddable":true,"href":"https:\/\/www.lifenatura.com\/es\/wp-json\/wp\/v2\/product_brand?post=121743"},{"taxonomy":"product_cat","embeddable":true,"href":"https:\/\/www.lifenatura.com\/es\/wp-json\/wp\/v2\/product_cat?post=121743"},{"taxonomy":"product_tag","embeddable":true,"href":"https:\/\/www.lifenatura.com\/es\/wp-json\/wp\/v2\/product_tag?post=121743"}],"curies":[{"name":"wp","href":"https:\/\/api.w.org\/{rel}","templated":true}]}}