{"id":121733,"date":"2025-09-25T06:18:21","date_gmt":"2025-09-25T06:18:21","guid":{"rendered":"https:\/\/www.lifenatura.com\/produto\/gargola-equinacea-45-capsulas-sakai\/"},"modified":"2025-11-24T08:59:51","modified_gmt":"2025-11-24T08:59:51","slug":"gargola-equinacea-45-capsulas-sakai","status":"publish","type":"product","link":"https:\/\/www.lifenatura.com\/es\/produto\/gargola-equinacea-45-capsulas-sakai\/","title":{"rendered":"Equin\u00e1cea G\u00e1rgola 45 C\u00e1psulas &#8211; Sakai"},"content":{"rendered":"<h2 style=\"text-align: left;\" data-start=\"140\" data-end=\"230\">Equin\u00e1cea con vitamina c y selenio da Sakai<\/h2>\n<p>&nbsp;<\/p>\n<p data-start=\"232\" data-end=\"752\">El suplemento <strong data-start=\"245\" data-end=\"284\">Sakai Gargola Equin\u00e1cea 45 C\u00e1psulas<\/strong> se dise\u00f1\u00f3 originalmente para reforzar eficazmente el sistema inmunitario y apoyar las defensas naturales del organismo, sobre todo en \u00e9pocas de mayor vulnerabilidad respiratoria. Su f\u00f3rmula combina <strong data-start=\"493\" data-end=\"538\">extracto de equin\u00e1cea (Echinacea purpurea)<\/strong> con <strong data-start=\"543\" data-end=\"557\">vitamina C<\/strong>, <strong data-start=\"559\" data-end=\"568\">cobre<\/strong> y <strong data-start=\"571\" data-end=\"582\">selenio<\/strong>, ingredientes reconocidos por contribuir al funcionamiento normal de las defensas naturales del organismo y al equilibrio general.<\/p>\n<p data-start=\"754\" data-end=\"1158\">La equin\u00e1cea se utiliza tradicionalmente para activar el sistema inmunitario, mientras que la vitamina C, el cobre y el selenio ayudan a proteger las c\u00e9lulas contra el estr\u00e9s oxidativo y a mantener el bienestar general. Las G\u00e1rgolas de Equin\u00e1cea Sakai se presentan en c\u00e1psulas vegetarianas f\u00e1ciles de tragar, ideales para las personas que buscan un apoyo natural y sostenido para su salud respiratoria e inmunol\u00f3gica.<\/p>\n<p data-start=\"1160\" data-end=\"1215\"><strong>Principales beneficios de la Equin\u00e1cea G\u00e1rgola Sakai:<\/strong><\/p>\n<ul data-start=\"1216\" data-end=\"1743\">\n<li data-start=\"1216\" data-end=\"1283\">\n<p data-start=\"1218\" data-end=\"1283\">Ayuda a <strong data-start=\"1235\" data-end=\"1267\">reforzar las defensas naturales<\/strong> del organismo.<\/p>\n<\/li>\n<li data-start=\"1284\" data-end=\"1386\">\n<p data-start=\"1286\" data-end=\"1386\">Ayuda a <strong data-start=\"1294\" data-end=\"1347\">prevenir y mitigar los resfriados y<\/strong> la <strong data-start=\"1294\" data-end=\"1347\">gripe<\/strong> o la baja resistencia inmunitaria.<\/p>\n<\/li>\n<li data-start=\"1387\" data-end=\"1493\">\n<p data-start=\"1389\" data-end=\"1493\">Acci\u00f3n <strong data-start=\"1394\" data-end=\"1422\">antioxidante y protectora<\/strong> gracias a la combinaci\u00f3n de micronutrientes (vitamina C, cobre, selenio).<\/p>\n<\/li>\n<li data-start=\"1494\" data-end=\"1613\">\n<p data-start=\"1496\" data-end=\"1613\">Adecuado para su uso durante periodos de convalecencia o cambio de estaci\u00f3n.<\/p>\n<\/li>\n<li data-start=\"1614\" data-end=\"1743\">\n<p data-start=\"1616\" data-end=\"1743\">F\u00f3rmula <strong data-start=\"1624\" data-end=\"1660\">natural, sin gluten ni lactosa<\/strong>, en c\u00e1psulas vegetales f\u00e1ciles de tragar.<\/p>\n<\/li>\n<\/ul>\n<p data-start=\"1745\" data-end=\"1775\"><strong>\u00bfA qui\u00e9n va dirigido?<\/strong><\/p>\n<p data-start=\"1776\" data-end=\"2128\">La Equin\u00e1cea G\u00e1rgola Sakai es adecuada para los adultos que desean <strong data-start=\"1842\" data-end=\"1875\">reforzar su sistema inmunitario<\/strong>, proteger las v\u00edas respiratorias o hacer frente a periodos de inmunidad baja (como el oto\u00f1o-invierno, el cambio de estaci\u00f3n o tras un esfuerzo f\u00edsico o mental). Tambi\u00e9n es una opci\u00f3n natural para quienes desean adoptar un estilo de vida m\u00e1s preventivo y equilibrado.<\/p>\n<p data-start=\"1776\" data-end=\"2128\"><strong>Presentaci\u00f3n:<\/strong><\/p>\n<p data-start=\"1776\" data-end=\"2128\">45 c\u00e1psulas<\/p>\n<p data-start=\"1776\" data-end=\"2128\">\n","protected":false},"excerpt":{"rendered":"<p>G\u00e1rgola de Equin\u00e1cea Sakai &#8211; suplemento natural con equin\u00e1cea, vitamina C, cobre y selenio que refuerza las defensas del organismo y protege las v\u00edas respiratorias. [&#8230;]<\/p>\n<p><a class=\"btn btn-secondary understrap-read-more-link\" href=\"https:\/\/www.lifenatura.com\/es\/produto\/gargola-equinacea-45-capsulas-sakai\/\">Leer m\u00e1s&#8230;<span class=\"screen-reader-text\"> from Equin\u00e1cea G\u00e1rgola 45 C\u00e1psulas &#8211; Sakai<\/span><\/a><\/p>\n","protected":false},"featured_media":117675,"template":"","meta":{"_acf_changed":false},"product_brand":[8375],"product_cat":[7698,7659,7211,7179],"product_tag":[],"class_list":{"0":"post-121733","1":"product","2":"type-product","3":"status-publish","4":"has-post-thumbnail","6":"product_brand-sakai","7":"product_cat-equinacea-bio","8":"product_cat-ingrediente-natural-bio","9":"product_cat-reforza-la-inmunidad-salud","10":"product_cat-salud","12":"first","13":"instock","14":"shipping-taxable","15":"purchasable","16":"product-type-simple","17":"add-to-wishlist-before_image"},"acf":[],"yoast_head":"<!-- This site is optimized with the Yoast SEO Premium plugin v27.1 (Yoast SEO v27.4) - https:\/\/yoast.com\/product\/yoast-seo-premium-wordpress\/ -->\n<title>Equin\u00e1cea G\u00e1rgola 45 C\u00e1psulas - Sakai - Lifenatura<\/title>\n<meta name=\"description\" content=\"G\u00e1rgola de Equin\u00e1cea Sakai suplemento con equin\u00e1cea, vitamina C, cobre y selenio que refuerza las defensas del organismo y protege las v\u00edas respiratorias.\" \/>\n<meta name=\"robots\" content=\"index, follow, max-snippet:-1, max-image-preview:large, max-video-preview:-1\" \/>\n<link rel=\"canonical\" href=\"https:\/\/www.lifenatura.com\/es\/produto\/gargola-equinacea-45-capsulas-sakai\/\" \/>\n<meta property=\"og:locale\" content=\"es_ES\" \/>\n<meta property=\"og:type\" content=\"article\" \/>\n<meta property=\"og:title\" content=\"Equin\u00e1cea G\u00e1rgola 45 C\u00e1psulas - Sakai - Lifenatura\" \/>\n<meta property=\"og:description\" content=\"Compre aqui o seu Equin\u00e1cea G\u00e1rgola 45 C\u00e1psulas - Sakai e a Lifenatura Online envia em 48 H com Portes Gratis &gt;35\u20ac de Pedido.\" \/>\n<meta property=\"og:url\" content=\"https:\/\/www.lifenatura.com\/es\/produto\/gargola-equinacea-45-capsulas-sakai\/\" \/>\n<meta property=\"og:site_name\" content=\"Lifenatura\" \/>\n<meta property=\"article:publisher\" content=\"https:\/\/www.facebook.com\/lifenatura\" \/>\n<meta property=\"article:modified_time\" content=\"2025-11-24T08:59:51+00:00\" \/>\n<meta property=\"og:image\" content=\"https:\/\/www.lifenatura.com\/wp-content\/uploads\/2025\/09\/gargola-echinacea-45-capsulas-sakai.jpg\" \/>\n\t<meta property=\"og:image:width\" content=\"1000\" \/>\n\t<meta property=\"og:image:height\" content=\"1000\" \/>\n\t<meta property=\"og:image:type\" content=\"image\/jpeg\" \/>\n<meta name=\"twitter:card\" content=\"summary_large_image\" \/>\n<meta name=\"twitter:label1\" content=\"Precio\" \/>\n\t<meta name=\"twitter:data1\" content=\"12,60&nbsp;&euro;\" \/>\n\t<meta name=\"twitter:label2\" content=\"Disponibilidad\" \/>\n\t<meta name=\"twitter:data2\" content=\"Disponible\" \/>\n<meta property=\"product:price:amount\" content=\"12.60\" \/>\n<meta property=\"product:price:currency\" content=\"EUR\" \/>\n<meta property=\"og:availability\" content=\"instock\" \/>\n<meta property=\"product:availability\" content=\"instock\" \/>\n<meta property=\"product:retailer_item_id\" content=\"8423245060158\" \/>\n<meta property=\"product:condition\" content=\"new\" \/>\n<!-- \/ Yoast SEO Premium plugin. -->","yoast_head_json":{"title":"Equin\u00e1cea G\u00e1rgola 45 C\u00e1psulas - Sakai - Lifenatura","description":"G\u00e1rgola de Equin\u00e1cea Sakai suplemento con equin\u00e1cea, vitamina C, cobre y selenio que refuerza las defensas del organismo y protege las v\u00edas respiratorias.","robots":{"index":"index","follow":"follow","max-snippet":"max-snippet:-1","max-image-preview":"max-image-preview:large","max-video-preview":"max-video-preview:-1"},"canonical":"https:\/\/www.lifenatura.com\/es\/produto\/gargola-equinacea-45-capsulas-sakai\/","og_locale":"es_ES","og_type":"article","og_title":"Equin\u00e1cea G\u00e1rgola 45 C\u00e1psulas - Sakai - Lifenatura","og_description":"Compre aqui o seu Equin\u00e1cea G\u00e1rgola 45 C\u00e1psulas - Sakai e a Lifenatura Online envia em 48 H com Portes Gratis >35\u20ac de Pedido.","og_url":"https:\/\/www.lifenatura.com\/es\/produto\/gargola-equinacea-45-capsulas-sakai\/","og_site_name":"Lifenatura","article_publisher":"https:\/\/www.facebook.com\/lifenatura","article_modified_time":"2025-11-24T08:59:51+00:00","og_image":[{"width":1000,"height":1000,"url":"https:\/\/www.lifenatura.com\/wp-content\/uploads\/2025\/09\/gargola-echinacea-45-capsulas-sakai.jpg","type":"image\/jpeg"}],"twitter_card":"summary_large_image","twitter_misc":{"Precio":"12,60&nbsp;&euro;","Disponibilidad":"Disponible"},"schema":{"@context":"https:\/\/schema.org","@graph":[{"@type":"WebPage","@id":"https:\/\/www.lifenatura.com\/es\/produto\/gargola-equinacea-45-capsulas-sakai\/","url":"https:\/\/www.lifenatura.com\/es\/produto\/gargola-equinacea-45-capsulas-sakai\/","name":"Equin\u00e1cea G\u00e1rgola 45 C\u00e1psulas - Sakai - Lifenatura","isPartOf":{"@id":"https:\/\/www.lifenatura.com\/es\/#website"},"primaryImageOfPage":{"@id":"https:\/\/www.lifenatura.com\/es\/produto\/gargola-equinacea-45-capsulas-sakai\/#primaryimage"},"image":{"@id":"https:\/\/www.lifenatura.com\/es\/produto\/gargola-equinacea-45-capsulas-sakai\/#primaryimage"},"thumbnailUrl":"https:\/\/www.lifenatura.com\/wp-content\/uploads\/2025\/09\/gargola-echinacea-45-capsulas-sakai.jpg","datePublished":"2025-09-25T06:18:21+00:00","dateModified":"2025-11-24T08:59:51+00:00","description":"G\u00e1rgola de Equin\u00e1cea Sakai suplemento con equin\u00e1cea, vitamina C, cobre y selenio que refuerza las defensas del organismo y protege las v\u00edas respiratorias.","breadcrumb":{"@id":"https:\/\/www.lifenatura.com\/es\/produto\/gargola-equinacea-45-capsulas-sakai\/#breadcrumb"},"inLanguage":"es","potentialAction":[{"@type":"ReadAction","target":["https:\/\/www.lifenatura.com\/es\/produto\/gargola-equinacea-45-capsulas-sakai\/"]}]},{"@type":"ImageObject","inLanguage":"es","@id":"https:\/\/www.lifenatura.com\/es\/produto\/gargola-equinacea-45-capsulas-sakai\/#primaryimage","url":"https:\/\/www.lifenatura.com\/wp-content\/uploads\/2025\/09\/gargola-echinacea-45-capsulas-sakai.jpg","contentUrl":"https:\/\/www.lifenatura.com\/wp-content\/uploads\/2025\/09\/gargola-echinacea-45-capsulas-sakai.jpg","width":1000,"height":1000,"caption":"gargola echinacea da marca sakai"},{"@type":"BreadcrumbList","@id":"https:\/\/www.lifenatura.com\/es\/produto\/gargola-equinacea-45-capsulas-sakai\/#breadcrumb","itemListElement":[{"@type":"ListItem","position":1,"name":"In\u00edcio","item":"https:\/\/www.lifenatura.com\/es\/"},{"@type":"ListItem","position":2,"name":"Todos los Productos","item":"https:\/\/www.lifenatura.com\/es\/tienda\/"},{"@type":"ListItem","position":3,"name":"Equin\u00e1cea G\u00e1rgola 45 C\u00e1psulas &#8211; Sakai"}]},{"@type":"WebSite","@id":"https:\/\/www.lifenatura.com\/es\/#website","url":"https:\/\/www.lifenatura.com\/es\/","name":"Lifenatura","description":"A Lifenatura \u00e9 uma loja de produtos naturais, cosm\u00e9tica natural e alimenta\u00e7\u00e3o Biol\u00f3gica.","publisher":{"@id":"https:\/\/www.lifenatura.com\/es\/#organization"},"potentialAction":[{"@type":"SearchAction","target":{"@type":"EntryPoint","urlTemplate":"https:\/\/www.lifenatura.com\/es\/?s={search_term_string}"},"query-input":{"@type":"PropertyValueSpecification","valueRequired":true,"valueName":"search_term_string"}}],"inLanguage":"es"},{"@type":"Organization","@id":"https:\/\/www.lifenatura.com\/es\/#organization","name":"Lifenatura","url":"https:\/\/www.lifenatura.com\/es\/","logo":{"@type":"ImageObject","inLanguage":"es","@id":"https:\/\/www.lifenatura.com\/es\/#\/schema\/logo\/image\/","url":"https:\/\/www.lifenatura.com\/wp-content\/uploads\/2021\/11\/logo.png","contentUrl":"https:\/\/www.lifenatura.com\/wp-content\/uploads\/2021\/11\/logo.png","width":175,"height":55,"caption":"Lifenatura"},"image":{"@id":"https:\/\/www.lifenatura.com\/es\/#\/schema\/logo\/image\/"},"sameAs":["https:\/\/www.facebook.com\/lifenatura","https:\/\/www.instagram.com\/lifenaturapt\/"]}]},"product_price_amount":"12.60","product_price_currency":"EUR","og_availability":"instock","product_availability":"instock","product_retailer_item_id":"8423245060158","product_condition":"new"},"df_price":12.6,"df_sale_price":"","df_regular_price":12.6,"df_image_link":"https:\/\/www.lifenatura.com\/wp-content\/uploads\/2025\/09\/gargola-echinacea-45-capsulas-sakai-300x300.jpg","_links":{"self":[{"href":"https:\/\/www.lifenatura.com\/es\/wp-json\/wp\/v2\/product\/121733","targetHints":{"allow":["GET"]}}],"collection":[{"href":"https:\/\/www.lifenatura.com\/es\/wp-json\/wp\/v2\/product"}],"about":[{"href":"https:\/\/www.lifenatura.com\/es\/wp-json\/wp\/v2\/types\/product"}],"wp:featuredmedia":[{"embeddable":true,"href":"https:\/\/www.lifenatura.com\/es\/wp-json\/wp\/v2\/media\/117675"}],"wp:attachment":[{"href":"https:\/\/www.lifenatura.com\/es\/wp-json\/wp\/v2\/media?parent=121733"}],"wp:term":[{"taxonomy":"product_brand","embeddable":true,"href":"https:\/\/www.lifenatura.com\/es\/wp-json\/wp\/v2\/product_brand?post=121733"},{"taxonomy":"product_cat","embeddable":true,"href":"https:\/\/www.lifenatura.com\/es\/wp-json\/wp\/v2\/product_cat?post=121733"},{"taxonomy":"product_tag","embeddable":true,"href":"https:\/\/www.lifenatura.com\/es\/wp-json\/wp\/v2\/product_tag?post=121733"}],"curies":[{"name":"wp","href":"https:\/\/api.w.org\/{rel}","templated":true}]}}