{"id":121728,"date":"2025-09-25T06:18:57","date_gmt":"2025-09-25T06:18:57","guid":{"rendered":"https:\/\/www.lifenatura.com\/produto\/aceite-de-onagra-y-borraja-180-perlas-sakai\/"},"modified":"2025-11-19T08:29:32","modified_gmt":"2025-11-19T08:29:32","slug":"aceite-de-onagra-y-borraja-180-perlas-sakai","status":"publish","type":"product","link":"https:\/\/www.lifenatura.com\/es\/produto\/aceite-de-onagra-y-borraja-180-perlas-sakai\/","title":{"rendered":"Aceite de Onagra y Borraja 180 Perlas &#8211; Sakai"},"content":{"rendered":"<h2 style=\"text-align: left;\" data-start=\"184\" data-end=\"268\">Aceite de onagra y borraja &#8211; Sakai<\/h2>\n<p>&nbsp;<\/p>\n<p data-start=\"270\" data-end=\"734\"><strong data-start=\"272\" data-end=\"322\">El Aceite de Onagra y Borraja Sakai 180 Perlas<\/strong> es un suplemento natural formulado con una combinaci\u00f3n equilibrada de <strong data-start=\"391\" data-end=\"472\">aceites puros de onagra (<em data-start=\"416\" data-end=\"435\">Oenothera biennis<\/em>) y borraja (<em data-start=\"449\" data-end=\"469\">Borago officinalis<\/em>)<\/strong>, dos fuentes ricas en <strong data-start=\"495\" data-end=\"531\">\u00e1cidos grasos esenciales omega-6<\/strong>, sobre todo <strong data-start=\"548\" data-end=\"579\">\u00e1cido gamma-linol\u00e9nico (GLA)<\/strong>. Esta sinergia de ingredientes naturales ayuda a <strong data-start=\"628\" data-end=\"670\">equilibrar el sistema hormonal femenino<\/strong>, mejorar el bienestar y preservar la salud y la belleza de la piel.<\/p>\n<p data-start=\"736\" data-end=\"1177\"><strong data-start=\"738\" data-end=\"748\">La onagra<\/strong> se utiliza tradicionalmente para aliviar los s\u00edntomas de <strong data-start=\"806\" data-end=\"836\">la tensi\u00f3n premenstrual (SPM<\/strong>), como la irritabilidad, las molestias abdominales o los cambios de humor, mientras que <strong data-start=\"916\" data-end=\"928\">la borraja<\/strong> complementa la acci\u00f3n ayudando a reducir la inflamaci\u00f3n y favoreciendo la regulaci\u00f3n hormonal natural. Juntas, tambi\u00e9n ayudan a <strong data-start=\"1052\" data-end=\"1088\">aliviar los s\u00edntomas de la menopausia<\/strong>, como los sofocos y los cambios de humor, proporcionando bienestar f\u00edsico y emocional.<\/p>\n<p data-start=\"1179\" data-end=\"1464\">Adem\u00e1s, <strong data-start=\"1193\" data-end=\"1228\">el aceite de onagra y borraja Sakai<\/strong> nutre la piel en profundidad, mejorando <strong data-start=\"1272\" data-end=\"1315\">su elasticidad, hidrataci\u00f3n y luminosidad<\/strong>, y fortalece las u\u00f1as y el cabello. Las perlas f\u00e1ciles de tragar garantizan una absorci\u00f3n r\u00e1pida y eficaz, por lo que el suplemento es ideal para el uso diario.<\/p>\n<p data-start=\"1466\" data-end=\"1527\"><strong>Principales beneficios del Aceite de Onagra y Borraja Sakai:<\/strong><\/p>\n<ul data-start=\"1528\" data-end=\"1780\">\n<li data-start=\"1528\" data-end=\"1583\">\n<p data-start=\"1530\" data-end=\"1583\"><strong data-start=\"1530\" data-end=\"1581\">Ayuda a equilibrar el sistema hormonal femenino.<\/strong><\/p>\n<\/li>\n<li data-start=\"1584\" data-end=\"1633\">\n<p data-start=\"1586\" data-end=\"1633\"><strong data-start=\"1586\" data-end=\"1631\">Alivia los s\u00edntomas del s\u00edndrome premenstrual y la menopausia.<\/strong><\/p>\n<\/li>\n<li data-start=\"1634\" data-end=\"1686\">\n<p data-start=\"1636\" data-end=\"1686\"><strong data-start=\"1636\" data-end=\"1684\">Mejora la hidrataci\u00f3n y la elasticidad de la piel.<\/strong><\/p>\n<\/li>\n<li data-start=\"1687\" data-end=\"1725\">\n<p data-start=\"1689\" data-end=\"1725\"><strong data-start=\"1689\" data-end=\"1723\">Fortalece el cabello y las u\u00f1as.<\/strong><\/p>\n<\/li>\n<li data-start=\"1726\" data-end=\"1780\">\n<p data-start=\"1728\" data-end=\"1780\"><strong data-start=\"1728\" data-end=\"1778\">Rico en omega-6 y \u00e1cido gamma-linol\u00e9nico (GLA).<\/strong><\/p>\n<\/li>\n<\/ul>\n<p data-start=\"1782\" data-end=\"1812\"><strong>\u00bfA qui\u00e9n va dirigido?<\/strong><\/p>\n<p data-start=\"1813\" data-end=\"2025\"><strong data-start=\"1815\" data-end=\"1850\">El Aceite de Onagra y Borraja Sakai<\/strong> es adecuado para <strong data-start=\"1867\" data-end=\"1970\">las mujeres que desean regular el equilibrio hormonal, aliviar las molestias menstruales o de la menopausia<\/strong>, y cuidar la belleza natural de su piel, cabello y u\u00f1as.<\/p>\n<p data-start=\"2027\" data-end=\"2169\">Con su acci\u00f3n equilibrante, regeneradora y nutritiva, es el aliado perfecto para el <strong data-start=\"2105\" data-end=\"2166\">bienestar y la armon\u00eda femeninos de forma natural y eficaz<\/strong>.<\/p>\n<p data-start=\"2027\" data-end=\"2169\"><strong>Presentaci\u00f3n:<\/strong><\/p>\n<p data-start=\"2027\" data-end=\"2169\">180 c\u00e1psulas.<\/p>\n<p data-start=\"2027\" data-end=\"2169\">\n","protected":false},"excerpt":{"rendered":"<p>Aceite de Onagra y Borraja Sakai: un suplemento con omega-6 y GLA que regula el equilibrio hormonal, alivia los s\u00edntomas del s\u00edndrome premenstrual y la menopausia y mejora la piel y el cabello. [&#8230;]<\/p>\n<p><a class=\"btn btn-secondary understrap-read-more-link\" href=\"https:\/\/www.lifenatura.com\/es\/produto\/aceite-de-onagra-y-borraja-180-perlas-sakai\/\">Leer m\u00e1s&#8230;<span class=\"screen-reader-text\"> from Aceite de Onagra y Borraja 180 Perlas &#8211; Sakai<\/span><\/a><\/p>\n","protected":false},"featured_media":117741,"template":"","meta":{"_acf_changed":false},"product_brand":[8375],"product_cat":[7243,7179,7244,7883],"product_tag":[],"class_list":{"0":"post-121728","1":"product","2":"type-product","3":"status-publish","4":"has-post-thumbnail","6":"product_brand-sakai","7":"product_cat-menopausia","8":"product_cat-salud","9":"product_cat-salud-de-la-mujer","10":"product_cat-suplementos-alimenticios","12":"first","13":"instock","14":"shipping-taxable","15":"purchasable","16":"product-type-simple","17":"add-to-wishlist-before_image"},"acf":[],"yoast_head":"<!-- This site is optimized with the Yoast SEO Premium plugin v27.1 (Yoast SEO v27.4) - https:\/\/yoast.com\/product\/yoast-seo-premium-wordpress\/ -->\n<title>Aceite de Onagra y Borraja 180 Perlas - Sakai - Lifenatura<\/title>\n<meta name=\"description\" content=\"Aceite de Onagra y Borraja Sakai un suplemento con omega-6 y GLA que regula el equilibrio hormonal, para la menopausia y mejora la piel y el cabello.\" \/>\n<meta name=\"robots\" content=\"index, follow, max-snippet:-1, max-image-preview:large, max-video-preview:-1\" \/>\n<link rel=\"canonical\" href=\"https:\/\/www.lifenatura.com\/es\/produto\/aceite-de-onagra-y-borraja-180-perlas-sakai\/\" \/>\n<meta property=\"og:locale\" content=\"es_ES\" \/>\n<meta property=\"og:type\" content=\"article\" \/>\n<meta property=\"og:title\" content=\"Aceite de Onagra y Borraja 180 Perlas - Sakai - Lifenatura\" \/>\n<meta property=\"og:description\" content=\"Compre aqui o seu Aceite de Onagra y Borraja 180 Perlas - Sakai e a Lifenatura Online envia em 48 H com Portes Gratis &gt;35\u20ac de Pedido.\" \/>\n<meta property=\"og:url\" content=\"https:\/\/www.lifenatura.com\/es\/produto\/aceite-de-onagra-y-borraja-180-perlas-sakai\/\" \/>\n<meta property=\"og:site_name\" content=\"Lifenatura\" \/>\n<meta property=\"article:publisher\" content=\"https:\/\/www.facebook.com\/lifenatura\" \/>\n<meta property=\"article:modified_time\" content=\"2025-11-19T08:29:32+00:00\" \/>\n<meta property=\"og:image\" content=\"https:\/\/www.lifenatura.com\/wp-content\/uploads\/2025\/09\/onagra-borraja-180-perlas-sakai.jpg\" \/>\n\t<meta property=\"og:image:width\" content=\"1000\" \/>\n\t<meta property=\"og:image:height\" content=\"1000\" \/>\n\t<meta property=\"og:image:type\" content=\"image\/jpeg\" \/>\n<meta name=\"twitter:card\" content=\"summary_large_image\" \/>\n<meta name=\"twitter:label1\" content=\"Precio\" \/>\n\t<meta name=\"twitter:data1\" content=\"38,50&nbsp;&euro;\" \/>\n\t<meta name=\"twitter:label2\" content=\"Disponibilidad\" \/>\n\t<meta name=\"twitter:data2\" content=\"Disponible\" \/>\n<meta property=\"product:price:amount\" content=\"38.50\" \/>\n<meta property=\"product:price:currency\" content=\"EUR\" \/>\n<meta property=\"og:availability\" content=\"instock\" \/>\n<meta property=\"product:availability\" content=\"instock\" \/>\n<meta property=\"product:retailer_item_id\" content=\"8423245270182\" \/>\n<meta property=\"product:condition\" content=\"new\" \/>\n<!-- \/ Yoast SEO Premium plugin. -->","yoast_head_json":{"title":"Aceite de Onagra y Borraja 180 Perlas - Sakai - Lifenatura","description":"Aceite de Onagra y Borraja Sakai un suplemento con omega-6 y GLA que regula el equilibrio hormonal, para la menopausia y mejora la piel y el cabello.","robots":{"index":"index","follow":"follow","max-snippet":"max-snippet:-1","max-image-preview":"max-image-preview:large","max-video-preview":"max-video-preview:-1"},"canonical":"https:\/\/www.lifenatura.com\/es\/produto\/aceite-de-onagra-y-borraja-180-perlas-sakai\/","og_locale":"es_ES","og_type":"article","og_title":"Aceite de Onagra y Borraja 180 Perlas - Sakai - Lifenatura","og_description":"Compre aqui o seu Aceite de Onagra y Borraja 180 Perlas - Sakai e a Lifenatura Online envia em 48 H com Portes Gratis >35\u20ac de Pedido.","og_url":"https:\/\/www.lifenatura.com\/es\/produto\/aceite-de-onagra-y-borraja-180-perlas-sakai\/","og_site_name":"Lifenatura","article_publisher":"https:\/\/www.facebook.com\/lifenatura","article_modified_time":"2025-11-19T08:29:32+00:00","og_image":[{"width":1000,"height":1000,"url":"https:\/\/www.lifenatura.com\/wp-content\/uploads\/2025\/09\/onagra-borraja-180-perlas-sakai.jpg","type":"image\/jpeg"}],"twitter_card":"summary_large_image","twitter_misc":{"Precio":"38,50&nbsp;&euro;","Disponibilidad":"Disponible"},"schema":{"@context":"https:\/\/schema.org","@graph":[{"@type":"WebPage","@id":"https:\/\/www.lifenatura.com\/es\/produto\/aceite-de-onagra-y-borraja-180-perlas-sakai\/","url":"https:\/\/www.lifenatura.com\/es\/produto\/aceite-de-onagra-y-borraja-180-perlas-sakai\/","name":"Aceite de Onagra y Borraja 180 Perlas - Sakai - Lifenatura","isPartOf":{"@id":"https:\/\/www.lifenatura.com\/#website"},"primaryImageOfPage":{"@id":"https:\/\/www.lifenatura.com\/es\/produto\/aceite-de-onagra-y-borraja-180-perlas-sakai\/#primaryimage"},"image":{"@id":"https:\/\/www.lifenatura.com\/es\/produto\/aceite-de-onagra-y-borraja-180-perlas-sakai\/#primaryimage"},"thumbnailUrl":"https:\/\/www.lifenatura.com\/wp-content\/uploads\/2025\/09\/onagra-borraja-180-perlas-sakai.jpg","datePublished":"2025-09-25T06:18:57+00:00","dateModified":"2025-11-19T08:29:32+00:00","description":"Aceite de Onagra y Borraja Sakai un suplemento con omega-6 y GLA que regula el equilibrio hormonal, para la menopausia y mejora la piel y el cabello.","breadcrumb":{"@id":"https:\/\/www.lifenatura.com\/es\/produto\/aceite-de-onagra-y-borraja-180-perlas-sakai\/#breadcrumb"},"inLanguage":"es","potentialAction":[{"@type":"ReadAction","target":["https:\/\/www.lifenatura.com\/es\/produto\/aceite-de-onagra-y-borraja-180-perlas-sakai\/"]}]},{"@type":"ImageObject","inLanguage":"es","@id":"https:\/\/www.lifenatura.com\/es\/produto\/aceite-de-onagra-y-borraja-180-perlas-sakai\/#primaryimage","url":"https:\/\/www.lifenatura.com\/wp-content\/uploads\/2025\/09\/onagra-borraja-180-perlas-sakai.jpg","contentUrl":"https:\/\/www.lifenatura.com\/wp-content\/uploads\/2025\/09\/onagra-borraja-180-perlas-sakai.jpg","width":1000,"height":1000,"caption":"onagra borraja 180 da marca sakai"},{"@type":"BreadcrumbList","@id":"https:\/\/www.lifenatura.com\/es\/produto\/aceite-de-onagra-y-borraja-180-perlas-sakai\/#breadcrumb","itemListElement":[{"@type":"ListItem","position":1,"name":"In\u00edcio","item":"https:\/\/www.lifenatura.com\/es\/"},{"@type":"ListItem","position":2,"name":"Todos los Productos","item":"https:\/\/www.lifenatura.com\/es\/tienda\/"},{"@type":"ListItem","position":3,"name":"Aceite de Onagra y Borraja 180 Perlas &#8211; Sakai"}]},{"@type":"WebSite","@id":"https:\/\/www.lifenatura.com\/#website","url":"https:\/\/www.lifenatura.com\/","name":"Lifenatura","description":"A Lifenatura \u00e9 uma loja de produtos naturais, cosm\u00e9tica natural e alimenta\u00e7\u00e3o Biol\u00f3gica.","publisher":{"@id":"https:\/\/www.lifenatura.com\/#organization"},"potentialAction":[{"@type":"SearchAction","target":{"@type":"EntryPoint","urlTemplate":"https:\/\/www.lifenatura.com\/?s={search_term_string}"},"query-input":{"@type":"PropertyValueSpecification","valueRequired":true,"valueName":"search_term_string"}}],"inLanguage":"es"},{"@type":"Organization","@id":"https:\/\/www.lifenatura.com\/#organization","name":"Lifenatura","url":"https:\/\/www.lifenatura.com\/","logo":{"@type":"ImageObject","inLanguage":"es","@id":"https:\/\/www.lifenatura.com\/#\/schema\/logo\/image\/","url":"https:\/\/www.lifenatura.com\/wp-content\/uploads\/2021\/11\/logo.png","contentUrl":"https:\/\/www.lifenatura.com\/wp-content\/uploads\/2021\/11\/logo.png","width":175,"height":55,"caption":"Lifenatura"},"image":{"@id":"https:\/\/www.lifenatura.com\/#\/schema\/logo\/image\/"},"sameAs":["https:\/\/www.facebook.com\/lifenatura","https:\/\/www.instagram.com\/lifenaturapt\/"]}]},"product_price_amount":"38.50","product_price_currency":"EUR","og_availability":"instock","product_availability":"instock","product_retailer_item_id":"8423245270182","product_condition":"new"},"df_price":38.5,"df_sale_price":"","df_regular_price":38.5,"df_image_link":"https:\/\/www.lifenatura.com\/wp-content\/uploads\/2025\/09\/onagra-borraja-180-perlas-sakai-300x300.jpg","_links":{"self":[{"href":"https:\/\/www.lifenatura.com\/es\/wp-json\/wp\/v2\/product\/121728","targetHints":{"allow":["GET"]}}],"collection":[{"href":"https:\/\/www.lifenatura.com\/es\/wp-json\/wp\/v2\/product"}],"about":[{"href":"https:\/\/www.lifenatura.com\/es\/wp-json\/wp\/v2\/types\/product"}],"wp:featuredmedia":[{"embeddable":true,"href":"https:\/\/www.lifenatura.com\/es\/wp-json\/wp\/v2\/media\/117741"}],"wp:attachment":[{"href":"https:\/\/www.lifenatura.com\/es\/wp-json\/wp\/v2\/media?parent=121728"}],"wp:term":[{"taxonomy":"product_brand","embeddable":true,"href":"https:\/\/www.lifenatura.com\/es\/wp-json\/wp\/v2\/product_brand?post=121728"},{"taxonomy":"product_cat","embeddable":true,"href":"https:\/\/www.lifenatura.com\/es\/wp-json\/wp\/v2\/product_cat?post=121728"},{"taxonomy":"product_tag","embeddable":true,"href":"https:\/\/www.lifenatura.com\/es\/wp-json\/wp\/v2\/product_tag?post=121728"}],"curies":[{"name":"wp","href":"https:\/\/api.w.org\/{rel}","templated":true}]}}