{"id":121713,"date":"2025-09-25T06:18:35","date_gmt":"2025-09-25T06:18:35","guid":{"rendered":"https:\/\/www.lifenatura.com\/produto\/kuzu-japon-150g-sakai\/"},"modified":"2025-11-21T07:25:23","modified_gmt":"2025-11-21T07:25:23","slug":"kuzu-japon-150g-sakai","status":"publish","type":"product","link":"https:\/\/www.lifenatura.com\/es\/produto\/kuzu-japon-150g-sakai\/","title":{"rendered":"Kuzu Jap\u00f3n 150g &#8211; Sakai"},"content":{"rendered":"<h2 style=\"text-align: left;\" data-start=\"187\" data-end=\"258\">Kuzu Jap\u00f3n &#8211; Sakai<\/h2>\n<p>&nbsp;<\/p>\n<p data-start=\"260\" data-end=\"676\"><strong data-start=\"262\" data-end=\"290\">El Kuzu Jap\u00f3n 150 g de Sakai<\/strong> es un alimento tradicional japon\u00e9s obtenido de la ra\u00edz de la planta <em data-start=\"351\" data-end=\"368\">Pueraria lobata<\/em>, reconocida desde hace siglos por sus propiedades <strong data-start=\"417\" data-end=\"460\">digestivas, calmantes y reequilibrantes<\/strong>. 100% natural y de origen vegetal, el kuzu se utiliza ampliamente en <strong data-start=\"529\" data-end=\"545\">macrobi\u00f3tica<\/strong> y <strong data-start=\"551\" data-end=\"575\">alimentaci\u00f3n sana<\/strong> para promover el bienestar digestivo y restablecer el equilibrio del organismo de forma suave y eficaz.<\/p>\n<p data-start=\"678\" data-end=\"1044\">Rico en <strong data-start=\"686\" data-end=\"721\">almid\u00f3n natural de alta calidad<\/strong>, <strong data-start=\"725\" data-end=\"739\">el Kuzu Sakai<\/strong> ayuda a calmar el est\u00f3mago y los intestinos, por lo que es ideal en casos de mala digesti\u00f3n, acidez, diarrea o molestias g\u00e1stricas. Tambi\u00e9n es conocido por reforzar el sistema inmunitario y ayudar a estabilizar los niveles de energ\u00eda, lo que lo convierte en un excelente aliado en periodos de cansancio, estr\u00e9s o convalecencia.<\/p>\n<p data-start=\"1046\" data-end=\"1276\">Con su textura fina y vers\u00e1til, <strong data-start=\"1081\" data-end=\"1101\">Kuzu Japan Sakai<\/strong> puede utilizarse como <strong data-start=\"1126\" data-end=\"1148\">espesante natural<\/strong> en sopas, salsas, cremas, postres e infusiones, ofreciendo una alternativa saludable a la maicena o la harina refinada.<\/p>\n<p data-start=\"1278\" data-end=\"1324\"><strong>Las principales ventajas de Kuzu Japan Sakai:<\/strong><\/p>\n<ul data-start=\"1325\" data-end=\"1663\">\n<li data-start=\"1325\" data-end=\"1410\">\n<p data-start=\"1327\" data-end=\"1410\"><strong data-start=\"1327\" data-end=\"1356\">Favorece el sistema digestivo<\/strong>, ayudando a aliviar las molestias gastrointestinales.<\/p>\n<\/li>\n<li data-start=\"1411\" data-end=\"1472\">\n<p data-start=\"1413\" data-end=\"1472\"><strong data-start=\"1413\" data-end=\"1449\">Favorece el equilibrio intestinal<\/strong> y el bienestar general.<\/p>\n<\/li>\n<li data-start=\"1473\" data-end=\"1519\">\n<p data-start=\"1475\" data-end=\"1519\"><strong data-start=\"1475\" data-end=\"1517\">Ayuda a reforzar el sistema inmunitario.<\/strong><\/p>\n<\/li>\n<li data-start=\"1520\" data-end=\"1598\">\n<p data-start=\"1522\" data-end=\"1598\"><strong data-start=\"1522\" data-end=\"1550\">Fuente natural de energ\u00eda<\/strong>, ideal en situaciones de fatiga o recuperaci\u00f3n.<\/p>\n<\/li>\n<li data-start=\"1599\" data-end=\"1663\">\n<p data-start=\"1601\" data-end=\"1663\"><strong data-start=\"1601\" data-end=\"1635\">Producto 100% natural y vegetal<\/strong>, sin gluten ni aditivos.<\/p>\n<\/li>\n<\/ul>\n<p data-start=\"1665\" data-end=\"1695\"><strong>\u00bfA qui\u00e9n va dirigido?<\/strong><\/p>\n<p data-start=\"1696\" data-end=\"2028\"><strong data-start=\"1698\" data-end=\"1718\">Kuzu Japan Sakai<\/strong> es adecuado para las personas que sufren <strong data-start=\"1757\" data-end=\"1781\">problemas digestivos<\/strong>, molestias intestinales o que desean mejorar su equilibrio y vitalidad de forma natural. Tambi\u00e9n es ideal para quienes siguen una <strong data-start=\"1911\" data-end=\"1958\">dieta sana, vegana o macrobi\u00f3tica<\/strong> y buscan un espesante natural y nutritivo para sus recetas.<\/p>\n<p data-start=\"2030\" data-end=\"2170\">Con sus propiedades calmantes y reconstituyentes, es el aliado perfecto para <strong data-start=\"2099\" data-end=\"2167\">equilibrar el organismo y favorecer el bienestar digestivo y energ\u00e9tico<\/strong>.<\/p>\n<p data-start=\"2030\" data-end=\"2170\"><strong>Presentaci\u00f3n:<\/strong><\/p>\n<p data-start=\"2030\" data-end=\"2170\">150g<\/p>\n<p data-start=\"2030\" data-end=\"2170\">\n","protected":false},"excerpt":{"rendered":"<p>Kuzu Jap\u00f3n Sakai: ra\u00edz natural japonesa utilizada como espesante digestivo y calmante que alivia el est\u00f3mago, refuerza el sistema inmunitario y favorece la energ\u00eda. [&#8230;]<\/p>\n<p><a class=\"btn btn-secondary understrap-read-more-link\" href=\"https:\/\/www.lifenatura.com\/es\/produto\/kuzu-japon-150g-sakai\/\">Leer m\u00e1s&#8230;<span class=\"screen-reader-text\"> from Kuzu Jap\u00f3n 150g &#8211; Sakai<\/span><\/a><\/p>\n","protected":false},"featured_media":117703,"template":"","meta":{"_acf_changed":false},"product_brand":[8375],"product_cat":[7064,7090,7074],"product_tag":[],"class_list":{"0":"post-121713","1":"product","2":"type-product","3":"status-publish","4":"has-post-thumbnail","6":"product_brand-sakai","7":"product_cat-alimentacion-sana","8":"product_cat-macrobiotica-bio","9":"product_cat-productos-alimenticios","11":"first","12":"instock","13":"shipping-taxable","14":"purchasable","15":"product-type-simple","16":"add-to-wishlist-before_image"},"acf":[],"yoast_head":"<!-- This site is optimized with the Yoast SEO Premium plugin v27.1 (Yoast SEO v27.3) - https:\/\/yoast.com\/product\/yoast-seo-premium-wordpress\/ -->\n<title>Kuzu Jap\u00f3n 150g - Sakai - Lifenatura<\/title>\n<meta name=\"description\" content=\"Kuzu Jap\u00f3n Sakai ra\u00edz natural japonesa utilizada como espesante digestivo y calmante que alivia el est\u00f3mago, refuerza el sistema inmunitario.\" \/>\n<meta name=\"robots\" content=\"index, follow, max-snippet:-1, max-image-preview:large, max-video-preview:-1\" \/>\n<link rel=\"canonical\" href=\"https:\/\/www.lifenatura.com\/es\/produto\/kuzu-japon-150g-sakai\/\" \/>\n<meta property=\"og:locale\" content=\"es_ES\" \/>\n<meta property=\"og:type\" content=\"article\" \/>\n<meta property=\"og:title\" content=\"Kuzu Jap\u00f3n 150g - Sakai - Lifenatura\" \/>\n<meta property=\"og:description\" content=\"Compre aqui o seu Kuzu Jap\u00f3n 150g - Sakai e a Lifenatura Online envia em 48 H com Portes Gratis &gt;35\u20ac de Pedido.\" \/>\n<meta property=\"og:url\" content=\"https:\/\/www.lifenatura.com\/es\/produto\/kuzu-japon-150g-sakai\/\" \/>\n<meta property=\"og:site_name\" content=\"Lifenatura\" \/>\n<meta property=\"article:publisher\" content=\"https:\/\/www.facebook.com\/lifenatura\" \/>\n<meta property=\"article:modified_time\" content=\"2025-11-21T07:25:23+00:00\" \/>\n<meta property=\"og:image\" content=\"https:\/\/www.lifenatura.com\/wp-content\/uploads\/2025\/09\/kuzu-150g-sakai.jpg\" \/>\n\t<meta property=\"og:image:width\" content=\"1000\" \/>\n\t<meta property=\"og:image:height\" content=\"1000\" \/>\n\t<meta property=\"og:image:type\" content=\"image\/jpeg\" \/>\n<meta name=\"twitter:card\" content=\"summary_large_image\" \/>\n<meta name=\"twitter:label1\" content=\"Precio\" \/>\n\t<meta name=\"twitter:data1\" content=\"9,19&nbsp;&euro;\" \/>\n\t<meta name=\"twitter:label2\" content=\"Disponibilidad\" \/>\n\t<meta name=\"twitter:data2\" content=\"Disponible\" \/>\n<meta property=\"product:price:amount\" content=\"9.19\" \/>\n<meta property=\"product:price:currency\" content=\"EUR\" \/>\n<meta property=\"og:availability\" content=\"instock\" \/>\n<meta property=\"product:availability\" content=\"instock\" \/>\n<meta property=\"product:retailer_item_id\" content=\"4942050310011\" \/>\n<meta property=\"product:condition\" content=\"new\" \/>\n<!-- \/ Yoast SEO Premium plugin. -->","yoast_head_json":{"title":"Kuzu Jap\u00f3n 150g - Sakai - Lifenatura","description":"Kuzu Jap\u00f3n Sakai ra\u00edz natural japonesa utilizada como espesante digestivo y calmante que alivia el est\u00f3mago, refuerza el sistema inmunitario.","robots":{"index":"index","follow":"follow","max-snippet":"max-snippet:-1","max-image-preview":"max-image-preview:large","max-video-preview":"max-video-preview:-1"},"canonical":"https:\/\/www.lifenatura.com\/es\/produto\/kuzu-japon-150g-sakai\/","og_locale":"es_ES","og_type":"article","og_title":"Kuzu Jap\u00f3n 150g - Sakai - Lifenatura","og_description":"Compre aqui o seu Kuzu Jap\u00f3n 150g - Sakai e a Lifenatura Online envia em 48 H com Portes Gratis >35\u20ac de Pedido.","og_url":"https:\/\/www.lifenatura.com\/es\/produto\/kuzu-japon-150g-sakai\/","og_site_name":"Lifenatura","article_publisher":"https:\/\/www.facebook.com\/lifenatura","article_modified_time":"2025-11-21T07:25:23+00:00","og_image":[{"width":1000,"height":1000,"url":"https:\/\/www.lifenatura.com\/wp-content\/uploads\/2025\/09\/kuzu-150g-sakai.jpg","type":"image\/jpeg"}],"twitter_card":"summary_large_image","twitter_misc":{"Precio":"9,19&nbsp;&euro;","Disponibilidad":"Disponible"},"schema":{"@context":"https:\/\/schema.org","@graph":[{"@type":"WebPage","@id":"https:\/\/www.lifenatura.com\/es\/produto\/kuzu-japon-150g-sakai\/","url":"https:\/\/www.lifenatura.com\/es\/produto\/kuzu-japon-150g-sakai\/","name":"Kuzu Jap\u00f3n 150g - Sakai - Lifenatura","isPartOf":{"@id":"https:\/\/www.lifenatura.com\/es\/#website"},"primaryImageOfPage":{"@id":"https:\/\/www.lifenatura.com\/es\/produto\/kuzu-japon-150g-sakai\/#primaryimage"},"image":{"@id":"https:\/\/www.lifenatura.com\/es\/produto\/kuzu-japon-150g-sakai\/#primaryimage"},"thumbnailUrl":"https:\/\/www.lifenatura.com\/wp-content\/uploads\/2025\/09\/kuzu-150g-sakai.jpg","datePublished":"2025-09-25T06:18:35+00:00","dateModified":"2025-11-21T07:25:23+00:00","description":"Kuzu Jap\u00f3n Sakai ra\u00edz natural japonesa utilizada como espesante digestivo y calmante que alivia el est\u00f3mago, refuerza el sistema inmunitario.","breadcrumb":{"@id":"https:\/\/www.lifenatura.com\/es\/produto\/kuzu-japon-150g-sakai\/#breadcrumb"},"inLanguage":"es","potentialAction":[{"@type":"ReadAction","target":["https:\/\/www.lifenatura.com\/es\/produto\/kuzu-japon-150g-sakai\/"]}]},{"@type":"ImageObject","inLanguage":"es","@id":"https:\/\/www.lifenatura.com\/es\/produto\/kuzu-japon-150g-sakai\/#primaryimage","url":"https:\/\/www.lifenatura.com\/wp-content\/uploads\/2025\/09\/kuzu-150g-sakai.jpg","contentUrl":"https:\/\/www.lifenatura.com\/wp-content\/uploads\/2025\/09\/kuzu-150g-sakai.jpg","width":1000,"height":1000,"caption":"kuzu da marca sakai"},{"@type":"BreadcrumbList","@id":"https:\/\/www.lifenatura.com\/es\/produto\/kuzu-japon-150g-sakai\/#breadcrumb","itemListElement":[{"@type":"ListItem","position":1,"name":"In\u00edcio","item":"https:\/\/www.lifenatura.com\/es\/"},{"@type":"ListItem","position":2,"name":"Todos los Productos","item":"https:\/\/www.lifenatura.com\/es\/tienda\/"},{"@type":"ListItem","position":3,"name":"Kuzu Jap\u00f3n 150g &#8211; Sakai"}]},{"@type":"WebSite","@id":"https:\/\/www.lifenatura.com\/es\/#website","url":"https:\/\/www.lifenatura.com\/es\/","name":"Lifenatura","description":"A Lifenatura \u00e9 uma loja de produtos naturais, cosm\u00e9tica natural e alimenta\u00e7\u00e3o Biol\u00f3gica.","publisher":{"@id":"https:\/\/www.lifenatura.com\/es\/#organization"},"potentialAction":[{"@type":"SearchAction","target":{"@type":"EntryPoint","urlTemplate":"https:\/\/www.lifenatura.com\/es\/?s={search_term_string}"},"query-input":{"@type":"PropertyValueSpecification","valueRequired":true,"valueName":"search_term_string"}}],"inLanguage":"es"},{"@type":"Organization","@id":"https:\/\/www.lifenatura.com\/es\/#organization","name":"Lifenatura","url":"https:\/\/www.lifenatura.com\/es\/","logo":{"@type":"ImageObject","inLanguage":"es","@id":"https:\/\/www.lifenatura.com\/es\/#\/schema\/logo\/image\/","url":"https:\/\/www.lifenatura.com\/wp-content\/uploads\/2021\/11\/logo.png","contentUrl":"https:\/\/www.lifenatura.com\/wp-content\/uploads\/2021\/11\/logo.png","width":175,"height":55,"caption":"Lifenatura"},"image":{"@id":"https:\/\/www.lifenatura.com\/es\/#\/schema\/logo\/image\/"},"sameAs":["https:\/\/www.facebook.com\/lifenatura","https:\/\/www.instagram.com\/lifenaturapt\/"]}]},"product_price_amount":"9.19","product_price_currency":"EUR","og_availability":"instock","product_availability":"instock","product_retailer_item_id":"4942050310011","product_condition":"new"},"df_price":9.19,"df_sale_price":"","df_regular_price":9.19,"df_image_link":"https:\/\/www.lifenatura.com\/wp-content\/uploads\/2025\/09\/kuzu-150g-sakai-300x300.jpg","_links":{"self":[{"href":"https:\/\/www.lifenatura.com\/es\/wp-json\/wp\/v2\/product\/121713","targetHints":{"allow":["GET"]}}],"collection":[{"href":"https:\/\/www.lifenatura.com\/es\/wp-json\/wp\/v2\/product"}],"about":[{"href":"https:\/\/www.lifenatura.com\/es\/wp-json\/wp\/v2\/types\/product"}],"wp:featuredmedia":[{"embeddable":true,"href":"https:\/\/www.lifenatura.com\/es\/wp-json\/wp\/v2\/media\/117703"}],"wp:attachment":[{"href":"https:\/\/www.lifenatura.com\/es\/wp-json\/wp\/v2\/media?parent=121713"}],"wp:term":[{"taxonomy":"product_brand","embeddable":true,"href":"https:\/\/www.lifenatura.com\/es\/wp-json\/wp\/v2\/product_brand?post=121713"},{"taxonomy":"product_cat","embeddable":true,"href":"https:\/\/www.lifenatura.com\/es\/wp-json\/wp\/v2\/product_cat?post=121713"},{"taxonomy":"product_tag","embeddable":true,"href":"https:\/\/www.lifenatura.com\/es\/wp-json\/wp\/v2\/product_tag?post=121713"}],"curies":[{"name":"wp","href":"https:\/\/api.w.org\/{rel}","templated":true}]}}