{"id":121708,"date":"2025-09-25T06:18:37","date_gmt":"2025-09-25T06:18:37","guid":{"rendered":"https:\/\/www.lifenatura.com\/produto\/lecitina-extra-450g-sakai\/"},"modified":"2025-11-21T07:23:31","modified_gmt":"2025-11-21T07:23:31","slug":"lecitina-extra-450g-sakai","status":"publish","type":"product","link":"https:\/\/www.lifenatura.com\/es\/produto\/lecitina-extra-450g-sakai\/","title":{"rendered":"Lecitina Extra 450g &#8211; Sakai"},"content":{"rendered":"<h2 style=\"text-align: left;\" data-start=\"183\" data-end=\"253\">Lecitina Extra &#8211; Sakai<\/h2>\n<p>&nbsp;<\/p>\n<p data-start=\"255\" data-end=\"675\"><strong data-start=\"257\" data-end=\"289\">La Lecitina Extra 450 g de Sakai<\/strong> es un suplemento natural a base de <strong data-start=\"324\" data-end=\"378\">lecitina de soja (IP) no modificada gen\u00e9ticamente<\/strong>, obtenida de habas de soja de alta calidad. Rica en <strong data-start=\"440\" data-end=\"465\">fosfol\u00edpidos naturales<\/strong> como <strong data-start=\"474\" data-end=\"484\">la colina<\/strong> y <strong data-start=\"489\" data-end=\"501\">el inositol<\/strong>, esta lecitina es esencial para el <strong data-start=\"536\" data-end=\"607\">buen funcionamiento del h\u00edgado, el cerebro y el sistema cardiovascular<\/strong>, ayudando a mantener el equilibrio metab\u00f3lico y la vitalidad diaria.<\/p>\n<p data-start=\"677\" data-end=\"1120\"><strong data-start=\"679\" data-end=\"699\">La lecitina de soja<\/strong> act\u00faa como emulsionante natural de las grasas, ayudando a reducir el colesterol LDL (&#8220;colesterol malo&#8221;) y favoreciendo un metabolismo saludable de los l\u00edpidos. Tambi\u00e9n favorece la regeneraci\u00f3n de las c\u00e9lulas hep\u00e1ticas, contribuyendo a una mejor digesti\u00f3n y desintoxicaci\u00f3n del h\u00edgado. La <strong data-start=\"978\" data-end=\"988\">colina<\/strong> presente en la lecitina tambi\u00e9n es importante para la funci\u00f3n cognitiva, mejorando la <strong data-start=\"1068\" data-end=\"1117\">memoria, la concentraci\u00f3n y el rendimiento mental<\/strong>.<\/p>\n<p data-start=\"1122\" data-end=\"1371\">Con su fina textura y sabor neutro, <strong data-start=\"1161\" data-end=\"1185\">la Lecitina Extra Sakai<\/strong> es f\u00e1cil de incorporar a la vida cotidiana: se puede a\u00f1adir a yogures, batidos, gachas, zumos o sopas, lo que la convierte en una opci\u00f3n pr\u00e1ctica y natural para cuidar de tu salud de forma equilibrada.<\/p>\n<p data-start=\"1373\" data-end=\"1423\"><strong>Principales beneficios de la Lecitina Extra Sakai:<\/strong><\/p>\n<ul data-start=\"1424\" data-end=\"1725\">\n<li data-start=\"1424\" data-end=\"1492\">\n<p data-start=\"1426\" data-end=\"1492\"><strong data-start=\"1426\" data-end=\"1490\">Ayuda a equilibrar los niveles de colesterol y triglic\u00e9ridos.<\/strong><\/p>\n<\/li>\n<li data-start=\"1493\" data-end=\"1554\">\n<p data-start=\"1495\" data-end=\"1554\"><strong data-start=\"1495\" data-end=\"1552\">Favorece el metabolismo de las grasas y ayuda al h\u00edgado.<\/strong><\/p>\n<\/li>\n<li data-start=\"1555\" data-end=\"1611\">\n<p data-start=\"1557\" data-end=\"1611\"><strong data-start=\"1557\" data-end=\"1609\">Contribuye al bienestar cerebral y a la memoria.<\/strong><\/p>\n<\/li>\n<li data-start=\"1612\" data-end=\"1666\">\n<p data-start=\"1614\" data-end=\"1666\"><strong data-start=\"1614\" data-end=\"1650\">Favorece<\/strong> la <strong data-start=\"1614\" data-end=\"1650\">desintoxicaci\u00f3n natural<\/strong> del organismo.<\/p>\n<\/li>\n<li data-start=\"1667\" data-end=\"1725\">\n<p data-start=\"1669\" data-end=\"1725\"><strong data-start=\"1669\" data-end=\"1723\">Natural, sin OGM y f\u00e1cil de usar.<\/strong><\/p>\n<\/li>\n<\/ul>\n<p data-start=\"1727\" data-end=\"1757\"><strong>\u00bfA qui\u00e9n va dirigido?<\/strong><\/p>\n<p data-start=\"1758\" data-end=\"2027\"><strong data-start=\"1760\" data-end=\"1784\">La Lecitina Extra Sakai<\/strong> es adecuada para quienes desean <strong data-start=\"1822\" data-end=\"1925\">controlar el colesterol, mejorar la digesti\u00f3n de las grasas y potenciar la salud del h\u00edgado y el cerebro<\/strong>. Es ideal para adultos activos y para quienes desean adoptar una dieta m\u00e1s equilibrada y sana.<\/p>\n<p data-start=\"2029\" data-end=\"2143\">Con su acci\u00f3n purificadora y revitalizante, es el aliado perfecto para la <strong data-start=\"2096\" data-end=\"2140\">energ\u00eda, el equilibrio y la vitalidad natural<\/strong>.<\/p>\n<p data-start=\"2029\" data-end=\"2143\">Presentaci\u00f3n:<\/p>\n<p data-start=\"2029\" data-end=\"2143\">450g<\/p>\n<p data-start=\"2029\" data-end=\"2143\">\n","protected":false},"excerpt":{"rendered":"<p>Lecitina Extra Sakai &#8211; suplemento natural con lecitina de soja no transg\u00e9nica que equilibra el colesterol, favorece el h\u00edgado, la memoria y el bienestar mental. [&#8230;]<\/p>\n<p><a class=\"btn btn-secondary understrap-read-more-link\" href=\"https:\/\/www.lifenatura.com\/es\/produto\/lecitina-extra-450g-sakai\/\">Leer m\u00e1s&#8230;<span class=\"screen-reader-text\"> from Lecitina Extra 450g &#8211; Sakai<\/span><\/a><\/p>\n","protected":false},"featured_media":117705,"template":"","meta":{"_acf_changed":false},"product_brand":[8375],"product_cat":[7221,7222,7179],"product_tag":[],"class_list":{"0":"post-121708","1":"product","2":"type-product","3":"status-publish","4":"has-post-thumbnail","6":"product_brand-sakai","7":"product_cat-sistema-circulatorio","8":"product_cat-colesterol-salud","9":"product_cat-salud","11":"first","12":"instock","13":"shipping-taxable","14":"purchasable","15":"product-type-simple","16":"add-to-wishlist-before_image"},"acf":[],"yoast_head":"<!-- This site is optimized with the Yoast SEO Premium plugin v27.1 (Yoast SEO v27.4) - https:\/\/yoast.com\/product\/yoast-seo-premium-wordpress\/ -->\n<title>Lecitina Extra 450g - Sakai - Lifenatura<\/title>\n<meta name=\"description\" content=\"Lecitina Extra Sakai con lecitina de soja no transg\u00e9nica que equilibra el colesterol, favorece el h\u00edgado, la memoria y el bienestar mental.\" \/>\n<meta name=\"robots\" content=\"index, follow, max-snippet:-1, max-image-preview:large, max-video-preview:-1\" \/>\n<link rel=\"canonical\" href=\"https:\/\/www.lifenatura.com\/es\/produto\/lecitina-extra-450g-sakai\/\" \/>\n<meta property=\"og:locale\" content=\"es_ES\" \/>\n<meta property=\"og:type\" content=\"article\" \/>\n<meta property=\"og:title\" content=\"Lecitina Extra 450g - Sakai - Lifenatura\" \/>\n<meta property=\"og:description\" content=\"Compre aqui o seu Lecitina Extra 450g - Sakai e a Lifenatura Online envia em 48 H com Portes Gratis &gt;35\u20ac de Pedido.\" \/>\n<meta property=\"og:url\" content=\"https:\/\/www.lifenatura.com\/es\/produto\/lecitina-extra-450g-sakai\/\" \/>\n<meta property=\"og:site_name\" content=\"Lifenatura\" \/>\n<meta property=\"article:publisher\" content=\"https:\/\/www.facebook.com\/lifenatura\" \/>\n<meta property=\"article:modified_time\" content=\"2025-11-21T07:23:31+00:00\" \/>\n<meta property=\"og:image\" content=\"https:\/\/www.lifenatura.com\/wp-content\/uploads\/2025\/09\/lecitina-extra-450g-sakai.jpg\" \/>\n\t<meta property=\"og:image:width\" content=\"1000\" \/>\n\t<meta property=\"og:image:height\" content=\"1000\" \/>\n\t<meta property=\"og:image:type\" content=\"image\/jpeg\" \/>\n<meta name=\"twitter:card\" content=\"summary_large_image\" \/>\n<meta name=\"twitter:label1\" content=\"Precio\" \/>\n\t<meta name=\"twitter:data1\" content=\"25,55&nbsp;&euro;\" \/>\n\t<meta name=\"twitter:label2\" content=\"Disponibilidad\" \/>\n\t<meta name=\"twitter:data2\" content=\"Disponible\" \/>\n<meta property=\"product:price:amount\" content=\"25.55\" \/>\n<meta property=\"product:price:currency\" content=\"EUR\" \/>\n<meta property=\"og:availability\" content=\"instock\" \/>\n<meta property=\"product:availability\" content=\"instock\" \/>\n<meta property=\"product:retailer_item_id\" content=\"8423245321006\" \/>\n<meta property=\"product:condition\" content=\"new\" \/>\n<!-- \/ Yoast SEO Premium plugin. -->","yoast_head_json":{"title":"Lecitina Extra 450g - Sakai - Lifenatura","description":"Lecitina Extra Sakai con lecitina de soja no transg\u00e9nica que equilibra el colesterol, favorece el h\u00edgado, la memoria y el bienestar mental.","robots":{"index":"index","follow":"follow","max-snippet":"max-snippet:-1","max-image-preview":"max-image-preview:large","max-video-preview":"max-video-preview:-1"},"canonical":"https:\/\/www.lifenatura.com\/es\/produto\/lecitina-extra-450g-sakai\/","og_locale":"es_ES","og_type":"article","og_title":"Lecitina Extra 450g - Sakai - Lifenatura","og_description":"Compre aqui o seu Lecitina Extra 450g - Sakai e a Lifenatura Online envia em 48 H com Portes Gratis >35\u20ac de Pedido.","og_url":"https:\/\/www.lifenatura.com\/es\/produto\/lecitina-extra-450g-sakai\/","og_site_name":"Lifenatura","article_publisher":"https:\/\/www.facebook.com\/lifenatura","article_modified_time":"2025-11-21T07:23:31+00:00","og_image":[{"width":1000,"height":1000,"url":"https:\/\/www.lifenatura.com\/wp-content\/uploads\/2025\/09\/lecitina-extra-450g-sakai.jpg","type":"image\/jpeg"}],"twitter_card":"summary_large_image","twitter_misc":{"Precio":"25,55&nbsp;&euro;","Disponibilidad":"Disponible"},"schema":{"@context":"https:\/\/schema.org","@graph":[{"@type":"WebPage","@id":"https:\/\/www.lifenatura.com\/es\/produto\/lecitina-extra-450g-sakai\/","url":"https:\/\/www.lifenatura.com\/es\/produto\/lecitina-extra-450g-sakai\/","name":"Lecitina Extra 450g - Sakai - Lifenatura","isPartOf":{"@id":"https:\/\/www.lifenatura.com\/#website"},"primaryImageOfPage":{"@id":"https:\/\/www.lifenatura.com\/es\/produto\/lecitina-extra-450g-sakai\/#primaryimage"},"image":{"@id":"https:\/\/www.lifenatura.com\/es\/produto\/lecitina-extra-450g-sakai\/#primaryimage"},"thumbnailUrl":"https:\/\/www.lifenatura.com\/wp-content\/uploads\/2025\/09\/lecitina-extra-450g-sakai.jpg","datePublished":"2025-09-25T06:18:37+00:00","dateModified":"2025-11-21T07:23:31+00:00","description":"Lecitina Extra Sakai con lecitina de soja no transg\u00e9nica que equilibra el colesterol, favorece el h\u00edgado, la memoria y el bienestar mental.","breadcrumb":{"@id":"https:\/\/www.lifenatura.com\/es\/produto\/lecitina-extra-450g-sakai\/#breadcrumb"},"inLanguage":"es","potentialAction":[{"@type":"ReadAction","target":["https:\/\/www.lifenatura.com\/es\/produto\/lecitina-extra-450g-sakai\/"]}]},{"@type":"ImageObject","inLanguage":"es","@id":"https:\/\/www.lifenatura.com\/es\/produto\/lecitina-extra-450g-sakai\/#primaryimage","url":"https:\/\/www.lifenatura.com\/wp-content\/uploads\/2025\/09\/lecitina-extra-450g-sakai.jpg","contentUrl":"https:\/\/www.lifenatura.com\/wp-content\/uploads\/2025\/09\/lecitina-extra-450g-sakai.jpg","width":1000,"height":1000,"caption":"lecitina extra da marca sakai"},{"@type":"BreadcrumbList","@id":"https:\/\/www.lifenatura.com\/es\/produto\/lecitina-extra-450g-sakai\/#breadcrumb","itemListElement":[{"@type":"ListItem","position":1,"name":"In\u00edcio","item":"https:\/\/www.lifenatura.com\/es\/"},{"@type":"ListItem","position":2,"name":"Todos los Productos","item":"https:\/\/www.lifenatura.com\/es\/tienda\/"},{"@type":"ListItem","position":3,"name":"Lecitina Extra 450g &#8211; Sakai"}]},{"@type":"WebSite","@id":"https:\/\/www.lifenatura.com\/#website","url":"https:\/\/www.lifenatura.com\/","name":"Lifenatura","description":"A Lifenatura \u00e9 uma loja de produtos naturais, cosm\u00e9tica natural e alimenta\u00e7\u00e3o Biol\u00f3gica.","publisher":{"@id":"https:\/\/www.lifenatura.com\/#organization"},"potentialAction":[{"@type":"SearchAction","target":{"@type":"EntryPoint","urlTemplate":"https:\/\/www.lifenatura.com\/?s={search_term_string}"},"query-input":{"@type":"PropertyValueSpecification","valueRequired":true,"valueName":"search_term_string"}}],"inLanguage":"es"},{"@type":"Organization","@id":"https:\/\/www.lifenatura.com\/#organization","name":"Lifenatura","url":"https:\/\/www.lifenatura.com\/","logo":{"@type":"ImageObject","inLanguage":"es","@id":"https:\/\/www.lifenatura.com\/#\/schema\/logo\/image\/","url":"https:\/\/www.lifenatura.com\/wp-content\/uploads\/2021\/11\/logo.png","contentUrl":"https:\/\/www.lifenatura.com\/wp-content\/uploads\/2021\/11\/logo.png","width":175,"height":55,"caption":"Lifenatura"},"image":{"@id":"https:\/\/www.lifenatura.com\/#\/schema\/logo\/image\/"},"sameAs":["https:\/\/www.facebook.com\/lifenatura","https:\/\/www.instagram.com\/lifenaturapt\/"]}]},"product_price_amount":"25.55","product_price_currency":"EUR","og_availability":"instock","product_availability":"instock","product_retailer_item_id":"8423245321006","product_condition":"new"},"df_price":25.55,"df_sale_price":"","df_regular_price":25.55,"df_image_link":"https:\/\/www.lifenatura.com\/wp-content\/uploads\/2025\/09\/lecitina-extra-450g-sakai-300x300.jpg","_links":{"self":[{"href":"https:\/\/www.lifenatura.com\/es\/wp-json\/wp\/v2\/product\/121708","targetHints":{"allow":["GET"]}}],"collection":[{"href":"https:\/\/www.lifenatura.com\/es\/wp-json\/wp\/v2\/product"}],"about":[{"href":"https:\/\/www.lifenatura.com\/es\/wp-json\/wp\/v2\/types\/product"}],"wp:featuredmedia":[{"embeddable":true,"href":"https:\/\/www.lifenatura.com\/es\/wp-json\/wp\/v2\/media\/117705"}],"wp:attachment":[{"href":"https:\/\/www.lifenatura.com\/es\/wp-json\/wp\/v2\/media?parent=121708"}],"wp:term":[{"taxonomy":"product_brand","embeddable":true,"href":"https:\/\/www.lifenatura.com\/es\/wp-json\/wp\/v2\/product_brand?post=121708"},{"taxonomy":"product_cat","embeddable":true,"href":"https:\/\/www.lifenatura.com\/es\/wp-json\/wp\/v2\/product_cat?post=121708"},{"taxonomy":"product_tag","embeddable":true,"href":"https:\/\/www.lifenatura.com\/es\/wp-json\/wp\/v2\/product_tag?post=121708"}],"curies":[{"name":"wp","href":"https:\/\/api.w.org\/{rel}","templated":true}]}}