{"id":121707,"date":"2025-09-25T06:18:53","date_gmt":"2025-09-25T06:18:53","guid":{"rendered":"https:\/\/www.lifenatura.com\/produto\/aceite-de-onagra-450-perlas-sakai\/"},"modified":"2025-11-19T08:28:25","modified_gmt":"2025-11-19T08:28:25","slug":"aceite-de-onagra-450-perlas-sakai","status":"publish","type":"product","link":"https:\/\/www.lifenatura.com\/es\/produto\/aceite-de-onagra-450-perlas-sakai\/","title":{"rendered":"Aceite de Onagra 450 Perlas &#8211; Sakai"},"content":{"rendered":"<h2 style=\"text-align: left;\" data-start=\"196\" data-end=\"269\">Aceite de onagra &#8211; Sakai<\/h2>\n<p>&nbsp;<\/p>\n<p data-start=\"271\" data-end=\"709\"><strong data-start=\"273\" data-end=\"312\">El Aceite de Onagra Sakai 450 Perlas<\/strong> es un suplemento natural de alta calidad formulado a partir de aceite puro extra\u00eddo de las semillas de la planta <em data-start=\"420\" data-end=\"439\">Oenothera biennis<\/em>, tambi\u00e9n conocida como onagra. Este aceite es naturalmente rico en <strong data-start=\"515\" data-end=\"551\">\u00e1cidos grasos esenciales omega-6<\/strong>, especialmente <strong data-start=\"569\" data-end=\"600\">\u00e1cido gamma-linol\u00e9nico (GLA)<\/strong>, que desempe\u00f1a un papel clave en el <strong data-start=\"641\" data-end=\"706\">equilibrio hormonal, la salud de la piel y el bienestar femenino<\/strong>.<\/p>\n<p data-start=\"711\" data-end=\"1207\"><strong data-start=\"713\" data-end=\"737\">El Aceite de Onagra Sakai<\/strong> ayuda a <strong data-start=\"746\" data-end=\"775\">regular el ciclo menstrual<\/strong> y a aliviar los s\u00edntomas de <strong data-start=\"803\" data-end=\"833\">la tensi\u00f3n premenstrual (TPM<\/strong>), como la irritabilidad, la sensibilidad mamaria, las molestias abdominales y los cambios de humor. Durante la menopausia, ayuda a reducir los sofocos y favorece el equilibrio f\u00edsico y emocional. Adem\u00e1s, el GLA presente en el aceite ayuda a <strong data-start=\"1073\" data-end=\"1123\">mejorar la elasticidad e hidrataci\u00f3n de la piel<\/strong>, manteni\u00e9ndola nutrida y sana, al tiempo que fortalece el cabello y las u\u00f1as.<\/p>\n<p data-start=\"1209\" data-end=\"1367\">Las <strong data-start=\"1212\" data-end=\"1241\">perlas f\u00e1ciles de tragar<\/strong> garantizan una absorci\u00f3n r\u00e1pida y eficaz, y son ideales para el uso diario como parte de un estilo de vida sano y equilibrado.<\/p>\n<p data-start=\"1369\" data-end=\"1419\"><strong>Principales beneficios del Aceite de Onagra Sakai:<\/strong><\/p>\n<ul data-start=\"1420\" data-end=\"1667\">\n<li data-start=\"1420\" data-end=\"1466\">\n<p data-start=\"1422\" data-end=\"1466\"><strong data-start=\"1422\" data-end=\"1464\">Equilibra el sistema hormonal femenino.<\/strong><\/p>\n<\/li>\n<li data-start=\"1467\" data-end=\"1513\">\n<p data-start=\"1469\" data-end=\"1513\"><strong data-start=\"1469\" data-end=\"1511\">Alivia los s\u00edntomas del s\u00edndrome premenstrual y la menopausia.<\/strong><\/p>\n<\/li>\n<li data-start=\"1514\" data-end=\"1573\">\n<p data-start=\"1516\" data-end=\"1573\"><strong data-start=\"1516\" data-end=\"1571\">Mejora la salud, hidrataci\u00f3n y elasticidad de la piel.<\/strong><\/p>\n<\/li>\n<li data-start=\"1574\" data-end=\"1612\">\n<p data-start=\"1576\" data-end=\"1612\"><strong data-start=\"1576\" data-end=\"1610\">Fortalece el cabello y las u\u00f1as.<\/strong><\/p>\n<\/li>\n<li data-start=\"1613\" data-end=\"1667\">\n<p data-start=\"1615\" data-end=\"1667\"><strong data-start=\"1615\" data-end=\"1665\">Rico en omega-6 y \u00e1cido gamma-linol\u00e9nico (GLA).<\/strong><\/p>\n<\/li>\n<\/ul>\n<p data-start=\"1669\" data-end=\"1699\"><strong>\u00bfA qui\u00e9n va dirigido?<\/strong><\/p>\n<p data-start=\"1700\" data-end=\"1915\"><strong data-start=\"1702\" data-end=\"1726\">El Aceite de Onagra Sakai<\/strong> es adecuado para <strong data-start=\"1743\" data-end=\"1774\">mujeres de todas las edades<\/strong> que buscan <strong data-start=\"1788\" data-end=\"1821\">equilibrar el sistema hormonal<\/strong>, aliviar las molestias menstruales o de la menopausia y cuidar la salud de su piel, cabello y u\u00f1as.<\/p>\n<p data-start=\"1917\" data-end=\"2054\">Con su acci\u00f3n equilibrante, nutritiva y revitalizante, es el aliado natural perfecto para el <strong data-start=\"2004\" data-end=\"2051\">bienestar, la belleza y la armon\u00eda femeninos<\/strong>.<\/p>\n<p data-start=\"1917\" data-end=\"2054\"><strong>Presentaci\u00f3n:<\/strong><\/p>\n<p data-start=\"1917\" data-end=\"2054\">450 Comprimidos.<\/p>\n<p data-start=\"1917\" data-end=\"2054\">\n","protected":false},"excerpt":{"rendered":"<p>Aceite de onagra Sakai: un suplemento con GLA y omega-6 que equilibra el sistema hormonal, alivia los s\u00edntomas del s\u00edndrome premenstrual y la menopausia y mejora la salud de la piel y el cabello. [&#8230;]<\/p>\n<p><a class=\"btn btn-secondary understrap-read-more-link\" href=\"https:\/\/www.lifenatura.com\/es\/produto\/aceite-de-onagra-450-perlas-sakai\/\">Leer m\u00e1s&#8230;<span class=\"screen-reader-text\"> from Aceite de Onagra 450 Perlas &#8211; Sakai<\/span><\/a><\/p>\n","protected":false},"featured_media":117737,"template":"","meta":{"_acf_changed":false},"product_brand":[8375],"product_cat":[7243,7179,7244,7883],"product_tag":[],"class_list":{"0":"post-121707","1":"product","2":"type-product","3":"status-publish","4":"has-post-thumbnail","6":"product_brand-sakai","7":"product_cat-menopausia","8":"product_cat-salud","9":"product_cat-salud-de-la-mujer","10":"product_cat-suplementos-alimenticios","12":"first","13":"instock","14":"shipping-taxable","15":"purchasable","16":"product-type-simple","17":"add-to-wishlist-before_image"},"acf":[],"yoast_head":"<!-- This site is optimized with the Yoast SEO Premium plugin v27.1 (Yoast SEO v27.4) - https:\/\/yoast.com\/product\/yoast-seo-premium-wordpress\/ -->\n<title>Aceite de Onagra 450 Perlas - Sakai - Lifenatura<\/title>\n<meta name=\"description\" content=\"Aceite de onagra Sakai un suplemento con GLA y omega-6 que equilibra el sistema hormonal, alivia los s\u00edntomas del menopausia y mejora la salud del cabello.\" \/>\n<meta name=\"robots\" content=\"index, follow, max-snippet:-1, max-image-preview:large, max-video-preview:-1\" \/>\n<link rel=\"canonical\" href=\"https:\/\/www.lifenatura.com\/es\/produto\/aceite-de-onagra-450-perlas-sakai\/\" \/>\n<meta property=\"og:locale\" content=\"es_ES\" \/>\n<meta property=\"og:type\" content=\"article\" \/>\n<meta property=\"og:title\" content=\"Aceite de Onagra 450 Perlas - Sakai - Lifenatura\" \/>\n<meta property=\"og:description\" content=\"Compre aqui o seu Aceite de Onagra 450 Perlas - Sakai e a Lifenatura Online envia em 48 H com Portes Gratis &gt;35\u20ac de Pedido.\" \/>\n<meta property=\"og:url\" content=\"https:\/\/www.lifenatura.com\/es\/produto\/aceite-de-onagra-450-perlas-sakai\/\" \/>\n<meta property=\"og:site_name\" content=\"Lifenatura\" \/>\n<meta property=\"article:publisher\" content=\"https:\/\/www.facebook.com\/lifenatura\" \/>\n<meta property=\"article:modified_time\" content=\"2025-11-19T08:28:25+00:00\" \/>\n<meta property=\"og:image\" content=\"https:\/\/www.lifenatura.com\/wp-content\/uploads\/2025\/09\/onagra-450-perlas-sakai.jpg\" \/>\n\t<meta property=\"og:image:width\" content=\"1000\" \/>\n\t<meta property=\"og:image:height\" content=\"1000\" \/>\n\t<meta property=\"og:image:type\" content=\"image\/jpeg\" \/>\n<meta name=\"twitter:card\" content=\"summary_large_image\" \/>\n<meta name=\"twitter:label1\" content=\"Precio\" \/>\n\t<meta name=\"twitter:data1\" content=\"61,43&nbsp;&euro;\" \/>\n\t<meta name=\"twitter:label2\" content=\"Disponibilidad\" \/>\n\t<meta name=\"twitter:data2\" content=\"Disponible\" \/>\n<meta property=\"product:price:amount\" content=\"61.43\" \/>\n<meta property=\"product:price:currency\" content=\"EUR\" \/>\n<meta property=\"og:availability\" content=\"instock\" \/>\n<meta property=\"product:availability\" content=\"instock\" \/>\n<meta property=\"product:retailer_item_id\" content=\"8423245261029\" \/>\n<meta property=\"product:condition\" content=\"new\" \/>\n<!-- \/ Yoast SEO Premium plugin. -->","yoast_head_json":{"title":"Aceite de Onagra 450 Perlas - Sakai - Lifenatura","description":"Aceite de onagra Sakai un suplemento con GLA y omega-6 que equilibra el sistema hormonal, alivia los s\u00edntomas del menopausia y mejora la salud del cabello.","robots":{"index":"index","follow":"follow","max-snippet":"max-snippet:-1","max-image-preview":"max-image-preview:large","max-video-preview":"max-video-preview:-1"},"canonical":"https:\/\/www.lifenatura.com\/es\/produto\/aceite-de-onagra-450-perlas-sakai\/","og_locale":"es_ES","og_type":"article","og_title":"Aceite de Onagra 450 Perlas - Sakai - Lifenatura","og_description":"Compre aqui o seu Aceite de Onagra 450 Perlas - Sakai e a Lifenatura Online envia em 48 H com Portes Gratis >35\u20ac de Pedido.","og_url":"https:\/\/www.lifenatura.com\/es\/produto\/aceite-de-onagra-450-perlas-sakai\/","og_site_name":"Lifenatura","article_publisher":"https:\/\/www.facebook.com\/lifenatura","article_modified_time":"2025-11-19T08:28:25+00:00","og_image":[{"width":1000,"height":1000,"url":"https:\/\/www.lifenatura.com\/wp-content\/uploads\/2025\/09\/onagra-450-perlas-sakai.jpg","type":"image\/jpeg"}],"twitter_card":"summary_large_image","twitter_misc":{"Precio":"61,43&nbsp;&euro;","Disponibilidad":"Disponible"},"schema":{"@context":"https:\/\/schema.org","@graph":[{"@type":"WebPage","@id":"https:\/\/www.lifenatura.com\/es\/produto\/aceite-de-onagra-450-perlas-sakai\/","url":"https:\/\/www.lifenatura.com\/es\/produto\/aceite-de-onagra-450-perlas-sakai\/","name":"Aceite de Onagra 450 Perlas - Sakai - Lifenatura","isPartOf":{"@id":"https:\/\/www.lifenatura.com\/#website"},"primaryImageOfPage":{"@id":"https:\/\/www.lifenatura.com\/es\/produto\/aceite-de-onagra-450-perlas-sakai\/#primaryimage"},"image":{"@id":"https:\/\/www.lifenatura.com\/es\/produto\/aceite-de-onagra-450-perlas-sakai\/#primaryimage"},"thumbnailUrl":"https:\/\/www.lifenatura.com\/wp-content\/uploads\/2025\/09\/onagra-450-perlas-sakai.jpg","datePublished":"2025-09-25T06:18:53+00:00","dateModified":"2025-11-19T08:28:25+00:00","description":"Aceite de onagra Sakai un suplemento con GLA y omega-6 que equilibra el sistema hormonal, alivia los s\u00edntomas del menopausia y mejora la salud del cabello.","breadcrumb":{"@id":"https:\/\/www.lifenatura.com\/es\/produto\/aceite-de-onagra-450-perlas-sakai\/#breadcrumb"},"inLanguage":"es","potentialAction":[{"@type":"ReadAction","target":["https:\/\/www.lifenatura.com\/es\/produto\/aceite-de-onagra-450-perlas-sakai\/"]}]},{"@type":"ImageObject","inLanguage":"es","@id":"https:\/\/www.lifenatura.com\/es\/produto\/aceite-de-onagra-450-perlas-sakai\/#primaryimage","url":"https:\/\/www.lifenatura.com\/wp-content\/uploads\/2025\/09\/onagra-450-perlas-sakai.jpg","contentUrl":"https:\/\/www.lifenatura.com\/wp-content\/uploads\/2025\/09\/onagra-450-perlas-sakai.jpg","width":1000,"height":1000,"caption":"onagra borraja 450 sofgels da marca sakai"},{"@type":"BreadcrumbList","@id":"https:\/\/www.lifenatura.com\/es\/produto\/aceite-de-onagra-450-perlas-sakai\/#breadcrumb","itemListElement":[{"@type":"ListItem","position":1,"name":"In\u00edcio","item":"https:\/\/www.lifenatura.com\/es\/"},{"@type":"ListItem","position":2,"name":"Todos los Productos","item":"https:\/\/www.lifenatura.com\/es\/tienda\/"},{"@type":"ListItem","position":3,"name":"Aceite de Onagra 450 Perlas &#8211; Sakai"}]},{"@type":"WebSite","@id":"https:\/\/www.lifenatura.com\/#website","url":"https:\/\/www.lifenatura.com\/","name":"Lifenatura","description":"A Lifenatura \u00e9 uma loja de produtos naturais, cosm\u00e9tica natural e alimenta\u00e7\u00e3o Biol\u00f3gica.","publisher":{"@id":"https:\/\/www.lifenatura.com\/#organization"},"potentialAction":[{"@type":"SearchAction","target":{"@type":"EntryPoint","urlTemplate":"https:\/\/www.lifenatura.com\/?s={search_term_string}"},"query-input":{"@type":"PropertyValueSpecification","valueRequired":true,"valueName":"search_term_string"}}],"inLanguage":"es"},{"@type":"Organization","@id":"https:\/\/www.lifenatura.com\/#organization","name":"Lifenatura","url":"https:\/\/www.lifenatura.com\/","logo":{"@type":"ImageObject","inLanguage":"es","@id":"https:\/\/www.lifenatura.com\/#\/schema\/logo\/image\/","url":"https:\/\/www.lifenatura.com\/wp-content\/uploads\/2021\/11\/logo.png","contentUrl":"https:\/\/www.lifenatura.com\/wp-content\/uploads\/2021\/11\/logo.png","width":175,"height":55,"caption":"Lifenatura"},"image":{"@id":"https:\/\/www.lifenatura.com\/#\/schema\/logo\/image\/"},"sameAs":["https:\/\/www.facebook.com\/lifenatura","https:\/\/www.instagram.com\/lifenaturapt\/"]}]},"product_price_amount":"61.43","product_price_currency":"EUR","og_availability":"instock","product_availability":"instock","product_retailer_item_id":"8423245261029","product_condition":"new"},"df_price":61.43,"df_sale_price":"","df_regular_price":61.43,"df_image_link":"https:\/\/www.lifenatura.com\/wp-content\/uploads\/2025\/09\/onagra-450-perlas-sakai-300x300.jpg","_links":{"self":[{"href":"https:\/\/www.lifenatura.com\/es\/wp-json\/wp\/v2\/product\/121707","targetHints":{"allow":["GET"]}}],"collection":[{"href":"https:\/\/www.lifenatura.com\/es\/wp-json\/wp\/v2\/product"}],"about":[{"href":"https:\/\/www.lifenatura.com\/es\/wp-json\/wp\/v2\/types\/product"}],"wp:featuredmedia":[{"embeddable":true,"href":"https:\/\/www.lifenatura.com\/es\/wp-json\/wp\/v2\/media\/117737"}],"wp:attachment":[{"href":"https:\/\/www.lifenatura.com\/es\/wp-json\/wp\/v2\/media?parent=121707"}],"wp:term":[{"taxonomy":"product_brand","embeddable":true,"href":"https:\/\/www.lifenatura.com\/es\/wp-json\/wp\/v2\/product_brand?post=121707"},{"taxonomy":"product_cat","embeddable":true,"href":"https:\/\/www.lifenatura.com\/es\/wp-json\/wp\/v2\/product_cat?post=121707"},{"taxonomy":"product_tag","embeddable":true,"href":"https:\/\/www.lifenatura.com\/es\/wp-json\/wp\/v2\/product_tag?post=121707"}],"curies":[{"name":"wp","href":"https:\/\/api.w.org\/{rel}","templated":true}]}}