{"id":121702,"date":"2025-09-25T06:18:41","date_gmt":"2025-09-25T06:18:41","guid":{"rendered":"https:\/\/www.lifenatura.com\/produto\/magnesio-complet-60-comprimidos-sakai\/"},"modified":"2025-11-21T07:19:46","modified_gmt":"2025-11-21T07:19:46","slug":"magnesio-complet-60-comprimidos-sakai","status":"publish","type":"product","link":"https:\/\/www.lifenatura.com\/es\/produto\/magnesio-complet-60-comprimidos-sakai\/","title":{"rendered":"Magnesio Complet 60 Comprimidos &#8211; Sakai"},"content":{"rendered":"<h2 style=\"text-align: left;\" data-start=\"175\" data-end=\"255\">Magnesio Complet tres formas de magnesio altamente biodisponibles &#8211; Sakai<\/h2>\n<p>&nbsp;<\/p>\n<p data-start=\"257\" data-end=\"702\"><strong data-start=\"259\" data-end=\"303\">Magnesio Complet 60 Comprimidos de Sakai<\/strong> es un suplemento mineral completo que combina <strong data-start=\"349\" data-end=\"401\">tres formas de magnesio altamente biodisponibles<\/strong> -magnesio marino, citrato y \u00f3xido- para garantizar una absorci\u00f3n eficaz y resultados duraderos. Esencial para m\u00e1s de 300 funciones biol\u00f3gicas, el magnesio contribuye al <strong data-start=\"574\" data-end=\"617\">funcionamiento normal de m\u00fasculos y nervios<\/strong>, a <strong data-start=\"626\" data-end=\"660\">reducir el cansancio y la fatiga<\/strong>, y al <strong data-start=\"670\" data-end=\"699\">bienestar mental y f\u00edsico<\/strong>.<\/p>\n<p data-start=\"704\" data-end=\"1103\"><strong data-start=\"706\" data-end=\"732\">El Magnesio Complet Sakai<\/strong> ayuda a equilibrar el sistema nervioso, favoreciendo la relajaci\u00f3n y la recuperaci\u00f3n muscular tras el esfuerzo f\u00edsico. Tambi\u00e9n es esencial para mantener huesos y dientes fuertes, apoyar el metabolismo energ\u00e9tico y mejorar el rendimiento cognitivo. Su combinaci\u00f3n de diferentes sales de magnesio permite una liberaci\u00f3n gradual, proporcionando un efecto equilibrado a lo largo del d\u00eda.<\/p>\n<p data-start=\"1105\" data-end=\"1279\">Ideal para quienes sufren <strong data-start=\"1127\" data-end=\"1173\">fatiga, estr\u00e9s, calambres o tensi\u00f3n muscular<\/strong>, este suplemento es una soluci\u00f3n natural y eficaz para potenciar la vitalidad y el equilibrio del organismo.<\/p>\n<p data-start=\"1281\" data-end=\"1333\"><strong>Principales beneficios del Magnesio Complet Sakai:<\/strong><\/p>\n<ul data-start=\"1334\" data-end=\"1629\">\n<li data-start=\"1334\" data-end=\"1385\">\n<p data-start=\"1336\" data-end=\"1385\"><strong data-start=\"1336\" data-end=\"1366\">Reduce el cansancio y la fatiga<\/strong> f\u00edsica y mental.<\/p>\n<\/li>\n<li data-start=\"1386\" data-end=\"1444\">\n<p data-start=\"1388\" data-end=\"1444\"><strong data-start=\"1388\" data-end=\"1423\">Favorece la relajaci\u00f3n muscular<\/strong> y previene los calambres.<\/p>\n<\/li>\n<li data-start=\"1445\" data-end=\"1507\">\n<p data-start=\"1447\" data-end=\"1507\"><strong data-start=\"1447\" data-end=\"1505\">Contribuye al buen funcionamiento del sistema nervioso.<\/strong><\/p>\n<\/li>\n<li data-start=\"1508\" data-end=\"1556\">\n<p data-start=\"1510\" data-end=\"1556\"><strong data-start=\"1510\" data-end=\"1554\">Ayuda a mantener sanos huesos y dientes.<\/strong><\/p>\n<\/li>\n<li data-start=\"1557\" data-end=\"1629\">\n<p data-start=\"1559\" data-end=\"1629\"><strong data-start=\"1559\" data-end=\"1598\">F\u00f3rmula completa, altamente absorbible<\/strong>, con tres tipos de magnesio.<\/p>\n<\/li>\n<\/ul>\n<p data-start=\"1631\" data-end=\"1661\"><strong>\u00bfA qui\u00e9n va dirigido?<\/strong><\/p>\n<p data-start=\"1662\" data-end=\"1902\"><strong data-start=\"1664\" data-end=\"1690\">Magnesio Complet Sakai<\/strong> es adecuado para <strong data-start=\"1707\" data-end=\"1793\">personas activas, deportistas, estudiantes o individuos con estr\u00e9s y fatiga cr\u00f3nica<\/strong>. Es ideal para quienes necesitan aumentar sus niveles de magnesio y favorecer la relajaci\u00f3n muscular y mental.<\/p>\n<p data-start=\"1904\" data-end=\"2051\">Con una f\u00f3rmula equilibrada y de alta calidad, es el aliado perfecto para <strong data-start=\"1981\" data-end=\"2048\">recuperar la energ\u00eda, reducir el estr\u00e9s y mantener el bienestar diario.<\/strong><\/p>\n<p data-start=\"1904\" data-end=\"2051\"><strong>Presentaci\u00f3n:<\/strong><\/p>\n<p data-start=\"1904\" data-end=\"2051\">60 comprimidos.<\/p>\n<p data-start=\"1904\" data-end=\"2051\">\n","protected":false},"excerpt":{"rendered":"<p>Magnesio Complet Sakai &#8211; suplemento mineral con tres tipos de magnesio que reduce el cansancio, los calambres, mejora la relajaci\u00f3n muscular y el equilibrio nervioso. [&#8230;]<\/p>\n<p><a class=\"btn btn-secondary understrap-read-more-link\" href=\"https:\/\/www.lifenatura.com\/es\/produto\/magnesio-complet-60-comprimidos-sakai\/\">Leer m\u00e1s&#8230;<span class=\"screen-reader-text\"> from Magnesio Complet 60 Comprimidos &#8211; Sakai<\/span><\/a><\/p>\n","protected":false},"featured_media":117715,"template":"","meta":{"_acf_changed":false},"product_brand":[8375],"product_cat":[7213,7238,7659,7740,7206,7179],"product_tag":[],"class_list":{"0":"post-121702","1":"product","2":"type-product","3":"status-publish","4":"has-post-thumbnail","6":"product_brand-sakai","7":"product_cat-ansiedad-y-depresion","8":"product_cat-energizante-natural","9":"product_cat-ingrediente-natural-bio","10":"product_cat-magnesio-es","11":"product_cat-musculos-salud","12":"product_cat-salud","14":"first","15":"instock","16":"shipping-taxable","17":"purchasable","18":"product-type-simple","19":"add-to-wishlist-before_image"},"acf":[],"yoast_head":"<!-- This site is optimized with the Yoast SEO Premium plugin v27.1 (Yoast SEO v27.4) - https:\/\/yoast.com\/product\/yoast-seo-premium-wordpress\/ -->\n<title>Magnesio Complet 60 Comprimidos - Sakai - Lifenatura<\/title>\n<meta name=\"description\" content=\"Magnesio Complet Sakai con tres tipos de magnesio que reduce el cansancio, los calambres, mejora la relajaci\u00f3n muscular y el equilibrio nervioso.\" \/>\n<meta name=\"robots\" content=\"index, follow, max-snippet:-1, max-image-preview:large, max-video-preview:-1\" \/>\n<link rel=\"canonical\" href=\"https:\/\/www.lifenatura.com\/es\/produto\/magnesio-complet-60-comprimidos-sakai\/\" \/>\n<meta property=\"og:locale\" content=\"es_ES\" \/>\n<meta property=\"og:type\" content=\"article\" \/>\n<meta property=\"og:title\" content=\"Magnesio Complet 60 Comprimidos - Sakai - Lifenatura\" \/>\n<meta property=\"og:description\" content=\"Compre aqui o seu Magnesio Complet 60 Comprimidos - Sakai e a Lifenatura Online envia em 48 H com Portes Gratis &gt;35\u20ac de Pedido.\" \/>\n<meta property=\"og:url\" content=\"https:\/\/www.lifenatura.com\/es\/produto\/magnesio-complet-60-comprimidos-sakai\/\" \/>\n<meta property=\"og:site_name\" content=\"Lifenatura\" \/>\n<meta property=\"article:publisher\" content=\"https:\/\/www.facebook.com\/lifenatura\" \/>\n<meta property=\"article:modified_time\" content=\"2025-11-21T07:19:46+00:00\" \/>\n<meta property=\"og:image\" content=\"https:\/\/www.lifenatura.com\/wp-content\/uploads\/2025\/09\/magnesio-complet-60-comprimidos-sakai.jpg\" \/>\n\t<meta property=\"og:image:width\" content=\"1000\" \/>\n\t<meta property=\"og:image:height\" content=\"1000\" \/>\n\t<meta property=\"og:image:type\" content=\"image\/jpeg\" \/>\n<meta name=\"twitter:card\" content=\"summary_large_image\" \/>\n<meta name=\"twitter:label1\" content=\"Precio\" \/>\n\t<meta name=\"twitter:data1\" content=\"17,94&nbsp;&euro;\" \/>\n\t<meta name=\"twitter:label2\" content=\"Disponibilidad\" \/>\n\t<meta name=\"twitter:data2\" content=\"Disponible\" \/>\n<meta property=\"product:price:amount\" content=\"17.94\" \/>\n<meta property=\"product:price:currency\" content=\"EUR\" \/>\n<meta property=\"og:availability\" content=\"instock\" \/>\n<meta property=\"product:availability\" content=\"instock\" \/>\n<meta property=\"product:retailer_item_id\" content=\"8423245071277\" \/>\n<meta property=\"product:condition\" content=\"new\" \/>\n<!-- \/ Yoast SEO Premium plugin. -->","yoast_head_json":{"title":"Magnesio Complet 60 Comprimidos - Sakai - Lifenatura","description":"Magnesio Complet Sakai con tres tipos de magnesio que reduce el cansancio, los calambres, mejora la relajaci\u00f3n muscular y el equilibrio nervioso.","robots":{"index":"index","follow":"follow","max-snippet":"max-snippet:-1","max-image-preview":"max-image-preview:large","max-video-preview":"max-video-preview:-1"},"canonical":"https:\/\/www.lifenatura.com\/es\/produto\/magnesio-complet-60-comprimidos-sakai\/","og_locale":"es_ES","og_type":"article","og_title":"Magnesio Complet 60 Comprimidos - Sakai - Lifenatura","og_description":"Compre aqui o seu Magnesio Complet 60 Comprimidos - Sakai e a Lifenatura Online envia em 48 H com Portes Gratis >35\u20ac de Pedido.","og_url":"https:\/\/www.lifenatura.com\/es\/produto\/magnesio-complet-60-comprimidos-sakai\/","og_site_name":"Lifenatura","article_publisher":"https:\/\/www.facebook.com\/lifenatura","article_modified_time":"2025-11-21T07:19:46+00:00","og_image":[{"width":1000,"height":1000,"url":"https:\/\/www.lifenatura.com\/wp-content\/uploads\/2025\/09\/magnesio-complet-60-comprimidos-sakai.jpg","type":"image\/jpeg"}],"twitter_card":"summary_large_image","twitter_misc":{"Precio":"17,94&nbsp;&euro;","Disponibilidad":"Disponible"},"schema":{"@context":"https:\/\/schema.org","@graph":[{"@type":"WebPage","@id":"https:\/\/www.lifenatura.com\/es\/produto\/magnesio-complet-60-comprimidos-sakai\/","url":"https:\/\/www.lifenatura.com\/es\/produto\/magnesio-complet-60-comprimidos-sakai\/","name":"Magnesio Complet 60 Comprimidos - Sakai - Lifenatura","isPartOf":{"@id":"https:\/\/www.lifenatura.com\/#website"},"primaryImageOfPage":{"@id":"https:\/\/www.lifenatura.com\/es\/produto\/magnesio-complet-60-comprimidos-sakai\/#primaryimage"},"image":{"@id":"https:\/\/www.lifenatura.com\/es\/produto\/magnesio-complet-60-comprimidos-sakai\/#primaryimage"},"thumbnailUrl":"https:\/\/www.lifenatura.com\/wp-content\/uploads\/2025\/09\/magnesio-complet-60-comprimidos-sakai.jpg","datePublished":"2025-09-25T06:18:41+00:00","dateModified":"2025-11-21T07:19:46+00:00","description":"Magnesio Complet Sakai con tres tipos de magnesio que reduce el cansancio, los calambres, mejora la relajaci\u00f3n muscular y el equilibrio nervioso.","breadcrumb":{"@id":"https:\/\/www.lifenatura.com\/es\/produto\/magnesio-complet-60-comprimidos-sakai\/#breadcrumb"},"inLanguage":"es","potentialAction":[{"@type":"ReadAction","target":["https:\/\/www.lifenatura.com\/es\/produto\/magnesio-complet-60-comprimidos-sakai\/"]}]},{"@type":"ImageObject","inLanguage":"es","@id":"https:\/\/www.lifenatura.com\/es\/produto\/magnesio-complet-60-comprimidos-sakai\/#primaryimage","url":"https:\/\/www.lifenatura.com\/wp-content\/uploads\/2025\/09\/magnesio-complet-60-comprimidos-sakai.jpg","contentUrl":"https:\/\/www.lifenatura.com\/wp-content\/uploads\/2025\/09\/magnesio-complet-60-comprimidos-sakai.jpg","width":1000,"height":1000,"caption":"magnesio complet da marca sakai"},{"@type":"BreadcrumbList","@id":"https:\/\/www.lifenatura.com\/es\/produto\/magnesio-complet-60-comprimidos-sakai\/#breadcrumb","itemListElement":[{"@type":"ListItem","position":1,"name":"In\u00edcio","item":"https:\/\/www.lifenatura.com\/es\/"},{"@type":"ListItem","position":2,"name":"Todos los Productos","item":"https:\/\/www.lifenatura.com\/es\/tienda\/"},{"@type":"ListItem","position":3,"name":"Magnesio Complet 60 Comprimidos &#8211; Sakai"}]},{"@type":"WebSite","@id":"https:\/\/www.lifenatura.com\/#website","url":"https:\/\/www.lifenatura.com\/","name":"Lifenatura","description":"A Lifenatura \u00e9 uma loja de produtos naturais, cosm\u00e9tica natural e alimenta\u00e7\u00e3o Biol\u00f3gica.","publisher":{"@id":"https:\/\/www.lifenatura.com\/#organization"},"potentialAction":[{"@type":"SearchAction","target":{"@type":"EntryPoint","urlTemplate":"https:\/\/www.lifenatura.com\/?s={search_term_string}"},"query-input":{"@type":"PropertyValueSpecification","valueRequired":true,"valueName":"search_term_string"}}],"inLanguage":"es"},{"@type":"Organization","@id":"https:\/\/www.lifenatura.com\/#organization","name":"Lifenatura","url":"https:\/\/www.lifenatura.com\/","logo":{"@type":"ImageObject","inLanguage":"es","@id":"https:\/\/www.lifenatura.com\/#\/schema\/logo\/image\/","url":"https:\/\/www.lifenatura.com\/wp-content\/uploads\/2021\/11\/logo.png","contentUrl":"https:\/\/www.lifenatura.com\/wp-content\/uploads\/2021\/11\/logo.png","width":175,"height":55,"caption":"Lifenatura"},"image":{"@id":"https:\/\/www.lifenatura.com\/#\/schema\/logo\/image\/"},"sameAs":["https:\/\/www.facebook.com\/lifenatura","https:\/\/www.instagram.com\/lifenaturapt\/"]}]},"product_price_amount":"17.94","product_price_currency":"EUR","og_availability":"instock","product_availability":"instock","product_retailer_item_id":"8423245071277","product_condition":"new"},"df_price":17.94,"df_sale_price":"","df_regular_price":17.94,"df_image_link":"https:\/\/www.lifenatura.com\/wp-content\/uploads\/2025\/09\/magnesio-complet-60-comprimidos-sakai-300x300.jpg","_links":{"self":[{"href":"https:\/\/www.lifenatura.com\/es\/wp-json\/wp\/v2\/product\/121702","targetHints":{"allow":["GET"]}}],"collection":[{"href":"https:\/\/www.lifenatura.com\/es\/wp-json\/wp\/v2\/product"}],"about":[{"href":"https:\/\/www.lifenatura.com\/es\/wp-json\/wp\/v2\/types\/product"}],"wp:featuredmedia":[{"embeddable":true,"href":"https:\/\/www.lifenatura.com\/es\/wp-json\/wp\/v2\/media\/117715"}],"wp:attachment":[{"href":"https:\/\/www.lifenatura.com\/es\/wp-json\/wp\/v2\/media?parent=121702"}],"wp:term":[{"taxonomy":"product_brand","embeddable":true,"href":"https:\/\/www.lifenatura.com\/es\/wp-json\/wp\/v2\/product_brand?post=121702"},{"taxonomy":"product_cat","embeddable":true,"href":"https:\/\/www.lifenatura.com\/es\/wp-json\/wp\/v2\/product_cat?post=121702"},{"taxonomy":"product_tag","embeddable":true,"href":"https:\/\/www.lifenatura.com\/es\/wp-json\/wp\/v2\/product_tag?post=121702"}],"curies":[{"name":"wp","href":"https:\/\/api.w.org\/{rel}","templated":true}]}}