{"id":121701,"date":"2025-09-25T06:18:54","date_gmt":"2025-09-25T06:18:54","guid":{"rendered":"https:\/\/www.lifenatura.com\/produto\/aceite-de-onagra-180-perlas-sakai\/"},"modified":"2025-11-19T08:26:40","modified_gmt":"2025-11-19T08:26:40","slug":"aceite-de-onagra-180-perlas-sakai","status":"publish","type":"product","link":"https:\/\/www.lifenatura.com\/es\/produto\/aceite-de-onagra-180-perlas-sakai\/","title":{"rendered":"Aceite de onagra 180 perlas &#8211; Sakai"},"content":{"rendered":"<h2 style=\"text-align: left;\" data-start=\"200\" data-end=\"276\">Aceite de onagra &#8211; Sakai<\/h2>\n<p>&nbsp;<\/p>\n<p data-start=\"278\" data-end=\"712\"><strong data-start=\"280\" data-end=\"319\">El Aceite de Onagra Sakai 180 Perlas<\/strong> es un suplemento natural de alta calidad formulado para <strong data-start=\"378\" data-end=\"462\">favorecer el equilibrio hormonal y el bienestar de las mujeres en todas las etapas de la vida.<\/strong> Extra\u00eddo de las semillas de la planta <em data-start=\"496\" data-end=\"515\">Oenothera biennis<\/em>, el aceite de onagra es una de las fuentes m\u00e1s ricas en <strong data-start=\"565\" data-end=\"601\">\u00e1cidos grasos esenciales omega-6<\/strong>, especialmente <strong data-start=\"617\" data-end=\"648\">\u00e1cido gamma-linol\u00e9nico (GLA<\/strong>), esencial para la salud hormonal, cut\u00e1nea y cardiovascular.<\/p>\n<p data-start=\"714\" data-end=\"1204\"><strong data-start=\"716\" data-end=\"740\">El Aceite de Onagra Sakai<\/strong> act\u00faa de forma natural para <strong data-start=\"766\" data-end=\"798\">regular el ciclo menstrual<\/strong>, ayudando a aliviar los s\u00edntomas de la tensi\u00f3n premenstrual (TPM), como irritabilidad, molestias abdominales, sensibilidad mamaria y cambios de humor. Durante la <strong data-start=\"958\" data-end=\"971\">menopausia<\/strong>, ayuda a aliviar los sofocos y a estabilizar el equilibrio emocional. Adem\u00e1s, gracias a su acci\u00f3n antiinflamatoria y antioxidante, favorece <strong data-start=\"1123\" data-end=\"1160\">la hidrataci\u00f3n y elasticidad de la piel<\/strong>, y fortalece el cabello y las u\u00f1as.<\/p>\n<p data-start=\"1206\" data-end=\"1336\">Las <strong data-start=\"1209\" data-end=\"1238\">perlas f\u00e1ciles de tragar<\/strong> garantizan una absorci\u00f3n r\u00e1pida y eficaz, lo que hace que el suplemento sea pr\u00e1ctico y adecuado para el uso diario.<\/p>\n<p data-start=\"1338\" data-end=\"1388\"><strong>Principales beneficios del Aceite de Onagra Sakai:<\/strong><\/p>\n<ul data-start=\"1389\" data-end=\"1627\">\n<li data-start=\"1389\" data-end=\"1435\">\n<p data-start=\"1391\" data-end=\"1435\"><strong data-start=\"1391\" data-end=\"1433\">Equilibra el sistema hormonal femenino.<\/strong><\/p>\n<\/li>\n<li data-start=\"1436\" data-end=\"1485\">\n<p data-start=\"1438\" data-end=\"1485\"><strong data-start=\"1438\" data-end=\"1483\">Alivia los s\u00edntomas del s\u00edndrome premenstrual y la menopausia.<\/strong><\/p>\n<\/li>\n<li data-start=\"1486\" data-end=\"1533\">\n<p data-start=\"1488\" data-end=\"1533\"><strong data-start=\"1488\" data-end=\"1531\">Mejora la salud y la elasticidad de la piel.<\/strong><\/p>\n<\/li>\n<li data-start=\"1534\" data-end=\"1572\">\n<p data-start=\"1536\" data-end=\"1572\"><strong data-start=\"1536\" data-end=\"1570\">Fortalece el cabello y las u\u00f1as.<\/strong><\/p>\n<\/li>\n<li data-start=\"1573\" data-end=\"1627\">\n<p data-start=\"1575\" data-end=\"1627\"><strong data-start=\"1575\" data-end=\"1625\">Acci\u00f3n antiinflamatoria y antioxidante natural.<\/strong><\/p>\n<\/li>\n<\/ul>\n<p data-start=\"1629\" data-end=\"1659\"><strong>\u00bfA qui\u00e9n va dirigido?<\/strong><\/p>\n<p data-start=\"1660\" data-end=\"1966\"><strong data-start=\"1662\" data-end=\"1686\">El Aceite de Onagra Sakai<\/strong> es adecuado para <strong data-start=\"1703\" data-end=\"1807\">las mujeres que desean equilibrar su sistema hormonal y aliviar las molestias menstruales o de la menopausia<\/strong>, as\u00ed como para las que desean <strong data-start=\"1839\" data-end=\"1883\">mejorar el aspecto de su piel y cabello<\/strong>. Es ideal para un uso regular, ya que favorece la <strong data-start=\"1922\" data-end=\"1963\">vitalidad, la belleza y la armon\u00eda natural<\/strong>.<\/p>\n<p data-start=\"1968\" data-end=\"2089\">Con su acci\u00f3n completa y natural, es el aliado perfecto para el <strong data-start=\"2026\" data-end=\"2086\">bienestar y la salud de la mujer en todas las etapas de la vida.<\/strong><\/p>\n<p data-start=\"1968\" data-end=\"2089\"><strong>Presentaci\u00f3n:<\/strong><\/p>\n<p data-start=\"1968\" data-end=\"2089\">180 comprimidos.<\/p>\n<p data-start=\"1968\" data-end=\"2089\">\n","protected":false},"excerpt":{"rendered":"<p>Aceite de onagra Sakai: suplemento rico en omega-6 y GLA que regula el equilibrio hormonal, alivia los s\u00edntomas del s\u00edndrome premenstrual y la menopausia y mejora la piel y el cabello. [&#8230;]<\/p>\n<p><a class=\"btn btn-secondary understrap-read-more-link\" href=\"https:\/\/www.lifenatura.com\/es\/produto\/aceite-de-onagra-180-perlas-sakai\/\">Leer m\u00e1s&#8230;<span class=\"screen-reader-text\"> from Aceite de onagra 180 perlas &#8211; Sakai<\/span><\/a><\/p>\n","protected":false},"featured_media":117735,"template":"","meta":{"_acf_changed":false},"product_brand":[8375],"product_cat":[7243,7179,7244,7883],"product_tag":[],"class_list":{"0":"post-121701","1":"product","2":"type-product","3":"status-publish","4":"has-post-thumbnail","6":"product_brand-sakai","7":"product_cat-menopausia","8":"product_cat-salud","9":"product_cat-salud-de-la-mujer","10":"product_cat-suplementos-alimenticios","12":"first","13":"instock","14":"shipping-taxable","15":"purchasable","16":"product-type-simple","17":"add-to-wishlist-before_image"},"acf":[],"yoast_head":"<!-- This site is optimized with the Yoast SEO Premium plugin v27.1 (Yoast SEO v27.4) - https:\/\/yoast.com\/product\/yoast-seo-premium-wordpress\/ -->\n<title>Aceite de onagra 180 perlas - Sakai - Lifenatura<\/title>\n<meta name=\"description\" content=\"Aceite de onagra Sakai rico en omega-6 y GLA que regula el equilibrio hormonal, alivia los s\u00edntomas de la menopausia y mejora la piel y el cabello.\" \/>\n<meta name=\"robots\" content=\"index, follow, max-snippet:-1, max-image-preview:large, max-video-preview:-1\" \/>\n<link rel=\"canonical\" href=\"https:\/\/www.lifenatura.com\/es\/produto\/aceite-de-onagra-180-perlas-sakai\/\" \/>\n<meta property=\"og:locale\" content=\"es_ES\" \/>\n<meta property=\"og:type\" content=\"article\" \/>\n<meta property=\"og:title\" content=\"Aceite de onagra 180 perlas - Sakai - Lifenatura\" \/>\n<meta property=\"og:description\" content=\"Compre aqui o seu Aceite de onagra 180 perlas - Sakai e a Lifenatura Online envia em 48 H com Portes Gratis &gt;35\u20ac de Pedido.\" \/>\n<meta property=\"og:url\" content=\"https:\/\/www.lifenatura.com\/es\/produto\/aceite-de-onagra-180-perlas-sakai\/\" \/>\n<meta property=\"og:site_name\" content=\"Lifenatura\" \/>\n<meta property=\"article:publisher\" content=\"https:\/\/www.facebook.com\/lifenatura\" \/>\n<meta property=\"article:modified_time\" content=\"2025-11-19T08:26:40+00:00\" \/>\n<meta property=\"og:image\" content=\"https:\/\/www.lifenatura.com\/wp-content\/uploads\/2025\/09\/onagra-180-perlas-sakai.jpg\" \/>\n\t<meta property=\"og:image:width\" content=\"1000\" \/>\n\t<meta property=\"og:image:height\" content=\"1000\" \/>\n\t<meta property=\"og:image:type\" content=\"image\/jpeg\" \/>\n<meta name=\"twitter:card\" content=\"summary_large_image\" \/>\n<meta name=\"twitter:label1\" content=\"Precio\" \/>\n\t<meta name=\"twitter:data1\" content=\"28,88&nbsp;&euro;\" \/>\n\t<meta name=\"twitter:label2\" content=\"Disponibilidad\" \/>\n\t<meta name=\"twitter:data2\" content=\"Disponible\" \/>\n<meta property=\"product:price:amount\" content=\"28.88\" \/>\n<meta property=\"product:price:currency\" content=\"EUR\" \/>\n<meta property=\"og:availability\" content=\"instock\" \/>\n<meta property=\"product:availability\" content=\"instock\" \/>\n<meta property=\"product:retailer_item_id\" content=\"8423245270083\" \/>\n<meta property=\"product:condition\" content=\"new\" \/>\n<!-- \/ Yoast SEO Premium plugin. -->","yoast_head_json":{"title":"Aceite de onagra 180 perlas - Sakai - Lifenatura","description":"Aceite de onagra Sakai rico en omega-6 y GLA que regula el equilibrio hormonal, alivia los s\u00edntomas de la menopausia y mejora la piel y el cabello.","robots":{"index":"index","follow":"follow","max-snippet":"max-snippet:-1","max-image-preview":"max-image-preview:large","max-video-preview":"max-video-preview:-1"},"canonical":"https:\/\/www.lifenatura.com\/es\/produto\/aceite-de-onagra-180-perlas-sakai\/","og_locale":"es_ES","og_type":"article","og_title":"Aceite de onagra 180 perlas - Sakai - Lifenatura","og_description":"Compre aqui o seu Aceite de onagra 180 perlas - Sakai e a Lifenatura Online envia em 48 H com Portes Gratis >35\u20ac de Pedido.","og_url":"https:\/\/www.lifenatura.com\/es\/produto\/aceite-de-onagra-180-perlas-sakai\/","og_site_name":"Lifenatura","article_publisher":"https:\/\/www.facebook.com\/lifenatura","article_modified_time":"2025-11-19T08:26:40+00:00","og_image":[{"width":1000,"height":1000,"url":"https:\/\/www.lifenatura.com\/wp-content\/uploads\/2025\/09\/onagra-180-perlas-sakai.jpg","type":"image\/jpeg"}],"twitter_card":"summary_large_image","twitter_misc":{"Precio":"28,88&nbsp;&euro;","Disponibilidad":"Disponible"},"schema":{"@context":"https:\/\/schema.org","@graph":[{"@type":"WebPage","@id":"https:\/\/www.lifenatura.com\/es\/produto\/aceite-de-onagra-180-perlas-sakai\/","url":"https:\/\/www.lifenatura.com\/es\/produto\/aceite-de-onagra-180-perlas-sakai\/","name":"Aceite de onagra 180 perlas - Sakai - Lifenatura","isPartOf":{"@id":"https:\/\/www.lifenatura.com\/#website"},"primaryImageOfPage":{"@id":"https:\/\/www.lifenatura.com\/es\/produto\/aceite-de-onagra-180-perlas-sakai\/#primaryimage"},"image":{"@id":"https:\/\/www.lifenatura.com\/es\/produto\/aceite-de-onagra-180-perlas-sakai\/#primaryimage"},"thumbnailUrl":"https:\/\/www.lifenatura.com\/wp-content\/uploads\/2025\/09\/onagra-180-perlas-sakai.jpg","datePublished":"2025-09-25T06:18:54+00:00","dateModified":"2025-11-19T08:26:40+00:00","description":"Aceite de onagra Sakai rico en omega-6 y GLA que regula el equilibrio hormonal, alivia los s\u00edntomas de la menopausia y mejora la piel y el cabello.","breadcrumb":{"@id":"https:\/\/www.lifenatura.com\/es\/produto\/aceite-de-onagra-180-perlas-sakai\/#breadcrumb"},"inLanguage":"es","potentialAction":[{"@type":"ReadAction","target":["https:\/\/www.lifenatura.com\/es\/produto\/aceite-de-onagra-180-perlas-sakai\/"]}]},{"@type":"ImageObject","inLanguage":"es","@id":"https:\/\/www.lifenatura.com\/es\/produto\/aceite-de-onagra-180-perlas-sakai\/#primaryimage","url":"https:\/\/www.lifenatura.com\/wp-content\/uploads\/2025\/09\/onagra-180-perlas-sakai.jpg","contentUrl":"https:\/\/www.lifenatura.com\/wp-content\/uploads\/2025\/09\/onagra-180-perlas-sakai.jpg","width":1000,"height":1000,"caption":"oleo de onagra 180 sofgels da marca sakai"},{"@type":"BreadcrumbList","@id":"https:\/\/www.lifenatura.com\/es\/produto\/aceite-de-onagra-180-perlas-sakai\/#breadcrumb","itemListElement":[{"@type":"ListItem","position":1,"name":"In\u00edcio","item":"https:\/\/www.lifenatura.com\/es\/"},{"@type":"ListItem","position":2,"name":"Todos los Productos","item":"https:\/\/www.lifenatura.com\/es\/tienda\/"},{"@type":"ListItem","position":3,"name":"Aceite de onagra 180 perlas &#8211; Sakai"}]},{"@type":"WebSite","@id":"https:\/\/www.lifenatura.com\/#website","url":"https:\/\/www.lifenatura.com\/","name":"Lifenatura","description":"A Lifenatura \u00e9 uma loja de produtos naturais, cosm\u00e9tica natural e alimenta\u00e7\u00e3o Biol\u00f3gica.","publisher":{"@id":"https:\/\/www.lifenatura.com\/#organization"},"potentialAction":[{"@type":"SearchAction","target":{"@type":"EntryPoint","urlTemplate":"https:\/\/www.lifenatura.com\/?s={search_term_string}"},"query-input":{"@type":"PropertyValueSpecification","valueRequired":true,"valueName":"search_term_string"}}],"inLanguage":"es"},{"@type":"Organization","@id":"https:\/\/www.lifenatura.com\/#organization","name":"Lifenatura","url":"https:\/\/www.lifenatura.com\/","logo":{"@type":"ImageObject","inLanguage":"es","@id":"https:\/\/www.lifenatura.com\/#\/schema\/logo\/image\/","url":"https:\/\/www.lifenatura.com\/wp-content\/uploads\/2021\/11\/logo.png","contentUrl":"https:\/\/www.lifenatura.com\/wp-content\/uploads\/2021\/11\/logo.png","width":175,"height":55,"caption":"Lifenatura"},"image":{"@id":"https:\/\/www.lifenatura.com\/#\/schema\/logo\/image\/"},"sameAs":["https:\/\/www.facebook.com\/lifenatura","https:\/\/www.instagram.com\/lifenaturapt\/"]}]},"product_price_amount":"28.88","product_price_currency":"EUR","og_availability":"instock","product_availability":"instock","product_retailer_item_id":"8423245270083","product_condition":"new"},"df_price":28.88,"df_sale_price":"","df_regular_price":28.88,"df_image_link":"https:\/\/www.lifenatura.com\/wp-content\/uploads\/2025\/09\/onagra-180-perlas-sakai-300x300.jpg","_links":{"self":[{"href":"https:\/\/www.lifenatura.com\/es\/wp-json\/wp\/v2\/product\/121701","targetHints":{"allow":["GET"]}}],"collection":[{"href":"https:\/\/www.lifenatura.com\/es\/wp-json\/wp\/v2\/product"}],"about":[{"href":"https:\/\/www.lifenatura.com\/es\/wp-json\/wp\/v2\/types\/product"}],"wp:featuredmedia":[{"embeddable":true,"href":"https:\/\/www.lifenatura.com\/es\/wp-json\/wp\/v2\/media\/117735"}],"wp:attachment":[{"href":"https:\/\/www.lifenatura.com\/es\/wp-json\/wp\/v2\/media?parent=121701"}],"wp:term":[{"taxonomy":"product_brand","embeddable":true,"href":"https:\/\/www.lifenatura.com\/es\/wp-json\/wp\/v2\/product_brand?post=121701"},{"taxonomy":"product_cat","embeddable":true,"href":"https:\/\/www.lifenatura.com\/es\/wp-json\/wp\/v2\/product_cat?post=121701"},{"taxonomy":"product_tag","embeddable":true,"href":"https:\/\/www.lifenatura.com\/es\/wp-json\/wp\/v2\/product_tag?post=121701"}],"curies":[{"name":"wp","href":"https:\/\/api.w.org\/{rel}","templated":true}]}}