{"id":121700,"date":"2025-09-25T06:18:50","date_gmt":"2025-09-25T06:18:50","guid":{"rendered":"https:\/\/www.lifenatura.com\/produto\/melatonina-extra-60-comprimidos-masticables-sakai\/"},"modified":"2025-11-21T07:13:23","modified_gmt":"2025-11-21T07:13:23","slug":"melatonina-extra-60-comprimidos-masticables-sakai","status":"publish","type":"product","link":"https:\/\/www.lifenatura.com\/es\/produto\/melatonina-extra-60-comprimidos-masticables-sakai\/","title":{"rendered":"Melatonina Extra 60 Comprimidos Masticables &#8211; Sakai"},"content":{"rendered":"<h2 style=\"text-align: left;\" data-start=\"184\" data-end=\"268\">Melatonina Extra promover un sue\u00f1o profundo &#8211; Sakai<\/h2>\n<p>&nbsp;<\/p>\n<p data-start=\"270\" data-end=\"693\"><strong data-start=\"272\" data-end=\"328\">La Melatonina Extra 60 Comprimidos Masticables de Sakai<\/strong> es un suplemento natural dise\u00f1ado para <strong data-start=\"371\" data-end=\"426\">promover un sue\u00f1o profundo, reparador y de calidad<\/strong>, ayudando a regular el ciclo natural del sue\u00f1o de forma segura y eficaz. Formulada con <strong data-start=\"511\" data-end=\"530\">melatonina pura<\/strong>, esta hormona natural ayuda a <strong data-start=\"568\" data-end=\"613\">reducir el tiempo<\/strong> que se tarda en conciliar el sue\u00f1o y a mejorar el descanso nocturno, sin causar dependencia ni somnolencia diurna.<\/p>\n<p data-start=\"695\" data-end=\"1017\">El cuerpo produce <strong data-start=\"697\" data-end=\"711\">melatonina<\/strong> de forma natural, pero sus niveles tienden a disminuir con la edad, el estr\u00e9s, los horarios irregulares o la exposici\u00f3n a la luz artificial. <strong data-start=\"872\" data-end=\"898\">La Melatonina Extra Sakai<\/strong> ayuda a restablecer este equilibrio, por lo que es ideal para quienes padecen <strong data-start=\"965\" data-end=\"1014\">insomnio, desfase horario o dificultad para conciliar el sue\u00f1o<\/strong>.<\/p>\n<p data-start=\"1019\" data-end=\"1152\">Con <strong data-start=\"1023\" data-end=\"1069\">comprimidos masticables de agradable sabor<\/strong>, es f\u00e1cil de tomar y se absorbe r\u00e1pidamente, garantizando una acci\u00f3n eficaz y natural.<\/p>\n<p data-start=\"1154\" data-end=\"1206\"><strong>Principales beneficios de la Melatonina Sakai Extra:<\/strong><\/p>\n<ul data-start=\"1207\" data-end=\"1505\">\n<li data-start=\"1207\" data-end=\"1254\">\n<p data-start=\"1209\" data-end=\"1254\"><strong data-start=\"1209\" data-end=\"1252\">Ayuda a reducir el tiempo que se tarda en conciliar el sue\u00f1o.<\/strong><\/p>\n<\/li>\n<li data-start=\"1255\" data-end=\"1301\">\n<p data-start=\"1257\" data-end=\"1301\"><strong data-start=\"1257\" data-end=\"1299\">Mejora la calidad y la duraci\u00f3n del sue\u00f1o.<\/strong><\/p>\n<\/li>\n<li data-start=\"1302\" data-end=\"1366\">\n<p data-start=\"1304\" data-end=\"1366\"><strong data-start=\"1304\" data-end=\"1342\">Ayuda a regular el ritmo circadiano<\/strong> (ciclo sue\u00f1o-vigilia).<\/p>\n<\/li>\n<li data-start=\"1367\" data-end=\"1434\">\n<p data-start=\"1369\" data-end=\"1434\"><strong data-start=\"1369\" data-end=\"1432\">\u00datil en casos de jet lag, insomnio o cambios de horario.<\/strong><\/p>\n<\/li>\n<li data-start=\"1435\" data-end=\"1505\">\n<p data-start=\"1437\" data-end=\"1505\"><strong data-start=\"1437\" data-end=\"1464\">Comprimidos masticables<\/strong> de agradable sabor y r\u00e1pida absorci\u00f3n.<\/p>\n<\/li>\n<\/ul>\n<p data-start=\"1507\" data-end=\"1537\"><strong>\u00bfA qui\u00e9n va dirigido?<\/strong><\/p>\n<p data-start=\"1538\" data-end=\"1857\"><strong data-start=\"1540\" data-end=\"1566\">La Melatonina Extra Sakai<\/strong> es adecuada para <strong data-start=\"1583\" data-end=\"1667\">los adultos que tienen dificultades para conciliar el sue\u00f1o, insomnio ocasional o alteraciones del sue\u00f1o<\/strong> causadas por el estr\u00e9s, los viajes o los ritmos de trabajo irregulares. Tambi\u00e9n es ideal para quienes desean <strong data-start=\"1764\" data-end=\"1808\">mejorar su descanso y bienestar diarios<\/strong> de forma natural, sin recurrir a la medicaci\u00f3n.<\/p>\n<p data-start=\"1859\" data-end=\"1966\">Con su f\u00f3rmula eficaz y segura, es el aliado perfecto para <strong data-start=\"1919\" data-end=\"1963\">un sue\u00f1o tranquilo, natural y reparador<\/strong>.<\/p>\n<p><strong>Presentaci\u00f3n:<\/strong><\/p>\n<p data-start=\"1859\" data-end=\"1966\">60 comprimidos.<\/p>\n<p data-start=\"1859\" data-end=\"1966\">\n","protected":false},"excerpt":{"rendered":"<p>Sakai Extra Melatonina &#8211; un suplemento natural en comprimidos masticables que te ayuda a conciliar el sue\u00f1o m\u00e1s r\u00e1pidamente, mejora el sue\u00f1o y regula tu ritmo biol\u00f3gico. [&#8230;]<\/p>\n<p><a class=\"btn btn-secondary understrap-read-more-link\" href=\"https:\/\/www.lifenatura.com\/es\/produto\/melatonina-extra-60-comprimidos-masticables-sakai\/\">Leer m\u00e1s&#8230;<span class=\"screen-reader-text\"> from Melatonina Extra 60 Comprimidos Masticables &#8211; Sakai<\/span><\/a><\/p>\n","protected":false},"featured_media":117717,"template":"","meta":{"_acf_changed":false},"product_brand":[8375],"product_cat":[7214,7659,8060,7179],"product_tag":[],"class_list":{"0":"post-121700","1":"product","2":"type-product","3":"status-publish","4":"has-post-thumbnail","6":"product_brand-sakai","7":"product_cat-para-dormir","8":"product_cat-ingrediente-natural-bio","9":"product_cat-melatonina-es","10":"product_cat-salud","12":"first","13":"instock","14":"shipping-taxable","15":"purchasable","16":"product-type-simple","17":"add-to-wishlist-before_image"},"acf":[],"yoast_head":"<!-- This site is optimized with the Yoast SEO Premium plugin v27.1 (Yoast SEO v27.4) - https:\/\/yoast.com\/product\/yoast-seo-premium-wordpress\/ -->\n<title>Melatonina Extra 60 Comprimidos Masticables - Sakai - Lifenatura<\/title>\n<meta name=\"description\" content=\"Sakai Extra Melatonina en comprimidos masticables que te ayuda a conciliar el sue\u00f1o m\u00e1s r\u00e1pidamente, mejora el sue\u00f1o y regula tu ritmo biol\u00f3gico.\" \/>\n<meta name=\"robots\" content=\"index, follow, max-snippet:-1, max-image-preview:large, max-video-preview:-1\" \/>\n<link rel=\"canonical\" href=\"https:\/\/www.lifenatura.com\/es\/produto\/melatonina-extra-60-comprimidos-masticables-sakai\/\" \/>\n<meta property=\"og:locale\" content=\"es_ES\" \/>\n<meta property=\"og:type\" content=\"article\" \/>\n<meta property=\"og:title\" content=\"Melatonina Extra 60 Comprimidos Masticables - Sakai - Lifenatura\" \/>\n<meta property=\"og:description\" content=\"Compre aqui o seu Melatonina Extra 60 Comprimidos Masticables - Sakai e a Lifenatura Online envia em 48 H com Portes Gratis &gt;35\u20ac de Pedido.\" \/>\n<meta property=\"og:url\" content=\"https:\/\/www.lifenatura.com\/es\/produto\/melatonina-extra-60-comprimidos-masticables-sakai\/\" \/>\n<meta property=\"og:site_name\" content=\"Lifenatura\" \/>\n<meta property=\"article:publisher\" content=\"https:\/\/www.facebook.com\/lifenatura\" \/>\n<meta property=\"article:modified_time\" content=\"2025-11-21T07:13:23+00:00\" \/>\n<meta property=\"og:image\" content=\"https:\/\/www.lifenatura.com\/wp-content\/uploads\/2025\/09\/melatonina-extra-60-comprimidos-mastigaveis-sakai.jpg\" \/>\n\t<meta property=\"og:image:width\" content=\"1000\" \/>\n\t<meta property=\"og:image:height\" content=\"1000\" \/>\n\t<meta property=\"og:image:type\" content=\"image\/jpeg\" \/>\n<meta name=\"twitter:card\" content=\"summary_large_image\" \/>\n<meta name=\"twitter:label1\" content=\"Precio\" \/>\n\t<meta name=\"twitter:data1\" content=\"12,60&nbsp;&euro;\" \/>\n\t<meta name=\"twitter:label2\" content=\"Disponibilidad\" \/>\n\t<meta name=\"twitter:data2\" content=\"Disponible\" \/>\n<meta property=\"product:price:amount\" content=\"12.60\" \/>\n<meta property=\"product:price:currency\" content=\"EUR\" \/>\n<meta property=\"og:availability\" content=\"instock\" \/>\n<meta property=\"product:availability\" content=\"instock\" \/>\n<meta property=\"product:retailer_item_id\" content=\"8423245071048\" \/>\n<meta property=\"product:condition\" content=\"new\" \/>\n<!-- \/ Yoast SEO Premium plugin. -->","yoast_head_json":{"title":"Melatonina Extra 60 Comprimidos Masticables - Sakai - Lifenatura","description":"Sakai Extra Melatonina en comprimidos masticables que te ayuda a conciliar el sue\u00f1o m\u00e1s r\u00e1pidamente, mejora el sue\u00f1o y regula tu ritmo biol\u00f3gico.","robots":{"index":"index","follow":"follow","max-snippet":"max-snippet:-1","max-image-preview":"max-image-preview:large","max-video-preview":"max-video-preview:-1"},"canonical":"https:\/\/www.lifenatura.com\/es\/produto\/melatonina-extra-60-comprimidos-masticables-sakai\/","og_locale":"es_ES","og_type":"article","og_title":"Melatonina Extra 60 Comprimidos Masticables - Sakai - Lifenatura","og_description":"Compre aqui o seu Melatonina Extra 60 Comprimidos Masticables - Sakai e a Lifenatura Online envia em 48 H com Portes Gratis >35\u20ac de Pedido.","og_url":"https:\/\/www.lifenatura.com\/es\/produto\/melatonina-extra-60-comprimidos-masticables-sakai\/","og_site_name":"Lifenatura","article_publisher":"https:\/\/www.facebook.com\/lifenatura","article_modified_time":"2025-11-21T07:13:23+00:00","og_image":[{"width":1000,"height":1000,"url":"https:\/\/www.lifenatura.com\/wp-content\/uploads\/2025\/09\/melatonina-extra-60-comprimidos-mastigaveis-sakai.jpg","type":"image\/jpeg"}],"twitter_card":"summary_large_image","twitter_misc":{"Precio":"12,60&nbsp;&euro;","Disponibilidad":"Disponible"},"schema":{"@context":"https:\/\/schema.org","@graph":[{"@type":"WebPage","@id":"https:\/\/www.lifenatura.com\/es\/produto\/melatonina-extra-60-comprimidos-masticables-sakai\/","url":"https:\/\/www.lifenatura.com\/es\/produto\/melatonina-extra-60-comprimidos-masticables-sakai\/","name":"Melatonina Extra 60 Comprimidos Masticables - Sakai - Lifenatura","isPartOf":{"@id":"https:\/\/www.lifenatura.com\/#website"},"primaryImageOfPage":{"@id":"https:\/\/www.lifenatura.com\/es\/produto\/melatonina-extra-60-comprimidos-masticables-sakai\/#primaryimage"},"image":{"@id":"https:\/\/www.lifenatura.com\/es\/produto\/melatonina-extra-60-comprimidos-masticables-sakai\/#primaryimage"},"thumbnailUrl":"https:\/\/www.lifenatura.com\/wp-content\/uploads\/2025\/09\/melatonina-extra-60-comprimidos-mastigaveis-sakai.jpg","datePublished":"2025-09-25T06:18:50+00:00","dateModified":"2025-11-21T07:13:23+00:00","description":"Sakai Extra Melatonina en comprimidos masticables que te ayuda a conciliar el sue\u00f1o m\u00e1s r\u00e1pidamente, mejora el sue\u00f1o y regula tu ritmo biol\u00f3gico.","breadcrumb":{"@id":"https:\/\/www.lifenatura.com\/es\/produto\/melatonina-extra-60-comprimidos-masticables-sakai\/#breadcrumb"},"inLanguage":"es","potentialAction":[{"@type":"ReadAction","target":["https:\/\/www.lifenatura.com\/es\/produto\/melatonina-extra-60-comprimidos-masticables-sakai\/"]}]},{"@type":"ImageObject","inLanguage":"es","@id":"https:\/\/www.lifenatura.com\/es\/produto\/melatonina-extra-60-comprimidos-masticables-sakai\/#primaryimage","url":"https:\/\/www.lifenatura.com\/wp-content\/uploads\/2025\/09\/melatonina-extra-60-comprimidos-mastigaveis-sakai.jpg","contentUrl":"https:\/\/www.lifenatura.com\/wp-content\/uploads\/2025\/09\/melatonina-extra-60-comprimidos-mastigaveis-sakai.jpg","width":1000,"height":1000,"caption":"melatonina extra da marca sakai"},{"@type":"BreadcrumbList","@id":"https:\/\/www.lifenatura.com\/es\/produto\/melatonina-extra-60-comprimidos-masticables-sakai\/#breadcrumb","itemListElement":[{"@type":"ListItem","position":1,"name":"In\u00edcio","item":"https:\/\/www.lifenatura.com\/es\/"},{"@type":"ListItem","position":2,"name":"Todos los Productos","item":"https:\/\/www.lifenatura.com\/es\/tienda\/"},{"@type":"ListItem","position":3,"name":"Melatonina Extra 60 Comprimidos Masticables &#8211; Sakai"}]},{"@type":"WebSite","@id":"https:\/\/www.lifenatura.com\/#website","url":"https:\/\/www.lifenatura.com\/","name":"Lifenatura","description":"A Lifenatura \u00e9 uma loja de produtos naturais, cosm\u00e9tica natural e alimenta\u00e7\u00e3o Biol\u00f3gica.","publisher":{"@id":"https:\/\/www.lifenatura.com\/#organization"},"potentialAction":[{"@type":"SearchAction","target":{"@type":"EntryPoint","urlTemplate":"https:\/\/www.lifenatura.com\/?s={search_term_string}"},"query-input":{"@type":"PropertyValueSpecification","valueRequired":true,"valueName":"search_term_string"}}],"inLanguage":"es"},{"@type":"Organization","@id":"https:\/\/www.lifenatura.com\/#organization","name":"Lifenatura","url":"https:\/\/www.lifenatura.com\/","logo":{"@type":"ImageObject","inLanguage":"es","@id":"https:\/\/www.lifenatura.com\/#\/schema\/logo\/image\/","url":"https:\/\/www.lifenatura.com\/wp-content\/uploads\/2021\/11\/logo.png","contentUrl":"https:\/\/www.lifenatura.com\/wp-content\/uploads\/2021\/11\/logo.png","width":175,"height":55,"caption":"Lifenatura"},"image":{"@id":"https:\/\/www.lifenatura.com\/#\/schema\/logo\/image\/"},"sameAs":["https:\/\/www.facebook.com\/lifenatura","https:\/\/www.instagram.com\/lifenaturapt\/"]}]},"product_price_amount":"12.60","product_price_currency":"EUR","og_availability":"instock","product_availability":"instock","product_retailer_item_id":"8423245071048","product_condition":"new"},"df_price":12.6,"df_sale_price":"","df_regular_price":12.6,"df_image_link":"https:\/\/www.lifenatura.com\/wp-content\/uploads\/2025\/09\/melatonina-extra-60-comprimidos-mastigaveis-sakai-300x300.jpg","_links":{"self":[{"href":"https:\/\/www.lifenatura.com\/es\/wp-json\/wp\/v2\/product\/121700","targetHints":{"allow":["GET"]}}],"collection":[{"href":"https:\/\/www.lifenatura.com\/es\/wp-json\/wp\/v2\/product"}],"about":[{"href":"https:\/\/www.lifenatura.com\/es\/wp-json\/wp\/v2\/types\/product"}],"wp:featuredmedia":[{"embeddable":true,"href":"https:\/\/www.lifenatura.com\/es\/wp-json\/wp\/v2\/media\/117717"}],"wp:attachment":[{"href":"https:\/\/www.lifenatura.com\/es\/wp-json\/wp\/v2\/media?parent=121700"}],"wp:term":[{"taxonomy":"product_brand","embeddable":true,"href":"https:\/\/www.lifenatura.com\/es\/wp-json\/wp\/v2\/product_brand?post=121700"},{"taxonomy":"product_cat","embeddable":true,"href":"https:\/\/www.lifenatura.com\/es\/wp-json\/wp\/v2\/product_cat?post=121700"},{"taxonomy":"product_tag","embeddable":true,"href":"https:\/\/www.lifenatura.com\/es\/wp-json\/wp\/v2\/product_tag?post=121700"}],"curies":[{"name":"wp","href":"https:\/\/api.w.org\/{rel}","templated":true}]}}