{"id":121699,"date":"2025-09-25T06:18:43","date_gmt":"2025-09-25T06:18:43","guid":{"rendered":"https:\/\/www.lifenatura.com\/produto\/melatonina-sueno-60-comprimidos-masticables-sakai\/"},"modified":"2025-11-21T07:18:37","modified_gmt":"2025-11-21T07:18:37","slug":"melatonina-sueno-60-comprimidos-masticables-sakai","status":"publish","type":"product","link":"https:\/\/www.lifenatura.com\/es\/produto\/melatonina-sueno-60-comprimidos-masticables-sakai\/","title":{"rendered":"Melatonina Sue\u00f1o 60 Comprimidos Masticables &#8211; Sakai"},"content":{"rendered":"<h2 style=\"text-align: left;\" data-start=\"184\" data-end=\"266\">Melatonina Sue\u00f1o &#8211; Sakai<\/h2>\n<p>&nbsp;<\/p>\n<p data-start=\"268\" data-end=\"664\"><strong data-start=\"270\" data-end=\"326\">Sakai Melatonina Sue\u00f1o 60 Comprimidos Masticables<\/strong> es un suplemento natural especialmente desarrollado para <strong data-start=\"383\" data-end=\"463\">ayudarte a conciliar el sue\u00f1o m\u00e1s r\u00e1pidamente y disfrutar de un sue\u00f1o profundo y reparador<\/strong>. Formulado con <strong data-start=\"479\" data-end=\"498\">melatonina pura<\/strong>, este suplemento ayuda a <strong data-start=\"531\" data-end=\"566\">regular el ciclo sue\u00f1o-vigilia<\/strong>, proporcionando un descanso natural y equilibrado sin causar dependencia ni somnolencia diurna.<\/p>\n<p data-start=\"666\" data-end=\"1046\"><strong data-start=\"668\" data-end=\"682\">La melatonina<\/strong> es una hormona producida naturalmente por el organismo, responsable de regular los ritmos circadianos. Sin embargo, factores como el estr\u00e9s, la exposici\u00f3n a la luz artificial, el jet lag o los horarios irregulares pueden reducir su producci\u00f3n. <strong data-start=\"914\" data-end=\"940\">La Melatonina Sakai Sue\u00f1o<\/strong> repone los niveles naturales de esta sustancia, favoreciendo la relajaci\u00f3n y conciliando el sue\u00f1o de forma segura.<\/p>\n<p data-start=\"1048\" data-end=\"1197\">Con <strong data-start=\"1052\" data-end=\"1098\">comprimidos masticables de agradable sabor<\/strong>, es f\u00e1cil de tomar y se absorbe r\u00e1pidamente, ideal para integrarlo en tu rutina diaria antes de acostarte.<\/p>\n<p data-start=\"1199\" data-end=\"1251\"><strong>Principales beneficios de la Melatonina Sue\u00f1o Sakai:<\/strong><\/p>\n<ul data-start=\"1252\" data-end=\"1544\">\n<li data-start=\"1252\" data-end=\"1310\">\n<p data-start=\"1254\" data-end=\"1310\"><strong data-start=\"1254\" data-end=\"1308\">Ayuda a reducir el tiempo que se tarda en conciliar el sue\u00f1o.<\/strong><\/p>\n<\/li>\n<li data-start=\"1311\" data-end=\"1362\">\n<p data-start=\"1313\" data-end=\"1362\"><strong data-start=\"1313\" data-end=\"1360\">Mejora la calidad y continuidad del sue\u00f1o.<\/strong><\/p>\n<\/li>\n<li data-start=\"1363\" data-end=\"1419\">\n<p data-start=\"1365\" data-end=\"1419\"><strong data-start=\"1365\" data-end=\"1417\">Ayuda a regular el ciclo natural de sue\u00f1o-vigilia.<\/strong><\/p>\n<\/li>\n<li data-start=\"1420\" data-end=\"1468\">\n<p data-start=\"1422\" data-end=\"1468\"><strong data-start=\"1422\" data-end=\"1466\">Previene el jet lag y el cansancio asociado.<\/strong><\/p>\n<\/li>\n<li data-start=\"1469\" data-end=\"1544\">\n<p data-start=\"1471\" data-end=\"1544\"><strong data-start=\"1471\" data-end=\"1503\">F\u00f3rmula masticable, pr\u00e1ctica<\/strong>, de agradable sabor y r\u00e1pida absorci\u00f3n.<\/p>\n<\/li>\n<\/ul>\n<p data-start=\"1546\" data-end=\"1576\"><strong>\u00bfA qui\u00e9n va dirigido?<\/strong><\/p>\n<p data-start=\"1577\" data-end=\"1820\"><strong data-start=\"1579\" data-end=\"1605\">La Melatonina Sue\u00f1o Sakai<\/strong> se recomienda a <strong data-start=\"1622\" data-end=\"1708\">los adultos que tienen dificultades para conciliar el sue\u00f1o, insomnio ocasional o sue\u00f1o de mala calidad<\/strong>. Tambi\u00e9n se recomienda a quienes sufren cambios en su ritmo biol\u00f3gico, jet lag, estr\u00e9s o fatiga acumulada.<\/p>\n<p data-start=\"1822\" data-end=\"1983\">Con una acci\u00f3n natural, segura y eficaz, es el aliado ideal para <strong data-start=\"1883\" data-end=\"1942\">favorecer un sue\u00f1o tranquilo, equilibrado y revitalizante<\/strong>, garantizando el bienestar f\u00edsico y mental.<\/p>\n<p data-start=\"1822\" data-end=\"1983\"><strong>Presentaci\u00f3n:<\/strong><\/p>\n<p data-start=\"1822\" data-end=\"1983\">60 comprimidos.<\/p>\n<p data-start=\"1822\" data-end=\"1983\">\n","protected":false},"excerpt":{"rendered":"<p>Melatonina Sue\u00f1o Sakai &#8211; suplemento natural en comprimidos masticables que te ayuda a conciliar el sue\u00f1o r\u00e1pidamente, mejora la calidad del sue\u00f1o y favorece el descanso. [&#8230;]<\/p>\n<p><a class=\"btn btn-secondary understrap-read-more-link\" href=\"https:\/\/www.lifenatura.com\/es\/produto\/melatonina-sueno-60-comprimidos-masticables-sakai\/\">Leer m\u00e1s&#8230;<span class=\"screen-reader-text\"> from Melatonina Sue\u00f1o 60 Comprimidos Masticables &#8211; Sakai<\/span><\/a><\/p>\n","protected":false},"featured_media":117723,"template":"","meta":{"_acf_changed":false},"product_brand":[8375],"product_cat":[7214,7659,8060,7179],"product_tag":[],"class_list":{"0":"post-121699","1":"product","2":"type-product","3":"status-publish","4":"has-post-thumbnail","6":"product_brand-sakai","7":"product_cat-para-dormir","8":"product_cat-ingrediente-natural-bio","9":"product_cat-melatonina-es","10":"product_cat-salud","12":"first","13":"instock","14":"shipping-taxable","15":"purchasable","16":"product-type-simple","17":"add-to-wishlist-before_image"},"acf":[],"yoast_head":"<!-- This site is optimized with the Yoast SEO Premium plugin v27.1 (Yoast SEO v27.4) - https:\/\/yoast.com\/product\/yoast-seo-premium-wordpress\/ -->\n<title>Melatonina Sue\u00f1o 60 Comprimidos Masticables - Sakai - Lifenatura<\/title>\n<meta name=\"description\" content=\"Melatonina Sue\u00f1o Sakai en comprimidos masticables que ayuda a conciliar el sue\u00f1o r\u00e1pidamente, mejora la calidad del sue\u00f1o y favorece el descanso.\" \/>\n<meta name=\"robots\" content=\"index, follow, max-snippet:-1, max-image-preview:large, max-video-preview:-1\" \/>\n<link rel=\"canonical\" href=\"https:\/\/www.lifenatura.com\/es\/produto\/melatonina-sueno-60-comprimidos-masticables-sakai\/\" \/>\n<meta property=\"og:locale\" content=\"es_ES\" \/>\n<meta property=\"og:type\" content=\"article\" \/>\n<meta property=\"og:title\" content=\"Melatonina Sue\u00f1o 60 Comprimidos Masticables - Sakai - Lifenatura\" \/>\n<meta property=\"og:description\" content=\"Compre aqui o seu Melatonina Sue\u00f1o 60 Comprimidos Masticables - Sakai e a Lifenatura Online envia em 48 H com Portes Gratis &gt;35\u20ac de Pedido.\" \/>\n<meta property=\"og:url\" content=\"https:\/\/www.lifenatura.com\/es\/produto\/melatonina-sueno-60-comprimidos-masticables-sakai\/\" \/>\n<meta property=\"og:site_name\" content=\"Lifenatura\" \/>\n<meta property=\"article:publisher\" content=\"https:\/\/www.facebook.com\/lifenatura\" \/>\n<meta property=\"article:modified_time\" content=\"2025-11-21T07:18:37+00:00\" \/>\n<meta property=\"og:image\" content=\"https:\/\/www.lifenatura.com\/wp-content\/uploads\/2025\/09\/melatonina-sleep-60-comprimidos-mastigaveis-sakai.jpg\" \/>\n\t<meta property=\"og:image:width\" content=\"1000\" \/>\n\t<meta property=\"og:image:height\" content=\"1000\" \/>\n\t<meta property=\"og:image:type\" content=\"image\/jpeg\" \/>\n<meta name=\"twitter:card\" content=\"summary_large_image\" \/>\n<meta name=\"twitter:label1\" content=\"Precio\" \/>\n\t<meta name=\"twitter:data1\" content=\"13,65&nbsp;&euro;\" \/>\n\t<meta name=\"twitter:label2\" content=\"Disponibilidad\" \/>\n\t<meta name=\"twitter:data2\" content=\"Disponible\" \/>\n<meta property=\"product:price:amount\" content=\"13.65\" \/>\n<meta property=\"product:price:currency\" content=\"EUR\" \/>\n<meta property=\"og:availability\" content=\"instock\" \/>\n<meta property=\"product:availability\" content=\"instock\" \/>\n<meta property=\"product:retailer_item_id\" content=\"8423245071086\" \/>\n<meta property=\"product:condition\" content=\"new\" \/>\n<!-- \/ Yoast SEO Premium plugin. -->","yoast_head_json":{"title":"Melatonina Sue\u00f1o 60 Comprimidos Masticables - Sakai - Lifenatura","description":"Melatonina Sue\u00f1o Sakai en comprimidos masticables que ayuda a conciliar el sue\u00f1o r\u00e1pidamente, mejora la calidad del sue\u00f1o y favorece el descanso.","robots":{"index":"index","follow":"follow","max-snippet":"max-snippet:-1","max-image-preview":"max-image-preview:large","max-video-preview":"max-video-preview:-1"},"canonical":"https:\/\/www.lifenatura.com\/es\/produto\/melatonina-sueno-60-comprimidos-masticables-sakai\/","og_locale":"es_ES","og_type":"article","og_title":"Melatonina Sue\u00f1o 60 Comprimidos Masticables - Sakai - Lifenatura","og_description":"Compre aqui o seu Melatonina Sue\u00f1o 60 Comprimidos Masticables - Sakai e a Lifenatura Online envia em 48 H com Portes Gratis >35\u20ac de Pedido.","og_url":"https:\/\/www.lifenatura.com\/es\/produto\/melatonina-sueno-60-comprimidos-masticables-sakai\/","og_site_name":"Lifenatura","article_publisher":"https:\/\/www.facebook.com\/lifenatura","article_modified_time":"2025-11-21T07:18:37+00:00","og_image":[{"width":1000,"height":1000,"url":"https:\/\/www.lifenatura.com\/wp-content\/uploads\/2025\/09\/melatonina-sleep-60-comprimidos-mastigaveis-sakai.jpg","type":"image\/jpeg"}],"twitter_card":"summary_large_image","twitter_misc":{"Precio":"13,65&nbsp;&euro;","Disponibilidad":"Disponible"},"schema":{"@context":"https:\/\/schema.org","@graph":[{"@type":"WebPage","@id":"https:\/\/www.lifenatura.com\/es\/produto\/melatonina-sueno-60-comprimidos-masticables-sakai\/","url":"https:\/\/www.lifenatura.com\/es\/produto\/melatonina-sueno-60-comprimidos-masticables-sakai\/","name":"Melatonina Sue\u00f1o 60 Comprimidos Masticables - Sakai - Lifenatura","isPartOf":{"@id":"https:\/\/www.lifenatura.com\/#website"},"primaryImageOfPage":{"@id":"https:\/\/www.lifenatura.com\/es\/produto\/melatonina-sueno-60-comprimidos-masticables-sakai\/#primaryimage"},"image":{"@id":"https:\/\/www.lifenatura.com\/es\/produto\/melatonina-sueno-60-comprimidos-masticables-sakai\/#primaryimage"},"thumbnailUrl":"https:\/\/www.lifenatura.com\/wp-content\/uploads\/2025\/09\/melatonina-sleep-60-comprimidos-mastigaveis-sakai.jpg","datePublished":"2025-09-25T06:18:43+00:00","dateModified":"2025-11-21T07:18:37+00:00","description":"Melatonina Sue\u00f1o Sakai en comprimidos masticables que ayuda a conciliar el sue\u00f1o r\u00e1pidamente, mejora la calidad del sue\u00f1o y favorece el descanso.","breadcrumb":{"@id":"https:\/\/www.lifenatura.com\/es\/produto\/melatonina-sueno-60-comprimidos-masticables-sakai\/#breadcrumb"},"inLanguage":"es","potentialAction":[{"@type":"ReadAction","target":["https:\/\/www.lifenatura.com\/es\/produto\/melatonina-sueno-60-comprimidos-masticables-sakai\/"]}]},{"@type":"ImageObject","inLanguage":"es","@id":"https:\/\/www.lifenatura.com\/es\/produto\/melatonina-sueno-60-comprimidos-masticables-sakai\/#primaryimage","url":"https:\/\/www.lifenatura.com\/wp-content\/uploads\/2025\/09\/melatonina-sleep-60-comprimidos-mastigaveis-sakai.jpg","contentUrl":"https:\/\/www.lifenatura.com\/wp-content\/uploads\/2025\/09\/melatonina-sleep-60-comprimidos-mastigaveis-sakai.jpg","width":1000,"height":1000,"caption":"melatonina sleep da marca sakai"},{"@type":"BreadcrumbList","@id":"https:\/\/www.lifenatura.com\/es\/produto\/melatonina-sueno-60-comprimidos-masticables-sakai\/#breadcrumb","itemListElement":[{"@type":"ListItem","position":1,"name":"In\u00edcio","item":"https:\/\/www.lifenatura.com\/es\/"},{"@type":"ListItem","position":2,"name":"Todos los Productos","item":"https:\/\/www.lifenatura.com\/es\/tienda\/"},{"@type":"ListItem","position":3,"name":"Melatonina Sue\u00f1o 60 Comprimidos Masticables &#8211; Sakai"}]},{"@type":"WebSite","@id":"https:\/\/www.lifenatura.com\/#website","url":"https:\/\/www.lifenatura.com\/","name":"Lifenatura","description":"A Lifenatura \u00e9 uma loja de produtos naturais, cosm\u00e9tica natural e alimenta\u00e7\u00e3o Biol\u00f3gica.","publisher":{"@id":"https:\/\/www.lifenatura.com\/#organization"},"potentialAction":[{"@type":"SearchAction","target":{"@type":"EntryPoint","urlTemplate":"https:\/\/www.lifenatura.com\/?s={search_term_string}"},"query-input":{"@type":"PropertyValueSpecification","valueRequired":true,"valueName":"search_term_string"}}],"inLanguage":"es"},{"@type":"Organization","@id":"https:\/\/www.lifenatura.com\/#organization","name":"Lifenatura","url":"https:\/\/www.lifenatura.com\/","logo":{"@type":"ImageObject","inLanguage":"es","@id":"https:\/\/www.lifenatura.com\/#\/schema\/logo\/image\/","url":"https:\/\/www.lifenatura.com\/wp-content\/uploads\/2021\/11\/logo.png","contentUrl":"https:\/\/www.lifenatura.com\/wp-content\/uploads\/2021\/11\/logo.png","width":175,"height":55,"caption":"Lifenatura"},"image":{"@id":"https:\/\/www.lifenatura.com\/#\/schema\/logo\/image\/"},"sameAs":["https:\/\/www.facebook.com\/lifenatura","https:\/\/www.instagram.com\/lifenaturapt\/"]}]},"product_price_amount":"13.65","product_price_currency":"EUR","og_availability":"instock","product_availability":"instock","product_retailer_item_id":"8423245071086","product_condition":"new"},"df_price":13.65,"df_sale_price":"","df_regular_price":13.65,"df_image_link":"https:\/\/www.lifenatura.com\/wp-content\/uploads\/2025\/09\/melatonina-sleep-60-comprimidos-mastigaveis-sakai-300x300.jpg","_links":{"self":[{"href":"https:\/\/www.lifenatura.com\/es\/wp-json\/wp\/v2\/product\/121699","targetHints":{"allow":["GET"]}}],"collection":[{"href":"https:\/\/www.lifenatura.com\/es\/wp-json\/wp\/v2\/product"}],"about":[{"href":"https:\/\/www.lifenatura.com\/es\/wp-json\/wp\/v2\/types\/product"}],"wp:featuredmedia":[{"embeddable":true,"href":"https:\/\/www.lifenatura.com\/es\/wp-json\/wp\/v2\/media\/117723"}],"wp:attachment":[{"href":"https:\/\/www.lifenatura.com\/es\/wp-json\/wp\/v2\/media?parent=121699"}],"wp:term":[{"taxonomy":"product_brand","embeddable":true,"href":"https:\/\/www.lifenatura.com\/es\/wp-json\/wp\/v2\/product_brand?post=121699"},{"taxonomy":"product_cat","embeddable":true,"href":"https:\/\/www.lifenatura.com\/es\/wp-json\/wp\/v2\/product_cat?post=121699"},{"taxonomy":"product_tag","embeddable":true,"href":"https:\/\/www.lifenatura.com\/es\/wp-json\/wp\/v2\/product_tag?post=121699"}],"curies":[{"name":"wp","href":"https:\/\/api.w.org\/{rel}","templated":true}]}}