{"id":121697,"date":"2025-09-25T06:19:01","date_gmt":"2025-09-25T06:19:01","guid":{"rendered":"https:\/\/www.lifenatura.com\/produto\/proapic-jalea-real-extra-20-ampollas-sakai\/"},"modified":"2025-11-20T13:26:52","modified_gmt":"2025-11-20T13:26:52","slug":"proapic-jalea-real-extra-20-ampollas-sakai","status":"publish","type":"product","link":"https:\/\/www.lifenatura.com\/es\/produto\/proapic-jalea-real-extra-20-ampollas-sakai\/","title":{"rendered":"Proapic Jalea Real Extra 20 Ampollas &#8211; Sakai"},"content":{"rendered":"<h2 style=\"text-align: left;\" data-start=\"0\" data-end=\"66\"><strong data-start=\"3\" data-end=\"66\">Proapic Jalea Real Extra &#8211; Sakai<\/strong><\/h2>\n<p>&nbsp;<\/p>\n<p data-start=\"68\" data-end=\"624\"><strong data-start=\"81\" data-end=\"129\">La Jalea Real Sakai Proapic Extra (20 ampollas<\/strong> ) est\u00e1 pensada para quienes buscan una forma natural de potenciar la energ\u00eda vital y reforzar el sistema inmunitario. Cada ampolla contiene jalea real de gran pureza, enriquecida con vitaminas B1, B2, B3, B6 y C, as\u00ed como minerales esenciales para el metabolismo energ\u00e9tico.<\/p>\n<p data-start=\"68\" data-end=\"624\">Debido a su composici\u00f3n funcional, este producto resulta ser una elecci\u00f3n inteligente para cualquier persona que se enfrente a un esfuerzo f\u00edsico o mental, a periodos de recuperaci\u00f3n o que necesite un impulso nutricional adicional.<\/p>\n<p data-start=\"626\" data-end=\"1066\">La jalea real, conocida como el &#8220;alimento de la abeja reina&#8221;, aporta una notable gama de nutrientes esenciales. Las vitaminas B1, B2, B3, B6 y C act\u00faan sin\u00e9rgicamente para favorecer el metabolismo energ\u00e9tico, ayudando a reducir el cansancio y la fatiga. Esta f\u00f3rmula, en forma de ampollas bebibles, permite una administraci\u00f3n pr\u00e1ctica que se adapta a la vida cotidiana.<\/p>\n<p data-start=\"1068\" data-end=\"1097\"><strong>Principales ventajas<\/strong><\/p>\n<ul data-start=\"1098\" data-end=\"1594\">\n<li data-start=\"1098\" data-end=\"1205\">\n<p data-start=\"1100\" data-end=\"1205\">Aumenta la vitalidad y la energ\u00eda diaria gracias a la combinaci\u00f3n de jalea real y vitaminas del grupo B.<\/p>\n<\/li>\n<li data-start=\"1206\" data-end=\"1296\">\n<p data-start=\"1208\" data-end=\"1296\">Ayuda a reducir el cansancio y la fatiga, favoreciendo un mejor rendimiento f\u00edsico y mental.<\/p>\n<\/li>\n<li data-start=\"1297\" data-end=\"1398\">\n<p data-start=\"1299\" data-end=\"1398\">Contribuye a reforzar las defensas del organismo y el funcionamiento normal del sistema inmunitario.<\/p>\n<\/li>\n<li data-start=\"1399\" data-end=\"1513\">\n<p data-start=\"1401\" data-end=\"1513\">Se presenta en un formato l\u00edquido f\u00e1cilmente asimilable, ideal para quienes prefieren alternativas a las c\u00e1psulas.<\/p>\n<\/li>\n<li data-start=\"1514\" data-end=\"1594\">\n<p data-start=\"1516\" data-end=\"1594\">Enriquecido con vitaminas y minerales esenciales para el metabolismo energ\u00e9tico.<\/p>\n<\/li>\n<\/ul>\n<p data-start=\"1596\" data-end=\"1617\"><strong>Adecuado para<\/strong><\/p>\n<p data-start=\"1618\" data-end=\"1664\">Este suplemento es adecuado para adultos que<\/p>\n<ul data-start=\"1665\" data-end=\"2008\">\n<li data-start=\"1665\" data-end=\"1736\">\n<p data-start=\"1667\" data-end=\"1736\">Experimentan periodos de mayor tensi\u00f3n f\u00edsica, mental y emocional.<\/p>\n<\/li>\n<li data-start=\"1737\" data-end=\"1834\">\n<p data-start=\"1739\" data-end=\"1834\">Quieren reforzar su sistema inmunitario, sobre todo cuando cambian las estaciones o despu\u00e9s de una enfermedad.<\/p>\n<\/li>\n<li data-start=\"1835\" data-end=\"1912\">\n<p data-start=\"1837\" data-end=\"1912\">Necesitan un apoyo nutricional adicional para mantener su vitalidad diaria.<\/p>\n<\/li>\n<li data-start=\"1913\" data-end=\"2008\">\n<p data-start=\"1915\" data-end=\"2008\">Buscan una f\u00f3rmula f\u00e1cil de tragar y absorber, que complemente un estilo de vida saludable.<\/p>\n<\/li>\n<\/ul>\n<p><strong>Presentaci\u00f3n:<\/strong><\/p>\n<p>20 ampollas.<\/p>\n<p>&nbsp;<\/p>\n","protected":false},"excerpt":{"rendered":"<p>Proapic Jalea Real Extra de Sakai &#8211; suplemento l\u00edquido con jalea real y vitaminas para dar vitalidad, energ\u00eda y aumentar las defensas. [&#8230;]<\/p>\n<p><a class=\"btn btn-secondary understrap-read-more-link\" href=\"https:\/\/www.lifenatura.com\/es\/produto\/proapic-jalea-real-extra-20-ampollas-sakai\/\">Leer m\u00e1s&#8230;<span class=\"screen-reader-text\"> from Proapic Jalea Real Extra 20 Ampollas &#8211; Sakai<\/span><\/a><\/p>\n","protected":false},"featured_media":117753,"template":"","meta":{"_acf_changed":false},"product_brand":[8375],"product_cat":[7238,7659,7164,7179],"product_tag":[],"class_list":{"0":"post-121697","1":"product","2":"type-product","3":"status-publish","4":"has-post-thumbnail","6":"product_brand-sakai","7":"product_cat-energizante-natural","8":"product_cat-ingrediente-natural-bio","9":"product_cat-jalea-real","10":"product_cat-salud","12":"first","13":"instock","14":"shipping-taxable","15":"purchasable","16":"product-type-simple","17":"add-to-wishlist-before_image"},"acf":[],"yoast_head":"<!-- This site is optimized with the Yoast SEO Premium plugin v27.1 (Yoast SEO v27.4) - https:\/\/yoast.com\/product\/yoast-seo-premium-wordpress\/ -->\n<title>Proapic Jalea Real Extra 20 Ampollas - Sakai - Lifenatura<\/title>\n<meta name=\"description\" content=\"Proapic Jalea Real Extra de Sakai - suplemento l\u00edquido con jalea real y vitaminas para dar vitalidad, energ\u00eda y aumentar las defensas.\" \/>\n<meta name=\"robots\" content=\"index, follow, max-snippet:-1, max-image-preview:large, max-video-preview:-1\" \/>\n<link rel=\"canonical\" href=\"https:\/\/www.lifenatura.com\/es\/produto\/proapic-jalea-real-extra-20-ampollas-sakai\/\" \/>\n<meta property=\"og:locale\" content=\"es_ES\" \/>\n<meta property=\"og:type\" content=\"article\" \/>\n<meta property=\"og:title\" content=\"Proapic Jalea Real Extra 20 Ampollas - Sakai - Lifenatura\" \/>\n<meta property=\"og:description\" content=\"Compre aqui o seu Proapic Jalea Real Extra 20 Ampollas - Sakai e a Lifenatura Online envia em 48 H com Portes Gratis &gt;35\u20ac de Pedido.\" \/>\n<meta property=\"og:url\" content=\"https:\/\/www.lifenatura.com\/es\/produto\/proapic-jalea-real-extra-20-ampollas-sakai\/\" \/>\n<meta property=\"og:site_name\" content=\"Lifenatura\" \/>\n<meta property=\"article:publisher\" content=\"https:\/\/www.facebook.com\/lifenatura\" \/>\n<meta property=\"article:modified_time\" content=\"2025-11-20T13:26:52+00:00\" \/>\n<meta property=\"og:image\" content=\"https:\/\/www.lifenatura.com\/wp-content\/uploads\/2025\/09\/proapic-geleia-real-extra-sakai.jpg\" \/>\n\t<meta property=\"og:image:width\" content=\"1000\" \/>\n\t<meta property=\"og:image:height\" content=\"1000\" \/>\n\t<meta property=\"og:image:type\" content=\"image\/jpeg\" \/>\n<meta name=\"twitter:card\" content=\"summary_large_image\" \/>\n<meta name=\"twitter:label1\" content=\"Precio\" \/>\n\t<meta name=\"twitter:data1\" content=\"29,31&nbsp;&euro;\" \/>\n\t<meta name=\"twitter:label2\" content=\"Disponibilidad\" \/>\n\t<meta name=\"twitter:data2\" content=\"Disponible\" \/>\n<meta property=\"product:price:amount\" content=\"29.31\" \/>\n<meta property=\"product:price:currency\" content=\"EUR\" \/>\n<meta property=\"og:availability\" content=\"instock\" \/>\n<meta property=\"product:availability\" content=\"instock\" \/>\n<meta property=\"product:retailer_item_id\" content=\"8423245080101\" \/>\n<meta property=\"product:condition\" content=\"new\" \/>\n<!-- \/ Yoast SEO Premium plugin. -->","yoast_head_json":{"title":"Proapic Jalea Real Extra 20 Ampollas - Sakai - Lifenatura","description":"Proapic Jalea Real Extra de Sakai - suplemento l\u00edquido con jalea real y vitaminas para dar vitalidad, energ\u00eda y aumentar las defensas.","robots":{"index":"index","follow":"follow","max-snippet":"max-snippet:-1","max-image-preview":"max-image-preview:large","max-video-preview":"max-video-preview:-1"},"canonical":"https:\/\/www.lifenatura.com\/es\/produto\/proapic-jalea-real-extra-20-ampollas-sakai\/","og_locale":"es_ES","og_type":"article","og_title":"Proapic Jalea Real Extra 20 Ampollas - Sakai - Lifenatura","og_description":"Compre aqui o seu Proapic Jalea Real Extra 20 Ampollas - Sakai e a Lifenatura Online envia em 48 H com Portes Gratis >35\u20ac de Pedido.","og_url":"https:\/\/www.lifenatura.com\/es\/produto\/proapic-jalea-real-extra-20-ampollas-sakai\/","og_site_name":"Lifenatura","article_publisher":"https:\/\/www.facebook.com\/lifenatura","article_modified_time":"2025-11-20T13:26:52+00:00","og_image":[{"width":1000,"height":1000,"url":"https:\/\/www.lifenatura.com\/wp-content\/uploads\/2025\/09\/proapic-geleia-real-extra-sakai.jpg","type":"image\/jpeg"}],"twitter_card":"summary_large_image","twitter_misc":{"Precio":"29,31&nbsp;&euro;","Disponibilidad":"Disponible"},"schema":{"@context":"https:\/\/schema.org","@graph":[{"@type":"WebPage","@id":"https:\/\/www.lifenatura.com\/es\/produto\/proapic-jalea-real-extra-20-ampollas-sakai\/","url":"https:\/\/www.lifenatura.com\/es\/produto\/proapic-jalea-real-extra-20-ampollas-sakai\/","name":"Proapic Jalea Real Extra 20 Ampollas - Sakai - Lifenatura","isPartOf":{"@id":"https:\/\/www.lifenatura.com\/es\/#website"},"primaryImageOfPage":{"@id":"https:\/\/www.lifenatura.com\/es\/produto\/proapic-jalea-real-extra-20-ampollas-sakai\/#primaryimage"},"image":{"@id":"https:\/\/www.lifenatura.com\/es\/produto\/proapic-jalea-real-extra-20-ampollas-sakai\/#primaryimage"},"thumbnailUrl":"https:\/\/www.lifenatura.com\/wp-content\/uploads\/2025\/09\/proapic-geleia-real-extra-sakai.jpg","datePublished":"2025-09-25T06:19:01+00:00","dateModified":"2025-11-20T13:26:52+00:00","description":"Proapic Jalea Real Extra de Sakai - suplemento l\u00edquido con jalea real y vitaminas para dar vitalidad, energ\u00eda y aumentar las defensas.","breadcrumb":{"@id":"https:\/\/www.lifenatura.com\/es\/produto\/proapic-jalea-real-extra-20-ampollas-sakai\/#breadcrumb"},"inLanguage":"es","potentialAction":[{"@type":"ReadAction","target":["https:\/\/www.lifenatura.com\/es\/produto\/proapic-jalea-real-extra-20-ampollas-sakai\/"]}]},{"@type":"ImageObject","inLanguage":"es","@id":"https:\/\/www.lifenatura.com\/es\/produto\/proapic-jalea-real-extra-20-ampollas-sakai\/#primaryimage","url":"https:\/\/www.lifenatura.com\/wp-content\/uploads\/2025\/09\/proapic-geleia-real-extra-sakai.jpg","contentUrl":"https:\/\/www.lifenatura.com\/wp-content\/uploads\/2025\/09\/proapic-geleia-real-extra-sakai.jpg","width":1000,"height":1000,"caption":"proapic geleia real extra da marca sakai"},{"@type":"BreadcrumbList","@id":"https:\/\/www.lifenatura.com\/es\/produto\/proapic-jalea-real-extra-20-ampollas-sakai\/#breadcrumb","itemListElement":[{"@type":"ListItem","position":1,"name":"In\u00edcio","item":"https:\/\/www.lifenatura.com\/es\/"},{"@type":"ListItem","position":2,"name":"Todos los Productos","item":"https:\/\/www.lifenatura.com\/es\/tienda\/"},{"@type":"ListItem","position":3,"name":"Proapic Jalea Real Extra 20 Ampollas &#8211; Sakai"}]},{"@type":"WebSite","@id":"https:\/\/www.lifenatura.com\/es\/#website","url":"https:\/\/www.lifenatura.com\/es\/","name":"Lifenatura","description":"A Lifenatura \u00e9 uma loja de produtos naturais, cosm\u00e9tica natural e alimenta\u00e7\u00e3o Biol\u00f3gica.","publisher":{"@id":"https:\/\/www.lifenatura.com\/es\/#organization"},"potentialAction":[{"@type":"SearchAction","target":{"@type":"EntryPoint","urlTemplate":"https:\/\/www.lifenatura.com\/es\/?s={search_term_string}"},"query-input":{"@type":"PropertyValueSpecification","valueRequired":true,"valueName":"search_term_string"}}],"inLanguage":"es"},{"@type":"Organization","@id":"https:\/\/www.lifenatura.com\/es\/#organization","name":"Lifenatura","url":"https:\/\/www.lifenatura.com\/es\/","logo":{"@type":"ImageObject","inLanguage":"es","@id":"https:\/\/www.lifenatura.com\/es\/#\/schema\/logo\/image\/","url":"https:\/\/www.lifenatura.com\/wp-content\/uploads\/2021\/11\/logo.png","contentUrl":"https:\/\/www.lifenatura.com\/wp-content\/uploads\/2021\/11\/logo.png","width":175,"height":55,"caption":"Lifenatura"},"image":{"@id":"https:\/\/www.lifenatura.com\/es\/#\/schema\/logo\/image\/"},"sameAs":["https:\/\/www.facebook.com\/lifenatura","https:\/\/www.instagram.com\/lifenaturapt\/"]}]},"product_price_amount":"29.31","product_price_currency":"EUR","og_availability":"instock","product_availability":"instock","product_retailer_item_id":"8423245080101","product_condition":"new"},"df_price":29.31,"df_sale_price":"","df_regular_price":29.31,"df_image_link":"https:\/\/www.lifenatura.com\/wp-content\/uploads\/2025\/09\/proapic-geleia-real-extra-sakai-300x300.jpg","_links":{"self":[{"href":"https:\/\/www.lifenatura.com\/es\/wp-json\/wp\/v2\/product\/121697","targetHints":{"allow":["GET"]}}],"collection":[{"href":"https:\/\/www.lifenatura.com\/es\/wp-json\/wp\/v2\/product"}],"about":[{"href":"https:\/\/www.lifenatura.com\/es\/wp-json\/wp\/v2\/types\/product"}],"wp:featuredmedia":[{"embeddable":true,"href":"https:\/\/www.lifenatura.com\/es\/wp-json\/wp\/v2\/media\/117753"}],"wp:attachment":[{"href":"https:\/\/www.lifenatura.com\/es\/wp-json\/wp\/v2\/media?parent=121697"}],"wp:term":[{"taxonomy":"product_brand","embeddable":true,"href":"https:\/\/www.lifenatura.com\/es\/wp-json\/wp\/v2\/product_brand?post=121697"},{"taxonomy":"product_cat","embeddable":true,"href":"https:\/\/www.lifenatura.com\/es\/wp-json\/wp\/v2\/product_cat?post=121697"},{"taxonomy":"product_tag","embeddable":true,"href":"https:\/\/www.lifenatura.com\/es\/wp-json\/wp\/v2\/product_tag?post=121697"}],"curies":[{"name":"wp","href":"https:\/\/api.w.org\/{rel}","templated":true}]}}