{"id":121694,"date":"2025-09-25T06:19:05","date_gmt":"2025-09-25T06:19:05","guid":{"rendered":"https:\/\/www.lifenatura.com\/produto\/probiotic-femme-30-capsulas-sakai\/"},"modified":"2025-11-20T13:19:53","modified_gmt":"2025-11-20T13:19:53","slug":"probiotic-femme-30-capsulas-sakai","status":"publish","type":"product","link":"https:\/\/www.lifenatura.com\/es\/produto\/probiotic-femme-30-capsulas-sakai\/","title":{"rendered":"Probiotic Femme 30 C\u00e1psulas &#8211; Sakai"},"content":{"rendered":"<h2 style=\"text-align: left;\" data-start=\"0\" data-end=\"61\"><strong data-start=\"3\" data-end=\"61\">Probiotic Femme su probi\u00f3tico feminino &#8211; Sakai<\/strong><\/h2>\n<p>&nbsp;<\/p>\n<p data-start=\"63\" data-end=\"720\"><strong data-start=\"76\" data-end=\"115\">Sakai Probi\u00f3tico Femme (30 c\u00e1psulas)<\/strong> se ha formulado especialmente para las mujeres que desean cuidar su salud \u00edntima e intestinal de forma natural. Su f\u00f3rmula se basa en el complejo probi\u00f3tico patentado SynBalance\u00ae Gynelle\u00ae, que incluye las cepas Lactobacillus acidophilus, Lactobacillus rhamnosus y Lactobacillus plantarum, con unos 3.000 billones de UFC por c\u00e1psula.<\/p>\n<p data-start=\"63\" data-end=\"720\">Estas c\u00e1psulas vegetarianas f\u00e1ciles de tragar est\u00e1n dise\u00f1adas para resistir la acidez g\u00e1strica, lo que garantiza que los probi\u00f3ticos lleguen a la zona diana y puedan desarrollar su acci\u00f3n eficazmente.<\/p>\n<p data-start=\"722\" data-end=\"1079\">Esta propuesta destaca por dirigirse a la microflora vaginal, ayudando a mantener un pH adecuado y promoviendo la presencia de bacterias beneficiosas que favorecen el confort \u00edntimo. Al mismo tiempo, estos microorganismos contribuyen al equilibrio intestinal general, que es esencial para el bienestar general de la mujer.<\/p>\n<p data-start=\"1081\" data-end=\"1110\"><strong data-start=\"1085\" data-end=\"1110\">Principales ventajas<\/strong><\/p>\n<ul data-start=\"1111\" data-end=\"1714\">\n<li data-start=\"1111\" data-end=\"1219\">\n<p data-start=\"1113\" data-end=\"1219\">Ayuda a mantener el equilibrio de la flora intestinal e \u00edntima femenina.<\/p>\n<\/li>\n<li data-start=\"1220\" data-end=\"1330\">\n<p data-start=\"1222\" data-end=\"1330\">Favorece un pH vaginal sano y una microflora protectora en la zona \u00edntima.<\/p>\n<\/li>\n<li data-start=\"1331\" data-end=\"1449\">\n<p data-start=\"1333\" data-end=\"1449\">C\u00e1psulas vegetales y gastrorresistentes, favorables a la tolerancia digestiva.<\/p>\n<\/li>\n<li data-start=\"1450\" data-end=\"1595\">\n<p data-start=\"1452\" data-end=\"1595\">Vegano, sin gluten, sin lactosa y sin az\u00facares a\u00f1adidos: ideal para quienes buscan pureza en su formulaci\u00f3n.<\/p>\n<\/li>\n<li data-start=\"1596\" data-end=\"1714\">\n<p data-start=\"1598\" data-end=\"1714\">Pr\u00e1ctico de incorporar a la vida cotidiana: una c\u00e1psula al d\u00eda facilita la rutina.<\/p>\n<\/li>\n<\/ul>\n<p data-start=\"1716\" data-end=\"1737\"><strong data-start=\"1720\" data-end=\"1737\">Adecuado para<\/strong><\/p>\n<p data-start=\"1738\" data-end=\"1793\">Este suplemento es adecuado para mujeres adultas que<\/p>\n<ul data-start=\"1794\" data-end=\"2198\">\n<li data-start=\"1794\" data-end=\"1863\">\n<p data-start=\"1796\" data-end=\"1863\">Quieren reforzar la salud \u00edntima y el confort del tracto urogenital.<\/p>\n<\/li>\n<li data-start=\"1864\" data-end=\"2012\">\n<p data-start=\"1866\" data-end=\"2012\">Intentan equilibrar y cuidar la flora intestinal, sobre todo en fases de mayor vulnerabilidad (antibi\u00f3ticos, cambios hormonales, viajes).<\/p>\n<\/li>\n<li data-start=\"2013\" data-end=\"2107\">\n<p data-start=\"2015\" data-end=\"2107\">Valoran las f\u00f3rmulas veganas sin ingredientes animales ni aditivos innecesarios.<\/p>\n<\/li>\n<li data-start=\"2108\" data-end=\"2198\">\n<p data-start=\"2110\" data-end=\"2198\">Quieren un apoyo natural para su salud digestiva e \u00edntima de forma f\u00e1cil y continua.<\/p>\n<\/li>\n<\/ul>\n<p><strong>Presentaci\u00f3n:<\/strong><\/p>\n<p>30 c\u00e1psulas<\/p>\n<p>&nbsp;<\/p>\n","protected":false},"excerpt":{"rendered":"<p>Probiotic Femme by Sakai &#8211; Complejo probi\u00f3tico SynBalance\u00ae Gynelle\u00ae con Lactobacillus acidophilus, rhamnosus y plantarum para el equilibrio intestinal e \u00edntimo [&#8230;]<\/p>\n<p><a class=\"btn btn-secondary understrap-read-more-link\" href=\"https:\/\/www.lifenatura.com\/es\/produto\/probiotic-femme-30-capsulas-sakai\/\">Leer m\u00e1s&#8230;<span class=\"screen-reader-text\"> from Probiotic Femme 30 C\u00e1psulas &#8211; Sakai<\/span><\/a><\/p>\n","protected":false},"featured_media":117759,"template":"","meta":{"_acf_changed":false},"product_brand":[8375],"product_cat":[7659,7770,7179,7244],"product_tag":[],"class_list":{"0":"post-121694","1":"product","2":"type-product","3":"status-publish","4":"has-post-thumbnail","6":"product_brand-sakai","7":"product_cat-ingrediente-natural-bio","8":"product_cat-probioticos-es","9":"product_cat-salud","10":"product_cat-salud-de-la-mujer","12":"first","13":"instock","14":"shipping-taxable","15":"purchasable","16":"product-type-simple","17":"add-to-wishlist-before_image"},"acf":[],"yoast_head":"<!-- This site is optimized with the Yoast SEO Premium plugin v27.1 (Yoast SEO v27.4) - https:\/\/yoast.com\/product\/yoast-seo-premium-wordpress\/ -->\n<title>Probiotic Femme 30 C\u00e1psulas - Sakai - Lifenatura<\/title>\n<meta name=\"description\" content=\"Probiotic Femme by Sakai probi\u00f3tico SynBalance\u00ae Gynelle\u00ae con Lactobacillus acidophilus, rhamnosus y plantarum para el equilibrio intestinal e \u00edntimo\" \/>\n<meta name=\"robots\" content=\"index, follow, max-snippet:-1, max-image-preview:large, max-video-preview:-1\" \/>\n<link rel=\"canonical\" href=\"https:\/\/www.lifenatura.com\/es\/produto\/probiotic-femme-30-capsulas-sakai\/\" \/>\n<meta property=\"og:locale\" content=\"es_ES\" \/>\n<meta property=\"og:type\" content=\"article\" \/>\n<meta property=\"og:title\" content=\"Probiotic Femme 30 C\u00e1psulas - Sakai - Lifenatura\" \/>\n<meta property=\"og:description\" content=\"Compre aqui o seu Probiotic Femme 30 C\u00e1psulas - Sakai e a Lifenatura Online envia em 48 H com Portes Gratis &gt;35\u20ac de Pedido.\" \/>\n<meta property=\"og:url\" content=\"https:\/\/www.lifenatura.com\/es\/produto\/probiotic-femme-30-capsulas-sakai\/\" \/>\n<meta property=\"og:site_name\" content=\"Lifenatura\" \/>\n<meta property=\"article:publisher\" content=\"https:\/\/www.facebook.com\/lifenatura\" \/>\n<meta property=\"article:modified_time\" content=\"2025-11-20T13:19:53+00:00\" \/>\n<meta property=\"og:image\" content=\"https:\/\/www.lifenatura.com\/wp-content\/uploads\/2025\/09\/probiotic-femme-sakai.jpg\" \/>\n\t<meta property=\"og:image:width\" content=\"1000\" \/>\n\t<meta property=\"og:image:height\" content=\"1000\" \/>\n\t<meta property=\"og:image:type\" content=\"image\/jpeg\" \/>\n<meta name=\"twitter:card\" content=\"summary_large_image\" \/>\n<meta name=\"twitter:label1\" content=\"Precio\" \/>\n\t<meta name=\"twitter:data1\" content=\"26,08&nbsp;&euro;\" \/>\n\t<meta name=\"twitter:label2\" content=\"Disponibilidad\" \/>\n\t<meta name=\"twitter:data2\" content=\"Disponible\" \/>\n<meta property=\"product:price:amount\" content=\"26.08\" \/>\n<meta property=\"product:price:currency\" content=\"EUR\" \/>\n<meta property=\"og:availability\" content=\"instock\" \/>\n<meta property=\"product:availability\" content=\"instock\" \/>\n<meta property=\"product:retailer_item_id\" content=\"8423245260480\" \/>\n<meta property=\"product:condition\" content=\"new\" \/>\n<!-- \/ Yoast SEO Premium plugin. -->","yoast_head_json":{"title":"Probiotic Femme 30 C\u00e1psulas - Sakai - Lifenatura","description":"Probiotic Femme by Sakai probi\u00f3tico SynBalance\u00ae Gynelle\u00ae con Lactobacillus acidophilus, rhamnosus y plantarum para el equilibrio intestinal e \u00edntimo","robots":{"index":"index","follow":"follow","max-snippet":"max-snippet:-1","max-image-preview":"max-image-preview:large","max-video-preview":"max-video-preview:-1"},"canonical":"https:\/\/www.lifenatura.com\/es\/produto\/probiotic-femme-30-capsulas-sakai\/","og_locale":"es_ES","og_type":"article","og_title":"Probiotic Femme 30 C\u00e1psulas - Sakai - Lifenatura","og_description":"Compre aqui o seu Probiotic Femme 30 C\u00e1psulas - Sakai e a Lifenatura Online envia em 48 H com Portes Gratis >35\u20ac de Pedido.","og_url":"https:\/\/www.lifenatura.com\/es\/produto\/probiotic-femme-30-capsulas-sakai\/","og_site_name":"Lifenatura","article_publisher":"https:\/\/www.facebook.com\/lifenatura","article_modified_time":"2025-11-20T13:19:53+00:00","og_image":[{"width":1000,"height":1000,"url":"https:\/\/www.lifenatura.com\/wp-content\/uploads\/2025\/09\/probiotic-femme-sakai.jpg","type":"image\/jpeg"}],"twitter_card":"summary_large_image","twitter_misc":{"Precio":"26,08&nbsp;&euro;","Disponibilidad":"Disponible"},"schema":{"@context":"https:\/\/schema.org","@graph":[{"@type":"WebPage","@id":"https:\/\/www.lifenatura.com\/es\/produto\/probiotic-femme-30-capsulas-sakai\/","url":"https:\/\/www.lifenatura.com\/es\/produto\/probiotic-femme-30-capsulas-sakai\/","name":"Probiotic Femme 30 C\u00e1psulas - Sakai - Lifenatura","isPartOf":{"@id":"https:\/\/www.lifenatura.com\/#website"},"primaryImageOfPage":{"@id":"https:\/\/www.lifenatura.com\/es\/produto\/probiotic-femme-30-capsulas-sakai\/#primaryimage"},"image":{"@id":"https:\/\/www.lifenatura.com\/es\/produto\/probiotic-femme-30-capsulas-sakai\/#primaryimage"},"thumbnailUrl":"https:\/\/www.lifenatura.com\/wp-content\/uploads\/2025\/09\/probiotic-femme-sakai.jpg","datePublished":"2025-09-25T06:19:05+00:00","dateModified":"2025-11-20T13:19:53+00:00","description":"Probiotic Femme by Sakai probi\u00f3tico SynBalance\u00ae Gynelle\u00ae con Lactobacillus acidophilus, rhamnosus y plantarum para el equilibrio intestinal e \u00edntimo","breadcrumb":{"@id":"https:\/\/www.lifenatura.com\/es\/produto\/probiotic-femme-30-capsulas-sakai\/#breadcrumb"},"inLanguage":"es","potentialAction":[{"@type":"ReadAction","target":["https:\/\/www.lifenatura.com\/es\/produto\/probiotic-femme-30-capsulas-sakai\/"]}]},{"@type":"ImageObject","inLanguage":"es","@id":"https:\/\/www.lifenatura.com\/es\/produto\/probiotic-femme-30-capsulas-sakai\/#primaryimage","url":"https:\/\/www.lifenatura.com\/wp-content\/uploads\/2025\/09\/probiotic-femme-sakai.jpg","contentUrl":"https:\/\/www.lifenatura.com\/wp-content\/uploads\/2025\/09\/probiotic-femme-sakai.jpg","width":1000,"height":1000,"caption":"probiotic femme da marca sakai"},{"@type":"BreadcrumbList","@id":"https:\/\/www.lifenatura.com\/es\/produto\/probiotic-femme-30-capsulas-sakai\/#breadcrumb","itemListElement":[{"@type":"ListItem","position":1,"name":"In\u00edcio","item":"https:\/\/www.lifenatura.com\/es\/"},{"@type":"ListItem","position":2,"name":"Todos los Productos","item":"https:\/\/www.lifenatura.com\/es\/tienda\/"},{"@type":"ListItem","position":3,"name":"Probiotic Femme 30 C\u00e1psulas &#8211; Sakai"}]},{"@type":"WebSite","@id":"https:\/\/www.lifenatura.com\/#website","url":"https:\/\/www.lifenatura.com\/","name":"Lifenatura","description":"A Lifenatura \u00e9 uma loja de produtos naturais, cosm\u00e9tica natural e alimenta\u00e7\u00e3o Biol\u00f3gica.","publisher":{"@id":"https:\/\/www.lifenatura.com\/#organization"},"potentialAction":[{"@type":"SearchAction","target":{"@type":"EntryPoint","urlTemplate":"https:\/\/www.lifenatura.com\/?s={search_term_string}"},"query-input":{"@type":"PropertyValueSpecification","valueRequired":true,"valueName":"search_term_string"}}],"inLanguage":"es"},{"@type":"Organization","@id":"https:\/\/www.lifenatura.com\/#organization","name":"Lifenatura","url":"https:\/\/www.lifenatura.com\/","logo":{"@type":"ImageObject","inLanguage":"es","@id":"https:\/\/www.lifenatura.com\/#\/schema\/logo\/image\/","url":"https:\/\/www.lifenatura.com\/wp-content\/uploads\/2021\/11\/logo.png","contentUrl":"https:\/\/www.lifenatura.com\/wp-content\/uploads\/2021\/11\/logo.png","width":175,"height":55,"caption":"Lifenatura"},"image":{"@id":"https:\/\/www.lifenatura.com\/#\/schema\/logo\/image\/"},"sameAs":["https:\/\/www.facebook.com\/lifenatura","https:\/\/www.instagram.com\/lifenaturapt\/"]}]},"product_price_amount":"26.08","product_price_currency":"EUR","og_availability":"instock","product_availability":"instock","product_retailer_item_id":"8423245260480","product_condition":"new"},"df_price":26.08,"df_sale_price":"","df_regular_price":26.08,"df_image_link":"https:\/\/www.lifenatura.com\/wp-content\/uploads\/2025\/09\/probiotic-femme-sakai-300x300.jpg","_links":{"self":[{"href":"https:\/\/www.lifenatura.com\/es\/wp-json\/wp\/v2\/product\/121694","targetHints":{"allow":["GET"]}}],"collection":[{"href":"https:\/\/www.lifenatura.com\/es\/wp-json\/wp\/v2\/product"}],"about":[{"href":"https:\/\/www.lifenatura.com\/es\/wp-json\/wp\/v2\/types\/product"}],"wp:featuredmedia":[{"embeddable":true,"href":"https:\/\/www.lifenatura.com\/es\/wp-json\/wp\/v2\/media\/117759"}],"wp:attachment":[{"href":"https:\/\/www.lifenatura.com\/es\/wp-json\/wp\/v2\/media?parent=121694"}],"wp:term":[{"taxonomy":"product_brand","embeddable":true,"href":"https:\/\/www.lifenatura.com\/es\/wp-json\/wp\/v2\/product_brand?post=121694"},{"taxonomy":"product_cat","embeddable":true,"href":"https:\/\/www.lifenatura.com\/es\/wp-json\/wp\/v2\/product_cat?post=121694"},{"taxonomy":"product_tag","embeddable":true,"href":"https:\/\/www.lifenatura.com\/es\/wp-json\/wp\/v2\/product_tag?post=121694"}],"curies":[{"name":"wp","href":"https:\/\/api.w.org\/{rel}","templated":true}]}}