{"id":121690,"date":"2025-09-25T06:19:28","date_gmt":"2025-09-25T06:19:28","guid":{"rendered":"https:\/\/www.lifenatura.com\/produto\/sline-control-trieffect-30-capsulas-sakai\/"},"modified":"2025-11-19T19:12:26","modified_gmt":"2025-11-19T19:12:26","slug":"sline-control-trieffect-30-capsulas-sakai","status":"publish","type":"product","link":"https:\/\/www.lifenatura.com\/es\/produto\/sline-control-trieffect-30-capsulas-sakai\/","title":{"rendered":"Sline Control Trieffect 30 C\u00e1psulas &#8211; Sakai"},"content":{"rendered":"<h2 style=\"text-align: left;\" data-start=\"0\" data-end=\"70\"><strong data-start=\"3\" data-end=\"70\">Sline Control Tri Efecto &#8211; Sakai<\/strong><\/h2>\n<p>&nbsp;<\/p>\n<p data-start=\"72\" data-end=\"752\">El suplemento <strong data-start=\"85\" data-end=\"133\">Sakai Sline Control Tri Effect (30 c\u00e1psulas)<\/strong> est\u00e1 dise\u00f1ado para actuar en tres frentes: hidratos de carbono, az\u00facares y grasas, ofreciendo una ayuda espec\u00edfica en un plan de control de peso. La f\u00f3rmula incorpora ingredientes de alto rendimiento, como extracto de nopal (opuntia), complejo Belinal\u00ae (rama de pino blanco estandarizada en polifenoles), guaran\u00e1, alcachofa y cromo.<\/p>\n<p data-start=\"72\" data-end=\"752\">El guaran\u00e1 contribuye al metabolismo de los l\u00edpidos, mientras que el cromo ayuda a mantener niveles normales de glucosa en sangre y favorece el metabolismo de los macronutrientes: hidratos de carbono, l\u00edpidos y prote\u00ednas.<\/p>\n<p data-start=\"754\" data-end=\"1178\">Esta combinaci\u00f3n hace que el producto sea ideal para adultos con dietas ricas en az\u00facares o hidratos de carbono, o ricas en grasas, que necesitan apoyo nutricional para ayudar a mantener el peso o mejorar el contorno corporal. La dosis recomendada es de 1 c\u00e1psula al d\u00eda antes de la comida principal, acompa\u00f1ada de agua.<\/p>\n<p data-start=\"1180\" data-end=\"1209\"><strong data-start=\"1184\" data-end=\"1209\">Principales ventajas<\/strong><\/p>\n<ul data-start=\"1210\" data-end=\"1880\">\n<li data-start=\"1210\" data-end=\"1385\">\n<p data-start=\"1212\" data-end=\"1385\">Ayuda a controlar la absorci\u00f3n y utilizaci\u00f3n de hidratos de carbono, az\u00facares y grasas, gracias a la acci\u00f3n combinada de sus ingredientes.<\/p>\n<\/li>\n<li data-start=\"1386\" data-end=\"1577\">\n<p data-start=\"1388\" data-end=\"1577\">Contribuye al metabolismo normal de los macronutrientes (hidratos de carbono, grasas y prote\u00ednas) y al mantenimiento de los niveles normales de glucosa.<\/p>\n<\/li>\n<li data-start=\"1578\" data-end=\"1721\">\n<p data-start=\"1580\" data-end=\"1721\">Apoyo al metabolismo lip\u00eddico mediante la presencia de guaran\u00e1, que favorece la quema de grasas.<\/p>\n<\/li>\n<li data-start=\"1722\" data-end=\"1880\">\n<p data-start=\"1724\" data-end=\"1880\">F\u00f3rmula adaptada: sin gluten, sin lactosa y apta para veganos: una elecci\u00f3n cuidadosa para diferentes estilos de vida.<\/p>\n<\/li>\n<\/ul>\n<p data-start=\"1882\" data-end=\"1903\"><strong data-start=\"1886\" data-end=\"1903\">Adecuado para<\/strong><\/p>\n<p data-start=\"1904\" data-end=\"1945\">Este suplemento est\u00e1 destinado a adultos que<\/p>\n<ul data-start=\"1946\" data-end=\"2448\">\n<li data-start=\"1946\" data-end=\"2068\">\n<p data-start=\"1948\" data-end=\"2068\">Siguen una dieta rica en hidratos de carbono o grasas y quieren mantener o mejorar el control de su peso.<\/p>\n<\/li>\n<li data-start=\"2069\" data-end=\"2181\">\n<p data-start=\"2071\" data-end=\"2181\">Buscan apoyo nutricional para equilibrar su metabolismo y reducir el impacto de las comidas menos controladas.<\/p>\n<\/li>\n<li data-start=\"2182\" data-end=\"2292\">\n<p data-start=\"2184\" data-end=\"2292\">Valoran una f\u00f3rmula sencilla de tomar (1 c\u00e1psula al d\u00eda) y f\u00e1cilmente integrable en la rutina alimentaria.<\/p>\n<\/li>\n<li data-start=\"2293\" data-end=\"2448\">\n<p data-start=\"2295\" data-end=\"2448\">Quieren complementar un estilo de vida activo y planificado, con una alimentaci\u00f3n sana y ejercicio, para potenciar los resultados del contorno corporal.<\/p>\n<\/li>\n<\/ul>\n<p><strong>Presentaci\u00f3n:<\/strong><\/p>\n<p>30 c\u00e1psulas.<\/p>\n<p>&nbsp;<\/p>\n","protected":false},"excerpt":{"rendered":"<p>Sline Control Tri Effect de Sakai &#8211; un suplemento con nopal, belinal y guaran\u00e1 que controla los hidratos de carbono, el az\u00facar y las grasas y favorece el metabolismo. [&#8230;]<\/p>\n<p><a class=\"btn btn-secondary understrap-read-more-link\" href=\"https:\/\/www.lifenatura.com\/es\/produto\/sline-control-trieffect-30-capsulas-sakai\/\">Leer m\u00e1s&#8230;<span class=\"screen-reader-text\"> from Sline Control Trieffect 30 C\u00e1psulas &#8211; Sakai<\/span><\/a><\/p>\n","protected":false},"featured_media":117797,"template":"","meta":{"_acf_changed":false},"product_brand":[8375],"product_cat":[7190,7722,7659,7179],"product_tag":[],"class_list":{"0":"post-121690","1":"product","2":"type-product","3":"status-publish","4":"has-post-thumbnail","6":"product_brand-sakai","7":"product_cat-adelgazar","8":"product_cat-guarana-es","9":"product_cat-ingrediente-natural-bio","10":"product_cat-salud","12":"first","13":"instock","14":"shipping-taxable","15":"purchasable","16":"product-type-simple","17":"add-to-wishlist-before_image"},"acf":[],"yoast_head":"<!-- This site is optimized with the Yoast SEO Premium plugin v27.1 (Yoast SEO v27.4) - https:\/\/yoast.com\/product\/yoast-seo-premium-wordpress\/ -->\n<title>Sline Control Trieffect 30 C\u00e1psulas - Sakai - Lifenatura<\/title>\n<meta name=\"description\" content=\"Sline Control Tri Effect de Sakai un suplemento con nopal y guaran\u00e1 que controla los hidratos de carbono, el az\u00facar y las grasas y favorece el metabolismo.\" \/>\n<meta name=\"robots\" content=\"index, follow, max-snippet:-1, max-image-preview:large, max-video-preview:-1\" \/>\n<link rel=\"canonical\" href=\"https:\/\/www.lifenatura.com\/es\/produto\/sline-control-trieffect-30-capsulas-sakai\/\" \/>\n<meta property=\"og:locale\" content=\"es_ES\" \/>\n<meta property=\"og:type\" content=\"article\" \/>\n<meta property=\"og:title\" content=\"Sline Control Trieffect 30 C\u00e1psulas - Sakai - Lifenatura\" \/>\n<meta property=\"og:description\" content=\"Compre aqui o seu Sline Control Trieffect 30 C\u00e1psulas - Sakai e a Lifenatura Online envia em 48 H com Portes Gratis &gt;35\u20ac de Pedido.\" \/>\n<meta property=\"og:url\" content=\"https:\/\/www.lifenatura.com\/es\/produto\/sline-control-trieffect-30-capsulas-sakai\/\" \/>\n<meta property=\"og:site_name\" content=\"Lifenatura\" \/>\n<meta property=\"article:publisher\" content=\"https:\/\/www.facebook.com\/lifenatura\" \/>\n<meta property=\"article:modified_time\" content=\"2025-11-19T19:12:26+00:00\" \/>\n<meta property=\"og:image\" content=\"https:\/\/www.lifenatura.com\/wp-content\/uploads\/2025\/09\/sline-control-trieffect-sakai.jpg\" \/>\n\t<meta property=\"og:image:width\" content=\"1000\" \/>\n\t<meta property=\"og:image:height\" content=\"1000\" \/>\n\t<meta property=\"og:image:type\" content=\"image\/jpeg\" \/>\n<meta name=\"twitter:card\" content=\"summary_large_image\" \/>\n<meta name=\"twitter:label1\" content=\"Precio\" \/>\n\t<meta name=\"twitter:data1\" content=\"21,53&nbsp;&euro;\" \/>\n\t<meta name=\"twitter:label2\" content=\"Disponibilidad\" \/>\n\t<meta name=\"twitter:data2\" content=\"Disponible\" \/>\n<meta property=\"product:price:amount\" content=\"21.53\" \/>\n<meta property=\"product:price:currency\" content=\"EUR\" \/>\n<meta property=\"og:availability\" content=\"instock\" \/>\n<meta property=\"product:availability\" content=\"instock\" \/>\n<meta property=\"product:retailer_item_id\" content=\"8423245031035\" \/>\n<meta property=\"product:condition\" content=\"new\" \/>\n<!-- \/ Yoast SEO Premium plugin. -->","yoast_head_json":{"title":"Sline Control Trieffect 30 C\u00e1psulas - Sakai - Lifenatura","description":"Sline Control Tri Effect de Sakai un suplemento con nopal y guaran\u00e1 que controla los hidratos de carbono, el az\u00facar y las grasas y favorece el metabolismo.","robots":{"index":"index","follow":"follow","max-snippet":"max-snippet:-1","max-image-preview":"max-image-preview:large","max-video-preview":"max-video-preview:-1"},"canonical":"https:\/\/www.lifenatura.com\/es\/produto\/sline-control-trieffect-30-capsulas-sakai\/","og_locale":"es_ES","og_type":"article","og_title":"Sline Control Trieffect 30 C\u00e1psulas - Sakai - Lifenatura","og_description":"Compre aqui o seu Sline Control Trieffect 30 C\u00e1psulas - Sakai e a Lifenatura Online envia em 48 H com Portes Gratis >35\u20ac de Pedido.","og_url":"https:\/\/www.lifenatura.com\/es\/produto\/sline-control-trieffect-30-capsulas-sakai\/","og_site_name":"Lifenatura","article_publisher":"https:\/\/www.facebook.com\/lifenatura","article_modified_time":"2025-11-19T19:12:26+00:00","og_image":[{"width":1000,"height":1000,"url":"https:\/\/www.lifenatura.com\/wp-content\/uploads\/2025\/09\/sline-control-trieffect-sakai.jpg","type":"image\/jpeg"}],"twitter_card":"summary_large_image","twitter_misc":{"Precio":"21,53&nbsp;&euro;","Disponibilidad":"Disponible"},"schema":{"@context":"https:\/\/schema.org","@graph":[{"@type":"WebPage","@id":"https:\/\/www.lifenatura.com\/es\/produto\/sline-control-trieffect-30-capsulas-sakai\/","url":"https:\/\/www.lifenatura.com\/es\/produto\/sline-control-trieffect-30-capsulas-sakai\/","name":"Sline Control Trieffect 30 C\u00e1psulas - Sakai - Lifenatura","isPartOf":{"@id":"https:\/\/www.lifenatura.com\/es\/#website"},"primaryImageOfPage":{"@id":"https:\/\/www.lifenatura.com\/es\/produto\/sline-control-trieffect-30-capsulas-sakai\/#primaryimage"},"image":{"@id":"https:\/\/www.lifenatura.com\/es\/produto\/sline-control-trieffect-30-capsulas-sakai\/#primaryimage"},"thumbnailUrl":"https:\/\/www.lifenatura.com\/wp-content\/uploads\/2025\/09\/sline-control-trieffect-sakai.jpg","datePublished":"2025-09-25T06:19:28+00:00","dateModified":"2025-11-19T19:12:26+00:00","description":"Sline Control Tri Effect de Sakai un suplemento con nopal y guaran\u00e1 que controla los hidratos de carbono, el az\u00facar y las grasas y favorece el metabolismo.","breadcrumb":{"@id":"https:\/\/www.lifenatura.com\/es\/produto\/sline-control-trieffect-30-capsulas-sakai\/#breadcrumb"},"inLanguage":"es","potentialAction":[{"@type":"ReadAction","target":["https:\/\/www.lifenatura.com\/es\/produto\/sline-control-trieffect-30-capsulas-sakai\/"]}]},{"@type":"ImageObject","inLanguage":"es","@id":"https:\/\/www.lifenatura.com\/es\/produto\/sline-control-trieffect-30-capsulas-sakai\/#primaryimage","url":"https:\/\/www.lifenatura.com\/wp-content\/uploads\/2025\/09\/sline-control-trieffect-sakai.jpg","contentUrl":"https:\/\/www.lifenatura.com\/wp-content\/uploads\/2025\/09\/sline-control-trieffect-sakai.jpg","width":1000,"height":1000,"caption":"sline control tri effect da marca sakai"},{"@type":"BreadcrumbList","@id":"https:\/\/www.lifenatura.com\/es\/produto\/sline-control-trieffect-30-capsulas-sakai\/#breadcrumb","itemListElement":[{"@type":"ListItem","position":1,"name":"In\u00edcio","item":"https:\/\/www.lifenatura.com\/es\/"},{"@type":"ListItem","position":2,"name":"Todos los Productos","item":"https:\/\/www.lifenatura.com\/es\/tienda\/"},{"@type":"ListItem","position":3,"name":"Sline Control Trieffect 30 C\u00e1psulas &#8211; Sakai"}]},{"@type":"WebSite","@id":"https:\/\/www.lifenatura.com\/es\/#website","url":"https:\/\/www.lifenatura.com\/es\/","name":"Lifenatura","description":"A Lifenatura \u00e9 uma loja de produtos naturais, cosm\u00e9tica natural e alimenta\u00e7\u00e3o Biol\u00f3gica.","publisher":{"@id":"https:\/\/www.lifenatura.com\/es\/#organization"},"potentialAction":[{"@type":"SearchAction","target":{"@type":"EntryPoint","urlTemplate":"https:\/\/www.lifenatura.com\/es\/?s={search_term_string}"},"query-input":{"@type":"PropertyValueSpecification","valueRequired":true,"valueName":"search_term_string"}}],"inLanguage":"es"},{"@type":"Organization","@id":"https:\/\/www.lifenatura.com\/es\/#organization","name":"Lifenatura","url":"https:\/\/www.lifenatura.com\/es\/","logo":{"@type":"ImageObject","inLanguage":"es","@id":"https:\/\/www.lifenatura.com\/es\/#\/schema\/logo\/image\/","url":"https:\/\/www.lifenatura.com\/wp-content\/uploads\/2021\/11\/logo.png","contentUrl":"https:\/\/www.lifenatura.com\/wp-content\/uploads\/2021\/11\/logo.png","width":175,"height":55,"caption":"Lifenatura"},"image":{"@id":"https:\/\/www.lifenatura.com\/es\/#\/schema\/logo\/image\/"},"sameAs":["https:\/\/www.facebook.com\/lifenatura","https:\/\/www.instagram.com\/lifenaturapt\/"]}]},"product_price_amount":"21.53","product_price_currency":"EUR","og_availability":"instock","product_availability":"instock","product_retailer_item_id":"8423245031035","product_condition":"new"},"df_price":21.53,"df_sale_price":"","df_regular_price":21.53,"df_image_link":"https:\/\/www.lifenatura.com\/wp-content\/uploads\/2025\/09\/sline-control-trieffect-sakai-300x300.jpg","_links":{"self":[{"href":"https:\/\/www.lifenatura.com\/es\/wp-json\/wp\/v2\/product\/121690","targetHints":{"allow":["GET"]}}],"collection":[{"href":"https:\/\/www.lifenatura.com\/es\/wp-json\/wp\/v2\/product"}],"about":[{"href":"https:\/\/www.lifenatura.com\/es\/wp-json\/wp\/v2\/types\/product"}],"wp:featuredmedia":[{"embeddable":true,"href":"https:\/\/www.lifenatura.com\/es\/wp-json\/wp\/v2\/media\/117797"}],"wp:attachment":[{"href":"https:\/\/www.lifenatura.com\/es\/wp-json\/wp\/v2\/media?parent=121690"}],"wp:term":[{"taxonomy":"product_brand","embeddable":true,"href":"https:\/\/www.lifenatura.com\/es\/wp-json\/wp\/v2\/product_brand?post=121690"},{"taxonomy":"product_cat","embeddable":true,"href":"https:\/\/www.lifenatura.com\/es\/wp-json\/wp\/v2\/product_cat?post=121690"},{"taxonomy":"product_tag","embeddable":true,"href":"https:\/\/www.lifenatura.com\/es\/wp-json\/wp\/v2\/product_tag?post=121690"}],"curies":[{"name":"wp","href":"https:\/\/api.w.org\/{rel}","templated":true}]}}