{"id":121687,"date":"2025-09-25T06:19:38","date_gmt":"2025-09-25T06:19:38","guid":{"rendered":"https:\/\/www.lifenatura.com\/produto\/vitexmin-defens-60-capsulas-sakai\/"},"modified":"2025-11-19T18:49:30","modified_gmt":"2025-11-19T18:49:30","slug":"vitexmin-defens-60-capsulas-sakai","status":"publish","type":"product","link":"https:\/\/www.lifenatura.com\/es\/produto\/vitexmin-defens-60-capsulas-sakai\/","title":{"rendered":"Vitexmin Defens 60 C\u00e1psulas &#8211; Sakai"},"content":{"rendered":"<h2 style=\"text-align: left;\" data-start=\"0\" data-end=\"71\"><strong data-start=\"3\" data-end=\"71\">Vitexmin Defens &#8211; Sakai<\/strong><\/h2>\n<p>&nbsp;<\/p>\n<p data-start=\"73\" data-end=\"624\"><strong data-start=\"86\" data-end=\"125\">Sakai Vitexmin Defens (60 c\u00e1psulas)<\/strong> se ha formulado para reforzar el sistema inmunitario de forma integral y adaptada al ritmo de la vida moderna. Esta f\u00f3rmula combina altas dosis de nutrientes esenciales como vitamina C (1.000 mg), vitamina D3 (50 \u00b5g \/ 2.000 UI), vitamina B6 (1,4 mg), zinc (15 mg) y selenio (55 \u00b5g). Cada comprimido est\u00e1 dise\u00f1ado para ofrecer un apoyo diario eficaz a tu organismo, ayud\u00e1ndole a mantener altas sus defensas y a protegerse contra las agresiones externas.<\/p>\n<p data-start=\"626\" data-end=\"1338\">Cuando el organismo est\u00e1 sometido a mayores exigencias -como cambios estacionales, periodos de mayor estr\u00e9s, viajes, falta de sue\u00f1o o exposici\u00f3n intensa-, la funci\u00f3n inmunitaria puede verse comprometida. Vitexmin Defens es un suplemento adecuado para proporcionar ese impulso extra. La vitamina C y el selenio ayudan a proteger las c\u00e9lulas contra el estr\u00e9s oxidativo, el zinc y las vitaminas D3 y B6 favorecen el funcionamiento normal del sistema inmunitario y participan en el metabolismo energ\u00e9tico. Toma 1 comprimido al d\u00eda, preferiblemente con una comida para una mejor asimilaci\u00f3n.<\/p>\n<p data-start=\"1340\" data-end=\"1369\"><strong data-start=\"1344\" data-end=\"1369\">Principales ventajas<\/strong><\/p>\n<ul data-start=\"1370\" data-end=\"1916\">\n<li data-start=\"1370\" data-end=\"1472\">\n<p data-start=\"1372\" data-end=\"1472\">Contribuye al funcionamiento normal del sistema inmunitario.<\/p>\n<\/li>\n<li data-start=\"1473\" data-end=\"1614\">\n<p data-start=\"1475\" data-end=\"1614\">Ayuda a proteger las c\u00e9lulas contra el estr\u00e9s oxidativo gracias a la presencia de vitamina C y selenio.<\/p>\n<\/li>\n<li data-start=\"1615\" data-end=\"1738\">\n<p data-start=\"1617\" data-end=\"1738\">Favorece el metabolismo energ\u00e9tico, reduciendo la sensaci\u00f3n de cansancio o fatiga.<\/p>\n<\/li>\n<li data-start=\"1739\" data-end=\"1840\">\n<p data-start=\"1741\" data-end=\"1840\">F\u00f3rmula completa que combina vitaminas y minerales esenciales en un \u00fanico suplemento f\u00e1cil de tomar.<\/p>\n<\/li>\n<li data-start=\"1841\" data-end=\"1916\">\n<p data-start=\"1843\" data-end=\"1916\">Ideal para reforzar las defensas del organismo de forma diaria y preventiva.<\/p>\n<\/li>\n<\/ul>\n<p data-start=\"1918\" data-end=\"1939\"><strong data-start=\"1922\" data-end=\"1939\">Adecuado para<\/strong><\/p>\n<p data-start=\"1940\" data-end=\"1986\">Este suplemento es adecuado para adultos que<\/p>\n<ul data-start=\"1987\" data-end=\"2495\">\n<li data-start=\"1987\" data-end=\"2152\">\n<p data-start=\"1989\" data-end=\"2152\">Quieren reforzar eficazmente su sistema inmunitario a diario, sobre todo en momentos de mayor vulnerabilidad (por ejemplo, cambio de estaci\u00f3n, viajes, aumento del estr\u00e9s).<\/p>\n<\/li>\n<li data-start=\"2153\" data-end=\"2254\">\n<p data-start=\"2155\" data-end=\"2254\">Buscan apoyo nutricional para mantener la vitalidad, la energ\u00eda y protegerse contra los factores externos.<\/p>\n<\/li>\n<li data-start=\"2255\" data-end=\"2395\">\n<p data-start=\"2257\" data-end=\"2395\">Valoran una f\u00f3rmula pr\u00e1ctica con c\u00e1psulas f\u00e1ciles de tragar que complementan una dieta equilibrada y un estilo de vida sano.<\/p>\n<\/li>\n<li data-start=\"2396\" data-end=\"2495\">\n<p data-start=\"2398\" data-end=\"2495\">Est\u00e1n expuestos a entornos exigentes, a la contaminaci\u00f3n o a rutinas que suponen un desgaste f\u00edsico o mental.<\/p>\n<\/li>\n<\/ul>\n<p><strong>Presentaci\u00f3n:<\/strong><\/p>\n<p>60 c\u00e1psulas.<\/p>\n<p>&nbsp;<\/p>\n","protected":false},"excerpt":{"rendered":"<p>Vitexmin Defens de Sakai: un suplemento con vitamina C, D3, B6, zinc y selenio que refuerza las defensas, protege las c\u00e9lulas y ayuda al sistema inmunitario. [&#8230;]<\/p>\n<p><a class=\"btn btn-secondary understrap-read-more-link\" href=\"https:\/\/www.lifenatura.com\/es\/produto\/vitexmin-defens-60-capsulas-sakai\/\">Leer m\u00e1s&#8230;<span class=\"screen-reader-text\"> from Vitexmin Defens 60 C\u00e1psulas &#8211; Sakai<\/span><\/a><\/p>\n","protected":false},"featured_media":117815,"template":"","meta":{"_acf_changed":false},"product_brand":[8375],"product_cat":[7211,7179,7260],"product_tag":[],"class_list":{"0":"post-121687","1":"product","2":"type-product","3":"status-publish","4":"has-post-thumbnail","6":"product_brand-sakai","7":"product_cat-reforza-la-inmunidad-salud","8":"product_cat-salud","9":"product_cat-vitamina-c-salud","11":"first","12":"instock","13":"shipping-taxable","14":"purchasable","15":"product-type-simple","16":"add-to-wishlist-before_image"},"acf":[],"yoast_head":"<!-- This site is optimized with the Yoast SEO Premium plugin v27.1 (Yoast SEO v27.4) - https:\/\/yoast.com\/product\/yoast-seo-premium-wordpress\/ -->\n<title>Vitexmin Defens 60 C\u00e1psulas - Sakai - Lifenatura<\/title>\n<meta name=\"description\" content=\"Vitexmin Defens de Sakai un suplemento con vitamina C, D3, B6, zinc y selenio que refuerza las defensas, protege las c\u00e9lulas y ayuda al sistema inmunitario.\" \/>\n<meta name=\"robots\" content=\"index, follow, max-snippet:-1, max-image-preview:large, max-video-preview:-1\" \/>\n<link rel=\"canonical\" href=\"https:\/\/www.lifenatura.com\/es\/produto\/vitexmin-defens-60-capsulas-sakai\/\" \/>\n<meta property=\"og:locale\" content=\"es_ES\" \/>\n<meta property=\"og:type\" content=\"article\" \/>\n<meta property=\"og:title\" content=\"Vitexmin Defens 60 C\u00e1psulas - Sakai - Lifenatura\" \/>\n<meta property=\"og:description\" content=\"Compre aqui o seu Vitexmin Defens 60 C\u00e1psulas - Sakai e a Lifenatura Online envia em 48 H com Portes Gratis &gt;35\u20ac de Pedido.\" \/>\n<meta property=\"og:url\" content=\"https:\/\/www.lifenatura.com\/es\/produto\/vitexmin-defens-60-capsulas-sakai\/\" \/>\n<meta property=\"og:site_name\" content=\"Lifenatura\" \/>\n<meta property=\"article:publisher\" content=\"https:\/\/www.facebook.com\/lifenatura\" \/>\n<meta property=\"article:modified_time\" content=\"2025-11-19T18:49:30+00:00\" \/>\n<meta property=\"og:image\" content=\"https:\/\/www.lifenatura.com\/wp-content\/uploads\/2025\/09\/vitexmin-defens-60-comprimidos-sakai.jpg\" \/>\n\t<meta property=\"og:image:width\" content=\"1000\" \/>\n\t<meta property=\"og:image:height\" content=\"1000\" \/>\n\t<meta property=\"og:image:type\" content=\"image\/jpeg\" \/>\n<meta name=\"twitter:card\" content=\"summary_large_image\" \/>\n<meta name=\"twitter:label1\" content=\"Precio\" \/>\n\t<meta name=\"twitter:data1\" content=\"16,54&nbsp;&euro;\" \/>\n\t<meta name=\"twitter:label2\" content=\"Disponibilidad\" \/>\n\t<meta name=\"twitter:data2\" content=\"Disponible\" \/>\n<meta property=\"product:price:amount\" content=\"16.54\" \/>\n<meta property=\"product:price:currency\" content=\"EUR\" \/>\n<meta property=\"og:availability\" content=\"instock\" \/>\n<meta property=\"product:availability\" content=\"instock\" \/>\n<meta property=\"product:retailer_item_id\" content=\"8423245071239\" \/>\n<meta property=\"product:condition\" content=\"new\" \/>\n<!-- \/ Yoast SEO Premium plugin. -->","yoast_head_json":{"title":"Vitexmin Defens 60 C\u00e1psulas - Sakai - Lifenatura","description":"Vitexmin Defens de Sakai un suplemento con vitamina C, D3, B6, zinc y selenio que refuerza las defensas, protege las c\u00e9lulas y ayuda al sistema inmunitario.","robots":{"index":"index","follow":"follow","max-snippet":"max-snippet:-1","max-image-preview":"max-image-preview:large","max-video-preview":"max-video-preview:-1"},"canonical":"https:\/\/www.lifenatura.com\/es\/produto\/vitexmin-defens-60-capsulas-sakai\/","og_locale":"es_ES","og_type":"article","og_title":"Vitexmin Defens 60 C\u00e1psulas - Sakai - Lifenatura","og_description":"Compre aqui o seu Vitexmin Defens 60 C\u00e1psulas - Sakai e a Lifenatura Online envia em 48 H com Portes Gratis >35\u20ac de Pedido.","og_url":"https:\/\/www.lifenatura.com\/es\/produto\/vitexmin-defens-60-capsulas-sakai\/","og_site_name":"Lifenatura","article_publisher":"https:\/\/www.facebook.com\/lifenatura","article_modified_time":"2025-11-19T18:49:30+00:00","og_image":[{"width":1000,"height":1000,"url":"https:\/\/www.lifenatura.com\/wp-content\/uploads\/2025\/09\/vitexmin-defens-60-comprimidos-sakai.jpg","type":"image\/jpeg"}],"twitter_card":"summary_large_image","twitter_misc":{"Precio":"16,54&nbsp;&euro;","Disponibilidad":"Disponible"},"schema":{"@context":"https:\/\/schema.org","@graph":[{"@type":"WebPage","@id":"https:\/\/www.lifenatura.com\/es\/produto\/vitexmin-defens-60-capsulas-sakai\/","url":"https:\/\/www.lifenatura.com\/es\/produto\/vitexmin-defens-60-capsulas-sakai\/","name":"Vitexmin Defens 60 C\u00e1psulas - Sakai - Lifenatura","isPartOf":{"@id":"https:\/\/www.lifenatura.com\/#website"},"primaryImageOfPage":{"@id":"https:\/\/www.lifenatura.com\/es\/produto\/vitexmin-defens-60-capsulas-sakai\/#primaryimage"},"image":{"@id":"https:\/\/www.lifenatura.com\/es\/produto\/vitexmin-defens-60-capsulas-sakai\/#primaryimage"},"thumbnailUrl":"https:\/\/www.lifenatura.com\/wp-content\/uploads\/2025\/09\/vitexmin-defens-60-comprimidos-sakai.jpg","datePublished":"2025-09-25T06:19:38+00:00","dateModified":"2025-11-19T18:49:30+00:00","description":"Vitexmin Defens de Sakai un suplemento con vitamina C, D3, B6, zinc y selenio que refuerza las defensas, protege las c\u00e9lulas y ayuda al sistema inmunitario.","breadcrumb":{"@id":"https:\/\/www.lifenatura.com\/es\/produto\/vitexmin-defens-60-capsulas-sakai\/#breadcrumb"},"inLanguage":"es","potentialAction":[{"@type":"ReadAction","target":["https:\/\/www.lifenatura.com\/es\/produto\/vitexmin-defens-60-capsulas-sakai\/"]}]},{"@type":"ImageObject","inLanguage":"es","@id":"https:\/\/www.lifenatura.com\/es\/produto\/vitexmin-defens-60-capsulas-sakai\/#primaryimage","url":"https:\/\/www.lifenatura.com\/wp-content\/uploads\/2025\/09\/vitexmin-defens-60-comprimidos-sakai.jpg","contentUrl":"https:\/\/www.lifenatura.com\/wp-content\/uploads\/2025\/09\/vitexmin-defens-60-comprimidos-sakai.jpg","width":1000,"height":1000,"caption":"Vitexmin defens da marca sakai"},{"@type":"BreadcrumbList","@id":"https:\/\/www.lifenatura.com\/es\/produto\/vitexmin-defens-60-capsulas-sakai\/#breadcrumb","itemListElement":[{"@type":"ListItem","position":1,"name":"In\u00edcio","item":"https:\/\/www.lifenatura.com\/es\/"},{"@type":"ListItem","position":2,"name":"Todos los Productos","item":"https:\/\/www.lifenatura.com\/es\/tienda\/"},{"@type":"ListItem","position":3,"name":"Vitexmin Defens 60 C\u00e1psulas &#8211; Sakai"}]},{"@type":"WebSite","@id":"https:\/\/www.lifenatura.com\/#website","url":"https:\/\/www.lifenatura.com\/","name":"Lifenatura","description":"A Lifenatura \u00e9 uma loja de produtos naturais, cosm\u00e9tica natural e alimenta\u00e7\u00e3o Biol\u00f3gica.","publisher":{"@id":"https:\/\/www.lifenatura.com\/#organization"},"potentialAction":[{"@type":"SearchAction","target":{"@type":"EntryPoint","urlTemplate":"https:\/\/www.lifenatura.com\/?s={search_term_string}"},"query-input":{"@type":"PropertyValueSpecification","valueRequired":true,"valueName":"search_term_string"}}],"inLanguage":"es"},{"@type":"Organization","@id":"https:\/\/www.lifenatura.com\/#organization","name":"Lifenatura","url":"https:\/\/www.lifenatura.com\/","logo":{"@type":"ImageObject","inLanguage":"es","@id":"https:\/\/www.lifenatura.com\/#\/schema\/logo\/image\/","url":"https:\/\/www.lifenatura.com\/wp-content\/uploads\/2021\/11\/logo.png","contentUrl":"https:\/\/www.lifenatura.com\/wp-content\/uploads\/2021\/11\/logo.png","width":175,"height":55,"caption":"Lifenatura"},"image":{"@id":"https:\/\/www.lifenatura.com\/#\/schema\/logo\/image\/"},"sameAs":["https:\/\/www.facebook.com\/lifenatura","https:\/\/www.instagram.com\/lifenaturapt\/"]}]},"product_price_amount":"16.54","product_price_currency":"EUR","og_availability":"instock","product_availability":"instock","product_retailer_item_id":"8423245071239","product_condition":"new"},"df_price":16.54,"df_sale_price":"","df_regular_price":16.54,"df_image_link":"https:\/\/www.lifenatura.com\/wp-content\/uploads\/2025\/09\/vitexmin-defens-60-comprimidos-sakai-300x300.jpg","_links":{"self":[{"href":"https:\/\/www.lifenatura.com\/es\/wp-json\/wp\/v2\/product\/121687","targetHints":{"allow":["GET"]}}],"collection":[{"href":"https:\/\/www.lifenatura.com\/es\/wp-json\/wp\/v2\/product"}],"about":[{"href":"https:\/\/www.lifenatura.com\/es\/wp-json\/wp\/v2\/types\/product"}],"wp:featuredmedia":[{"embeddable":true,"href":"https:\/\/www.lifenatura.com\/es\/wp-json\/wp\/v2\/media\/117815"}],"wp:attachment":[{"href":"https:\/\/www.lifenatura.com\/es\/wp-json\/wp\/v2\/media?parent=121687"}],"wp:term":[{"taxonomy":"product_brand","embeddable":true,"href":"https:\/\/www.lifenatura.com\/es\/wp-json\/wp\/v2\/product_brand?post=121687"},{"taxonomy":"product_cat","embeddable":true,"href":"https:\/\/www.lifenatura.com\/es\/wp-json\/wp\/v2\/product_cat?post=121687"},{"taxonomy":"product_tag","embeddable":true,"href":"https:\/\/www.lifenatura.com\/es\/wp-json\/wp\/v2\/product_tag?post=121687"}],"curies":[{"name":"wp","href":"https:\/\/api.w.org\/{rel}","templated":true}]}}