{"id":121684,"date":"2025-09-25T06:19:41","date_gmt":"2025-09-25T06:19:41","guid":{"rendered":"https:\/\/www.lifenatura.com\/produto\/vitexmin-k2-d3-60-capsulas-sakai\/"},"modified":"2025-11-19T18:43:59","modified_gmt":"2025-11-19T18:43:59","slug":"vitexmin-k2-d3-60-capsulas-sakai","status":"publish","type":"product","link":"https:\/\/www.lifenatura.com\/es\/produto\/vitexmin-k2-d3-60-capsulas-sakai\/","title":{"rendered":"Vitexmin K2 + D3 60 C\u00e1psulas &#8211; Sakai"},"content":{"rendered":"<h2 style=\"text-align: left;\" data-start=\"0\" data-end=\"83\"><strong data-start=\"3\" data-end=\"83\"><span class=\"entity-underline hover:entity-accent inline cursor-pointer align-baseline\"><span class=\"whitespace-normal\">Sakai Vitexmin K2 + D3 60 C\u00e1psulas<\/span><\/span> &#8211; Sakai<\/strong><\/h2>\n<p>&nbsp;<\/p>\n<p data-start=\"85\" data-end=\"512\">El suplemento <strong data-start=\"98\" data-end=\"138\">Sakai Vitexmin K2 + D3 (60 c\u00e1psulas)<\/strong> ha sido formulado para ofrecer un impulso completo a la salud \u00f3sea, dental e inmunitaria. Esta f\u00f3rmula combina vitamina K2-7 (MenaquinGold\u2122), vitamina D3 (2.000 UI por c\u00e1psula), magnesio y zinc, dando como resultado una oferta integrada para adultos que desean cuidar su estructura corporal y las defensas naturales del organismo.<\/p>\n<p data-start=\"514\" data-end=\"1142\">La vitamina D3 contribuye a la absorci\u00f3n y utilizaci\u00f3n normales del calcio y el f\u00f3sforo, elementos esenciales para unos huesos y dientes sanos. La vitamina K2 act\u00faa sin\u00e9rgicamente ayudando a incorporar el calcio a los huesos y no a los tejidos, donde puede causar una calcificaci\u00f3n no deseada. El magnesio y el zinc refuerzan a\u00fan m\u00e1s esta acci\u00f3n, apoyando el metabolismo energ\u00e9tico, el sistema inmunitario y contribuyendo al buen funcionamiento de m\u00fasculos y tejidos. La dosis diaria recomendada es de una c\u00e1psula, tomada con agua durante una comida para optimizar la absorci\u00f3n.<\/p>\n<p data-start=\"1144\" data-end=\"1173\"><strong data-start=\"1148\" data-end=\"1173\">Principales ventajas<\/strong><\/p>\n<ul data-start=\"1174\" data-end=\"1808\">\n<li data-start=\"1174\" data-end=\"1311\">\n<p data-start=\"1176\" data-end=\"1311\">Favorece el <strong data-start=\"1186\" data-end=\"1226\">mantenimiento normal de huesos y dientes<\/strong>, favoreciendo la absorci\u00f3n del calcio e integr\u00e1ndolo correctamente en la estructura \u00f3sea.<\/p>\n<\/li>\n<li data-start=\"1312\" data-end=\"1461\">\n<p data-start=\"1314\" data-end=\"1461\">Contribuye al <strong data-start=\"1331\" data-end=\"1377\">funcionamiento normal del sistema inmunitario<\/strong>, gracias a las acciones de la vitamina D3 y el zinc.<\/p>\n<\/li>\n<li data-start=\"1462\" data-end=\"1656\">\n<p data-start=\"1464\" data-end=\"1656\">Ayuda al <strong data-start=\"1473\" data-end=\"1506\">metabolismo energ\u00e9tico normal<\/strong>, interviniendo en la utilizaci\u00f3n de hidratos de carbono, grasas y prote\u00ednas y reduciendo la sensaci\u00f3n de cansancio.<\/p>\n<\/li>\n<li data-start=\"1657\" data-end=\"1808\">\n<p data-start=\"1659\" data-end=\"1808\">F\u00f3rmula con vitaminas K2 y D3 de primera calidad, complementada con minerales esenciales, para un enfoque global de la salud estructural e inmunitaria.<\/p>\n<\/li>\n<\/ul>\n<p data-start=\"1810\" data-end=\"1831\"><strong data-start=\"1814\" data-end=\"1831\">Adecuado para<\/strong><\/p>\n<p data-start=\"1832\" data-end=\"1875\">Este suplemento est\u00e1 destinado a adultos que<\/p>\n<ul data-start=\"1876\" data-end=\"2379\">\n<li data-start=\"1876\" data-end=\"2028\">\n<p data-start=\"1878\" data-end=\"2028\">Quieren reforzar su salud \u00f3sea o se encuentran en una fase en la que puede estar m\u00e1s comprometida (por ejemplo, estilo de vida sedentario, menopausia, mayor riesgo de osteoporosis).<\/p>\n<\/li>\n<li data-start=\"2029\" data-end=\"2156\">\n<p data-start=\"2031\" data-end=\"2156\">Buscan apoyo nutricional para sus defensas inmunitarias, sobre todo en las fases de mayor demanda o vulnerabilidad.<\/p>\n<\/li>\n<li data-start=\"2157\" data-end=\"2273\">\n<p data-start=\"2159\" data-end=\"2273\">Valoran las f\u00f3rmulas con vitaminas liposolubles, esenciales para los huesos y el sistema inmunitario, en una sola c\u00e1psula.<\/p>\n<\/li>\n<li data-start=\"2274\" data-end=\"2379\">\n<p data-start=\"2276\" data-end=\"2379\">Quieren una rutina de suplementaci\u00f3n sencilla, con una \u00fanica dosis diaria que sea f\u00e1cil de integrar en su rutina diaria.<\/p>\n<\/li>\n<\/ul>\n<p><strong>Presentaci\u00f3n:<\/strong><\/p>\n<p>60 c\u00e1psulas.<\/p>\n<p>&nbsp;<\/p>\n","protected":false},"excerpt":{"rendered":"<p>Vitexmin K2 + D3 de Sakai &#8211; suplemento con vitamina K2-7, vitamina D3, magnesio y zinc para mantener sanos huesos y dientes y reforzar las defensas. [&#8230;]<\/p>\n<p><a class=\"btn btn-secondary understrap-read-more-link\" href=\"https:\/\/www.lifenatura.com\/es\/produto\/vitexmin-k2-d3-60-capsulas-sakai\/\">Leer m\u00e1s&#8230;<span class=\"screen-reader-text\"> from Vitexmin K2 + D3 60 C\u00e1psulas &#8211; Sakai<\/span><\/a><\/p>\n","protected":false},"featured_media":117826,"template":"","meta":{"_acf_changed":false},"product_brand":[8375],"product_cat":[7221,7659,7740,7211,7179],"product_tag":[],"class_list":{"0":"post-121684","1":"product","2":"type-product","3":"status-publish","4":"has-post-thumbnail","6":"product_brand-sakai","7":"product_cat-sistema-circulatorio","8":"product_cat-ingrediente-natural-bio","9":"product_cat-magnesio-es","10":"product_cat-reforza-la-inmunidad-salud","11":"product_cat-salud","13":"first","14":"instock","15":"shipping-taxable","16":"purchasable","17":"product-type-simple","18":"add-to-wishlist-before_image"},"acf":[],"yoast_head":"<!-- This site is optimized with the Yoast SEO Premium plugin v27.1 (Yoast SEO v27.4) - https:\/\/yoast.com\/product\/yoast-seo-premium-wordpress\/ -->\n<title>Vitexmin K2 + D3 60 C\u00e1psulas - Sakai - Lifenatura<\/title>\n<meta name=\"description\" content=\"Vitexmin K2 + D3 de Sakai - suplemento con vitamina K2-7, vitamina D3, magnesio y zinc para mantener sanos huesos y dientes y reforzar las defensas.\" \/>\n<meta name=\"robots\" content=\"index, follow, max-snippet:-1, max-image-preview:large, max-video-preview:-1\" \/>\n<link rel=\"canonical\" href=\"https:\/\/www.lifenatura.com\/es\/produto\/vitexmin-k2-d3-60-capsulas-sakai\/\" \/>\n<meta property=\"og:locale\" content=\"es_ES\" \/>\n<meta property=\"og:type\" content=\"article\" \/>\n<meta property=\"og:title\" content=\"Vitexmin K2 + D3 60 C\u00e1psulas - Sakai - Lifenatura\" \/>\n<meta property=\"og:description\" content=\"Compre aqui o seu Vitexmin K2 + D3 60 C\u00e1psulas - Sakai e a Lifenatura Online envia em 48 H com Portes Gratis &gt;35\u20ac de Pedido.\" \/>\n<meta property=\"og:url\" content=\"https:\/\/www.lifenatura.com\/es\/produto\/vitexmin-k2-d3-60-capsulas-sakai\/\" \/>\n<meta property=\"og:site_name\" content=\"Lifenatura\" \/>\n<meta property=\"article:publisher\" content=\"https:\/\/www.facebook.com\/lifenatura\" \/>\n<meta property=\"article:modified_time\" content=\"2025-11-19T18:43:59+00:00\" \/>\n<meta property=\"og:image\" content=\"https:\/\/www.lifenatura.com\/wp-content\/uploads\/2025\/09\/vitexmin-k2-d3-60capsulas-sakai.jpg\" \/>\n\t<meta property=\"og:image:width\" content=\"1000\" \/>\n\t<meta property=\"og:image:height\" content=\"1000\" \/>\n\t<meta property=\"og:image:type\" content=\"image\/jpeg\" \/>\n<meta name=\"twitter:card\" content=\"summary_large_image\" \/>\n<meta name=\"twitter:label1\" content=\"Precio\" \/>\n\t<meta name=\"twitter:data1\" content=\"26,51&nbsp;&euro;\" \/>\n\t<meta name=\"twitter:label2\" content=\"Disponibilidad\" \/>\n\t<meta name=\"twitter:data2\" content=\"Disponible\" \/>\n<meta property=\"product:price:amount\" content=\"26.51\" \/>\n<meta property=\"product:price:currency\" content=\"EUR\" \/>\n<meta property=\"og:availability\" content=\"instock\" \/>\n<meta property=\"product:availability\" content=\"instock\" \/>\n<meta property=\"product:retailer_item_id\" content=\"8423245260763\" \/>\n<meta property=\"product:condition\" content=\"new\" \/>\n<!-- \/ Yoast SEO Premium plugin. -->","yoast_head_json":{"title":"Vitexmin K2 + D3 60 C\u00e1psulas - Sakai - Lifenatura","description":"Vitexmin K2 + D3 de Sakai - suplemento con vitamina K2-7, vitamina D3, magnesio y zinc para mantener sanos huesos y dientes y reforzar las defensas.","robots":{"index":"index","follow":"follow","max-snippet":"max-snippet:-1","max-image-preview":"max-image-preview:large","max-video-preview":"max-video-preview:-1"},"canonical":"https:\/\/www.lifenatura.com\/es\/produto\/vitexmin-k2-d3-60-capsulas-sakai\/","og_locale":"es_ES","og_type":"article","og_title":"Vitexmin K2 + D3 60 C\u00e1psulas - Sakai - Lifenatura","og_description":"Compre aqui o seu Vitexmin K2 + D3 60 C\u00e1psulas - Sakai e a Lifenatura Online envia em 48 H com Portes Gratis >35\u20ac de Pedido.","og_url":"https:\/\/www.lifenatura.com\/es\/produto\/vitexmin-k2-d3-60-capsulas-sakai\/","og_site_name":"Lifenatura","article_publisher":"https:\/\/www.facebook.com\/lifenatura","article_modified_time":"2025-11-19T18:43:59+00:00","og_image":[{"width":1000,"height":1000,"url":"https:\/\/www.lifenatura.com\/wp-content\/uploads\/2025\/09\/vitexmin-k2-d3-60capsulas-sakai.jpg","type":"image\/jpeg"}],"twitter_card":"summary_large_image","twitter_misc":{"Precio":"26,51&nbsp;&euro;","Disponibilidad":"Disponible"},"schema":{"@context":"https:\/\/schema.org","@graph":[{"@type":"WebPage","@id":"https:\/\/www.lifenatura.com\/es\/produto\/vitexmin-k2-d3-60-capsulas-sakai\/","url":"https:\/\/www.lifenatura.com\/es\/produto\/vitexmin-k2-d3-60-capsulas-sakai\/","name":"Vitexmin K2 + D3 60 C\u00e1psulas - Sakai - Lifenatura","isPartOf":{"@id":"https:\/\/www.lifenatura.com\/es\/#website"},"primaryImageOfPage":{"@id":"https:\/\/www.lifenatura.com\/es\/produto\/vitexmin-k2-d3-60-capsulas-sakai\/#primaryimage"},"image":{"@id":"https:\/\/www.lifenatura.com\/es\/produto\/vitexmin-k2-d3-60-capsulas-sakai\/#primaryimage"},"thumbnailUrl":"https:\/\/www.lifenatura.com\/wp-content\/uploads\/2025\/09\/vitexmin-k2-d3-60capsulas-sakai.jpg","datePublished":"2025-09-25T06:19:41+00:00","dateModified":"2025-11-19T18:43:59+00:00","description":"Vitexmin K2 + D3 de Sakai - suplemento con vitamina K2-7, vitamina D3, magnesio y zinc para mantener sanos huesos y dientes y reforzar las defensas.","breadcrumb":{"@id":"https:\/\/www.lifenatura.com\/es\/produto\/vitexmin-k2-d3-60-capsulas-sakai\/#breadcrumb"},"inLanguage":"es","potentialAction":[{"@type":"ReadAction","target":["https:\/\/www.lifenatura.com\/es\/produto\/vitexmin-k2-d3-60-capsulas-sakai\/"]}]},{"@type":"ImageObject","inLanguage":"es","@id":"https:\/\/www.lifenatura.com\/es\/produto\/vitexmin-k2-d3-60-capsulas-sakai\/#primaryimage","url":"https:\/\/www.lifenatura.com\/wp-content\/uploads\/2025\/09\/vitexmin-k2-d3-60capsulas-sakai.jpg","contentUrl":"https:\/\/www.lifenatura.com\/wp-content\/uploads\/2025\/09\/vitexmin-k2-d3-60capsulas-sakai.jpg","width":1000,"height":1000,"caption":"vitexmin k2 + d3 da marca sakai"},{"@type":"BreadcrumbList","@id":"https:\/\/www.lifenatura.com\/es\/produto\/vitexmin-k2-d3-60-capsulas-sakai\/#breadcrumb","itemListElement":[{"@type":"ListItem","position":1,"name":"In\u00edcio","item":"https:\/\/www.lifenatura.com\/es\/"},{"@type":"ListItem","position":2,"name":"Todos los Productos","item":"https:\/\/www.lifenatura.com\/es\/tienda\/"},{"@type":"ListItem","position":3,"name":"Vitexmin K2 + D3 60 C\u00e1psulas &#8211; Sakai"}]},{"@type":"WebSite","@id":"https:\/\/www.lifenatura.com\/es\/#website","url":"https:\/\/www.lifenatura.com\/es\/","name":"Lifenatura","description":"A Lifenatura \u00e9 uma loja de produtos naturais, cosm\u00e9tica natural e alimenta\u00e7\u00e3o Biol\u00f3gica.","publisher":{"@id":"https:\/\/www.lifenatura.com\/es\/#organization"},"potentialAction":[{"@type":"SearchAction","target":{"@type":"EntryPoint","urlTemplate":"https:\/\/www.lifenatura.com\/es\/?s={search_term_string}"},"query-input":{"@type":"PropertyValueSpecification","valueRequired":true,"valueName":"search_term_string"}}],"inLanguage":"es"},{"@type":"Organization","@id":"https:\/\/www.lifenatura.com\/es\/#organization","name":"Lifenatura","url":"https:\/\/www.lifenatura.com\/es\/","logo":{"@type":"ImageObject","inLanguage":"es","@id":"https:\/\/www.lifenatura.com\/es\/#\/schema\/logo\/image\/","url":"https:\/\/www.lifenatura.com\/wp-content\/uploads\/2021\/11\/logo.png","contentUrl":"https:\/\/www.lifenatura.com\/wp-content\/uploads\/2021\/11\/logo.png","width":175,"height":55,"caption":"Lifenatura"},"image":{"@id":"https:\/\/www.lifenatura.com\/es\/#\/schema\/logo\/image\/"},"sameAs":["https:\/\/www.facebook.com\/lifenatura","https:\/\/www.instagram.com\/lifenaturapt\/"]}]},"product_price_amount":"26.51","product_price_currency":"EUR","og_availability":"instock","product_availability":"instock","product_retailer_item_id":"8423245260763","product_condition":"new"},"df_price":26.51,"df_sale_price":"","df_regular_price":26.51,"df_image_link":"https:\/\/www.lifenatura.com\/wp-content\/uploads\/2025\/09\/vitexmin-k2-d3-60capsulas-sakai-300x300.jpg","_links":{"self":[{"href":"https:\/\/www.lifenatura.com\/es\/wp-json\/wp\/v2\/product\/121684","targetHints":{"allow":["GET"]}}],"collection":[{"href":"https:\/\/www.lifenatura.com\/es\/wp-json\/wp\/v2\/product"}],"about":[{"href":"https:\/\/www.lifenatura.com\/es\/wp-json\/wp\/v2\/types\/product"}],"wp:featuredmedia":[{"embeddable":true,"href":"https:\/\/www.lifenatura.com\/es\/wp-json\/wp\/v2\/media\/117826"}],"wp:attachment":[{"href":"https:\/\/www.lifenatura.com\/es\/wp-json\/wp\/v2\/media?parent=121684"}],"wp:term":[{"taxonomy":"product_brand","embeddable":true,"href":"https:\/\/www.lifenatura.com\/es\/wp-json\/wp\/v2\/product_brand?post=121684"},{"taxonomy":"product_cat","embeddable":true,"href":"https:\/\/www.lifenatura.com\/es\/wp-json\/wp\/v2\/product_cat?post=121684"},{"taxonomy":"product_tag","embeddable":true,"href":"https:\/\/www.lifenatura.com\/es\/wp-json\/wp\/v2\/product_tag?post=121684"}],"curies":[{"name":"wp","href":"https:\/\/api.w.org\/{rel}","templated":true}]}}