{"id":121396,"date":"2025-11-13T07:41:46","date_gmt":"2025-11-13T07:41:46","guid":{"rendered":"https:\/\/www.lifenatura.com\/produto\/citrato-de-magnesio-bisglicinato-y-vitamina-b6-soria-natural\/"},"modified":"2025-11-13T10:36:16","modified_gmt":"2025-11-13T10:36:16","slug":"citrato-de-magnesio-bisglicinato-y-vitamina-b6-soria-natural","status":"publish","type":"product","link":"https:\/\/www.lifenatura.com\/es\/produto\/citrato-de-magnesio-bisglicinato-y-vitamina-b6-soria-natural\/","title":{"rendered":"Citrato de Magnesio, Bisglicinato y Vitamina B6 &#8211; Soria Natural"},"content":{"rendered":"<h2 data-start=\"0\" data-end=\"81\"><strong data-start=\"3\" data-end=\"81\">Citrato de magnesio, bisglicinato y vitamina B6 &#8211; Energ\u00eda y equilibrio diarios<\/strong><\/h2>\n<p>&nbsp;<\/p>\n<p data-start=\"83\" data-end=\"624\"><strong data-start=\"85\" data-end=\"150\">El Citrato de Magnesio, Bisglicinato y Vitamina B6 de Soria Natural<\/strong> es una f\u00f3rmula completa, cuidadosamente desarrollada para quienes buscan potenciar la energ\u00eda, apoyar el sistema nervioso y mejorar el bienestar muscular. La combinaci\u00f3n de las dos formas de magnesio &#8211; citrato y bisglicinato &#8211; garantiza una elevada biodisponibilidad y una excelente tolerancia digestiva, permitiendo una absorci\u00f3n eficaz sin molestias g\u00e1stricas.<\/p>\n<p data-start=\"83\" data-end=\"624\">La adici\u00f3n de vitamina B6 potencia a\u00fan m\u00e1s los efectos del magnesio, ayudando a reducir la fatiga y el equilibrio emocional.<\/p>\n<p data-start=\"626\" data-end=\"1207\">El citrato de magnesio se asimila r\u00e1pidamente, por lo que es ideal para fomentar la vitalidad y apoyar la funci\u00f3n energ\u00e9tica. El bisglicinato, una forma quelada muy estable, destaca por su excelente tolerancia y est\u00e1 especialmente indicado para quienes son sensibles a otras formas de magnesio.<\/p>\n<p data-start=\"626\" data-end=\"1207\">La vitamina B6 desempe\u00f1a un papel esencial en el funcionamiento normal del metabolismo energ\u00e9tico, la funci\u00f3n psicol\u00f3gica y el bienestar del sistema nervioso. Juntos, estos nutrientes ofrecen una soluci\u00f3n completa para la vida cotidiana, especialmente en momentos de mayor estr\u00e9s, cansancio o tensi\u00f3n muscular.<\/p>\n<h3 data-start=\"1209\" data-end=\"1238\"><strong data-start=\"1213\" data-end=\"1238\">Principales ventajas<\/strong><\/h3>\n<ul data-start=\"1239\" data-end=\"1527\">\n<li data-start=\"1239\" data-end=\"1291\">\n<p data-start=\"1241\" data-end=\"1291\">Ayuda a reducir el cansancio y la fatiga.<\/p>\n<\/li>\n<li data-start=\"1292\" data-end=\"1343\">\n<p data-start=\"1294\" data-end=\"1343\">Ayuda a mantener una funci\u00f3n muscular normal.<\/p>\n<\/li>\n<li data-start=\"1344\" data-end=\"1397\">\n<p data-start=\"1346\" data-end=\"1397\">Favorece el sistema nervioso y el equilibrio emocional.<\/p>\n<\/li>\n<li data-start=\"1398\" data-end=\"1447\">\n<p data-start=\"1400\" data-end=\"1447\">Promueve la energ\u00eda y la vitalidad a lo largo del d\u00eda.<\/p>\n<\/li>\n<li data-start=\"1448\" data-end=\"1527\">\n<p data-start=\"1450\" data-end=\"1527\">F\u00f3rmula altamente biodisponible con dos formas de magnesio y vitamina B6.<\/p>\n<\/li>\n<\/ul>\n<h3 data-start=\"1529\" data-end=\"1550\"><strong data-start=\"1533\" data-end=\"1550\">Adecuado para<\/strong><\/h3>\n<p data-start=\"1551\" data-end=\"1603\">Este suplemento es ideal para adultos que buscan..:<\/p>\n<ul data-start=\"1604\" data-end=\"1933\">\n<li data-start=\"1604\" data-end=\"1643\">\n<p data-start=\"1606\" data-end=\"1643\">Aumenta la energ\u00eda f\u00edsica y mental.<\/p>\n<\/li>\n<li data-start=\"1644\" data-end=\"1698\">\n<p data-start=\"1646\" data-end=\"1698\">Alivia la tensi\u00f3n muscular o los episodios de fatiga.<\/p>\n<\/li>\n<li data-start=\"1699\" data-end=\"1761\">\n<p data-start=\"1701\" data-end=\"1761\">Apoya el equilibrio emocional en periodos de mayor estr\u00e9s.<\/p>\n<\/li>\n<li data-start=\"1762\" data-end=\"1933\">\n<p data-start=\"1764\" data-end=\"1933\">Mejora la asimilaci\u00f3n del magnesio con una f\u00f3rmula suave y eficaz.<br data-start=\"1830\" data-end=\"1833\" \/>Tambi\u00e9n se recomienda a quienes llevan un estilo de vida exigente o practican regularmente una actividad f\u00edsica.<\/p>\n<\/li>\n<\/ul>\n<p>La gama de Vitaminas y Minerales de Soria Natural se ha dise\u00f1ado en forma de comprimidos de liberaci\u00f3n prolongada, para que los principios activos se liberen en el organismo a un ritmo controlado y continuo para su mejor aprovechamiento.<\/p>\n<p><strong>PRESENTACI\u00d3N<\/strong><\/p>\n<p>120 Comprimidos<\/p>\n<p>&nbsp;<\/p>\n","protected":false},"excerpt":{"rendered":"<p>Citrato de Magnesio, Bisglicinato y Vitamina B6 de Soria Natural &#8211; energ\u00eda, bienestar muscular y apoyo al sistema nervioso. F\u00f3rmula de alta biodisponibilidad disponible en Lifenatura. [&#8230;]<\/p>\n<p><a class=\"btn btn-secondary understrap-read-more-link\" href=\"https:\/\/www.lifenatura.com\/es\/produto\/citrato-de-magnesio-bisglicinato-y-vitamina-b6-soria-natural\/\">Leer m\u00e1s&#8230;<span class=\"screen-reader-text\"> from Citrato de Magnesio, Bisglicinato y Vitamina B6 &#8211; Soria Natural<\/span><\/a><\/p>\n","protected":false},"featured_media":121371,"template":"","meta":{"_acf_changed":false},"product_brand":[8555],"product_cat":[7659,7740,7206,7263,7883],"product_tag":[],"class_list":{"0":"post-121396","1":"product","2":"type-product","3":"status-publish","4":"has-post-thumbnail","6":"product_brand-soria-natural-es","7":"product_cat-ingrediente-natural-bio","8":"product_cat-magnesio-es","9":"product_cat-musculos-salud","10":"product_cat-packs-de-salud","11":"product_cat-suplementos-alimenticios","13":"first","14":"instock","15":"sale","16":"shipping-taxable","17":"purchasable","18":"product-type-simple","19":"add-to-wishlist-before_image"},"acf":[],"yoast_head":"<!-- This site is optimized with the Yoast SEO Premium plugin v27.1 (Yoast SEO v27.3) - https:\/\/yoast.com\/product\/yoast-seo-premium-wordpress\/ -->\n<title>Citrato de Magnesio, Bisglicinato y Vitamina B6 - Soria Natural - Lifenatura<\/title>\n<meta name=\"description\" content=\"Citrato de Magnesio, Bisglicinato y Vitamina B6 de Soria Natural, energ\u00eda, bienestar muscular y apoyo al sistema nervioso. F\u00f3rmula altamente biodisponible.\" \/>\n<meta name=\"robots\" content=\"index, follow, max-snippet:-1, max-image-preview:large, max-video-preview:-1\" \/>\n<link rel=\"canonical\" href=\"https:\/\/www.lifenatura.com\/es\/produto\/citrato-de-magnesio-bisglicinato-y-vitamina-b6-soria-natural\/\" \/>\n<meta property=\"og:locale\" content=\"es_ES\" \/>\n<meta property=\"og:type\" content=\"article\" \/>\n<meta property=\"og:title\" content=\"Citrato de Magnesio, Bisglicinato y Vitamina B6 - Soria Natural - Lifenatura\" \/>\n<meta property=\"og:description\" content=\"Compre aqui o seu Citrato de Magnesio, Bisglicinato y Vitamina B6 - Soria Natural e a Lifenatura Online envia em 48 H com Portes Gratis &gt;35\u20ac de Pedido.\" \/>\n<meta property=\"og:url\" content=\"https:\/\/www.lifenatura.com\/es\/produto\/citrato-de-magnesio-bisglicinato-y-vitamina-b6-soria-natural\/\" \/>\n<meta property=\"og:site_name\" content=\"Lifenatura\" \/>\n<meta property=\"article:publisher\" content=\"https:\/\/www.facebook.com\/lifenatura\" \/>\n<meta property=\"article:modified_time\" content=\"2025-11-13T10:36:16+00:00\" \/>\n<meta property=\"og:image\" content=\"https:\/\/www.lifenatura.com\/wp-content\/uploads\/2025\/11\/citrato-bisglicinato-magnesio-vitamina-b6-soria-natural.jpg\" \/>\n\t<meta property=\"og:image:width\" content=\"1000\" \/>\n\t<meta property=\"og:image:height\" content=\"1000\" \/>\n\t<meta property=\"og:image:type\" content=\"image\/jpeg\" \/>\n<meta name=\"twitter:card\" content=\"summary_large_image\" \/>\n<meta name=\"twitter:label1\" content=\"Precio\" \/>\n\t<meta name=\"twitter:data1\" content=\"21,05&nbsp;&euro;\" \/>\n\t<meta name=\"twitter:label2\" content=\"Disponibilidad\" \/>\n\t<meta name=\"twitter:data2\" content=\"Disponible\" \/>\n<meta property=\"product:price:amount\" content=\"21.05\" \/>\n<meta property=\"product:price:currency\" content=\"EUR\" \/>\n<meta property=\"og:availability\" content=\"instock\" \/>\n<meta property=\"product:availability\" content=\"instock\" \/>\n<meta property=\"product:retailer_item_id\" content=\"8422947110611\" \/>\n<meta property=\"product:condition\" content=\"new\" \/>\n<!-- \/ Yoast SEO Premium plugin. -->","yoast_head_json":{"title":"Citrato de Magnesio, Bisglicinato y Vitamina B6 - Soria Natural - Lifenatura","description":"Citrato de Magnesio, Bisglicinato y Vitamina B6 de Soria Natural, energ\u00eda, bienestar muscular y apoyo al sistema nervioso. F\u00f3rmula altamente biodisponible.","robots":{"index":"index","follow":"follow","max-snippet":"max-snippet:-1","max-image-preview":"max-image-preview:large","max-video-preview":"max-video-preview:-1"},"canonical":"https:\/\/www.lifenatura.com\/es\/produto\/citrato-de-magnesio-bisglicinato-y-vitamina-b6-soria-natural\/","og_locale":"es_ES","og_type":"article","og_title":"Citrato de Magnesio, Bisglicinato y Vitamina B6 - Soria Natural - Lifenatura","og_description":"Compre aqui o seu Citrato de Magnesio, Bisglicinato y Vitamina B6 - Soria Natural e a Lifenatura Online envia em 48 H com Portes Gratis >35\u20ac de Pedido.","og_url":"https:\/\/www.lifenatura.com\/es\/produto\/citrato-de-magnesio-bisglicinato-y-vitamina-b6-soria-natural\/","og_site_name":"Lifenatura","article_publisher":"https:\/\/www.facebook.com\/lifenatura","article_modified_time":"2025-11-13T10:36:16+00:00","og_image":[{"width":1000,"height":1000,"url":"https:\/\/www.lifenatura.com\/wp-content\/uploads\/2025\/11\/citrato-bisglicinato-magnesio-vitamina-b6-soria-natural.jpg","type":"image\/jpeg"}],"twitter_card":"summary_large_image","twitter_misc":{"Precio":"21,05&nbsp;&euro;","Disponibilidad":"Disponible"},"schema":{"@context":"https:\/\/schema.org","@graph":[{"@type":"WebPage","@id":"https:\/\/www.lifenatura.com\/es\/produto\/citrato-de-magnesio-bisglicinato-y-vitamina-b6-soria-natural\/","url":"https:\/\/www.lifenatura.com\/es\/produto\/citrato-de-magnesio-bisglicinato-y-vitamina-b6-soria-natural\/","name":"Citrato de Magnesio, Bisglicinato y Vitamina B6 - Soria Natural - Lifenatura","isPartOf":{"@id":"https:\/\/www.lifenatura.com\/es\/#website"},"primaryImageOfPage":{"@id":"https:\/\/www.lifenatura.com\/es\/produto\/citrato-de-magnesio-bisglicinato-y-vitamina-b6-soria-natural\/#primaryimage"},"image":{"@id":"https:\/\/www.lifenatura.com\/es\/produto\/citrato-de-magnesio-bisglicinato-y-vitamina-b6-soria-natural\/#primaryimage"},"thumbnailUrl":"https:\/\/www.lifenatura.com\/wp-content\/uploads\/2025\/11\/citrato-bisglicinato-magnesio-vitamina-b6-soria-natural.jpg","datePublished":"2025-11-13T07:41:46+00:00","dateModified":"2025-11-13T10:36:16+00:00","description":"Citrato de Magnesio, Bisglicinato y Vitamina B6 de Soria Natural, energ\u00eda, bienestar muscular y apoyo al sistema nervioso. F\u00f3rmula altamente biodisponible.","breadcrumb":{"@id":"https:\/\/www.lifenatura.com\/es\/produto\/citrato-de-magnesio-bisglicinato-y-vitamina-b6-soria-natural\/#breadcrumb"},"inLanguage":"es","potentialAction":[{"@type":"ReadAction","target":["https:\/\/www.lifenatura.com\/es\/produto\/citrato-de-magnesio-bisglicinato-y-vitamina-b6-soria-natural\/"]}]},{"@type":"ImageObject","inLanguage":"es","@id":"https:\/\/www.lifenatura.com\/es\/produto\/citrato-de-magnesio-bisglicinato-y-vitamina-b6-soria-natural\/#primaryimage","url":"https:\/\/www.lifenatura.com\/wp-content\/uploads\/2025\/11\/citrato-bisglicinato-magnesio-vitamina-b6-soria-natural.jpg","contentUrl":"https:\/\/www.lifenatura.com\/wp-content\/uploads\/2025\/11\/citrato-bisglicinato-magnesio-vitamina-b6-soria-natural.jpg","width":1000,"height":1000,"caption":"Citrato y bisglicinato de magnesio con vitamina b6 de soria natural"},{"@type":"BreadcrumbList","@id":"https:\/\/www.lifenatura.com\/es\/produto\/citrato-de-magnesio-bisglicinato-y-vitamina-b6-soria-natural\/#breadcrumb","itemListElement":[{"@type":"ListItem","position":1,"name":"In\u00edcio","item":"https:\/\/www.lifenatura.com\/es\/"},{"@type":"ListItem","position":2,"name":"Todos los Productos","item":"https:\/\/www.lifenatura.com\/es\/tienda\/"},{"@type":"ListItem","position":3,"name":"Citrato de Magnesio, Bisglicinato y Vitamina B6 &#8211; Soria Natural"}]},{"@type":"WebSite","@id":"https:\/\/www.lifenatura.com\/es\/#website","url":"https:\/\/www.lifenatura.com\/es\/","name":"Lifenatura","description":"A Lifenatura \u00e9 uma loja de produtos naturais, cosm\u00e9tica natural e alimenta\u00e7\u00e3o Biol\u00f3gica.","publisher":{"@id":"https:\/\/www.lifenatura.com\/es\/#organization"},"potentialAction":[{"@type":"SearchAction","target":{"@type":"EntryPoint","urlTemplate":"https:\/\/www.lifenatura.com\/es\/?s={search_term_string}"},"query-input":{"@type":"PropertyValueSpecification","valueRequired":true,"valueName":"search_term_string"}}],"inLanguage":"es"},{"@type":"Organization","@id":"https:\/\/www.lifenatura.com\/es\/#organization","name":"Lifenatura","url":"https:\/\/www.lifenatura.com\/es\/","logo":{"@type":"ImageObject","inLanguage":"es","@id":"https:\/\/www.lifenatura.com\/es\/#\/schema\/logo\/image\/","url":"https:\/\/www.lifenatura.com\/wp-content\/uploads\/2021\/11\/logo.png","contentUrl":"https:\/\/www.lifenatura.com\/wp-content\/uploads\/2021\/11\/logo.png","width":175,"height":55,"caption":"Lifenatura"},"image":{"@id":"https:\/\/www.lifenatura.com\/es\/#\/schema\/logo\/image\/"},"sameAs":["https:\/\/www.facebook.com\/lifenatura","https:\/\/www.instagram.com\/lifenaturapt\/"]}]},"product_price_amount":"21.05","product_price_currency":"EUR","og_availability":"instock","product_availability":"instock","product_retailer_item_id":"8422947110611","product_condition":"new"},"df_price":21.05,"df_sale_price":21.05,"df_regular_price":28.03,"df_image_link":"https:\/\/www.lifenatura.com\/wp-content\/uploads\/2025\/11\/citrato-bisglicinato-magnesio-vitamina-b6-soria-natural-300x300.jpg","_links":{"self":[{"href":"https:\/\/www.lifenatura.com\/es\/wp-json\/wp\/v2\/product\/121396","targetHints":{"allow":["GET"]}}],"collection":[{"href":"https:\/\/www.lifenatura.com\/es\/wp-json\/wp\/v2\/product"}],"about":[{"href":"https:\/\/www.lifenatura.com\/es\/wp-json\/wp\/v2\/types\/product"}],"wp:featuredmedia":[{"embeddable":true,"href":"https:\/\/www.lifenatura.com\/es\/wp-json\/wp\/v2\/media\/121371"}],"wp:attachment":[{"href":"https:\/\/www.lifenatura.com\/es\/wp-json\/wp\/v2\/media?parent=121396"}],"wp:term":[{"taxonomy":"product_brand","embeddable":true,"href":"https:\/\/www.lifenatura.com\/es\/wp-json\/wp\/v2\/product_brand?post=121396"},{"taxonomy":"product_cat","embeddable":true,"href":"https:\/\/www.lifenatura.com\/es\/wp-json\/wp\/v2\/product_cat?post=121396"},{"taxonomy":"product_tag","embeddable":true,"href":"https:\/\/www.lifenatura.com\/es\/wp-json\/wp\/v2\/product_tag?post=121396"}],"curies":[{"name":"wp","href":"https:\/\/api.w.org\/{rel}","templated":true}]}}