{"id":121393,"date":"2025-11-13T07:41:49","date_gmt":"2025-11-13T07:41:49","guid":{"rendered":"https:\/\/www.lifenatura.com\/produto\/citrato-de-magnesio-120-comprimidos-soria-natural\/"},"modified":"2025-11-13T10:26:53","modified_gmt":"2025-11-13T10:26:53","slug":"citrato-de-magnesio-120-comprimidos-soria-natural","status":"publish","type":"product","link":"https:\/\/www.lifenatura.com\/es\/produto\/citrato-de-magnesio-120-comprimidos-soria-natural\/","title":{"rendered":"Citrato de Magnesio 120 Comprimidos &#8211; Soria Natural"},"content":{"rendered":"<h2 style=\"text-align: left;\" data-start=\"183\" data-end=\"274\"><strong>Soria Natural Citrato de Magnesio &#8211; Energ\u00eda, Relajaci\u00f3n Muscular<\/strong><\/h2>\n<p>&nbsp;<\/p>\n<p data-start=\"276\" data-end=\"691\"><strong data-start=\"278\" data-end=\"318\">El Citrato de Magnesio de Soria Natural<\/strong> es un suplemento mineral de alta biodisponibilidad formulado para <strong data-start=\"389\" data-end=\"480\">favorecer el buen funcionamiento de los m\u00fasculos, el sistema nervioso y el metabolismo energ\u00e9tico<\/strong>. El magnesio es un mineral esencial que interviene en m\u00e1s de 300 reacciones enzim\u00e1ticas en el organismo, desempe\u00f1ando un papel vital en la producci\u00f3n de energ\u00eda, la funci\u00f3n muscular y nerviosa, y el mantenimiento de la salud \u00f3sea.<\/p>\n<p data-start=\"693\" data-end=\"1035\">El cuerpo absorbe f\u00e1cilmente la forma de <strong data-start=\"701\" data-end=\"724\">citrato<\/strong> del <strong data-start=\"701\" data-end=\"724\">magnesio<\/strong>, lo que garantiza que act\u00fae con rapidez y eficacia, por lo que es ideal para quienes sufren <strong data-start=\"833\" data-end=\"879\">fatiga, calambres, estr\u00e9s o tensi\u00f3n muscular<\/strong>. Adem\u00e1s, el magnesio ayuda a equilibrar los niveles de electrolitos, contribuye al funcionamiento psicol\u00f3gico normal y reduce el cansancio f\u00edsico y mental.<\/p>\n<p data-start=\"1037\" data-end=\"1306\"><strong data-start=\"1039\" data-end=\"1076\">El Citrato de Magnesio Natural de Soria<\/strong> se elabora con ingredientes de alta calidad y sin aditivos artificiales, lo que lo convierte en una opci\u00f3n excelente para quien busque un suplemento natural y eficaz para restablecer el equilibrio del organismo y potenciar la vitalidad diaria.<\/p>\n<h3 data-start=\"1308\" data-end=\"1371\">Principales beneficios del Citrato de Magnesio Soria Natural:<\/h3>\n<ul data-start=\"1372\" data-end=\"1657\">\n<li data-start=\"1372\" data-end=\"1423\">\n<p data-start=\"1374\" data-end=\"1423\"><strong data-start=\"1374\" data-end=\"1421\">Reduce el cansancio y la fatiga f\u00edsica y mental.<\/strong><\/p>\n<\/li>\n<li data-start=\"1424\" data-end=\"1482\">\n<p data-start=\"1426\" data-end=\"1482\"><strong data-start=\"1426\" data-end=\"1461\">Favorece la relajaci\u00f3n muscular<\/strong> y previene los calambres.<\/p>\n<\/li>\n<li data-start=\"1483\" data-end=\"1540\">\n<p data-start=\"1485\" data-end=\"1540\"><strong data-start=\"1485\" data-end=\"1512\">Favorece el sistema nervioso<\/strong> y el equilibrio emocional.<\/p>\n<\/li>\n<li data-start=\"1541\" data-end=\"1605\">\n<p data-start=\"1543\" data-end=\"1605\"><strong data-start=\"1543\" data-end=\"1603\">Ayuda a mantener sanos huesos y dientes.<\/strong><\/p>\n<\/li>\n<li data-start=\"1606\" data-end=\"1657\">\n<p data-start=\"1608\" data-end=\"1657\"><strong data-start=\"1608\" data-end=\"1636\">F\u00f3rmula altamente absorbente<\/strong>, segura y natural.<\/p>\n<\/li>\n<\/ul>\n<h3 data-start=\"1659\" data-end=\"1689\">\u00bfA qui\u00e9n va dirigido?<\/h3>\n<p data-start=\"1690\" data-end=\"1953\"><strong data-start=\"1692\" data-end=\"1729\">El Citrato de Magnesio Natural Soria<\/strong> es adecuado para <strong data-start=\"1746\" data-end=\"1853\">personas activas, deportistas, estudiantes o cualquier persona que se enfrente a periodos de estr\u00e9s, fatiga o tensi\u00f3n muscular<\/strong>. Tambi\u00e9n se recomienda a quienes deseen reforzar la salud \u00f3sea y favorecer una relajaci\u00f3n natural.<\/p>\n<p data-start=\"1955\" data-end=\"2070\">Con una f\u00f3rmula pura y altamente biodisponible, es el aliado ideal para la <strong data-start=\"2025\" data-end=\"2067\">energ\u00eda, la vitalidad y el bienestar diario.<\/strong><\/p>\n<p>O <b>magnesio<\/b> contribuye al funcionamiento normal del sistema nervioso y de los m\u00fasculos, as\u00ed como a mantener los huesos y los dientes en condiciones normales.<\/p>\n<p>Las vitaminas y los minerales son micronutrientes esenciales para el buen funcionamiento de nuestro organismo. La gama de Vitaminas y Minerales de Soria Natural se ha dise\u00f1ado en forma de <b>comprimidos de liberaci\u00f3n prolongada, para que los principios activos se liberen en el organismo a un ritmo controlado y continuo para su mejor aprovechamiento.<\/b><\/p>\n<p><strong>PRESENTACI\u00d3N<\/strong><\/p>\n<p>120 Comprimidos<\/p>\n<p>&nbsp;<\/p>\n","protected":false},"excerpt":{"rendered":"<p>El Citrato de Magnesio Soria Natural es un suplemento natural altamente absorbible que reduce el cansancio, favorece la relajaci\u00f3n muscular y ayuda al sistema nervioso. [&#8230;]<\/p>\n<p><a class=\"btn btn-secondary understrap-read-more-link\" href=\"https:\/\/www.lifenatura.com\/es\/produto\/citrato-de-magnesio-120-comprimidos-soria-natural\/\">Leer m\u00e1s&#8230;<span class=\"screen-reader-text\"> from Citrato de Magnesio 120 Comprimidos &#8211; Soria Natural<\/span><\/a><\/p>\n","protected":false},"featured_media":121373,"template":"","meta":{"_acf_changed":false},"product_brand":[8555],"product_cat":[7659,7740,7206,7179,7883],"product_tag":[],"class_list":{"0":"post-121393","1":"product","2":"type-product","3":"status-publish","4":"has-post-thumbnail","6":"product_brand-soria-natural-es","7":"product_cat-ingrediente-natural-bio","8":"product_cat-magnesio-es","9":"product_cat-musculos-salud","10":"product_cat-salud","11":"product_cat-suplementos-alimenticios","13":"first","14":"instock","15":"sale","16":"shipping-taxable","17":"purchasable","18":"product-type-simple","19":"add-to-wishlist-before_image"},"acf":[],"yoast_head":"<!-- This site is optimized with the Yoast SEO Premium plugin v27.1 (Yoast SEO v27.3) - https:\/\/yoast.com\/product\/yoast-seo-premium-wordpress\/ -->\n<title>Citrato de Magnesio 120 Comprimidos - Soria Natural - Lifenatura<\/title>\n<meta name=\"description\" content=\"El Citrato de Magnesio es un suplemento natural altamente absorbible que reduce el cansancio, favorece la relajaci\u00f3n muscular y ayuda al sistema nervioso.\" \/>\n<meta name=\"robots\" content=\"index, follow, max-snippet:-1, max-image-preview:large, max-video-preview:-1\" \/>\n<link rel=\"canonical\" href=\"https:\/\/www.lifenatura.com\/es\/produto\/citrato-de-magnesio-120-comprimidos-soria-natural\/\" \/>\n<meta property=\"og:locale\" content=\"es_ES\" \/>\n<meta property=\"og:type\" content=\"article\" \/>\n<meta property=\"og:title\" content=\"Citrato de Magnesio 120 Comprimidos - Soria Natural - Lifenatura\" \/>\n<meta property=\"og:description\" content=\"Compre aqui o seu Citrato de Magnesio 120 Comprimidos - Soria Natural e a Lifenatura Online envia em 48 H com Portes Gratis &gt;35\u20ac de Pedido.\" \/>\n<meta property=\"og:url\" content=\"https:\/\/www.lifenatura.com\/es\/produto\/citrato-de-magnesio-120-comprimidos-soria-natural\/\" \/>\n<meta property=\"og:site_name\" content=\"Lifenatura\" \/>\n<meta property=\"article:publisher\" content=\"https:\/\/www.facebook.com\/lifenatura\" \/>\n<meta property=\"article:modified_time\" content=\"2025-11-13T10:26:53+00:00\" \/>\n<meta property=\"og:image\" content=\"https:\/\/www.lifenatura.com\/wp-content\/uploads\/2025\/11\/citrato-magnesio-comprimidos-soria-natural.jpg\" \/>\n\t<meta property=\"og:image:width\" content=\"1000\" \/>\n\t<meta property=\"og:image:height\" content=\"1000\" \/>\n\t<meta property=\"og:image:type\" content=\"image\/jpeg\" \/>\n<meta name=\"twitter:card\" content=\"summary_large_image\" \/>\n<meta name=\"twitter:label1\" content=\"Precio\" \/>\n\t<meta name=\"twitter:data1\" content=\"19,95&nbsp;&euro;\" \/>\n\t<meta name=\"twitter:label2\" content=\"Disponibilidad\" \/>\n\t<meta name=\"twitter:data2\" content=\"Disponible\" \/>\n<meta property=\"product:price:amount\" content=\"19.95\" \/>\n<meta property=\"product:price:currency\" content=\"EUR\" \/>\n<meta property=\"og:availability\" content=\"instock\" \/>\n<meta property=\"product:availability\" content=\"instock\" \/>\n<meta property=\"product:retailer_item_id\" content=\"8422947110635\" \/>\n<meta property=\"product:condition\" content=\"new\" \/>\n<!-- \/ Yoast SEO Premium plugin. -->","yoast_head_json":{"title":"Citrato de Magnesio 120 Comprimidos - Soria Natural - Lifenatura","description":"El Citrato de Magnesio es un suplemento natural altamente absorbible que reduce el cansancio, favorece la relajaci\u00f3n muscular y ayuda al sistema nervioso.","robots":{"index":"index","follow":"follow","max-snippet":"max-snippet:-1","max-image-preview":"max-image-preview:large","max-video-preview":"max-video-preview:-1"},"canonical":"https:\/\/www.lifenatura.com\/es\/produto\/citrato-de-magnesio-120-comprimidos-soria-natural\/","og_locale":"es_ES","og_type":"article","og_title":"Citrato de Magnesio 120 Comprimidos - Soria Natural - Lifenatura","og_description":"Compre aqui o seu Citrato de Magnesio 120 Comprimidos - Soria Natural e a Lifenatura Online envia em 48 H com Portes Gratis >35\u20ac de Pedido.","og_url":"https:\/\/www.lifenatura.com\/es\/produto\/citrato-de-magnesio-120-comprimidos-soria-natural\/","og_site_name":"Lifenatura","article_publisher":"https:\/\/www.facebook.com\/lifenatura","article_modified_time":"2025-11-13T10:26:53+00:00","og_image":[{"width":1000,"height":1000,"url":"https:\/\/www.lifenatura.com\/wp-content\/uploads\/2025\/11\/citrato-magnesio-comprimidos-soria-natural.jpg","type":"image\/jpeg"}],"twitter_card":"summary_large_image","twitter_misc":{"Precio":"19,95&nbsp;&euro;","Disponibilidad":"Disponible"},"schema":{"@context":"https:\/\/schema.org","@graph":[{"@type":"WebPage","@id":"https:\/\/www.lifenatura.com\/es\/produto\/citrato-de-magnesio-120-comprimidos-soria-natural\/","url":"https:\/\/www.lifenatura.com\/es\/produto\/citrato-de-magnesio-120-comprimidos-soria-natural\/","name":"Citrato de Magnesio 120 Comprimidos - Soria Natural - Lifenatura","isPartOf":{"@id":"https:\/\/www.lifenatura.com\/es\/#website"},"primaryImageOfPage":{"@id":"https:\/\/www.lifenatura.com\/es\/produto\/citrato-de-magnesio-120-comprimidos-soria-natural\/#primaryimage"},"image":{"@id":"https:\/\/www.lifenatura.com\/es\/produto\/citrato-de-magnesio-120-comprimidos-soria-natural\/#primaryimage"},"thumbnailUrl":"https:\/\/www.lifenatura.com\/wp-content\/uploads\/2025\/11\/citrato-magnesio-comprimidos-soria-natural.jpg","datePublished":"2025-11-13T07:41:49+00:00","dateModified":"2025-11-13T10:26:53+00:00","description":"El Citrato de Magnesio es un suplemento natural altamente absorbible que reduce el cansancio, favorece la relajaci\u00f3n muscular y ayuda al sistema nervioso.","breadcrumb":{"@id":"https:\/\/www.lifenatura.com\/es\/produto\/citrato-de-magnesio-120-comprimidos-soria-natural\/#breadcrumb"},"inLanguage":"es","potentialAction":[{"@type":"ReadAction","target":["https:\/\/www.lifenatura.com\/es\/produto\/citrato-de-magnesio-120-comprimidos-soria-natural\/"]}]},{"@type":"ImageObject","inLanguage":"es","@id":"https:\/\/www.lifenatura.com\/es\/produto\/citrato-de-magnesio-120-comprimidos-soria-natural\/#primaryimage","url":"https:\/\/www.lifenatura.com\/wp-content\/uploads\/2025\/11\/citrato-magnesio-comprimidos-soria-natural.jpg","contentUrl":"https:\/\/www.lifenatura.com\/wp-content\/uploads\/2025\/11\/citrato-magnesio-comprimidos-soria-natural.jpg","width":1000,"height":1000,"caption":"Citrato de Magnesio Natural de Soria"},{"@type":"BreadcrumbList","@id":"https:\/\/www.lifenatura.com\/es\/produto\/citrato-de-magnesio-120-comprimidos-soria-natural\/#breadcrumb","itemListElement":[{"@type":"ListItem","position":1,"name":"In\u00edcio","item":"https:\/\/www.lifenatura.com\/es\/"},{"@type":"ListItem","position":2,"name":"Todos los Productos","item":"https:\/\/www.lifenatura.com\/es\/tienda\/"},{"@type":"ListItem","position":3,"name":"Citrato de Magnesio 120 Comprimidos &#8211; Soria Natural"}]},{"@type":"WebSite","@id":"https:\/\/www.lifenatura.com\/es\/#website","url":"https:\/\/www.lifenatura.com\/es\/","name":"Lifenatura","description":"A Lifenatura \u00e9 uma loja de produtos naturais, cosm\u00e9tica natural e alimenta\u00e7\u00e3o Biol\u00f3gica.","publisher":{"@id":"https:\/\/www.lifenatura.com\/es\/#organization"},"potentialAction":[{"@type":"SearchAction","target":{"@type":"EntryPoint","urlTemplate":"https:\/\/www.lifenatura.com\/es\/?s={search_term_string}"},"query-input":{"@type":"PropertyValueSpecification","valueRequired":true,"valueName":"search_term_string"}}],"inLanguage":"es"},{"@type":"Organization","@id":"https:\/\/www.lifenatura.com\/es\/#organization","name":"Lifenatura","url":"https:\/\/www.lifenatura.com\/es\/","logo":{"@type":"ImageObject","inLanguage":"es","@id":"https:\/\/www.lifenatura.com\/es\/#\/schema\/logo\/image\/","url":"https:\/\/www.lifenatura.com\/wp-content\/uploads\/2021\/11\/logo.png","contentUrl":"https:\/\/www.lifenatura.com\/wp-content\/uploads\/2021\/11\/logo.png","width":175,"height":55,"caption":"Lifenatura"},"image":{"@id":"https:\/\/www.lifenatura.com\/es\/#\/schema\/logo\/image\/"},"sameAs":["https:\/\/www.facebook.com\/lifenatura","https:\/\/www.instagram.com\/lifenaturapt\/"]}]},"product_price_amount":"19.95","product_price_currency":"EUR","og_availability":"instock","product_availability":"instock","product_retailer_item_id":"8422947110635","product_condition":"new"},"df_price":19.95,"df_sale_price":19.95,"df_regular_price":26.55,"df_image_link":"https:\/\/www.lifenatura.com\/wp-content\/uploads\/2025\/11\/citrato-magnesio-comprimidos-soria-natural-300x300.jpg","_links":{"self":[{"href":"https:\/\/www.lifenatura.com\/es\/wp-json\/wp\/v2\/product\/121393","targetHints":{"allow":["GET"]}}],"collection":[{"href":"https:\/\/www.lifenatura.com\/es\/wp-json\/wp\/v2\/product"}],"about":[{"href":"https:\/\/www.lifenatura.com\/es\/wp-json\/wp\/v2\/types\/product"}],"wp:featuredmedia":[{"embeddable":true,"href":"https:\/\/www.lifenatura.com\/es\/wp-json\/wp\/v2\/media\/121373"}],"wp:attachment":[{"href":"https:\/\/www.lifenatura.com\/es\/wp-json\/wp\/v2\/media?parent=121393"}],"wp:term":[{"taxonomy":"product_brand","embeddable":true,"href":"https:\/\/www.lifenatura.com\/es\/wp-json\/wp\/v2\/product_brand?post=121393"},{"taxonomy":"product_cat","embeddable":true,"href":"https:\/\/www.lifenatura.com\/es\/wp-json\/wp\/v2\/product_cat?post=121393"},{"taxonomy":"product_tag","embeddable":true,"href":"https:\/\/www.lifenatura.com\/es\/wp-json\/wp\/v2\/product_tag?post=121393"}],"curies":[{"name":"wp","href":"https:\/\/api.w.org\/{rel}","templated":true}]}}