{"id":119480,"date":"2025-09-25T06:17:36","date_gmt":"2025-09-25T06:17:36","guid":{"rendered":"https:\/\/www.lifenatura.com\/produto\/carbonato-de-magnesio-160-g-sakai\/"},"modified":"2025-10-26T19:36:59","modified_gmt":"2025-10-26T19:36:59","slug":"carbonato-de-magnesio-160-g-sakai","status":"publish","type":"product","link":"https:\/\/www.lifenatura.com\/es\/produto\/carbonato-de-magnesio-160-g-sakai\/","title":{"rendered":"Carbonato de magnesio 160 g &#8211; Sakai"},"content":{"rendered":"<h2 style=\"text-align: left;\" data-start=\"183\" data-end=\"267\">Carbonato de magnesio &#8211; Sakai<\/h2>\n<p>&nbsp;<\/p>\n<p data-start=\"269\" data-end=\"657\"><strong data-start=\"271\" data-end=\"310\">El Carbonato de Magnesio 160 g de Sakai<\/strong> es un suplemento mineral natural que contribuye al funcionamiento normal de los m\u00fasculos y el sistema nervioso y a reducir el cansancio y la fatiga. El magnesio es un mineral esencial que interviene en m\u00e1s de 300 reacciones enzim\u00e1ticas del organismo y desempe\u00f1a un papel fundamental en la producci\u00f3n de energ\u00eda, la salud \u00f3sea y el equilibrio electrol\u00edtico.<\/p>\n<p data-start=\"659\" data-end=\"1027\">La forma de <strong data-start=\"667\" data-end=\"692\">carbonato de magnesio<\/strong> se tolera bien y se asimila f\u00e1cilmente, por lo que es ideal para complementar la dieta en situaciones de carencia o de mayor exigencia f\u00edsica y mental. Este suplemento tambi\u00e9n ayuda a mantener una buena funci\u00f3n muscular y articular, por lo que es especialmente \u00fatil para deportistas, personas activas o durante periodos de estr\u00e9s, fatiga o sobrecarga.<\/p>\n<p data-start=\"1029\" data-end=\"1225\">Adem\u00e1s de favorecer la funci\u00f3n muscular, el magnesio contribuye al equilibrio emocional y al bienestar general, ayudando a reducir la tensi\u00f3n nerviosa y fomentando una sensaci\u00f3n de relajaci\u00f3n natural.<\/p>\n<p data-start=\"1227\" data-end=\"1284\"><strong>Principales beneficios del Carbonato de Magnesio Sakai:<\/strong><\/p>\n<ul data-start=\"1285\" data-end=\"1585\">\n<li data-start=\"1285\" data-end=\"1336\">\n<p data-start=\"1287\" data-end=\"1336\"><strong data-start=\"1287\" data-end=\"1317\">Reduce el cansancio y la fatiga<\/strong> f\u00edsica y mental.<\/p>\n<\/li>\n<li data-start=\"1337\" data-end=\"1393\">\n<p data-start=\"1339\" data-end=\"1393\"><strong data-start=\"1339\" data-end=\"1391\">Favorece la funci\u00f3n muscular y nerviosa normal.<\/strong><\/p>\n<\/li>\n<li data-start=\"1394\" data-end=\"1444\">\n<p data-start=\"1396\" data-end=\"1444\"><strong data-start=\"1396\" data-end=\"1442\">Contribuye a unos huesos y dientes sanos.<\/strong><\/p>\n<\/li>\n<li data-start=\"1445\" data-end=\"1511\">\n<p data-start=\"1447\" data-end=\"1511\"><strong data-start=\"1447\" data-end=\"1484\">Favorece el equilibrio electrol\u00edtico<\/strong> y la producci\u00f3n de energ\u00eda.<\/p>\n<\/li>\n<li data-start=\"1512\" data-end=\"1585\">\n<p data-start=\"1514\" data-end=\"1585\">Producto <strong data-start=\"1522\" data-end=\"1583\">natural, f\u00e1cilmente asimilable y sin aditivos artificiales.<\/strong><\/p>\n<\/li>\n<\/ul>\n<p data-start=\"1587\" data-end=\"1617\"><strong>\u00bfA qui\u00e9n va dirigido?<\/strong><\/p>\n<p data-start=\"1618\" data-end=\"1815\"><strong data-start=\"1620\" data-end=\"1651\">El Carbonato de Magnesio Sakai<\/strong> est\u00e1 indicado para adultos con d\u00e9ficit de magnesio, deportistas, personas activas, estudiantes o quienes se encuentren en situaciones de estr\u00e9s, fatiga o desequilibrio muscular.<\/p>\n<p data-start=\"1817\" data-end=\"1944\">Con su acci\u00f3n revitalizante y equilibrante, es el aliado natural ideal para mantener <strong data-start=\"1899\" data-end=\"1941\">la energ\u00eda, la vitalidad y el bienestar diario.<\/strong><\/p>\n<p data-start=\"1817\" data-end=\"1944\"><strong>Presentaci\u00f3n:<\/strong><\/p>\n<p data-start=\"1817\" data-end=\"1944\">160g<\/p>\n<p data-start=\"1817\" data-end=\"1944\">\n","protected":false},"excerpt":{"rendered":"<p>Carbonato de Magnesio Sakai &#8211; suplemento mineral natural que reduce el cansancio, favorece los m\u00fasculos, los huesos y el sistema nervioso, promoviendo la energ\u00eda y el equilibrio. [&#8230;]<\/p>\n<p><a class=\"btn btn-secondary understrap-read-more-link\" href=\"https:\/\/www.lifenatura.com\/es\/produto\/carbonato-de-magnesio-160-g-sakai\/\">Leer m\u00e1s&#8230;<span class=\"screen-reader-text\"> from Carbonato de magnesio 160 g &#8211; Sakai<\/span><\/a><\/p>\n","protected":false},"featured_media":117617,"template":"","meta":{"_acf_changed":false},"product_brand":[8375],"product_cat":[7659,7740,7206,7179,7883],"product_tag":[],"class_list":{"0":"post-119480","1":"product","2":"type-product","3":"status-publish","4":"has-post-thumbnail","6":"product_brand-sakai","7":"product_cat-ingrediente-natural-bio","8":"product_cat-magnesio-es","9":"product_cat-musculos-salud","10":"product_cat-salud","11":"product_cat-suplementos-alimenticios","13":"first","14":"instock","15":"sale","16":"featured","17":"shipping-taxable","18":"purchasable","19":"product-type-simple","20":"add-to-wishlist-before_image"},"acf":[],"yoast_head":"<!-- This site is optimized with the Yoast SEO Premium plugin v27.1 (Yoast SEO v27.6) - https:\/\/yoast.com\/product\/yoast-seo-premium-wordpress\/ -->\n<title>Carbonato de magnesio 160 g - Sakai - Na Lifenatura ao Melhor Pre\u00e7o | Envio em 48h<\/title>\n<meta name=\"description\" content=\"Carbonato de Magnesio Sakai suplemento mineral natural que reduce el cansancio, favorece los m\u00fasculos, los huesos y el sistema nervioso.\" \/>\n<meta name=\"robots\" content=\"index, follow, max-snippet:-1, max-image-preview:large, max-video-preview:-1\" \/>\n<link rel=\"canonical\" href=\"https:\/\/www.lifenatura.com\/es\/produto\/carbonato-de-magnesio-160-g-sakai\/\" \/>\n<meta property=\"og:locale\" content=\"es_ES\" \/>\n<meta property=\"og:type\" content=\"article\" \/>\n<meta property=\"og:title\" content=\"Carbonato de magnesio 160 g - Sakai - Na Lifenatura ao Melhor Pre\u00e7o | Envio 48h\" \/>\n<meta property=\"og:description\" content=\"Compre Carbonato de magnesio 160 g - Sakai com envio r\u00e1pido. Entrega em 48h e portes gr\u00e1tis em compras &gt;35\u20ac. Aproveite j\u00e1 na Lifenatura\" \/>\n<meta property=\"og:url\" content=\"https:\/\/www.lifenatura.com\/es\/produto\/carbonato-de-magnesio-160-g-sakai\/\" \/>\n<meta property=\"og:site_name\" content=\"Lifenatura\" \/>\n<meta property=\"article:publisher\" content=\"https:\/\/www.facebook.com\/lifenatura\" \/>\n<meta property=\"article:modified_time\" content=\"2025-10-26T19:36:59+00:00\" \/>\n<meta property=\"og:image\" content=\"https:\/\/www.lifenatura.com\/wp-content\/uploads\/2025\/09\/carbonato-magnesio-160gr-sakai.jpg\" \/>\n\t<meta property=\"og:image:width\" content=\"1000\" \/>\n\t<meta property=\"og:image:height\" content=\"1000\" \/>\n\t<meta property=\"og:image:type\" content=\"image\/jpeg\" \/>\n<meta name=\"twitter:card\" content=\"summary_large_image\" \/>\n<meta name=\"twitter:label1\" content=\"Precio\" \/>\n\t<meta name=\"twitter:data1\" content=\"7,42&nbsp;&euro;\" \/>\n\t<meta name=\"twitter:label2\" content=\"Disponibilidad\" \/>\n\t<meta name=\"twitter:data2\" content=\"Disponible\" \/>\n<script type=\"application\/ld+json\" class=\"yoast-schema-graph\">{\"@context\":\"https:\\\/\\\/schema.org\",\"@graph\":[{\"@type\":\"WebPage\",\"@id\":\"https:\\\/\\\/www.lifenatura.com\\\/es\\\/produto\\\/carbonato-de-magnesio-160-g-sakai\\\/\",\"url\":\"https:\\\/\\\/www.lifenatura.com\\\/es\\\/produto\\\/carbonato-de-magnesio-160-g-sakai\\\/\",\"name\":\"Carbonato de magnesio 160 g - Sakai - Na Lifenatura ao Melhor Pre\u00e7o | Envio em 48h\",\"isPartOf\":{\"@id\":\"https:\\\/\\\/www.lifenatura.com\\\/es\\\/#website\"},\"primaryImageOfPage\":{\"@id\":\"https:\\\/\\\/www.lifenatura.com\\\/es\\\/produto\\\/carbonato-de-magnesio-160-g-sakai\\\/#primaryimage\"},\"image\":{\"@id\":\"https:\\\/\\\/www.lifenatura.com\\\/es\\\/produto\\\/carbonato-de-magnesio-160-g-sakai\\\/#primaryimage\"},\"thumbnailUrl\":\"https:\\\/\\\/www.lifenatura.com\\\/wp-content\\\/uploads\\\/2025\\\/09\\\/carbonato-magnesio-160gr-sakai.jpg\",\"datePublished\":\"2025-09-25T06:17:36+00:00\",\"dateModified\":\"2025-10-26T19:36:59+00:00\",\"description\":\"Carbonato de Magnesio Sakai suplemento mineral natural que reduce el cansancio, favorece los m\u00fasculos, los huesos y el sistema nervioso.\",\"breadcrumb\":{\"@id\":\"https:\\\/\\\/www.lifenatura.com\\\/es\\\/produto\\\/carbonato-de-magnesio-160-g-sakai\\\/#breadcrumb\"},\"inLanguage\":\"es\",\"potentialAction\":[{\"@type\":\"ReadAction\",\"target\":[\"https:\\\/\\\/www.lifenatura.com\\\/es\\\/produto\\\/carbonato-de-magnesio-160-g-sakai\\\/\"]}]},{\"@type\":\"ImageObject\",\"inLanguage\":\"es\",\"@id\":\"https:\\\/\\\/www.lifenatura.com\\\/es\\\/produto\\\/carbonato-de-magnesio-160-g-sakai\\\/#primaryimage\",\"url\":\"https:\\\/\\\/www.lifenatura.com\\\/wp-content\\\/uploads\\\/2025\\\/09\\\/carbonato-magnesio-160gr-sakai.jpg\",\"contentUrl\":\"https:\\\/\\\/www.lifenatura.com\\\/wp-content\\\/uploads\\\/2025\\\/09\\\/carbonato-magnesio-160gr-sakai.jpg\",\"width\":1000,\"height\":1000,\"caption\":\"carbonato de magnesio da marca sakai\"},{\"@type\":\"BreadcrumbList\",\"@id\":\"https:\\\/\\\/www.lifenatura.com\\\/es\\\/produto\\\/carbonato-de-magnesio-160-g-sakai\\\/#breadcrumb\",\"itemListElement\":[{\"@type\":\"ListItem\",\"position\":1,\"name\":\"In\u00edcio\",\"item\":\"https:\\\/\\\/www.lifenatura.com\\\/es\\\/\"},{\"@type\":\"ListItem\",\"position\":2,\"name\":\"Todos los Productos\",\"item\":\"https:\\\/\\\/www.lifenatura.com\\\/es\\\/tienda\\\/\"},{\"@type\":\"ListItem\",\"position\":3,\"name\":\"Carbonato de magnesio 160 g &#8211; Sakai\"}]},{\"@type\":\"WebSite\",\"@id\":\"https:\\\/\\\/www.lifenatura.com\\\/es\\\/#website\",\"url\":\"https:\\\/\\\/www.lifenatura.com\\\/es\\\/\",\"name\":\"Lifenatura\",\"description\":\"A Lifenatura \u00e9 uma loja de produtos naturais, cosm\u00e9tica natural e alimenta\u00e7\u00e3o Biol\u00f3gica.\",\"publisher\":{\"@id\":\"https:\\\/\\\/www.lifenatura.com\\\/es\\\/#organization\"},\"potentialAction\":[{\"@type\":\"SearchAction\",\"target\":{\"@type\":\"EntryPoint\",\"urlTemplate\":\"https:\\\/\\\/www.lifenatura.com\\\/es\\\/?s={search_term_string}\"},\"query-input\":{\"@type\":\"PropertyValueSpecification\",\"valueRequired\":true,\"valueName\":\"search_term_string\"}}],\"inLanguage\":\"es\"},{\"@type\":\"Organization\",\"@id\":\"https:\\\/\\\/www.lifenatura.com\\\/es\\\/#organization\",\"name\":\"Lifenatura\",\"url\":\"https:\\\/\\\/www.lifenatura.com\\\/es\\\/\",\"logo\":{\"@type\":\"ImageObject\",\"inLanguage\":\"es\",\"@id\":\"https:\\\/\\\/www.lifenatura.com\\\/es\\\/#\\\/schema\\\/logo\\\/image\\\/\",\"url\":\"https:\\\/\\\/www.lifenatura.com\\\/wp-content\\\/uploads\\\/2021\\\/07\\\/logo.png\",\"contentUrl\":\"https:\\\/\\\/www.lifenatura.com\\\/wp-content\\\/uploads\\\/2021\\\/07\\\/logo.png\",\"width\":175,\"height\":55,\"caption\":\"Lifenatura\"},\"image\":{\"@id\":\"https:\\\/\\\/www.lifenatura.com\\\/es\\\/#\\\/schema\\\/logo\\\/image\\\/\"},\"sameAs\":[\"https:\\\/\\\/www.facebook.com\\\/lifenatura\",\"https:\\\/\\\/www.instagram.com\\\/lifenaturapt\\\/\"],\"hasMerchantReturnPolicy\":{\"@type\":\"MerchantReturnPolicy\",\"merchantReturnLink\":\"https:\\\/\\\/www.lifenatura.com\\\/termos-condicoes-lifenatura\\\/\"}}]}<\/script>\n<meta property=\"product:price:amount\" content=\"7.42\" \/>\n<meta property=\"product:price:currency\" content=\"EUR\" \/>\n<meta property=\"og:availability\" content=\"instock\" \/>\n<meta property=\"product:availability\" content=\"instock\" \/>\n<meta property=\"product:retailer_item_id\" content=\"8423245260046\" \/>\n<meta property=\"product:condition\" content=\"new\" \/>\n<!-- \/ Yoast SEO Premium plugin. -->","yoast_head_json":{"title":"Carbonato de magnesio 160 g - Sakai - Na Lifenatura ao Melhor Pre\u00e7o | Envio em 48h","description":"Carbonato de Magnesio Sakai suplemento mineral natural que reduce el cansancio, favorece los m\u00fasculos, los huesos y el sistema nervioso.","robots":{"index":"index","follow":"follow","max-snippet":"max-snippet:-1","max-image-preview":"max-image-preview:large","max-video-preview":"max-video-preview:-1"},"canonical":"https:\/\/www.lifenatura.com\/es\/produto\/carbonato-de-magnesio-160-g-sakai\/","og_locale":"es_ES","og_type":"article","og_title":"Carbonato de magnesio 160 g - Sakai - Na Lifenatura ao Melhor Pre\u00e7o | Envio 48h","og_description":"Compre Carbonato de magnesio 160 g - Sakai com envio r\u00e1pido. Entrega em 48h e portes gr\u00e1tis em compras >35\u20ac. Aproveite j\u00e1 na Lifenatura","og_url":"https:\/\/www.lifenatura.com\/es\/produto\/carbonato-de-magnesio-160-g-sakai\/","og_site_name":"Lifenatura","article_publisher":"https:\/\/www.facebook.com\/lifenatura","article_modified_time":"2025-10-26T19:36:59+00:00","og_image":[{"width":1000,"height":1000,"url":"https:\/\/www.lifenatura.com\/wp-content\/uploads\/2025\/09\/carbonato-magnesio-160gr-sakai.jpg","type":"image\/jpeg"}],"twitter_card":"summary_large_image","twitter_misc":{"Precio":"7,42&nbsp;&euro;","Disponibilidad":"Disponible"},"schema":{"@context":"https:\/\/schema.org","@graph":[{"@type":"WebPage","@id":"https:\/\/www.lifenatura.com\/es\/produto\/carbonato-de-magnesio-160-g-sakai\/","url":"https:\/\/www.lifenatura.com\/es\/produto\/carbonato-de-magnesio-160-g-sakai\/","name":"Carbonato de magnesio 160 g - Sakai - Na Lifenatura ao Melhor Pre\u00e7o | Envio em 48h","isPartOf":{"@id":"https:\/\/www.lifenatura.com\/es\/#website"},"primaryImageOfPage":{"@id":"https:\/\/www.lifenatura.com\/es\/produto\/carbonato-de-magnesio-160-g-sakai\/#primaryimage"},"image":{"@id":"https:\/\/www.lifenatura.com\/es\/produto\/carbonato-de-magnesio-160-g-sakai\/#primaryimage"},"thumbnailUrl":"https:\/\/www.lifenatura.com\/wp-content\/uploads\/2025\/09\/carbonato-magnesio-160gr-sakai.jpg","datePublished":"2025-09-25T06:17:36+00:00","dateModified":"2025-10-26T19:36:59+00:00","description":"Carbonato de Magnesio Sakai suplemento mineral natural que reduce el cansancio, favorece los m\u00fasculos, los huesos y el sistema nervioso.","breadcrumb":{"@id":"https:\/\/www.lifenatura.com\/es\/produto\/carbonato-de-magnesio-160-g-sakai\/#breadcrumb"},"inLanguage":"es","potentialAction":[{"@type":"ReadAction","target":["https:\/\/www.lifenatura.com\/es\/produto\/carbonato-de-magnesio-160-g-sakai\/"]}]},{"@type":"ImageObject","inLanguage":"es","@id":"https:\/\/www.lifenatura.com\/es\/produto\/carbonato-de-magnesio-160-g-sakai\/#primaryimage","url":"https:\/\/www.lifenatura.com\/wp-content\/uploads\/2025\/09\/carbonato-magnesio-160gr-sakai.jpg","contentUrl":"https:\/\/www.lifenatura.com\/wp-content\/uploads\/2025\/09\/carbonato-magnesio-160gr-sakai.jpg","width":1000,"height":1000,"caption":"carbonato de magnesio da marca sakai"},{"@type":"BreadcrumbList","@id":"https:\/\/www.lifenatura.com\/es\/produto\/carbonato-de-magnesio-160-g-sakai\/#breadcrumb","itemListElement":[{"@type":"ListItem","position":1,"name":"In\u00edcio","item":"https:\/\/www.lifenatura.com\/es\/"},{"@type":"ListItem","position":2,"name":"Todos los Productos","item":"https:\/\/www.lifenatura.com\/es\/tienda\/"},{"@type":"ListItem","position":3,"name":"Carbonato de magnesio 160 g &#8211; Sakai"}]},{"@type":"WebSite","@id":"https:\/\/www.lifenatura.com\/es\/#website","url":"https:\/\/www.lifenatura.com\/es\/","name":"Lifenatura","description":"A Lifenatura \u00e9 uma loja de produtos naturais, cosm\u00e9tica natural e alimenta\u00e7\u00e3o Biol\u00f3gica.","publisher":{"@id":"https:\/\/www.lifenatura.com\/es\/#organization"},"potentialAction":[{"@type":"SearchAction","target":{"@type":"EntryPoint","urlTemplate":"https:\/\/www.lifenatura.com\/es\/?s={search_term_string}"},"query-input":{"@type":"PropertyValueSpecification","valueRequired":true,"valueName":"search_term_string"}}],"inLanguage":"es"},{"@type":"Organization","@id":"https:\/\/www.lifenatura.com\/es\/#organization","name":"Lifenatura","url":"https:\/\/www.lifenatura.com\/es\/","logo":{"@type":"ImageObject","inLanguage":"es","@id":"https:\/\/www.lifenatura.com\/es\/#\/schema\/logo\/image\/","url":"https:\/\/www.lifenatura.com\/wp-content\/uploads\/2021\/07\/logo.png","contentUrl":"https:\/\/www.lifenatura.com\/wp-content\/uploads\/2021\/07\/logo.png","width":175,"height":55,"caption":"Lifenatura"},"image":{"@id":"https:\/\/www.lifenatura.com\/es\/#\/schema\/logo\/image\/"},"sameAs":["https:\/\/www.facebook.com\/lifenatura","https:\/\/www.instagram.com\/lifenaturapt\/"],"hasMerchantReturnPolicy":{"@type":"MerchantReturnPolicy","merchantReturnLink":"https:\/\/www.lifenatura.com\/termos-condicoes-lifenatura\/"}}]},"product_price_amount":"7.42","product_price_currency":"EUR","og_availability":"instock","product_availability":"instock","product_retailer_item_id":"8423245260046","product_condition":"new"},"df_price":7.42,"df_sale_price":7.42,"df_regular_price":8.73,"df_image_link":"https:\/\/www.lifenatura.com\/wp-content\/uploads\/2025\/09\/carbonato-magnesio-160gr-sakai-300x300.jpg","_links":{"self":[{"href":"https:\/\/www.lifenatura.com\/es\/wp-json\/wp\/v2\/product\/119480","targetHints":{"allow":["GET"]}}],"collection":[{"href":"https:\/\/www.lifenatura.com\/es\/wp-json\/wp\/v2\/product"}],"about":[{"href":"https:\/\/www.lifenatura.com\/es\/wp-json\/wp\/v2\/types\/product"}],"wp:featuredmedia":[{"embeddable":true,"href":"https:\/\/www.lifenatura.com\/es\/wp-json\/wp\/v2\/media\/117617"}],"wp:attachment":[{"href":"https:\/\/www.lifenatura.com\/es\/wp-json\/wp\/v2\/media?parent=119480"}],"wp:term":[{"taxonomy":"product_brand","embeddable":true,"href":"https:\/\/www.lifenatura.com\/es\/wp-json\/wp\/v2\/product_brand?post=119480"},{"taxonomy":"product_cat","embeddable":true,"href":"https:\/\/www.lifenatura.com\/es\/wp-json\/wp\/v2\/product_cat?post=119480"},{"taxonomy":"product_tag","embeddable":true,"href":"https:\/\/www.lifenatura.com\/es\/wp-json\/wp\/v2\/product_tag?post=119480"}],"curies":[{"name":"wp","href":"https:\/\/api.w.org\/{rel}","templated":true}]}}