{"id":119478,"date":"2025-09-25T06:17:35","date_gmt":"2025-09-25T06:17:35","guid":{"rendered":"https:\/\/www.lifenatura.com\/produto\/biomaris-agua-de-mar-750ml-sakai\/"},"modified":"2025-10-26T19:38:16","modified_gmt":"2025-10-26T19:38:16","slug":"biomaris-agua-de-mar-750ml-sakai","status":"publish","type":"product","link":"https:\/\/www.lifenatura.com\/es\/produto\/biomaris-agua-de-mar-750ml-sakai\/","title":{"rendered":"Biomaris Agua de Mar 750ml &#8211; Sakai"},"content":{"rendered":"<h2 data-start=\"178\" data-end=\"261\">Biomaris Agua de Mar &#8211; Sakai<\/h2>\n<p>&nbsp;<\/p>\n<p data-start=\"263\" data-end=\"617\"><strong data-start=\"265\" data-end=\"304\">Biomaris Agua de Mar 750 ml de Sakai<\/strong> es una soluci\u00f3n natural y org\u00e1nica recogida de aguas marinas puras y profundas, rica en <strong data-start=\"394\" data-end=\"434\">minerales y oligoelementos esenciales<\/strong>. Este suplemento natural ayuda a <strong data-start=\"468\" data-end=\"515\">restablecer el equilibrio mineral del organismo<\/strong>, favoreciendo la funci\u00f3n celular, el bienestar f\u00edsico y mental y la regeneraci\u00f3n natural del cuerpo.<\/p>\n<p data-start=\"619\" data-end=\"956\">El <strong data-start=\"621\" data-end=\"651\">Agua de Mar Biomaris Sakai<\/strong> est\u00e1 microfiltrada en fr\u00edo para garantizar la m\u00e1xima pureza y preservar su composici\u00f3n natural, que contiene m\u00e1s de 80 minerales y oligoelementos -entre ellos magnesio, potasio, calcio, zinc y selenio- que contribuyen al equilibrio electrol\u00edtico y al buen funcionamiento de los m\u00fasculos y el sistema nervioso.<\/p>\n<p data-start=\"958\" data-end=\"1293\">Puede consumirse puro o diluido, y es especialmente \u00fatil en periodos de <strong data-start=\"1032\" data-end=\"1091\">fatiga, deshidrataci\u00f3n, estr\u00e9s o desequilibrios minerales<\/strong>. Tambi\u00e9n ayuda a reforzar el sistema inmunitario, la vitalidad y la hidrataci\u00f3n celular, y es una opci\u00f3n excelente para quienes practican deporte o quieren mantener el organismo equilibrado de forma natural.<\/p>\n<p data-start=\"1295\" data-end=\"1351\"><strong>Principales beneficios del Agua de Mar Biomaris Sakai:<\/strong><\/p>\n<ul data-start=\"1352\" data-end=\"1653\">\n<li data-start=\"1352\" data-end=\"1416\">\n<p data-start=\"1354\" data-end=\"1416\"><strong data-start=\"1354\" data-end=\"1384\">Reequilibra y remineraliza<\/strong> naturalmente el organismo.<\/p>\n<\/li>\n<li data-start=\"1417\" data-end=\"1483\">\n<p data-start=\"1419\" data-end=\"1483\"><strong data-start=\"1419\" data-end=\"1452\">Favorece la hidrataci\u00f3n celular<\/strong> y el equilibrio electrol\u00edtico.<\/p>\n<\/li>\n<li data-start=\"1484\" data-end=\"1533\">\n<p data-start=\"1486\" data-end=\"1533\"><strong data-start=\"1486\" data-end=\"1510\">Aumenta la vitalidad<\/strong> y combate el cansancio.<\/p>\n<\/li>\n<li data-start=\"1534\" data-end=\"1596\">\n<p data-start=\"1536\" data-end=\"1596\"><strong data-start=\"1536\" data-end=\"1594\">Contribuye a una buena funci\u00f3n muscular y nerviosa.<\/strong><\/p>\n<\/li>\n<li data-start=\"1597\" data-end=\"1653\">\n<p data-start=\"1599\" data-end=\"1653\">Producto <strong data-start=\"1607\" data-end=\"1651\">natural, microfiltrado y 100% ecol\u00f3gico.<\/strong><\/p>\n<\/li>\n<\/ul>\n<p data-start=\"1655\" data-end=\"1685\"><strong>\u00bfPara qui\u00e9n es adecuado?<\/strong><\/p>\n<p data-start=\"1686\" data-end=\"1920\"><strong data-start=\"1688\" data-end=\"1718\">El Agua de Mar Biomaris Sakai<\/strong> es adecuada para personas activas, deportistas, ancianos y cualquiera que necesite un aporte mineral natural. Es ideal en situaciones de fatiga, estr\u00e9s, esfuerzo f\u00edsico intenso o dietas desequilibradas.<\/p>\n<p data-start=\"1922\" data-end=\"2053\">Con su composici\u00f3n completa y equilibrada, es el suplemento perfecto para fomentar <strong data-start=\"2005\" data-end=\"2050\">la vitalidad, la hidrataci\u00f3n y el bienestar general<\/strong>.<\/p>\n<p data-start=\"1922\" data-end=\"2053\"><strong>Presentaci\u00f3n:<\/strong><\/p>\n<p data-start=\"1922\" data-end=\"2053\">750 ml.<\/p>\n<p data-start=\"1922\" data-end=\"2053\">\n","protected":false},"excerpt":{"rendered":"<p>Biomaris Agua de Mar de Sakai &#8211; un suplemento rico en minerales y oligoelementos que remineraliza, hidrata y equilibra el organismo. Aporta energ\u00eda y vitalidad. [&#8230;]<\/p>\n<p><a class=\"btn btn-secondary understrap-read-more-link\" href=\"https:\/\/www.lifenatura.com\/es\/produto\/biomaris-agua-de-mar-750ml-sakai\/\">Leer m\u00e1s&#8230;<span class=\"screen-reader-text\"> from Biomaris Agua de Mar 750ml &#8211; Sakai<\/span><\/a><\/p>\n","protected":false},"featured_media":117615,"template":"","meta":{"_acf_changed":false},"product_brand":[8375],"product_cat":[7066,7064,7065],"product_tag":[],"class_list":{"0":"post-119478","1":"product","2":"type-product","3":"status-publish","4":"has-post-thumbnail","6":"product_brand-sakai","7":"product_cat-agua-de-coco","8":"product_cat-alimentacion-sana","9":"product_cat-bebidas","11":"first","12":"instock","13":"shipping-taxable","14":"purchasable","15":"product-type-simple","16":"add-to-wishlist-before_image"},"acf":[],"yoast_head":"<!-- This site is optimized with the Yoast SEO Premium plugin v27.1 (Yoast SEO v27.5) - https:\/\/yoast.com\/product\/yoast-seo-premium-wordpress\/ -->\n<title>Biomaris Agua de Mar 750ml - Sakai - Na Lifenatura ao Melhor Pre\u00e7o | Envio em 48h<\/title>\n<meta name=\"description\" content=\"Biomaris Agua de Mar de Sakai un suplemento rico en minerales y oligoelementos que remineraliza, hidrata y equilibra el organismo.\" \/>\n<meta name=\"robots\" content=\"index, follow, max-snippet:-1, max-image-preview:large, max-video-preview:-1\" \/>\n<link rel=\"canonical\" href=\"https:\/\/www.lifenatura.com\/es\/produto\/biomaris-agua-de-mar-750ml-sakai\/\" \/>\n<meta property=\"og:locale\" content=\"es_ES\" \/>\n<meta property=\"og:type\" content=\"article\" \/>\n<meta property=\"og:title\" content=\"Biomaris Agua de Mar 750ml - Sakai - Na Lifenatura ao Melhor Pre\u00e7o | Envio 48h\" \/>\n<meta property=\"og:description\" content=\"Compre Biomaris Agua de Mar 750ml - Sakai com envio r\u00e1pido. Entrega em 48h e portes gr\u00e1tis em compras &gt;35\u20ac. Aproveite j\u00e1 na Lifenatura\" \/>\n<meta property=\"og:url\" content=\"https:\/\/www.lifenatura.com\/es\/produto\/biomaris-agua-de-mar-750ml-sakai\/\" \/>\n<meta property=\"og:site_name\" content=\"Lifenatura\" \/>\n<meta property=\"article:publisher\" content=\"https:\/\/www.facebook.com\/lifenatura\" \/>\n<meta property=\"article:modified_time\" content=\"2025-10-26T19:38:16+00:00\" \/>\n<meta property=\"og:image\" content=\"https:\/\/www.lifenatura.com\/wp-content\/uploads\/2025\/09\/biomaris-750ml-sakai.jpg\" \/>\n\t<meta property=\"og:image:width\" content=\"1000\" \/>\n\t<meta property=\"og:image:height\" content=\"1000\" \/>\n\t<meta property=\"og:image:type\" content=\"image\/jpeg\" \/>\n<meta name=\"twitter:card\" content=\"summary_large_image\" \/>\n<meta name=\"twitter:label1\" content=\"Precio\" \/>\n\t<meta name=\"twitter:data1\" content=\"17,50&nbsp;&euro;\" \/>\n\t<meta name=\"twitter:label2\" content=\"Disponibilidad\" \/>\n\t<meta name=\"twitter:data2\" content=\"Disponible\" \/>\n<script type=\"application\/ld+json\" class=\"yoast-schema-graph\">{\"@context\":\"https:\\\/\\\/schema.org\",\"@graph\":[{\"@type\":\"WebPage\",\"@id\":\"https:\\\/\\\/www.lifenatura.com\\\/es\\\/produto\\\/biomaris-agua-de-mar-750ml-sakai\\\/\",\"url\":\"https:\\\/\\\/www.lifenatura.com\\\/es\\\/produto\\\/biomaris-agua-de-mar-750ml-sakai\\\/\",\"name\":\"Biomaris Agua de Mar 750ml - Sakai - Na Lifenatura ao Melhor Pre\u00e7o | Envio em 48h\",\"isPartOf\":{\"@id\":\"https:\\\/\\\/www.lifenatura.com\\\/es\\\/#website\"},\"primaryImageOfPage\":{\"@id\":\"https:\\\/\\\/www.lifenatura.com\\\/es\\\/produto\\\/biomaris-agua-de-mar-750ml-sakai\\\/#primaryimage\"},\"image\":{\"@id\":\"https:\\\/\\\/www.lifenatura.com\\\/es\\\/produto\\\/biomaris-agua-de-mar-750ml-sakai\\\/#primaryimage\"},\"thumbnailUrl\":\"https:\\\/\\\/www.lifenatura.com\\\/wp-content\\\/uploads\\\/2025\\\/09\\\/biomaris-750ml-sakai.jpg\",\"datePublished\":\"2025-09-25T06:17:35+00:00\",\"dateModified\":\"2025-10-26T19:38:16+00:00\",\"description\":\"Biomaris Agua de Mar de Sakai un suplemento rico en minerales y oligoelementos que remineraliza, hidrata y equilibra el organismo.\",\"breadcrumb\":{\"@id\":\"https:\\\/\\\/www.lifenatura.com\\\/es\\\/produto\\\/biomaris-agua-de-mar-750ml-sakai\\\/#breadcrumb\"},\"inLanguage\":\"es\",\"potentialAction\":[{\"@type\":\"ReadAction\",\"target\":[\"https:\\\/\\\/www.lifenatura.com\\\/es\\\/produto\\\/biomaris-agua-de-mar-750ml-sakai\\\/\"]}]},{\"@type\":\"ImageObject\",\"inLanguage\":\"es\",\"@id\":\"https:\\\/\\\/www.lifenatura.com\\\/es\\\/produto\\\/biomaris-agua-de-mar-750ml-sakai\\\/#primaryimage\",\"url\":\"https:\\\/\\\/www.lifenatura.com\\\/wp-content\\\/uploads\\\/2025\\\/09\\\/biomaris-750ml-sakai.jpg\",\"contentUrl\":\"https:\\\/\\\/www.lifenatura.com\\\/wp-content\\\/uploads\\\/2025\\\/09\\\/biomaris-750ml-sakai.jpg\",\"width\":1000,\"height\":1000,\"caption\":\"biomaris da marca sakai\"},{\"@type\":\"BreadcrumbList\",\"@id\":\"https:\\\/\\\/www.lifenatura.com\\\/es\\\/produto\\\/biomaris-agua-de-mar-750ml-sakai\\\/#breadcrumb\",\"itemListElement\":[{\"@type\":\"ListItem\",\"position\":1,\"name\":\"In\u00edcio\",\"item\":\"https:\\\/\\\/www.lifenatura.com\\\/es\\\/\"},{\"@type\":\"ListItem\",\"position\":2,\"name\":\"Todos los Productos\",\"item\":\"https:\\\/\\\/www.lifenatura.com\\\/es\\\/tienda\\\/\"},{\"@type\":\"ListItem\",\"position\":3,\"name\":\"Biomaris Agua de Mar 750ml &#8211; Sakai\"}]},{\"@type\":\"WebSite\",\"@id\":\"https:\\\/\\\/www.lifenatura.com\\\/es\\\/#website\",\"url\":\"https:\\\/\\\/www.lifenatura.com\\\/es\\\/\",\"name\":\"Lifenatura\",\"description\":\"A Lifenatura \u00e9 uma loja de produtos naturais, cosm\u00e9tica natural e alimenta\u00e7\u00e3o Biol\u00f3gica.\",\"publisher\":{\"@id\":\"https:\\\/\\\/www.lifenatura.com\\\/es\\\/#organization\"},\"potentialAction\":[{\"@type\":\"SearchAction\",\"target\":{\"@type\":\"EntryPoint\",\"urlTemplate\":\"https:\\\/\\\/www.lifenatura.com\\\/es\\\/?s={search_term_string}\"},\"query-input\":{\"@type\":\"PropertyValueSpecification\",\"valueRequired\":true,\"valueName\":\"search_term_string\"}}],\"inLanguage\":\"es\"},{\"@type\":\"Organization\",\"@id\":\"https:\\\/\\\/www.lifenatura.com\\\/es\\\/#organization\",\"name\":\"Lifenatura\",\"url\":\"https:\\\/\\\/www.lifenatura.com\\\/es\\\/\",\"logo\":{\"@type\":\"ImageObject\",\"inLanguage\":\"es\",\"@id\":\"https:\\\/\\\/www.lifenatura.com\\\/es\\\/#\\\/schema\\\/logo\\\/image\\\/\",\"url\":\"https:\\\/\\\/www.lifenatura.com\\\/wp-content\\\/uploads\\\/2021\\\/07\\\/logo.png\",\"contentUrl\":\"https:\\\/\\\/www.lifenatura.com\\\/wp-content\\\/uploads\\\/2021\\\/07\\\/logo.png\",\"width\":175,\"height\":55,\"caption\":\"Lifenatura\"},\"image\":{\"@id\":\"https:\\\/\\\/www.lifenatura.com\\\/es\\\/#\\\/schema\\\/logo\\\/image\\\/\"},\"sameAs\":[\"https:\\\/\\\/www.facebook.com\\\/lifenatura\",\"https:\\\/\\\/www.instagram.com\\\/lifenaturapt\\\/\"],\"hasMerchantReturnPolicy\":{\"@type\":\"MerchantReturnPolicy\",\"merchantReturnLink\":\"https:\\\/\\\/www.lifenatura.com\\\/termos-condicoes-lifenatura\\\/\"}}]}<\/script>\n<meta property=\"product:price:amount\" content=\"17.50\" \/>\n<meta property=\"product:price:currency\" content=\"EUR\" \/>\n<meta property=\"og:availability\" content=\"instock\" \/>\n<meta property=\"product:availability\" content=\"instock\" \/>\n<meta property=\"product:retailer_item_id\" content=\"8423245170017\" \/>\n<meta property=\"product:condition\" content=\"new\" \/>\n<!-- \/ Yoast SEO Premium plugin. -->","yoast_head_json":{"title":"Biomaris Agua de Mar 750ml - Sakai - Na Lifenatura ao Melhor Pre\u00e7o | Envio em 48h","description":"Biomaris Agua de Mar de Sakai un suplemento rico en minerales y oligoelementos que remineraliza, hidrata y equilibra el organismo.","robots":{"index":"index","follow":"follow","max-snippet":"max-snippet:-1","max-image-preview":"max-image-preview:large","max-video-preview":"max-video-preview:-1"},"canonical":"https:\/\/www.lifenatura.com\/es\/produto\/biomaris-agua-de-mar-750ml-sakai\/","og_locale":"es_ES","og_type":"article","og_title":"Biomaris Agua de Mar 750ml - Sakai - Na Lifenatura ao Melhor Pre\u00e7o | Envio 48h","og_description":"Compre Biomaris Agua de Mar 750ml - Sakai com envio r\u00e1pido. Entrega em 48h e portes gr\u00e1tis em compras >35\u20ac. Aproveite j\u00e1 na Lifenatura","og_url":"https:\/\/www.lifenatura.com\/es\/produto\/biomaris-agua-de-mar-750ml-sakai\/","og_site_name":"Lifenatura","article_publisher":"https:\/\/www.facebook.com\/lifenatura","article_modified_time":"2025-10-26T19:38:16+00:00","og_image":[{"width":1000,"height":1000,"url":"https:\/\/www.lifenatura.com\/wp-content\/uploads\/2025\/09\/biomaris-750ml-sakai.jpg","type":"image\/jpeg"}],"twitter_card":"summary_large_image","twitter_misc":{"Precio":"17,50&nbsp;&euro;","Disponibilidad":"Disponible"},"schema":{"@context":"https:\/\/schema.org","@graph":[{"@type":"WebPage","@id":"https:\/\/www.lifenatura.com\/es\/produto\/biomaris-agua-de-mar-750ml-sakai\/","url":"https:\/\/www.lifenatura.com\/es\/produto\/biomaris-agua-de-mar-750ml-sakai\/","name":"Biomaris Agua de Mar 750ml - Sakai - Na Lifenatura ao Melhor Pre\u00e7o | Envio em 48h","isPartOf":{"@id":"https:\/\/www.lifenatura.com\/es\/#website"},"primaryImageOfPage":{"@id":"https:\/\/www.lifenatura.com\/es\/produto\/biomaris-agua-de-mar-750ml-sakai\/#primaryimage"},"image":{"@id":"https:\/\/www.lifenatura.com\/es\/produto\/biomaris-agua-de-mar-750ml-sakai\/#primaryimage"},"thumbnailUrl":"https:\/\/www.lifenatura.com\/wp-content\/uploads\/2025\/09\/biomaris-750ml-sakai.jpg","datePublished":"2025-09-25T06:17:35+00:00","dateModified":"2025-10-26T19:38:16+00:00","description":"Biomaris Agua de Mar de Sakai un suplemento rico en minerales y oligoelementos que remineraliza, hidrata y equilibra el organismo.","breadcrumb":{"@id":"https:\/\/www.lifenatura.com\/es\/produto\/biomaris-agua-de-mar-750ml-sakai\/#breadcrumb"},"inLanguage":"es","potentialAction":[{"@type":"ReadAction","target":["https:\/\/www.lifenatura.com\/es\/produto\/biomaris-agua-de-mar-750ml-sakai\/"]}]},{"@type":"ImageObject","inLanguage":"es","@id":"https:\/\/www.lifenatura.com\/es\/produto\/biomaris-agua-de-mar-750ml-sakai\/#primaryimage","url":"https:\/\/www.lifenatura.com\/wp-content\/uploads\/2025\/09\/biomaris-750ml-sakai.jpg","contentUrl":"https:\/\/www.lifenatura.com\/wp-content\/uploads\/2025\/09\/biomaris-750ml-sakai.jpg","width":1000,"height":1000,"caption":"biomaris da marca sakai"},{"@type":"BreadcrumbList","@id":"https:\/\/www.lifenatura.com\/es\/produto\/biomaris-agua-de-mar-750ml-sakai\/#breadcrumb","itemListElement":[{"@type":"ListItem","position":1,"name":"In\u00edcio","item":"https:\/\/www.lifenatura.com\/es\/"},{"@type":"ListItem","position":2,"name":"Todos los Productos","item":"https:\/\/www.lifenatura.com\/es\/tienda\/"},{"@type":"ListItem","position":3,"name":"Biomaris Agua de Mar 750ml &#8211; Sakai"}]},{"@type":"WebSite","@id":"https:\/\/www.lifenatura.com\/es\/#website","url":"https:\/\/www.lifenatura.com\/es\/","name":"Lifenatura","description":"A Lifenatura \u00e9 uma loja de produtos naturais, cosm\u00e9tica natural e alimenta\u00e7\u00e3o Biol\u00f3gica.","publisher":{"@id":"https:\/\/www.lifenatura.com\/es\/#organization"},"potentialAction":[{"@type":"SearchAction","target":{"@type":"EntryPoint","urlTemplate":"https:\/\/www.lifenatura.com\/es\/?s={search_term_string}"},"query-input":{"@type":"PropertyValueSpecification","valueRequired":true,"valueName":"search_term_string"}}],"inLanguage":"es"},{"@type":"Organization","@id":"https:\/\/www.lifenatura.com\/es\/#organization","name":"Lifenatura","url":"https:\/\/www.lifenatura.com\/es\/","logo":{"@type":"ImageObject","inLanguage":"es","@id":"https:\/\/www.lifenatura.com\/es\/#\/schema\/logo\/image\/","url":"https:\/\/www.lifenatura.com\/wp-content\/uploads\/2021\/07\/logo.png","contentUrl":"https:\/\/www.lifenatura.com\/wp-content\/uploads\/2021\/07\/logo.png","width":175,"height":55,"caption":"Lifenatura"},"image":{"@id":"https:\/\/www.lifenatura.com\/es\/#\/schema\/logo\/image\/"},"sameAs":["https:\/\/www.facebook.com\/lifenatura","https:\/\/www.instagram.com\/lifenaturapt\/"],"hasMerchantReturnPolicy":{"@type":"MerchantReturnPolicy","merchantReturnLink":"https:\/\/www.lifenatura.com\/termos-condicoes-lifenatura\/"}}]},"product_price_amount":"17.50","product_price_currency":"EUR","og_availability":"instock","product_availability":"instock","product_retailer_item_id":"8423245170017","product_condition":"new"},"df_price":17.5,"df_sale_price":"","df_regular_price":17.5,"df_image_link":"https:\/\/www.lifenatura.com\/wp-content\/uploads\/2025\/09\/biomaris-750ml-sakai-300x300.jpg","_links":{"self":[{"href":"https:\/\/www.lifenatura.com\/es\/wp-json\/wp\/v2\/product\/119478","targetHints":{"allow":["GET"]}}],"collection":[{"href":"https:\/\/www.lifenatura.com\/es\/wp-json\/wp\/v2\/product"}],"about":[{"href":"https:\/\/www.lifenatura.com\/es\/wp-json\/wp\/v2\/types\/product"}],"wp:featuredmedia":[{"embeddable":true,"href":"https:\/\/www.lifenatura.com\/es\/wp-json\/wp\/v2\/media\/117615"}],"wp:attachment":[{"href":"https:\/\/www.lifenatura.com\/es\/wp-json\/wp\/v2\/media?parent=119478"}],"wp:term":[{"taxonomy":"product_brand","embeddable":true,"href":"https:\/\/www.lifenatura.com\/es\/wp-json\/wp\/v2\/product_brand?post=119478"},{"taxonomy":"product_cat","embeddable":true,"href":"https:\/\/www.lifenatura.com\/es\/wp-json\/wp\/v2\/product_cat?post=119478"},{"taxonomy":"product_tag","embeddable":true,"href":"https:\/\/www.lifenatura.com\/es\/wp-json\/wp\/v2\/product_tag?post=119478"}],"curies":[{"name":"wp","href":"https:\/\/api.w.org\/{rel}","templated":true}]}}