{"id":119477,"date":"2025-09-25T06:17:32","date_gmt":"2025-09-25T06:17:32","guid":{"rendered":"https:\/\/www.lifenatura.com\/produto\/artic-q-uc-ii-30capsulas-sakai\/"},"modified":"2025-10-26T19:28:09","modified_gmt":"2025-10-26T19:28:09","slug":"artic-q-uc-ii-30capsulas-sakai","status":"publish","type":"product","link":"https:\/\/www.lifenatura.com\/es\/produto\/artic-q-uc-ii-30capsulas-sakai\/","title":{"rendered":"Artic-Q UC II 30c\u00e1psulas &#8211; Sakai"},"content":{"rendered":"<h2 style=\"text-align: left;\" data-start=\"176\" data-end=\"256\">Artic-Q UC-II &#8211; Sakai<\/h2>\n<p>&nbsp;<\/p>\n<p data-start=\"258\" data-end=\"715\"><strong data-start=\"260\" data-end=\"298\">Artic-Q UC-II 30 C\u00e1psulas de Sakai<\/strong> es un suplemento innovador que combina <strong data-start=\"336\" data-end=\"382\">col\u00e1geno tipo II no desnaturalizado (UC-II\u00ae<\/strong> ) con <strong data-start=\"387\" data-end=\"401\">vitamina C<\/strong>, <strong data-start=\"403\" data-end=\"418\">vitamina D3<\/strong> y <strong data-start=\"421\" data-end=\"433\">manganeso<\/strong>, actuando eficazmente para mantener la flexibilidad, movilidad y comodidad de las articulaciones. Su f\u00f3rmula de alta calidad contribuye a la regeneraci\u00f3n y protecci\u00f3n del cart\u00edlago, por lo que es ideal para quienes buscan cuidar sus articulaciones de forma natural y cient\u00edficamente probada.<\/p>\n<p data-start=\"717\" data-end=\"1104\"><strong data-start=\"719\" data-end=\"739\">El col\u00e1geno UC-II\u00ae<\/strong> es una forma activa de col\u00e1geno de tipo II que act\u00faa directamente sobre el tejido cartilaginoso, ayudando a reducir la inflamaci\u00f3n y las molestias articulares. <strong data-start=\"886\" data-end=\"900\">La vitamina C<\/strong> contribuye a la formaci\u00f3n normal de col\u00e1geno, que es esencial para la funci\u00f3n del cart\u00edlago, mientras que <strong data-start=\"1007\" data-end=\"1019\">el manganeso<\/strong> y la <strong data-start=\"1024\" data-end=\"1039\">vitamina D3<\/strong> contribuyen al mantenimiento de huesos y m\u00fasculos en condiciones normales.<\/p>\n<p data-start=\"1106\" data-end=\"1268\">Con s\u00f3lo <strong data-start=\"1117\" data-end=\"1140\">una c\u00e1psula al d\u00eda<\/strong>, <strong data-start=\"1144\" data-end=\"1167\">Artic-Q UC-II Sakai<\/strong> ofrece una soluci\u00f3n pr\u00e1ctica y eficaz para fomentar el bienestar articular, ideal para un uso continuado.<\/p>\n<p data-start=\"1270\" data-end=\"1319\"><strong>Principales ventajas de la Artic-Q UC-II Sakai:<\/strong><\/p>\n<ul data-start=\"1320\" data-end=\"1646\">\n<li data-start=\"1320\" data-end=\"1386\">\n<p data-start=\"1322\" data-end=\"1386\"><strong data-start=\"1322\" data-end=\"1384\">Contribuye a la regeneraci\u00f3n y mantenimiento del cart\u00edlago.<\/strong><\/p>\n<\/li>\n<li data-start=\"1387\" data-end=\"1442\">\n<p data-start=\"1389\" data-end=\"1442\"><strong data-start=\"1389\" data-end=\"1440\">Mejora la movilidad y flexibilidad de las articulaciones.<\/strong><\/p>\n<\/li>\n<li data-start=\"1443\" data-end=\"1513\">\n<p data-start=\"1445\" data-end=\"1513\"><strong data-start=\"1445\" data-end=\"1511\">Ayuda a reducir la inflamaci\u00f3n y las molestias en las articulaciones.<\/strong><\/p>\n<\/li>\n<li data-start=\"1514\" data-end=\"1578\">\n<p data-start=\"1516\" data-end=\"1578\"><strong data-start=\"1516\" data-end=\"1546\">Fortalece los huesos y los m\u00fasculos<\/strong>, favoreciendo la funci\u00f3n articular.<\/p>\n<\/li>\n<li data-start=\"1579\" data-end=\"1646\">\n<p data-start=\"1581\" data-end=\"1646\">Complementa <strong data-start=\"1592\" data-end=\"1644\">con col\u00e1geno UC-II\u00ae, vitamina C, D3 y manganeso.<\/strong><\/p>\n<\/li>\n<\/ul>\n<p data-start=\"1648\" data-end=\"1678\"><strong>\u00bfA qui\u00e9n va dirigido?<\/strong><\/p>\n<p data-start=\"1679\" data-end=\"1893\"><strong data-start=\"1681\" data-end=\"1704\">Artic-Q UC-II Sakai<\/strong> es adecuado para personas con desgaste articular, rigidez, dolor o p\u00e9rdida de movilidad, as\u00ed como para deportistas, personas mayores o quienes deseen preservar la salud articular a largo plazo.<\/p>\n<p data-start=\"1895\" data-end=\"2033\">Gracias a su f\u00f3rmula avanzada y a su alta biodisponibilidad, es el aliado ideal para mantener <strong data-start=\"1984\" data-end=\"2030\">unas articulaciones fuertes, flexibles y sanas<\/strong>.<\/p>\n<p><strong>Presentaci\u00f3n:<\/strong><\/p>\n<p data-start=\"1895\" data-end=\"2033\">30 c\u00e1psulas.<\/p>\n<p data-start=\"1895\" data-end=\"2033\">\n","protected":false},"excerpt":{"rendered":"<p>Artic-Q UC-II Sakai &#8211; suplemento con col\u00e1geno de tipo II, vitamina C, D3 y manganeso que favorece el cart\u00edlago, la flexibilidad y reduce las molestias articulares. [&#8230;]<\/p>\n<p><a class=\"btn btn-secondary understrap-read-more-link\" href=\"https:\/\/www.lifenatura.com\/es\/produto\/artic-q-uc-ii-30capsulas-sakai\/\">Leer m\u00e1s&#8230;<span class=\"screen-reader-text\"> from Artic-Q UC II 30c\u00e1psulas &#8211; Sakai<\/span><\/a><\/p>\n","protected":false},"featured_media":117609,"template":"","meta":{"_acf_changed":false},"product_brand":[8375],"product_cat":[7205,7689,7659,7883],"product_tag":[],"class_list":{"0":"post-119477","1":"product","2":"type-product","3":"status-publish","4":"has-post-thumbnail","6":"product_brand-sakai","7":"product_cat-articulaciones","8":"product_cat-colagenio-natural","9":"product_cat-ingrediente-natural-bio","10":"product_cat-suplementos-alimenticios","12":"first","13":"instock","14":"shipping-taxable","15":"purchasable","16":"product-type-simple","17":"add-to-wishlist-before_image"},"acf":[],"yoast_head":"<!-- This site is optimized with the Yoast SEO Premium plugin v27.1 (Yoast SEO v27.5) - https:\/\/yoast.com\/product\/yoast-seo-premium-wordpress\/ -->\n<title>Artic-Q UC II 30c\u00e1psulas - Sakai - Na Lifenatura ao Melhor Pre\u00e7o | Envio em 48h<\/title>\n<meta name=\"description\" content=\"Artic-Q Sakai, suplemento con col\u00e1geno de tipo II, vitamina C, D3 y manganeso que favorece el cart\u00edlago, la flexibilidad y reduce las molestias articulares.\" \/>\n<meta name=\"robots\" content=\"index, follow, max-snippet:-1, max-image-preview:large, max-video-preview:-1\" \/>\n<link rel=\"canonical\" href=\"https:\/\/www.lifenatura.com\/es\/produto\/artic-q-uc-ii-30capsulas-sakai\/\" \/>\n<meta property=\"og:locale\" content=\"es_ES\" \/>\n<meta property=\"og:type\" content=\"article\" \/>\n<meta property=\"og:title\" content=\"Artic-Q UC II 30c\u00e1psulas - Sakai - Na Lifenatura ao Melhor Pre\u00e7o | Envio 48h\" \/>\n<meta property=\"og:description\" content=\"Compre Artic-Q UC II 30c\u00e1psulas - Sakai com envio r\u00e1pido. Entrega em 48h e portes gr\u00e1tis em compras &gt;35\u20ac. Aproveite j\u00e1 na Lifenatura\" \/>\n<meta property=\"og:url\" content=\"https:\/\/www.lifenatura.com\/es\/produto\/artic-q-uc-ii-30capsulas-sakai\/\" \/>\n<meta property=\"og:site_name\" content=\"Lifenatura\" \/>\n<meta property=\"article:publisher\" content=\"https:\/\/www.facebook.com\/lifenatura\" \/>\n<meta property=\"article:modified_time\" content=\"2025-10-26T19:28:09+00:00\" \/>\n<meta property=\"og:image\" content=\"https:\/\/www.lifenatura.com\/wp-content\/uploads\/2025\/09\/arti-q-ucii-30-capsulas-sakai.jpg\" \/>\n\t<meta property=\"og:image:width\" content=\"1000\" \/>\n\t<meta property=\"og:image:height\" content=\"1000\" \/>\n\t<meta property=\"og:image:type\" content=\"image\/jpeg\" \/>\n<meta name=\"twitter:card\" content=\"summary_large_image\" \/>\n<meta name=\"twitter:label1\" content=\"Precio\" \/>\n\t<meta name=\"twitter:data1\" content=\"34,39&nbsp;&euro;\" \/>\n\t<meta name=\"twitter:label2\" content=\"Disponibilidad\" \/>\n\t<meta name=\"twitter:data2\" content=\"Disponible\" \/>\n<script type=\"application\/ld+json\" class=\"yoast-schema-graph\">{\"@context\":\"https:\\\/\\\/schema.org\",\"@graph\":[{\"@type\":\"WebPage\",\"@id\":\"https:\\\/\\\/www.lifenatura.com\\\/es\\\/produto\\\/artic-q-uc-ii-30capsulas-sakai\\\/\",\"url\":\"https:\\\/\\\/www.lifenatura.com\\\/es\\\/produto\\\/artic-q-uc-ii-30capsulas-sakai\\\/\",\"name\":\"Artic-Q UC II 30c\u00e1psulas - Sakai - Na Lifenatura ao Melhor Pre\u00e7o | Envio em 48h\",\"isPartOf\":{\"@id\":\"https:\\\/\\\/www.lifenatura.com\\\/es\\\/#website\"},\"primaryImageOfPage\":{\"@id\":\"https:\\\/\\\/www.lifenatura.com\\\/es\\\/produto\\\/artic-q-uc-ii-30capsulas-sakai\\\/#primaryimage\"},\"image\":{\"@id\":\"https:\\\/\\\/www.lifenatura.com\\\/es\\\/produto\\\/artic-q-uc-ii-30capsulas-sakai\\\/#primaryimage\"},\"thumbnailUrl\":\"https:\\\/\\\/www.lifenatura.com\\\/wp-content\\\/uploads\\\/2025\\\/09\\\/arti-q-ucii-30-capsulas-sakai.jpg\",\"datePublished\":\"2025-09-25T06:17:32+00:00\",\"dateModified\":\"2025-10-26T19:28:09+00:00\",\"description\":\"Artic-Q Sakai, suplemento con col\u00e1geno de tipo II, vitamina C, D3 y manganeso que favorece el cart\u00edlago, la flexibilidad y reduce las molestias articulares.\",\"breadcrumb\":{\"@id\":\"https:\\\/\\\/www.lifenatura.com\\\/es\\\/produto\\\/artic-q-uc-ii-30capsulas-sakai\\\/#breadcrumb\"},\"inLanguage\":\"es\",\"potentialAction\":[{\"@type\":\"ReadAction\",\"target\":[\"https:\\\/\\\/www.lifenatura.com\\\/es\\\/produto\\\/artic-q-uc-ii-30capsulas-sakai\\\/\"]}]},{\"@type\":\"ImageObject\",\"inLanguage\":\"es\",\"@id\":\"https:\\\/\\\/www.lifenatura.com\\\/es\\\/produto\\\/artic-q-uc-ii-30capsulas-sakai\\\/#primaryimage\",\"url\":\"https:\\\/\\\/www.lifenatura.com\\\/wp-content\\\/uploads\\\/2025\\\/09\\\/arti-q-ucii-30-capsulas-sakai.jpg\",\"contentUrl\":\"https:\\\/\\\/www.lifenatura.com\\\/wp-content\\\/uploads\\\/2025\\\/09\\\/arti-q-ucii-30-capsulas-sakai.jpg\",\"width\":1000,\"height\":1000,\"caption\":\"arti q da marca sakai\"},{\"@type\":\"BreadcrumbList\",\"@id\":\"https:\\\/\\\/www.lifenatura.com\\\/es\\\/produto\\\/artic-q-uc-ii-30capsulas-sakai\\\/#breadcrumb\",\"itemListElement\":[{\"@type\":\"ListItem\",\"position\":1,\"name\":\"In\u00edcio\",\"item\":\"https:\\\/\\\/www.lifenatura.com\\\/es\\\/\"},{\"@type\":\"ListItem\",\"position\":2,\"name\":\"Todos los Productos\",\"item\":\"https:\\\/\\\/www.lifenatura.com\\\/es\\\/tienda\\\/\"},{\"@type\":\"ListItem\",\"position\":3,\"name\":\"Artic-Q UC II 30c\u00e1psulas &#8211; Sakai\"}]},{\"@type\":\"WebSite\",\"@id\":\"https:\\\/\\\/www.lifenatura.com\\\/es\\\/#website\",\"url\":\"https:\\\/\\\/www.lifenatura.com\\\/es\\\/\",\"name\":\"Lifenatura\",\"description\":\"A Lifenatura \u00e9 uma loja de produtos naturais, cosm\u00e9tica natural e alimenta\u00e7\u00e3o Biol\u00f3gica.\",\"publisher\":{\"@id\":\"https:\\\/\\\/www.lifenatura.com\\\/es\\\/#organization\"},\"potentialAction\":[{\"@type\":\"SearchAction\",\"target\":{\"@type\":\"EntryPoint\",\"urlTemplate\":\"https:\\\/\\\/www.lifenatura.com\\\/es\\\/?s={search_term_string}\"},\"query-input\":{\"@type\":\"PropertyValueSpecification\",\"valueRequired\":true,\"valueName\":\"search_term_string\"}}],\"inLanguage\":\"es\"},{\"@type\":\"Organization\",\"@id\":\"https:\\\/\\\/www.lifenatura.com\\\/es\\\/#organization\",\"name\":\"Lifenatura\",\"url\":\"https:\\\/\\\/www.lifenatura.com\\\/es\\\/\",\"logo\":{\"@type\":\"ImageObject\",\"inLanguage\":\"es\",\"@id\":\"https:\\\/\\\/www.lifenatura.com\\\/es\\\/#\\\/schema\\\/logo\\\/image\\\/\",\"url\":\"https:\\\/\\\/www.lifenatura.com\\\/wp-content\\\/uploads\\\/2021\\\/07\\\/logo.png\",\"contentUrl\":\"https:\\\/\\\/www.lifenatura.com\\\/wp-content\\\/uploads\\\/2021\\\/07\\\/logo.png\",\"width\":175,\"height\":55,\"caption\":\"Lifenatura\"},\"image\":{\"@id\":\"https:\\\/\\\/www.lifenatura.com\\\/es\\\/#\\\/schema\\\/logo\\\/image\\\/\"},\"sameAs\":[\"https:\\\/\\\/www.facebook.com\\\/lifenatura\",\"https:\\\/\\\/www.instagram.com\\\/lifenaturapt\\\/\"],\"hasMerchantReturnPolicy\":{\"@type\":\"MerchantReturnPolicy\",\"merchantReturnLink\":\"https:\\\/\\\/www.lifenatura.com\\\/termos-condicoes-lifenatura\\\/\"}}]}<\/script>\n<meta property=\"product:price:amount\" content=\"34.39\" \/>\n<meta property=\"product:price:currency\" content=\"EUR\" \/>\n<meta property=\"og:availability\" content=\"instock\" \/>\n<meta property=\"product:availability\" content=\"instock\" \/>\n<meta property=\"product:retailer_item_id\" content=\"8423245260794\" \/>\n<meta property=\"product:condition\" content=\"new\" \/>\n<!-- \/ Yoast SEO Premium plugin. -->","yoast_head_json":{"title":"Artic-Q UC II 30c\u00e1psulas - Sakai - Na Lifenatura ao Melhor Pre\u00e7o | Envio em 48h","description":"Artic-Q Sakai, suplemento con col\u00e1geno de tipo II, vitamina C, D3 y manganeso que favorece el cart\u00edlago, la flexibilidad y reduce las molestias articulares.","robots":{"index":"index","follow":"follow","max-snippet":"max-snippet:-1","max-image-preview":"max-image-preview:large","max-video-preview":"max-video-preview:-1"},"canonical":"https:\/\/www.lifenatura.com\/es\/produto\/artic-q-uc-ii-30capsulas-sakai\/","og_locale":"es_ES","og_type":"article","og_title":"Artic-Q UC II 30c\u00e1psulas - Sakai - Na Lifenatura ao Melhor Pre\u00e7o | Envio 48h","og_description":"Compre Artic-Q UC II 30c\u00e1psulas - Sakai com envio r\u00e1pido. Entrega em 48h e portes gr\u00e1tis em compras >35\u20ac. Aproveite j\u00e1 na Lifenatura","og_url":"https:\/\/www.lifenatura.com\/es\/produto\/artic-q-uc-ii-30capsulas-sakai\/","og_site_name":"Lifenatura","article_publisher":"https:\/\/www.facebook.com\/lifenatura","article_modified_time":"2025-10-26T19:28:09+00:00","og_image":[{"width":1000,"height":1000,"url":"https:\/\/www.lifenatura.com\/wp-content\/uploads\/2025\/09\/arti-q-ucii-30-capsulas-sakai.jpg","type":"image\/jpeg"}],"twitter_card":"summary_large_image","twitter_misc":{"Precio":"34,39&nbsp;&euro;","Disponibilidad":"Disponible"},"schema":{"@context":"https:\/\/schema.org","@graph":[{"@type":"WebPage","@id":"https:\/\/www.lifenatura.com\/es\/produto\/artic-q-uc-ii-30capsulas-sakai\/","url":"https:\/\/www.lifenatura.com\/es\/produto\/artic-q-uc-ii-30capsulas-sakai\/","name":"Artic-Q UC II 30c\u00e1psulas - Sakai - Na Lifenatura ao Melhor Pre\u00e7o | Envio em 48h","isPartOf":{"@id":"https:\/\/www.lifenatura.com\/es\/#website"},"primaryImageOfPage":{"@id":"https:\/\/www.lifenatura.com\/es\/produto\/artic-q-uc-ii-30capsulas-sakai\/#primaryimage"},"image":{"@id":"https:\/\/www.lifenatura.com\/es\/produto\/artic-q-uc-ii-30capsulas-sakai\/#primaryimage"},"thumbnailUrl":"https:\/\/www.lifenatura.com\/wp-content\/uploads\/2025\/09\/arti-q-ucii-30-capsulas-sakai.jpg","datePublished":"2025-09-25T06:17:32+00:00","dateModified":"2025-10-26T19:28:09+00:00","description":"Artic-Q Sakai, suplemento con col\u00e1geno de tipo II, vitamina C, D3 y manganeso que favorece el cart\u00edlago, la flexibilidad y reduce las molestias articulares.","breadcrumb":{"@id":"https:\/\/www.lifenatura.com\/es\/produto\/artic-q-uc-ii-30capsulas-sakai\/#breadcrumb"},"inLanguage":"es","potentialAction":[{"@type":"ReadAction","target":["https:\/\/www.lifenatura.com\/es\/produto\/artic-q-uc-ii-30capsulas-sakai\/"]}]},{"@type":"ImageObject","inLanguage":"es","@id":"https:\/\/www.lifenatura.com\/es\/produto\/artic-q-uc-ii-30capsulas-sakai\/#primaryimage","url":"https:\/\/www.lifenatura.com\/wp-content\/uploads\/2025\/09\/arti-q-ucii-30-capsulas-sakai.jpg","contentUrl":"https:\/\/www.lifenatura.com\/wp-content\/uploads\/2025\/09\/arti-q-ucii-30-capsulas-sakai.jpg","width":1000,"height":1000,"caption":"arti q da marca sakai"},{"@type":"BreadcrumbList","@id":"https:\/\/www.lifenatura.com\/es\/produto\/artic-q-uc-ii-30capsulas-sakai\/#breadcrumb","itemListElement":[{"@type":"ListItem","position":1,"name":"In\u00edcio","item":"https:\/\/www.lifenatura.com\/es\/"},{"@type":"ListItem","position":2,"name":"Todos los Productos","item":"https:\/\/www.lifenatura.com\/es\/tienda\/"},{"@type":"ListItem","position":3,"name":"Artic-Q UC II 30c\u00e1psulas &#8211; Sakai"}]},{"@type":"WebSite","@id":"https:\/\/www.lifenatura.com\/es\/#website","url":"https:\/\/www.lifenatura.com\/es\/","name":"Lifenatura","description":"A Lifenatura \u00e9 uma loja de produtos naturais, cosm\u00e9tica natural e alimenta\u00e7\u00e3o Biol\u00f3gica.","publisher":{"@id":"https:\/\/www.lifenatura.com\/es\/#organization"},"potentialAction":[{"@type":"SearchAction","target":{"@type":"EntryPoint","urlTemplate":"https:\/\/www.lifenatura.com\/es\/?s={search_term_string}"},"query-input":{"@type":"PropertyValueSpecification","valueRequired":true,"valueName":"search_term_string"}}],"inLanguage":"es"},{"@type":"Organization","@id":"https:\/\/www.lifenatura.com\/es\/#organization","name":"Lifenatura","url":"https:\/\/www.lifenatura.com\/es\/","logo":{"@type":"ImageObject","inLanguage":"es","@id":"https:\/\/www.lifenatura.com\/es\/#\/schema\/logo\/image\/","url":"https:\/\/www.lifenatura.com\/wp-content\/uploads\/2021\/07\/logo.png","contentUrl":"https:\/\/www.lifenatura.com\/wp-content\/uploads\/2021\/07\/logo.png","width":175,"height":55,"caption":"Lifenatura"},"image":{"@id":"https:\/\/www.lifenatura.com\/es\/#\/schema\/logo\/image\/"},"sameAs":["https:\/\/www.facebook.com\/lifenatura","https:\/\/www.instagram.com\/lifenaturapt\/"],"hasMerchantReturnPolicy":{"@type":"MerchantReturnPolicy","merchantReturnLink":"https:\/\/www.lifenatura.com\/termos-condicoes-lifenatura\/"}}]},"product_price_amount":"34.39","product_price_currency":"EUR","og_availability":"instock","product_availability":"instock","product_retailer_item_id":"8423245260794","product_condition":"new"},"df_price":34.39,"df_sale_price":"","df_regular_price":34.39,"df_image_link":"https:\/\/www.lifenatura.com\/wp-content\/uploads\/2025\/09\/arti-q-ucii-30-capsulas-sakai-300x300.jpg","_links":{"self":[{"href":"https:\/\/www.lifenatura.com\/es\/wp-json\/wp\/v2\/product\/119477","targetHints":{"allow":["GET"]}}],"collection":[{"href":"https:\/\/www.lifenatura.com\/es\/wp-json\/wp\/v2\/product"}],"about":[{"href":"https:\/\/www.lifenatura.com\/es\/wp-json\/wp\/v2\/types\/product"}],"wp:featuredmedia":[{"embeddable":true,"href":"https:\/\/www.lifenatura.com\/es\/wp-json\/wp\/v2\/media\/117609"}],"wp:attachment":[{"href":"https:\/\/www.lifenatura.com\/es\/wp-json\/wp\/v2\/media?parent=119477"}],"wp:term":[{"taxonomy":"product_brand","embeddable":true,"href":"https:\/\/www.lifenatura.com\/es\/wp-json\/wp\/v2\/product_brand?post=119477"},{"taxonomy":"product_cat","embeddable":true,"href":"https:\/\/www.lifenatura.com\/es\/wp-json\/wp\/v2\/product_cat?post=119477"},{"taxonomy":"product_tag","embeddable":true,"href":"https:\/\/www.lifenatura.com\/es\/wp-json\/wp\/v2\/product_tag?post=119477"}],"curies":[{"name":"wp","href":"https:\/\/api.w.org\/{rel}","templated":true}]}}