{"id":119168,"date":"2025-09-12T20:35:28","date_gmt":"2025-09-12T20:35:28","guid":{"rendered":"https:\/\/www.lifenatura.com\/produto\/hoja-de-estevia-pulverizada-100-g-sensacion-de-energia\/"},"modified":"2025-10-15T18:40:16","modified_gmt":"2025-10-15T18:40:16","slug":"hoja-de-estevia-pulverizada-100-g-sensacion-de-energia","status":"publish","type":"product","link":"https:\/\/www.lifenatura.com\/es\/produto\/hoja-de-estevia-pulverizada-100-g-sensacion-de-energia\/","title":{"rendered":"Hoja de estevia pulverizada 100 g &#8211; Sensaci\u00f3n de energ\u00eda"},"content":{"rendered":"<h2 style=\"text-align: left;\" data-start=\"192\" data-end=\"277\">Hoja de Stevia en Spray Bio &#8211; Sensaci\u00f3n de Energ\u00eda<\/h2>\n<p>&nbsp;<\/p>\n<p data-start=\"279\" data-end=\"655\"><strong data-start=\"281\" data-end=\"333\">El Spray de Hojas de Stevia 100 g de Energy Feelings<\/strong> es un edulcorante 100% natural y ecol\u00f3gico obtenido de las hojas secas de la planta <em data-start=\"417\" data-end=\"436\">Stevia rebaudiana<\/em>, molidas hasta obtener una textura fina y f\u00e1cil de usar. Es una alternativa saludable al az\u00facar tradicional, ideal para endulzar bebidas, postres y recetas sin a\u00f1adir calor\u00edas ni alterar los niveles de az\u00facar en sangre. <\/p>\n<p data-start=\"657\" data-end=\"1006\">Gracias a su poder edulcorante natural -hasta 30 veces superior al del az\u00facar com\u00fan-, basta una peque\u00f1a cantidad para endulzar de forma equilibrada y sabrosa. <strong data-start=\"816\" data-end=\"860\">Stevia Leaf Spray Energy Feelings<\/strong> conserva todos los compuestos naturales de la planta, como los gluc\u00f3sidos de esteviol, responsables de su sabor dulce y sus propiedades antioxidantes. <\/p>\n<p data-start=\"1008\" data-end=\"1306\">Sin aditivos, gluten, lactosa ni ingredientes artificiales, este edulcorante natural es adecuado para quienes siguen una dieta sana, vegetariana, vegana o restringida. Se puede utilizar en caf\u00e9s, t\u00e9s, batidos, gachas de avena, pasteles y postres, aportando un agradable sabor natural. <\/p>\n<p data-start=\"1308\" data-end=\"1382\"><strong>Principales beneficios del Spray de Hoja de Stevia Bio Energy Feelings:<\/strong><\/p>\n<ul data-start=\"1383\" data-end=\"1687\">\n<li data-start=\"1383\" data-end=\"1445\">\n<p data-start=\"1385\" data-end=\"1445\"><strong data-start=\"1385\" data-end=\"1415\">Edulcorante natural ecol\u00f3gico<\/strong>, sin calor\u00edas y sin az\u00facar.<\/p>\n<\/li>\n<li data-start=\"1446\" data-end=\"1509\">\n<p data-start=\"1448\" data-end=\"1509\"><strong data-start=\"1448\" data-end=\"1483\">No afecta a los niveles de glucosa en sangre<\/strong>, ideal para diab\u00e9ticos.<\/p>\n<\/li>\n<li data-start=\"1510\" data-end=\"1572\">\n<p data-start=\"1512\" data-end=\"1572\"><strong data-start=\"1512\" data-end=\"1550\">Una alternativa sana y sostenible<\/strong> al az\u00facar refinado.<\/p>\n<\/li>\n<li data-start=\"1573\" data-end=\"1629\">\n<p data-start=\"1575\" data-end=\"1629\">Rico en <strong data-start=\"1583\" data-end=\"1609\">antioxidantes naturales<\/strong> de la planta stevia.<\/p>\n<\/li>\n<li data-start=\"1630\" data-end=\"1687\">\n<p data-start=\"1632\" data-end=\"1687\">Producto <strong data-start=\"1640\" data-end=\"1685\">100% puro, vegano y sin aditivos qu\u00edmicos.<\/strong><\/p>\n<\/li>\n<\/ul>\n<p data-start=\"1689\" data-end=\"1719\"><strong>\u00bfPara qui\u00e9n es adecuado?<\/strong><\/p>\n<p data-start=\"1720\" data-end=\"2022\"><strong data-start=\"1722\" data-end=\"1770\">La Hoja Pulverizada de Stevia Bio Energy Feelings<\/strong> es adecuada para quienes desean reducir su consumo de az\u00facar y endulzar naturalmente sus comidas y bebidas. Ideal para diab\u00e9ticos, personas que siguen dietas de adelgazamiento, vegetarianos y veganos, as\u00ed como para quienes valoran los productos naturales y ecol\u00f3gicos. <\/p>\n<p data-start=\"2024\" data-end=\"2132\">Con su sabor dulce y puro, es una forma sencilla y natural de mantener una <strong data-start=\"2091\" data-end=\"2129\">dieta equilibrada y sana<\/strong>.<\/p>\n<p data-start=\"2024\" data-end=\"2132\"><strong>Presentaci\u00f3n:<\/strong><\/p>\n<p data-start=\"2024\" data-end=\"2132\">100g<\/p>\n<p data-start=\"2024\" data-end=\"2132\">\n","protected":false},"excerpt":{"rendered":"<p>Stevia Hoja Pulverizada Bio Energy Feelings &#8211; edulcorante natural ecol\u00f3gico en polvo, sin calor\u00edas, ideal para diab\u00e9ticos y para una alimentaci\u00f3n sana y natural. [&#8230;]<\/p>\n<p><a class=\"btn btn-secondary understrap-read-more-link\" href=\"https:\/\/www.lifenatura.com\/es\/produto\/hoja-de-estevia-pulverizada-100-g-sensacion-de-energia\/\">Leer m\u00e1s&#8230;<span class=\"screen-reader-text\"> from Hoja de estevia pulverizada 100 g &#8211; Sensaci\u00f3n de energ\u00eda<\/span><\/a><\/p>\n","protected":false},"featured_media":116984,"template":"","meta":{"_acf_changed":false},"product_brand":[8563],"product_cat":[7064,7289,7074],"product_tag":[],"class_list":{"0":"post-119168","1":"product","2":"type-product","3":"status-publish","4":"has-post-thumbnail","6":"product_brand-energy-feelings-es","7":"product_cat-alimentacion-sana","8":"product_cat-azucar-edulcorantes","9":"product_cat-productos-alimenticios","11":"first","12":"instock","13":"shipping-taxable","14":"purchasable","15":"product-type-simple","16":"add-to-wishlist-before_image"},"acf":[],"yoast_head":"<!-- This site is optimized with the Yoast SEO Premium plugin v27.1 (Yoast SEO v27.5) - https:\/\/yoast.com\/product\/yoast-seo-premium-wordpress\/ -->\n<title>Hoja de estevia pulverizada 100 g - Sensaci\u00f3n de energ\u00eda - Na Lifenatura ao Melhor Pre\u00e7o | Envio em 48h<\/title>\n<meta name=\"description\" content=\"Stevia Hoja Pulverizada Bio Energy Feelings - edulcorante natural ecol\u00f3gico en polvo, sin calor\u00edas, ideal para diab\u00e9ticos y para una alimentaci\u00f3n sana y natural.\" \/>\n<meta name=\"robots\" content=\"index, follow, max-snippet:-1, max-image-preview:large, max-video-preview:-1\" \/>\n<link rel=\"canonical\" href=\"https:\/\/www.lifenatura.com\/es\/produto\/hoja-de-estevia-pulverizada-100-g-sensacion-de-energia\/\" \/>\n<meta property=\"og:locale\" content=\"es_ES\" \/>\n<meta property=\"og:type\" content=\"article\" \/>\n<meta property=\"og:title\" content=\"Hoja de estevia pulverizada 100 g - Sensaci\u00f3n de energ\u00eda - Na Lifenatura ao Melhor Pre\u00e7o | Envio 48h\" \/>\n<meta property=\"og:description\" content=\"Compre Hoja de estevia pulverizada 100 g - Sensaci\u00f3n de energ\u00eda com envio r\u00e1pido. Entrega em 48h e portes gr\u00e1tis em compras &gt;35\u20ac. Aproveite j\u00e1 na Lifenatura\" \/>\n<meta property=\"og:url\" content=\"https:\/\/www.lifenatura.com\/es\/produto\/hoja-de-estevia-pulverizada-100-g-sensacion-de-energia\/\" \/>\n<meta property=\"og:site_name\" content=\"Lifenatura\" \/>\n<meta property=\"article:publisher\" content=\"https:\/\/www.facebook.com\/lifenatura\" \/>\n<meta property=\"article:modified_time\" content=\"2025-10-15T18:40:16+00:00\" \/>\n<meta property=\"og:image\" content=\"https:\/\/www.lifenatura.com\/wp-content\/uploads\/2025\/09\/stevia-folha-pulverizada-100g-energy-feelings.jpg\" \/>\n\t<meta property=\"og:image:width\" content=\"1000\" \/>\n\t<meta property=\"og:image:height\" content=\"1000\" \/>\n\t<meta property=\"og:image:type\" content=\"image\/jpeg\" \/>\n<meta name=\"twitter:card\" content=\"summary_large_image\" \/>\n<meta name=\"twitter:label1\" content=\"Precio\" \/>\n\t<meta name=\"twitter:data1\" content=\"7,19&nbsp;&euro;\" \/>\n\t<meta name=\"twitter:label2\" content=\"Disponibilidad\" \/>\n\t<meta name=\"twitter:data2\" content=\"Disponible\" \/>\n<script type=\"application\/ld+json\" class=\"yoast-schema-graph\">{\"@context\":\"https:\\\/\\\/schema.org\",\"@graph\":[{\"@type\":\"WebPage\",\"@id\":\"https:\\\/\\\/www.lifenatura.com\\\/es\\\/produto\\\/hoja-de-estevia-pulverizada-100-g-sensacion-de-energia\\\/\",\"url\":\"https:\\\/\\\/www.lifenatura.com\\\/es\\\/produto\\\/hoja-de-estevia-pulverizada-100-g-sensacion-de-energia\\\/\",\"name\":\"Hoja de estevia pulverizada 100 g - Sensaci\u00f3n de energ\u00eda - Na Lifenatura ao Melhor Pre\u00e7o | Envio em 48h\",\"isPartOf\":{\"@id\":\"https:\\\/\\\/www.lifenatura.com\\\/es\\\/#website\"},\"primaryImageOfPage\":{\"@id\":\"https:\\\/\\\/www.lifenatura.com\\\/es\\\/produto\\\/hoja-de-estevia-pulverizada-100-g-sensacion-de-energia\\\/#primaryimage\"},\"image\":{\"@id\":\"https:\\\/\\\/www.lifenatura.com\\\/es\\\/produto\\\/hoja-de-estevia-pulverizada-100-g-sensacion-de-energia\\\/#primaryimage\"},\"thumbnailUrl\":\"https:\\\/\\\/www.lifenatura.com\\\/wp-content\\\/uploads\\\/2025\\\/09\\\/stevia-folha-pulverizada-100g-energy-feelings.jpg\",\"datePublished\":\"2025-09-12T20:35:28+00:00\",\"dateModified\":\"2025-10-15T18:40:16+00:00\",\"description\":\"Stevia Hoja Pulverizada Bio Energy Feelings - edulcorante natural ecol\u00f3gico en polvo, sin calor\u00edas, ideal para diab\u00e9ticos y para una alimentaci\u00f3n sana y natural.\",\"breadcrumb\":{\"@id\":\"https:\\\/\\\/www.lifenatura.com\\\/es\\\/produto\\\/hoja-de-estevia-pulverizada-100-g-sensacion-de-energia\\\/#breadcrumb\"},\"inLanguage\":\"es\",\"potentialAction\":[{\"@type\":\"ReadAction\",\"target\":[\"https:\\\/\\\/www.lifenatura.com\\\/es\\\/produto\\\/hoja-de-estevia-pulverizada-100-g-sensacion-de-energia\\\/\"]}]},{\"@type\":\"ImageObject\",\"inLanguage\":\"es\",\"@id\":\"https:\\\/\\\/www.lifenatura.com\\\/es\\\/produto\\\/hoja-de-estevia-pulverizada-100-g-sensacion-de-energia\\\/#primaryimage\",\"url\":\"https:\\\/\\\/www.lifenatura.com\\\/wp-content\\\/uploads\\\/2025\\\/09\\\/stevia-folha-pulverizada-100g-energy-feelings.jpg\",\"contentUrl\":\"https:\\\/\\\/www.lifenatura.com\\\/wp-content\\\/uploads\\\/2025\\\/09\\\/stevia-folha-pulverizada-100g-energy-feelings.jpg\",\"width\":1000,\"height\":1000},{\"@type\":\"BreadcrumbList\",\"@id\":\"https:\\\/\\\/www.lifenatura.com\\\/es\\\/produto\\\/hoja-de-estevia-pulverizada-100-g-sensacion-de-energia\\\/#breadcrumb\",\"itemListElement\":[{\"@type\":\"ListItem\",\"position\":1,\"name\":\"In\u00edcio\",\"item\":\"https:\\\/\\\/www.lifenatura.com\\\/es\\\/\"},{\"@type\":\"ListItem\",\"position\":2,\"name\":\"Todos los Productos\",\"item\":\"https:\\\/\\\/www.lifenatura.com\\\/es\\\/tienda\\\/\"},{\"@type\":\"ListItem\",\"position\":3,\"name\":\"Hoja de estevia pulverizada 100 g &#8211; Sensaci\u00f3n de energ\u00eda\"}]},{\"@type\":\"WebSite\",\"@id\":\"https:\\\/\\\/www.lifenatura.com\\\/es\\\/#website\",\"url\":\"https:\\\/\\\/www.lifenatura.com\\\/es\\\/\",\"name\":\"Lifenatura\",\"description\":\"A Lifenatura \u00e9 uma loja de produtos naturais, cosm\u00e9tica natural e alimenta\u00e7\u00e3o Biol\u00f3gica.\",\"publisher\":{\"@id\":\"https:\\\/\\\/www.lifenatura.com\\\/es\\\/#organization\"},\"potentialAction\":[{\"@type\":\"SearchAction\",\"target\":{\"@type\":\"EntryPoint\",\"urlTemplate\":\"https:\\\/\\\/www.lifenatura.com\\\/es\\\/?s={search_term_string}\"},\"query-input\":{\"@type\":\"PropertyValueSpecification\",\"valueRequired\":true,\"valueName\":\"search_term_string\"}}],\"inLanguage\":\"es\"},{\"@type\":\"Organization\",\"@id\":\"https:\\\/\\\/www.lifenatura.com\\\/es\\\/#organization\",\"name\":\"Lifenatura\",\"url\":\"https:\\\/\\\/www.lifenatura.com\\\/es\\\/\",\"logo\":{\"@type\":\"ImageObject\",\"inLanguage\":\"es\",\"@id\":\"https:\\\/\\\/www.lifenatura.com\\\/es\\\/#\\\/schema\\\/logo\\\/image\\\/\",\"url\":\"https:\\\/\\\/www.lifenatura.com\\\/wp-content\\\/uploads\\\/2021\\\/07\\\/logo.png\",\"contentUrl\":\"https:\\\/\\\/www.lifenatura.com\\\/wp-content\\\/uploads\\\/2021\\\/07\\\/logo.png\",\"width\":175,\"height\":55,\"caption\":\"Lifenatura\"},\"image\":{\"@id\":\"https:\\\/\\\/www.lifenatura.com\\\/es\\\/#\\\/schema\\\/logo\\\/image\\\/\"},\"sameAs\":[\"https:\\\/\\\/www.facebook.com\\\/lifenatura\",\"https:\\\/\\\/www.instagram.com\\\/lifenaturapt\\\/\"],\"hasMerchantReturnPolicy\":{\"@type\":\"MerchantReturnPolicy\",\"merchantReturnLink\":\"https:\\\/\\\/www.lifenatura.com\\\/termos-condicoes-lifenatura\\\/\"}}]}<\/script>\n<meta property=\"product:price:amount\" content=\"7.19\" \/>\n<meta property=\"product:price:currency\" content=\"EUR\" \/>\n<meta property=\"og:availability\" content=\"instock\" \/>\n<meta property=\"product:availability\" content=\"instock\" \/>\n<meta property=\"product:retailer_item_id\" content=\"8436565921900\" \/>\n<meta property=\"product:condition\" content=\"new\" \/>\n<!-- \/ Yoast SEO Premium plugin. -->","yoast_head_json":{"title":"Hoja de estevia pulverizada 100 g - Sensaci\u00f3n de energ\u00eda - Na Lifenatura ao Melhor Pre\u00e7o | Envio em 48h","description":"Stevia Hoja Pulverizada Bio Energy Feelings - edulcorante natural ecol\u00f3gico en polvo, sin calor\u00edas, ideal para diab\u00e9ticos y para una alimentaci\u00f3n sana y natural.","robots":{"index":"index","follow":"follow","max-snippet":"max-snippet:-1","max-image-preview":"max-image-preview:large","max-video-preview":"max-video-preview:-1"},"canonical":"https:\/\/www.lifenatura.com\/es\/produto\/hoja-de-estevia-pulverizada-100-g-sensacion-de-energia\/","og_locale":"es_ES","og_type":"article","og_title":"Hoja de estevia pulverizada 100 g - Sensaci\u00f3n de energ\u00eda - Na Lifenatura ao Melhor Pre\u00e7o | Envio 48h","og_description":"Compre Hoja de estevia pulverizada 100 g - Sensaci\u00f3n de energ\u00eda com envio r\u00e1pido. Entrega em 48h e portes gr\u00e1tis em compras >35\u20ac. Aproveite j\u00e1 na Lifenatura","og_url":"https:\/\/www.lifenatura.com\/es\/produto\/hoja-de-estevia-pulverizada-100-g-sensacion-de-energia\/","og_site_name":"Lifenatura","article_publisher":"https:\/\/www.facebook.com\/lifenatura","article_modified_time":"2025-10-15T18:40:16+00:00","og_image":[{"width":1000,"height":1000,"url":"https:\/\/www.lifenatura.com\/wp-content\/uploads\/2025\/09\/stevia-folha-pulverizada-100g-energy-feelings.jpg","type":"image\/jpeg"}],"twitter_card":"summary_large_image","twitter_misc":{"Precio":"7,19&nbsp;&euro;","Disponibilidad":"Disponible"},"schema":{"@context":"https:\/\/schema.org","@graph":[{"@type":"WebPage","@id":"https:\/\/www.lifenatura.com\/es\/produto\/hoja-de-estevia-pulverizada-100-g-sensacion-de-energia\/","url":"https:\/\/www.lifenatura.com\/es\/produto\/hoja-de-estevia-pulverizada-100-g-sensacion-de-energia\/","name":"Hoja de estevia pulverizada 100 g - Sensaci\u00f3n de energ\u00eda - Na Lifenatura ao Melhor Pre\u00e7o | Envio em 48h","isPartOf":{"@id":"https:\/\/www.lifenatura.com\/es\/#website"},"primaryImageOfPage":{"@id":"https:\/\/www.lifenatura.com\/es\/produto\/hoja-de-estevia-pulverizada-100-g-sensacion-de-energia\/#primaryimage"},"image":{"@id":"https:\/\/www.lifenatura.com\/es\/produto\/hoja-de-estevia-pulverizada-100-g-sensacion-de-energia\/#primaryimage"},"thumbnailUrl":"https:\/\/www.lifenatura.com\/wp-content\/uploads\/2025\/09\/stevia-folha-pulverizada-100g-energy-feelings.jpg","datePublished":"2025-09-12T20:35:28+00:00","dateModified":"2025-10-15T18:40:16+00:00","description":"Stevia Hoja Pulverizada Bio Energy Feelings - edulcorante natural ecol\u00f3gico en polvo, sin calor\u00edas, ideal para diab\u00e9ticos y para una alimentaci\u00f3n sana y natural.","breadcrumb":{"@id":"https:\/\/www.lifenatura.com\/es\/produto\/hoja-de-estevia-pulverizada-100-g-sensacion-de-energia\/#breadcrumb"},"inLanguage":"es","potentialAction":[{"@type":"ReadAction","target":["https:\/\/www.lifenatura.com\/es\/produto\/hoja-de-estevia-pulverizada-100-g-sensacion-de-energia\/"]}]},{"@type":"ImageObject","inLanguage":"es","@id":"https:\/\/www.lifenatura.com\/es\/produto\/hoja-de-estevia-pulverizada-100-g-sensacion-de-energia\/#primaryimage","url":"https:\/\/www.lifenatura.com\/wp-content\/uploads\/2025\/09\/stevia-folha-pulverizada-100g-energy-feelings.jpg","contentUrl":"https:\/\/www.lifenatura.com\/wp-content\/uploads\/2025\/09\/stevia-folha-pulverizada-100g-energy-feelings.jpg","width":1000,"height":1000},{"@type":"BreadcrumbList","@id":"https:\/\/www.lifenatura.com\/es\/produto\/hoja-de-estevia-pulverizada-100-g-sensacion-de-energia\/#breadcrumb","itemListElement":[{"@type":"ListItem","position":1,"name":"In\u00edcio","item":"https:\/\/www.lifenatura.com\/es\/"},{"@type":"ListItem","position":2,"name":"Todos los Productos","item":"https:\/\/www.lifenatura.com\/es\/tienda\/"},{"@type":"ListItem","position":3,"name":"Hoja de estevia pulverizada 100 g &#8211; Sensaci\u00f3n de energ\u00eda"}]},{"@type":"WebSite","@id":"https:\/\/www.lifenatura.com\/es\/#website","url":"https:\/\/www.lifenatura.com\/es\/","name":"Lifenatura","description":"A Lifenatura \u00e9 uma loja de produtos naturais, cosm\u00e9tica natural e alimenta\u00e7\u00e3o Biol\u00f3gica.","publisher":{"@id":"https:\/\/www.lifenatura.com\/es\/#organization"},"potentialAction":[{"@type":"SearchAction","target":{"@type":"EntryPoint","urlTemplate":"https:\/\/www.lifenatura.com\/es\/?s={search_term_string}"},"query-input":{"@type":"PropertyValueSpecification","valueRequired":true,"valueName":"search_term_string"}}],"inLanguage":"es"},{"@type":"Organization","@id":"https:\/\/www.lifenatura.com\/es\/#organization","name":"Lifenatura","url":"https:\/\/www.lifenatura.com\/es\/","logo":{"@type":"ImageObject","inLanguage":"es","@id":"https:\/\/www.lifenatura.com\/es\/#\/schema\/logo\/image\/","url":"https:\/\/www.lifenatura.com\/wp-content\/uploads\/2021\/07\/logo.png","contentUrl":"https:\/\/www.lifenatura.com\/wp-content\/uploads\/2021\/07\/logo.png","width":175,"height":55,"caption":"Lifenatura"},"image":{"@id":"https:\/\/www.lifenatura.com\/es\/#\/schema\/logo\/image\/"},"sameAs":["https:\/\/www.facebook.com\/lifenatura","https:\/\/www.instagram.com\/lifenaturapt\/"],"hasMerchantReturnPolicy":{"@type":"MerchantReturnPolicy","merchantReturnLink":"https:\/\/www.lifenatura.com\/termos-condicoes-lifenatura\/"}}]},"product_price_amount":"7.19","product_price_currency":"EUR","og_availability":"instock","product_availability":"instock","product_retailer_item_id":"8436565921900","product_condition":"new"},"df_price":7.19,"df_sale_price":"","df_regular_price":7.19,"df_image_link":"https:\/\/www.lifenatura.com\/wp-content\/uploads\/2025\/09\/stevia-folha-pulverizada-100g-energy-feelings-300x300.jpg","_links":{"self":[{"href":"https:\/\/www.lifenatura.com\/es\/wp-json\/wp\/v2\/product\/119168","targetHints":{"allow":["GET"]}}],"collection":[{"href":"https:\/\/www.lifenatura.com\/es\/wp-json\/wp\/v2\/product"}],"about":[{"href":"https:\/\/www.lifenatura.com\/es\/wp-json\/wp\/v2\/types\/product"}],"wp:featuredmedia":[{"embeddable":true,"href":"https:\/\/www.lifenatura.com\/es\/wp-json\/wp\/v2\/media\/116984"}],"wp:attachment":[{"href":"https:\/\/www.lifenatura.com\/es\/wp-json\/wp\/v2\/media?parent=119168"}],"wp:term":[{"taxonomy":"product_brand","embeddable":true,"href":"https:\/\/www.lifenatura.com\/es\/wp-json\/wp\/v2\/product_brand?post=119168"},{"taxonomy":"product_cat","embeddable":true,"href":"https:\/\/www.lifenatura.com\/es\/wp-json\/wp\/v2\/product_cat?post=119168"},{"taxonomy":"product_tag","embeddable":true,"href":"https:\/\/www.lifenatura.com\/es\/wp-json\/wp\/v2\/product_tag?post=119168"}],"curies":[{"name":"wp","href":"https:\/\/api.w.org\/{rel}","templated":true}]}}