{"id":119163,"date":"2025-09-12T20:36:56","date_gmt":"2025-09-12T20:36:56","guid":{"rendered":"https:\/\/www.lifenatura.com\/produto\/psyllium-bio-polvo-500-g-sensacion-de-energia\/"},"modified":"2025-10-20T18:50:41","modified_gmt":"2025-10-20T18:50:41","slug":"psyllium-bio-polvo-500-g-sensacion-de-energia","status":"publish","type":"product","link":"https:\/\/www.lifenatura.com\/es\/produto\/psyllium-bio-polvo-500-g-sensacion-de-energia\/","title":{"rendered":"Psyllium Bio polvo 500 g &#8211; Energy Feelings"},"content":{"rendered":"<h2 style=\"text-align: left;\" data-start=\"144\" data-end=\"228\">Psyllium Bio Polvo fuente natural de fibra de Energy Feelings<\/h2>\n<p>&nbsp;<\/p>\n<p data-start=\"230\" data-end=\"684\"><strong data-start=\"232\" data-end=\"275\">Psyllium Bio Powder 500 g de Energy Feelings<\/strong> es una fuente natural y org\u00e1nica de fibra soluble obtenida de la c\u00e1scara de la semilla de <em data-start=\"355\" data-end=\"371\">Plantago ovata<\/em>, conocida por sus propiedades beneficiosas para favorecer el tr\u00e1nsito intestinal y el bienestar digestivo. Este suplemento vegetal es una forma excelente de aumentar tu ingesta diaria de fibra de forma natural, ayudando a equilibrar el funcionamiento del sistema digestivo y a mantener una flora intestinal sana.<\/p>\n<p data-start=\"686\" data-end=\"1098\">Mezclado con agua, el psilio forma un gel blando que ayuda a aumentar el volumen de las heces, facilitando su eliminaci\u00f3n y favoreciendo una digesti\u00f3n m\u00e1s c\u00f3moda. Adem\u00e1s de sus efectos beneficiosos sobre el tr\u00e1nsito intestinal, el psilio ayuda a controlar los niveles de colesterol y az\u00facar en sangre y favorece la sensaci\u00f3n de saciedad, por lo que es ideal para quienes buscan una ayuda natural para controlar el peso.<\/p>\n<p data-start=\"1100\" data-end=\"1311\">La versi\u00f3n <strong data-start=\"1109\" data-end=\"1147\">en polvo ecol\u00f3gica<\/strong> de <strong data-start=\"1109\" data-end=\"1147\">Energy Feelings<\/strong> es pura, sin aditivos, gluten ni conservantes, lo que garantiza un producto de m\u00e1xima calidad, ideal para incorporar a batidos, gachas, yogures o bebidas vegetales.<\/p>\n<p data-start=\"1313\" data-end=\"1374\"><strong>Principales beneficios del Biopolvo de Psilio Sensaci\u00f3n de Energ\u00eda:<\/strong><\/p>\n<ul data-start=\"1375\" data-end=\"1729\">\n<li data-start=\"1375\" data-end=\"1445\">\n<p data-start=\"1377\" data-end=\"1445\">Favorece <strong data-start=\"1388\" data-end=\"1415\">la regularidad intestinal<\/strong> y una digesti\u00f3n equilibrada.<\/p>\n<\/li>\n<li data-start=\"1446\" data-end=\"1511\">\n<p data-start=\"1448\" data-end=\"1511\">Ayuda a <strong data-start=\"1456\" data-end=\"1482\">controlar el colesterol<\/strong> y la glucemia de forma natural.<\/p>\n<\/li>\n<li data-start=\"1512\" data-end=\"1579\">\n<p data-start=\"1514\" data-end=\"1579\">Favorece <strong data-start=\"1524\" data-end=\"1537\">la saciedad<\/strong> y es \u00fatil en las dietas de adelgazamiento.<\/p>\n<\/li>\n<li data-start=\"1580\" data-end=\"1660\">\n<p data-start=\"1582\" data-end=\"1660\">Favorece la <strong data-start=\"1592\" data-end=\"1617\">eliminaci\u00f3n de toxinas<\/strong> y el equilibrio de la microbiota intestinal.<\/p>\n<\/li>\n<li data-start=\"1661\" data-end=\"1729\">\n<p data-start=\"1663\" data-end=\"1729\">Producto <strong data-start=\"1671\" data-end=\"1689\">100% ecol\u00f3gico<\/strong>, sin gluten ni aditivos artificiales.<\/p>\n<\/li>\n<\/ul>\n<p data-start=\"1731\" data-end=\"1761\"><strong>\u00bfA qui\u00e9n va dirigido?<\/strong><\/p>\n<p data-start=\"1762\" data-end=\"2029\"><strong data-start=\"1764\" data-end=\"1799\">El Biopolvo de Psilio Sentimientos Energ\u00e9ticos<\/strong> es adecuado para las personas que desean mejorar el tr\u00e1nsito intestinal, equilibrar la digesti\u00f3n o apoyar las dietas de control de peso. Tambi\u00e9n es ideal para quienes buscan un suplemento natural que favorezca la salud digestiva y metab\u00f3lica.<\/p>\n<p data-start=\"2031\" data-end=\"2168\">F\u00e1cil de usar y con resultados suaves y eficaces, es un aliado perfecto para quienes valoran una <strong data-start=\"2131\" data-end=\"2165\">dieta sana y natural<\/strong>.<\/p>\n<p data-start=\"2031\" data-end=\"2168\"><strong>Presentaci\u00f3n:<\/strong><\/p>\n<p data-start=\"2031\" data-end=\"2168\">500g<\/p>\n<p data-start=\"2031\" data-end=\"2168\">\n","protected":false},"excerpt":{"rendered":"<div class=\"woocommerce-product-details__short-description\">\n<p>Psyllium Bio Powder Energy Feelings &#8211; fibra soluble org\u00e1nica que mejora el tr\u00e1nsito intestinal, favorece la digesti\u00f3n y controla el colesterol.<\/p>\n<\/div>\n<p> [&#8230;]<\/p>\n<p><a class=\"btn btn-secondary understrap-read-more-link\" href=\"https:\/\/www.lifenatura.com\/es\/produto\/psyllium-bio-polvo-500-g-sensacion-de-energia\/\">Leer m\u00e1s&#8230;<span class=\"screen-reader-text\"> from Psyllium Bio polvo 500 g &#8211; Energy Feelings<\/span><\/a><\/p>\n","protected":false},"featured_media":116958,"template":"","meta":{"_acf_changed":false},"product_brand":[8563],"product_cat":[7257,7256,7659,8568,7179,7883],"product_tag":[],"class_list":{"0":"post-119163","1":"product","2":"type-product","3":"status-publish","4":"has-post-thumbnail","6":"product_brand-energy-feelings-es","7":"product_cat-estrenimiento","8":"product_cat-flora-intestinal-salud","9":"product_cat-ingrediente-natural-bio","10":"product_cat-psyllium-es","11":"product_cat-salud","12":"product_cat-suplementos-alimenticios","14":"first","15":"instock","16":"shipping-taxable","17":"purchasable","18":"product-type-simple","19":"add-to-wishlist-before_image"},"acf":[],"yoast_head":"<!-- This site is optimized with the Yoast SEO Premium plugin v27.1 (Yoast SEO v27.5) - https:\/\/yoast.com\/product\/yoast-seo-premium-wordpress\/ -->\n<title>Psyllium Bio polvo 500 g - Energy Feelings - Na Lifenatura ao Melhor Pre\u00e7o | Envio em 48h<\/title>\n<meta name=\"description\" content=\"Psyllium Bio Powder Energy Feelings - fibra soluble org\u00e1nica que mejora el tr\u00e1nsito intestinal, favorece la digesti\u00f3n y controla el colesterol.\" \/>\n<meta name=\"robots\" content=\"index, follow, max-snippet:-1, max-image-preview:large, max-video-preview:-1\" \/>\n<link rel=\"canonical\" href=\"https:\/\/www.lifenatura.com\/es\/produto\/psyllium-bio-polvo-500-g-sensacion-de-energia\/\" \/>\n<meta property=\"og:locale\" content=\"es_ES\" \/>\n<meta property=\"og:type\" content=\"article\" \/>\n<meta property=\"og:title\" content=\"Psyllium Bio polvo 500 g - Energy Feelings - Na Lifenatura ao Melhor Pre\u00e7o | Envio 48h\" \/>\n<meta property=\"og:description\" content=\"Compre Psyllium Bio polvo 500 g - Energy Feelings com envio r\u00e1pido. Entrega em 48h e portes gr\u00e1tis em compras &gt;35\u20ac. Aproveite j\u00e1 na Lifenatura\" \/>\n<meta property=\"og:url\" content=\"https:\/\/www.lifenatura.com\/es\/produto\/psyllium-bio-polvo-500-g-sensacion-de-energia\/\" \/>\n<meta property=\"og:site_name\" content=\"Lifenatura\" \/>\n<meta property=\"article:publisher\" content=\"https:\/\/www.facebook.com\/lifenatura\" \/>\n<meta property=\"article:modified_time\" content=\"2025-10-20T18:50:41+00:00\" \/>\n<meta property=\"og:image\" content=\"https:\/\/www.lifenatura.com\/wp-content\/uploads\/2025\/09\/psyllium-po-1Kg-energy-feelings.jpg\" \/>\n\t<meta property=\"og:image:width\" content=\"1000\" \/>\n\t<meta property=\"og:image:height\" content=\"1000\" \/>\n\t<meta property=\"og:image:type\" content=\"image\/jpeg\" \/>\n<meta name=\"twitter:card\" content=\"summary_large_image\" \/>\n<meta name=\"twitter:label1\" content=\"Precio\" \/>\n\t<meta name=\"twitter:data1\" content=\"28,46&nbsp;&euro;\" \/>\n\t<meta name=\"twitter:label2\" content=\"Disponibilidad\" \/>\n\t<meta name=\"twitter:data2\" content=\"Disponible\" \/>\n<script type=\"application\/ld+json\" class=\"yoast-schema-graph\">{\"@context\":\"https:\\\/\\\/schema.org\",\"@graph\":[{\"@type\":\"WebPage\",\"@id\":\"https:\\\/\\\/www.lifenatura.com\\\/es\\\/produto\\\/psyllium-bio-polvo-500-g-sensacion-de-energia\\\/\",\"url\":\"https:\\\/\\\/www.lifenatura.com\\\/es\\\/produto\\\/psyllium-bio-polvo-500-g-sensacion-de-energia\\\/\",\"name\":\"Psyllium Bio polvo 500 g - Energy Feelings - Na Lifenatura ao Melhor Pre\u00e7o | Envio em 48h\",\"isPartOf\":{\"@id\":\"https:\\\/\\\/www.lifenatura.com\\\/es\\\/#website\"},\"primaryImageOfPage\":{\"@id\":\"https:\\\/\\\/www.lifenatura.com\\\/es\\\/produto\\\/psyllium-bio-polvo-500-g-sensacion-de-energia\\\/#primaryimage\"},\"image\":{\"@id\":\"https:\\\/\\\/www.lifenatura.com\\\/es\\\/produto\\\/psyllium-bio-polvo-500-g-sensacion-de-energia\\\/#primaryimage\"},\"thumbnailUrl\":\"https:\\\/\\\/www.lifenatura.com\\\/wp-content\\\/uploads\\\/2025\\\/09\\\/psyllium-po-1Kg-energy-feelings.jpg\",\"datePublished\":\"2025-09-12T20:36:56+00:00\",\"dateModified\":\"2025-10-20T18:50:41+00:00\",\"description\":\"Psyllium Bio Powder Energy Feelings - fibra soluble org\u00e1nica que mejora el tr\u00e1nsito intestinal, favorece la digesti\u00f3n y controla el colesterol.\",\"breadcrumb\":{\"@id\":\"https:\\\/\\\/www.lifenatura.com\\\/es\\\/produto\\\/psyllium-bio-polvo-500-g-sensacion-de-energia\\\/#breadcrumb\"},\"inLanguage\":\"es\",\"potentialAction\":[{\"@type\":\"ReadAction\",\"target\":[\"https:\\\/\\\/www.lifenatura.com\\\/es\\\/produto\\\/psyllium-bio-polvo-500-g-sensacion-de-energia\\\/\"]}]},{\"@type\":\"ImageObject\",\"inLanguage\":\"es\",\"@id\":\"https:\\\/\\\/www.lifenatura.com\\\/es\\\/produto\\\/psyllium-bio-polvo-500-g-sensacion-de-energia\\\/#primaryimage\",\"url\":\"https:\\\/\\\/www.lifenatura.com\\\/wp-content\\\/uploads\\\/2025\\\/09\\\/psyllium-po-1Kg-energy-feelings.jpg\",\"contentUrl\":\"https:\\\/\\\/www.lifenatura.com\\\/wp-content\\\/uploads\\\/2025\\\/09\\\/psyllium-po-1Kg-energy-feelings.jpg\",\"width\":1000,\"height\":1000},{\"@type\":\"BreadcrumbList\",\"@id\":\"https:\\\/\\\/www.lifenatura.com\\\/es\\\/produto\\\/psyllium-bio-polvo-500-g-sensacion-de-energia\\\/#breadcrumb\",\"itemListElement\":[{\"@type\":\"ListItem\",\"position\":1,\"name\":\"In\u00edcio\",\"item\":\"https:\\\/\\\/www.lifenatura.com\\\/es\\\/\"},{\"@type\":\"ListItem\",\"position\":2,\"name\":\"Todos los Productos\",\"item\":\"https:\\\/\\\/www.lifenatura.com\\\/es\\\/tienda\\\/\"},{\"@type\":\"ListItem\",\"position\":3,\"name\":\"Psyllium Bio polvo 500 g &#8211; Energy Feelings\"}]},{\"@type\":\"WebSite\",\"@id\":\"https:\\\/\\\/www.lifenatura.com\\\/es\\\/#website\",\"url\":\"https:\\\/\\\/www.lifenatura.com\\\/es\\\/\",\"name\":\"Lifenatura\",\"description\":\"A Lifenatura \u00e9 uma loja de produtos naturais, cosm\u00e9tica natural e alimenta\u00e7\u00e3o Biol\u00f3gica.\",\"publisher\":{\"@id\":\"https:\\\/\\\/www.lifenatura.com\\\/es\\\/#organization\"},\"potentialAction\":[{\"@type\":\"SearchAction\",\"target\":{\"@type\":\"EntryPoint\",\"urlTemplate\":\"https:\\\/\\\/www.lifenatura.com\\\/es\\\/?s={search_term_string}\"},\"query-input\":{\"@type\":\"PropertyValueSpecification\",\"valueRequired\":true,\"valueName\":\"search_term_string\"}}],\"inLanguage\":\"es\"},{\"@type\":\"Organization\",\"@id\":\"https:\\\/\\\/www.lifenatura.com\\\/es\\\/#organization\",\"name\":\"Lifenatura\",\"url\":\"https:\\\/\\\/www.lifenatura.com\\\/es\\\/\",\"logo\":{\"@type\":\"ImageObject\",\"inLanguage\":\"es\",\"@id\":\"https:\\\/\\\/www.lifenatura.com\\\/es\\\/#\\\/schema\\\/logo\\\/image\\\/\",\"url\":\"https:\\\/\\\/www.lifenatura.com\\\/wp-content\\\/uploads\\\/2021\\\/07\\\/logo.png\",\"contentUrl\":\"https:\\\/\\\/www.lifenatura.com\\\/wp-content\\\/uploads\\\/2021\\\/07\\\/logo.png\",\"width\":175,\"height\":55,\"caption\":\"Lifenatura\"},\"image\":{\"@id\":\"https:\\\/\\\/www.lifenatura.com\\\/es\\\/#\\\/schema\\\/logo\\\/image\\\/\"},\"sameAs\":[\"https:\\\/\\\/www.facebook.com\\\/lifenatura\",\"https:\\\/\\\/www.instagram.com\\\/lifenaturapt\\\/\"],\"hasMerchantReturnPolicy\":{\"@type\":\"MerchantReturnPolicy\",\"merchantReturnLink\":\"https:\\\/\\\/www.lifenatura.com\\\/termos-condicoes-lifenatura\\\/\"}}]}<\/script>\n<meta property=\"product:price:amount\" content=\"28.46\" \/>\n<meta property=\"product:price:currency\" content=\"EUR\" \/>\n<meta property=\"og:availability\" content=\"instock\" \/>\n<meta property=\"product:availability\" content=\"instock\" \/>\n<meta property=\"product:retailer_item_id\" content=\"8436565923775\" \/>\n<meta property=\"product:condition\" content=\"new\" \/>\n<!-- \/ Yoast SEO Premium plugin. -->","yoast_head_json":{"title":"Psyllium Bio polvo 500 g - Energy Feelings - Na Lifenatura ao Melhor Pre\u00e7o | Envio em 48h","description":"Psyllium Bio Powder Energy Feelings - fibra soluble org\u00e1nica que mejora el tr\u00e1nsito intestinal, favorece la digesti\u00f3n y controla el colesterol.","robots":{"index":"index","follow":"follow","max-snippet":"max-snippet:-1","max-image-preview":"max-image-preview:large","max-video-preview":"max-video-preview:-1"},"canonical":"https:\/\/www.lifenatura.com\/es\/produto\/psyllium-bio-polvo-500-g-sensacion-de-energia\/","og_locale":"es_ES","og_type":"article","og_title":"Psyllium Bio polvo 500 g - Energy Feelings - Na Lifenatura ao Melhor Pre\u00e7o | Envio 48h","og_description":"Compre Psyllium Bio polvo 500 g - Energy Feelings com envio r\u00e1pido. Entrega em 48h e portes gr\u00e1tis em compras >35\u20ac. Aproveite j\u00e1 na Lifenatura","og_url":"https:\/\/www.lifenatura.com\/es\/produto\/psyllium-bio-polvo-500-g-sensacion-de-energia\/","og_site_name":"Lifenatura","article_publisher":"https:\/\/www.facebook.com\/lifenatura","article_modified_time":"2025-10-20T18:50:41+00:00","og_image":[{"width":1000,"height":1000,"url":"https:\/\/www.lifenatura.com\/wp-content\/uploads\/2025\/09\/psyllium-po-1Kg-energy-feelings.jpg","type":"image\/jpeg"}],"twitter_card":"summary_large_image","twitter_misc":{"Precio":"28,46&nbsp;&euro;","Disponibilidad":"Disponible"},"schema":{"@context":"https:\/\/schema.org","@graph":[{"@type":"WebPage","@id":"https:\/\/www.lifenatura.com\/es\/produto\/psyllium-bio-polvo-500-g-sensacion-de-energia\/","url":"https:\/\/www.lifenatura.com\/es\/produto\/psyllium-bio-polvo-500-g-sensacion-de-energia\/","name":"Psyllium Bio polvo 500 g - Energy Feelings - Na Lifenatura ao Melhor Pre\u00e7o | Envio em 48h","isPartOf":{"@id":"https:\/\/www.lifenatura.com\/es\/#website"},"primaryImageOfPage":{"@id":"https:\/\/www.lifenatura.com\/es\/produto\/psyllium-bio-polvo-500-g-sensacion-de-energia\/#primaryimage"},"image":{"@id":"https:\/\/www.lifenatura.com\/es\/produto\/psyllium-bio-polvo-500-g-sensacion-de-energia\/#primaryimage"},"thumbnailUrl":"https:\/\/www.lifenatura.com\/wp-content\/uploads\/2025\/09\/psyllium-po-1Kg-energy-feelings.jpg","datePublished":"2025-09-12T20:36:56+00:00","dateModified":"2025-10-20T18:50:41+00:00","description":"Psyllium Bio Powder Energy Feelings - fibra soluble org\u00e1nica que mejora el tr\u00e1nsito intestinal, favorece la digesti\u00f3n y controla el colesterol.","breadcrumb":{"@id":"https:\/\/www.lifenatura.com\/es\/produto\/psyllium-bio-polvo-500-g-sensacion-de-energia\/#breadcrumb"},"inLanguage":"es","potentialAction":[{"@type":"ReadAction","target":["https:\/\/www.lifenatura.com\/es\/produto\/psyllium-bio-polvo-500-g-sensacion-de-energia\/"]}]},{"@type":"ImageObject","inLanguage":"es","@id":"https:\/\/www.lifenatura.com\/es\/produto\/psyllium-bio-polvo-500-g-sensacion-de-energia\/#primaryimage","url":"https:\/\/www.lifenatura.com\/wp-content\/uploads\/2025\/09\/psyllium-po-1Kg-energy-feelings.jpg","contentUrl":"https:\/\/www.lifenatura.com\/wp-content\/uploads\/2025\/09\/psyllium-po-1Kg-energy-feelings.jpg","width":1000,"height":1000},{"@type":"BreadcrumbList","@id":"https:\/\/www.lifenatura.com\/es\/produto\/psyllium-bio-polvo-500-g-sensacion-de-energia\/#breadcrumb","itemListElement":[{"@type":"ListItem","position":1,"name":"In\u00edcio","item":"https:\/\/www.lifenatura.com\/es\/"},{"@type":"ListItem","position":2,"name":"Todos los Productos","item":"https:\/\/www.lifenatura.com\/es\/tienda\/"},{"@type":"ListItem","position":3,"name":"Psyllium Bio polvo 500 g &#8211; Energy Feelings"}]},{"@type":"WebSite","@id":"https:\/\/www.lifenatura.com\/es\/#website","url":"https:\/\/www.lifenatura.com\/es\/","name":"Lifenatura","description":"A Lifenatura \u00e9 uma loja de produtos naturais, cosm\u00e9tica natural e alimenta\u00e7\u00e3o Biol\u00f3gica.","publisher":{"@id":"https:\/\/www.lifenatura.com\/es\/#organization"},"potentialAction":[{"@type":"SearchAction","target":{"@type":"EntryPoint","urlTemplate":"https:\/\/www.lifenatura.com\/es\/?s={search_term_string}"},"query-input":{"@type":"PropertyValueSpecification","valueRequired":true,"valueName":"search_term_string"}}],"inLanguage":"es"},{"@type":"Organization","@id":"https:\/\/www.lifenatura.com\/es\/#organization","name":"Lifenatura","url":"https:\/\/www.lifenatura.com\/es\/","logo":{"@type":"ImageObject","inLanguage":"es","@id":"https:\/\/www.lifenatura.com\/es\/#\/schema\/logo\/image\/","url":"https:\/\/www.lifenatura.com\/wp-content\/uploads\/2021\/07\/logo.png","contentUrl":"https:\/\/www.lifenatura.com\/wp-content\/uploads\/2021\/07\/logo.png","width":175,"height":55,"caption":"Lifenatura"},"image":{"@id":"https:\/\/www.lifenatura.com\/es\/#\/schema\/logo\/image\/"},"sameAs":["https:\/\/www.facebook.com\/lifenatura","https:\/\/www.instagram.com\/lifenaturapt\/"],"hasMerchantReturnPolicy":{"@type":"MerchantReturnPolicy","merchantReturnLink":"https:\/\/www.lifenatura.com\/termos-condicoes-lifenatura\/"}}]},"product_price_amount":"28.46","product_price_currency":"EUR","og_availability":"instock","product_availability":"instock","product_retailer_item_id":"8436565923775","product_condition":"new"},"df_price":28.46,"df_sale_price":"","df_regular_price":28.46,"df_image_link":"https:\/\/www.lifenatura.com\/wp-content\/uploads\/2025\/09\/psyllium-po-1Kg-energy-feelings-300x300.jpg","_links":{"self":[{"href":"https:\/\/www.lifenatura.com\/es\/wp-json\/wp\/v2\/product\/119163","targetHints":{"allow":["GET"]}}],"collection":[{"href":"https:\/\/www.lifenatura.com\/es\/wp-json\/wp\/v2\/product"}],"about":[{"href":"https:\/\/www.lifenatura.com\/es\/wp-json\/wp\/v2\/types\/product"}],"wp:featuredmedia":[{"embeddable":true,"href":"https:\/\/www.lifenatura.com\/es\/wp-json\/wp\/v2\/media\/116958"}],"wp:attachment":[{"href":"https:\/\/www.lifenatura.com\/es\/wp-json\/wp\/v2\/media?parent=119163"}],"wp:term":[{"taxonomy":"product_brand","embeddable":true,"href":"https:\/\/www.lifenatura.com\/es\/wp-json\/wp\/v2\/product_brand?post=119163"},{"taxonomy":"product_cat","embeddable":true,"href":"https:\/\/www.lifenatura.com\/es\/wp-json\/wp\/v2\/product_cat?post=119163"},{"taxonomy":"product_tag","embeddable":true,"href":"https:\/\/www.lifenatura.com\/es\/wp-json\/wp\/v2\/product_tag?post=119163"}],"curies":[{"name":"wp","href":"https:\/\/api.w.org\/{rel}","templated":true}]}}