{"id":119156,"date":"2025-09-12T20:35:03","date_gmt":"2025-09-12T20:35:03","guid":{"rendered":"https:\/\/www.lifenatura.com\/produto\/semillas-de-canamo-ecologico-1kg-energy-feelings\/"},"modified":"2025-10-15T18:39:44","modified_gmt":"2025-10-15T18:39:44","slug":"semillas-de-canamo-ecologico-1kg-energy-feelings","status":"publish","type":"product","link":"https:\/\/www.lifenatura.com\/es\/produto\/semillas-de-canamo-ecologico-1kg-energy-feelings\/","title":{"rendered":"Semillas de C\u00e1\u00f1amo Ecol\u00f3gico 1kg &#8211; Energy Feelings"},"content":{"rendered":"<h2 style=\"text-align: left;\" data-start=\"178\" data-end=\"267\">Semillas de C\u00e1\u00f1amo Ecol\u00f3gico &#8211; Sensaci\u00f3n de Energ\u00eda<\/h2>\n<p>&nbsp;<\/p>\n<p data-start=\"269\" data-end=\"621\"><strong data-start=\"272\" data-end=\"322\">Las Semillas de C\u00e1\u00f1amo Ecol\u00f3gico Energy Feelings 1kg<\/strong> son un superalimento 100% natural y ecol\u00f3gico, reconocido por su excelente perfil nutricional. Ricas en prote\u00ednas vegetales, \u00e1cidos grasos esenciales omega-3 y omega-6, vitaminas y minerales, las semillas de c\u00e1\u00f1amo son una poderosa fuente de energ\u00eda y nutrici\u00f3n equilibrada para el cuerpo y la mente. <\/p>\n<p data-start=\"623\" data-end=\"955\">De sabor suave y agradable, pueden comerse crudas, a\u00f1adirse a ensaladas, batidos, yogures, gachas o recetas saludables. Al estar peladas y ser f\u00e1ciles de digerir, ofrecen todos los beneficios nutricionales sin causar molestias intestinales, por lo que son ideales para quienes buscan un aporte natural y completo a su dieta diaria. <\/p>\n<p data-start=\"957\" data-end=\"1138\"><strong data-start=\"960\" data-end=\"1003\">Las semillas de c\u00e1\u00f1amo Bio Energy Feelings<\/strong> se cultivan de forma sostenible, sin pesticidas ni aditivos artificiales, garantizando pureza, calidad y respeto por el medio ambiente.<\/p>\n<p data-start=\"1140\" data-end=\"1210\"><strong>Principales beneficios de las Semillas de C\u00e1\u00f1amo Bio Energy Feelings:<\/strong><\/p>\n<ul data-start=\"1211\" data-end=\"1547\">\n<li data-start=\"1211\" data-end=\"1285\">\n<p data-start=\"1213\" data-end=\"1285\">Rica fuente de <strong data-start=\"1227\" data-end=\"1256\">prote\u00edna vegetal completa<\/strong> de alta digestibilidad.<\/p>\n<\/li>\n<li data-start=\"1286\" data-end=\"1366\">\n<p data-start=\"1288\" data-end=\"1366\">Contienen <strong data-start=\"1295\" data-end=\"1316\">omega-3 y omega-6<\/strong> en proporciones ideales para la salud cardiovascular.<\/p>\n<\/li>\n<li data-start=\"1367\" data-end=\"1429\">\n<p data-start=\"1369\" data-end=\"1429\">Ayudan a <strong data-start=\"1378\" data-end=\"1411\">reforzar el sistema inmunitario<\/strong> y la vitalidad.<\/p>\n<\/li>\n<li data-start=\"1430\" data-end=\"1486\">\n<p data-start=\"1432\" data-end=\"1486\">Contribuyen a <strong data-start=\"1450\" data-end=\"1483\">la salud de la piel, el cabello y las u\u00f1as<\/strong>.<\/p>\n<\/li>\n<li data-start=\"1487\" data-end=\"1547\">\n<p data-start=\"1489\" data-end=\"1547\">Producto <strong data-start=\"1497\" data-end=\"1530\">ecol\u00f3gico, vegano y sin gluten<\/strong>, 100% natural.<\/p>\n<\/li>\n<\/ul>\n<p data-start=\"1549\" data-end=\"1581\"><strong>\u00bfPara qui\u00e9n son adecuados?<\/strong><\/p>\n<p data-start=\"1582\" data-end=\"1860\"><strong data-start=\"1585\" data-end=\"1628\">Las Semillas de C\u00e1\u00f1amo Bio Energy Feelings<\/strong> son ideales para quienes buscan una dieta equilibrada rica en nutrientes naturales. Ideales para deportistas, vegetarianos, veganos o cualquiera que busque aumentar su ingesta de prote\u00ednas vegetales y grasas saludables. <\/p>\n<p data-start=\"1862\" data-end=\"2001\">Vers\u00e1tiles y nutritivas, son una opci\u00f3n excelente para fomentar <strong data-start=\"1924\" data-end=\"1966\">la energ\u00eda, la vitalidad y el bienestar diario<\/strong> de forma natural y sostenible.<\/p>\n<p data-start=\"1862\" data-end=\"2001\"><strong>Presentaci\u00f3n:<\/strong><\/p>\n<p data-start=\"1862\" data-end=\"2001\">1kg<\/p>\n<p data-start=\"1862\" data-end=\"2001\">\n","protected":false},"excerpt":{"rendered":"<p>Semillas de C\u00e1\u00f1amo Bio Energy Feelings &#8211; un superalimento ecol\u00f3gico rico en prote\u00ednas vegetales, omega-3 y omega-6, ideal para la energ\u00eda y la vitalidad. [&#8230;]<\/p>\n<p><a class=\"btn btn-secondary understrap-read-more-link\" href=\"https:\/\/www.lifenatura.com\/es\/produto\/semillas-de-canamo-ecologico-1kg-energy-feelings\/\">Leer m\u00e1s&#8230;<span class=\"screen-reader-text\"> from Semillas de C\u00e1\u00f1amo Ecol\u00f3gico 1kg &#8211; Energy Feelings<\/span><\/a><\/p>\n","protected":false},"featured_media":116970,"template":"","meta":{"_acf_changed":false},"product_brand":[8563],"product_cat":[7064,7153,7659,7100],"product_tag":[],"class_list":{"0":"post-119156","1":"product","2":"type-product","3":"status-publish","4":"has-post-thumbnail","6":"product_brand-energy-feelings-es","7":"product_cat-alimentacion-sana","8":"product_cat-canamo","9":"product_cat-ingrediente-natural-bio","10":"product_cat-superalimentos-bio","12":"first","13":"instock","14":"shipping-taxable","15":"purchasable","16":"product-type-simple","17":"add-to-wishlist-before_image"},"acf":[],"yoast_head":"<!-- This site is optimized with the Yoast SEO Premium plugin v27.1 (Yoast SEO v27.5) - https:\/\/yoast.com\/product\/yoast-seo-premium-wordpress\/ -->\n<title>Semillas de C\u00e1\u00f1amo Ecol\u00f3gico 1kg - Energy Feelings - Na Lifenatura ao Melhor Pre\u00e7o | Envio em 48h<\/title>\n<meta name=\"description\" content=\"Semillas de C\u00e1\u00f1amo Bio Energy Feelings - un superalimento ecol\u00f3gico rico en prote\u00ednas vegetales, omega-3 y omega-6, ideal para la energ\u00eda y la vitalidad.\" \/>\n<meta name=\"robots\" content=\"index, follow, max-snippet:-1, max-image-preview:large, max-video-preview:-1\" \/>\n<link rel=\"canonical\" href=\"https:\/\/www.lifenatura.com\/es\/produto\/semillas-de-canamo-ecologico-1kg-energy-feelings\/\" \/>\n<meta property=\"og:locale\" content=\"es_ES\" \/>\n<meta property=\"og:type\" content=\"article\" \/>\n<meta property=\"og:title\" content=\"Semillas de C\u00e1\u00f1amo Ecol\u00f3gico 1kg - Energy Feelings - Na Lifenatura ao Melhor Pre\u00e7o | Envio 48h\" \/>\n<meta property=\"og:description\" content=\"Compre Semillas de C\u00e1\u00f1amo Ecol\u00f3gico 1kg - Energy Feelings com envio r\u00e1pido. Entrega em 48h e portes gr\u00e1tis em compras &gt;35\u20ac. Aproveite j\u00e1 na Lifenatura\" \/>\n<meta property=\"og:url\" content=\"https:\/\/www.lifenatura.com\/es\/produto\/semillas-de-canamo-ecologico-1kg-energy-feelings\/\" \/>\n<meta property=\"og:site_name\" content=\"Lifenatura\" \/>\n<meta property=\"article:publisher\" content=\"https:\/\/www.facebook.com\/lifenatura\" \/>\n<meta property=\"article:modified_time\" content=\"2025-10-15T18:39:44+00:00\" \/>\n<meta property=\"og:image\" content=\"https:\/\/www.lifenatura.com\/wp-content\/uploads\/2025\/09\/sementes-canhamo-bio-1kg-energy-feelings.jpg\" \/>\n\t<meta property=\"og:image:width\" content=\"1000\" \/>\n\t<meta property=\"og:image:height\" content=\"1000\" \/>\n\t<meta property=\"og:image:type\" content=\"image\/jpeg\" \/>\n<meta name=\"twitter:card\" content=\"summary_large_image\" \/>\n<meta name=\"twitter:label1\" content=\"Precio\" \/>\n\t<meta name=\"twitter:data1\" content=\"17,94&nbsp;&euro;\" \/>\n\t<meta name=\"twitter:label2\" content=\"Disponibilidad\" \/>\n\t<meta name=\"twitter:data2\" content=\"Disponible\" \/>\n<script type=\"application\/ld+json\" class=\"yoast-schema-graph\">{\"@context\":\"https:\\\/\\\/schema.org\",\"@graph\":[{\"@type\":\"WebPage\",\"@id\":\"https:\\\/\\\/www.lifenatura.com\\\/es\\\/produto\\\/semillas-de-canamo-ecologico-1kg-energy-feelings\\\/\",\"url\":\"https:\\\/\\\/www.lifenatura.com\\\/es\\\/produto\\\/semillas-de-canamo-ecologico-1kg-energy-feelings\\\/\",\"name\":\"Semillas de C\u00e1\u00f1amo Ecol\u00f3gico 1kg - Energy Feelings - Na Lifenatura ao Melhor Pre\u00e7o | Envio em 48h\",\"isPartOf\":{\"@id\":\"https:\\\/\\\/www.lifenatura.com\\\/es\\\/#website\"},\"primaryImageOfPage\":{\"@id\":\"https:\\\/\\\/www.lifenatura.com\\\/es\\\/produto\\\/semillas-de-canamo-ecologico-1kg-energy-feelings\\\/#primaryimage\"},\"image\":{\"@id\":\"https:\\\/\\\/www.lifenatura.com\\\/es\\\/produto\\\/semillas-de-canamo-ecologico-1kg-energy-feelings\\\/#primaryimage\"},\"thumbnailUrl\":\"https:\\\/\\\/www.lifenatura.com\\\/wp-content\\\/uploads\\\/2025\\\/09\\\/sementes-canhamo-bio-1kg-energy-feelings.jpg\",\"datePublished\":\"2025-09-12T20:35:03+00:00\",\"dateModified\":\"2025-10-15T18:39:44+00:00\",\"description\":\"Semillas de C\u00e1\u00f1amo Bio Energy Feelings - un superalimento ecol\u00f3gico rico en prote\u00ednas vegetales, omega-3 y omega-6, ideal para la energ\u00eda y la vitalidad.\",\"breadcrumb\":{\"@id\":\"https:\\\/\\\/www.lifenatura.com\\\/es\\\/produto\\\/semillas-de-canamo-ecologico-1kg-energy-feelings\\\/#breadcrumb\"},\"inLanguage\":\"es\",\"potentialAction\":[{\"@type\":\"ReadAction\",\"target\":[\"https:\\\/\\\/www.lifenatura.com\\\/es\\\/produto\\\/semillas-de-canamo-ecologico-1kg-energy-feelings\\\/\"]}]},{\"@type\":\"ImageObject\",\"inLanguage\":\"es\",\"@id\":\"https:\\\/\\\/www.lifenatura.com\\\/es\\\/produto\\\/semillas-de-canamo-ecologico-1kg-energy-feelings\\\/#primaryimage\",\"url\":\"https:\\\/\\\/www.lifenatura.com\\\/wp-content\\\/uploads\\\/2025\\\/09\\\/sementes-canhamo-bio-1kg-energy-feelings.jpg\",\"contentUrl\":\"https:\\\/\\\/www.lifenatura.com\\\/wp-content\\\/uploads\\\/2025\\\/09\\\/sementes-canhamo-bio-1kg-energy-feelings.jpg\",\"width\":1000,\"height\":1000},{\"@type\":\"BreadcrumbList\",\"@id\":\"https:\\\/\\\/www.lifenatura.com\\\/es\\\/produto\\\/semillas-de-canamo-ecologico-1kg-energy-feelings\\\/#breadcrumb\",\"itemListElement\":[{\"@type\":\"ListItem\",\"position\":1,\"name\":\"In\u00edcio\",\"item\":\"https:\\\/\\\/www.lifenatura.com\\\/es\\\/\"},{\"@type\":\"ListItem\",\"position\":2,\"name\":\"Todos los Productos\",\"item\":\"https:\\\/\\\/www.lifenatura.com\\\/es\\\/tienda\\\/\"},{\"@type\":\"ListItem\",\"position\":3,\"name\":\"Semillas de C\u00e1\u00f1amo Ecol\u00f3gico 1kg &#8211; Energy Feelings\"}]},{\"@type\":\"WebSite\",\"@id\":\"https:\\\/\\\/www.lifenatura.com\\\/es\\\/#website\",\"url\":\"https:\\\/\\\/www.lifenatura.com\\\/es\\\/\",\"name\":\"Lifenatura\",\"description\":\"A Lifenatura \u00e9 uma loja de produtos naturais, cosm\u00e9tica natural e alimenta\u00e7\u00e3o Biol\u00f3gica.\",\"publisher\":{\"@id\":\"https:\\\/\\\/www.lifenatura.com\\\/es\\\/#organization\"},\"potentialAction\":[{\"@type\":\"SearchAction\",\"target\":{\"@type\":\"EntryPoint\",\"urlTemplate\":\"https:\\\/\\\/www.lifenatura.com\\\/es\\\/?s={search_term_string}\"},\"query-input\":{\"@type\":\"PropertyValueSpecification\",\"valueRequired\":true,\"valueName\":\"search_term_string\"}}],\"inLanguage\":\"es\"},{\"@type\":\"Organization\",\"@id\":\"https:\\\/\\\/www.lifenatura.com\\\/es\\\/#organization\",\"name\":\"Lifenatura\",\"url\":\"https:\\\/\\\/www.lifenatura.com\\\/es\\\/\",\"logo\":{\"@type\":\"ImageObject\",\"inLanguage\":\"es\",\"@id\":\"https:\\\/\\\/www.lifenatura.com\\\/es\\\/#\\\/schema\\\/logo\\\/image\\\/\",\"url\":\"https:\\\/\\\/www.lifenatura.com\\\/wp-content\\\/uploads\\\/2021\\\/07\\\/logo.png\",\"contentUrl\":\"https:\\\/\\\/www.lifenatura.com\\\/wp-content\\\/uploads\\\/2021\\\/07\\\/logo.png\",\"width\":175,\"height\":55,\"caption\":\"Lifenatura\"},\"image\":{\"@id\":\"https:\\\/\\\/www.lifenatura.com\\\/es\\\/#\\\/schema\\\/logo\\\/image\\\/\"},\"sameAs\":[\"https:\\\/\\\/www.facebook.com\\\/lifenatura\",\"https:\\\/\\\/www.instagram.com\\\/lifenaturapt\\\/\"],\"hasMerchantReturnPolicy\":{\"@type\":\"MerchantReturnPolicy\",\"merchantReturnLink\":\"https:\\\/\\\/www.lifenatura.com\\\/termos-condicoes-lifenatura\\\/\"}}]}<\/script>\n<meta property=\"product:price:amount\" content=\"17.94\" \/>\n<meta property=\"product:price:currency\" content=\"EUR\" \/>\n<meta property=\"og:availability\" content=\"instock\" \/>\n<meta property=\"product:availability\" content=\"instock\" \/>\n<meta property=\"product:retailer_item_id\" content=\"8437014754476\" \/>\n<meta property=\"product:condition\" content=\"new\" \/>\n<!-- \/ Yoast SEO Premium plugin. -->","yoast_head_json":{"title":"Semillas de C\u00e1\u00f1amo Ecol\u00f3gico 1kg - Energy Feelings - Na Lifenatura ao Melhor Pre\u00e7o | Envio em 48h","description":"Semillas de C\u00e1\u00f1amo Bio Energy Feelings - un superalimento ecol\u00f3gico rico en prote\u00ednas vegetales, omega-3 y omega-6, ideal para la energ\u00eda y la vitalidad.","robots":{"index":"index","follow":"follow","max-snippet":"max-snippet:-1","max-image-preview":"max-image-preview:large","max-video-preview":"max-video-preview:-1"},"canonical":"https:\/\/www.lifenatura.com\/es\/produto\/semillas-de-canamo-ecologico-1kg-energy-feelings\/","og_locale":"es_ES","og_type":"article","og_title":"Semillas de C\u00e1\u00f1amo Ecol\u00f3gico 1kg - Energy Feelings - Na Lifenatura ao Melhor Pre\u00e7o | Envio 48h","og_description":"Compre Semillas de C\u00e1\u00f1amo Ecol\u00f3gico 1kg - Energy Feelings com envio r\u00e1pido. Entrega em 48h e portes gr\u00e1tis em compras >35\u20ac. Aproveite j\u00e1 na Lifenatura","og_url":"https:\/\/www.lifenatura.com\/es\/produto\/semillas-de-canamo-ecologico-1kg-energy-feelings\/","og_site_name":"Lifenatura","article_publisher":"https:\/\/www.facebook.com\/lifenatura","article_modified_time":"2025-10-15T18:39:44+00:00","og_image":[{"width":1000,"height":1000,"url":"https:\/\/www.lifenatura.com\/wp-content\/uploads\/2025\/09\/sementes-canhamo-bio-1kg-energy-feelings.jpg","type":"image\/jpeg"}],"twitter_card":"summary_large_image","twitter_misc":{"Precio":"17,94&nbsp;&euro;","Disponibilidad":"Disponible"},"schema":{"@context":"https:\/\/schema.org","@graph":[{"@type":"WebPage","@id":"https:\/\/www.lifenatura.com\/es\/produto\/semillas-de-canamo-ecologico-1kg-energy-feelings\/","url":"https:\/\/www.lifenatura.com\/es\/produto\/semillas-de-canamo-ecologico-1kg-energy-feelings\/","name":"Semillas de C\u00e1\u00f1amo Ecol\u00f3gico 1kg - Energy Feelings - Na Lifenatura ao Melhor Pre\u00e7o | Envio em 48h","isPartOf":{"@id":"https:\/\/www.lifenatura.com\/es\/#website"},"primaryImageOfPage":{"@id":"https:\/\/www.lifenatura.com\/es\/produto\/semillas-de-canamo-ecologico-1kg-energy-feelings\/#primaryimage"},"image":{"@id":"https:\/\/www.lifenatura.com\/es\/produto\/semillas-de-canamo-ecologico-1kg-energy-feelings\/#primaryimage"},"thumbnailUrl":"https:\/\/www.lifenatura.com\/wp-content\/uploads\/2025\/09\/sementes-canhamo-bio-1kg-energy-feelings.jpg","datePublished":"2025-09-12T20:35:03+00:00","dateModified":"2025-10-15T18:39:44+00:00","description":"Semillas de C\u00e1\u00f1amo Bio Energy Feelings - un superalimento ecol\u00f3gico rico en prote\u00ednas vegetales, omega-3 y omega-6, ideal para la energ\u00eda y la vitalidad.","breadcrumb":{"@id":"https:\/\/www.lifenatura.com\/es\/produto\/semillas-de-canamo-ecologico-1kg-energy-feelings\/#breadcrumb"},"inLanguage":"es","potentialAction":[{"@type":"ReadAction","target":["https:\/\/www.lifenatura.com\/es\/produto\/semillas-de-canamo-ecologico-1kg-energy-feelings\/"]}]},{"@type":"ImageObject","inLanguage":"es","@id":"https:\/\/www.lifenatura.com\/es\/produto\/semillas-de-canamo-ecologico-1kg-energy-feelings\/#primaryimage","url":"https:\/\/www.lifenatura.com\/wp-content\/uploads\/2025\/09\/sementes-canhamo-bio-1kg-energy-feelings.jpg","contentUrl":"https:\/\/www.lifenatura.com\/wp-content\/uploads\/2025\/09\/sementes-canhamo-bio-1kg-energy-feelings.jpg","width":1000,"height":1000},{"@type":"BreadcrumbList","@id":"https:\/\/www.lifenatura.com\/es\/produto\/semillas-de-canamo-ecologico-1kg-energy-feelings\/#breadcrumb","itemListElement":[{"@type":"ListItem","position":1,"name":"In\u00edcio","item":"https:\/\/www.lifenatura.com\/es\/"},{"@type":"ListItem","position":2,"name":"Todos los Productos","item":"https:\/\/www.lifenatura.com\/es\/tienda\/"},{"@type":"ListItem","position":3,"name":"Semillas de C\u00e1\u00f1amo Ecol\u00f3gico 1kg &#8211; Energy Feelings"}]},{"@type":"WebSite","@id":"https:\/\/www.lifenatura.com\/es\/#website","url":"https:\/\/www.lifenatura.com\/es\/","name":"Lifenatura","description":"A Lifenatura \u00e9 uma loja de produtos naturais, cosm\u00e9tica natural e alimenta\u00e7\u00e3o Biol\u00f3gica.","publisher":{"@id":"https:\/\/www.lifenatura.com\/es\/#organization"},"potentialAction":[{"@type":"SearchAction","target":{"@type":"EntryPoint","urlTemplate":"https:\/\/www.lifenatura.com\/es\/?s={search_term_string}"},"query-input":{"@type":"PropertyValueSpecification","valueRequired":true,"valueName":"search_term_string"}}],"inLanguage":"es"},{"@type":"Organization","@id":"https:\/\/www.lifenatura.com\/es\/#organization","name":"Lifenatura","url":"https:\/\/www.lifenatura.com\/es\/","logo":{"@type":"ImageObject","inLanguage":"es","@id":"https:\/\/www.lifenatura.com\/es\/#\/schema\/logo\/image\/","url":"https:\/\/www.lifenatura.com\/wp-content\/uploads\/2021\/07\/logo.png","contentUrl":"https:\/\/www.lifenatura.com\/wp-content\/uploads\/2021\/07\/logo.png","width":175,"height":55,"caption":"Lifenatura"},"image":{"@id":"https:\/\/www.lifenatura.com\/es\/#\/schema\/logo\/image\/"},"sameAs":["https:\/\/www.facebook.com\/lifenatura","https:\/\/www.instagram.com\/lifenaturapt\/"],"hasMerchantReturnPolicy":{"@type":"MerchantReturnPolicy","merchantReturnLink":"https:\/\/www.lifenatura.com\/termos-condicoes-lifenatura\/"}}]},"product_price_amount":"17.94","product_price_currency":"EUR","og_availability":"instock","product_availability":"instock","product_retailer_item_id":"8437014754476","product_condition":"new"},"df_price":17.94,"df_sale_price":"","df_regular_price":17.94,"df_image_link":"https:\/\/www.lifenatura.com\/wp-content\/uploads\/2025\/09\/sementes-canhamo-bio-1kg-energy-feelings-300x300.jpg","_links":{"self":[{"href":"https:\/\/www.lifenatura.com\/es\/wp-json\/wp\/v2\/product\/119156","targetHints":{"allow":["GET"]}}],"collection":[{"href":"https:\/\/www.lifenatura.com\/es\/wp-json\/wp\/v2\/product"}],"about":[{"href":"https:\/\/www.lifenatura.com\/es\/wp-json\/wp\/v2\/types\/product"}],"wp:featuredmedia":[{"embeddable":true,"href":"https:\/\/www.lifenatura.com\/es\/wp-json\/wp\/v2\/media\/116970"}],"wp:attachment":[{"href":"https:\/\/www.lifenatura.com\/es\/wp-json\/wp\/v2\/media?parent=119156"}],"wp:term":[{"taxonomy":"product_brand","embeddable":true,"href":"https:\/\/www.lifenatura.com\/es\/wp-json\/wp\/v2\/product_brand?post=119156"},{"taxonomy":"product_cat","embeddable":true,"href":"https:\/\/www.lifenatura.com\/es\/wp-json\/wp\/v2\/product_cat?post=119156"},{"taxonomy":"product_tag","embeddable":true,"href":"https:\/\/www.lifenatura.com\/es\/wp-json\/wp\/v2\/product_tag?post=119156"}],"curies":[{"name":"wp","href":"https:\/\/api.w.org\/{rel}","templated":true}]}}