{"id":118458,"date":"2025-09-12T20:36:40","date_gmt":"2025-09-12T20:36:40","guid":{"rendered":"https:\/\/www.lifenatura.com\/produto\/proteina-de-canamo-vainilla-bio-1kg-energy-feelings\/"},"modified":"2025-10-12T18:55:39","modified_gmt":"2025-10-12T18:55:39","slug":"proteina-de-canamo-vainilla-bio-1kg-energy-feelings","status":"publish","type":"product","link":"https:\/\/www.lifenatura.com\/es\/produto\/proteina-de-canamo-vainilla-bio-1kg-energy-feelings\/","title":{"rendered":"Prote\u00edna de C\u00e1\u00f1amo Vainilla Bio 1kg &#8211; Energy Feelings"},"content":{"rendered":"<h2 style=\"text-align: left;\" data-start=\"182\" data-end=\"241\">Prote\u00edna de C\u00e1\u00f1amo Vainilla Bio 1kg &#8211; Energy Feelings<\/h2>\n<p>&nbsp;<\/p>\n<p data-start=\"296\" data-end=\"764\"><strong data-start=\"298\" data-end=\"353\">La Prote\u00edna Org\u00e1nica de C\u00e1\u00f1amo y Vainilla de Energy Feelings<\/strong> es una alternativa 100% natural, sostenible y nutritiva para aumentar tu ingesta de prote\u00ednas de forma equilibrada y sabrosa. Producida a partir de semillas de c\u00e1\u00f1amo de cultivo ecol\u00f3gico, es una fuente vegetal completa que proporciona todos los amino\u00e1cidos esenciales, por lo que es ideal para deportistas, vegetarianos, veganos o cualquiera que busque mejorar su bienestar a trav\u00e9s de la alimentaci\u00f3n.<\/p>\n<p data-start=\"766\" data-end=\"1096\">F\u00e1cilmente digerible y con un delicioso sabor a vainilla, esta prote\u00edna es una opci\u00f3n vers\u00e1til que puede a\u00f1adirse a batidos, gachas, batidos, yogures, tortitas u otras recetas saludables. Su composici\u00f3n natural no contiene gluten, lactosa, soja ni aditivos artificiales, lo que garantiza una experiencia alimentaria pura y saludable.<\/p>\n<p data-start=\"1098\" data-end=\"1357\">Rica en <strong data-start=\"1106\" data-end=\"1144\">prote\u00ednas vegetales de alta calidad<\/strong>, fibra y \u00e1cidos grasos esenciales omega-3 y omega-6, la prote\u00edna de c\u00e1\u00f1amo contribuye no s\u00f3lo al <strong data-start=\"1245\" data-end=\"1286\">mantenimiento y desarrollo muscular<\/strong>, sino tambi\u00e9n al equilibrio de los sistemas cardiovascular y digestivo.<\/p>\n<p data-start=\"1359\" data-end=\"1387\"><strong>Principales ventajas:<\/strong><\/p>\n<ul data-start=\"1388\" data-end=\"1748\">\n<li data-start=\"1388\" data-end=\"1455\">\n<p data-start=\"1390\" data-end=\"1455\">Fuente proteica completa con todos los amino\u00e1cidos esenciales;<\/p>\n<\/li>\n<li data-start=\"1456\" data-end=\"1516\">\n<p data-start=\"1458\" data-end=\"1516\">Ayuda a <strong data-start=\"1467\" data-end=\"1513\">recuperar y mantener la masa muscular;<\/strong><\/p>\n<\/li>\n<li data-start=\"1517\" data-end=\"1578\">\n<p data-start=\"1519\" data-end=\"1578\">Favorece el <strong data-start=\"1527\" data-end=\"1549\">sistema inmunitario<\/strong> y promueve la energ\u00eda natural;<\/p>\n<\/li>\n<li data-start=\"1579\" data-end=\"1636\">\n<p data-start=\"1581\" data-end=\"1636\">Contribuye al equilibrio del <strong data-start=\"1612\" data-end=\"1633\">aparato digestivo<\/strong>;<\/p>\n<\/li>\n<li data-start=\"1637\" data-end=\"1695\">\n<p data-start=\"1639\" data-end=\"1695\">Rico en omega-3 y omega-6 para la salud cardiovascular;<\/p>\n<\/li>\n<li data-start=\"1696\" data-end=\"1748\">\n<p data-start=\"1698\" data-end=\"1748\">Sabor a vainilla para una bebida m\u00e1s agradable.<\/p>\n<\/li>\n<\/ul>\n<p data-start=\"1750\" data-end=\"1767\"><strong>Indicaciones:<\/strong><\/p>\n<p data-start=\"1768\" data-end=\"1844\"><strong data-start=\"1770\" data-end=\"1825\">La Prote\u00edna de C\u00e1\u00f1amo Vainilla Bio de Energy Feelings<\/strong> es adecuada para:<\/p>\n<ul data-start=\"1845\" data-end=\"2057\">\n<li data-start=\"1845\" data-end=\"1891\">\n<p data-start=\"1847\" data-end=\"1891\">Deportistas y practicantes de ejercicio f\u00edsico;<\/p>\n<\/li>\n<li data-start=\"1892\" data-end=\"1950\">\n<p data-start=\"1894\" data-end=\"1950\">Vegetarianos y veganos que buscan prote\u00ednas completas;<\/p>\n<\/li>\n<li data-start=\"1951\" data-end=\"2001\">\n<p data-start=\"1953\" data-end=\"2001\">Personas con intolerancia al gluten o a la lactosa;<\/p>\n<\/li>\n<li data-start=\"2002\" data-end=\"2057\">\n<p data-start=\"2004\" data-end=\"2057\">Los que quieren energ\u00eda natural y nutrici\u00f3n equilibrada.<\/p>\n<\/li>\n<\/ul>\n<p><strong>Presentaci\u00f3n:<\/strong><\/p>\n<p>1kg<\/p>\n<p>&nbsp;<\/p>\n","protected":false},"excerpt":{"rendered":"<p>Prote\u00edna de C\u00e1\u00f1amo Vainilla Bio 1Kg Energy Feelings &#8211; Fuente vegetal completa con amino\u00e1cidos esenciales, fibra y omega-3. Ideal para veganos y para el bienestar. [&#8230;]<\/p>\n<p><a class=\"btn btn-secondary understrap-read-more-link\" href=\"https:\/\/www.lifenatura.com\/es\/produto\/proteina-de-canamo-vainilla-bio-1kg-energy-feelings\/\">Leer m\u00e1s&#8230;<span class=\"screen-reader-text\"> from Prote\u00edna de C\u00e1\u00f1amo Vainilla Bio 1kg &#8211; Energy Feelings<\/span><\/a><\/p>\n","protected":false},"featured_media":116936,"template":"","meta":{"_acf_changed":false},"product_brand":[8563],"product_cat":[7064,7074,7096],"product_tag":[],"class_list":{"0":"post-118458","1":"product","2":"type-product","3":"status-publish","4":"has-post-thumbnail","6":"product_brand-energy-feelings-es","7":"product_cat-alimentacion-sana","8":"product_cat-productos-alimenticios","9":"product_cat-proteina-vegetal-bio","11":"first","12":"instock","13":"shipping-taxable","14":"purchasable","15":"product-type-simple","16":"add-to-wishlist-before_image"},"acf":[],"yoast_head":"<!-- This site is optimized with the Yoast SEO Premium plugin v27.1 (Yoast SEO v27.5) - https:\/\/yoast.com\/product\/yoast-seo-premium-wordpress\/ -->\n<title>Prote\u00edna de C\u00e1\u00f1amo Vainilla Bio 1kg - Energy Feelings - Na Lifenatura ao Melhor Pre\u00e7o | Envio em 48h<\/title>\n<meta name=\"description\" content=\"Prote\u00edna de C\u00e1\u00f1amo Vainilla Bio 1Kg fuente vegetal completa con amino\u00e1cidos esenciales, fibra y omega-3. Ideal para veganos y para el bienestar.\" \/>\n<meta name=\"robots\" content=\"index, follow, max-snippet:-1, max-image-preview:large, max-video-preview:-1\" \/>\n<link rel=\"canonical\" href=\"https:\/\/www.lifenatura.com\/es\/produto\/proteina-de-canamo-vainilla-bio-1kg-energy-feelings\/\" \/>\n<meta property=\"og:locale\" content=\"es_ES\" \/>\n<meta property=\"og:type\" content=\"article\" \/>\n<meta property=\"og:title\" content=\"Prote\u00edna de C\u00e1\u00f1amo Vainilla Bio 1kg - Energy Feelings - Na Lifenatura ao Melhor Pre\u00e7o | Envio 48h\" \/>\n<meta property=\"og:description\" content=\"Compre Prote\u00edna de C\u00e1\u00f1amo Vainilla Bio 1kg - Energy Feelings com envio r\u00e1pido. Entrega em 48h e portes gr\u00e1tis em compras &gt;35\u20ac. Aproveite j\u00e1 na Lifenatura\" \/>\n<meta property=\"og:url\" content=\"https:\/\/www.lifenatura.com\/es\/produto\/proteina-de-canamo-vainilla-bio-1kg-energy-feelings\/\" \/>\n<meta property=\"og:site_name\" content=\"Lifenatura\" \/>\n<meta property=\"article:publisher\" content=\"https:\/\/www.facebook.com\/lifenatura\" \/>\n<meta property=\"article:modified_time\" content=\"2025-10-12T18:55:39+00:00\" \/>\n<meta property=\"og:image\" content=\"https:\/\/www.lifenatura.com\/wp-content\/uploads\/2025\/09\/proteina-canhamo-baunilha-1kg-energy-feelings.jpg\" \/>\n\t<meta property=\"og:image:width\" content=\"1000\" \/>\n\t<meta property=\"og:image:height\" content=\"1000\" \/>\n\t<meta property=\"og:image:type\" content=\"image\/jpeg\" \/>\n<meta name=\"twitter:card\" content=\"summary_large_image\" \/>\n<meta name=\"twitter:label1\" content=\"Precio\" \/>\n\t<meta name=\"twitter:data1\" content=\"33,61&nbsp;&euro;\" \/>\n\t<meta name=\"twitter:label2\" content=\"Disponibilidad\" \/>\n\t<meta name=\"twitter:data2\" content=\"Disponible\" \/>\n<script type=\"application\/ld+json\" class=\"yoast-schema-graph\">{\"@context\":\"https:\\\/\\\/schema.org\",\"@graph\":[{\"@type\":\"WebPage\",\"@id\":\"https:\\\/\\\/www.lifenatura.com\\\/es\\\/produto\\\/proteina-de-canamo-vainilla-bio-1kg-energy-feelings\\\/\",\"url\":\"https:\\\/\\\/www.lifenatura.com\\\/es\\\/produto\\\/proteina-de-canamo-vainilla-bio-1kg-energy-feelings\\\/\",\"name\":\"Prote\u00edna de C\u00e1\u00f1amo Vainilla Bio 1kg - Energy Feelings - Na Lifenatura ao Melhor Pre\u00e7o | Envio em 48h\",\"isPartOf\":{\"@id\":\"https:\\\/\\\/www.lifenatura.com\\\/es\\\/#website\"},\"primaryImageOfPage\":{\"@id\":\"https:\\\/\\\/www.lifenatura.com\\\/es\\\/produto\\\/proteina-de-canamo-vainilla-bio-1kg-energy-feelings\\\/#primaryimage\"},\"image\":{\"@id\":\"https:\\\/\\\/www.lifenatura.com\\\/es\\\/produto\\\/proteina-de-canamo-vainilla-bio-1kg-energy-feelings\\\/#primaryimage\"},\"thumbnailUrl\":\"https:\\\/\\\/www.lifenatura.com\\\/wp-content\\\/uploads\\\/2025\\\/09\\\/proteina-canhamo-baunilha-1kg-energy-feelings.jpg\",\"datePublished\":\"2025-09-12T20:36:40+00:00\",\"dateModified\":\"2025-10-12T18:55:39+00:00\",\"description\":\"Prote\u00edna de C\u00e1\u00f1amo Vainilla Bio 1Kg fuente vegetal completa con amino\u00e1cidos esenciales, fibra y omega-3. Ideal para veganos y para el bienestar.\",\"breadcrumb\":{\"@id\":\"https:\\\/\\\/www.lifenatura.com\\\/es\\\/produto\\\/proteina-de-canamo-vainilla-bio-1kg-energy-feelings\\\/#breadcrumb\"},\"inLanguage\":\"es\",\"potentialAction\":[{\"@type\":\"ReadAction\",\"target\":[\"https:\\\/\\\/www.lifenatura.com\\\/es\\\/produto\\\/proteina-de-canamo-vainilla-bio-1kg-energy-feelings\\\/\"]}]},{\"@type\":\"ImageObject\",\"inLanguage\":\"es\",\"@id\":\"https:\\\/\\\/www.lifenatura.com\\\/es\\\/produto\\\/proteina-de-canamo-vainilla-bio-1kg-energy-feelings\\\/#primaryimage\",\"url\":\"https:\\\/\\\/www.lifenatura.com\\\/wp-content\\\/uploads\\\/2025\\\/09\\\/proteina-canhamo-baunilha-1kg-energy-feelings.jpg\",\"contentUrl\":\"https:\\\/\\\/www.lifenatura.com\\\/wp-content\\\/uploads\\\/2025\\\/09\\\/proteina-canhamo-baunilha-1kg-energy-feelings.jpg\",\"width\":1000,\"height\":1000},{\"@type\":\"BreadcrumbList\",\"@id\":\"https:\\\/\\\/www.lifenatura.com\\\/es\\\/produto\\\/proteina-de-canamo-vainilla-bio-1kg-energy-feelings\\\/#breadcrumb\",\"itemListElement\":[{\"@type\":\"ListItem\",\"position\":1,\"name\":\"In\u00edcio\",\"item\":\"https:\\\/\\\/www.lifenatura.com\\\/es\\\/\"},{\"@type\":\"ListItem\",\"position\":2,\"name\":\"Todos los Productos\",\"item\":\"https:\\\/\\\/www.lifenatura.com\\\/es\\\/tienda\\\/\"},{\"@type\":\"ListItem\",\"position\":3,\"name\":\"Prote\u00edna de C\u00e1\u00f1amo Vainilla Bio 1kg &#8211; Energy Feelings\"}]},{\"@type\":\"WebSite\",\"@id\":\"https:\\\/\\\/www.lifenatura.com\\\/es\\\/#website\",\"url\":\"https:\\\/\\\/www.lifenatura.com\\\/es\\\/\",\"name\":\"Lifenatura\",\"description\":\"A Lifenatura \u00e9 uma loja de produtos naturais, cosm\u00e9tica natural e alimenta\u00e7\u00e3o Biol\u00f3gica.\",\"publisher\":{\"@id\":\"https:\\\/\\\/www.lifenatura.com\\\/es\\\/#organization\"},\"potentialAction\":[{\"@type\":\"SearchAction\",\"target\":{\"@type\":\"EntryPoint\",\"urlTemplate\":\"https:\\\/\\\/www.lifenatura.com\\\/es\\\/?s={search_term_string}\"},\"query-input\":{\"@type\":\"PropertyValueSpecification\",\"valueRequired\":true,\"valueName\":\"search_term_string\"}}],\"inLanguage\":\"es\"},{\"@type\":\"Organization\",\"@id\":\"https:\\\/\\\/www.lifenatura.com\\\/es\\\/#organization\",\"name\":\"Lifenatura\",\"url\":\"https:\\\/\\\/www.lifenatura.com\\\/es\\\/\",\"logo\":{\"@type\":\"ImageObject\",\"inLanguage\":\"es\",\"@id\":\"https:\\\/\\\/www.lifenatura.com\\\/es\\\/#\\\/schema\\\/logo\\\/image\\\/\",\"url\":\"https:\\\/\\\/www.lifenatura.com\\\/wp-content\\\/uploads\\\/2021\\\/07\\\/logo.png\",\"contentUrl\":\"https:\\\/\\\/www.lifenatura.com\\\/wp-content\\\/uploads\\\/2021\\\/07\\\/logo.png\",\"width\":175,\"height\":55,\"caption\":\"Lifenatura\"},\"image\":{\"@id\":\"https:\\\/\\\/www.lifenatura.com\\\/es\\\/#\\\/schema\\\/logo\\\/image\\\/\"},\"sameAs\":[\"https:\\\/\\\/www.facebook.com\\\/lifenatura\",\"https:\\\/\\\/www.instagram.com\\\/lifenaturapt\\\/\"],\"hasMerchantReturnPolicy\":{\"@type\":\"MerchantReturnPolicy\",\"merchantReturnLink\":\"https:\\\/\\\/www.lifenatura.com\\\/termos-condicoes-lifenatura\\\/\"}}]}<\/script>\n<meta property=\"product:price:amount\" content=\"33.61\" \/>\n<meta property=\"product:price:currency\" content=\"EUR\" \/>\n<meta property=\"og:availability\" content=\"instock\" \/>\n<meta property=\"product:availability\" content=\"instock\" \/>\n<meta property=\"product:retailer_item_id\" content=\"8436565923751\" \/>\n<meta property=\"product:condition\" content=\"new\" \/>\n<!-- \/ Yoast SEO Premium plugin. -->","yoast_head_json":{"title":"Prote\u00edna de C\u00e1\u00f1amo Vainilla Bio 1kg - Energy Feelings - Na Lifenatura ao Melhor Pre\u00e7o | Envio em 48h","description":"Prote\u00edna de C\u00e1\u00f1amo Vainilla Bio 1Kg fuente vegetal completa con amino\u00e1cidos esenciales, fibra y omega-3. Ideal para veganos y para el bienestar.","robots":{"index":"index","follow":"follow","max-snippet":"max-snippet:-1","max-image-preview":"max-image-preview:large","max-video-preview":"max-video-preview:-1"},"canonical":"https:\/\/www.lifenatura.com\/es\/produto\/proteina-de-canamo-vainilla-bio-1kg-energy-feelings\/","og_locale":"es_ES","og_type":"article","og_title":"Prote\u00edna de C\u00e1\u00f1amo Vainilla Bio 1kg - Energy Feelings - Na Lifenatura ao Melhor Pre\u00e7o | Envio 48h","og_description":"Compre Prote\u00edna de C\u00e1\u00f1amo Vainilla Bio 1kg - Energy Feelings com envio r\u00e1pido. Entrega em 48h e portes gr\u00e1tis em compras >35\u20ac. Aproveite j\u00e1 na Lifenatura","og_url":"https:\/\/www.lifenatura.com\/es\/produto\/proteina-de-canamo-vainilla-bio-1kg-energy-feelings\/","og_site_name":"Lifenatura","article_publisher":"https:\/\/www.facebook.com\/lifenatura","article_modified_time":"2025-10-12T18:55:39+00:00","og_image":[{"width":1000,"height":1000,"url":"https:\/\/www.lifenatura.com\/wp-content\/uploads\/2025\/09\/proteina-canhamo-baunilha-1kg-energy-feelings.jpg","type":"image\/jpeg"}],"twitter_card":"summary_large_image","twitter_misc":{"Precio":"33,61&nbsp;&euro;","Disponibilidad":"Disponible"},"schema":{"@context":"https:\/\/schema.org","@graph":[{"@type":"WebPage","@id":"https:\/\/www.lifenatura.com\/es\/produto\/proteina-de-canamo-vainilla-bio-1kg-energy-feelings\/","url":"https:\/\/www.lifenatura.com\/es\/produto\/proteina-de-canamo-vainilla-bio-1kg-energy-feelings\/","name":"Prote\u00edna de C\u00e1\u00f1amo Vainilla Bio 1kg - Energy Feelings - Na Lifenatura ao Melhor Pre\u00e7o | Envio em 48h","isPartOf":{"@id":"https:\/\/www.lifenatura.com\/es\/#website"},"primaryImageOfPage":{"@id":"https:\/\/www.lifenatura.com\/es\/produto\/proteina-de-canamo-vainilla-bio-1kg-energy-feelings\/#primaryimage"},"image":{"@id":"https:\/\/www.lifenatura.com\/es\/produto\/proteina-de-canamo-vainilla-bio-1kg-energy-feelings\/#primaryimage"},"thumbnailUrl":"https:\/\/www.lifenatura.com\/wp-content\/uploads\/2025\/09\/proteina-canhamo-baunilha-1kg-energy-feelings.jpg","datePublished":"2025-09-12T20:36:40+00:00","dateModified":"2025-10-12T18:55:39+00:00","description":"Prote\u00edna de C\u00e1\u00f1amo Vainilla Bio 1Kg fuente vegetal completa con amino\u00e1cidos esenciales, fibra y omega-3. Ideal para veganos y para el bienestar.","breadcrumb":{"@id":"https:\/\/www.lifenatura.com\/es\/produto\/proteina-de-canamo-vainilla-bio-1kg-energy-feelings\/#breadcrumb"},"inLanguage":"es","potentialAction":[{"@type":"ReadAction","target":["https:\/\/www.lifenatura.com\/es\/produto\/proteina-de-canamo-vainilla-bio-1kg-energy-feelings\/"]}]},{"@type":"ImageObject","inLanguage":"es","@id":"https:\/\/www.lifenatura.com\/es\/produto\/proteina-de-canamo-vainilla-bio-1kg-energy-feelings\/#primaryimage","url":"https:\/\/www.lifenatura.com\/wp-content\/uploads\/2025\/09\/proteina-canhamo-baunilha-1kg-energy-feelings.jpg","contentUrl":"https:\/\/www.lifenatura.com\/wp-content\/uploads\/2025\/09\/proteina-canhamo-baunilha-1kg-energy-feelings.jpg","width":1000,"height":1000},{"@type":"BreadcrumbList","@id":"https:\/\/www.lifenatura.com\/es\/produto\/proteina-de-canamo-vainilla-bio-1kg-energy-feelings\/#breadcrumb","itemListElement":[{"@type":"ListItem","position":1,"name":"In\u00edcio","item":"https:\/\/www.lifenatura.com\/es\/"},{"@type":"ListItem","position":2,"name":"Todos los Productos","item":"https:\/\/www.lifenatura.com\/es\/tienda\/"},{"@type":"ListItem","position":3,"name":"Prote\u00edna de C\u00e1\u00f1amo Vainilla Bio 1kg &#8211; Energy Feelings"}]},{"@type":"WebSite","@id":"https:\/\/www.lifenatura.com\/es\/#website","url":"https:\/\/www.lifenatura.com\/es\/","name":"Lifenatura","description":"A Lifenatura \u00e9 uma loja de produtos naturais, cosm\u00e9tica natural e alimenta\u00e7\u00e3o Biol\u00f3gica.","publisher":{"@id":"https:\/\/www.lifenatura.com\/es\/#organization"},"potentialAction":[{"@type":"SearchAction","target":{"@type":"EntryPoint","urlTemplate":"https:\/\/www.lifenatura.com\/es\/?s={search_term_string}"},"query-input":{"@type":"PropertyValueSpecification","valueRequired":true,"valueName":"search_term_string"}}],"inLanguage":"es"},{"@type":"Organization","@id":"https:\/\/www.lifenatura.com\/es\/#organization","name":"Lifenatura","url":"https:\/\/www.lifenatura.com\/es\/","logo":{"@type":"ImageObject","inLanguage":"es","@id":"https:\/\/www.lifenatura.com\/es\/#\/schema\/logo\/image\/","url":"https:\/\/www.lifenatura.com\/wp-content\/uploads\/2021\/07\/logo.png","contentUrl":"https:\/\/www.lifenatura.com\/wp-content\/uploads\/2021\/07\/logo.png","width":175,"height":55,"caption":"Lifenatura"},"image":{"@id":"https:\/\/www.lifenatura.com\/es\/#\/schema\/logo\/image\/"},"sameAs":["https:\/\/www.facebook.com\/lifenatura","https:\/\/www.instagram.com\/lifenaturapt\/"],"hasMerchantReturnPolicy":{"@type":"MerchantReturnPolicy","merchantReturnLink":"https:\/\/www.lifenatura.com\/termos-condicoes-lifenatura\/"}}]},"product_price_amount":"33.61","product_price_currency":"EUR","og_availability":"instock","product_availability":"instock","product_retailer_item_id":"8436565923751","product_condition":"new"},"df_price":33.61,"df_sale_price":"","df_regular_price":33.61,"df_image_link":"https:\/\/www.lifenatura.com\/wp-content\/uploads\/2025\/09\/proteina-canhamo-baunilha-1kg-energy-feelings-300x300.jpg","_links":{"self":[{"href":"https:\/\/www.lifenatura.com\/es\/wp-json\/wp\/v2\/product\/118458","targetHints":{"allow":["GET"]}}],"collection":[{"href":"https:\/\/www.lifenatura.com\/es\/wp-json\/wp\/v2\/product"}],"about":[{"href":"https:\/\/www.lifenatura.com\/es\/wp-json\/wp\/v2\/types\/product"}],"wp:featuredmedia":[{"embeddable":true,"href":"https:\/\/www.lifenatura.com\/es\/wp-json\/wp\/v2\/media\/116936"}],"wp:attachment":[{"href":"https:\/\/www.lifenatura.com\/es\/wp-json\/wp\/v2\/media?parent=118458"}],"wp:term":[{"taxonomy":"product_brand","embeddable":true,"href":"https:\/\/www.lifenatura.com\/es\/wp-json\/wp\/v2\/product_brand?post=118458"},{"taxonomy":"product_cat","embeddable":true,"href":"https:\/\/www.lifenatura.com\/es\/wp-json\/wp\/v2\/product_cat?post=118458"},{"taxonomy":"product_tag","embeddable":true,"href":"https:\/\/www.lifenatura.com\/es\/wp-json\/wp\/v2\/product_tag?post=118458"}],"curies":[{"name":"wp","href":"https:\/\/api.w.org\/{rel}","templated":true}]}}