{"id":118457,"date":"2025-09-12T20:36:35","date_gmt":"2025-09-12T20:36:35","guid":{"rendered":"https:\/\/www.lifenatura.com\/produto\/proteina-de-canamo-bio-1kg-sensacion-energetica\/"},"modified":"2025-10-12T18:59:00","modified_gmt":"2025-10-12T18:59:00","slug":"proteina-de-canamo-bio-1kg-sensacion-energetica","status":"publish","type":"product","link":"https:\/\/www.lifenatura.com\/es\/produto\/proteina-de-canamo-bio-1kg-sensacion-energetica\/","title":{"rendered":"Prote\u00edna de C\u00e1\u00f1amo Bio 1kg &#8211; Energy Feelings"},"content":{"rendered":"<h2 style=\"text-align: left;\" data-start=\"173\" data-end=\"223\">Prote\u00edna de C\u00e1\u00f1amo Bio 1kg &#8211; <strong data-start=\"264\" data-end=\"310\">Energy Feelings<\/strong><\/h2>\n<p>&nbsp;<\/p>\n<p data-start=\"262\" data-end=\"651\"><strong data-start=\"264\" data-end=\"310\">La Prote\u00edna de C\u00e1\u00f1amo Ecol\u00f3gico Energy Feelings<\/strong> es una fuente excelente de nutrici\u00f3n natural y sostenible, elaborada a partir de semillas de c\u00e1\u00f1amo de cultivo ecol\u00f3gico. Es una prote\u00edna vegetal completa que aporta al organismo todos los amino\u00e1cidos esenciales y es ideal para quienes buscan una alternativa sana y equilibrada a las prote\u00ednas animales.<\/p>\n<p data-start=\"653\" data-end=\"1009\">Con su textura suave y su caracter\u00edstico sabor natural, esta prote\u00edna puede incorporarse f\u00e1cilmente a la vida cotidiana a\u00f1adi\u00e9ndola a batidos, gachas, batidos, yogures o incluso a recetas de pan y pasteles. Naturalmente, no contiene gluten, lactosa, soja ni aditivos artificiales, y es apta para distintos tipos de dietas, incluidas la vegetariana y la vegana.<\/p>\n<p data-start=\"1011\" data-end=\"1244\">Adem\u00e1s de su riqueza prote\u00ednica, <strong data-start=\"1043\" data-end=\"1070\">la Prote\u00edna de C\u00e1\u00f1amo Ecol\u00f3gico<\/strong> contiene fibra que contribuye al equilibrio intestinal y \u00e1cidos grasos esenciales omega-3 y omega-6, importantes para la salud cardiovascular y el bienestar general.<\/p>\n<p data-start=\"1246\" data-end=\"1274\"><strong>Principales ventajas:<\/strong><\/p>\n<ul data-start=\"1275\" data-end=\"1674\">\n<li data-start=\"1275\" data-end=\"1350\">\n<p data-start=\"1277\" data-end=\"1350\">Fuente vegetal de prote\u00ednas completas con todos los amino\u00e1cidos esenciales;<\/p>\n<\/li>\n<li data-start=\"1351\" data-end=\"1419\">\n<p data-start=\"1353\" data-end=\"1419\">Ayuda a <strong data-start=\"1370\" data-end=\"1416\">mantener y recuperar la masa muscular;<\/strong><\/p>\n<\/li>\n<li data-start=\"1420\" data-end=\"1473\">\n<p data-start=\"1422\" data-end=\"1473\">Rico en fibra, ayuda al <strong data-start=\"1449\" data-end=\"1470\">sistema digestivo<\/strong>;<\/p>\n<\/li>\n<li data-start=\"1474\" data-end=\"1561\">\n<p data-start=\"1476\" data-end=\"1561\">Contiene \u00e1cidos grasos esenciales omega-3 y omega-6 para el equilibrio cardiovascular;<\/p>\n<\/li>\n<li data-start=\"1562\" data-end=\"1623\">\n<p data-start=\"1564\" data-end=\"1623\">Energ\u00eda natural para favorecer el rendimiento f\u00edsico y mental;<\/p>\n<\/li>\n<li data-start=\"1624\" data-end=\"1674\">\n<p data-start=\"1626\" data-end=\"1674\">Producto 100% natural, ecol\u00f3gico y sostenible.<\/p>\n<\/li>\n<\/ul>\n<p data-start=\"1676\" data-end=\"1693\"><strong>Indicaciones:<\/strong><\/p>\n<p data-start=\"1694\" data-end=\"1761\"><strong data-start=\"1696\" data-end=\"1742\">La Prote\u00edna de C\u00e1\u00f1amo Ecol\u00f3gico Energy Feelings<\/strong> es adecuada para:<\/p>\n<ul data-start=\"1762\" data-end=\"2061\">\n<li data-start=\"1762\" data-end=\"1843\">\n<p data-start=\"1764\" data-end=\"1843\">Deportistas y practicantes de actividad f\u00edsica que necesitan apoyo proteico;<\/p>\n<\/li>\n<li data-start=\"1844\" data-end=\"1920\">\n<p data-start=\"1846\" data-end=\"1920\">Vegetarianos y veganos que buscan prote\u00ednas vegetales completas;<\/p>\n<\/li>\n<li data-start=\"1921\" data-end=\"1977\">\n<p data-start=\"1923\" data-end=\"1977\">Personas con intolerancia al gluten, la lactosa o la soja;<\/p>\n<\/li>\n<li data-start=\"1978\" data-end=\"2061\">\n<p data-start=\"1980\" data-end=\"2061\">Los que quieren aumentar su energ\u00eda y adoptar una dieta sana y equilibrada.<\/p>\n<\/li>\n<\/ul>\n<p><strong>Presentaci\u00f3n:<\/strong><\/p>\n<p>1kg<\/p>\n<p>&nbsp;<\/p>\n","protected":false},"excerpt":{"rendered":"<p>Prote\u00edna de C\u00e1\u00f1amo Bio 1Kg Energy Feelings &#8211; Fuente vegetal completa con amino\u00e1cidos esenciales, fibra y omega-3. Ideal para veganos y para el bienestar diario. [&#8230;]<\/p>\n<p><a class=\"btn btn-secondary understrap-read-more-link\" href=\"https:\/\/www.lifenatura.com\/es\/produto\/proteina-de-canamo-bio-1kg-sensacion-energetica\/\">Leer m\u00e1s&#8230;<span class=\"screen-reader-text\"> from Prote\u00edna de C\u00e1\u00f1amo Bio 1kg &#8211; Energy Feelings<\/span><\/a><\/p>\n","protected":false},"featured_media":116934,"template":"","meta":{"_acf_changed":false},"product_brand":[8563],"product_cat":[7064,7074,7096],"product_tag":[],"class_list":{"0":"post-118457","1":"product","2":"type-product","3":"status-publish","4":"has-post-thumbnail","6":"product_brand-energy-feelings-es","7":"product_cat-alimentacion-sana","8":"product_cat-productos-alimenticios","9":"product_cat-proteina-vegetal-bio","11":"first","12":"instock","13":"shipping-taxable","14":"purchasable","15":"product-type-simple","16":"add-to-wishlist-before_image"},"acf":[],"yoast_head":"<!-- This site is optimized with the Yoast SEO Premium plugin v27.1 (Yoast SEO v27.5) - https:\/\/yoast.com\/product\/yoast-seo-premium-wordpress\/ -->\n<title>Prote\u00edna de C\u00e1\u00f1amo Bio 1kg - Energy Feelings - Na Lifenatura ao Melhor Pre\u00e7o | Envio em 48h<\/title>\n<meta name=\"description\" content=\"Prote\u00edna de C\u00e1\u00f1amo Bio 1Kg fuente vegetal completa con amino\u00e1cidos esenciales, fibra y omega-3. Ideal para veganos y para el bienestar diario.\" \/>\n<meta name=\"robots\" content=\"index, follow, max-snippet:-1, max-image-preview:large, max-video-preview:-1\" \/>\n<link rel=\"canonical\" href=\"https:\/\/www.lifenatura.com\/es\/produto\/proteina-de-canamo-bio-1kg-sensacion-energetica\/\" \/>\n<meta property=\"og:locale\" content=\"es_ES\" \/>\n<meta property=\"og:type\" content=\"article\" \/>\n<meta property=\"og:title\" content=\"Prote\u00edna de C\u00e1\u00f1amo Bio 1kg - Energy Feelings - Na Lifenatura ao Melhor Pre\u00e7o | Envio 48h\" \/>\n<meta property=\"og:description\" content=\"Compre Prote\u00edna de C\u00e1\u00f1amo Bio 1kg - Energy Feelings com envio r\u00e1pido. Entrega em 48h e portes gr\u00e1tis em compras &gt;35\u20ac. Aproveite j\u00e1 na Lifenatura\" \/>\n<meta property=\"og:url\" content=\"https:\/\/www.lifenatura.com\/es\/produto\/proteina-de-canamo-bio-1kg-sensacion-energetica\/\" \/>\n<meta property=\"og:site_name\" content=\"Lifenatura\" \/>\n<meta property=\"article:publisher\" content=\"https:\/\/www.facebook.com\/lifenatura\" \/>\n<meta property=\"article:modified_time\" content=\"2025-10-12T18:59:00+00:00\" \/>\n<meta property=\"og:image\" content=\"https:\/\/www.lifenatura.com\/wp-content\/uploads\/2025\/09\/proteina-canhamo-1kg-energy-feelings.jpg\" \/>\n\t<meta property=\"og:image:width\" content=\"1000\" \/>\n\t<meta property=\"og:image:height\" content=\"1000\" \/>\n\t<meta property=\"og:image:type\" content=\"image\/jpeg\" \/>\n<meta name=\"twitter:card\" content=\"summary_large_image\" \/>\n<meta name=\"twitter:label1\" content=\"Precio\" \/>\n\t<meta name=\"twitter:data1\" content=\"25,50&nbsp;&euro;\" \/>\n\t<meta name=\"twitter:label2\" content=\"Disponibilidad\" \/>\n\t<meta name=\"twitter:data2\" content=\"Disponible\" \/>\n<script type=\"application\/ld+json\" class=\"yoast-schema-graph\">{\"@context\":\"https:\\\/\\\/schema.org\",\"@graph\":[{\"@type\":\"WebPage\",\"@id\":\"https:\\\/\\\/www.lifenatura.com\\\/es\\\/produto\\\/proteina-de-canamo-bio-1kg-sensacion-energetica\\\/\",\"url\":\"https:\\\/\\\/www.lifenatura.com\\\/es\\\/produto\\\/proteina-de-canamo-bio-1kg-sensacion-energetica\\\/\",\"name\":\"Prote\u00edna de C\u00e1\u00f1amo Bio 1kg - Energy Feelings - Na Lifenatura ao Melhor Pre\u00e7o | Envio em 48h\",\"isPartOf\":{\"@id\":\"https:\\\/\\\/www.lifenatura.com\\\/es\\\/#website\"},\"primaryImageOfPage\":{\"@id\":\"https:\\\/\\\/www.lifenatura.com\\\/es\\\/produto\\\/proteina-de-canamo-bio-1kg-sensacion-energetica\\\/#primaryimage\"},\"image\":{\"@id\":\"https:\\\/\\\/www.lifenatura.com\\\/es\\\/produto\\\/proteina-de-canamo-bio-1kg-sensacion-energetica\\\/#primaryimage\"},\"thumbnailUrl\":\"https:\\\/\\\/www.lifenatura.com\\\/wp-content\\\/uploads\\\/2025\\\/09\\\/proteina-canhamo-1kg-energy-feelings.jpg\",\"datePublished\":\"2025-09-12T20:36:35+00:00\",\"dateModified\":\"2025-10-12T18:59:00+00:00\",\"description\":\"Prote\u00edna de C\u00e1\u00f1amo Bio 1Kg fuente vegetal completa con amino\u00e1cidos esenciales, fibra y omega-3. Ideal para veganos y para el bienestar diario.\",\"breadcrumb\":{\"@id\":\"https:\\\/\\\/www.lifenatura.com\\\/es\\\/produto\\\/proteina-de-canamo-bio-1kg-sensacion-energetica\\\/#breadcrumb\"},\"inLanguage\":\"es\",\"potentialAction\":[{\"@type\":\"ReadAction\",\"target\":[\"https:\\\/\\\/www.lifenatura.com\\\/es\\\/produto\\\/proteina-de-canamo-bio-1kg-sensacion-energetica\\\/\"]}]},{\"@type\":\"ImageObject\",\"inLanguage\":\"es\",\"@id\":\"https:\\\/\\\/www.lifenatura.com\\\/es\\\/produto\\\/proteina-de-canamo-bio-1kg-sensacion-energetica\\\/#primaryimage\",\"url\":\"https:\\\/\\\/www.lifenatura.com\\\/wp-content\\\/uploads\\\/2025\\\/09\\\/proteina-canhamo-1kg-energy-feelings.jpg\",\"contentUrl\":\"https:\\\/\\\/www.lifenatura.com\\\/wp-content\\\/uploads\\\/2025\\\/09\\\/proteina-canhamo-1kg-energy-feelings.jpg\",\"width\":1000,\"height\":1000},{\"@type\":\"BreadcrumbList\",\"@id\":\"https:\\\/\\\/www.lifenatura.com\\\/es\\\/produto\\\/proteina-de-canamo-bio-1kg-sensacion-energetica\\\/#breadcrumb\",\"itemListElement\":[{\"@type\":\"ListItem\",\"position\":1,\"name\":\"In\u00edcio\",\"item\":\"https:\\\/\\\/www.lifenatura.com\\\/es\\\/\"},{\"@type\":\"ListItem\",\"position\":2,\"name\":\"Todos los Productos\",\"item\":\"https:\\\/\\\/www.lifenatura.com\\\/es\\\/tienda\\\/\"},{\"@type\":\"ListItem\",\"position\":3,\"name\":\"Prote\u00edna de C\u00e1\u00f1amo Bio 1kg &#8211; Energy Feelings\"}]},{\"@type\":\"WebSite\",\"@id\":\"https:\\\/\\\/www.lifenatura.com\\\/es\\\/#website\",\"url\":\"https:\\\/\\\/www.lifenatura.com\\\/es\\\/\",\"name\":\"Lifenatura\",\"description\":\"A Lifenatura \u00e9 uma loja de produtos naturais, cosm\u00e9tica natural e alimenta\u00e7\u00e3o Biol\u00f3gica.\",\"publisher\":{\"@id\":\"https:\\\/\\\/www.lifenatura.com\\\/es\\\/#organization\"},\"potentialAction\":[{\"@type\":\"SearchAction\",\"target\":{\"@type\":\"EntryPoint\",\"urlTemplate\":\"https:\\\/\\\/www.lifenatura.com\\\/es\\\/?s={search_term_string}\"},\"query-input\":{\"@type\":\"PropertyValueSpecification\",\"valueRequired\":true,\"valueName\":\"search_term_string\"}}],\"inLanguage\":\"es\"},{\"@type\":\"Organization\",\"@id\":\"https:\\\/\\\/www.lifenatura.com\\\/es\\\/#organization\",\"name\":\"Lifenatura\",\"url\":\"https:\\\/\\\/www.lifenatura.com\\\/es\\\/\",\"logo\":{\"@type\":\"ImageObject\",\"inLanguage\":\"es\",\"@id\":\"https:\\\/\\\/www.lifenatura.com\\\/es\\\/#\\\/schema\\\/logo\\\/image\\\/\",\"url\":\"https:\\\/\\\/www.lifenatura.com\\\/wp-content\\\/uploads\\\/2021\\\/07\\\/logo.png\",\"contentUrl\":\"https:\\\/\\\/www.lifenatura.com\\\/wp-content\\\/uploads\\\/2021\\\/07\\\/logo.png\",\"width\":175,\"height\":55,\"caption\":\"Lifenatura\"},\"image\":{\"@id\":\"https:\\\/\\\/www.lifenatura.com\\\/es\\\/#\\\/schema\\\/logo\\\/image\\\/\"},\"sameAs\":[\"https:\\\/\\\/www.facebook.com\\\/lifenatura\",\"https:\\\/\\\/www.instagram.com\\\/lifenaturapt\\\/\"],\"hasMerchantReturnPolicy\":{\"@type\":\"MerchantReturnPolicy\",\"merchantReturnLink\":\"https:\\\/\\\/www.lifenatura.com\\\/termos-condicoes-lifenatura\\\/\"}}]}<\/script>\n<meta property=\"product:price:amount\" content=\"25.50\" \/>\n<meta property=\"product:price:currency\" content=\"EUR\" \/>\n<meta property=\"og:availability\" content=\"instock\" \/>\n<meta property=\"product:availability\" content=\"instock\" \/>\n<meta property=\"product:retailer_item_id\" content=\"8436565921764\" \/>\n<meta property=\"product:condition\" content=\"new\" \/>\n<!-- \/ Yoast SEO Premium plugin. -->","yoast_head_json":{"title":"Prote\u00edna de C\u00e1\u00f1amo Bio 1kg - Energy Feelings - Na Lifenatura ao Melhor Pre\u00e7o | Envio em 48h","description":"Prote\u00edna de C\u00e1\u00f1amo Bio 1Kg fuente vegetal completa con amino\u00e1cidos esenciales, fibra y omega-3. Ideal para veganos y para el bienestar diario.","robots":{"index":"index","follow":"follow","max-snippet":"max-snippet:-1","max-image-preview":"max-image-preview:large","max-video-preview":"max-video-preview:-1"},"canonical":"https:\/\/www.lifenatura.com\/es\/produto\/proteina-de-canamo-bio-1kg-sensacion-energetica\/","og_locale":"es_ES","og_type":"article","og_title":"Prote\u00edna de C\u00e1\u00f1amo Bio 1kg - Energy Feelings - Na Lifenatura ao Melhor Pre\u00e7o | Envio 48h","og_description":"Compre Prote\u00edna de C\u00e1\u00f1amo Bio 1kg - Energy Feelings com envio r\u00e1pido. Entrega em 48h e portes gr\u00e1tis em compras >35\u20ac. Aproveite j\u00e1 na Lifenatura","og_url":"https:\/\/www.lifenatura.com\/es\/produto\/proteina-de-canamo-bio-1kg-sensacion-energetica\/","og_site_name":"Lifenatura","article_publisher":"https:\/\/www.facebook.com\/lifenatura","article_modified_time":"2025-10-12T18:59:00+00:00","og_image":[{"width":1000,"height":1000,"url":"https:\/\/www.lifenatura.com\/wp-content\/uploads\/2025\/09\/proteina-canhamo-1kg-energy-feelings.jpg","type":"image\/jpeg"}],"twitter_card":"summary_large_image","twitter_misc":{"Precio":"25,50&nbsp;&euro;","Disponibilidad":"Disponible"},"schema":{"@context":"https:\/\/schema.org","@graph":[{"@type":"WebPage","@id":"https:\/\/www.lifenatura.com\/es\/produto\/proteina-de-canamo-bio-1kg-sensacion-energetica\/","url":"https:\/\/www.lifenatura.com\/es\/produto\/proteina-de-canamo-bio-1kg-sensacion-energetica\/","name":"Prote\u00edna de C\u00e1\u00f1amo Bio 1kg - Energy Feelings - Na Lifenatura ao Melhor Pre\u00e7o | Envio em 48h","isPartOf":{"@id":"https:\/\/www.lifenatura.com\/es\/#website"},"primaryImageOfPage":{"@id":"https:\/\/www.lifenatura.com\/es\/produto\/proteina-de-canamo-bio-1kg-sensacion-energetica\/#primaryimage"},"image":{"@id":"https:\/\/www.lifenatura.com\/es\/produto\/proteina-de-canamo-bio-1kg-sensacion-energetica\/#primaryimage"},"thumbnailUrl":"https:\/\/www.lifenatura.com\/wp-content\/uploads\/2025\/09\/proteina-canhamo-1kg-energy-feelings.jpg","datePublished":"2025-09-12T20:36:35+00:00","dateModified":"2025-10-12T18:59:00+00:00","description":"Prote\u00edna de C\u00e1\u00f1amo Bio 1Kg fuente vegetal completa con amino\u00e1cidos esenciales, fibra y omega-3. Ideal para veganos y para el bienestar diario.","breadcrumb":{"@id":"https:\/\/www.lifenatura.com\/es\/produto\/proteina-de-canamo-bio-1kg-sensacion-energetica\/#breadcrumb"},"inLanguage":"es","potentialAction":[{"@type":"ReadAction","target":["https:\/\/www.lifenatura.com\/es\/produto\/proteina-de-canamo-bio-1kg-sensacion-energetica\/"]}]},{"@type":"ImageObject","inLanguage":"es","@id":"https:\/\/www.lifenatura.com\/es\/produto\/proteina-de-canamo-bio-1kg-sensacion-energetica\/#primaryimage","url":"https:\/\/www.lifenatura.com\/wp-content\/uploads\/2025\/09\/proteina-canhamo-1kg-energy-feelings.jpg","contentUrl":"https:\/\/www.lifenatura.com\/wp-content\/uploads\/2025\/09\/proteina-canhamo-1kg-energy-feelings.jpg","width":1000,"height":1000},{"@type":"BreadcrumbList","@id":"https:\/\/www.lifenatura.com\/es\/produto\/proteina-de-canamo-bio-1kg-sensacion-energetica\/#breadcrumb","itemListElement":[{"@type":"ListItem","position":1,"name":"In\u00edcio","item":"https:\/\/www.lifenatura.com\/es\/"},{"@type":"ListItem","position":2,"name":"Todos los Productos","item":"https:\/\/www.lifenatura.com\/es\/tienda\/"},{"@type":"ListItem","position":3,"name":"Prote\u00edna de C\u00e1\u00f1amo Bio 1kg &#8211; Energy Feelings"}]},{"@type":"WebSite","@id":"https:\/\/www.lifenatura.com\/es\/#website","url":"https:\/\/www.lifenatura.com\/es\/","name":"Lifenatura","description":"A Lifenatura \u00e9 uma loja de produtos naturais, cosm\u00e9tica natural e alimenta\u00e7\u00e3o Biol\u00f3gica.","publisher":{"@id":"https:\/\/www.lifenatura.com\/es\/#organization"},"potentialAction":[{"@type":"SearchAction","target":{"@type":"EntryPoint","urlTemplate":"https:\/\/www.lifenatura.com\/es\/?s={search_term_string}"},"query-input":{"@type":"PropertyValueSpecification","valueRequired":true,"valueName":"search_term_string"}}],"inLanguage":"es"},{"@type":"Organization","@id":"https:\/\/www.lifenatura.com\/es\/#organization","name":"Lifenatura","url":"https:\/\/www.lifenatura.com\/es\/","logo":{"@type":"ImageObject","inLanguage":"es","@id":"https:\/\/www.lifenatura.com\/es\/#\/schema\/logo\/image\/","url":"https:\/\/www.lifenatura.com\/wp-content\/uploads\/2021\/07\/logo.png","contentUrl":"https:\/\/www.lifenatura.com\/wp-content\/uploads\/2021\/07\/logo.png","width":175,"height":55,"caption":"Lifenatura"},"image":{"@id":"https:\/\/www.lifenatura.com\/es\/#\/schema\/logo\/image\/"},"sameAs":["https:\/\/www.facebook.com\/lifenatura","https:\/\/www.instagram.com\/lifenaturapt\/"],"hasMerchantReturnPolicy":{"@type":"MerchantReturnPolicy","merchantReturnLink":"https:\/\/www.lifenatura.com\/termos-condicoes-lifenatura\/"}}]},"product_price_amount":"25.50","product_price_currency":"EUR","og_availability":"instock","product_availability":"instock","product_retailer_item_id":"8436565921764","product_condition":"new"},"df_price":25.5,"df_sale_price":"","df_regular_price":25.5,"df_image_link":"https:\/\/www.lifenatura.com\/wp-content\/uploads\/2025\/09\/proteina-canhamo-1kg-energy-feelings-300x300.jpg","_links":{"self":[{"href":"https:\/\/www.lifenatura.com\/es\/wp-json\/wp\/v2\/product\/118457","targetHints":{"allow":["GET"]}}],"collection":[{"href":"https:\/\/www.lifenatura.com\/es\/wp-json\/wp\/v2\/product"}],"about":[{"href":"https:\/\/www.lifenatura.com\/es\/wp-json\/wp\/v2\/types\/product"}],"wp:featuredmedia":[{"embeddable":true,"href":"https:\/\/www.lifenatura.com\/es\/wp-json\/wp\/v2\/media\/116934"}],"wp:attachment":[{"href":"https:\/\/www.lifenatura.com\/es\/wp-json\/wp\/v2\/media?parent=118457"}],"wp:term":[{"taxonomy":"product_brand","embeddable":true,"href":"https:\/\/www.lifenatura.com\/es\/wp-json\/wp\/v2\/product_brand?post=118457"},{"taxonomy":"product_cat","embeddable":true,"href":"https:\/\/www.lifenatura.com\/es\/wp-json\/wp\/v2\/product_cat?post=118457"},{"taxonomy":"product_tag","embeddable":true,"href":"https:\/\/www.lifenatura.com\/es\/wp-json\/wp\/v2\/product_tag?post=118457"}],"curies":[{"name":"wp","href":"https:\/\/api.w.org\/{rel}","templated":true}]}}