{"id":118454,"date":"2025-09-12T20:36:28","date_gmt":"2025-09-12T20:36:28","guid":{"rendered":"https:\/\/www.lifenatura.com\/produto\/nutribiota-90-comprimidos-sensacion-de-energia\/"},"modified":"2025-10-13T06:57:28","modified_gmt":"2025-10-13T06:57:28","slug":"nutribiota-90-comprimidos-sensacion-de-energia","status":"publish","type":"product","link":"https:\/\/www.lifenatura.com\/es\/produto\/nutribiota-90-comprimidos-sensacion-de-energia\/","title":{"rendered":"Nutribiota 90 comprimidos &#8211; Energy Feelings"},"content":{"rendered":"<h2 style=\"text-align: left;\" data-start=\"198\" data-end=\"246\">Nutribiota 90 Comprimidos &#8211; <strong data-start=\"307\" data-end=\"340\">Energy Feelings<\/strong><\/h2>\n<p>&nbsp;<\/p>\n<p data-start=\"305\" data-end=\"715\"><strong data-start=\"307\" data-end=\"340\">Nutribiota de Energy Feelings<\/strong> es un suplemento innovador formulado para favorecer el equilibrio de la microbiota intestinal y promover el bienestar digestivo e inmunitario. Compuesto por una combinaci\u00f3n de <strong data-start=\"504\" data-end=\"547\">probi\u00f3ticos<\/strong> y <strong data-start=\"550\" data-end=\"583\">prebi\u00f3ticos de origen natural<\/strong> <strong data-start=\"504\" data-end=\"547\">cuidadosamente seleccionados<\/strong>, este suplemento ayuda a reforzar las defensas del organismo, mejorar la digesti\u00f3n y favorecer la absorci\u00f3n de nutrientes esenciales.<\/p>\n<p data-start=\"717\" data-end=\"1123\">La salud intestinal desempe\u00f1a un papel fundamental en la vitalidad general, y Nutribiota se ha desarrollado para actuar directamente sobre el equilibrio de la flora intestinal, esencial para un sistema inmunitario m\u00e1s fuerte y una digesti\u00f3n armoniosa. Su f\u00f3rmula de alta calidad tambi\u00e9n ayuda a reducir molestias como <strong data-start=\"1044\" data-end=\"1082\">la hinchaz\u00f3n, los gases y las digestiones pesadas<\/strong>, proporcionando un mayor confort diario.<\/p>\n<p data-start=\"1125\" data-end=\"1366\">Adem\u00e1s, los probi\u00f3ticos de este suplemento ayudan a reponer la flora intestinal tras tratamientos antibi\u00f3ticos o periodos de estr\u00e9s, mientras que los prebi\u00f3ticos alimentan a las bacterias beneficiosas, potenciando su eficacia.<\/p>\n<p data-start=\"1368\" data-end=\"1396\"><strong>Principales ventajas:<\/strong><\/p>\n<ul data-start=\"1397\" data-end=\"1686\">\n<li data-start=\"1397\" data-end=\"1451\">\n<p data-start=\"1399\" data-end=\"1451\">Favorece el <strong data-start=\"1409\" data-end=\"1448\">equilibrio de la microbiota intestinal<\/strong>;<\/p>\n<\/li>\n<li data-start=\"1452\" data-end=\"1501\">\n<p data-start=\"1454\" data-end=\"1501\">Favorece una digesti\u00f3n sana y c\u00f3moda;<\/p>\n<\/li>\n<li data-start=\"1502\" data-end=\"1551\">\n<p data-start=\"1504\" data-end=\"1551\">Refuerza las <strong data-start=\"1515\" data-end=\"1535\">defensas naturales<\/strong> del organismo;<\/p>\n<\/li>\n<li data-start=\"1552\" data-end=\"1605\">\n<p data-start=\"1554\" data-end=\"1605\">Contribuye a la correcta absorci\u00f3n de los nutrientes;<\/p>\n<\/li>\n<li data-start=\"1606\" data-end=\"1686\">\n<p data-start=\"1608\" data-end=\"1686\">Favorece el bienestar despu\u00e9s de antibi\u00f3ticos o periodos de desequilibrio intestinal.<\/p>\n<\/li>\n<\/ul>\n<p data-start=\"1688\" data-end=\"1708\"><strong>Adecuado para:<\/strong><\/p>\n<p data-start=\"1709\" data-end=\"1778\"><strong data-start=\"1711\" data-end=\"1756\">Nutribiota 90 comprimidos Sensaciones energ\u00e9ticas<\/strong> se recomienda para:<\/p>\n<ul data-start=\"1779\" data-end=\"2118\">\n<li data-start=\"1779\" data-end=\"1848\">\n<p data-start=\"1781\" data-end=\"1848\">Personas que desean mejorar su salud digestiva e intestinal;<\/p>\n<\/li>\n<li data-start=\"1849\" data-end=\"1934\">\n<p data-start=\"1851\" data-end=\"1934\">Cualquier persona que sufra molestias digestivas frecuentes (hinchaz\u00f3n, gases, estre\u00f1imiento);<\/p>\n<\/li>\n<li data-start=\"1935\" data-end=\"1992\">\n<p data-start=\"1937\" data-end=\"1992\">Personas que deseen reforzar su sistema inmunitario;<\/p>\n<\/li>\n<li data-start=\"1993\" data-end=\"2052\">\n<p data-start=\"1995\" data-end=\"2052\">Personas que se recuperan de un tratamiento antibi\u00f3tico;<\/p>\n<\/li>\n<li data-start=\"2053\" data-end=\"2118\">\n<p data-start=\"2055\" data-end=\"2118\">Cualquier persona que desee mantener un estilo de vida sano y equilibrado.<\/p>\n<\/li>\n<\/ul>\n<p><strong>Presentaci\u00f3n:<\/strong><\/p>\n<p>90 comprimidos.<\/p>\n<p>&nbsp;<\/p>\n","protected":false},"excerpt":{"rendered":"<p>Nutribiota 90 comprimidos Energy Feelings &#8211; Suplemento con probi\u00f3ticos y prebi\u00f3ticos para la salud intestinal, digestiva e inmunitaria. [&#8230;]<\/p>\n<p><a class=\"btn btn-secondary understrap-read-more-link\" href=\"https:\/\/www.lifenatura.com\/es\/produto\/nutribiota-90-comprimidos-sensacion-de-energia\/\">Leer m\u00e1s&#8230;<span class=\"screen-reader-text\"> from Nutribiota 90 comprimidos &#8211; Energy Feelings<\/span><\/a><\/p>\n","protected":false},"featured_media":116926,"template":"","meta":{"_acf_changed":false},"product_brand":[8563],"product_cat":[7253,7257,7211,7883],"product_tag":[],"class_list":{"0":"post-118454","1":"product","2":"type-product","3":"status-publish","4":"has-post-thumbnail","6":"product_brand-energy-feelings-es","7":"product_cat-digestion","8":"product_cat-estrenimiento","9":"product_cat-reforza-la-inmunidad-salud","10":"product_cat-suplementos-alimenticios","12":"first","13":"instock","14":"shipping-taxable","15":"purchasable","16":"product-type-simple","17":"add-to-wishlist-before_image"},"acf":[],"yoast_head":"<!-- This site is optimized with the Yoast SEO Premium plugin v27.1 (Yoast SEO v27.5) - https:\/\/yoast.com\/product\/yoast-seo-premium-wordpress\/ -->\n<title>Nutribiota 90 comprimidos - Energy Feelings - Na Lifenatura ao Melhor Pre\u00e7o | Envio em 48h<\/title>\n<meta name=\"description\" content=\"Nutribiota 90 comprimidos Energy Feelings - Suplemento con probi\u00f3ticos y prebi\u00f3ticos para la salud intestinal, digestiva e inmunitaria.\" \/>\n<meta name=\"robots\" content=\"index, follow, max-snippet:-1, max-image-preview:large, max-video-preview:-1\" \/>\n<link rel=\"canonical\" href=\"https:\/\/www.lifenatura.com\/es\/produto\/nutribiota-90-comprimidos-sensacion-de-energia\/\" \/>\n<meta property=\"og:locale\" content=\"es_ES\" \/>\n<meta property=\"og:type\" content=\"article\" \/>\n<meta property=\"og:title\" content=\"Nutribiota 90 comprimidos - Energy Feelings - Na Lifenatura ao Melhor Pre\u00e7o | Envio 48h\" \/>\n<meta property=\"og:description\" content=\"Compre Nutribiota 90 comprimidos - Energy Feelings com envio r\u00e1pido. Entrega em 48h e portes gr\u00e1tis em compras &gt;35\u20ac. Aproveite j\u00e1 na Lifenatura\" \/>\n<meta property=\"og:url\" content=\"https:\/\/www.lifenatura.com\/es\/produto\/nutribiota-90-comprimidos-sensacion-de-energia\/\" \/>\n<meta property=\"og:site_name\" content=\"Lifenatura\" \/>\n<meta property=\"article:publisher\" content=\"https:\/\/www.facebook.com\/lifenatura\" \/>\n<meta property=\"article:modified_time\" content=\"2025-10-13T06:57:28+00:00\" \/>\n<meta property=\"og:image\" content=\"https:\/\/www.lifenatura.com\/wp-content\/uploads\/2025\/09\/nutribiota-energy-feelings.jpg\" \/>\n\t<meta property=\"og:image:width\" content=\"1000\" \/>\n\t<meta property=\"og:image:height\" content=\"1000\" \/>\n\t<meta property=\"og:image:type\" content=\"image\/jpeg\" \/>\n<meta name=\"twitter:card\" content=\"summary_large_image\" \/>\n<meta name=\"twitter:label1\" content=\"Precio\" \/>\n\t<meta name=\"twitter:data1\" content=\"19,31&nbsp;&euro;\" \/>\n\t<meta name=\"twitter:label2\" content=\"Disponibilidad\" \/>\n\t<meta name=\"twitter:data2\" content=\"Disponible\" \/>\n<script type=\"application\/ld+json\" class=\"yoast-schema-graph\">{\"@context\":\"https:\\\/\\\/schema.org\",\"@graph\":[{\"@type\":\"WebPage\",\"@id\":\"https:\\\/\\\/www.lifenatura.com\\\/es\\\/produto\\\/nutribiota-90-comprimidos-sensacion-de-energia\\\/\",\"url\":\"https:\\\/\\\/www.lifenatura.com\\\/es\\\/produto\\\/nutribiota-90-comprimidos-sensacion-de-energia\\\/\",\"name\":\"Nutribiota 90 comprimidos - Energy Feelings - Na Lifenatura ao Melhor Pre\u00e7o | Envio em 48h\",\"isPartOf\":{\"@id\":\"https:\\\/\\\/www.lifenatura.com\\\/es\\\/#website\"},\"primaryImageOfPage\":{\"@id\":\"https:\\\/\\\/www.lifenatura.com\\\/es\\\/produto\\\/nutribiota-90-comprimidos-sensacion-de-energia\\\/#primaryimage\"},\"image\":{\"@id\":\"https:\\\/\\\/www.lifenatura.com\\\/es\\\/produto\\\/nutribiota-90-comprimidos-sensacion-de-energia\\\/#primaryimage\"},\"thumbnailUrl\":\"https:\\\/\\\/www.lifenatura.com\\\/wp-content\\\/uploads\\\/2025\\\/09\\\/nutribiota-energy-feelings.jpg\",\"datePublished\":\"2025-09-12T20:36:28+00:00\",\"dateModified\":\"2025-10-13T06:57:28+00:00\",\"description\":\"Nutribiota 90 comprimidos Energy Feelings - Suplemento con probi\u00f3ticos y prebi\u00f3ticos para la salud intestinal, digestiva e inmunitaria.\",\"breadcrumb\":{\"@id\":\"https:\\\/\\\/www.lifenatura.com\\\/es\\\/produto\\\/nutribiota-90-comprimidos-sensacion-de-energia\\\/#breadcrumb\"},\"inLanguage\":\"es\",\"potentialAction\":[{\"@type\":\"ReadAction\",\"target\":[\"https:\\\/\\\/www.lifenatura.com\\\/es\\\/produto\\\/nutribiota-90-comprimidos-sensacion-de-energia\\\/\"]}]},{\"@type\":\"ImageObject\",\"inLanguage\":\"es\",\"@id\":\"https:\\\/\\\/www.lifenatura.com\\\/es\\\/produto\\\/nutribiota-90-comprimidos-sensacion-de-energia\\\/#primaryimage\",\"url\":\"https:\\\/\\\/www.lifenatura.com\\\/wp-content\\\/uploads\\\/2025\\\/09\\\/nutribiota-energy-feelings.jpg\",\"contentUrl\":\"https:\\\/\\\/www.lifenatura.com\\\/wp-content\\\/uploads\\\/2025\\\/09\\\/nutribiota-energy-feelings.jpg\",\"width\":1000,\"height\":1000},{\"@type\":\"BreadcrumbList\",\"@id\":\"https:\\\/\\\/www.lifenatura.com\\\/es\\\/produto\\\/nutribiota-90-comprimidos-sensacion-de-energia\\\/#breadcrumb\",\"itemListElement\":[{\"@type\":\"ListItem\",\"position\":1,\"name\":\"In\u00edcio\",\"item\":\"https:\\\/\\\/www.lifenatura.com\\\/es\\\/\"},{\"@type\":\"ListItem\",\"position\":2,\"name\":\"Todos los Productos\",\"item\":\"https:\\\/\\\/www.lifenatura.com\\\/es\\\/tienda\\\/\"},{\"@type\":\"ListItem\",\"position\":3,\"name\":\"Nutribiota 90 comprimidos &#8211; Energy Feelings\"}]},{\"@type\":\"WebSite\",\"@id\":\"https:\\\/\\\/www.lifenatura.com\\\/es\\\/#website\",\"url\":\"https:\\\/\\\/www.lifenatura.com\\\/es\\\/\",\"name\":\"Lifenatura\",\"description\":\"A Lifenatura \u00e9 uma loja de produtos naturais, cosm\u00e9tica natural e alimenta\u00e7\u00e3o Biol\u00f3gica.\",\"publisher\":{\"@id\":\"https:\\\/\\\/www.lifenatura.com\\\/es\\\/#organization\"},\"potentialAction\":[{\"@type\":\"SearchAction\",\"target\":{\"@type\":\"EntryPoint\",\"urlTemplate\":\"https:\\\/\\\/www.lifenatura.com\\\/es\\\/?s={search_term_string}\"},\"query-input\":{\"@type\":\"PropertyValueSpecification\",\"valueRequired\":true,\"valueName\":\"search_term_string\"}}],\"inLanguage\":\"es\"},{\"@type\":\"Organization\",\"@id\":\"https:\\\/\\\/www.lifenatura.com\\\/es\\\/#organization\",\"name\":\"Lifenatura\",\"url\":\"https:\\\/\\\/www.lifenatura.com\\\/es\\\/\",\"logo\":{\"@type\":\"ImageObject\",\"inLanguage\":\"es\",\"@id\":\"https:\\\/\\\/www.lifenatura.com\\\/es\\\/#\\\/schema\\\/logo\\\/image\\\/\",\"url\":\"https:\\\/\\\/www.lifenatura.com\\\/wp-content\\\/uploads\\\/2021\\\/07\\\/logo.png\",\"contentUrl\":\"https:\\\/\\\/www.lifenatura.com\\\/wp-content\\\/uploads\\\/2021\\\/07\\\/logo.png\",\"width\":175,\"height\":55,\"caption\":\"Lifenatura\"},\"image\":{\"@id\":\"https:\\\/\\\/www.lifenatura.com\\\/es\\\/#\\\/schema\\\/logo\\\/image\\\/\"},\"sameAs\":[\"https:\\\/\\\/www.facebook.com\\\/lifenatura\",\"https:\\\/\\\/www.instagram.com\\\/lifenaturapt\\\/\"],\"hasMerchantReturnPolicy\":{\"@type\":\"MerchantReturnPolicy\",\"merchantReturnLink\":\"https:\\\/\\\/www.lifenatura.com\\\/termos-condicoes-lifenatura\\\/\"}}]}<\/script>\n<meta property=\"product:price:amount\" content=\"19.31\" \/>\n<meta property=\"product:price:currency\" content=\"EUR\" \/>\n<meta property=\"og:availability\" content=\"instock\" \/>\n<meta property=\"product:availability\" content=\"instock\" \/>\n<meta property=\"product:retailer_item_id\" content=\"8436565924840\" \/>\n<meta property=\"product:condition\" content=\"new\" \/>\n<!-- \/ Yoast SEO Premium plugin. -->","yoast_head_json":{"title":"Nutribiota 90 comprimidos - Energy Feelings - Na Lifenatura ao Melhor Pre\u00e7o | Envio em 48h","description":"Nutribiota 90 comprimidos Energy Feelings - Suplemento con probi\u00f3ticos y prebi\u00f3ticos para la salud intestinal, digestiva e inmunitaria.","robots":{"index":"index","follow":"follow","max-snippet":"max-snippet:-1","max-image-preview":"max-image-preview:large","max-video-preview":"max-video-preview:-1"},"canonical":"https:\/\/www.lifenatura.com\/es\/produto\/nutribiota-90-comprimidos-sensacion-de-energia\/","og_locale":"es_ES","og_type":"article","og_title":"Nutribiota 90 comprimidos - Energy Feelings - Na Lifenatura ao Melhor Pre\u00e7o | Envio 48h","og_description":"Compre Nutribiota 90 comprimidos - Energy Feelings com envio r\u00e1pido. Entrega em 48h e portes gr\u00e1tis em compras >35\u20ac. Aproveite j\u00e1 na Lifenatura","og_url":"https:\/\/www.lifenatura.com\/es\/produto\/nutribiota-90-comprimidos-sensacion-de-energia\/","og_site_name":"Lifenatura","article_publisher":"https:\/\/www.facebook.com\/lifenatura","article_modified_time":"2025-10-13T06:57:28+00:00","og_image":[{"width":1000,"height":1000,"url":"https:\/\/www.lifenatura.com\/wp-content\/uploads\/2025\/09\/nutribiota-energy-feelings.jpg","type":"image\/jpeg"}],"twitter_card":"summary_large_image","twitter_misc":{"Precio":"19,31&nbsp;&euro;","Disponibilidad":"Disponible"},"schema":{"@context":"https:\/\/schema.org","@graph":[{"@type":"WebPage","@id":"https:\/\/www.lifenatura.com\/es\/produto\/nutribiota-90-comprimidos-sensacion-de-energia\/","url":"https:\/\/www.lifenatura.com\/es\/produto\/nutribiota-90-comprimidos-sensacion-de-energia\/","name":"Nutribiota 90 comprimidos - Energy Feelings - Na Lifenatura ao Melhor Pre\u00e7o | Envio em 48h","isPartOf":{"@id":"https:\/\/www.lifenatura.com\/es\/#website"},"primaryImageOfPage":{"@id":"https:\/\/www.lifenatura.com\/es\/produto\/nutribiota-90-comprimidos-sensacion-de-energia\/#primaryimage"},"image":{"@id":"https:\/\/www.lifenatura.com\/es\/produto\/nutribiota-90-comprimidos-sensacion-de-energia\/#primaryimage"},"thumbnailUrl":"https:\/\/www.lifenatura.com\/wp-content\/uploads\/2025\/09\/nutribiota-energy-feelings.jpg","datePublished":"2025-09-12T20:36:28+00:00","dateModified":"2025-10-13T06:57:28+00:00","description":"Nutribiota 90 comprimidos Energy Feelings - Suplemento con probi\u00f3ticos y prebi\u00f3ticos para la salud intestinal, digestiva e inmunitaria.","breadcrumb":{"@id":"https:\/\/www.lifenatura.com\/es\/produto\/nutribiota-90-comprimidos-sensacion-de-energia\/#breadcrumb"},"inLanguage":"es","potentialAction":[{"@type":"ReadAction","target":["https:\/\/www.lifenatura.com\/es\/produto\/nutribiota-90-comprimidos-sensacion-de-energia\/"]}]},{"@type":"ImageObject","inLanguage":"es","@id":"https:\/\/www.lifenatura.com\/es\/produto\/nutribiota-90-comprimidos-sensacion-de-energia\/#primaryimage","url":"https:\/\/www.lifenatura.com\/wp-content\/uploads\/2025\/09\/nutribiota-energy-feelings.jpg","contentUrl":"https:\/\/www.lifenatura.com\/wp-content\/uploads\/2025\/09\/nutribiota-energy-feelings.jpg","width":1000,"height":1000},{"@type":"BreadcrumbList","@id":"https:\/\/www.lifenatura.com\/es\/produto\/nutribiota-90-comprimidos-sensacion-de-energia\/#breadcrumb","itemListElement":[{"@type":"ListItem","position":1,"name":"In\u00edcio","item":"https:\/\/www.lifenatura.com\/es\/"},{"@type":"ListItem","position":2,"name":"Todos los Productos","item":"https:\/\/www.lifenatura.com\/es\/tienda\/"},{"@type":"ListItem","position":3,"name":"Nutribiota 90 comprimidos &#8211; Energy Feelings"}]},{"@type":"WebSite","@id":"https:\/\/www.lifenatura.com\/es\/#website","url":"https:\/\/www.lifenatura.com\/es\/","name":"Lifenatura","description":"A Lifenatura \u00e9 uma loja de produtos naturais, cosm\u00e9tica natural e alimenta\u00e7\u00e3o Biol\u00f3gica.","publisher":{"@id":"https:\/\/www.lifenatura.com\/es\/#organization"},"potentialAction":[{"@type":"SearchAction","target":{"@type":"EntryPoint","urlTemplate":"https:\/\/www.lifenatura.com\/es\/?s={search_term_string}"},"query-input":{"@type":"PropertyValueSpecification","valueRequired":true,"valueName":"search_term_string"}}],"inLanguage":"es"},{"@type":"Organization","@id":"https:\/\/www.lifenatura.com\/es\/#organization","name":"Lifenatura","url":"https:\/\/www.lifenatura.com\/es\/","logo":{"@type":"ImageObject","inLanguage":"es","@id":"https:\/\/www.lifenatura.com\/es\/#\/schema\/logo\/image\/","url":"https:\/\/www.lifenatura.com\/wp-content\/uploads\/2021\/07\/logo.png","contentUrl":"https:\/\/www.lifenatura.com\/wp-content\/uploads\/2021\/07\/logo.png","width":175,"height":55,"caption":"Lifenatura"},"image":{"@id":"https:\/\/www.lifenatura.com\/es\/#\/schema\/logo\/image\/"},"sameAs":["https:\/\/www.facebook.com\/lifenatura","https:\/\/www.instagram.com\/lifenaturapt\/"],"hasMerchantReturnPolicy":{"@type":"MerchantReturnPolicy","merchantReturnLink":"https:\/\/www.lifenatura.com\/termos-condicoes-lifenatura\/"}}]},"product_price_amount":"19.31","product_price_currency":"EUR","og_availability":"instock","product_availability":"instock","product_retailer_item_id":"8436565924840","product_condition":"new"},"df_price":19.31,"df_sale_price":"","df_regular_price":19.31,"df_image_link":"https:\/\/www.lifenatura.com\/wp-content\/uploads\/2025\/09\/nutribiota-energy-feelings-300x300.jpg","_links":{"self":[{"href":"https:\/\/www.lifenatura.com\/es\/wp-json\/wp\/v2\/product\/118454","targetHints":{"allow":["GET"]}}],"collection":[{"href":"https:\/\/www.lifenatura.com\/es\/wp-json\/wp\/v2\/product"}],"about":[{"href":"https:\/\/www.lifenatura.com\/es\/wp-json\/wp\/v2\/types\/product"}],"wp:featuredmedia":[{"embeddable":true,"href":"https:\/\/www.lifenatura.com\/es\/wp-json\/wp\/v2\/media\/116926"}],"wp:attachment":[{"href":"https:\/\/www.lifenatura.com\/es\/wp-json\/wp\/v2\/media?parent=118454"}],"wp:term":[{"taxonomy":"product_brand","embeddable":true,"href":"https:\/\/www.lifenatura.com\/es\/wp-json\/wp\/v2\/product_brand?post=118454"},{"taxonomy":"product_cat","embeddable":true,"href":"https:\/\/www.lifenatura.com\/es\/wp-json\/wp\/v2\/product_cat?post=118454"},{"taxonomy":"product_tag","embeddable":true,"href":"https:\/\/www.lifenatura.com\/es\/wp-json\/wp\/v2\/product_tag?post=118454"}],"curies":[{"name":"wp","href":"https:\/\/api.w.org\/{rel}","templated":true}]}}