{"id":118449,"date":"2025-09-12T20:36:25","date_gmt":"2025-09-12T20:36:25","guid":{"rendered":"https:\/\/www.lifenatura.com\/produto\/nibs-de-cacao-con-chocolate-negro-200-g-energy-feelings\/"},"modified":"2025-10-13T06:59:05","modified_gmt":"2025-10-13T06:59:05","slug":"nibs-de-cacao-con-chocolate-negro-200-g-energy-feelings","status":"publish","type":"product","link":"https:\/\/www.lifenatura.com\/es\/produto\/nibs-de-cacao-con-chocolate-negro-200-g-energy-feelings\/","title":{"rendered":"Nibs de Cacao con Chocolate Negro 200 g &#8211; Energy Feelings"},"content":{"rendered":"<h2 style=\"text-align: left;\" data-start=\"218\" data-end=\"282\">Nibs de Cacao con Chocolate Negro Ecol\u00f3gico 200 g &#8211; Energy Feelings<\/h2>\n<p>&nbsp;<\/p>\n<p data-start=\"331\" data-end=\"701\"><strong data-start=\"334\" data-end=\"394\">Los Nibs de Cacao con Chocolate Negro Ecol\u00f3gico Energy Feelings<\/strong> son una deliciosa y nutritiva fusi\u00f3n entre la pureza de los granos de cacao crudo y la intensidad del chocolate negro de alta calidad. Este producto combina lo mejor de la naturaleza: el poder antioxidante del cacao y la riqueza nutricional del chocolate negro, ofreciendo un tentempi\u00e9 sano, energizante e irresistible.<\/p>\n<p data-start=\"703\" data-end=\"1056\">Elaborados con cacao ecol\u00f3gico, los nibs conservan todos los nutrientes esenciales de este antiguo superalimento, como <strong data-start=\"833\" data-end=\"889\">el magnesio, el hierro, el potasio y los polifenoles antioxidantes<\/strong>. Recubiertas de chocolate negro tambi\u00e9n de origen ecol\u00f3gico, crean una combinaci\u00f3n perfecta de crujido e intensidad, ideal para saciar los antojos de forma saludable.<\/p>\n<p data-start=\"1058\" data-end=\"1399\">Estos nibs son una excelente alternativa a los tentempi\u00e9s convencionales, ya que ayudan a potenciar <strong data-start=\"1145\" data-end=\"1172\">la energ\u00eda f\u00edsica y mental<\/strong> gracias a su contenido natural de teobromina y cafe\u00edna. Adem\u00e1s, los antioxidantes del cacao ayudan a <strong data-start=\"1281\" data-end=\"1331\">proteger las c\u00e9lulas contra el estr\u00e9s oxidativo<\/strong>, favoreciendo el bienestar general y apoyando la salud cardiovascular.<\/p>\n<p data-start=\"1401\" data-end=\"1429\"><strong>Principales ventajas:<\/strong><\/p>\n<ul data-start=\"1430\" data-end=\"1724\">\n<li data-start=\"1430\" data-end=\"1476\">\n<p data-start=\"1432\" data-end=\"1476\">Una fuente natural de <strong data-start=\"1449\" data-end=\"1473\">energ\u00eda y vitalidad<\/strong>;<\/p>\n<\/li>\n<li data-start=\"1477\" data-end=\"1551\">\n<p data-start=\"1479\" data-end=\"1551\">Rico en <strong data-start=\"1487\" data-end=\"1507\">magnesio y hierro<\/strong>, que ayudan a reducir la fatiga;<\/p>\n<\/li>\n<li data-start=\"1552\" data-end=\"1614\">\n<p data-start=\"1554\" data-end=\"1614\">Alto contenido en <strong data-start=\"1570\" data-end=\"1587\">antioxidantes<\/strong> que protegen las c\u00e9lulas;<\/p>\n<\/li>\n<li data-start=\"1615\" data-end=\"1673\">\n<p data-start=\"1617\" data-end=\"1673\">Apoyo a la <strong data-start=\"1625\" data-end=\"1645\">funci\u00f3n cognitiva<\/strong> y al bienestar emocional;<\/p>\n<\/li>\n<li data-start=\"1674\" data-end=\"1724\">\n<p data-start=\"1676\" data-end=\"1724\">Snack sano, ecol\u00f3gico, vegano y sin gluten.<\/p>\n<\/li>\n<\/ul>\n<p data-start=\"1726\" data-end=\"1743\"><strong>Indicaciones:<\/strong><\/p>\n<p data-start=\"1744\" data-end=\"1822\"><strong data-start=\"1747\" data-end=\"1800\">Los Nibs de Cacao con Chocolate Negro Energy Feelings<\/strong> est\u00e1n recomendados para:<\/p>\n<ul data-start=\"1823\" data-end=\"2069\">\n<li data-start=\"1823\" data-end=\"1870\">\n<p data-start=\"1825\" data-end=\"1870\">Cualquiera que busque un tentempi\u00e9 nutritivo y sabroso;<\/p>\n<\/li>\n<li data-start=\"1871\" data-end=\"1936\">\n<p data-start=\"1873\" data-end=\"1936\">Personas activas que necesitan energ\u00eda extra durante el d\u00eda;<\/p>\n<\/li>\n<li data-start=\"1937\" data-end=\"1994\">\n<p data-start=\"1939\" data-end=\"1994\">Amantes del chocolate que quieren una versi\u00f3n sana;<\/p>\n<\/li>\n<li data-start=\"1995\" data-end=\"2069\">\n<p data-start=\"1997\" data-end=\"2069\">Vegetarianos, veganos y cualquier persona que valore los alimentos ecol\u00f3gicos y naturales.<\/p>\n<\/li>\n<\/ul>\n<p><strong>Presentaci\u00f3n:<\/strong><\/p>\n<p>200g<\/p>\n<p>&nbsp;<\/p>\n","protected":false},"excerpt":{"rendered":"<p>Nibs de Cacao con Chocolate Negro 200 g Energy Feelings &#8211; Snack sano, energizante y antioxidante. Ricas en magnesio, hierro y polifenoles. Vegano y sin gluten. [&#8230;]<\/p>\n<p><a class=\"btn btn-secondary understrap-read-more-link\" href=\"https:\/\/www.lifenatura.com\/es\/produto\/nibs-de-cacao-con-chocolate-negro-200-g-energy-feelings\/\">Leer m\u00e1s&#8230;<span class=\"screen-reader-text\"> from Nibs de Cacao con Chocolate Negro 200 g &#8211; Energy Feelings<\/span><\/a><\/p>\n","protected":false},"featured_media":116924,"template":"","meta":{"_acf_changed":false},"product_brand":[8563],"product_cat":[7064,7152,7081,7659,7074],"product_tag":[],"class_list":{"0":"post-118449","1":"product","2":"type-product","3":"status-publish","4":"has-post-thumbnail","6":"product_brand-energy-feelings-es","7":"product_cat-alimentacion-sana","8":"product_cat-cacao","9":"product_cat-chocolate-negro","10":"product_cat-ingrediente-natural-bio","11":"product_cat-productos-alimenticios","13":"first","14":"instock","15":"shipping-taxable","16":"purchasable","17":"product-type-simple","18":"add-to-wishlist-before_image"},"acf":[],"yoast_head":"<!-- This site is optimized with the Yoast SEO Premium plugin v27.1 (Yoast SEO v27.5) - https:\/\/yoast.com\/product\/yoast-seo-premium-wordpress\/ -->\n<title>Nibs de Cacao con Chocolate Negro 200 g - Energy Feelings - Na Lifenatura ao Melhor Pre\u00e7o | Envio em 48h<\/title>\n<meta name=\"description\" content=\"Nibs de Cacao con Chocolate Negro 200g snack sano, energizante y antioxidante. Ricas en magnesio, hierro y polifenoles. Vegano y sin gluten.\" \/>\n<meta name=\"robots\" content=\"index, follow, max-snippet:-1, max-image-preview:large, max-video-preview:-1\" \/>\n<link rel=\"canonical\" href=\"https:\/\/www.lifenatura.com\/es\/produto\/nibs-de-cacao-con-chocolate-negro-200-g-energy-feelings\/\" \/>\n<meta property=\"og:locale\" content=\"es_ES\" \/>\n<meta property=\"og:type\" content=\"article\" \/>\n<meta property=\"og:title\" content=\"Nibs de Cacao con Chocolate Negro 200 g - Energy Feelings - Na Lifenatura ao Melhor Pre\u00e7o | Envio 48h\" \/>\n<meta property=\"og:description\" content=\"Compre Nibs de Cacao con Chocolate Negro 200 g - Energy Feelings com envio r\u00e1pido. Entrega em 48h e portes gr\u00e1tis em compras &gt;35\u20ac. Aproveite j\u00e1 na Lifenatura\" \/>\n<meta property=\"og:url\" content=\"https:\/\/www.lifenatura.com\/es\/produto\/nibs-de-cacao-con-chocolate-negro-200-g-energy-feelings\/\" \/>\n<meta property=\"og:site_name\" content=\"Lifenatura\" \/>\n<meta property=\"article:publisher\" content=\"https:\/\/www.facebook.com\/lifenatura\" \/>\n<meta property=\"article:modified_time\" content=\"2025-10-13T06:59:05+00:00\" \/>\n<meta property=\"og:image\" content=\"https:\/\/www.lifenatura.com\/wp-content\/uploads\/2025\/09\/nibs-cacao-choco-negro-200g-energy-feelings.jpg\" \/>\n\t<meta property=\"og:image:width\" content=\"1000\" \/>\n\t<meta property=\"og:image:height\" content=\"1000\" \/>\n\t<meta property=\"og:image:type\" content=\"image\/jpeg\" \/>\n<meta name=\"twitter:card\" content=\"summary_large_image\" \/>\n<meta name=\"twitter:label1\" content=\"Precio\" \/>\n\t<meta name=\"twitter:data1\" content=\"13,09&nbsp;&euro;\" \/>\n\t<meta name=\"twitter:label2\" content=\"Disponibilidad\" \/>\n\t<meta name=\"twitter:data2\" content=\"Disponible\" \/>\n<script type=\"application\/ld+json\" class=\"yoast-schema-graph\">{\"@context\":\"https:\\\/\\\/schema.org\",\"@graph\":[{\"@type\":\"WebPage\",\"@id\":\"https:\\\/\\\/www.lifenatura.com\\\/es\\\/produto\\\/nibs-de-cacao-con-chocolate-negro-200-g-energy-feelings\\\/\",\"url\":\"https:\\\/\\\/www.lifenatura.com\\\/es\\\/produto\\\/nibs-de-cacao-con-chocolate-negro-200-g-energy-feelings\\\/\",\"name\":\"Nibs de Cacao con Chocolate Negro 200 g - Energy Feelings - Na Lifenatura ao Melhor Pre\u00e7o | Envio em 48h\",\"isPartOf\":{\"@id\":\"https:\\\/\\\/www.lifenatura.com\\\/es\\\/#website\"},\"primaryImageOfPage\":{\"@id\":\"https:\\\/\\\/www.lifenatura.com\\\/es\\\/produto\\\/nibs-de-cacao-con-chocolate-negro-200-g-energy-feelings\\\/#primaryimage\"},\"image\":{\"@id\":\"https:\\\/\\\/www.lifenatura.com\\\/es\\\/produto\\\/nibs-de-cacao-con-chocolate-negro-200-g-energy-feelings\\\/#primaryimage\"},\"thumbnailUrl\":\"https:\\\/\\\/www.lifenatura.com\\\/wp-content\\\/uploads\\\/2025\\\/09\\\/nibs-cacao-choco-negro-200g-energy-feelings.jpg\",\"datePublished\":\"2025-09-12T20:36:25+00:00\",\"dateModified\":\"2025-10-13T06:59:05+00:00\",\"description\":\"Nibs de Cacao con Chocolate Negro 200g snack sano, energizante y antioxidante. Ricas en magnesio, hierro y polifenoles. Vegano y sin gluten.\",\"breadcrumb\":{\"@id\":\"https:\\\/\\\/www.lifenatura.com\\\/es\\\/produto\\\/nibs-de-cacao-con-chocolate-negro-200-g-energy-feelings\\\/#breadcrumb\"},\"inLanguage\":\"es\",\"potentialAction\":[{\"@type\":\"ReadAction\",\"target\":[\"https:\\\/\\\/www.lifenatura.com\\\/es\\\/produto\\\/nibs-de-cacao-con-chocolate-negro-200-g-energy-feelings\\\/\"]}]},{\"@type\":\"ImageObject\",\"inLanguage\":\"es\",\"@id\":\"https:\\\/\\\/www.lifenatura.com\\\/es\\\/produto\\\/nibs-de-cacao-con-chocolate-negro-200-g-energy-feelings\\\/#primaryimage\",\"url\":\"https:\\\/\\\/www.lifenatura.com\\\/wp-content\\\/uploads\\\/2025\\\/09\\\/nibs-cacao-choco-negro-200g-energy-feelings.jpg\",\"contentUrl\":\"https:\\\/\\\/www.lifenatura.com\\\/wp-content\\\/uploads\\\/2025\\\/09\\\/nibs-cacao-choco-negro-200g-energy-feelings.jpg\",\"width\":1000,\"height\":1000},{\"@type\":\"BreadcrumbList\",\"@id\":\"https:\\\/\\\/www.lifenatura.com\\\/es\\\/produto\\\/nibs-de-cacao-con-chocolate-negro-200-g-energy-feelings\\\/#breadcrumb\",\"itemListElement\":[{\"@type\":\"ListItem\",\"position\":1,\"name\":\"In\u00edcio\",\"item\":\"https:\\\/\\\/www.lifenatura.com\\\/es\\\/\"},{\"@type\":\"ListItem\",\"position\":2,\"name\":\"Todos los Productos\",\"item\":\"https:\\\/\\\/www.lifenatura.com\\\/es\\\/tienda\\\/\"},{\"@type\":\"ListItem\",\"position\":3,\"name\":\"Nibs de Cacao con Chocolate Negro 200 g &#8211; Energy Feelings\"}]},{\"@type\":\"WebSite\",\"@id\":\"https:\\\/\\\/www.lifenatura.com\\\/es\\\/#website\",\"url\":\"https:\\\/\\\/www.lifenatura.com\\\/es\\\/\",\"name\":\"Lifenatura\",\"description\":\"A Lifenatura \u00e9 uma loja de produtos naturais, cosm\u00e9tica natural e alimenta\u00e7\u00e3o Biol\u00f3gica.\",\"publisher\":{\"@id\":\"https:\\\/\\\/www.lifenatura.com\\\/es\\\/#organization\"},\"potentialAction\":[{\"@type\":\"SearchAction\",\"target\":{\"@type\":\"EntryPoint\",\"urlTemplate\":\"https:\\\/\\\/www.lifenatura.com\\\/es\\\/?s={search_term_string}\"},\"query-input\":{\"@type\":\"PropertyValueSpecification\",\"valueRequired\":true,\"valueName\":\"search_term_string\"}}],\"inLanguage\":\"es\"},{\"@type\":\"Organization\",\"@id\":\"https:\\\/\\\/www.lifenatura.com\\\/es\\\/#organization\",\"name\":\"Lifenatura\",\"url\":\"https:\\\/\\\/www.lifenatura.com\\\/es\\\/\",\"logo\":{\"@type\":\"ImageObject\",\"inLanguage\":\"es\",\"@id\":\"https:\\\/\\\/www.lifenatura.com\\\/es\\\/#\\\/schema\\\/logo\\\/image\\\/\",\"url\":\"https:\\\/\\\/www.lifenatura.com\\\/wp-content\\\/uploads\\\/2021\\\/07\\\/logo.png\",\"contentUrl\":\"https:\\\/\\\/www.lifenatura.com\\\/wp-content\\\/uploads\\\/2021\\\/07\\\/logo.png\",\"width\":175,\"height\":55,\"caption\":\"Lifenatura\"},\"image\":{\"@id\":\"https:\\\/\\\/www.lifenatura.com\\\/es\\\/#\\\/schema\\\/logo\\\/image\\\/\"},\"sameAs\":[\"https:\\\/\\\/www.facebook.com\\\/lifenatura\",\"https:\\\/\\\/www.instagram.com\\\/lifenaturapt\\\/\"],\"hasMerchantReturnPolicy\":{\"@type\":\"MerchantReturnPolicy\",\"merchantReturnLink\":\"https:\\\/\\\/www.lifenatura.com\\\/termos-condicoes-lifenatura\\\/\"}}]}<\/script>\n<meta property=\"product:price:amount\" content=\"13.09\" \/>\n<meta property=\"product:price:currency\" content=\"EUR\" \/>\n<meta property=\"og:availability\" content=\"instock\" \/>\n<meta property=\"product:availability\" content=\"instock\" \/>\n<meta property=\"product:retailer_item_id\" content=\"8436565925540\" \/>\n<meta property=\"product:condition\" content=\"new\" \/>\n<!-- \/ Yoast SEO Premium plugin. -->","yoast_head_json":{"title":"Nibs de Cacao con Chocolate Negro 200 g - Energy Feelings - Na Lifenatura ao Melhor Pre\u00e7o | Envio em 48h","description":"Nibs de Cacao con Chocolate Negro 200g snack sano, energizante y antioxidante. Ricas en magnesio, hierro y polifenoles. Vegano y sin gluten.","robots":{"index":"index","follow":"follow","max-snippet":"max-snippet:-1","max-image-preview":"max-image-preview:large","max-video-preview":"max-video-preview:-1"},"canonical":"https:\/\/www.lifenatura.com\/es\/produto\/nibs-de-cacao-con-chocolate-negro-200-g-energy-feelings\/","og_locale":"es_ES","og_type":"article","og_title":"Nibs de Cacao con Chocolate Negro 200 g - Energy Feelings - Na Lifenatura ao Melhor Pre\u00e7o | Envio 48h","og_description":"Compre Nibs de Cacao con Chocolate Negro 200 g - Energy Feelings com envio r\u00e1pido. Entrega em 48h e portes gr\u00e1tis em compras >35\u20ac. Aproveite j\u00e1 na Lifenatura","og_url":"https:\/\/www.lifenatura.com\/es\/produto\/nibs-de-cacao-con-chocolate-negro-200-g-energy-feelings\/","og_site_name":"Lifenatura","article_publisher":"https:\/\/www.facebook.com\/lifenatura","article_modified_time":"2025-10-13T06:59:05+00:00","og_image":[{"width":1000,"height":1000,"url":"https:\/\/www.lifenatura.com\/wp-content\/uploads\/2025\/09\/nibs-cacao-choco-negro-200g-energy-feelings.jpg","type":"image\/jpeg"}],"twitter_card":"summary_large_image","twitter_misc":{"Precio":"13,09&nbsp;&euro;","Disponibilidad":"Disponible"},"schema":{"@context":"https:\/\/schema.org","@graph":[{"@type":"WebPage","@id":"https:\/\/www.lifenatura.com\/es\/produto\/nibs-de-cacao-con-chocolate-negro-200-g-energy-feelings\/","url":"https:\/\/www.lifenatura.com\/es\/produto\/nibs-de-cacao-con-chocolate-negro-200-g-energy-feelings\/","name":"Nibs de Cacao con Chocolate Negro 200 g - Energy Feelings - Na Lifenatura ao Melhor Pre\u00e7o | Envio em 48h","isPartOf":{"@id":"https:\/\/www.lifenatura.com\/es\/#website"},"primaryImageOfPage":{"@id":"https:\/\/www.lifenatura.com\/es\/produto\/nibs-de-cacao-con-chocolate-negro-200-g-energy-feelings\/#primaryimage"},"image":{"@id":"https:\/\/www.lifenatura.com\/es\/produto\/nibs-de-cacao-con-chocolate-negro-200-g-energy-feelings\/#primaryimage"},"thumbnailUrl":"https:\/\/www.lifenatura.com\/wp-content\/uploads\/2025\/09\/nibs-cacao-choco-negro-200g-energy-feelings.jpg","datePublished":"2025-09-12T20:36:25+00:00","dateModified":"2025-10-13T06:59:05+00:00","description":"Nibs de Cacao con Chocolate Negro 200g snack sano, energizante y antioxidante. Ricas en magnesio, hierro y polifenoles. Vegano y sin gluten.","breadcrumb":{"@id":"https:\/\/www.lifenatura.com\/es\/produto\/nibs-de-cacao-con-chocolate-negro-200-g-energy-feelings\/#breadcrumb"},"inLanguage":"es","potentialAction":[{"@type":"ReadAction","target":["https:\/\/www.lifenatura.com\/es\/produto\/nibs-de-cacao-con-chocolate-negro-200-g-energy-feelings\/"]}]},{"@type":"ImageObject","inLanguage":"es","@id":"https:\/\/www.lifenatura.com\/es\/produto\/nibs-de-cacao-con-chocolate-negro-200-g-energy-feelings\/#primaryimage","url":"https:\/\/www.lifenatura.com\/wp-content\/uploads\/2025\/09\/nibs-cacao-choco-negro-200g-energy-feelings.jpg","contentUrl":"https:\/\/www.lifenatura.com\/wp-content\/uploads\/2025\/09\/nibs-cacao-choco-negro-200g-energy-feelings.jpg","width":1000,"height":1000},{"@type":"BreadcrumbList","@id":"https:\/\/www.lifenatura.com\/es\/produto\/nibs-de-cacao-con-chocolate-negro-200-g-energy-feelings\/#breadcrumb","itemListElement":[{"@type":"ListItem","position":1,"name":"In\u00edcio","item":"https:\/\/www.lifenatura.com\/es\/"},{"@type":"ListItem","position":2,"name":"Todos los Productos","item":"https:\/\/www.lifenatura.com\/es\/tienda\/"},{"@type":"ListItem","position":3,"name":"Nibs de Cacao con Chocolate Negro 200 g &#8211; Energy Feelings"}]},{"@type":"WebSite","@id":"https:\/\/www.lifenatura.com\/es\/#website","url":"https:\/\/www.lifenatura.com\/es\/","name":"Lifenatura","description":"A Lifenatura \u00e9 uma loja de produtos naturais, cosm\u00e9tica natural e alimenta\u00e7\u00e3o Biol\u00f3gica.","publisher":{"@id":"https:\/\/www.lifenatura.com\/es\/#organization"},"potentialAction":[{"@type":"SearchAction","target":{"@type":"EntryPoint","urlTemplate":"https:\/\/www.lifenatura.com\/es\/?s={search_term_string}"},"query-input":{"@type":"PropertyValueSpecification","valueRequired":true,"valueName":"search_term_string"}}],"inLanguage":"es"},{"@type":"Organization","@id":"https:\/\/www.lifenatura.com\/es\/#organization","name":"Lifenatura","url":"https:\/\/www.lifenatura.com\/es\/","logo":{"@type":"ImageObject","inLanguage":"es","@id":"https:\/\/www.lifenatura.com\/es\/#\/schema\/logo\/image\/","url":"https:\/\/www.lifenatura.com\/wp-content\/uploads\/2021\/07\/logo.png","contentUrl":"https:\/\/www.lifenatura.com\/wp-content\/uploads\/2021\/07\/logo.png","width":175,"height":55,"caption":"Lifenatura"},"image":{"@id":"https:\/\/www.lifenatura.com\/es\/#\/schema\/logo\/image\/"},"sameAs":["https:\/\/www.facebook.com\/lifenatura","https:\/\/www.instagram.com\/lifenaturapt\/"],"hasMerchantReturnPolicy":{"@type":"MerchantReturnPolicy","merchantReturnLink":"https:\/\/www.lifenatura.com\/termos-condicoes-lifenatura\/"}}]},"product_price_amount":"13.09","product_price_currency":"EUR","og_availability":"instock","product_availability":"instock","product_retailer_item_id":"8436565925540","product_condition":"new"},"df_price":13.09,"df_sale_price":"","df_regular_price":13.09,"df_image_link":"https:\/\/www.lifenatura.com\/wp-content\/uploads\/2025\/09\/nibs-cacao-choco-negro-200g-energy-feelings-300x300.jpg","_links":{"self":[{"href":"https:\/\/www.lifenatura.com\/es\/wp-json\/wp\/v2\/product\/118449","targetHints":{"allow":["GET"]}}],"collection":[{"href":"https:\/\/www.lifenatura.com\/es\/wp-json\/wp\/v2\/product"}],"about":[{"href":"https:\/\/www.lifenatura.com\/es\/wp-json\/wp\/v2\/types\/product"}],"wp:featuredmedia":[{"embeddable":true,"href":"https:\/\/www.lifenatura.com\/es\/wp-json\/wp\/v2\/media\/116924"}],"wp:attachment":[{"href":"https:\/\/www.lifenatura.com\/es\/wp-json\/wp\/v2\/media?parent=118449"}],"wp:term":[{"taxonomy":"product_brand","embeddable":true,"href":"https:\/\/www.lifenatura.com\/es\/wp-json\/wp\/v2\/product_brand?post=118449"},{"taxonomy":"product_cat","embeddable":true,"href":"https:\/\/www.lifenatura.com\/es\/wp-json\/wp\/v2\/product_cat?post=118449"},{"taxonomy":"product_tag","embeddable":true,"href":"https:\/\/www.lifenatura.com\/es\/wp-json\/wp\/v2\/product_tag?post=118449"}],"curies":[{"name":"wp","href":"https:\/\/api.w.org\/{rel}","templated":true}]}}