{"id":118446,"date":"2025-09-12T20:36:02","date_gmt":"2025-09-12T20:36:02","guid":{"rendered":"https:\/\/www.lifenatura.com\/produto\/levadura-nutricional-zinc-120-comprimidos-sensacion-de-energia\/"},"modified":"2025-10-14T19:59:25","modified_gmt":"2025-10-14T19:59:25","slug":"levadura-nutricional-zinc-120-comprimidos-sensacion-de-energia","status":"publish","type":"product","link":"https:\/\/www.lifenatura.com\/es\/produto\/levadura-nutricional-zinc-120-comprimidos-sensacion-de-energia\/","title":{"rendered":"Levadura Nutricional Zinc 120 Comprimidos &#8211; Energy Feelings"},"content":{"rendered":"<h2 style=\"text-align: left;\" data-start=\"188\" data-end=\"257\">Levadura Nutricional con Zinc 120 Comprimidos &#8211; <strong data-start=\"321\" data-end=\"374\">Energy Feelings<\/strong><\/h2>\n<p>&nbsp;<\/p>\n<p data-start=\"319\" data-end=\"628\"><strong data-start=\"321\" data-end=\"374\">La Levadura Nutricional con Zinc de Energy Feelings<\/strong> es un complemento alimenticio innovador que combina los beneficios de la levadura inactiva con el poder del <strong data-start=\"465\" data-end=\"474\">zinc<\/strong>, un mineral esencial para la salud y la vitalidad del organismo. En formato de comprimidos, es una opci\u00f3n pr\u00e1ctica y eficaz para potenciar el bienestar diario.<\/p>\n<p data-start=\"630\" data-end=\"986\">La levadura nutricional es una rica fuente de <strong data-start=\"673\" data-end=\"739\">prote\u00ednas vegetales, fibra, vitaminas del grupo B y minerales<\/strong> como el hierro y el magnesio, que contribuyen al metabolismo energ\u00e9tico normal, reducen el cansancio y la fatiga y equilibran el sistema nervioso. Tambi\u00e9n tiene propiedades antioxidantes que ayudan a proteger las c\u00e9lulas contra el estr\u00e9s oxidativo.<\/p>\n<p data-start=\"988\" data-end=\"1367\">El <strong data-start=\"990\" data-end=\"999\">zinc<\/strong> de esta f\u00f3rmula desempe\u00f1a un papel fundamental en muchas de las funciones del organismo: refuerza el <strong data-start=\"1105\" data-end=\"1127\">sistema inmunitario<\/strong>, ayuda a mantener la piel, el pelo y las u\u00f1as, favorece la <strong data-start=\"1190\" data-end=\"1218\">fertilidad<\/strong> y la <strong data-start=\"1190\" data-end=\"1218\">reproducci\u00f3n<\/strong> normales y participa en el proceso de divisi\u00f3n celular. Por tanto, es un micronutriente indispensable para cualquiera que busque vitalidad, equilibrio y protecci\u00f3n.<\/p>\n<p data-start=\"1369\" data-end=\"1589\">Gracias a su composici\u00f3n natural y a su pr\u00e1ctico formato en comprimidos, <strong data-start=\"1446\" data-end=\"1499\">la levadura nutricional Energy Feelings con zinc<\/strong> se adapta f\u00e1cilmente a los estilos de vida activos y a las distintas necesidades nutricionales.<\/p>\n<p data-start=\"1591\" data-end=\"1619\"><strong>Principales ventajas:<\/strong><\/p>\n<ul data-start=\"1620\" data-end=\"1959\">\n<li data-start=\"1620\" data-end=\"1677\">\n<p data-start=\"1622\" data-end=\"1677\">Fuente natural de <strong data-start=\"1639\" data-end=\"1674\">prote\u00ednas, vitaminas del grupo B y fibra<\/strong>;<\/p>\n<\/li>\n<li data-start=\"1678\" data-end=\"1736\">\n<p data-start=\"1680\" data-end=\"1736\">Enriquecido con <strong data-start=\"1696\" data-end=\"1705\">zinc<\/strong>, esencial para la inmunidad;<\/p>\n<\/li>\n<li data-start=\"1737\" data-end=\"1792\">\n<p data-start=\"1739\" data-end=\"1792\">Contribuye a <strong data-start=\"1756\" data-end=\"1789\">la salud de la piel, el cabello y las u\u00f1as<\/strong>;<\/p>\n<\/li>\n<li data-start=\"1793\" data-end=\"1842\">\n<p data-start=\"1795\" data-end=\"1842\">Favorece <strong data-start=\"1803\" data-end=\"1839\">la fertilidad y la reproducci\u00f3n normales<\/strong>;<\/p>\n<\/li>\n<li data-start=\"1843\" data-end=\"1901\">\n<p data-start=\"1845\" data-end=\"1901\">Propiedades <strong data-start=\"1858\" data-end=\"1898\">antioxidantes y protectoras de las c\u00e9lulas<\/strong>;<\/p>\n<\/li>\n<li data-start=\"1902\" data-end=\"1959\">\n<p data-start=\"1904\" data-end=\"1959\">Vegano, sin gluten y sin aditivos artificiales.<\/p>\n<\/li>\n<\/ul>\n<p data-start=\"1961\" data-end=\"1978\"><strong>Indicaciones:<\/strong><\/p>\n<p data-start=\"1979\" data-end=\"2053\"><strong data-start=\"1981\" data-end=\"2034\">La Levadura Nutricional Energ\u00e9tica con Zinc<\/strong> est\u00e1 indicada para:<\/p>\n<ul data-start=\"2054\" data-end=\"2281\">\n<li data-start=\"2054\" data-end=\"2109\">\n<p data-start=\"2056\" data-end=\"2109\">Personas que desean reforzar su sistema inmunitario;<\/p>\n<\/li>\n<li data-start=\"2110\" data-end=\"2165\">\n<p data-start=\"2112\" data-end=\"2165\">Cualquier persona que desee reforzar la salud de su piel, cabello y u\u00f1as;<\/p>\n<\/li>\n<li data-start=\"2166\" data-end=\"2214\">\n<p data-start=\"2168\" data-end=\"2214\">Personas con dietas veganas o vegetarianas;<\/p>\n<\/li>\n<li data-start=\"2215\" data-end=\"2281\">\n<p data-start=\"2217\" data-end=\"2281\">Quienes buscan mejorar la energ\u00eda, la vitalidad y la protecci\u00f3n celular.<\/p>\n<\/li>\n<\/ul>\n<p><strong>Presentaci\u00f3n:<\/strong><\/p>\n<p>120 Comprimidos<\/p>\n<p>&nbsp;<\/p>\n","protected":false},"excerpt":{"rendered":"<p>Levadura Nutricional Zinc 120 Comprimidos Energy Feelings &#8211; Suplemento natural rico en prote\u00ednas, vitaminas y zinc. Favorece la inmunidad, la piel, el cabello y la energ\u00eda [&#8230;]<\/p>\n<p><a class=\"btn btn-secondary understrap-read-more-link\" href=\"https:\/\/www.lifenatura.com\/es\/produto\/levadura-nutricional-zinc-120-comprimidos-sensacion-de-energia\/\">Leer m\u00e1s&#8230;<span class=\"screen-reader-text\"> from Levadura Nutricional Zinc 120 Comprimidos &#8211; Energy Feelings<\/span><\/a><\/p>\n","protected":false},"featured_media":117000,"template":"","meta":{"_acf_changed":false},"product_brand":[8563],"product_cat":[7064,7085,7237,7239,7211,7218,7883],"product_tag":[],"class_list":{"0":"post-118446","1":"product","2":"type-product","3":"status-publish","4":"has-post-thumbnail","6":"product_brand-energy-feelings-es","7":"product_cat-alimentacion-sana","8":"product_cat-levaduras-y-fermentos","9":"product_cat-pelo-unas","10":"product_cat-cuidado-de-la-piel","11":"product_cat-reforza-la-inmunidad-salud","12":"product_cat-salud-ocular","13":"product_cat-suplementos-alimenticios","15":"first","16":"instock","17":"shipping-taxable","18":"purchasable","19":"product-type-simple","20":"add-to-wishlist-before_image"},"acf":[],"yoast_head":"<!-- This site is optimized with the Yoast SEO Premium plugin v27.1 (Yoast SEO v27.3) - https:\/\/yoast.com\/product\/yoast-seo-premium-wordpress\/ -->\n<title>Levadura Nutricional Zinc 120 Comprimidos - Energy Feelings - Lifenatura<\/title>\n<meta name=\"description\" content=\"Levadura Nutricional Zinc Energy Feelings - Suplemento natural rico en prote\u00ednas, vitaminas y zinc. Favorece la inmunidad, la piel, el cabello y la energ\u00eda\" \/>\n<meta name=\"robots\" content=\"index, follow, max-snippet:-1, max-image-preview:large, max-video-preview:-1\" \/>\n<link rel=\"canonical\" href=\"https:\/\/www.lifenatura.com\/es\/produto\/levadura-nutricional-zinc-120-comprimidos-sensacion-de-energia\/\" \/>\n<meta property=\"og:locale\" content=\"es_ES\" \/>\n<meta property=\"og:type\" content=\"article\" \/>\n<meta property=\"og:title\" content=\"Levadura Nutricional Zinc 120 Comprimidos - Energy Feelings - Lifenatura\" \/>\n<meta property=\"og:description\" content=\"Compre aqui o seu Levadura Nutricional Zinc 120 Comprimidos - Energy Feelings e a Lifenatura Online envia em 48 H com Portes Gratis &gt;35\u20ac de Pedido.\" \/>\n<meta property=\"og:url\" content=\"https:\/\/www.lifenatura.com\/es\/produto\/levadura-nutricional-zinc-120-comprimidos-sensacion-de-energia\/\" \/>\n<meta property=\"og:site_name\" content=\"Lifenatura\" \/>\n<meta property=\"article:publisher\" content=\"https:\/\/www.facebook.com\/lifenatura\" \/>\n<meta property=\"article:modified_time\" content=\"2025-10-14T19:59:25+00:00\" \/>\n<meta property=\"og:image\" content=\"https:\/\/www.lifenatura.com\/wp-content\/uploads\/2025\/09\/zinco-levedura-nutricional-energy-feelings.jpg\" \/>\n\t<meta property=\"og:image:width\" content=\"1000\" \/>\n\t<meta property=\"og:image:height\" content=\"1000\" \/>\n\t<meta property=\"og:image:type\" content=\"image\/jpeg\" \/>\n<meta name=\"twitter:card\" content=\"summary_large_image\" \/>\n<meta name=\"twitter:label1\" content=\"Precio\" \/>\n\t<meta name=\"twitter:data1\" content=\"8,91&nbsp;&euro;\" \/>\n\t<meta name=\"twitter:label2\" content=\"Disponibilidad\" \/>\n\t<meta name=\"twitter:data2\" content=\"Disponible\" \/>\n<meta property=\"product:price:amount\" content=\"8.91\" \/>\n<meta property=\"product:price:currency\" content=\"EUR\" \/>\n<meta property=\"og:availability\" content=\"instock\" \/>\n<meta property=\"product:availability\" content=\"instock\" \/>\n<meta property=\"product:retailer_item_id\" content=\"8436565923892\" \/>\n<meta property=\"product:condition\" content=\"new\" \/>\n<!-- \/ Yoast SEO Premium plugin. -->","yoast_head_json":{"title":"Levadura Nutricional Zinc 120 Comprimidos - Energy Feelings - Lifenatura","description":"Levadura Nutricional Zinc Energy Feelings - Suplemento natural rico en prote\u00ednas, vitaminas y zinc. Favorece la inmunidad, la piel, el cabello y la energ\u00eda","robots":{"index":"index","follow":"follow","max-snippet":"max-snippet:-1","max-image-preview":"max-image-preview:large","max-video-preview":"max-video-preview:-1"},"canonical":"https:\/\/www.lifenatura.com\/es\/produto\/levadura-nutricional-zinc-120-comprimidos-sensacion-de-energia\/","og_locale":"es_ES","og_type":"article","og_title":"Levadura Nutricional Zinc 120 Comprimidos - Energy Feelings - Lifenatura","og_description":"Compre aqui o seu Levadura Nutricional Zinc 120 Comprimidos - Energy Feelings e a Lifenatura Online envia em 48 H com Portes Gratis >35\u20ac de Pedido.","og_url":"https:\/\/www.lifenatura.com\/es\/produto\/levadura-nutricional-zinc-120-comprimidos-sensacion-de-energia\/","og_site_name":"Lifenatura","article_publisher":"https:\/\/www.facebook.com\/lifenatura","article_modified_time":"2025-10-14T19:59:25+00:00","og_image":[{"width":1000,"height":1000,"url":"https:\/\/www.lifenatura.com\/wp-content\/uploads\/2025\/09\/zinco-levedura-nutricional-energy-feelings.jpg","type":"image\/jpeg"}],"twitter_card":"summary_large_image","twitter_misc":{"Precio":"8,91&nbsp;&euro;","Disponibilidad":"Disponible"},"schema":{"@context":"https:\/\/schema.org","@graph":[{"@type":"WebPage","@id":"https:\/\/www.lifenatura.com\/es\/produto\/levadura-nutricional-zinc-120-comprimidos-sensacion-de-energia\/","url":"https:\/\/www.lifenatura.com\/es\/produto\/levadura-nutricional-zinc-120-comprimidos-sensacion-de-energia\/","name":"Levadura Nutricional Zinc 120 Comprimidos - Energy Feelings - Lifenatura","isPartOf":{"@id":"https:\/\/www.lifenatura.com\/es\/#website"},"primaryImageOfPage":{"@id":"https:\/\/www.lifenatura.com\/es\/produto\/levadura-nutricional-zinc-120-comprimidos-sensacion-de-energia\/#primaryimage"},"image":{"@id":"https:\/\/www.lifenatura.com\/es\/produto\/levadura-nutricional-zinc-120-comprimidos-sensacion-de-energia\/#primaryimage"},"thumbnailUrl":"https:\/\/www.lifenatura.com\/wp-content\/uploads\/2025\/09\/zinco-levedura-nutricional-energy-feelings.jpg","datePublished":"2025-09-12T20:36:02+00:00","dateModified":"2025-10-14T19:59:25+00:00","description":"Levadura Nutricional Zinc Energy Feelings - Suplemento natural rico en prote\u00ednas, vitaminas y zinc. Favorece la inmunidad, la piel, el cabello y la energ\u00eda","breadcrumb":{"@id":"https:\/\/www.lifenatura.com\/es\/produto\/levadura-nutricional-zinc-120-comprimidos-sensacion-de-energia\/#breadcrumb"},"inLanguage":"es","potentialAction":[{"@type":"ReadAction","target":["https:\/\/www.lifenatura.com\/es\/produto\/levadura-nutricional-zinc-120-comprimidos-sensacion-de-energia\/"]}]},{"@type":"ImageObject","inLanguage":"es","@id":"https:\/\/www.lifenatura.com\/es\/produto\/levadura-nutricional-zinc-120-comprimidos-sensacion-de-energia\/#primaryimage","url":"https:\/\/www.lifenatura.com\/wp-content\/uploads\/2025\/09\/zinco-levedura-nutricional-energy-feelings.jpg","contentUrl":"https:\/\/www.lifenatura.com\/wp-content\/uploads\/2025\/09\/zinco-levedura-nutricional-energy-feelings.jpg","width":1000,"height":1000},{"@type":"BreadcrumbList","@id":"https:\/\/www.lifenatura.com\/es\/produto\/levadura-nutricional-zinc-120-comprimidos-sensacion-de-energia\/#breadcrumb","itemListElement":[{"@type":"ListItem","position":1,"name":"In\u00edcio","item":"https:\/\/www.lifenatura.com\/es\/"},{"@type":"ListItem","position":2,"name":"Todos los Productos","item":"https:\/\/www.lifenatura.com\/es\/tienda\/"},{"@type":"ListItem","position":3,"name":"Levadura Nutricional Zinc 120 Comprimidos &#8211; Energy Feelings"}]},{"@type":"WebSite","@id":"https:\/\/www.lifenatura.com\/es\/#website","url":"https:\/\/www.lifenatura.com\/es\/","name":"Lifenatura","description":"A Lifenatura \u00e9 uma loja de produtos naturais, cosm\u00e9tica natural e alimenta\u00e7\u00e3o Biol\u00f3gica.","publisher":{"@id":"https:\/\/www.lifenatura.com\/es\/#organization"},"potentialAction":[{"@type":"SearchAction","target":{"@type":"EntryPoint","urlTemplate":"https:\/\/www.lifenatura.com\/es\/?s={search_term_string}"},"query-input":{"@type":"PropertyValueSpecification","valueRequired":true,"valueName":"search_term_string"}}],"inLanguage":"es"},{"@type":"Organization","@id":"https:\/\/www.lifenatura.com\/es\/#organization","name":"Lifenatura","url":"https:\/\/www.lifenatura.com\/es\/","logo":{"@type":"ImageObject","inLanguage":"es","@id":"https:\/\/www.lifenatura.com\/es\/#\/schema\/logo\/image\/","url":"https:\/\/www.lifenatura.com\/wp-content\/uploads\/2021\/11\/logo.png","contentUrl":"https:\/\/www.lifenatura.com\/wp-content\/uploads\/2021\/11\/logo.png","width":175,"height":55,"caption":"Lifenatura"},"image":{"@id":"https:\/\/www.lifenatura.com\/es\/#\/schema\/logo\/image\/"},"sameAs":["https:\/\/www.facebook.com\/lifenatura","https:\/\/www.instagram.com\/lifenaturapt\/"]}]},"product_price_amount":"8.91","product_price_currency":"EUR","og_availability":"instock","product_availability":"instock","product_retailer_item_id":"8436565923892","product_condition":"new"},"df_price":8.91,"df_sale_price":"","df_regular_price":8.91,"df_image_link":"https:\/\/www.lifenatura.com\/wp-content\/uploads\/2025\/09\/zinco-levedura-nutricional-energy-feelings-300x300.jpg","_links":{"self":[{"href":"https:\/\/www.lifenatura.com\/es\/wp-json\/wp\/v2\/product\/118446","targetHints":{"allow":["GET"]}}],"collection":[{"href":"https:\/\/www.lifenatura.com\/es\/wp-json\/wp\/v2\/product"}],"about":[{"href":"https:\/\/www.lifenatura.com\/es\/wp-json\/wp\/v2\/types\/product"}],"wp:featuredmedia":[{"embeddable":true,"href":"https:\/\/www.lifenatura.com\/es\/wp-json\/wp\/v2\/media\/117000"}],"wp:attachment":[{"href":"https:\/\/www.lifenatura.com\/es\/wp-json\/wp\/v2\/media?parent=118446"}],"wp:term":[{"taxonomy":"product_brand","embeddable":true,"href":"https:\/\/www.lifenatura.com\/es\/wp-json\/wp\/v2\/product_brand?post=118446"},{"taxonomy":"product_cat","embeddable":true,"href":"https:\/\/www.lifenatura.com\/es\/wp-json\/wp\/v2\/product_cat?post=118446"},{"taxonomy":"product_tag","embeddable":true,"href":"https:\/\/www.lifenatura.com\/es\/wp-json\/wp\/v2\/product_tag?post=118446"}],"curies":[{"name":"wp","href":"https:\/\/api.w.org\/{rel}","templated":true}]}}