{"id":118437,"date":"2025-09-12T20:35:42","date_gmt":"2025-09-12T20:35:42","guid":{"rendered":"https:\/\/www.lifenatura.com\/produto\/levadura-bio-nutricional-250g-sensacion-de-energia\/"},"modified":"2025-10-14T20:26:15","modified_gmt":"2025-10-14T20:26:15","slug":"levadura-bio-nutricional-250g-sensacion-de-energia","status":"publish","type":"product","link":"https:\/\/www.lifenatura.com\/es\/produto\/levadura-bio-nutricional-250g-sensacion-de-energia\/","title":{"rendered":"Levadura Nutricional Bio 250g &#8211; Energy Feelings"},"content":{"rendered":"<h2 style=\"text-align: left;\" data-start=\"175\" data-end=\"227\">Levadura Bio Nutricional &#8211; Energy Feelings<\/h2>\n<p>&nbsp;<\/p>\n<p data-start=\"292\" data-end=\"699\"><strong data-start=\"294\" data-end=\"341\">La Levadura Nutricional Bio Energy Feelings<\/strong> es un superalimento vegetal que combina nutrici\u00f3n y sabor de forma pr\u00e1ctica y saludable. Producida a partir de levadura inactiva procedente de agricultura ecol\u00f3gica certificada, se presenta en finos copos, con un sabor naturalmente suave, ligeramente parecido al queso, que la convierte en la alternativa perfecta para enriquecer las recetas cotidianas.<\/p>\n<p data-start=\"701\" data-end=\"1069\">Este producto es especialmente rico en <strong data-start=\"740\" data-end=\"767\">vitaminas del grupo B<\/strong>, esenciales para el metabolismo energ\u00e9tico, el funcionamiento normal del sistema nervioso y la reducci\u00f3n del cansancio y la fatiga. Tambi\u00e9n aporta <strong data-start=\"913\" data-end=\"947\">prote\u00ednas de alta calidad<\/strong> y minerales esenciales como el zinc, el magnesio y el hierro, que favorecen la vitalidad, la inmunidad y el mantenimiento de la salud general.<\/p>\n<p data-start=\"1071\" data-end=\"1426\">La levadura nutricional tambi\u00e9n es conocida por su <strong data-start=\"1121\" data-end=\"1146\">contenido en antioxidantes<\/strong>, que ayudan a proteger las c\u00e9lulas contra los radicales libres y favorecen el equilibrio del organismo. Su perfil nutricional la convierte en un excelente complemento de las dietas veganas y vegetarianas, pero tambi\u00e9n de los planes de alimentaci\u00f3n sana que hacen hincapi\u00e9 en los productos naturales y funcionales.<\/p>\n<p data-start=\"1428\" data-end=\"1646\">Con su delicada textura y su sabor vers\u00e1til, puede a\u00f1adirse a la pasta, los risottos, las ensaladas, las sopas, las verduras, los batidos o incluso los aperitivos caseros, ofreciendo un toque nutritivo y arom\u00e1tico sin necesidad de productos l\u00e1cteos.<\/p>\n<p data-start=\"1648\" data-end=\"1676\"><strong>Principales ventajas:<\/strong><\/p>\n<ul data-start=\"1677\" data-end=\"1904\">\n<li data-start=\"1677\" data-end=\"1726\">\n<p data-start=\"1679\" data-end=\"1726\">Fuente natural de <strong data-start=\"1696\" data-end=\"1723\">vitaminas del grupo B<\/strong>;<\/p>\n<\/li>\n<li data-start=\"1727\" data-end=\"1773\">\n<p data-start=\"1729\" data-end=\"1773\">Rico en <strong data-start=\"1737\" data-end=\"1770\">prote\u00ednas vegetales y minerales<\/strong>;<\/p>\n<\/li>\n<li data-start=\"1774\" data-end=\"1827\">\n<p data-start=\"1776\" data-end=\"1827\">Ayuda a <strong data-start=\"1793\" data-end=\"1824\">reducir el cansancio y la fatiga<\/strong>;<\/p>\n<\/li>\n<li data-start=\"1828\" data-end=\"1861\">\n<p data-start=\"1830\" data-end=\"1861\">Tiene acci\u00f3n <strong data-start=\"1842\" data-end=\"1858\">antioxidante<\/strong>;<\/p>\n<\/li>\n<li data-start=\"1862\" data-end=\"1904\">\n<p data-start=\"1864\" data-end=\"1904\">Ecol\u00f3gico, vegano y sin gluten.<\/p>\n<\/li>\n<\/ul>\n<p data-start=\"1906\" data-end=\"1923\"><strong>Indicaciones:<\/strong><\/p>\n<p data-start=\"1924\" data-end=\"1992\"><strong data-start=\"1926\" data-end=\"1973\">La levadura nutricional Energy Feelings Bio<\/strong> est\u00e1 indicada para:<\/p>\n<ul data-start=\"1993\" data-end=\"2217\">\n<li data-start=\"1993\" data-end=\"2045\">\n<p data-start=\"1995\" data-end=\"2045\">Personas que siguen dietas veganas o vegetarianas;<\/p>\n<\/li>\n<li data-start=\"2046\" data-end=\"2110\">\n<p data-start=\"2048\" data-end=\"2110\">Quienes deseen aumentar su ingesta de vitaminas del grupo B y prote\u00ednas;<\/p>\n<\/li>\n<li data-start=\"2111\" data-end=\"2170\">\n<p data-start=\"2113\" data-end=\"2170\">Personas que desean reducir su consumo de productos l\u00e1cteos;<\/p>\n<\/li>\n<li data-start=\"2171\" data-end=\"2217\">\n<p data-start=\"2173\" data-end=\"2217\">Amantes de la cocina sana y funcional.<\/p>\n<\/li>\n<\/ul>\n<p><strong>Presentaci\u00f3n:<\/strong><\/p>\n<p>250g<\/p>\n<p>&nbsp;<\/p>\n","protected":false},"excerpt":{"rendered":"<p>Levadura Bio Nutricional 250 g Energy Feelings &#8211; Rica en vitaminas del grupo B, prote\u00ednas y minerales. Alternativa vegetal sana, ecol\u00f3gica y sin gluten al queso. [&#8230;]<\/p>\n<p><a class=\"btn btn-secondary understrap-read-more-link\" href=\"https:\/\/www.lifenatura.com\/es\/produto\/levadura-bio-nutricional-250g-sensacion-de-energia\/\">Leer m\u00e1s&#8230;<span class=\"screen-reader-text\"> from Levadura Nutricional Bio 250g &#8211; Energy Feelings<\/span><\/a><\/p>\n","protected":false},"featured_media":116872,"template":"","meta":{"_acf_changed":false},"product_brand":[8563],"product_cat":[7064,7085,7100],"product_tag":[],"class_list":{"0":"post-118437","1":"product","2":"type-product","3":"status-publish","4":"has-post-thumbnail","6":"product_brand-energy-feelings-es","7":"product_cat-alimentacion-sana","8":"product_cat-levaduras-y-fermentos","9":"product_cat-superalimentos-bio","11":"first","12":"instock","13":"shipping-taxable","14":"purchasable","15":"product-type-simple","16":"add-to-wishlist-before_image"},"acf":[],"yoast_head":"<!-- This site is optimized with the Yoast SEO Premium plugin v27.1 (Yoast SEO v27.3) - https:\/\/yoast.com\/product\/yoast-seo-premium-wordpress\/ -->\n<title>Levadura Nutricional Bio 250g - Energy Feelings - Lifenatura<\/title>\n<meta name=\"description\" content=\"Levadura Bio Nutricional 250g rica en vitaminas del grupo B, prote\u00ednas y minerales. Alternativa vegetal sana, ecol\u00f3gica y sin gluten al queso.\" \/>\n<meta name=\"robots\" content=\"index, follow, max-snippet:-1, max-image-preview:large, max-video-preview:-1\" \/>\n<link rel=\"canonical\" href=\"https:\/\/www.lifenatura.com\/es\/produto\/levadura-bio-nutricional-250g-sensacion-de-energia\/\" \/>\n<meta property=\"og:locale\" content=\"es_ES\" \/>\n<meta property=\"og:type\" content=\"article\" \/>\n<meta property=\"og:title\" content=\"Levadura Nutricional Bio 250g - Energy Feelings - Lifenatura\" \/>\n<meta property=\"og:description\" content=\"Compre aqui o seu Levadura Nutricional Bio 250g - Energy Feelings e a Lifenatura Online envia em 48 H com Portes Gratis &gt;35\u20ac de Pedido.\" \/>\n<meta property=\"og:url\" content=\"https:\/\/www.lifenatura.com\/es\/produto\/levadura-bio-nutricional-250g-sensacion-de-energia\/\" \/>\n<meta property=\"og:site_name\" content=\"Lifenatura\" \/>\n<meta property=\"article:publisher\" content=\"https:\/\/www.facebook.com\/lifenatura\" \/>\n<meta property=\"article:modified_time\" content=\"2025-10-14T20:26:15+00:00\" \/>\n<meta property=\"og:image\" content=\"https:\/\/www.lifenatura.com\/wp-content\/uploads\/2025\/09\/levedura-nutricional-bio-250g-energy-feelings.jpg\" \/>\n\t<meta property=\"og:image:width\" content=\"1000\" \/>\n\t<meta property=\"og:image:height\" content=\"1000\" \/>\n\t<meta property=\"og:image:type\" content=\"image\/jpeg\" \/>\n<meta name=\"twitter:card\" content=\"summary_large_image\" \/>\n<meta name=\"twitter:label1\" content=\"Precio\" \/>\n\t<meta name=\"twitter:data1\" content=\"28,12&nbsp;&euro;\" \/>\n\t<meta name=\"twitter:label2\" content=\"Disponibilidad\" \/>\n\t<meta name=\"twitter:data2\" content=\"Disponible\" \/>\n<meta property=\"product:price:amount\" content=\"28.12\" \/>\n<meta property=\"product:price:currency\" content=\"EUR\" \/>\n<meta property=\"og:availability\" content=\"instock\" \/>\n<meta property=\"product:availability\" content=\"instock\" \/>\n<meta property=\"product:retailer_item_id\" content=\"8436565924895\" \/>\n<meta property=\"product:condition\" content=\"new\" \/>\n<!-- \/ Yoast SEO Premium plugin. -->","yoast_head_json":{"title":"Levadura Nutricional Bio 250g - Energy Feelings - Lifenatura","description":"Levadura Bio Nutricional 250g rica en vitaminas del grupo B, prote\u00ednas y minerales. Alternativa vegetal sana, ecol\u00f3gica y sin gluten al queso.","robots":{"index":"index","follow":"follow","max-snippet":"max-snippet:-1","max-image-preview":"max-image-preview:large","max-video-preview":"max-video-preview:-1"},"canonical":"https:\/\/www.lifenatura.com\/es\/produto\/levadura-bio-nutricional-250g-sensacion-de-energia\/","og_locale":"es_ES","og_type":"article","og_title":"Levadura Nutricional Bio 250g - Energy Feelings - Lifenatura","og_description":"Compre aqui o seu Levadura Nutricional Bio 250g - Energy Feelings e a Lifenatura Online envia em 48 H com Portes Gratis >35\u20ac de Pedido.","og_url":"https:\/\/www.lifenatura.com\/es\/produto\/levadura-bio-nutricional-250g-sensacion-de-energia\/","og_site_name":"Lifenatura","article_publisher":"https:\/\/www.facebook.com\/lifenatura","article_modified_time":"2025-10-14T20:26:15+00:00","og_image":[{"width":1000,"height":1000,"url":"https:\/\/www.lifenatura.com\/wp-content\/uploads\/2025\/09\/levedura-nutricional-bio-250g-energy-feelings.jpg","type":"image\/jpeg"}],"twitter_card":"summary_large_image","twitter_misc":{"Precio":"28,12&nbsp;&euro;","Disponibilidad":"Disponible"},"schema":{"@context":"https:\/\/schema.org","@graph":[{"@type":"WebPage","@id":"https:\/\/www.lifenatura.com\/es\/produto\/levadura-bio-nutricional-250g-sensacion-de-energia\/","url":"https:\/\/www.lifenatura.com\/es\/produto\/levadura-bio-nutricional-250g-sensacion-de-energia\/","name":"Levadura Nutricional Bio 250g - Energy Feelings - Lifenatura","isPartOf":{"@id":"https:\/\/www.lifenatura.com\/es\/#website"},"primaryImageOfPage":{"@id":"https:\/\/www.lifenatura.com\/es\/produto\/levadura-bio-nutricional-250g-sensacion-de-energia\/#primaryimage"},"image":{"@id":"https:\/\/www.lifenatura.com\/es\/produto\/levadura-bio-nutricional-250g-sensacion-de-energia\/#primaryimage"},"thumbnailUrl":"https:\/\/www.lifenatura.com\/wp-content\/uploads\/2025\/09\/levedura-nutricional-bio-250g-energy-feelings.jpg","datePublished":"2025-09-12T20:35:42+00:00","dateModified":"2025-10-14T20:26:15+00:00","description":"Levadura Bio Nutricional 250g rica en vitaminas del grupo B, prote\u00ednas y minerales. Alternativa vegetal sana, ecol\u00f3gica y sin gluten al queso.","breadcrumb":{"@id":"https:\/\/www.lifenatura.com\/es\/produto\/levadura-bio-nutricional-250g-sensacion-de-energia\/#breadcrumb"},"inLanguage":"es","potentialAction":[{"@type":"ReadAction","target":["https:\/\/www.lifenatura.com\/es\/produto\/levadura-bio-nutricional-250g-sensacion-de-energia\/"]}]},{"@type":"ImageObject","inLanguage":"es","@id":"https:\/\/www.lifenatura.com\/es\/produto\/levadura-bio-nutricional-250g-sensacion-de-energia\/#primaryimage","url":"https:\/\/www.lifenatura.com\/wp-content\/uploads\/2025\/09\/levedura-nutricional-bio-250g-energy-feelings.jpg","contentUrl":"https:\/\/www.lifenatura.com\/wp-content\/uploads\/2025\/09\/levedura-nutricional-bio-250g-energy-feelings.jpg","width":1000,"height":1000},{"@type":"BreadcrumbList","@id":"https:\/\/www.lifenatura.com\/es\/produto\/levadura-bio-nutricional-250g-sensacion-de-energia\/#breadcrumb","itemListElement":[{"@type":"ListItem","position":1,"name":"In\u00edcio","item":"https:\/\/www.lifenatura.com\/es\/"},{"@type":"ListItem","position":2,"name":"Todos los Productos","item":"https:\/\/www.lifenatura.com\/es\/tienda\/"},{"@type":"ListItem","position":3,"name":"Levadura Nutricional Bio 250g &#8211; Energy Feelings"}]},{"@type":"WebSite","@id":"https:\/\/www.lifenatura.com\/es\/#website","url":"https:\/\/www.lifenatura.com\/es\/","name":"Lifenatura","description":"A Lifenatura \u00e9 uma loja de produtos naturais, cosm\u00e9tica natural e alimenta\u00e7\u00e3o Biol\u00f3gica.","publisher":{"@id":"https:\/\/www.lifenatura.com\/es\/#organization"},"potentialAction":[{"@type":"SearchAction","target":{"@type":"EntryPoint","urlTemplate":"https:\/\/www.lifenatura.com\/es\/?s={search_term_string}"},"query-input":{"@type":"PropertyValueSpecification","valueRequired":true,"valueName":"search_term_string"}}],"inLanguage":"es"},{"@type":"Organization","@id":"https:\/\/www.lifenatura.com\/es\/#organization","name":"Lifenatura","url":"https:\/\/www.lifenatura.com\/es\/","logo":{"@type":"ImageObject","inLanguage":"es","@id":"https:\/\/www.lifenatura.com\/es\/#\/schema\/logo\/image\/","url":"https:\/\/www.lifenatura.com\/wp-content\/uploads\/2021\/11\/logo.png","contentUrl":"https:\/\/www.lifenatura.com\/wp-content\/uploads\/2021\/11\/logo.png","width":175,"height":55,"caption":"Lifenatura"},"image":{"@id":"https:\/\/www.lifenatura.com\/es\/#\/schema\/logo\/image\/"},"sameAs":["https:\/\/www.facebook.com\/lifenatura","https:\/\/www.instagram.com\/lifenaturapt\/"]}]},"product_price_amount":"28.12","product_price_currency":"EUR","og_availability":"instock","product_availability":"instock","product_retailer_item_id":"8436565924895","product_condition":"new"},"df_price":28.12,"df_sale_price":"","df_regular_price":28.12,"df_image_link":"https:\/\/www.lifenatura.com\/wp-content\/uploads\/2025\/09\/levedura-nutricional-bio-250g-energy-feelings-300x300.jpg","_links":{"self":[{"href":"https:\/\/www.lifenatura.com\/es\/wp-json\/wp\/v2\/product\/118437","targetHints":{"allow":["GET"]}}],"collection":[{"href":"https:\/\/www.lifenatura.com\/es\/wp-json\/wp\/v2\/product"}],"about":[{"href":"https:\/\/www.lifenatura.com\/es\/wp-json\/wp\/v2\/types\/product"}],"wp:featuredmedia":[{"embeddable":true,"href":"https:\/\/www.lifenatura.com\/es\/wp-json\/wp\/v2\/media\/116872"}],"wp:attachment":[{"href":"https:\/\/www.lifenatura.com\/es\/wp-json\/wp\/v2\/media?parent=118437"}],"wp:term":[{"taxonomy":"product_brand","embeddable":true,"href":"https:\/\/www.lifenatura.com\/es\/wp-json\/wp\/v2\/product_brand?post=118437"},{"taxonomy":"product_cat","embeddable":true,"href":"https:\/\/www.lifenatura.com\/es\/wp-json\/wp\/v2\/product_cat?post=118437"},{"taxonomy":"product_tag","embeddable":true,"href":"https:\/\/www.lifenatura.com\/es\/wp-json\/wp\/v2\/product_tag?post=118437"}],"curies":[{"name":"wp","href":"https:\/\/api.w.org\/{rel}","templated":true}]}}