{"id":118435,"date":"2025-09-12T20:35:38","date_gmt":"2025-09-12T20:35:38","guid":{"rendered":"https:\/\/www.lifenatura.com\/produto\/inulina-de-agave-bio-polvo-200-g-sensaciones-energeticas\/"},"modified":"2025-10-11T13:04:41","modified_gmt":"2025-10-11T13:04:41","slug":"inulina-de-agave-bio-polvo-200-g-sensaciones-energeticas","status":"publish","type":"product","link":"https:\/\/www.lifenatura.com\/es\/produto\/inulina-de-agave-bio-polvo-200-g-sensaciones-energeticas\/","title":{"rendered":"Inulina de agave Bio polvo 200 g &#8211; Energy Feelings"},"content":{"rendered":"<h2 style=\"text-align: left;\" data-start=\"174\" data-end=\"228\">Inulina de agave en polvo &#8211; Energy Feelings<\/h2>\n<p>&nbsp;<\/p>\n<p data-start=\"297\" data-end=\"589\"><strong data-start=\"299\" data-end=\"342\">La Inulina de Agave Ecol\u00f3gica de Energy Feelings<\/strong> es una fibra soluble de origen natural, obtenida del agave azul de cultivo ecol\u00f3gico. Con su sabor suave y ligeramente dulce, es una alternativa saludable al az\u00facar com\u00fan, que ayuda a mejorar el perfil nutricional de la dieta diaria.<\/p>\n<p data-start=\"591\" data-end=\"933\">Esta fibra est\u00e1 reconocida como un <strong data-start=\"624\" data-end=\"646\">prebi\u00f3tico natural<\/strong>, que sirve de alimento a las bacterias beneficiosas presentes en el intestino, favoreciendo el equilibrio de la flora intestinal y apoyando el funcionamiento regular del aparato digestivo. Al favorecer la absorci\u00f3n de nutrientes y la salud intestinal, tambi\u00e9n ayuda a reforzar las defensas naturales.<\/p>\n<p data-start=\"935\" data-end=\"1264\">Otro beneficio de la inulina es su papel en el <strong data-start=\"979\" data-end=\"1002\">control del apetito<\/strong> y el aumento de la <strong data-start=\"1019\" data-end=\"1044\">sensaci\u00f3n de saciedad<\/strong>, lo que la convierte en una gran aliada en los planes de control de peso. Tambi\u00e9n ayuda a <strong data-start=\"1127\" data-end=\"1172\">regular los niveles de glucosa en sangre<\/strong> y puede contribuir a reducir el colesterol, favoreciendo as\u00ed la salud cardiovascular.<\/p>\n<p data-start=\"1266\" data-end=\"1555\"><strong data-start=\"1268\" data-end=\"1317\">La inulina de agave bio en polvo de Energy Feelings<\/strong> es muy vers\u00e1til y f\u00e1cil de usar: se puede a\u00f1adir a batidos, yogures, caf\u00e9s, papillas, postres o recetas de reposter\u00eda sana. Es una forma pr\u00e1ctica de a\u00f1adir fibra de calidad a tu dieta, con un toque natural de dulzor.<\/p>\n<p data-start=\"1557\" data-end=\"1585\"><strong>Principales ventajas:<\/strong><\/p>\n<ul data-start=\"1586\" data-end=\"1850\">\n<li data-start=\"1586\" data-end=\"1655\">\n<p data-start=\"1588\" data-end=\"1655\">Rico en <strong data-start=\"1596\" data-end=\"1618\">fibras prebi\u00f3ticas<\/strong> que equilibran la flora intestinal;<\/p>\n<\/li>\n<li data-start=\"1656\" data-end=\"1708\">\n<p data-start=\"1658\" data-end=\"1708\">Favorece <strong data-start=\"1666\" data-end=\"1705\">la digesti\u00f3n y la salud gastrointestinal<\/strong>;<\/p>\n<\/li>\n<li data-start=\"1709\" data-end=\"1758\">\n<p data-start=\"1711\" data-end=\"1758\">Favorece <strong data-start=\"1721\" data-end=\"1755\">la saciedad y el control del peso<\/strong>;<\/p>\n<\/li>\n<li data-start=\"1759\" data-end=\"1807\">\n<p data-start=\"1761\" data-end=\"1807\">Ayuda a regular <strong data-start=\"1779\" data-end=\"1804\">la glucemia y el colesterol<\/strong>;<\/p>\n<\/li>\n<li data-start=\"1808\" data-end=\"1850\">\n<p data-start=\"1810\" data-end=\"1850\">Ecol\u00f3gico, vegano y sin gluten.<\/p>\n<\/li>\n<\/ul>\n<p data-start=\"1852\" data-end=\"1869\"><strong>Indicaciones:<\/strong><\/p>\n<p data-start=\"1870\" data-end=\"1934\"><strong data-start=\"1872\" data-end=\"1915\">La Inulina de Agave Bio Energy Feelings<\/strong> est\u00e1 indicada para:<\/p>\n<ul data-start=\"1935\" data-end=\"2185\">\n<li data-start=\"1935\" data-end=\"2006\">\n<p data-start=\"1937\" data-end=\"2006\">Personas que buscan mejorar la digesti\u00f3n y el equilibrio intestinal;<\/p>\n<\/li>\n<li data-start=\"2007\" data-end=\"2066\">\n<p data-start=\"2009\" data-end=\"2066\">Los que quieren sustituir el az\u00facar por una opci\u00f3n sana;<\/p>\n<\/li>\n<li data-start=\"2067\" data-end=\"2119\">\n<p data-start=\"2069\" data-end=\"2119\">Dietas veganas, sin gluten o de control de peso;<\/p>\n<\/li>\n<li data-start=\"2120\" data-end=\"2185\">\n<p data-start=\"2122\" data-end=\"2185\">Personas que valoran una dieta natural y funcional.<\/p>\n<\/li>\n<\/ul>\n<p><strong>Presentaci\u00f3n:<\/strong><\/p>\n<p>200g<\/p>\n<p>&nbsp;<\/p>\n","protected":false},"excerpt":{"rendered":"<p>Inulina de agave Bio polvo 200 g Sensaci\u00f3n de energ\u00eda &#8211; Fibra prebi\u00f3tica natural que favorece la digesti\u00f3n, la flora intestinal, la saciedad y el equilibrio del az\u00facar en sangre. [&#8230;]<\/p>\n<p><a class=\"btn btn-secondary understrap-read-more-link\" href=\"https:\/\/www.lifenatura.com\/es\/produto\/inulina-de-agave-bio-polvo-200-g-sensaciones-energeticas\/\">Leer m\u00e1s&#8230;<span class=\"screen-reader-text\"> from Inulina de agave Bio polvo 200 g &#8211; Energy Feelings<\/span><\/a><\/p>\n","protected":false},"featured_media":116864,"template":"","meta":{"_acf_changed":false},"product_brand":[8563],"product_cat":[7064,7222,7224,7253,7100,7883],"product_tag":[],"class_list":{"0":"post-118435","1":"product","2":"type-product","3":"status-publish","4":"has-post-thumbnail","6":"product_brand-energy-feelings-es","7":"product_cat-alimentacion-sana","8":"product_cat-colesterol-salud","9":"product_cat-diabetes-salud","10":"product_cat-digestion","11":"product_cat-superalimentos-bio","12":"product_cat-suplementos-alimenticios","14":"first","15":"instock","16":"shipping-taxable","17":"purchasable","18":"product-type-simple","19":"add-to-wishlist-before_image"},"acf":[],"yoast_head":"<!-- This site is optimized with the Yoast SEO Premium plugin v27.1 (Yoast SEO v27.3) - https:\/\/yoast.com\/product\/yoast-seo-premium-wordpress\/ -->\n<title>Inulina de agave Bio polvo 200 g - Energy Feelings - Lifenatura<\/title>\n<meta name=\"description\" content=\"Inulina de agave Bio en polvo 200g Fibra prebi\u00f3tica natural que favorece la digesti\u00f3n, la flora intestinal, y el equilibrio del az\u00facar en sangre.\" \/>\n<meta name=\"robots\" content=\"index, follow, max-snippet:-1, max-image-preview:large, max-video-preview:-1\" \/>\n<link rel=\"canonical\" href=\"https:\/\/www.lifenatura.com\/es\/produto\/inulina-de-agave-bio-polvo-200-g-sensaciones-energeticas\/\" \/>\n<meta property=\"og:locale\" content=\"es_ES\" \/>\n<meta property=\"og:type\" content=\"article\" \/>\n<meta property=\"og:title\" content=\"Inulina de agave Bio polvo 200 g - Energy Feelings - Lifenatura\" \/>\n<meta property=\"og:description\" content=\"Compre aqui o seu Inulina de agave Bio polvo 200 g - Energy Feelings e a Lifenatura Online envia em 48 H com Portes Gratis &gt;35\u20ac de Pedido.\" \/>\n<meta property=\"og:url\" content=\"https:\/\/www.lifenatura.com\/es\/produto\/inulina-de-agave-bio-polvo-200-g-sensaciones-energeticas\/\" \/>\n<meta property=\"og:site_name\" content=\"Lifenatura\" \/>\n<meta property=\"article:publisher\" content=\"https:\/\/www.facebook.com\/lifenatura\" \/>\n<meta property=\"article:modified_time\" content=\"2025-10-11T13:04:41+00:00\" \/>\n<meta property=\"og:image\" content=\"https:\/\/www.lifenatura.com\/wp-content\/uploads\/2025\/09\/inulina-agave-bio-200g-energy-feelings.jpg\" \/>\n\t<meta property=\"og:image:width\" content=\"1000\" \/>\n\t<meta property=\"og:image:height\" content=\"1000\" \/>\n\t<meta property=\"og:image:type\" content=\"image\/jpeg\" \/>\n<meta name=\"twitter:card\" content=\"summary_large_image\" \/>\n<meta name=\"twitter:label1\" content=\"Precio\" \/>\n\t<meta name=\"twitter:data1\" content=\"8,94&nbsp;&euro;\" \/>\n\t<meta name=\"twitter:label2\" content=\"Disponibilidad\" \/>\n\t<meta name=\"twitter:data2\" content=\"Disponible\" \/>\n<meta property=\"product:price:amount\" content=\"8.94\" \/>\n<meta property=\"product:price:currency\" content=\"EUR\" \/>\n<meta property=\"og:availability\" content=\"instock\" \/>\n<meta property=\"product:availability\" content=\"instock\" \/>\n<meta property=\"product:retailer_item_id\" content=\"8436565922617\" \/>\n<meta property=\"product:condition\" content=\"new\" \/>\n<!-- \/ Yoast SEO Premium plugin. -->","yoast_head_json":{"title":"Inulina de agave Bio polvo 200 g - Energy Feelings - Lifenatura","description":"Inulina de agave Bio en polvo 200g Fibra prebi\u00f3tica natural que favorece la digesti\u00f3n, la flora intestinal, y el equilibrio del az\u00facar en sangre.","robots":{"index":"index","follow":"follow","max-snippet":"max-snippet:-1","max-image-preview":"max-image-preview:large","max-video-preview":"max-video-preview:-1"},"canonical":"https:\/\/www.lifenatura.com\/es\/produto\/inulina-de-agave-bio-polvo-200-g-sensaciones-energeticas\/","og_locale":"es_ES","og_type":"article","og_title":"Inulina de agave Bio polvo 200 g - Energy Feelings - Lifenatura","og_description":"Compre aqui o seu Inulina de agave Bio polvo 200 g - Energy Feelings e a Lifenatura Online envia em 48 H com Portes Gratis >35\u20ac de Pedido.","og_url":"https:\/\/www.lifenatura.com\/es\/produto\/inulina-de-agave-bio-polvo-200-g-sensaciones-energeticas\/","og_site_name":"Lifenatura","article_publisher":"https:\/\/www.facebook.com\/lifenatura","article_modified_time":"2025-10-11T13:04:41+00:00","og_image":[{"width":1000,"height":1000,"url":"https:\/\/www.lifenatura.com\/wp-content\/uploads\/2025\/09\/inulina-agave-bio-200g-energy-feelings.jpg","type":"image\/jpeg"}],"twitter_card":"summary_large_image","twitter_misc":{"Precio":"8,94&nbsp;&euro;","Disponibilidad":"Disponible"},"schema":{"@context":"https:\/\/schema.org","@graph":[{"@type":"WebPage","@id":"https:\/\/www.lifenatura.com\/es\/produto\/inulina-de-agave-bio-polvo-200-g-sensaciones-energeticas\/","url":"https:\/\/www.lifenatura.com\/es\/produto\/inulina-de-agave-bio-polvo-200-g-sensaciones-energeticas\/","name":"Inulina de agave Bio polvo 200 g - Energy Feelings - Lifenatura","isPartOf":{"@id":"https:\/\/www.lifenatura.com\/es\/#website"},"primaryImageOfPage":{"@id":"https:\/\/www.lifenatura.com\/es\/produto\/inulina-de-agave-bio-polvo-200-g-sensaciones-energeticas\/#primaryimage"},"image":{"@id":"https:\/\/www.lifenatura.com\/es\/produto\/inulina-de-agave-bio-polvo-200-g-sensaciones-energeticas\/#primaryimage"},"thumbnailUrl":"https:\/\/www.lifenatura.com\/wp-content\/uploads\/2025\/09\/inulina-agave-bio-200g-energy-feelings.jpg","datePublished":"2025-09-12T20:35:38+00:00","dateModified":"2025-10-11T13:04:41+00:00","description":"Inulina de agave Bio en polvo 200g Fibra prebi\u00f3tica natural que favorece la digesti\u00f3n, la flora intestinal, y el equilibrio del az\u00facar en sangre.","breadcrumb":{"@id":"https:\/\/www.lifenatura.com\/es\/produto\/inulina-de-agave-bio-polvo-200-g-sensaciones-energeticas\/#breadcrumb"},"inLanguage":"es","potentialAction":[{"@type":"ReadAction","target":["https:\/\/www.lifenatura.com\/es\/produto\/inulina-de-agave-bio-polvo-200-g-sensaciones-energeticas\/"]}]},{"@type":"ImageObject","inLanguage":"es","@id":"https:\/\/www.lifenatura.com\/es\/produto\/inulina-de-agave-bio-polvo-200-g-sensaciones-energeticas\/#primaryimage","url":"https:\/\/www.lifenatura.com\/wp-content\/uploads\/2025\/09\/inulina-agave-bio-200g-energy-feelings.jpg","contentUrl":"https:\/\/www.lifenatura.com\/wp-content\/uploads\/2025\/09\/inulina-agave-bio-200g-energy-feelings.jpg","width":1000,"height":1000},{"@type":"BreadcrumbList","@id":"https:\/\/www.lifenatura.com\/es\/produto\/inulina-de-agave-bio-polvo-200-g-sensaciones-energeticas\/#breadcrumb","itemListElement":[{"@type":"ListItem","position":1,"name":"In\u00edcio","item":"https:\/\/www.lifenatura.com\/es\/"},{"@type":"ListItem","position":2,"name":"Todos los Productos","item":"https:\/\/www.lifenatura.com\/es\/tienda\/"},{"@type":"ListItem","position":3,"name":"Inulina de agave Bio polvo 200 g &#8211; Energy Feelings"}]},{"@type":"WebSite","@id":"https:\/\/www.lifenatura.com\/es\/#website","url":"https:\/\/www.lifenatura.com\/es\/","name":"Lifenatura","description":"A Lifenatura \u00e9 uma loja de produtos naturais, cosm\u00e9tica natural e alimenta\u00e7\u00e3o Biol\u00f3gica.","publisher":{"@id":"https:\/\/www.lifenatura.com\/es\/#organization"},"potentialAction":[{"@type":"SearchAction","target":{"@type":"EntryPoint","urlTemplate":"https:\/\/www.lifenatura.com\/es\/?s={search_term_string}"},"query-input":{"@type":"PropertyValueSpecification","valueRequired":true,"valueName":"search_term_string"}}],"inLanguage":"es"},{"@type":"Organization","@id":"https:\/\/www.lifenatura.com\/es\/#organization","name":"Lifenatura","url":"https:\/\/www.lifenatura.com\/es\/","logo":{"@type":"ImageObject","inLanguage":"es","@id":"https:\/\/www.lifenatura.com\/es\/#\/schema\/logo\/image\/","url":"https:\/\/www.lifenatura.com\/wp-content\/uploads\/2021\/11\/logo.png","contentUrl":"https:\/\/www.lifenatura.com\/wp-content\/uploads\/2021\/11\/logo.png","width":175,"height":55,"caption":"Lifenatura"},"image":{"@id":"https:\/\/www.lifenatura.com\/es\/#\/schema\/logo\/image\/"},"sameAs":["https:\/\/www.facebook.com\/lifenatura","https:\/\/www.instagram.com\/lifenaturapt\/"]}]},"product_price_amount":"8.94","product_price_currency":"EUR","og_availability":"instock","product_availability":"instock","product_retailer_item_id":"8436565922617","product_condition":"new"},"df_price":8.94,"df_sale_price":"","df_regular_price":8.94,"df_image_link":"https:\/\/www.lifenatura.com\/wp-content\/uploads\/2025\/09\/inulina-agave-bio-200g-energy-feelings-300x300.jpg","_links":{"self":[{"href":"https:\/\/www.lifenatura.com\/es\/wp-json\/wp\/v2\/product\/118435","targetHints":{"allow":["GET"]}}],"collection":[{"href":"https:\/\/www.lifenatura.com\/es\/wp-json\/wp\/v2\/product"}],"about":[{"href":"https:\/\/www.lifenatura.com\/es\/wp-json\/wp\/v2\/types\/product"}],"wp:featuredmedia":[{"embeddable":true,"href":"https:\/\/www.lifenatura.com\/es\/wp-json\/wp\/v2\/media\/116864"}],"wp:attachment":[{"href":"https:\/\/www.lifenatura.com\/es\/wp-json\/wp\/v2\/media?parent=118435"}],"wp:term":[{"taxonomy":"product_brand","embeddable":true,"href":"https:\/\/www.lifenatura.com\/es\/wp-json\/wp\/v2\/product_brand?post=118435"},{"taxonomy":"product_cat","embeddable":true,"href":"https:\/\/www.lifenatura.com\/es\/wp-json\/wp\/v2\/product_cat?post=118435"},{"taxonomy":"product_tag","embeddable":true,"href":"https:\/\/www.lifenatura.com\/es\/wp-json\/wp\/v2\/product_tag?post=118435"}],"curies":[{"name":"wp","href":"https:\/\/api.w.org\/{rel}","templated":true}]}}