{"id":118431,"date":"2025-09-12T20:36:01","date_gmt":"2025-09-12T20:36:01","guid":{"rendered":"https:\/\/www.lifenatura.com\/produto\/levadura-nutricional-vit-b12-copos-130g-energy-feelings\/"},"modified":"2025-10-14T20:10:34","modified_gmt":"2025-10-14T20:10:34","slug":"levadura-nutricional-vit-b12-copos-130g-energy-feelings","status":"publish","type":"product","link":"https:\/\/www.lifenatura.com\/es\/produto\/levadura-nutricional-vit-b12-copos-130g-energy-feelings\/","title":{"rendered":"Levadura Nutricional Vit. B12 copos 130g &#8211; Energy Feelings"},"content":{"rendered":"<h2 style=\"text-align: left;\" data-start=\"187\" data-end=\"266\">Copos de Levadura Bio Nutricional con Vitamina B12 &#8211; Energy Feelings<\/h2>\n<p>&nbsp;<\/p>\n<p data-start=\"323\" data-end=\"796\"><strong data-start=\"325\" data-end=\"399\">Energy Feelings Bio Copos de Levadura Nutricional con Vitamina B12<\/strong> es un superalimento funcional especialmente creado para enriquecer la dieta con sabor y nutrientes esenciales. Producido a partir de levadura inactiva procedente de agricultura ecol\u00f3gica certificada, destaca por su delicada textura en copos y su sabor suave, ligeramente parecido al queso, que lo convierten en una alternativa sana y deliciosa a los productos l\u00e1cteos en muchas recetas.<\/p>\n<p data-start=\"798\" data-end=\"1203\">Naturalmente rica en <strong data-start=\"819\" data-end=\"860\">prote\u00ednas vegetales, fibra y minerales<\/strong> como hierro, magnesio y zinc, esta levadura tambi\u00e9n est\u00e1 enriquecida con <strong data-start=\"929\" data-end=\"945\">vitamina B12<\/strong>, un nutriente fundamental para la formaci\u00f3n de gl\u00f3bulos rojos, el funcionamiento normal del sistema nervioso y la reducci\u00f3n del cansancio y la fatiga. La vitamina B12 es especialmente importante en las dietas veganas y vegetarianas, donde su ingesta puede ser limitada.<\/p>\n<p data-start=\"1205\" data-end=\"1407\"><strong data-start=\"1207\" data-end=\"1271\">La Levadura Nutricional Bio con Vitamina B12 de Energy Feelings<\/strong> tambi\u00e9n es una fuente de antioxidantes, que ayudan a proteger las c\u00e9lulas contra los radicales libres, fomentando la vitalidad y el bienestar general.<\/p>\n<p data-start=\"1409\" data-end=\"1580\">Vers\u00e1til y pr\u00e1ctico, puede utilizarse en pastas, ensaladas, sopas, risottos, salsas o aperitivos caseros, a\u00f1adiendo sabor nutritivo y valor funcional a las comidas diarias.<\/p>\n<p data-start=\"1582\" data-end=\"1610\"><strong>Principales ventajas:<\/strong><\/p>\n<ul data-start=\"1611\" data-end=\"1908\">\n<li data-start=\"1611\" data-end=\"1666\">\n<p data-start=\"1613\" data-end=\"1666\">Fuente de <strong data-start=\"1622\" data-end=\"1663\">prote\u00ednas vegetales, fibra y minerales<\/strong>;<\/p>\n<\/li>\n<li data-start=\"1667\" data-end=\"1743\">\n<p data-start=\"1669\" data-end=\"1743\">Enriquecido con <strong data-start=\"1685\" data-end=\"1701\">vitamina B12<\/strong>, esencial para veganos y vegetarianos;<\/p>\n<\/li>\n<li data-start=\"1744\" data-end=\"1797\">\n<p data-start=\"1746\" data-end=\"1797\">Ayuda a <strong data-start=\"1763\" data-end=\"1794\">reducir el cansancio y la fatiga<\/strong>;<\/p>\n<\/li>\n<li data-start=\"1798\" data-end=\"1865\">\n<p data-start=\"1800\" data-end=\"1865\">Favorece el <strong data-start=\"1808\" data-end=\"1862\">sistema nervioso y la formaci\u00f3n de gl\u00f3bulos rojos<\/strong>;<\/p>\n<\/li>\n<li data-start=\"1866\" data-end=\"1908\">\n<p data-start=\"1868\" data-end=\"1908\">Ecol\u00f3gico, vegano y sin gluten.<\/p>\n<\/li>\n<\/ul>\n<p data-start=\"1910\" data-end=\"1927\"><strong>Indicaciones:<\/strong><\/p>\n<p data-start=\"1928\" data-end=\"2023\"><strong data-start=\"1930\" data-end=\"2004\">Energy Feelings Bio Copos de Levadura Nutricional con Vitamina B12<\/strong> es adecuado para:<\/p>\n<ul data-start=\"2024\" data-end=\"2250\">\n<li data-start=\"2024\" data-end=\"2076\">\n<p data-start=\"2026\" data-end=\"2076\">Personas que siguen dietas veganas o vegetarianas;<\/p>\n<\/li>\n<li data-start=\"2077\" data-end=\"2126\">\n<p data-start=\"2079\" data-end=\"2126\">Los que buscan alternativas vegetales al queso;<\/p>\n<\/li>\n<li data-start=\"2127\" data-end=\"2184\">\n<p data-start=\"2129\" data-end=\"2184\">Personas que necesitan un refuerzo de vitamina B12;<\/p>\n<\/li>\n<li data-start=\"2185\" data-end=\"2250\">\n<p data-start=\"2187\" data-end=\"2250\">Cualquier persona que valore una dieta natural y equilibrada.<\/p>\n<\/li>\n<\/ul>\n<p><strong>Presentaci\u00f3n:<\/strong><\/p>\n<p>130g<\/p>\n<p>&nbsp;<\/p>\n","protected":false},"excerpt":{"rendered":"<p>Copos de Levadura Nutricional Bio Vit. B12 130 g Sensaci\u00f3n de Energ\u00eda &#8211; Fuente de prote\u00ednas, fibra y minerales. Un refuerzo esencial para veganos y vegetarianos. [&#8230;]<\/p>\n<p><a class=\"btn btn-secondary understrap-read-more-link\" href=\"https:\/\/www.lifenatura.com\/es\/produto\/levadura-nutricional-vit-b12-copos-130g-energy-feelings\/\">Leer m\u00e1s&#8230;<span class=\"screen-reader-text\"> from Levadura Nutricional Vit. B12 copos 130g &#8211; Energy Feelings<\/span><\/a><\/p>\n","protected":false},"featured_media":116886,"template":"","meta":{"_acf_changed":false},"product_brand":[8563],"product_cat":[7064,7085,7074,7100],"product_tag":[],"class_list":{"0":"post-118431","1":"product","2":"type-product","3":"status-publish","4":"has-post-thumbnail","6":"product_brand-energy-feelings-es","7":"product_cat-alimentacion-sana","8":"product_cat-levaduras-y-fermentos","9":"product_cat-productos-alimenticios","10":"product_cat-superalimentos-bio","12":"first","13":"instock","14":"shipping-taxable","15":"purchasable","16":"product-type-simple","17":"add-to-wishlist-before_image"},"acf":[],"yoast_head":"<!-- This site is optimized with the Yoast SEO Premium plugin v27.1 (Yoast SEO v27.3) - https:\/\/yoast.com\/product\/yoast-seo-premium-wordpress\/ -->\n<title>Levadura Nutricional Vit. B12 copos 130g - Energy Feelings - Lifenatura<\/title>\n<meta name=\"description\" content=\"Levadura Nutricional Copos Bio Vit. B12 130 g Sensaci\u00f3n de Energ\u00eda - Fuente de prote\u00ednas, fibra y minerales. Refuerzo esencial para veganos y vegetarianos.\" \/>\n<meta name=\"robots\" content=\"index, follow, max-snippet:-1, max-image-preview:large, max-video-preview:-1\" \/>\n<link rel=\"canonical\" href=\"https:\/\/www.lifenatura.com\/es\/produto\/levadura-nutricional-vit-b12-copos-130g-energy-feelings\/\" \/>\n<meta property=\"og:locale\" content=\"es_ES\" \/>\n<meta property=\"og:type\" content=\"article\" \/>\n<meta property=\"og:title\" content=\"Levadura Nutricional Vit. B12 copos 130g - Energy Feelings - Lifenatura\" \/>\n<meta property=\"og:description\" content=\"Compre aqui o seu Levadura Nutricional Vit. B12 copos 130g - Energy Feelings e a Lifenatura Online envia em 48 H com Portes Gratis &gt;35\u20ac de Pedido.\" \/>\n<meta property=\"og:url\" content=\"https:\/\/www.lifenatura.com\/es\/produto\/levadura-nutricional-vit-b12-copos-130g-energy-feelings\/\" \/>\n<meta property=\"og:site_name\" content=\"Lifenatura\" \/>\n<meta property=\"article:publisher\" content=\"https:\/\/www.facebook.com\/lifenatura\" \/>\n<meta property=\"article:modified_time\" content=\"2025-10-14T20:10:34+00:00\" \/>\n<meta property=\"og:image\" content=\"https:\/\/www.lifenatura.com\/wp-content\/uploads\/2025\/09\/levedura-nutricional-vit-b12-flocos-130g-energy-feelings.jpg\" \/>\n\t<meta property=\"og:image:width\" content=\"1000\" \/>\n\t<meta property=\"og:image:height\" content=\"1000\" \/>\n\t<meta property=\"og:image:type\" content=\"image\/jpeg\" \/>\n<meta name=\"twitter:card\" content=\"summary_large_image\" \/>\n<meta name=\"twitter:label1\" content=\"Precio\" \/>\n\t<meta name=\"twitter:data1\" content=\"5,97&nbsp;&euro;\" \/>\n\t<meta name=\"twitter:label2\" content=\"Disponibilidad\" \/>\n\t<meta name=\"twitter:data2\" content=\"Disponible\" \/>\n<meta property=\"product:price:amount\" content=\"5.97\" \/>\n<meta property=\"product:price:currency\" content=\"EUR\" \/>\n<meta property=\"og:availability\" content=\"instock\" \/>\n<meta property=\"product:availability\" content=\"instock\" \/>\n<meta property=\"product:retailer_item_id\" content=\"8436565926301\" \/>\n<meta property=\"product:condition\" content=\"new\" \/>\n<!-- \/ Yoast SEO Premium plugin. -->","yoast_head_json":{"title":"Levadura Nutricional Vit. B12 copos 130g - Energy Feelings - Lifenatura","description":"Levadura Nutricional Copos Bio Vit. B12 130 g Sensaci\u00f3n de Energ\u00eda - Fuente de prote\u00ednas, fibra y minerales. Refuerzo esencial para veganos y vegetarianos.","robots":{"index":"index","follow":"follow","max-snippet":"max-snippet:-1","max-image-preview":"max-image-preview:large","max-video-preview":"max-video-preview:-1"},"canonical":"https:\/\/www.lifenatura.com\/es\/produto\/levadura-nutricional-vit-b12-copos-130g-energy-feelings\/","og_locale":"es_ES","og_type":"article","og_title":"Levadura Nutricional Vit. B12 copos 130g - Energy Feelings - Lifenatura","og_description":"Compre aqui o seu Levadura Nutricional Vit. B12 copos 130g - Energy Feelings e a Lifenatura Online envia em 48 H com Portes Gratis >35\u20ac de Pedido.","og_url":"https:\/\/www.lifenatura.com\/es\/produto\/levadura-nutricional-vit-b12-copos-130g-energy-feelings\/","og_site_name":"Lifenatura","article_publisher":"https:\/\/www.facebook.com\/lifenatura","article_modified_time":"2025-10-14T20:10:34+00:00","og_image":[{"width":1000,"height":1000,"url":"https:\/\/www.lifenatura.com\/wp-content\/uploads\/2025\/09\/levedura-nutricional-vit-b12-flocos-130g-energy-feelings.jpg","type":"image\/jpeg"}],"twitter_card":"summary_large_image","twitter_misc":{"Precio":"5,97&nbsp;&euro;","Disponibilidad":"Disponible"},"schema":{"@context":"https:\/\/schema.org","@graph":[{"@type":"WebPage","@id":"https:\/\/www.lifenatura.com\/es\/produto\/levadura-nutricional-vit-b12-copos-130g-energy-feelings\/","url":"https:\/\/www.lifenatura.com\/es\/produto\/levadura-nutricional-vit-b12-copos-130g-energy-feelings\/","name":"Levadura Nutricional Vit. B12 copos 130g - Energy Feelings - Lifenatura","isPartOf":{"@id":"https:\/\/www.lifenatura.com\/es\/#website"},"primaryImageOfPage":{"@id":"https:\/\/www.lifenatura.com\/es\/produto\/levadura-nutricional-vit-b12-copos-130g-energy-feelings\/#primaryimage"},"image":{"@id":"https:\/\/www.lifenatura.com\/es\/produto\/levadura-nutricional-vit-b12-copos-130g-energy-feelings\/#primaryimage"},"thumbnailUrl":"https:\/\/www.lifenatura.com\/wp-content\/uploads\/2025\/09\/levedura-nutricional-vit-b12-flocos-130g-energy-feelings.jpg","datePublished":"2025-09-12T20:36:01+00:00","dateModified":"2025-10-14T20:10:34+00:00","description":"Levadura Nutricional Copos Bio Vit. B12 130 g Sensaci\u00f3n de Energ\u00eda - Fuente de prote\u00ednas, fibra y minerales. Refuerzo esencial para veganos y vegetarianos.","breadcrumb":{"@id":"https:\/\/www.lifenatura.com\/es\/produto\/levadura-nutricional-vit-b12-copos-130g-energy-feelings\/#breadcrumb"},"inLanguage":"es","potentialAction":[{"@type":"ReadAction","target":["https:\/\/www.lifenatura.com\/es\/produto\/levadura-nutricional-vit-b12-copos-130g-energy-feelings\/"]}]},{"@type":"ImageObject","inLanguage":"es","@id":"https:\/\/www.lifenatura.com\/es\/produto\/levadura-nutricional-vit-b12-copos-130g-energy-feelings\/#primaryimage","url":"https:\/\/www.lifenatura.com\/wp-content\/uploads\/2025\/09\/levedura-nutricional-vit-b12-flocos-130g-energy-feelings.jpg","contentUrl":"https:\/\/www.lifenatura.com\/wp-content\/uploads\/2025\/09\/levedura-nutricional-vit-b12-flocos-130g-energy-feelings.jpg","width":1000,"height":1000},{"@type":"BreadcrumbList","@id":"https:\/\/www.lifenatura.com\/es\/produto\/levadura-nutricional-vit-b12-copos-130g-energy-feelings\/#breadcrumb","itemListElement":[{"@type":"ListItem","position":1,"name":"In\u00edcio","item":"https:\/\/www.lifenatura.com\/es\/"},{"@type":"ListItem","position":2,"name":"Todos los Productos","item":"https:\/\/www.lifenatura.com\/es\/tienda\/"},{"@type":"ListItem","position":3,"name":"Levadura Nutricional Vit. B12 copos 130g &#8211; Energy Feelings"}]},{"@type":"WebSite","@id":"https:\/\/www.lifenatura.com\/es\/#website","url":"https:\/\/www.lifenatura.com\/es\/","name":"Lifenatura","description":"A Lifenatura \u00e9 uma loja de produtos naturais, cosm\u00e9tica natural e alimenta\u00e7\u00e3o Biol\u00f3gica.","publisher":{"@id":"https:\/\/www.lifenatura.com\/es\/#organization"},"potentialAction":[{"@type":"SearchAction","target":{"@type":"EntryPoint","urlTemplate":"https:\/\/www.lifenatura.com\/es\/?s={search_term_string}"},"query-input":{"@type":"PropertyValueSpecification","valueRequired":true,"valueName":"search_term_string"}}],"inLanguage":"es"},{"@type":"Organization","@id":"https:\/\/www.lifenatura.com\/es\/#organization","name":"Lifenatura","url":"https:\/\/www.lifenatura.com\/es\/","logo":{"@type":"ImageObject","inLanguage":"es","@id":"https:\/\/www.lifenatura.com\/es\/#\/schema\/logo\/image\/","url":"https:\/\/www.lifenatura.com\/wp-content\/uploads\/2021\/11\/logo.png","contentUrl":"https:\/\/www.lifenatura.com\/wp-content\/uploads\/2021\/11\/logo.png","width":175,"height":55,"caption":"Lifenatura"},"image":{"@id":"https:\/\/www.lifenatura.com\/es\/#\/schema\/logo\/image\/"},"sameAs":["https:\/\/www.facebook.com\/lifenatura","https:\/\/www.instagram.com\/lifenaturapt\/"]}]},"product_price_amount":"5.97","product_price_currency":"EUR","og_availability":"instock","product_availability":"instock","product_retailer_item_id":"8436565926301","product_condition":"new"},"df_price":5.97,"df_sale_price":"","df_regular_price":5.97,"df_image_link":"https:\/\/www.lifenatura.com\/wp-content\/uploads\/2025\/09\/levedura-nutricional-vit-b12-flocos-130g-energy-feelings-300x300.jpg","_links":{"self":[{"href":"https:\/\/www.lifenatura.com\/es\/wp-json\/wp\/v2\/product\/118431","targetHints":{"allow":["GET"]}}],"collection":[{"href":"https:\/\/www.lifenatura.com\/es\/wp-json\/wp\/v2\/product"}],"about":[{"href":"https:\/\/www.lifenatura.com\/es\/wp-json\/wp\/v2\/types\/product"}],"wp:featuredmedia":[{"embeddable":true,"href":"https:\/\/www.lifenatura.com\/es\/wp-json\/wp\/v2\/media\/116886"}],"wp:attachment":[{"href":"https:\/\/www.lifenatura.com\/es\/wp-json\/wp\/v2\/media?parent=118431"}],"wp:term":[{"taxonomy":"product_brand","embeddable":true,"href":"https:\/\/www.lifenatura.com\/es\/wp-json\/wp\/v2\/product_brand?post=118431"},{"taxonomy":"product_cat","embeddable":true,"href":"https:\/\/www.lifenatura.com\/es\/wp-json\/wp\/v2\/product_cat?post=118431"},{"taxonomy":"product_tag","embeddable":true,"href":"https:\/\/www.lifenatura.com\/es\/wp-json\/wp\/v2\/product_tag?post=118431"}],"curies":[{"name":"wp","href":"https:\/\/api.w.org\/{rel}","templated":true}]}}