{"id":118426,"date":"2025-09-12T20:35:55","date_gmt":"2025-09-12T20:35:55","guid":{"rendered":"https:\/\/www.lifenatura.com\/produto\/levadura-nutricional-selenio-120-comprimidos-sensacion-de-energia\/"},"modified":"2025-10-15T18:21:12","modified_gmt":"2025-10-15T18:21:12","slug":"levadura-nutricional-selenio-120-comprimidos-sensacion-de-energia","status":"publish","type":"product","link":"https:\/\/www.lifenatura.com\/es\/produto\/levadura-nutricional-selenio-120-comprimidos-sensacion-de-energia\/","title":{"rendered":"Levadura Nutricional Selenio 120 Comprimidos &#8211; Energy Feelings"},"content":{"rendered":"<h2 style=\"text-align: left;\" data-start=\"190\" data-end=\"261\">Levadura Nutricional con Selenio 120 Comprimidos &#8211; <strong data-start=\"330\" data-end=\"385\">Energy Feelings<\/strong><\/h2>\n<p>&nbsp;<\/p>\n<p data-start=\"328\" data-end=\"685\"><strong data-start=\"330\" data-end=\"385\">La Levadura Nutricional con Selenio de Energy Feelings<\/strong> es un suplemento natural especialmente formulado para reforzar la dieta con nutrientes esenciales. Elaborado a partir de levadura inactiva, enriquecida naturalmente con <strong data-start=\"552\" data-end=\"563\">selenio<\/strong>, se presenta en pr\u00e1cticos comprimidos que ofrecen una forma c\u00f3moda de apoyar la salud diaria, sin aditivos artificiales.<\/p>\n<p data-start=\"687\" data-end=\"1068\">La levadura nutricional es naturalmente rica en <strong data-start=\"733\" data-end=\"791\">prote\u00ednas vegetales, vitaminas del complejo B y minerales<\/strong> como el hierro, el magnesio y el zinc, que son esenciales para el metabolismo energ\u00e9tico, el funcionamiento normal del sistema nervioso y la reducci\u00f3n del cansancio y la fatiga. Su contenido en antioxidantes ayuda a proteger las c\u00e9lulas contra el estr\u00e9s oxidativo, favoreciendo el equilibrio y la vitalidad.<\/p>\n<p data-start=\"1070\" data-end=\"1399\"><strong data-start=\"1072\" data-end=\"1083\">El selenio<\/strong>, un mineral esencial, es conocido por su papel crucial en la <strong data-start=\"1142\" data-end=\"1220\">protecci\u00f3n celular, la funci\u00f3n inmunitaria y el mantenimiento de la salud tiroidea<\/strong>. Tambi\u00e9n contribuye a preservar la salud del cabello y las u\u00f1as, lo que convierte a este suplemento en una opci\u00f3n completa para quien busque mejorar la energ\u00eda, las defensas y el bienestar general.<\/p>\n<p data-start=\"1401\" data-end=\"1593\">Gracias a su pr\u00e1ctica formulaci\u00f3n en comprimidos, <strong data-start=\"1451\" data-end=\"1506\">la Levadura Nutricional con Selenio de Energy Feelings<\/strong> es una soluci\u00f3n f\u00e1cil de integrar en tu rutina diaria, ideal para estilos de vida activos.<\/p>\n<p data-start=\"1595\" data-end=\"1623\"><strong>Principales ventajas:<\/strong><\/p>\n<ul data-start=\"1624\" data-end=\"1964\">\n<li data-start=\"1624\" data-end=\"1682\">\n<p data-start=\"1626\" data-end=\"1682\">Fuente natural de <strong data-start=\"1643\" data-end=\"1679\">prote\u00ednas vegetales y vitaminas del grupo B<\/strong>;<\/p>\n<\/li>\n<li data-start=\"1683\" data-end=\"1751\">\n<p data-start=\"1685\" data-end=\"1751\">Enriquecido con <strong data-start=\"1701\" data-end=\"1712\">selenio<\/strong>, esencial para la inmunidad y la tiroides;<\/p>\n<\/li>\n<li data-start=\"1752\" data-end=\"1824\">\n<p data-start=\"1754\" data-end=\"1824\">Ayuda a <strong data-start=\"1771\" data-end=\"1821\">proteger las c\u00e9lulas contra el estr\u00e9s oxidativo;<\/strong><\/p>\n<\/li>\n<li data-start=\"1825\" data-end=\"1873\">\n<p data-start=\"1827\" data-end=\"1873\">Ayuda a mantener <strong data-start=\"1842\" data-end=\"1870\">sanos el cabello y las u\u00f1as<\/strong>;<\/p>\n<\/li>\n<li data-start=\"1874\" data-end=\"1918\">\n<p data-start=\"1876\" data-end=\"1918\">Ayuda a <strong data-start=\"1884\" data-end=\"1915\">reducir el cansancio y la fatiga<\/strong>;<\/p>\n<\/li>\n<li data-start=\"1919\" data-end=\"1964\">\n<p data-start=\"1921\" data-end=\"1964\">Producto vegano sin aditivos artificiales.<\/p>\n<\/li>\n<\/ul>\n<p data-start=\"1966\" data-end=\"1983\"><strong>Indicaciones:<\/strong><\/p>\n<p data-start=\"1984\" data-end=\"2060\"><strong data-start=\"1986\" data-end=\"2041\">Energy Feelings La levadura nutricional con selenio<\/strong> est\u00e1 indicada para:<\/p>\n<ul data-start=\"2061\" data-end=\"2303\">\n<li data-start=\"2061\" data-end=\"2134\">\n<p data-start=\"2063\" data-end=\"2134\">Personas que desean reforzar su sistema inmunitario y su salud celular;<\/p>\n<\/li>\n<li data-start=\"2135\" data-end=\"2178\">\n<p data-start=\"2137\" data-end=\"2178\">Cualquier persona que desee favorecer la funci\u00f3n tiroidea;<\/p>\n<\/li>\n<li data-start=\"2179\" data-end=\"2235\">\n<p data-start=\"2181\" data-end=\"2235\">Personas que sufren fatiga o estr\u00e9s oxidativo;<\/p>\n<\/li>\n<li data-start=\"2236\" data-end=\"2303\">\n<p data-start=\"2238\" data-end=\"2303\">Veganos y vegetarianos que valoran un aporte nutricional extra.<\/p>\n<\/li>\n<\/ul>\n<p><strong>Presentaci\u00f3n:<\/strong><\/p>\n<p>120 Comprimidos<\/p>\n<p>&nbsp;<\/p>\n","protected":false},"excerpt":{"rendered":"<p>Levadura Nutricional Selenio 120 Comprimidos Sensaci\u00f3n de Energ\u00eda &#8211; Suplemento natural con prote\u00ednas, vitaminas del grupo B y selenio. Favorece la inmunidad, la energ\u00eda y la tiroides. [&#8230;]<\/p>\n<p><a class=\"btn btn-secondary understrap-read-more-link\" href=\"https:\/\/www.lifenatura.com\/es\/produto\/levadura-nutricional-selenio-120-comprimidos-sensacion-de-energia\/\">Leer m\u00e1s&#8230;<span class=\"screen-reader-text\"> from Levadura Nutricional Selenio 120 Comprimidos &#8211; Energy Feelings<\/span><\/a><\/p>\n","protected":false},"featured_media":116968,"template":"","meta":{"_acf_changed":false},"product_brand":[8563],"product_cat":[7064,7215,7211,7883],"product_tag":[],"class_list":{"0":"post-118426","1":"product","2":"type-product","3":"status-publish","4":"has-post-thumbnail","6":"product_brand-energy-feelings-es","7":"product_cat-alimentacion-sana","8":"product_cat-problemas-en-la-tiroides","9":"product_cat-reforza-la-inmunidad-salud","10":"product_cat-suplementos-alimenticios","12":"first","13":"instock","14":"shipping-taxable","15":"purchasable","16":"product-type-simple","17":"add-to-wishlist-before_image"},"acf":[],"yoast_head":"<!-- This site is optimized with the Yoast SEO Premium plugin v27.1 (Yoast SEO v27.5) - https:\/\/yoast.com\/product\/yoast-seo-premium-wordpress\/ -->\n<title>Levadura Nutricional Selenio 120 Comprimidos - Energy Feelings - Na Lifenatura ao Melhor Pre\u00e7o | Envio em 48h<\/title>\n<meta name=\"description\" content=\"Levadura Nutricional Selenio suplemento natural con prote\u00ednas, vitaminas del grupo B y selenio. Favorece la inmunidad, la energ\u00eda y la tiroides.\" \/>\n<meta name=\"robots\" content=\"index, follow, max-snippet:-1, max-image-preview:large, max-video-preview:-1\" \/>\n<link rel=\"canonical\" href=\"https:\/\/www.lifenatura.com\/es\/produto\/levadura-nutricional-selenio-120-comprimidos-sensacion-de-energia\/\" \/>\n<meta property=\"og:locale\" content=\"es_ES\" \/>\n<meta property=\"og:type\" content=\"article\" \/>\n<meta property=\"og:title\" content=\"Levadura Nutricional Selenio 120 Comprimidos - Energy Feelings - Na Lifenatura ao Melhor Pre\u00e7o | Envio 48h\" \/>\n<meta property=\"og:description\" content=\"Compre Levadura Nutricional Selenio 120 Comprimidos - Energy Feelings com envio r\u00e1pido. Entrega em 48h e portes gr\u00e1tis em compras &gt;35\u20ac. Aproveite j\u00e1 na Lifenatura\" \/>\n<meta property=\"og:url\" content=\"https:\/\/www.lifenatura.com\/es\/produto\/levadura-nutricional-selenio-120-comprimidos-sensacion-de-energia\/\" \/>\n<meta property=\"og:site_name\" content=\"Lifenatura\" \/>\n<meta property=\"article:publisher\" content=\"https:\/\/www.facebook.com\/lifenatura\" \/>\n<meta property=\"article:modified_time\" content=\"2025-10-15T18:21:12+00:00\" \/>\n<meta property=\"og:image\" content=\"https:\/\/www.lifenatura.com\/wp-content\/uploads\/2025\/09\/selenio-levedura-nutricional-energy-feelings.jpg\" \/>\n\t<meta property=\"og:image:width\" content=\"1000\" \/>\n\t<meta property=\"og:image:height\" content=\"1000\" \/>\n\t<meta property=\"og:image:type\" content=\"image\/jpeg\" \/>\n<meta name=\"twitter:card\" content=\"summary_large_image\" \/>\n<meta name=\"twitter:label1\" content=\"Precio\" \/>\n\t<meta name=\"twitter:data1\" content=\"8,50&nbsp;&euro;\" \/>\n\t<meta name=\"twitter:label2\" content=\"Disponibilidad\" \/>\n\t<meta name=\"twitter:data2\" content=\"Disponible\" \/>\n<script type=\"application\/ld+json\" class=\"yoast-schema-graph\">{\"@context\":\"https:\\\/\\\/schema.org\",\"@graph\":[{\"@type\":\"WebPage\",\"@id\":\"https:\\\/\\\/www.lifenatura.com\\\/es\\\/produto\\\/levadura-nutricional-selenio-120-comprimidos-sensacion-de-energia\\\/\",\"url\":\"https:\\\/\\\/www.lifenatura.com\\\/es\\\/produto\\\/levadura-nutricional-selenio-120-comprimidos-sensacion-de-energia\\\/\",\"name\":\"Levadura Nutricional Selenio 120 Comprimidos - Energy Feelings - Na Lifenatura ao Melhor Pre\u00e7o | Envio em 48h\",\"isPartOf\":{\"@id\":\"https:\\\/\\\/www.lifenatura.com\\\/es\\\/#website\"},\"primaryImageOfPage\":{\"@id\":\"https:\\\/\\\/www.lifenatura.com\\\/es\\\/produto\\\/levadura-nutricional-selenio-120-comprimidos-sensacion-de-energia\\\/#primaryimage\"},\"image\":{\"@id\":\"https:\\\/\\\/www.lifenatura.com\\\/es\\\/produto\\\/levadura-nutricional-selenio-120-comprimidos-sensacion-de-energia\\\/#primaryimage\"},\"thumbnailUrl\":\"https:\\\/\\\/www.lifenatura.com\\\/wp-content\\\/uploads\\\/2025\\\/09\\\/selenio-levedura-nutricional-energy-feelings.jpg\",\"datePublished\":\"2025-09-12T20:35:55+00:00\",\"dateModified\":\"2025-10-15T18:21:12+00:00\",\"description\":\"Levadura Nutricional Selenio suplemento natural con prote\u00ednas, vitaminas del grupo B y selenio. Favorece la inmunidad, la energ\u00eda y la tiroides.\",\"breadcrumb\":{\"@id\":\"https:\\\/\\\/www.lifenatura.com\\\/es\\\/produto\\\/levadura-nutricional-selenio-120-comprimidos-sensacion-de-energia\\\/#breadcrumb\"},\"inLanguage\":\"es\",\"potentialAction\":[{\"@type\":\"ReadAction\",\"target\":[\"https:\\\/\\\/www.lifenatura.com\\\/es\\\/produto\\\/levadura-nutricional-selenio-120-comprimidos-sensacion-de-energia\\\/\"]}]},{\"@type\":\"ImageObject\",\"inLanguage\":\"es\",\"@id\":\"https:\\\/\\\/www.lifenatura.com\\\/es\\\/produto\\\/levadura-nutricional-selenio-120-comprimidos-sensacion-de-energia\\\/#primaryimage\",\"url\":\"https:\\\/\\\/www.lifenatura.com\\\/wp-content\\\/uploads\\\/2025\\\/09\\\/selenio-levedura-nutricional-energy-feelings.jpg\",\"contentUrl\":\"https:\\\/\\\/www.lifenatura.com\\\/wp-content\\\/uploads\\\/2025\\\/09\\\/selenio-levedura-nutricional-energy-feelings.jpg\",\"width\":1000,\"height\":1000},{\"@type\":\"BreadcrumbList\",\"@id\":\"https:\\\/\\\/www.lifenatura.com\\\/es\\\/produto\\\/levadura-nutricional-selenio-120-comprimidos-sensacion-de-energia\\\/#breadcrumb\",\"itemListElement\":[{\"@type\":\"ListItem\",\"position\":1,\"name\":\"In\u00edcio\",\"item\":\"https:\\\/\\\/www.lifenatura.com\\\/es\\\/\"},{\"@type\":\"ListItem\",\"position\":2,\"name\":\"Todos los Productos\",\"item\":\"https:\\\/\\\/www.lifenatura.com\\\/es\\\/tienda\\\/\"},{\"@type\":\"ListItem\",\"position\":3,\"name\":\"Levadura Nutricional Selenio 120 Comprimidos &#8211; Energy Feelings\"}]},{\"@type\":\"WebSite\",\"@id\":\"https:\\\/\\\/www.lifenatura.com\\\/es\\\/#website\",\"url\":\"https:\\\/\\\/www.lifenatura.com\\\/es\\\/\",\"name\":\"Lifenatura\",\"description\":\"A Lifenatura \u00e9 uma loja de produtos naturais, cosm\u00e9tica natural e alimenta\u00e7\u00e3o Biol\u00f3gica.\",\"publisher\":{\"@id\":\"https:\\\/\\\/www.lifenatura.com\\\/es\\\/#organization\"},\"potentialAction\":[{\"@type\":\"SearchAction\",\"target\":{\"@type\":\"EntryPoint\",\"urlTemplate\":\"https:\\\/\\\/www.lifenatura.com\\\/es\\\/?s={search_term_string}\"},\"query-input\":{\"@type\":\"PropertyValueSpecification\",\"valueRequired\":true,\"valueName\":\"search_term_string\"}}],\"inLanguage\":\"es\"},{\"@type\":\"Organization\",\"@id\":\"https:\\\/\\\/www.lifenatura.com\\\/es\\\/#organization\",\"name\":\"Lifenatura\",\"url\":\"https:\\\/\\\/www.lifenatura.com\\\/es\\\/\",\"logo\":{\"@type\":\"ImageObject\",\"inLanguage\":\"es\",\"@id\":\"https:\\\/\\\/www.lifenatura.com\\\/es\\\/#\\\/schema\\\/logo\\\/image\\\/\",\"url\":\"https:\\\/\\\/www.lifenatura.com\\\/wp-content\\\/uploads\\\/2021\\\/07\\\/logo.png\",\"contentUrl\":\"https:\\\/\\\/www.lifenatura.com\\\/wp-content\\\/uploads\\\/2021\\\/07\\\/logo.png\",\"width\":175,\"height\":55,\"caption\":\"Lifenatura\"},\"image\":{\"@id\":\"https:\\\/\\\/www.lifenatura.com\\\/es\\\/#\\\/schema\\\/logo\\\/image\\\/\"},\"sameAs\":[\"https:\\\/\\\/www.facebook.com\\\/lifenatura\",\"https:\\\/\\\/www.instagram.com\\\/lifenaturapt\\\/\"],\"hasMerchantReturnPolicy\":{\"@type\":\"MerchantReturnPolicy\",\"merchantReturnLink\":\"https:\\\/\\\/www.lifenatura.com\\\/termos-condicoes-lifenatura\\\/\"}}]}<\/script>\n<meta property=\"product:price:amount\" content=\"8.50\" \/>\n<meta property=\"product:price:currency\" content=\"EUR\" \/>\n<meta property=\"og:availability\" content=\"instock\" \/>\n<meta property=\"product:availability\" content=\"instock\" \/>\n<meta property=\"product:retailer_item_id\" content=\"8436565923652\" \/>\n<meta property=\"product:condition\" content=\"new\" \/>\n<!-- \/ Yoast SEO Premium plugin. -->","yoast_head_json":{"title":"Levadura Nutricional Selenio 120 Comprimidos - Energy Feelings - Na Lifenatura ao Melhor Pre\u00e7o | Envio em 48h","description":"Levadura Nutricional Selenio suplemento natural con prote\u00ednas, vitaminas del grupo B y selenio. Favorece la inmunidad, la energ\u00eda y la tiroides.","robots":{"index":"index","follow":"follow","max-snippet":"max-snippet:-1","max-image-preview":"max-image-preview:large","max-video-preview":"max-video-preview:-1"},"canonical":"https:\/\/www.lifenatura.com\/es\/produto\/levadura-nutricional-selenio-120-comprimidos-sensacion-de-energia\/","og_locale":"es_ES","og_type":"article","og_title":"Levadura Nutricional Selenio 120 Comprimidos - Energy Feelings - Na Lifenatura ao Melhor Pre\u00e7o | Envio 48h","og_description":"Compre Levadura Nutricional Selenio 120 Comprimidos - Energy Feelings com envio r\u00e1pido. Entrega em 48h e portes gr\u00e1tis em compras >35\u20ac. Aproveite j\u00e1 na Lifenatura","og_url":"https:\/\/www.lifenatura.com\/es\/produto\/levadura-nutricional-selenio-120-comprimidos-sensacion-de-energia\/","og_site_name":"Lifenatura","article_publisher":"https:\/\/www.facebook.com\/lifenatura","article_modified_time":"2025-10-15T18:21:12+00:00","og_image":[{"width":1000,"height":1000,"url":"https:\/\/www.lifenatura.com\/wp-content\/uploads\/2025\/09\/selenio-levedura-nutricional-energy-feelings.jpg","type":"image\/jpeg"}],"twitter_card":"summary_large_image","twitter_misc":{"Precio":"8,50&nbsp;&euro;","Disponibilidad":"Disponible"},"schema":{"@context":"https:\/\/schema.org","@graph":[{"@type":"WebPage","@id":"https:\/\/www.lifenatura.com\/es\/produto\/levadura-nutricional-selenio-120-comprimidos-sensacion-de-energia\/","url":"https:\/\/www.lifenatura.com\/es\/produto\/levadura-nutricional-selenio-120-comprimidos-sensacion-de-energia\/","name":"Levadura Nutricional Selenio 120 Comprimidos - Energy Feelings - Na Lifenatura ao Melhor Pre\u00e7o | Envio em 48h","isPartOf":{"@id":"https:\/\/www.lifenatura.com\/es\/#website"},"primaryImageOfPage":{"@id":"https:\/\/www.lifenatura.com\/es\/produto\/levadura-nutricional-selenio-120-comprimidos-sensacion-de-energia\/#primaryimage"},"image":{"@id":"https:\/\/www.lifenatura.com\/es\/produto\/levadura-nutricional-selenio-120-comprimidos-sensacion-de-energia\/#primaryimage"},"thumbnailUrl":"https:\/\/www.lifenatura.com\/wp-content\/uploads\/2025\/09\/selenio-levedura-nutricional-energy-feelings.jpg","datePublished":"2025-09-12T20:35:55+00:00","dateModified":"2025-10-15T18:21:12+00:00","description":"Levadura Nutricional Selenio suplemento natural con prote\u00ednas, vitaminas del grupo B y selenio. Favorece la inmunidad, la energ\u00eda y la tiroides.","breadcrumb":{"@id":"https:\/\/www.lifenatura.com\/es\/produto\/levadura-nutricional-selenio-120-comprimidos-sensacion-de-energia\/#breadcrumb"},"inLanguage":"es","potentialAction":[{"@type":"ReadAction","target":["https:\/\/www.lifenatura.com\/es\/produto\/levadura-nutricional-selenio-120-comprimidos-sensacion-de-energia\/"]}]},{"@type":"ImageObject","inLanguage":"es","@id":"https:\/\/www.lifenatura.com\/es\/produto\/levadura-nutricional-selenio-120-comprimidos-sensacion-de-energia\/#primaryimage","url":"https:\/\/www.lifenatura.com\/wp-content\/uploads\/2025\/09\/selenio-levedura-nutricional-energy-feelings.jpg","contentUrl":"https:\/\/www.lifenatura.com\/wp-content\/uploads\/2025\/09\/selenio-levedura-nutricional-energy-feelings.jpg","width":1000,"height":1000},{"@type":"BreadcrumbList","@id":"https:\/\/www.lifenatura.com\/es\/produto\/levadura-nutricional-selenio-120-comprimidos-sensacion-de-energia\/#breadcrumb","itemListElement":[{"@type":"ListItem","position":1,"name":"In\u00edcio","item":"https:\/\/www.lifenatura.com\/es\/"},{"@type":"ListItem","position":2,"name":"Todos los Productos","item":"https:\/\/www.lifenatura.com\/es\/tienda\/"},{"@type":"ListItem","position":3,"name":"Levadura Nutricional Selenio 120 Comprimidos &#8211; Energy Feelings"}]},{"@type":"WebSite","@id":"https:\/\/www.lifenatura.com\/es\/#website","url":"https:\/\/www.lifenatura.com\/es\/","name":"Lifenatura","description":"A Lifenatura \u00e9 uma loja de produtos naturais, cosm\u00e9tica natural e alimenta\u00e7\u00e3o Biol\u00f3gica.","publisher":{"@id":"https:\/\/www.lifenatura.com\/es\/#organization"},"potentialAction":[{"@type":"SearchAction","target":{"@type":"EntryPoint","urlTemplate":"https:\/\/www.lifenatura.com\/es\/?s={search_term_string}"},"query-input":{"@type":"PropertyValueSpecification","valueRequired":true,"valueName":"search_term_string"}}],"inLanguage":"es"},{"@type":"Organization","@id":"https:\/\/www.lifenatura.com\/es\/#organization","name":"Lifenatura","url":"https:\/\/www.lifenatura.com\/es\/","logo":{"@type":"ImageObject","inLanguage":"es","@id":"https:\/\/www.lifenatura.com\/es\/#\/schema\/logo\/image\/","url":"https:\/\/www.lifenatura.com\/wp-content\/uploads\/2021\/07\/logo.png","contentUrl":"https:\/\/www.lifenatura.com\/wp-content\/uploads\/2021\/07\/logo.png","width":175,"height":55,"caption":"Lifenatura"},"image":{"@id":"https:\/\/www.lifenatura.com\/es\/#\/schema\/logo\/image\/"},"sameAs":["https:\/\/www.facebook.com\/lifenatura","https:\/\/www.instagram.com\/lifenaturapt\/"],"hasMerchantReturnPolicy":{"@type":"MerchantReturnPolicy","merchantReturnLink":"https:\/\/www.lifenatura.com\/termos-condicoes-lifenatura\/"}}]},"product_price_amount":"8.50","product_price_currency":"EUR","og_availability":"instock","product_availability":"instock","product_retailer_item_id":"8436565923652","product_condition":"new"},"df_price":8.5,"df_sale_price":"","df_regular_price":8.5,"df_image_link":"https:\/\/www.lifenatura.com\/wp-content\/uploads\/2025\/09\/selenio-levedura-nutricional-energy-feelings-300x300.jpg","_links":{"self":[{"href":"https:\/\/www.lifenatura.com\/es\/wp-json\/wp\/v2\/product\/118426","targetHints":{"allow":["GET"]}}],"collection":[{"href":"https:\/\/www.lifenatura.com\/es\/wp-json\/wp\/v2\/product"}],"about":[{"href":"https:\/\/www.lifenatura.com\/es\/wp-json\/wp\/v2\/types\/product"}],"wp:featuredmedia":[{"embeddable":true,"href":"https:\/\/www.lifenatura.com\/es\/wp-json\/wp\/v2\/media\/116968"}],"wp:attachment":[{"href":"https:\/\/www.lifenatura.com\/es\/wp-json\/wp\/v2\/media?parent=118426"}],"wp:term":[{"taxonomy":"product_brand","embeddable":true,"href":"https:\/\/www.lifenatura.com\/es\/wp-json\/wp\/v2\/product_brand?post=118426"},{"taxonomy":"product_cat","embeddable":true,"href":"https:\/\/www.lifenatura.com\/es\/wp-json\/wp\/v2\/product_cat?post=118426"},{"taxonomy":"product_tag","embeddable":true,"href":"https:\/\/www.lifenatura.com\/es\/wp-json\/wp\/v2\/product_tag?post=118426"}],"curies":[{"name":"wp","href":"https:\/\/api.w.org\/{rel}","templated":true}]}}