{"id":118425,"date":"2025-09-12T20:35:57","date_gmt":"2025-09-12T20:35:57","guid":{"rendered":"https:\/\/www.lifenatura.com\/produto\/levadura-nutricional-vit-bb12-120-comprimidos-sensacion-de-energia\/"},"modified":"2025-10-15T18:19:57","modified_gmt":"2025-10-15T18:19:57","slug":"levadura-nutricional-vit-bb12-120-comprimidos-sensacion-de-energia","status":"publish","type":"product","link":"https:\/\/www.lifenatura.com\/es\/produto\/levadura-nutricional-vit-bb12-120-comprimidos-sensacion-de-energia\/","title":{"rendered":"Levadura Nutricional Vit. B+B12 &#8211; Energy Feelings"},"content":{"rendered":"<h2 style=\"text-align: left;\" data-start=\"193\" data-end=\"267\">Levadura Nutricional con Vit. B+B12 120 Comprimidos &#8211; <strong data-start=\"326\" data-end=\"384\">Energy Feelings<\/strong><\/h2>\n<p>&nbsp;<\/p>\n<p data-start=\"324\" data-end=\"687\"><strong data-start=\"326\" data-end=\"384\">La Levadura Nutricional con Vit. B+B12 de Energy Feelings<\/strong> es un complemento alimenticio de origen natural, formulado para ofrecer una potente combinaci\u00f3n de <strong data-start=\"481\" data-end=\"508\">vitaminas B<\/strong> y <strong data-start=\"511\" data-end=\"527\">vitamina B12<\/strong>, nutrientes esenciales para el bienestar f\u00edsico y mental. Presentado en pr\u00e1cticos comprimidos, es una forma c\u00f3moda y eficaz de apoyar tu salud a diario.<\/p>\n<p data-start=\"689\" data-end=\"1084\">La levadura nutricional es famosa por su alto contenido en <strong data-start=\"751\" data-end=\"792\">prote\u00ednas vegetales, fibras y minerales<\/strong> como el hierro, el magnesio y el zinc, que contribuyen al metabolismo energ\u00e9tico, al funcionamiento normal del sistema nervioso y a la reducci\u00f3n del cansancio y la fatiga. Su perfil antioxidante tambi\u00e9n ayuda a proteger las c\u00e9lulas contra los radicales libres, favoreciendo un mayor equilibrio y vitalidad.<\/p>\n<p data-start=\"1086\" data-end=\"1389\">El refuerzo de <strong data-start=\"1099\" data-end=\"1126\">las vitaminas B<\/strong> favorece el metabolismo energ\u00e9tico y la producci\u00f3n de energ\u00eda, mientras que <strong data-start=\"1194\" data-end=\"1210\">la vitamina B12<\/strong> es esencial para la formaci\u00f3n de gl\u00f3bulos rojos, la salud del sistema nervioso y la reducci\u00f3n del riesgo de d\u00e9ficit nutricional, sobre todo en las dietas veganas y vegetarianas.<\/p>\n<p data-start=\"1391\" data-end=\"1572\"><strong data-start=\"1393\" data-end=\"1447\">La Levadura Nutricional Vit. B+B12 de Energy Feelings<\/strong> es una elecci\u00f3n inteligente para cualquiera que busque aumentar la energ\u00eda, la inmunidad y el bienestar general de forma natural y segura.<\/p>\n<p data-start=\"1574\" data-end=\"1602\"><strong>Principales ventajas:<\/strong><\/p>\n<ul data-start=\"1603\" data-end=\"1908\">\n<li data-start=\"1603\" data-end=\"1666\">\n<p data-start=\"1605\" data-end=\"1666\">Fuente natural de <strong data-start=\"1622\" data-end=\"1663\">prote\u00ednas vegetales, fibra y minerales<\/strong>;<\/p>\n<\/li>\n<li data-start=\"1667\" data-end=\"1721\">\n<p data-start=\"1669\" data-end=\"1721\">Enriquecido con <strong data-start=\"1685\" data-end=\"1718\">vitaminas B y B12<\/strong>;<\/p>\n<\/li>\n<li data-start=\"1722\" data-end=\"1775\">\n<p data-start=\"1724\" data-end=\"1775\">Ayuda a <strong data-start=\"1741\" data-end=\"1772\">reducir el cansancio y la fatiga<\/strong>;<\/p>\n<\/li>\n<li data-start=\"1776\" data-end=\"1850\">\n<p data-start=\"1778\" data-end=\"1850\">Favorece la <strong data-start=\"1786\" data-end=\"1847\">salud del sistema nervioso y la formaci\u00f3n de gl\u00f3bulos rojos<\/strong>;<\/p>\n<\/li>\n<li data-start=\"1851\" data-end=\"1908\">\n<p data-start=\"1853\" data-end=\"1908\">Vegano, sin gluten y sin aditivos artificiales.<\/p>\n<\/li>\n<\/ul>\n<p data-start=\"1910\" data-end=\"1927\"><strong>Indicaciones:<\/strong><\/p>\n<p data-start=\"1928\" data-end=\"2003\"><strong data-start=\"1930\" data-end=\"1984\">La Levadura Nutricional Vit. B+B12 de Energy Feelings<\/strong> est\u00e1 indicada para:<\/p>\n<ul data-start=\"2004\" data-end=\"2218\">\n<li data-start=\"2004\" data-end=\"2058\">\n<p data-start=\"2006\" data-end=\"2058\">Personas que quieren aumentar su energ\u00eda y vitalidad;<\/p>\n<\/li>\n<li data-start=\"2059\" data-end=\"2114\">\n<p data-start=\"2061\" data-end=\"2114\">Personas que siguen dietas veganas o vegetarianas;<\/p>\n<\/li>\n<li data-start=\"2115\" data-end=\"2170\">\n<p data-start=\"2117\" data-end=\"2170\">Los que buscan apoyar los sistemas nervioso e inmunitario;<\/p>\n<\/li>\n<li data-start=\"2171\" data-end=\"2218\">\n<p data-start=\"2173\" data-end=\"2218\">Personas propensas a la fatiga f\u00edsica o mental.<\/p>\n<\/li>\n<\/ul>\n<p><strong>Presentaci\u00f3n:<\/strong><\/p>\n<p>120 comprimidos.<\/p>\n<p>&nbsp;<\/p>\n","protected":false},"excerpt":{"rendered":"<p>Levadura Nutricional Vit. B+B12 120 Comprimidos Sensaci\u00f3n de Energ\u00eda &#8211; contiene prote\u00ednas, vitaminas y minerales. Favorece la energ\u00eda, la inmunidad y el sistema nervioso. [&#8230;]<\/p>\n<p><a class=\"btn btn-secondary understrap-read-more-link\" href=\"https:\/\/www.lifenatura.com\/es\/produto\/levadura-nutricional-vit-bb12-120-comprimidos-sensacion-de-energia\/\">Leer m\u00e1s&#8230;<span class=\"screen-reader-text\"> from Levadura Nutricional Vit. B+B12 &#8211; Energy Feelings<\/span><\/a><\/p>\n","protected":false},"featured_media":116996,"template":"","meta":{"_acf_changed":false},"product_brand":[8563],"product_cat":[7064,7085,7211,7883,7952],"product_tag":[],"class_list":{"0":"post-118425","1":"product","2":"type-product","3":"status-publish","4":"has-post-thumbnail","6":"product_brand-energy-feelings-es","7":"product_cat-alimentacion-sana","8":"product_cat-levaduras-y-fermentos","9":"product_cat-reforza-la-inmunidad-salud","10":"product_cat-suplementos-alimenticios","11":"product_cat-vitamina-b-es","13":"first","14":"instock","15":"shipping-taxable","16":"purchasable","17":"product-type-simple","18":"add-to-wishlist-before_image"},"acf":[],"yoast_head":"<!-- This site is optimized with the Yoast SEO Premium plugin v27.1 (Yoast SEO v27.5) - https:\/\/yoast.com\/product\/yoast-seo-premium-wordpress\/ -->\n<title>Levadura Nutricional Vit. B+B12 - Energy Feelings - Na Lifenatura ao Melhor Pre\u00e7o | Envio em 48h<\/title>\n<meta name=\"description\" content=\"Levadura Nutricional Vit. B+B12 contiene prote\u00ednas, vitaminas y minerales. Favorece la energ\u00eda, la inmunidad y el sistema nervioso.\" \/>\n<meta name=\"robots\" content=\"index, follow, max-snippet:-1, max-image-preview:large, max-video-preview:-1\" \/>\n<link rel=\"canonical\" href=\"https:\/\/www.lifenatura.com\/es\/produto\/levadura-nutricional-vit-bb12-120-comprimidos-sensacion-de-energia\/\" \/>\n<meta property=\"og:locale\" content=\"es_ES\" \/>\n<meta property=\"og:type\" content=\"article\" \/>\n<meta property=\"og:title\" content=\"Levadura Nutricional Vit. B+B12 - Energy Feelings - Na Lifenatura ao Melhor Pre\u00e7o | Envio 48h\" \/>\n<meta property=\"og:description\" content=\"Compre Levadura Nutricional Vit. B+B12 - Energy Feelings com envio r\u00e1pido. Entrega em 48h e portes gr\u00e1tis em compras &gt;35\u20ac. Aproveite j\u00e1 na Lifenatura\" \/>\n<meta property=\"og:url\" content=\"https:\/\/www.lifenatura.com\/es\/produto\/levadura-nutricional-vit-bb12-120-comprimidos-sensacion-de-energia\/\" \/>\n<meta property=\"og:site_name\" content=\"Lifenatura\" \/>\n<meta property=\"article:publisher\" content=\"https:\/\/www.facebook.com\/lifenatura\" \/>\n<meta property=\"article:modified_time\" content=\"2025-10-15T18:19:57+00:00\" \/>\n<meta property=\"og:image\" content=\"https:\/\/www.lifenatura.com\/wp-content\/uploads\/2025\/09\/vitamina-b-b12-levedura-nutricional-energy-feelings.jpg\" \/>\n\t<meta property=\"og:image:width\" content=\"1000\" \/>\n\t<meta property=\"og:image:height\" content=\"1000\" \/>\n\t<meta property=\"og:image:type\" content=\"image\/jpeg\" \/>\n<meta name=\"twitter:card\" content=\"summary_large_image\" \/>\n<meta name=\"twitter:label1\" content=\"Precio\" \/>\n\t<meta name=\"twitter:data1\" content=\"9,37&nbsp;&euro;\" \/>\n\t<meta name=\"twitter:label2\" content=\"Disponibilidad\" \/>\n\t<meta name=\"twitter:data2\" content=\"Disponible\" \/>\n<script type=\"application\/ld+json\" class=\"yoast-schema-graph\">{\"@context\":\"https:\\\/\\\/schema.org\",\"@graph\":[{\"@type\":\"WebPage\",\"@id\":\"https:\\\/\\\/www.lifenatura.com\\\/es\\\/produto\\\/levadura-nutricional-vit-bb12-120-comprimidos-sensacion-de-energia\\\/\",\"url\":\"https:\\\/\\\/www.lifenatura.com\\\/es\\\/produto\\\/levadura-nutricional-vit-bb12-120-comprimidos-sensacion-de-energia\\\/\",\"name\":\"Levadura Nutricional Vit. B+B12 - Energy Feelings - Na Lifenatura ao Melhor Pre\u00e7o | Envio em 48h\",\"isPartOf\":{\"@id\":\"https:\\\/\\\/www.lifenatura.com\\\/es\\\/#website\"},\"primaryImageOfPage\":{\"@id\":\"https:\\\/\\\/www.lifenatura.com\\\/es\\\/produto\\\/levadura-nutricional-vit-bb12-120-comprimidos-sensacion-de-energia\\\/#primaryimage\"},\"image\":{\"@id\":\"https:\\\/\\\/www.lifenatura.com\\\/es\\\/produto\\\/levadura-nutricional-vit-bb12-120-comprimidos-sensacion-de-energia\\\/#primaryimage\"},\"thumbnailUrl\":\"https:\\\/\\\/www.lifenatura.com\\\/wp-content\\\/uploads\\\/2025\\\/09\\\/vitamina-b-b12-levedura-nutricional-energy-feelings.jpg\",\"datePublished\":\"2025-09-12T20:35:57+00:00\",\"dateModified\":\"2025-10-15T18:19:57+00:00\",\"description\":\"Levadura Nutricional Vit. B+B12 contiene prote\u00ednas, vitaminas y minerales. Favorece la energ\u00eda, la inmunidad y el sistema nervioso.\",\"breadcrumb\":{\"@id\":\"https:\\\/\\\/www.lifenatura.com\\\/es\\\/produto\\\/levadura-nutricional-vit-bb12-120-comprimidos-sensacion-de-energia\\\/#breadcrumb\"},\"inLanguage\":\"es\",\"potentialAction\":[{\"@type\":\"ReadAction\",\"target\":[\"https:\\\/\\\/www.lifenatura.com\\\/es\\\/produto\\\/levadura-nutricional-vit-bb12-120-comprimidos-sensacion-de-energia\\\/\"]}]},{\"@type\":\"ImageObject\",\"inLanguage\":\"es\",\"@id\":\"https:\\\/\\\/www.lifenatura.com\\\/es\\\/produto\\\/levadura-nutricional-vit-bb12-120-comprimidos-sensacion-de-energia\\\/#primaryimage\",\"url\":\"https:\\\/\\\/www.lifenatura.com\\\/wp-content\\\/uploads\\\/2025\\\/09\\\/vitamina-b-b12-levedura-nutricional-energy-feelings.jpg\",\"contentUrl\":\"https:\\\/\\\/www.lifenatura.com\\\/wp-content\\\/uploads\\\/2025\\\/09\\\/vitamina-b-b12-levedura-nutricional-energy-feelings.jpg\",\"width\":1000,\"height\":1000},{\"@type\":\"BreadcrumbList\",\"@id\":\"https:\\\/\\\/www.lifenatura.com\\\/es\\\/produto\\\/levadura-nutricional-vit-bb12-120-comprimidos-sensacion-de-energia\\\/#breadcrumb\",\"itemListElement\":[{\"@type\":\"ListItem\",\"position\":1,\"name\":\"In\u00edcio\",\"item\":\"https:\\\/\\\/www.lifenatura.com\\\/es\\\/\"},{\"@type\":\"ListItem\",\"position\":2,\"name\":\"Todos los Productos\",\"item\":\"https:\\\/\\\/www.lifenatura.com\\\/es\\\/tienda\\\/\"},{\"@type\":\"ListItem\",\"position\":3,\"name\":\"Levadura Nutricional Vit. B+B12 &#8211; Energy Feelings\"}]},{\"@type\":\"WebSite\",\"@id\":\"https:\\\/\\\/www.lifenatura.com\\\/es\\\/#website\",\"url\":\"https:\\\/\\\/www.lifenatura.com\\\/es\\\/\",\"name\":\"Lifenatura\",\"description\":\"A Lifenatura \u00e9 uma loja de produtos naturais, cosm\u00e9tica natural e alimenta\u00e7\u00e3o Biol\u00f3gica.\",\"publisher\":{\"@id\":\"https:\\\/\\\/www.lifenatura.com\\\/es\\\/#organization\"},\"potentialAction\":[{\"@type\":\"SearchAction\",\"target\":{\"@type\":\"EntryPoint\",\"urlTemplate\":\"https:\\\/\\\/www.lifenatura.com\\\/es\\\/?s={search_term_string}\"},\"query-input\":{\"@type\":\"PropertyValueSpecification\",\"valueRequired\":true,\"valueName\":\"search_term_string\"}}],\"inLanguage\":\"es\"},{\"@type\":\"Organization\",\"@id\":\"https:\\\/\\\/www.lifenatura.com\\\/es\\\/#organization\",\"name\":\"Lifenatura\",\"url\":\"https:\\\/\\\/www.lifenatura.com\\\/es\\\/\",\"logo\":{\"@type\":\"ImageObject\",\"inLanguage\":\"es\",\"@id\":\"https:\\\/\\\/www.lifenatura.com\\\/es\\\/#\\\/schema\\\/logo\\\/image\\\/\",\"url\":\"https:\\\/\\\/www.lifenatura.com\\\/wp-content\\\/uploads\\\/2021\\\/07\\\/logo.png\",\"contentUrl\":\"https:\\\/\\\/www.lifenatura.com\\\/wp-content\\\/uploads\\\/2021\\\/07\\\/logo.png\",\"width\":175,\"height\":55,\"caption\":\"Lifenatura\"},\"image\":{\"@id\":\"https:\\\/\\\/www.lifenatura.com\\\/es\\\/#\\\/schema\\\/logo\\\/image\\\/\"},\"sameAs\":[\"https:\\\/\\\/www.facebook.com\\\/lifenatura\",\"https:\\\/\\\/www.instagram.com\\\/lifenaturapt\\\/\"],\"hasMerchantReturnPolicy\":{\"@type\":\"MerchantReturnPolicy\",\"merchantReturnLink\":\"https:\\\/\\\/www.lifenatura.com\\\/termos-condicoes-lifenatura\\\/\"}}]}<\/script>\n<meta property=\"product:price:amount\" content=\"9.37\" \/>\n<meta property=\"product:price:currency\" content=\"EUR\" \/>\n<meta property=\"og:availability\" content=\"instock\" \/>\n<meta property=\"product:availability\" content=\"instock\" \/>\n<meta property=\"product:retailer_item_id\" content=\"8436565923638\" \/>\n<meta property=\"product:condition\" content=\"new\" \/>\n<!-- \/ Yoast SEO Premium plugin. -->","yoast_head_json":{"title":"Levadura Nutricional Vit. B+B12 - Energy Feelings - Na Lifenatura ao Melhor Pre\u00e7o | Envio em 48h","description":"Levadura Nutricional Vit. B+B12 contiene prote\u00ednas, vitaminas y minerales. Favorece la energ\u00eda, la inmunidad y el sistema nervioso.","robots":{"index":"index","follow":"follow","max-snippet":"max-snippet:-1","max-image-preview":"max-image-preview:large","max-video-preview":"max-video-preview:-1"},"canonical":"https:\/\/www.lifenatura.com\/es\/produto\/levadura-nutricional-vit-bb12-120-comprimidos-sensacion-de-energia\/","og_locale":"es_ES","og_type":"article","og_title":"Levadura Nutricional Vit. B+B12 - Energy Feelings - Na Lifenatura ao Melhor Pre\u00e7o | Envio 48h","og_description":"Compre Levadura Nutricional Vit. B+B12 - Energy Feelings com envio r\u00e1pido. Entrega em 48h e portes gr\u00e1tis em compras >35\u20ac. Aproveite j\u00e1 na Lifenatura","og_url":"https:\/\/www.lifenatura.com\/es\/produto\/levadura-nutricional-vit-bb12-120-comprimidos-sensacion-de-energia\/","og_site_name":"Lifenatura","article_publisher":"https:\/\/www.facebook.com\/lifenatura","article_modified_time":"2025-10-15T18:19:57+00:00","og_image":[{"width":1000,"height":1000,"url":"https:\/\/www.lifenatura.com\/wp-content\/uploads\/2025\/09\/vitamina-b-b12-levedura-nutricional-energy-feelings.jpg","type":"image\/jpeg"}],"twitter_card":"summary_large_image","twitter_misc":{"Precio":"9,37&nbsp;&euro;","Disponibilidad":"Disponible"},"schema":{"@context":"https:\/\/schema.org","@graph":[{"@type":"WebPage","@id":"https:\/\/www.lifenatura.com\/es\/produto\/levadura-nutricional-vit-bb12-120-comprimidos-sensacion-de-energia\/","url":"https:\/\/www.lifenatura.com\/es\/produto\/levadura-nutricional-vit-bb12-120-comprimidos-sensacion-de-energia\/","name":"Levadura Nutricional Vit. B+B12 - Energy Feelings - Na Lifenatura ao Melhor Pre\u00e7o | Envio em 48h","isPartOf":{"@id":"https:\/\/www.lifenatura.com\/es\/#website"},"primaryImageOfPage":{"@id":"https:\/\/www.lifenatura.com\/es\/produto\/levadura-nutricional-vit-bb12-120-comprimidos-sensacion-de-energia\/#primaryimage"},"image":{"@id":"https:\/\/www.lifenatura.com\/es\/produto\/levadura-nutricional-vit-bb12-120-comprimidos-sensacion-de-energia\/#primaryimage"},"thumbnailUrl":"https:\/\/www.lifenatura.com\/wp-content\/uploads\/2025\/09\/vitamina-b-b12-levedura-nutricional-energy-feelings.jpg","datePublished":"2025-09-12T20:35:57+00:00","dateModified":"2025-10-15T18:19:57+00:00","description":"Levadura Nutricional Vit. B+B12 contiene prote\u00ednas, vitaminas y minerales. Favorece la energ\u00eda, la inmunidad y el sistema nervioso.","breadcrumb":{"@id":"https:\/\/www.lifenatura.com\/es\/produto\/levadura-nutricional-vit-bb12-120-comprimidos-sensacion-de-energia\/#breadcrumb"},"inLanguage":"es","potentialAction":[{"@type":"ReadAction","target":["https:\/\/www.lifenatura.com\/es\/produto\/levadura-nutricional-vit-bb12-120-comprimidos-sensacion-de-energia\/"]}]},{"@type":"ImageObject","inLanguage":"es","@id":"https:\/\/www.lifenatura.com\/es\/produto\/levadura-nutricional-vit-bb12-120-comprimidos-sensacion-de-energia\/#primaryimage","url":"https:\/\/www.lifenatura.com\/wp-content\/uploads\/2025\/09\/vitamina-b-b12-levedura-nutricional-energy-feelings.jpg","contentUrl":"https:\/\/www.lifenatura.com\/wp-content\/uploads\/2025\/09\/vitamina-b-b12-levedura-nutricional-energy-feelings.jpg","width":1000,"height":1000},{"@type":"BreadcrumbList","@id":"https:\/\/www.lifenatura.com\/es\/produto\/levadura-nutricional-vit-bb12-120-comprimidos-sensacion-de-energia\/#breadcrumb","itemListElement":[{"@type":"ListItem","position":1,"name":"In\u00edcio","item":"https:\/\/www.lifenatura.com\/es\/"},{"@type":"ListItem","position":2,"name":"Todos los Productos","item":"https:\/\/www.lifenatura.com\/es\/tienda\/"},{"@type":"ListItem","position":3,"name":"Levadura Nutricional Vit. B+B12 &#8211; Energy Feelings"}]},{"@type":"WebSite","@id":"https:\/\/www.lifenatura.com\/es\/#website","url":"https:\/\/www.lifenatura.com\/es\/","name":"Lifenatura","description":"A Lifenatura \u00e9 uma loja de produtos naturais, cosm\u00e9tica natural e alimenta\u00e7\u00e3o Biol\u00f3gica.","publisher":{"@id":"https:\/\/www.lifenatura.com\/es\/#organization"},"potentialAction":[{"@type":"SearchAction","target":{"@type":"EntryPoint","urlTemplate":"https:\/\/www.lifenatura.com\/es\/?s={search_term_string}"},"query-input":{"@type":"PropertyValueSpecification","valueRequired":true,"valueName":"search_term_string"}}],"inLanguage":"es"},{"@type":"Organization","@id":"https:\/\/www.lifenatura.com\/es\/#organization","name":"Lifenatura","url":"https:\/\/www.lifenatura.com\/es\/","logo":{"@type":"ImageObject","inLanguage":"es","@id":"https:\/\/www.lifenatura.com\/es\/#\/schema\/logo\/image\/","url":"https:\/\/www.lifenatura.com\/wp-content\/uploads\/2021\/07\/logo.png","contentUrl":"https:\/\/www.lifenatura.com\/wp-content\/uploads\/2021\/07\/logo.png","width":175,"height":55,"caption":"Lifenatura"},"image":{"@id":"https:\/\/www.lifenatura.com\/es\/#\/schema\/logo\/image\/"},"sameAs":["https:\/\/www.facebook.com\/lifenatura","https:\/\/www.instagram.com\/lifenaturapt\/"],"hasMerchantReturnPolicy":{"@type":"MerchantReturnPolicy","merchantReturnLink":"https:\/\/www.lifenatura.com\/termos-condicoes-lifenatura\/"}}]},"product_price_amount":"9.37","product_price_currency":"EUR","og_availability":"instock","product_availability":"instock","product_retailer_item_id":"8436565923638","product_condition":"new"},"df_price":9.37,"df_sale_price":"","df_regular_price":9.37,"df_image_link":"https:\/\/www.lifenatura.com\/wp-content\/uploads\/2025\/09\/vitamina-b-b12-levedura-nutricional-energy-feelings-300x300.jpg","_links":{"self":[{"href":"https:\/\/www.lifenatura.com\/es\/wp-json\/wp\/v2\/product\/118425","targetHints":{"allow":["GET"]}}],"collection":[{"href":"https:\/\/www.lifenatura.com\/es\/wp-json\/wp\/v2\/product"}],"about":[{"href":"https:\/\/www.lifenatura.com\/es\/wp-json\/wp\/v2\/types\/product"}],"wp:featuredmedia":[{"embeddable":true,"href":"https:\/\/www.lifenatura.com\/es\/wp-json\/wp\/v2\/media\/116996"}],"wp:attachment":[{"href":"https:\/\/www.lifenatura.com\/es\/wp-json\/wp\/v2\/media?parent=118425"}],"wp:term":[{"taxonomy":"product_brand","embeddable":true,"href":"https:\/\/www.lifenatura.com\/es\/wp-json\/wp\/v2\/product_brand?post=118425"},{"taxonomy":"product_cat","embeddable":true,"href":"https:\/\/www.lifenatura.com\/es\/wp-json\/wp\/v2\/product_cat?post=118425"},{"taxonomy":"product_tag","embeddable":true,"href":"https:\/\/www.lifenatura.com\/es\/wp-json\/wp\/v2\/product_tag?post=118425"}],"curies":[{"name":"wp","href":"https:\/\/api.w.org\/{rel}","templated":true}]}}