{"id":118424,"date":"2025-09-12T20:35:58","date_gmt":"2025-09-12T20:35:58","guid":{"rendered":"https:\/\/www.lifenatura.com\/produto\/copos-de-levadura-nutricional-vit-b12d-130g-sensacion-de-energia\/"},"modified":"2025-10-14T20:19:40","modified_gmt":"2025-10-14T20:19:40","slug":"copos-de-levadura-nutricional-vit-b12d-130g-sensacion-de-energia","status":"publish","type":"product","link":"https:\/\/www.lifenatura.com\/es\/produto\/copos-de-levadura-nutricional-vit-b12d-130g-sensacion-de-energia\/","title":{"rendered":"Copos de levadura nutricional Vit. B12+D 130g &#8211; Energy Feelings"},"content":{"rendered":"<h2 style=\"text-align: left;\" data-start=\"189\" data-end=\"271\">Copos de Levadura Bio Nutricional con Vitaminas B12+D &#8211; <strong data-start=\"327\" data-end=\"404\">Energy Feelings<\/strong><\/h2>\n<p>&nbsp;<\/p>\n<p data-start=\"325\" data-end=\"775\"><strong data-start=\"327\" data-end=\"404\">Energy Feelings Bio Copos de Levadura Nutricional con Vitaminas B12+D<\/strong> es un superalimento funcional, especialmente desarrollado para reforzar la dieta de forma sabrosa y equilibrada. Producido a partir de levadura inactiva procedente de agricultura ecol\u00f3gica certificada, tiene una textura escamosa ligera y un sabor suave, ligeramente parecido al queso, por lo que es ideal para sustituir a los productos l\u00e1cteos en recetas veganas o vegetarianas.<\/p>\n<p data-start=\"777\" data-end=\"1243\">Este producto combina la nutrici\u00f3n natural de la levadura con un refuerzo de <strong data-start=\"847\" data-end=\"868\">vitaminas B12 y D<\/strong>, dos nutrientes esenciales que suelen estar limitados en las dietas basadas en plantas. La <strong data-start=\"951\" data-end=\"967\">vitamina B12<\/strong> contribuye a la formaci\u00f3n normal de gl\u00f3bulos rojos, al funcionamiento sano del sistema nervioso y a la reducci\u00f3n del cansancio y la fatiga. La <strong data-start=\"1109\" data-end=\"1123\">vitamina D<\/strong> contribuye a la absorci\u00f3n del calcio, al mantenimiento de huesos, m\u00fasculos y dientes sanos, as\u00ed como a reforzar las defensas naturales.<\/p>\n<p data-start=\"1245\" data-end=\"1514\">Adem\u00e1s, esta levadura es rica en <strong data-start=\"1286\" data-end=\"1327\">prote\u00ednas vegetales, fibra y minerales<\/strong> como el hierro, el zinc y el magnesio, que contribuyen al metabolismo energ\u00e9tico y al bienestar general. Tambi\u00e9n aporta antioxidantes que ayudan a proteger las c\u00e9lulas contra los radicales libres.<\/p>\n<p data-start=\"1516\" data-end=\"1544\"><strong>Principales ventajas:<\/strong><\/p>\n<ul data-start=\"1545\" data-end=\"1834\">\n<li data-start=\"1545\" data-end=\"1624\">\n<p data-start=\"1547\" data-end=\"1624\">Enriquecido con <strong data-start=\"1563\" data-end=\"1584\">vitaminas B12 y D<\/strong>, esenciales para la energ\u00eda y la inmunidad;<\/p>\n<\/li>\n<li data-start=\"1625\" data-end=\"1688\">\n<p data-start=\"1627\" data-end=\"1688\">Fuente natural de <strong data-start=\"1644\" data-end=\"1685\">prote\u00ednas vegetales, fibra y minerales<\/strong>;<\/p>\n<\/li>\n<li data-start=\"1689\" data-end=\"1742\">\n<p data-start=\"1691\" data-end=\"1742\">Ayuda a <strong data-start=\"1708\" data-end=\"1739\">reducir el cansancio y la fatiga<\/strong>;<\/p>\n<\/li>\n<li data-start=\"1743\" data-end=\"1791\">\n<p data-start=\"1745\" data-end=\"1791\">Favorece <strong data-start=\"1753\" data-end=\"1788\">la salud \u00f3sea, muscular y nerviosa<\/strong>;<\/p>\n<\/li>\n<li data-start=\"1792\" data-end=\"1834\">\n<p data-start=\"1794\" data-end=\"1834\">Ecol\u00f3gico, vegano y sin gluten.<\/p>\n<\/li>\n<\/ul>\n<p data-start=\"1836\" data-end=\"1853\"><strong>Indicaciones:<\/strong><\/p>\n<p data-start=\"1854\" data-end=\"1952\"><strong data-start=\"1856\" data-end=\"1933\">Energy Feelings Bio Copos de Levadura Nutricional con Vitaminas B12+D<\/strong> es adecuado para:<\/p>\n<ul data-start=\"1953\" data-end=\"2194\">\n<li data-start=\"1953\" data-end=\"2005\">\n<p data-start=\"1955\" data-end=\"2005\">Personas que siguen dietas veganas o vegetarianas;<\/p>\n<\/li>\n<li data-start=\"2006\" data-end=\"2061\">\n<p data-start=\"2008\" data-end=\"2061\">Quienes buscan reforzar su sistema inmunitario y \u00f3seo;<\/p>\n<\/li>\n<li data-start=\"2062\" data-end=\"2129\">\n<p data-start=\"2064\" data-end=\"2129\">Personas que deseen aumentar su ingesta de vitamina B12 y D;<\/p>\n<\/li>\n<li data-start=\"2130\" data-end=\"2194\">\n<p data-start=\"2132\" data-end=\"2194\">Todos los que valoran una dieta sana y funcional.<\/p>\n<\/li>\n<\/ul>\n<p><strong>Presentaci\u00f3n:<\/strong><\/p>\n<p>130g<\/p>\n<p>&nbsp;<\/p>\n","protected":false},"excerpt":{"rendered":"<p>Levadura Nutricional Copos Bio Vit. B12+D 130g Sensaci\u00f3n de Energ\u00eda &#8211; Fuente de prote\u00ednas, fibra y minerales. Refuerza la inmunidad, la energ\u00eda y la salud \u00f3sea. Vegano. [&#8230;]<\/p>\n<p><a class=\"btn btn-secondary understrap-read-more-link\" href=\"https:\/\/www.lifenatura.com\/es\/produto\/copos-de-levadura-nutricional-vit-b12d-130g-sensacion-de-energia\/\">Leer m\u00e1s&#8230;<span class=\"screen-reader-text\"> from Copos de levadura nutricional Vit. B12+D 130g &#8211; Energy Feelings<\/span><\/a><\/p>\n","protected":false},"featured_media":116880,"template":"","meta":{"_acf_changed":false},"product_brand":[8563],"product_cat":[7064,7085,7074,7100],"product_tag":[],"class_list":{"0":"post-118424","1":"product","2":"type-product","3":"status-publish","4":"has-post-thumbnail","6":"product_brand-energy-feelings-es","7":"product_cat-alimentacion-sana","8":"product_cat-levaduras-y-fermentos","9":"product_cat-productos-alimenticios","10":"product_cat-superalimentos-bio","12":"first","13":"instock","14":"shipping-taxable","15":"purchasable","16":"product-type-simple","17":"add-to-wishlist-before_image"},"acf":[],"yoast_head":"<!-- This site is optimized with the Yoast SEO Premium plugin v27.1 (Yoast SEO v27.3) - https:\/\/yoast.com\/product\/yoast-seo-premium-wordpress\/ -->\n<title>Copos de levadura nutricional Vit. B12+D 130g - Energy Feelings - Lifenatura<\/title>\n<meta name=\"description\" content=\"Levadura Nutricional Copos Bio Vit. B12+D fuente de prote\u00ednas, fibra y minerales. Refuerza la inmunidad, la energ\u00eda y la salud \u00f3sea. Vegano.\" \/>\n<meta name=\"robots\" content=\"index, follow, max-snippet:-1, max-image-preview:large, max-video-preview:-1\" \/>\n<link rel=\"canonical\" href=\"https:\/\/www.lifenatura.com\/es\/produto\/copos-de-levadura-nutricional-vit-b12d-130g-sensacion-de-energia\/\" \/>\n<meta property=\"og:locale\" content=\"es_ES\" \/>\n<meta property=\"og:type\" content=\"article\" \/>\n<meta property=\"og:title\" content=\"Copos de levadura nutricional Vit. B12+D 130g - Energy Feelings - Lifenatura\" \/>\n<meta property=\"og:description\" content=\"Compre aqui o seu Copos de levadura nutricional Vit. B12+D 130g - Energy Feelings e a Lifenatura Online envia em 48 H com Portes Gratis &gt;35\u20ac de Pedido.\" \/>\n<meta property=\"og:url\" content=\"https:\/\/www.lifenatura.com\/es\/produto\/copos-de-levadura-nutricional-vit-b12d-130g-sensacion-de-energia\/\" \/>\n<meta property=\"og:site_name\" content=\"Lifenatura\" \/>\n<meta property=\"article:publisher\" content=\"https:\/\/www.facebook.com\/lifenatura\" \/>\n<meta property=\"article:modified_time\" content=\"2025-10-14T20:19:40+00:00\" \/>\n<meta property=\"og:image\" content=\"https:\/\/www.lifenatura.com\/wp-content\/uploads\/2025\/09\/levedura-nutricional-vit-b12-d-flocos-130g-energy-feelings.jpg\" \/>\n\t<meta property=\"og:image:width\" content=\"1000\" \/>\n\t<meta property=\"og:image:height\" content=\"1000\" \/>\n\t<meta property=\"og:image:type\" content=\"image\/jpeg\" \/>\n<meta name=\"twitter:card\" content=\"summary_large_image\" \/>\n<meta name=\"twitter:label1\" content=\"Precio\" \/>\n\t<meta name=\"twitter:data1\" content=\"5,97&nbsp;&euro;\" \/>\n\t<meta name=\"twitter:label2\" content=\"Disponibilidad\" \/>\n\t<meta name=\"twitter:data2\" content=\"Disponible\" \/>\n<meta property=\"product:price:amount\" content=\"5.97\" \/>\n<meta property=\"product:price:currency\" content=\"EUR\" \/>\n<meta property=\"og:availability\" content=\"instock\" \/>\n<meta property=\"product:availability\" content=\"instock\" \/>\n<meta property=\"product:retailer_item_id\" content=\"8436565926295\" \/>\n<meta property=\"product:condition\" content=\"new\" \/>\n<!-- \/ Yoast SEO Premium plugin. -->","yoast_head_json":{"title":"Copos de levadura nutricional Vit. B12+D 130g - Energy Feelings - Lifenatura","description":"Levadura Nutricional Copos Bio Vit. B12+D fuente de prote\u00ednas, fibra y minerales. Refuerza la inmunidad, la energ\u00eda y la salud \u00f3sea. Vegano.","robots":{"index":"index","follow":"follow","max-snippet":"max-snippet:-1","max-image-preview":"max-image-preview:large","max-video-preview":"max-video-preview:-1"},"canonical":"https:\/\/www.lifenatura.com\/es\/produto\/copos-de-levadura-nutricional-vit-b12d-130g-sensacion-de-energia\/","og_locale":"es_ES","og_type":"article","og_title":"Copos de levadura nutricional Vit. B12+D 130g - Energy Feelings - Lifenatura","og_description":"Compre aqui o seu Copos de levadura nutricional Vit. B12+D 130g - Energy Feelings e a Lifenatura Online envia em 48 H com Portes Gratis >35\u20ac de Pedido.","og_url":"https:\/\/www.lifenatura.com\/es\/produto\/copos-de-levadura-nutricional-vit-b12d-130g-sensacion-de-energia\/","og_site_name":"Lifenatura","article_publisher":"https:\/\/www.facebook.com\/lifenatura","article_modified_time":"2025-10-14T20:19:40+00:00","og_image":[{"width":1000,"height":1000,"url":"https:\/\/www.lifenatura.com\/wp-content\/uploads\/2025\/09\/levedura-nutricional-vit-b12-d-flocos-130g-energy-feelings.jpg","type":"image\/jpeg"}],"twitter_card":"summary_large_image","twitter_misc":{"Precio":"5,97&nbsp;&euro;","Disponibilidad":"Disponible"},"schema":{"@context":"https:\/\/schema.org","@graph":[{"@type":"WebPage","@id":"https:\/\/www.lifenatura.com\/es\/produto\/copos-de-levadura-nutricional-vit-b12d-130g-sensacion-de-energia\/","url":"https:\/\/www.lifenatura.com\/es\/produto\/copos-de-levadura-nutricional-vit-b12d-130g-sensacion-de-energia\/","name":"Copos de levadura nutricional Vit. B12+D 130g - Energy Feelings - Lifenatura","isPartOf":{"@id":"https:\/\/www.lifenatura.com\/es\/#website"},"primaryImageOfPage":{"@id":"https:\/\/www.lifenatura.com\/es\/produto\/copos-de-levadura-nutricional-vit-b12d-130g-sensacion-de-energia\/#primaryimage"},"image":{"@id":"https:\/\/www.lifenatura.com\/es\/produto\/copos-de-levadura-nutricional-vit-b12d-130g-sensacion-de-energia\/#primaryimage"},"thumbnailUrl":"https:\/\/www.lifenatura.com\/wp-content\/uploads\/2025\/09\/levedura-nutricional-vit-b12-d-flocos-130g-energy-feelings.jpg","datePublished":"2025-09-12T20:35:58+00:00","dateModified":"2025-10-14T20:19:40+00:00","description":"Levadura Nutricional Copos Bio Vit. B12+D fuente de prote\u00ednas, fibra y minerales. Refuerza la inmunidad, la energ\u00eda y la salud \u00f3sea. Vegano.","breadcrumb":{"@id":"https:\/\/www.lifenatura.com\/es\/produto\/copos-de-levadura-nutricional-vit-b12d-130g-sensacion-de-energia\/#breadcrumb"},"inLanguage":"es","potentialAction":[{"@type":"ReadAction","target":["https:\/\/www.lifenatura.com\/es\/produto\/copos-de-levadura-nutricional-vit-b12d-130g-sensacion-de-energia\/"]}]},{"@type":"ImageObject","inLanguage":"es","@id":"https:\/\/www.lifenatura.com\/es\/produto\/copos-de-levadura-nutricional-vit-b12d-130g-sensacion-de-energia\/#primaryimage","url":"https:\/\/www.lifenatura.com\/wp-content\/uploads\/2025\/09\/levedura-nutricional-vit-b12-d-flocos-130g-energy-feelings.jpg","contentUrl":"https:\/\/www.lifenatura.com\/wp-content\/uploads\/2025\/09\/levedura-nutricional-vit-b12-d-flocos-130g-energy-feelings.jpg","width":1000,"height":1000},{"@type":"BreadcrumbList","@id":"https:\/\/www.lifenatura.com\/es\/produto\/copos-de-levadura-nutricional-vit-b12d-130g-sensacion-de-energia\/#breadcrumb","itemListElement":[{"@type":"ListItem","position":1,"name":"In\u00edcio","item":"https:\/\/www.lifenatura.com\/es\/"},{"@type":"ListItem","position":2,"name":"Todos los Productos","item":"https:\/\/www.lifenatura.com\/es\/tienda\/"},{"@type":"ListItem","position":3,"name":"Copos de levadura nutricional Vit. B12+D 130g &#8211; Energy Feelings"}]},{"@type":"WebSite","@id":"https:\/\/www.lifenatura.com\/es\/#website","url":"https:\/\/www.lifenatura.com\/es\/","name":"Lifenatura","description":"A Lifenatura \u00e9 uma loja de produtos naturais, cosm\u00e9tica natural e alimenta\u00e7\u00e3o Biol\u00f3gica.","publisher":{"@id":"https:\/\/www.lifenatura.com\/es\/#organization"},"potentialAction":[{"@type":"SearchAction","target":{"@type":"EntryPoint","urlTemplate":"https:\/\/www.lifenatura.com\/es\/?s={search_term_string}"},"query-input":{"@type":"PropertyValueSpecification","valueRequired":true,"valueName":"search_term_string"}}],"inLanguage":"es"},{"@type":"Organization","@id":"https:\/\/www.lifenatura.com\/es\/#organization","name":"Lifenatura","url":"https:\/\/www.lifenatura.com\/es\/","logo":{"@type":"ImageObject","inLanguage":"es","@id":"https:\/\/www.lifenatura.com\/es\/#\/schema\/logo\/image\/","url":"https:\/\/www.lifenatura.com\/wp-content\/uploads\/2021\/11\/logo.png","contentUrl":"https:\/\/www.lifenatura.com\/wp-content\/uploads\/2021\/11\/logo.png","width":175,"height":55,"caption":"Lifenatura"},"image":{"@id":"https:\/\/www.lifenatura.com\/es\/#\/schema\/logo\/image\/"},"sameAs":["https:\/\/www.facebook.com\/lifenatura","https:\/\/www.instagram.com\/lifenaturapt\/"]}]},"product_price_amount":"5.97","product_price_currency":"EUR","og_availability":"instock","product_availability":"instock","product_retailer_item_id":"8436565926295","product_condition":"new"},"df_price":5.97,"df_sale_price":"","df_regular_price":5.97,"df_image_link":"https:\/\/www.lifenatura.com\/wp-content\/uploads\/2025\/09\/levedura-nutricional-vit-b12-d-flocos-130g-energy-feelings-300x300.jpg","_links":{"self":[{"href":"https:\/\/www.lifenatura.com\/es\/wp-json\/wp\/v2\/product\/118424","targetHints":{"allow":["GET"]}}],"collection":[{"href":"https:\/\/www.lifenatura.com\/es\/wp-json\/wp\/v2\/product"}],"about":[{"href":"https:\/\/www.lifenatura.com\/es\/wp-json\/wp\/v2\/types\/product"}],"wp:featuredmedia":[{"embeddable":true,"href":"https:\/\/www.lifenatura.com\/es\/wp-json\/wp\/v2\/media\/116880"}],"wp:attachment":[{"href":"https:\/\/www.lifenatura.com\/es\/wp-json\/wp\/v2\/media?parent=118424"}],"wp:term":[{"taxonomy":"product_brand","embeddable":true,"href":"https:\/\/www.lifenatura.com\/es\/wp-json\/wp\/v2\/product_brand?post=118424"},{"taxonomy":"product_cat","embeddable":true,"href":"https:\/\/www.lifenatura.com\/es\/wp-json\/wp\/v2\/product_cat?post=118424"},{"taxonomy":"product_tag","embeddable":true,"href":"https:\/\/www.lifenatura.com\/es\/wp-json\/wp\/v2\/product_tag?post=118424"}],"curies":[{"name":"wp","href":"https:\/\/api.w.org\/{rel}","templated":true}]}}