{"id":118423,"date":"2025-09-12T20:35:59","date_gmt":"2025-09-12T20:35:59","guid":{"rendered":"https:\/\/www.lifenatura.com\/produto\/levadura-nutricional-vit-d-120-comprimidos-sensacion-de-energia\/"},"modified":"2025-10-14T20:15:50","modified_gmt":"2025-10-14T20:15:50","slug":"levadura-nutricional-vit-d-120-comprimidos-sensacion-de-energia","status":"publish","type":"product","link":"https:\/\/www.lifenatura.com\/es\/produto\/levadura-nutricional-vit-d-120-comprimidos-sensacion-de-energia\/","title":{"rendered":"Levadura Nutricional Vit. D 120 Comprimidos &#8211; Energy Feelings"},"content":{"rendered":"<h2 style=\"text-align: left;\" data-start=\"189\" data-end=\"263\">Levadura Nutricional con Vitamina D 120 Comprimidos &#8211; <strong data-start=\"322\" data-end=\"380\">Energy Feelings<\/strong><\/h2>\n<p>&nbsp;<\/p>\n<p data-start=\"320\" data-end=\"695\"><strong data-start=\"322\" data-end=\"380\">La Levadura Nutricional con Vitamina D de Energy Feelings<\/strong> es un suplemento natural y funcional dise\u00f1ado para proporcionar un impulso nutricional completo, que combina los beneficios de la levadura inactiva con la importancia de la <strong data-start=\"543\" data-end=\"557\">vitamina D<\/strong>, esencial para la salud en general. En formato de comprimidos, es una forma pr\u00e1ctica y eficaz de integrar este superalimento en tu rutina diaria.<\/p>\n<p data-start=\"697\" data-end=\"1022\">La levadura nutricional es famosa por su alto contenido en <strong data-start=\"763\" data-end=\"817\">prote\u00ednas vegetales de calidad, fibra y minerales<\/strong> como hierro, zinc y magnesio, adem\u00e1s de aportar de forma natural <strong data-start=\"878\" data-end=\"905\">vitaminas del complejo B<\/strong>. Estos nutrientes contribuyen al metabolismo energ\u00e9tico, ayudan a reducir el cansancio y favorecen el sistema nervioso.<\/p>\n<p data-start=\"1024\" data-end=\"1399\">La adici\u00f3n de <strong data-start=\"1036\" data-end=\"1050\">vitamina D<\/strong> hace de este suplemento una opci\u00f3n a\u00fan m\u00e1s completa. La vitamina D es esencial para la absorci\u00f3n del calcio y el f\u00f3sforo, ayudando a mantener unos huesos y dientes fuertes, as\u00ed como una funci\u00f3n muscular normal. Adem\u00e1s, desempe\u00f1a un papel fundamental en el <strong data-start=\"1306\" data-end=\"1339\">fortalecimiento del sistema inmunitario<\/strong>, contribuyendo a una respuesta m\u00e1s eficaz del organismo.<\/p>\n<p data-start=\"1401\" data-end=\"1597\">Con su acci\u00f3n antioxidante, <strong data-start=\"1432\" data-end=\"1482\">la Levadura Nutricional Vit. D de Energy Feelings<\/strong> tambi\u00e9n ayuda a proteger las c\u00e9lulas contra los radicales libres, favoreciendo el equilibrio, la vitalidad y el bienestar.<\/p>\n<p data-start=\"1599\" data-end=\"1627\"><strong>Principales ventajas:<\/strong><\/p>\n<ul data-start=\"1628\" data-end=\"1917\">\n<li data-start=\"1628\" data-end=\"1691\">\n<p data-start=\"1630\" data-end=\"1691\">Fuente natural de <strong data-start=\"1647\" data-end=\"1688\">prote\u00ednas vegetales, fibra y minerales<\/strong>;<\/p>\n<\/li>\n<li data-start=\"1692\" data-end=\"1757\">\n<p data-start=\"1694\" data-end=\"1757\">Enriquecido con <strong data-start=\"1710\" data-end=\"1724\">vitamina D<\/strong> para huesos, dientes y m\u00fasculos;<\/p>\n<\/li>\n<li data-start=\"1758\" data-end=\"1813\">\n<p data-start=\"1760\" data-end=\"1813\">Ayuda a <strong data-start=\"1777\" data-end=\"1810\">reforzar el sistema inmunitario<\/strong>;<\/p>\n<\/li>\n<li data-start=\"1814\" data-end=\"1859\">\n<p data-start=\"1816\" data-end=\"1859\">Ayuda a <strong data-start=\"1824\" data-end=\"1856\">reducir el cansancio y la fatiga<\/strong>;<\/p>\n<\/li>\n<li data-start=\"1860\" data-end=\"1917\">\n<p data-start=\"1862\" data-end=\"1917\">Vegano, sin gluten y sin aditivos artificiales.<\/p>\n<\/li>\n<\/ul>\n<p data-start=\"1919\" data-end=\"1936\"><strong>Indicaciones:<\/strong><\/p>\n<p data-start=\"1937\" data-end=\"2016\">La <strong data-start=\"1939\" data-end=\"1997\">Levadura Nutricional con Vitamina D de Energy Feelings<\/strong> est\u00e1 indicada para:<\/p>\n<ul data-start=\"2017\" data-end=\"2231\">\n<li data-start=\"2017\" data-end=\"2072\">\n<p data-start=\"2019\" data-end=\"2072\">Personas que necesitan fortalecimiento \u00f3seo y muscular;<\/p>\n<\/li>\n<li data-start=\"2073\" data-end=\"2117\">\n<p data-start=\"2075\" data-end=\"2117\">Cualquier persona que desee reforzar el sistema inmunitario;<\/p>\n<\/li>\n<li data-start=\"2118\" data-end=\"2173\">\n<p data-start=\"2120\" data-end=\"2173\">Personas que siguen dietas veganas o vegetarianas;<\/p>\n<\/li>\n<li data-start=\"2174\" data-end=\"2231\">\n<p data-start=\"2176\" data-end=\"2231\">Cualquiera que busque energ\u00eda y vitalidad extra a diario.<\/p>\n<\/li>\n<\/ul>\n<p><strong>Presentaci\u00f3n:<\/strong><\/p>\n<p>120 Comprimidos<\/p>\n<p>&nbsp;<\/p>\n","protected":false},"excerpt":{"rendered":"<p>Levadura Nutricional Vit. D 120 Comprimidos Sensaci\u00f3n de Energ\u00eda &#8211; Suplemento natural rico en prote\u00ednas y minerales. Fortalece los huesos, los m\u00fasculos, la inmunidad y la energ\u00eda. [&#8230;]<\/p>\n<p><a class=\"btn btn-secondary understrap-read-more-link\" href=\"https:\/\/www.lifenatura.com\/es\/produto\/levadura-nutricional-vit-d-120-comprimidos-sensacion-de-energia\/\">Leer m\u00e1s&#8230;<span class=\"screen-reader-text\"> from Levadura Nutricional Vit. D 120 Comprimidos &#8211; Energy Feelings<\/span><\/a><\/p>\n","protected":false},"featured_media":116998,"template":"","meta":{"_acf_changed":false},"product_brand":[8563],"product_cat":[7064,7085,7206,7211,7883,7261],"product_tag":[],"class_list":{"0":"post-118423","1":"product","2":"type-product","3":"status-publish","4":"has-post-thumbnail","6":"product_brand-energy-feelings-es","7":"product_cat-alimentacion-sana","8":"product_cat-levaduras-y-fermentos","9":"product_cat-musculos-salud","10":"product_cat-reforza-la-inmunidad-salud","11":"product_cat-suplementos-alimenticios","12":"product_cat-vitamina-d-salud","14":"first","15":"instock","16":"shipping-taxable","17":"purchasable","18":"product-type-simple","19":"add-to-wishlist-before_image"},"acf":[],"yoast_head":"<!-- This site is optimized with the Yoast SEO Premium plugin v27.1 (Yoast SEO v27.4) - https:\/\/yoast.com\/product\/yoast-seo-premium-wordpress\/ -->\n<title>Levadura Nutricional Vit. D 120 Comprimidos - Energy Feelings - Lifenatura<\/title>\n<meta name=\"description\" content=\"Levadura Nutricional Vit. D suplemento natural rico en prote\u00ednas y minerales. Fortalece los huesos, los m\u00fasculos, la inmunidad y la energ\u00eda.\" \/>\n<meta name=\"robots\" content=\"index, follow, max-snippet:-1, max-image-preview:large, max-video-preview:-1\" \/>\n<link rel=\"canonical\" href=\"https:\/\/www.lifenatura.com\/es\/produto\/levadura-nutricional-vit-d-120-comprimidos-sensacion-de-energia\/\" \/>\n<meta property=\"og:locale\" content=\"es_ES\" \/>\n<meta property=\"og:type\" content=\"article\" \/>\n<meta property=\"og:title\" content=\"Levadura Nutricional Vit. D 120 Comprimidos - Energy Feelings - Lifenatura\" \/>\n<meta property=\"og:description\" content=\"Compre aqui o seu Levadura Nutricional Vit. D 120 Comprimidos - Energy Feelings e a Lifenatura Online envia em 48 H com Portes Gratis &gt;35\u20ac de Pedido.\" \/>\n<meta property=\"og:url\" content=\"https:\/\/www.lifenatura.com\/es\/produto\/levadura-nutricional-vit-d-120-comprimidos-sensacion-de-energia\/\" \/>\n<meta property=\"og:site_name\" content=\"Lifenatura\" \/>\n<meta property=\"article:publisher\" content=\"https:\/\/www.facebook.com\/lifenatura\" \/>\n<meta property=\"article:modified_time\" content=\"2025-10-14T20:15:50+00:00\" \/>\n<meta property=\"og:image\" content=\"https:\/\/www.lifenatura.com\/wp-content\/uploads\/2025\/09\/vitamina-d-levedura-nutricional-energy-feelings.jpg\" \/>\n\t<meta property=\"og:image:width\" content=\"1000\" \/>\n\t<meta property=\"og:image:height\" content=\"1000\" \/>\n\t<meta property=\"og:image:type\" content=\"image\/jpeg\" \/>\n<meta name=\"twitter:card\" content=\"summary_large_image\" \/>\n<meta name=\"twitter:label1\" content=\"Precio\" \/>\n\t<meta name=\"twitter:data1\" content=\"9,47&nbsp;&euro;\" \/>\n\t<meta name=\"twitter:label2\" content=\"Disponibilidad\" \/>\n\t<meta name=\"twitter:data2\" content=\"Disponible\" \/>\n<meta property=\"product:price:amount\" content=\"9.47\" \/>\n<meta property=\"product:price:currency\" content=\"EUR\" \/>\n<meta property=\"og:availability\" content=\"instock\" \/>\n<meta property=\"product:availability\" content=\"instock\" \/>\n<meta property=\"product:retailer_item_id\" content=\"8436565923645\" \/>\n<meta property=\"product:condition\" content=\"new\" \/>\n<!-- \/ Yoast SEO Premium plugin. -->","yoast_head_json":{"title":"Levadura Nutricional Vit. D 120 Comprimidos - Energy Feelings - Lifenatura","description":"Levadura Nutricional Vit. D suplemento natural rico en prote\u00ednas y minerales. Fortalece los huesos, los m\u00fasculos, la inmunidad y la energ\u00eda.","robots":{"index":"index","follow":"follow","max-snippet":"max-snippet:-1","max-image-preview":"max-image-preview:large","max-video-preview":"max-video-preview:-1"},"canonical":"https:\/\/www.lifenatura.com\/es\/produto\/levadura-nutricional-vit-d-120-comprimidos-sensacion-de-energia\/","og_locale":"es_ES","og_type":"article","og_title":"Levadura Nutricional Vit. D 120 Comprimidos - Energy Feelings - Lifenatura","og_description":"Compre aqui o seu Levadura Nutricional Vit. D 120 Comprimidos - Energy Feelings e a Lifenatura Online envia em 48 H com Portes Gratis >35\u20ac de Pedido.","og_url":"https:\/\/www.lifenatura.com\/es\/produto\/levadura-nutricional-vit-d-120-comprimidos-sensacion-de-energia\/","og_site_name":"Lifenatura","article_publisher":"https:\/\/www.facebook.com\/lifenatura","article_modified_time":"2025-10-14T20:15:50+00:00","og_image":[{"width":1000,"height":1000,"url":"https:\/\/www.lifenatura.com\/wp-content\/uploads\/2025\/09\/vitamina-d-levedura-nutricional-energy-feelings.jpg","type":"image\/jpeg"}],"twitter_card":"summary_large_image","twitter_misc":{"Precio":"9,47&nbsp;&euro;","Disponibilidad":"Disponible"},"schema":{"@context":"https:\/\/schema.org","@graph":[{"@type":"WebPage","@id":"https:\/\/www.lifenatura.com\/es\/produto\/levadura-nutricional-vit-d-120-comprimidos-sensacion-de-energia\/","url":"https:\/\/www.lifenatura.com\/es\/produto\/levadura-nutricional-vit-d-120-comprimidos-sensacion-de-energia\/","name":"Levadura Nutricional Vit. D 120 Comprimidos - Energy Feelings - Lifenatura","isPartOf":{"@id":"https:\/\/www.lifenatura.com\/es\/#website"},"primaryImageOfPage":{"@id":"https:\/\/www.lifenatura.com\/es\/produto\/levadura-nutricional-vit-d-120-comprimidos-sensacion-de-energia\/#primaryimage"},"image":{"@id":"https:\/\/www.lifenatura.com\/es\/produto\/levadura-nutricional-vit-d-120-comprimidos-sensacion-de-energia\/#primaryimage"},"thumbnailUrl":"https:\/\/www.lifenatura.com\/wp-content\/uploads\/2025\/09\/vitamina-d-levedura-nutricional-energy-feelings.jpg","datePublished":"2025-09-12T20:35:59+00:00","dateModified":"2025-10-14T20:15:50+00:00","description":"Levadura Nutricional Vit. D suplemento natural rico en prote\u00ednas y minerales. Fortalece los huesos, los m\u00fasculos, la inmunidad y la energ\u00eda.","breadcrumb":{"@id":"https:\/\/www.lifenatura.com\/es\/produto\/levadura-nutricional-vit-d-120-comprimidos-sensacion-de-energia\/#breadcrumb"},"inLanguage":"es","potentialAction":[{"@type":"ReadAction","target":["https:\/\/www.lifenatura.com\/es\/produto\/levadura-nutricional-vit-d-120-comprimidos-sensacion-de-energia\/"]}]},{"@type":"ImageObject","inLanguage":"es","@id":"https:\/\/www.lifenatura.com\/es\/produto\/levadura-nutricional-vit-d-120-comprimidos-sensacion-de-energia\/#primaryimage","url":"https:\/\/www.lifenatura.com\/wp-content\/uploads\/2025\/09\/vitamina-d-levedura-nutricional-energy-feelings.jpg","contentUrl":"https:\/\/www.lifenatura.com\/wp-content\/uploads\/2025\/09\/vitamina-d-levedura-nutricional-energy-feelings.jpg","width":1000,"height":1000},{"@type":"BreadcrumbList","@id":"https:\/\/www.lifenatura.com\/es\/produto\/levadura-nutricional-vit-d-120-comprimidos-sensacion-de-energia\/#breadcrumb","itemListElement":[{"@type":"ListItem","position":1,"name":"In\u00edcio","item":"https:\/\/www.lifenatura.com\/es\/"},{"@type":"ListItem","position":2,"name":"Todos los Productos","item":"https:\/\/www.lifenatura.com\/es\/tienda\/"},{"@type":"ListItem","position":3,"name":"Levadura Nutricional Vit. D 120 Comprimidos &#8211; Energy Feelings"}]},{"@type":"WebSite","@id":"https:\/\/www.lifenatura.com\/es\/#website","url":"https:\/\/www.lifenatura.com\/es\/","name":"Lifenatura","description":"A Lifenatura \u00e9 uma loja de produtos naturais, cosm\u00e9tica natural e alimenta\u00e7\u00e3o Biol\u00f3gica.","publisher":{"@id":"https:\/\/www.lifenatura.com\/es\/#organization"},"potentialAction":[{"@type":"SearchAction","target":{"@type":"EntryPoint","urlTemplate":"https:\/\/www.lifenatura.com\/es\/?s={search_term_string}"},"query-input":{"@type":"PropertyValueSpecification","valueRequired":true,"valueName":"search_term_string"}}],"inLanguage":"es"},{"@type":"Organization","@id":"https:\/\/www.lifenatura.com\/es\/#organization","name":"Lifenatura","url":"https:\/\/www.lifenatura.com\/es\/","logo":{"@type":"ImageObject","inLanguage":"es","@id":"https:\/\/www.lifenatura.com\/es\/#\/schema\/logo\/image\/","url":"https:\/\/www.lifenatura.com\/wp-content\/uploads\/2021\/11\/logo.png","contentUrl":"https:\/\/www.lifenatura.com\/wp-content\/uploads\/2021\/11\/logo.png","width":175,"height":55,"caption":"Lifenatura"},"image":{"@id":"https:\/\/www.lifenatura.com\/es\/#\/schema\/logo\/image\/"},"sameAs":["https:\/\/www.facebook.com\/lifenatura","https:\/\/www.instagram.com\/lifenaturapt\/"]}]},"product_price_amount":"9.47","product_price_currency":"EUR","og_availability":"instock","product_availability":"instock","product_retailer_item_id":"8436565923645","product_condition":"new"},"df_price":9.47,"df_sale_price":"","df_regular_price":9.47,"df_image_link":"https:\/\/www.lifenatura.com\/wp-content\/uploads\/2025\/09\/vitamina-d-levedura-nutricional-energy-feelings-300x300.jpg","_links":{"self":[{"href":"https:\/\/www.lifenatura.com\/es\/wp-json\/wp\/v2\/product\/118423","targetHints":{"allow":["GET"]}}],"collection":[{"href":"https:\/\/www.lifenatura.com\/es\/wp-json\/wp\/v2\/product"}],"about":[{"href":"https:\/\/www.lifenatura.com\/es\/wp-json\/wp\/v2\/types\/product"}],"wp:featuredmedia":[{"embeddable":true,"href":"https:\/\/www.lifenatura.com\/es\/wp-json\/wp\/v2\/media\/116998"}],"wp:attachment":[{"href":"https:\/\/www.lifenatura.com\/es\/wp-json\/wp\/v2\/media?parent=118423"}],"wp:term":[{"taxonomy":"product_brand","embeddable":true,"href":"https:\/\/www.lifenatura.com\/es\/wp-json\/wp\/v2\/product_brand?post=118423"},{"taxonomy":"product_cat","embeddable":true,"href":"https:\/\/www.lifenatura.com\/es\/wp-json\/wp\/v2\/product_cat?post=118423"},{"taxonomy":"product_tag","embeddable":true,"href":"https:\/\/www.lifenatura.com\/es\/wp-json\/wp\/v2\/product_tag?post=118423"}],"curies":[{"name":"wp","href":"https:\/\/api.w.org\/{rel}","templated":true}]}}