{"id":118421,"date":"2025-09-12T20:36:19","date_gmt":"2025-09-12T20:36:19","guid":{"rendered":"https:\/\/www.lifenatura.com\/produto\/matcha-latte-bio-200-g-sensacion-de-energia\/"},"modified":"2025-10-13T07:10:54","modified_gmt":"2025-10-13T07:10:54","slug":"matcha-latte-bio-200-g-sensacion-de-energia","status":"publish","type":"product","link":"https:\/\/www.lifenatura.com\/es\/produto\/matcha-latte-bio-200-g-sensacion-de-energia\/","title":{"rendered":"Matcha Latte Bio 200 g &#8211; Energy Feelings"},"content":{"rendered":"<h2 style=\"text-align: left;\" data-start=\"167\" data-end=\"211\">Matcha Latte Bio 200 g &#8211; <strong data-start=\"278\" data-end=\"317\">Energy Feelings<\/strong><\/h2>\n<p>&nbsp;<\/p>\n<p data-start=\"276\" data-end=\"677\"><strong data-start=\"278\" data-end=\"317\">El Matcha Latte Bio de Energy Feelings<\/strong> es una deliciosa mezcla en polvo que combina t\u00e9 verde matcha de alta calidad con ingredientes ecol\u00f3gicos cuidadosamente seleccionados, proporcionando una bebida cremosa y nutritiva llena de beneficios para la salud. Es la alternativa perfecta al caf\u00e9, ya que ofrece energ\u00eda sostenida y concentraci\u00f3n mental sin causar nerviosismo ni bajones repentinos de energ\u00eda.<\/p>\n<p data-start=\"679\" data-end=\"1050\"><strong data-start=\"681\" data-end=\"691\">El matcha<\/strong>, un t\u00e9 verde japon\u00e9s molido en un polvo muy fino, destaca por su alto contenido en <strong data-start=\"774\" data-end=\"804\">antioxidantes (catequinas<\/strong>), que ayudan a proteger las c\u00e9lulas contra los radicales libres y favorecen la vitalidad. Tambi\u00e9n es rico en <strong data-start=\"907\" data-end=\"920\">L-teanina<\/strong>, un amino\u00e1cido que favorece la concentraci\u00f3n, la relajaci\u00f3n y la claridad mental, creando una sensaci\u00f3n de calma y energ\u00eda equilibrada.<\/p>\n<p data-start=\"1052\" data-end=\"1318\">Este preparado es f\u00e1cil de usar: basta con mezclarlo con bebida vegetal o agua caliente para obtener un cremoso caf\u00e9 con leche lleno de sabor. Adem\u00e1s de apoyar la energ\u00eda, el metabolismo y la salud celular, es un momento de placer saludable que puedes integrar en tu rutina diaria.<\/p>\n<p data-start=\"1320\" data-end=\"1476\">Elaborado con ingredientes ecol\u00f3gicos, veganos y sin gluten, <strong data-start=\"1390\" data-end=\"1429\">el Matcha Latte Bio de Energy Feelings<\/strong> combina nutrici\u00f3n, bienestar y sostenibilidad.<\/p>\n<p data-start=\"1478\" data-end=\"1506\"><strong>Principales ventajas:<\/strong><\/p>\n<ul data-start=\"1507\" data-end=\"1750\">\n<li data-start=\"1507\" data-end=\"1556\">\n<p data-start=\"1509\" data-end=\"1556\">Fuente natural de <strong data-start=\"1526\" data-end=\"1553\">potentes antioxidantes<\/strong>;<\/p>\n<\/li>\n<li data-start=\"1557\" data-end=\"1603\">\n<p data-start=\"1559\" data-end=\"1603\">Fomenta <strong data-start=\"1567\" data-end=\"1600\">la energ\u00eda estable y la concentraci\u00f3n mental<\/strong>;<\/p>\n<\/li>\n<li data-start=\"1604\" data-end=\"1654\">\n<p data-start=\"1606\" data-end=\"1654\">Contribuye al <strong data-start=\"1623\" data-end=\"1651\">metabolismo y a la vitalidad<\/strong>;<\/p>\n<\/li>\n<li data-start=\"1655\" data-end=\"1707\">\n<p data-start=\"1657\" data-end=\"1707\">Ayuda a reducir el estr\u00e9s y favorece la concentraci\u00f3n;<\/p>\n<\/li>\n<li data-start=\"1708\" data-end=\"1750\">\n<p data-start=\"1710\" data-end=\"1750\">Ecol\u00f3gico, vegano y sin gluten.<\/p>\n<\/li>\n<\/ul>\n<p data-start=\"1752\" data-end=\"1769\"><strong>Indicaciones:<\/strong><\/p>\n<p data-start=\"1770\" data-end=\"1830\"><strong data-start=\"1772\" data-end=\"1811\">Matcha Latte Bio de Energy Feelings<\/strong> es adecuado para:<\/p>\n<ul data-start=\"1831\" data-end=\"2074\">\n<li data-start=\"1831\" data-end=\"1881\">\n<p data-start=\"1833\" data-end=\"1881\">Los que buscan una alternativa sana al caf\u00e9;<\/p>\n<\/li>\n<li data-start=\"1882\" data-end=\"1938\">\n<p data-start=\"1884\" data-end=\"1938\">Personas que desean m\u00e1s concentraci\u00f3n y energ\u00eda equilibrada;<\/p>\n<\/li>\n<li data-start=\"1939\" data-end=\"2000\">\n<p data-start=\"1941\" data-end=\"2000\">Personas que valoran las bebidas funcionales y nutritivas;<\/p>\n<\/li>\n<li data-start=\"2001\" data-end=\"2074\">\n<p data-start=\"2003\" data-end=\"2074\">Vegetarianos y veganos que buscan productos ecol\u00f3gicos de calidad.<\/p>\n<\/li>\n<\/ul>\n<p><strong>Presentaci\u00f3n:<\/strong><\/p>\n<p>200g<\/p>\n<p>&nbsp;<\/p>\n","protected":false},"excerpt":{"rendered":"<p>Matcha Latte Bio 200 g Energy Feelings &#8211; Mezcla cremosa con t\u00e9 verde matcha ecol\u00f3gico. Una fuente de antioxidantes, energ\u00eda equilibrada y concentraci\u00f3n mental. [&#8230;]<\/p>\n<p><a class=\"btn btn-secondary understrap-read-more-link\" href=\"https:\/\/www.lifenatura.com\/es\/produto\/matcha-latte-bio-200-g-sensacion-de-energia\/\">Leer m\u00e1s&#8230;<span class=\"screen-reader-text\"> from Matcha Latte Bio 200 g &#8211; Energy Feelings<\/span><\/a><\/p>\n","protected":false},"featured_media":116914,"template":"","meta":{"_acf_changed":false},"product_brand":[8563],"product_cat":[7064,7236,7065,7223,7659,7743],"product_tag":[],"class_list":{"0":"post-118421","1":"product","2":"type-product","3":"status-publish","4":"has-post-thumbnail","6":"product_brand-energy-feelings-es","7":"product_cat-alimentacion-sana","8":"product_cat-antioxidantes-salud","9":"product_cat-bebidas","10":"product_cat-concentracion-memoria-salud","11":"product_cat-ingrediente-natural-bio","12":"product_cat-matcha-es","14":"first","15":"instock","16":"shipping-taxable","17":"purchasable","18":"product-type-simple","19":"add-to-wishlist-before_image"},"acf":[],"yoast_head":"<!-- This site is optimized with the Yoast SEO Premium plugin v27.1 (Yoast SEO v27.4) - https:\/\/yoast.com\/product\/yoast-seo-premium-wordpress\/ -->\n<title>Matcha Latte Bio 200 g - Energy Feelings - Lifenatura<\/title>\n<meta name=\"description\" content=\"Matcha Latte Bio 200g mezcla cremosa con t\u00e9 verde matcha ecol\u00f3gico. Una fuente de antioxidantes, energ\u00eda equilibrada y concentraci\u00f3n mental.\" \/>\n<meta name=\"robots\" content=\"index, follow, max-snippet:-1, max-image-preview:large, max-video-preview:-1\" \/>\n<link rel=\"canonical\" href=\"https:\/\/www.lifenatura.com\/es\/produto\/matcha-latte-bio-200-g-sensacion-de-energia\/\" \/>\n<meta property=\"og:locale\" content=\"es_ES\" \/>\n<meta property=\"og:type\" content=\"article\" \/>\n<meta property=\"og:title\" content=\"Matcha Latte Bio 200 g - Energy Feelings - Lifenatura\" \/>\n<meta property=\"og:description\" content=\"Compre aqui o seu Matcha Latte Bio 200 g - Energy Feelings e a Lifenatura Online envia em 48 H com Portes Gratis &gt;35\u20ac de Pedido.\" \/>\n<meta property=\"og:url\" content=\"https:\/\/www.lifenatura.com\/es\/produto\/matcha-latte-bio-200-g-sensacion-de-energia\/\" \/>\n<meta property=\"og:site_name\" content=\"Lifenatura\" \/>\n<meta property=\"article:publisher\" content=\"https:\/\/www.facebook.com\/lifenatura\" \/>\n<meta property=\"article:modified_time\" content=\"2025-10-13T07:10:54+00:00\" \/>\n<meta property=\"og:image\" content=\"https:\/\/www.lifenatura.com\/wp-content\/uploads\/2025\/09\/matcha-latte-bio-energy-feelings.jpg\" \/>\n\t<meta property=\"og:image:width\" content=\"1000\" \/>\n\t<meta property=\"og:image:height\" content=\"1000\" \/>\n\t<meta property=\"og:image:type\" content=\"image\/jpeg\" \/>\n<meta name=\"twitter:card\" content=\"summary_large_image\" \/>\n<meta name=\"twitter:label1\" content=\"Precio\" \/>\n\t<meta name=\"twitter:data1\" content=\"13,77&nbsp;&euro;\" \/>\n\t<meta name=\"twitter:label2\" content=\"Disponibilidad\" \/>\n\t<meta name=\"twitter:data2\" content=\"Disponible\" \/>\n<meta property=\"product:price:amount\" content=\"13.77\" \/>\n<meta property=\"product:price:currency\" content=\"EUR\" \/>\n<meta property=\"og:availability\" content=\"instock\" \/>\n<meta property=\"product:availability\" content=\"instock\" \/>\n<meta property=\"product:retailer_item_id\" content=\"8436565926752\" \/>\n<meta property=\"product:condition\" content=\"new\" \/>\n<!-- \/ Yoast SEO Premium plugin. -->","yoast_head_json":{"title":"Matcha Latte Bio 200 g - Energy Feelings - Lifenatura","description":"Matcha Latte Bio 200g mezcla cremosa con t\u00e9 verde matcha ecol\u00f3gico. Una fuente de antioxidantes, energ\u00eda equilibrada y concentraci\u00f3n mental.","robots":{"index":"index","follow":"follow","max-snippet":"max-snippet:-1","max-image-preview":"max-image-preview:large","max-video-preview":"max-video-preview:-1"},"canonical":"https:\/\/www.lifenatura.com\/es\/produto\/matcha-latte-bio-200-g-sensacion-de-energia\/","og_locale":"es_ES","og_type":"article","og_title":"Matcha Latte Bio 200 g - Energy Feelings - Lifenatura","og_description":"Compre aqui o seu Matcha Latte Bio 200 g - Energy Feelings e a Lifenatura Online envia em 48 H com Portes Gratis >35\u20ac de Pedido.","og_url":"https:\/\/www.lifenatura.com\/es\/produto\/matcha-latte-bio-200-g-sensacion-de-energia\/","og_site_name":"Lifenatura","article_publisher":"https:\/\/www.facebook.com\/lifenatura","article_modified_time":"2025-10-13T07:10:54+00:00","og_image":[{"width":1000,"height":1000,"url":"https:\/\/www.lifenatura.com\/wp-content\/uploads\/2025\/09\/matcha-latte-bio-energy-feelings.jpg","type":"image\/jpeg"}],"twitter_card":"summary_large_image","twitter_misc":{"Precio":"13,77&nbsp;&euro;","Disponibilidad":"Disponible"},"schema":{"@context":"https:\/\/schema.org","@graph":[{"@type":"WebPage","@id":"https:\/\/www.lifenatura.com\/es\/produto\/matcha-latte-bio-200-g-sensacion-de-energia\/","url":"https:\/\/www.lifenatura.com\/es\/produto\/matcha-latte-bio-200-g-sensacion-de-energia\/","name":"Matcha Latte Bio 200 g - Energy Feelings - Lifenatura","isPartOf":{"@id":"https:\/\/www.lifenatura.com\/es\/#website"},"primaryImageOfPage":{"@id":"https:\/\/www.lifenatura.com\/es\/produto\/matcha-latte-bio-200-g-sensacion-de-energia\/#primaryimage"},"image":{"@id":"https:\/\/www.lifenatura.com\/es\/produto\/matcha-latte-bio-200-g-sensacion-de-energia\/#primaryimage"},"thumbnailUrl":"https:\/\/www.lifenatura.com\/wp-content\/uploads\/2025\/09\/matcha-latte-bio-energy-feelings.jpg","datePublished":"2025-09-12T20:36:19+00:00","dateModified":"2025-10-13T07:10:54+00:00","description":"Matcha Latte Bio 200g mezcla cremosa con t\u00e9 verde matcha ecol\u00f3gico. Una fuente de antioxidantes, energ\u00eda equilibrada y concentraci\u00f3n mental.","breadcrumb":{"@id":"https:\/\/www.lifenatura.com\/es\/produto\/matcha-latte-bio-200-g-sensacion-de-energia\/#breadcrumb"},"inLanguage":"es","potentialAction":[{"@type":"ReadAction","target":["https:\/\/www.lifenatura.com\/es\/produto\/matcha-latte-bio-200-g-sensacion-de-energia\/"]}]},{"@type":"ImageObject","inLanguage":"es","@id":"https:\/\/www.lifenatura.com\/es\/produto\/matcha-latte-bio-200-g-sensacion-de-energia\/#primaryimage","url":"https:\/\/www.lifenatura.com\/wp-content\/uploads\/2025\/09\/matcha-latte-bio-energy-feelings.jpg","contentUrl":"https:\/\/www.lifenatura.com\/wp-content\/uploads\/2025\/09\/matcha-latte-bio-energy-feelings.jpg","width":1000,"height":1000},{"@type":"BreadcrumbList","@id":"https:\/\/www.lifenatura.com\/es\/produto\/matcha-latte-bio-200-g-sensacion-de-energia\/#breadcrumb","itemListElement":[{"@type":"ListItem","position":1,"name":"In\u00edcio","item":"https:\/\/www.lifenatura.com\/es\/"},{"@type":"ListItem","position":2,"name":"Todos los Productos","item":"https:\/\/www.lifenatura.com\/es\/tienda\/"},{"@type":"ListItem","position":3,"name":"Matcha Latte Bio 200 g &#8211; Energy Feelings"}]},{"@type":"WebSite","@id":"https:\/\/www.lifenatura.com\/es\/#website","url":"https:\/\/www.lifenatura.com\/es\/","name":"Lifenatura","description":"A Lifenatura \u00e9 uma loja de produtos naturais, cosm\u00e9tica natural e alimenta\u00e7\u00e3o Biol\u00f3gica.","publisher":{"@id":"https:\/\/www.lifenatura.com\/es\/#organization"},"potentialAction":[{"@type":"SearchAction","target":{"@type":"EntryPoint","urlTemplate":"https:\/\/www.lifenatura.com\/es\/?s={search_term_string}"},"query-input":{"@type":"PropertyValueSpecification","valueRequired":true,"valueName":"search_term_string"}}],"inLanguage":"es"},{"@type":"Organization","@id":"https:\/\/www.lifenatura.com\/es\/#organization","name":"Lifenatura","url":"https:\/\/www.lifenatura.com\/es\/","logo":{"@type":"ImageObject","inLanguage":"es","@id":"https:\/\/www.lifenatura.com\/es\/#\/schema\/logo\/image\/","url":"https:\/\/www.lifenatura.com\/wp-content\/uploads\/2021\/11\/logo.png","contentUrl":"https:\/\/www.lifenatura.com\/wp-content\/uploads\/2021\/11\/logo.png","width":175,"height":55,"caption":"Lifenatura"},"image":{"@id":"https:\/\/www.lifenatura.com\/es\/#\/schema\/logo\/image\/"},"sameAs":["https:\/\/www.facebook.com\/lifenatura","https:\/\/www.instagram.com\/lifenaturapt\/"]}]},"product_price_amount":"13.77","product_price_currency":"EUR","og_availability":"instock","product_availability":"instock","product_retailer_item_id":"8436565926752","product_condition":"new"},"df_price":13.77,"df_sale_price":"","df_regular_price":13.77,"df_image_link":"https:\/\/www.lifenatura.com\/wp-content\/uploads\/2025\/09\/matcha-latte-bio-energy-feelings-300x300.jpg","_links":{"self":[{"href":"https:\/\/www.lifenatura.com\/es\/wp-json\/wp\/v2\/product\/118421","targetHints":{"allow":["GET"]}}],"collection":[{"href":"https:\/\/www.lifenatura.com\/es\/wp-json\/wp\/v2\/product"}],"about":[{"href":"https:\/\/www.lifenatura.com\/es\/wp-json\/wp\/v2\/types\/product"}],"wp:featuredmedia":[{"embeddable":true,"href":"https:\/\/www.lifenatura.com\/es\/wp-json\/wp\/v2\/media\/116914"}],"wp:attachment":[{"href":"https:\/\/www.lifenatura.com\/es\/wp-json\/wp\/v2\/media?parent=118421"}],"wp:term":[{"taxonomy":"product_brand","embeddable":true,"href":"https:\/\/www.lifenatura.com\/es\/wp-json\/wp\/v2\/product_brand?post=118421"},{"taxonomy":"product_cat","embeddable":true,"href":"https:\/\/www.lifenatura.com\/es\/wp-json\/wp\/v2\/product_cat?post=118421"},{"taxonomy":"product_tag","embeddable":true,"href":"https:\/\/www.lifenatura.com\/es\/wp-json\/wp\/v2\/product_tag?post=118421"}],"curies":[{"name":"wp","href":"https:\/\/api.w.org\/{rel}","templated":true}]}}