{"id":118418,"date":"2025-09-12T20:36:46","date_gmt":"2025-09-12T20:36:46","guid":{"rendered":"https:\/\/www.lifenatura.com\/produto\/proteina-de-levadura-nutricional-500-g-sensacion-de-energia\/"},"modified":"2025-10-12T18:49:34","modified_gmt":"2025-10-12T18:49:34","slug":"proteina-de-levadura-nutricional-500-g-sensacion-de-energia","status":"publish","type":"product","link":"https:\/\/www.lifenatura.com\/es\/produto\/proteina-de-levadura-nutricional-500-g-sensacion-de-energia\/","title":{"rendered":"Prote\u00edna de levadura nutricional 500 g &#8211; Energy Feelings"},"content":{"rendered":"<h2 style=\"text-align: left;\" data-start=\"187\" data-end=\"247\">Prote\u00edna de levadura nutricional 500 g &#8211; Energy Feelings<\/h2>\n<p>&nbsp;<\/p>\n<p data-start=\"287\" data-end=\"709\"><strong data-start=\"289\" data-end=\"344\">La Prote\u00edna Nutricional de Levadura de Energy Feelings<\/strong> es una excelente fuente vegetal de prote\u00ednas, vitaminas y minerales, ideal para quienes buscan complementar su dieta de forma equilibrada y natural. Producido a partir de levadura inactiva, este superalimento es apreciado no s\u00f3lo por su contenido en prote\u00ednas de alta calidad, sino tambi\u00e9n por su perfil nutricional rico en vitaminas del grupo B, fibra y antioxidantes.<\/p>\n<p data-start=\"711\" data-end=\"1019\">Con un sabor suave y agradable y notas que recuerdan al queso y los frutos secos, esta prote\u00edna es extremadamente vers\u00e1til y puede utilizarse en innumerables recetas. Es una opci\u00f3n perfecta para enriquecer platos cotidianos como sopas, ensaladas, pasta, verduras salteadas o incluso como aderezo de palomitas y aperitivos saludables.<\/p>\n<p data-start=\"1021\" data-end=\"1226\"><strong data-start=\"1023\" data-end=\"1059\">La Prote\u00edna de Levadura Nutricional<\/strong> tambi\u00e9n destaca por ser un producto naturalmente sin gluten, lactosa ni soja, por lo que es apta para vegetarianos, veganos y personas con intolerancias alimentarias.<\/p>\n<p data-start=\"1228\" data-end=\"1256\"><strong>Principales ventajas:<\/strong><\/p>\n<ul data-start=\"1257\" data-end=\"1628\">\n<li data-start=\"1257\" data-end=\"1303\">\n<p data-start=\"1259\" data-end=\"1303\">Rica fuente de prote\u00ednas vegetales;<\/p>\n<\/li>\n<li data-start=\"1304\" data-end=\"1377\">\n<p data-start=\"1306\" data-end=\"1377\">Contiene vitaminas del grupo B, esenciales para la energ\u00eda y la vitalidad;<\/p>\n<\/li>\n<li data-start=\"1378\" data-end=\"1449\">\n<p data-start=\"1380\" data-end=\"1449\">Proporciona un efecto saciante, \u00fatil en las dietas de control de peso;<\/p>\n<\/li>\n<li data-start=\"1450\" data-end=\"1515\">\n<p data-start=\"1452\" data-end=\"1515\">Favorece el sistema inmunitario y la salud de la piel, el cabello y las u\u00f1as;<\/p>\n<\/li>\n<li data-start=\"1516\" data-end=\"1576\">\n<p data-start=\"1518\" data-end=\"1576\">Vers\u00e1til en la cocina, con un agradable sabor a queso y frutos secos;<\/p>\n<\/li>\n<li data-start=\"1577\" data-end=\"1628\">\n<p data-start=\"1579\" data-end=\"1628\">Producto 100% natural, sin aditivos artificiales.<\/p>\n<\/li>\n<\/ul>\n<p data-start=\"1630\" data-end=\"1647\"><strong>Indicaciones:<\/strong><\/p>\n<p data-start=\"1648\" data-end=\"1724\"><strong data-start=\"1650\" data-end=\"1705\">La Prote\u00edna de Levadura Nutricional Energy Feelings<\/strong> est\u00e1 indicada para:<\/p>\n<ul data-start=\"1725\" data-end=\"2013\">\n<li data-start=\"1725\" data-end=\"1796\">\n<p data-start=\"1727\" data-end=\"1796\">Vegetarianos y veganos que buscan una fuente completa de prote\u00ednas;<\/p>\n<\/li>\n<li data-start=\"1797\" data-end=\"1864\">\n<p data-start=\"1799\" data-end=\"1864\">Personas que desean aumentar sus niveles de energ\u00eda y vitalidad;<\/p>\n<\/li>\n<li data-start=\"1865\" data-end=\"1924\">\n<p data-start=\"1867\" data-end=\"1924\">Los que siguen dietas de adelgazamiento o de control de peso;<\/p>\n<\/li>\n<li data-start=\"1925\" data-end=\"2013\">\n<p data-start=\"1927\" data-end=\"2013\">Cualquiera que desee enriquecer sus comidas con una nutrici\u00f3n sana y sabrosa.<\/p>\n<\/li>\n<\/ul>\n<p><strong>Presentaci\u00f3n:<\/strong><\/p>\n<p>500g<\/p>\n<p>&nbsp;<\/p>\n","protected":false},"excerpt":{"rendered":"<p>Prote\u00edna de levadura nutricional 500 g Sensaci\u00f3n de energ\u00eda &#8211; Rica en prote\u00ednas vegetales y vitaminas del grupo B. Ideal para veganos, energ\u00eda, saciedad. [&#8230;]<\/p>\n<p><a class=\"btn btn-secondary understrap-read-more-link\" href=\"https:\/\/www.lifenatura.com\/es\/produto\/proteina-de-levadura-nutricional-500-g-sensacion-de-energia\/\">Leer m\u00e1s&#8230;<span class=\"screen-reader-text\"> from Prote\u00edna de levadura nutricional 500 g &#8211; Energy Feelings<\/span><\/a><\/p>\n","protected":false},"featured_media":116946,"template":"","meta":{"_acf_changed":false},"product_brand":[8563],"product_cat":[7064,7085,7074,7096],"product_tag":[],"class_list":{"0":"post-118418","1":"product","2":"type-product","3":"status-publish","4":"has-post-thumbnail","6":"product_brand-energy-feelings-es","7":"product_cat-alimentacion-sana","8":"product_cat-levaduras-y-fermentos","9":"product_cat-productos-alimenticios","10":"product_cat-proteina-vegetal-bio","12":"first","13":"instock","14":"shipping-taxable","15":"purchasable","16":"product-type-simple","17":"add-to-wishlist-before_image"},"acf":[],"yoast_head":"<!-- This site is optimized with the Yoast SEO Premium plugin v27.1 (Yoast SEO v27.5) - https:\/\/yoast.com\/product\/yoast-seo-premium-wordpress\/ -->\n<title>Prote\u00edna de levadura nutricional 500 g - Energy Feelings - Na Lifenatura ao Melhor Pre\u00e7o | Envio em 48h<\/title>\n<meta name=\"description\" content=\"Prote\u00edna de levadura nutricional 500g rica en prote\u00ednas vegetales y vitaminas del grupo B. Ideal para veganos, energ\u00eda, saciedad.\" \/>\n<meta name=\"robots\" content=\"index, follow, max-snippet:-1, max-image-preview:large, max-video-preview:-1\" \/>\n<link rel=\"canonical\" href=\"https:\/\/www.lifenatura.com\/es\/produto\/proteina-de-levadura-nutricional-500-g-sensacion-de-energia\/\" \/>\n<meta property=\"og:locale\" content=\"es_ES\" \/>\n<meta property=\"og:type\" content=\"article\" \/>\n<meta property=\"og:title\" content=\"Prote\u00edna de levadura nutricional 500 g - Energy Feelings - Na Lifenatura ao Melhor Pre\u00e7o | Envio 48h\" \/>\n<meta property=\"og:description\" content=\"Compre Prote\u00edna de levadura nutricional 500 g - Energy Feelings com envio r\u00e1pido. Entrega em 48h e portes gr\u00e1tis em compras &gt;35\u20ac. Aproveite j\u00e1 na Lifenatura\" \/>\n<meta property=\"og:url\" content=\"https:\/\/www.lifenatura.com\/es\/produto\/proteina-de-levadura-nutricional-500-g-sensacion-de-energia\/\" \/>\n<meta property=\"og:site_name\" content=\"Lifenatura\" \/>\n<meta property=\"article:publisher\" content=\"https:\/\/www.facebook.com\/lifenatura\" \/>\n<meta property=\"article:modified_time\" content=\"2025-10-12T18:49:34+00:00\" \/>\n<meta property=\"og:image\" content=\"https:\/\/www.lifenatura.com\/wp-content\/uploads\/2025\/09\/proteina-levadura-nutricional-energy-feelings.jpg\" \/>\n\t<meta property=\"og:image:width\" content=\"1000\" \/>\n\t<meta property=\"og:image:height\" content=\"1000\" \/>\n\t<meta property=\"og:image:type\" content=\"image\/jpeg\" \/>\n<meta name=\"twitter:card\" content=\"summary_large_image\" \/>\n<meta name=\"twitter:label1\" content=\"Precio\" \/>\n\t<meta name=\"twitter:data1\" content=\"15,96&nbsp;&euro;\" \/>\n\t<meta name=\"twitter:label2\" content=\"Disponibilidad\" \/>\n\t<meta name=\"twitter:data2\" content=\"Disponible\" \/>\n<script type=\"application\/ld+json\" class=\"yoast-schema-graph\">{\"@context\":\"https:\\\/\\\/schema.org\",\"@graph\":[{\"@type\":\"WebPage\",\"@id\":\"https:\\\/\\\/www.lifenatura.com\\\/es\\\/produto\\\/proteina-de-levadura-nutricional-500-g-sensacion-de-energia\\\/\",\"url\":\"https:\\\/\\\/www.lifenatura.com\\\/es\\\/produto\\\/proteina-de-levadura-nutricional-500-g-sensacion-de-energia\\\/\",\"name\":\"Prote\u00edna de levadura nutricional 500 g - Energy Feelings - Na Lifenatura ao Melhor Pre\u00e7o | Envio em 48h\",\"isPartOf\":{\"@id\":\"https:\\\/\\\/www.lifenatura.com\\\/es\\\/#website\"},\"primaryImageOfPage\":{\"@id\":\"https:\\\/\\\/www.lifenatura.com\\\/es\\\/produto\\\/proteina-de-levadura-nutricional-500-g-sensacion-de-energia\\\/#primaryimage\"},\"image\":{\"@id\":\"https:\\\/\\\/www.lifenatura.com\\\/es\\\/produto\\\/proteina-de-levadura-nutricional-500-g-sensacion-de-energia\\\/#primaryimage\"},\"thumbnailUrl\":\"https:\\\/\\\/www.lifenatura.com\\\/wp-content\\\/uploads\\\/2025\\\/09\\\/proteina-levadura-nutricional-energy-feelings.jpg\",\"datePublished\":\"2025-09-12T20:36:46+00:00\",\"dateModified\":\"2025-10-12T18:49:34+00:00\",\"description\":\"Prote\u00edna de levadura nutricional 500g rica en prote\u00ednas vegetales y vitaminas del grupo B. Ideal para veganos, energ\u00eda, saciedad.\",\"breadcrumb\":{\"@id\":\"https:\\\/\\\/www.lifenatura.com\\\/es\\\/produto\\\/proteina-de-levadura-nutricional-500-g-sensacion-de-energia\\\/#breadcrumb\"},\"inLanguage\":\"es\",\"potentialAction\":[{\"@type\":\"ReadAction\",\"target\":[\"https:\\\/\\\/www.lifenatura.com\\\/es\\\/produto\\\/proteina-de-levadura-nutricional-500-g-sensacion-de-energia\\\/\"]}]},{\"@type\":\"ImageObject\",\"inLanguage\":\"es\",\"@id\":\"https:\\\/\\\/www.lifenatura.com\\\/es\\\/produto\\\/proteina-de-levadura-nutricional-500-g-sensacion-de-energia\\\/#primaryimage\",\"url\":\"https:\\\/\\\/www.lifenatura.com\\\/wp-content\\\/uploads\\\/2025\\\/09\\\/proteina-levadura-nutricional-energy-feelings.jpg\",\"contentUrl\":\"https:\\\/\\\/www.lifenatura.com\\\/wp-content\\\/uploads\\\/2025\\\/09\\\/proteina-levadura-nutricional-energy-feelings.jpg\",\"width\":1000,\"height\":1000},{\"@type\":\"BreadcrumbList\",\"@id\":\"https:\\\/\\\/www.lifenatura.com\\\/es\\\/produto\\\/proteina-de-levadura-nutricional-500-g-sensacion-de-energia\\\/#breadcrumb\",\"itemListElement\":[{\"@type\":\"ListItem\",\"position\":1,\"name\":\"In\u00edcio\",\"item\":\"https:\\\/\\\/www.lifenatura.com\\\/es\\\/\"},{\"@type\":\"ListItem\",\"position\":2,\"name\":\"Todos los Productos\",\"item\":\"https:\\\/\\\/www.lifenatura.com\\\/es\\\/tienda\\\/\"},{\"@type\":\"ListItem\",\"position\":3,\"name\":\"Prote\u00edna de levadura nutricional 500 g &#8211; Energy Feelings\"}]},{\"@type\":\"WebSite\",\"@id\":\"https:\\\/\\\/www.lifenatura.com\\\/es\\\/#website\",\"url\":\"https:\\\/\\\/www.lifenatura.com\\\/es\\\/\",\"name\":\"Lifenatura\",\"description\":\"A Lifenatura \u00e9 uma loja de produtos naturais, cosm\u00e9tica natural e alimenta\u00e7\u00e3o Biol\u00f3gica.\",\"publisher\":{\"@id\":\"https:\\\/\\\/www.lifenatura.com\\\/es\\\/#organization\"},\"potentialAction\":[{\"@type\":\"SearchAction\",\"target\":{\"@type\":\"EntryPoint\",\"urlTemplate\":\"https:\\\/\\\/www.lifenatura.com\\\/es\\\/?s={search_term_string}\"},\"query-input\":{\"@type\":\"PropertyValueSpecification\",\"valueRequired\":true,\"valueName\":\"search_term_string\"}}],\"inLanguage\":\"es\"},{\"@type\":\"Organization\",\"@id\":\"https:\\\/\\\/www.lifenatura.com\\\/es\\\/#organization\",\"name\":\"Lifenatura\",\"url\":\"https:\\\/\\\/www.lifenatura.com\\\/es\\\/\",\"logo\":{\"@type\":\"ImageObject\",\"inLanguage\":\"es\",\"@id\":\"https:\\\/\\\/www.lifenatura.com\\\/es\\\/#\\\/schema\\\/logo\\\/image\\\/\",\"url\":\"https:\\\/\\\/www.lifenatura.com\\\/wp-content\\\/uploads\\\/2021\\\/07\\\/logo.png\",\"contentUrl\":\"https:\\\/\\\/www.lifenatura.com\\\/wp-content\\\/uploads\\\/2021\\\/07\\\/logo.png\",\"width\":175,\"height\":55,\"caption\":\"Lifenatura\"},\"image\":{\"@id\":\"https:\\\/\\\/www.lifenatura.com\\\/es\\\/#\\\/schema\\\/logo\\\/image\\\/\"},\"sameAs\":[\"https:\\\/\\\/www.facebook.com\\\/lifenatura\",\"https:\\\/\\\/www.instagram.com\\\/lifenaturapt\\\/\"],\"hasMerchantReturnPolicy\":{\"@type\":\"MerchantReturnPolicy\",\"merchantReturnLink\":\"https:\\\/\\\/www.lifenatura.com\\\/termos-condicoes-lifenatura\\\/\"}}]}<\/script>\n<meta property=\"product:price:amount\" content=\"15.96\" \/>\n<meta property=\"product:price:currency\" content=\"EUR\" \/>\n<meta property=\"og:availability\" content=\"instock\" \/>\n<meta property=\"product:availability\" content=\"instock\" \/>\n<meta property=\"product:retailer_item_id\" content=\"8436565924789\" \/>\n<meta property=\"product:condition\" content=\"new\" \/>\n<!-- \/ Yoast SEO Premium plugin. -->","yoast_head_json":{"title":"Prote\u00edna de levadura nutricional 500 g - Energy Feelings - Na Lifenatura ao Melhor Pre\u00e7o | Envio em 48h","description":"Prote\u00edna de levadura nutricional 500g rica en prote\u00ednas vegetales y vitaminas del grupo B. Ideal para veganos, energ\u00eda, saciedad.","robots":{"index":"index","follow":"follow","max-snippet":"max-snippet:-1","max-image-preview":"max-image-preview:large","max-video-preview":"max-video-preview:-1"},"canonical":"https:\/\/www.lifenatura.com\/es\/produto\/proteina-de-levadura-nutricional-500-g-sensacion-de-energia\/","og_locale":"es_ES","og_type":"article","og_title":"Prote\u00edna de levadura nutricional 500 g - Energy Feelings - Na Lifenatura ao Melhor Pre\u00e7o | Envio 48h","og_description":"Compre Prote\u00edna de levadura nutricional 500 g - Energy Feelings com envio r\u00e1pido. Entrega em 48h e portes gr\u00e1tis em compras >35\u20ac. Aproveite j\u00e1 na Lifenatura","og_url":"https:\/\/www.lifenatura.com\/es\/produto\/proteina-de-levadura-nutricional-500-g-sensacion-de-energia\/","og_site_name":"Lifenatura","article_publisher":"https:\/\/www.facebook.com\/lifenatura","article_modified_time":"2025-10-12T18:49:34+00:00","og_image":[{"width":1000,"height":1000,"url":"https:\/\/www.lifenatura.com\/wp-content\/uploads\/2025\/09\/proteina-levadura-nutricional-energy-feelings.jpg","type":"image\/jpeg"}],"twitter_card":"summary_large_image","twitter_misc":{"Precio":"15,96&nbsp;&euro;","Disponibilidad":"Disponible"},"schema":{"@context":"https:\/\/schema.org","@graph":[{"@type":"WebPage","@id":"https:\/\/www.lifenatura.com\/es\/produto\/proteina-de-levadura-nutricional-500-g-sensacion-de-energia\/","url":"https:\/\/www.lifenatura.com\/es\/produto\/proteina-de-levadura-nutricional-500-g-sensacion-de-energia\/","name":"Prote\u00edna de levadura nutricional 500 g - Energy Feelings - Na Lifenatura ao Melhor Pre\u00e7o | Envio em 48h","isPartOf":{"@id":"https:\/\/www.lifenatura.com\/es\/#website"},"primaryImageOfPage":{"@id":"https:\/\/www.lifenatura.com\/es\/produto\/proteina-de-levadura-nutricional-500-g-sensacion-de-energia\/#primaryimage"},"image":{"@id":"https:\/\/www.lifenatura.com\/es\/produto\/proteina-de-levadura-nutricional-500-g-sensacion-de-energia\/#primaryimage"},"thumbnailUrl":"https:\/\/www.lifenatura.com\/wp-content\/uploads\/2025\/09\/proteina-levadura-nutricional-energy-feelings.jpg","datePublished":"2025-09-12T20:36:46+00:00","dateModified":"2025-10-12T18:49:34+00:00","description":"Prote\u00edna de levadura nutricional 500g rica en prote\u00ednas vegetales y vitaminas del grupo B. Ideal para veganos, energ\u00eda, saciedad.","breadcrumb":{"@id":"https:\/\/www.lifenatura.com\/es\/produto\/proteina-de-levadura-nutricional-500-g-sensacion-de-energia\/#breadcrumb"},"inLanguage":"es","potentialAction":[{"@type":"ReadAction","target":["https:\/\/www.lifenatura.com\/es\/produto\/proteina-de-levadura-nutricional-500-g-sensacion-de-energia\/"]}]},{"@type":"ImageObject","inLanguage":"es","@id":"https:\/\/www.lifenatura.com\/es\/produto\/proteina-de-levadura-nutricional-500-g-sensacion-de-energia\/#primaryimage","url":"https:\/\/www.lifenatura.com\/wp-content\/uploads\/2025\/09\/proteina-levadura-nutricional-energy-feelings.jpg","contentUrl":"https:\/\/www.lifenatura.com\/wp-content\/uploads\/2025\/09\/proteina-levadura-nutricional-energy-feelings.jpg","width":1000,"height":1000},{"@type":"BreadcrumbList","@id":"https:\/\/www.lifenatura.com\/es\/produto\/proteina-de-levadura-nutricional-500-g-sensacion-de-energia\/#breadcrumb","itemListElement":[{"@type":"ListItem","position":1,"name":"In\u00edcio","item":"https:\/\/www.lifenatura.com\/es\/"},{"@type":"ListItem","position":2,"name":"Todos los Productos","item":"https:\/\/www.lifenatura.com\/es\/tienda\/"},{"@type":"ListItem","position":3,"name":"Prote\u00edna de levadura nutricional 500 g &#8211; Energy Feelings"}]},{"@type":"WebSite","@id":"https:\/\/www.lifenatura.com\/es\/#website","url":"https:\/\/www.lifenatura.com\/es\/","name":"Lifenatura","description":"A Lifenatura \u00e9 uma loja de produtos naturais, cosm\u00e9tica natural e alimenta\u00e7\u00e3o Biol\u00f3gica.","publisher":{"@id":"https:\/\/www.lifenatura.com\/es\/#organization"},"potentialAction":[{"@type":"SearchAction","target":{"@type":"EntryPoint","urlTemplate":"https:\/\/www.lifenatura.com\/es\/?s={search_term_string}"},"query-input":{"@type":"PropertyValueSpecification","valueRequired":true,"valueName":"search_term_string"}}],"inLanguage":"es"},{"@type":"Organization","@id":"https:\/\/www.lifenatura.com\/es\/#organization","name":"Lifenatura","url":"https:\/\/www.lifenatura.com\/es\/","logo":{"@type":"ImageObject","inLanguage":"es","@id":"https:\/\/www.lifenatura.com\/es\/#\/schema\/logo\/image\/","url":"https:\/\/www.lifenatura.com\/wp-content\/uploads\/2021\/07\/logo.png","contentUrl":"https:\/\/www.lifenatura.com\/wp-content\/uploads\/2021\/07\/logo.png","width":175,"height":55,"caption":"Lifenatura"},"image":{"@id":"https:\/\/www.lifenatura.com\/es\/#\/schema\/logo\/image\/"},"sameAs":["https:\/\/www.facebook.com\/lifenatura","https:\/\/www.instagram.com\/lifenaturapt\/"],"hasMerchantReturnPolicy":{"@type":"MerchantReturnPolicy","merchantReturnLink":"https:\/\/www.lifenatura.com\/termos-condicoes-lifenatura\/"}}]},"product_price_amount":"15.96","product_price_currency":"EUR","og_availability":"instock","product_availability":"instock","product_retailer_item_id":"8436565924789","product_condition":"new"},"df_price":15.96,"df_sale_price":"","df_regular_price":15.96,"df_image_link":"https:\/\/www.lifenatura.com\/wp-content\/uploads\/2025\/09\/proteina-levadura-nutricional-energy-feelings-300x300.jpg","_links":{"self":[{"href":"https:\/\/www.lifenatura.com\/es\/wp-json\/wp\/v2\/product\/118418","targetHints":{"allow":["GET"]}}],"collection":[{"href":"https:\/\/www.lifenatura.com\/es\/wp-json\/wp\/v2\/product"}],"about":[{"href":"https:\/\/www.lifenatura.com\/es\/wp-json\/wp\/v2\/types\/product"}],"wp:featuredmedia":[{"embeddable":true,"href":"https:\/\/www.lifenatura.com\/es\/wp-json\/wp\/v2\/media\/116946"}],"wp:attachment":[{"href":"https:\/\/www.lifenatura.com\/es\/wp-json\/wp\/v2\/media?parent=118418"}],"wp:term":[{"taxonomy":"product_brand","embeddable":true,"href":"https:\/\/www.lifenatura.com\/es\/wp-json\/wp\/v2\/product_brand?post=118418"},{"taxonomy":"product_cat","embeddable":true,"href":"https:\/\/www.lifenatura.com\/es\/wp-json\/wp\/v2\/product_cat?post=118418"},{"taxonomy":"product_tag","embeddable":true,"href":"https:\/\/www.lifenatura.com\/es\/wp-json\/wp\/v2\/product_tag?post=118418"}],"curies":[{"name":"wp","href":"https:\/\/api.w.org\/{rel}","templated":true}]}}