{"id":118416,"date":"2025-09-12T20:36:44","date_gmt":"2025-09-12T20:36:44","guid":{"rendered":"https:\/\/www.lifenatura.com\/produto\/proteina-de-guisante-bio-vainilla-1kg-energy-feelings\/"},"modified":"2025-10-12T18:50:32","modified_gmt":"2025-10-12T18:50:32","slug":"proteina-de-guisante-bio-vainilla-1kg-energy-feelings","status":"publish","type":"product","link":"https:\/\/www.lifenatura.com\/es\/produto\/proteina-de-guisante-bio-vainilla-1kg-energy-feelings\/","title":{"rendered":"Prote\u00edna de Guisante Bio Vainilla 1kg &#8211; Energy Feelings"},"content":{"rendered":"<h2 style=\"text-align: left;\" data-start=\"189\" data-end=\"248\">Prote\u00edna de Guisante Bio Vainilla 1kg &#8211; Energy Feelings<\/h2>\n<p>&nbsp;<\/p>\n<p data-start=\"291\" data-end=\"725\"><strong data-start=\"293\" data-end=\"348\">La Prote\u00edna de Guisante de Vainilla Ecol\u00f3gica Energy Feelings<\/strong> es una alternativa 100% vegetal, nutritiva y sabrosa, especialmente desarrollada para quienes buscan aumentar su ingesta de prote\u00ednas de forma sana y natural. Producida a partir de guisantes de cultivo ecol\u00f3gico, esta f\u00f3rmula combina un alto contenido en prote\u00ednas con el agradable sabor natural de la vainilla, lo que la convierte en una opci\u00f3n pr\u00e1ctica y deliciosa para integrar en la vida cotidiana.<\/p>\n<p data-start=\"727\" data-end=\"1043\">Esta prote\u00edna vegetal es altamente digestible y f\u00e1cilmente asimilable, y proporciona todos los amino\u00e1cidos esenciales que necesita el organismo. Es una elecci\u00f3n excelente para cualquiera que desee favorecer la recuperaci\u00f3n y el mantenimiento de la masa muscular, aumentar la vitalidad o simplemente enriquecer su dieta con prote\u00ednas de calidad.<\/p>\n<p data-start=\"1045\" data-end=\"1267\">Adem\u00e1s de estar naturalmente exenta de gluten, lactosa y soja, <strong data-start=\"1106\" data-end=\"1142\">la Prote\u00edna de Guisante Bio Vainilla<\/strong> no contiene aditivos artificiales, por lo que es ideal para dietas vegetarianas o veganas o para personas con intolerancias alimentarias.<\/p>\n<p data-start=\"1269\" data-end=\"1297\"><strong>Principales ventajas:<\/strong><\/p>\n<ul data-start=\"1298\" data-end=\"1688\">\n<li data-start=\"1298\" data-end=\"1360\">\n<p data-start=\"1300\" data-end=\"1360\">Fuente vegetal rica en prote\u00ednas altamente digestibles;<\/p>\n<\/li>\n<li data-start=\"1361\" data-end=\"1424\">\n<p data-start=\"1363\" data-end=\"1424\">Contribuye al <strong data-start=\"1380\" data-end=\"1421\">mantenimiento y desarrollo muscular<\/strong>;<\/p>\n<\/li>\n<li data-start=\"1425\" data-end=\"1491\">\n<p data-start=\"1427\" data-end=\"1491\">Sabor natural a vainilla, que hace m\u00e1s agradables los batidos;<\/p>\n<\/li>\n<li data-start=\"1492\" data-end=\"1567\">\n<p data-start=\"1494\" data-end=\"1567\">Ayuda a aumentar la saciedad y es \u00fatil en los planes de control de peso;<\/p>\n<\/li>\n<li data-start=\"1568\" data-end=\"1642\">\n<p data-start=\"1570\" data-end=\"1642\">Sin gluten, lactosa ni soja: apto para intolerantes alimentarios;<\/p>\n<\/li>\n<li data-start=\"1643\" data-end=\"1688\">\n<p data-start=\"1645\" data-end=\"1688\">Producto ecol\u00f3gico, natural y sostenible.<\/p>\n<\/li>\n<\/ul>\n<p data-start=\"1690\" data-end=\"1707\"><strong>Indicaciones:<\/strong><\/p>\n<p data-start=\"1708\" data-end=\"1787\">La <strong data-start=\"1710\" data-end=\"1765\">Prote\u00edna de Guisante Vainilla Bio Energy Feelings<\/strong> est\u00e1 recomendada para:<\/p>\n<ul data-start=\"1788\" data-end=\"2099\">\n<li data-start=\"1788\" data-end=\"1877\">\n<p data-start=\"1790\" data-end=\"1877\">Atletas y practicantes de ejercicio f\u00edsico que buscan apoyo en la recuperaci\u00f3n muscular;<\/p>\n<\/li>\n<li data-start=\"1878\" data-end=\"1957\">\n<p data-start=\"1880\" data-end=\"1957\">Vegetarianos y veganos que quieran aumentar su ingesta de prote\u00ednas completas;<\/p>\n<\/li>\n<li data-start=\"1958\" data-end=\"2025\">\n<p data-start=\"1960\" data-end=\"2025\">Personas que siguen dietas de adelgazamiento, por su efecto saciante;<\/p>\n<\/li>\n<li data-start=\"2026\" data-end=\"2099\">\n<p data-start=\"2028\" data-end=\"2099\">Cualquiera que busque una alternativa proteica sana, nutritiva y sabrosa.<\/p>\n<\/li>\n<\/ul>\n<p><strong>Presentaci\u00f3n:<\/strong><\/p>\n<p>1kg<\/p>\n<p>&nbsp;<\/p>\n","protected":false},"excerpt":{"rendered":"<p>Prote\u00edna de Guisante Bio Vainilla 1Kg Energy Feelings &#8211; Fuente vegetal rica en amino\u00e1cidos esenciales, sabor natural, ideal para deportistas, veganos y bienestar. [&#8230;]<\/p>\n<p><a class=\"btn btn-secondary understrap-read-more-link\" href=\"https:\/\/www.lifenatura.com\/es\/produto\/proteina-de-guisante-bio-vainilla-1kg-energy-feelings\/\">Leer m\u00e1s&#8230;<span class=\"screen-reader-text\"> from Prote\u00edna de Guisante Bio Vainilla 1kg &#8211; Energy Feelings<\/span><\/a><\/p>\n","protected":false},"featured_media":116942,"template":"","meta":{"_acf_changed":false},"product_brand":[8563],"product_cat":[7064,7074,7096],"product_tag":[],"class_list":{"0":"post-118416","1":"product","2":"type-product","3":"status-publish","4":"has-post-thumbnail","6":"product_brand-energy-feelings-es","7":"product_cat-alimentacion-sana","8":"product_cat-productos-alimenticios","9":"product_cat-proteina-vegetal-bio","11":"first","12":"instock","13":"shipping-taxable","14":"purchasable","15":"product-type-simple","16":"add-to-wishlist-before_image"},"acf":[],"yoast_head":"<!-- This site is optimized with the Yoast SEO Premium plugin v27.1 (Yoast SEO v27.5) - https:\/\/yoast.com\/product\/yoast-seo-premium-wordpress\/ -->\n<title>Prote\u00edna de Guisante Bio Vainilla 1kg - Energy Feelings - Na Lifenatura ao Melhor Pre\u00e7o | Envio em 48h<\/title>\n<meta name=\"description\" content=\"Prote\u00edna de Guisante Bio Vainilla 1Kg fuente vegetal rica en amino\u00e1cidos esenciales, sabor natural, ideal para deportistas, veganos y bienestar.\" \/>\n<meta name=\"robots\" content=\"index, follow, max-snippet:-1, max-image-preview:large, max-video-preview:-1\" \/>\n<link rel=\"canonical\" href=\"https:\/\/www.lifenatura.com\/es\/produto\/proteina-de-guisante-bio-vainilla-1kg-energy-feelings\/\" \/>\n<meta property=\"og:locale\" content=\"es_ES\" \/>\n<meta property=\"og:type\" content=\"article\" \/>\n<meta property=\"og:title\" content=\"Prote\u00edna de Guisante Bio Vainilla 1kg - Energy Feelings - Na Lifenatura ao Melhor Pre\u00e7o | Envio 48h\" \/>\n<meta property=\"og:description\" content=\"Compre Prote\u00edna de Guisante Bio Vainilla 1kg - Energy Feelings com envio r\u00e1pido. Entrega em 48h e portes gr\u00e1tis em compras &gt;35\u20ac. Aproveite j\u00e1 na Lifenatura\" \/>\n<meta property=\"og:url\" content=\"https:\/\/www.lifenatura.com\/es\/produto\/proteina-de-guisante-bio-vainilla-1kg-energy-feelings\/\" \/>\n<meta property=\"og:site_name\" content=\"Lifenatura\" \/>\n<meta property=\"article:publisher\" content=\"https:\/\/www.facebook.com\/lifenatura\" \/>\n<meta property=\"article:modified_time\" content=\"2025-10-12T18:50:32+00:00\" \/>\n<meta property=\"og:image\" content=\"https:\/\/www.lifenatura.com\/wp-content\/uploads\/2025\/09\/proteina-ervilha-baunilha-1kg-energy-feelings.jpg\" \/>\n\t<meta property=\"og:image:width\" content=\"1000\" \/>\n\t<meta property=\"og:image:height\" content=\"1000\" \/>\n\t<meta property=\"og:image:type\" content=\"image\/jpeg\" \/>\n<meta name=\"twitter:card\" content=\"summary_large_image\" \/>\n<meta name=\"twitter:label1\" content=\"Precio\" \/>\n\t<meta name=\"twitter:data1\" content=\"37,11&nbsp;&euro;\" \/>\n\t<meta name=\"twitter:label2\" content=\"Disponibilidad\" \/>\n\t<meta name=\"twitter:data2\" content=\"Disponible\" \/>\n<script type=\"application\/ld+json\" class=\"yoast-schema-graph\">{\"@context\":\"https:\\\/\\\/schema.org\",\"@graph\":[{\"@type\":\"WebPage\",\"@id\":\"https:\\\/\\\/www.lifenatura.com\\\/es\\\/produto\\\/proteina-de-guisante-bio-vainilla-1kg-energy-feelings\\\/\",\"url\":\"https:\\\/\\\/www.lifenatura.com\\\/es\\\/produto\\\/proteina-de-guisante-bio-vainilla-1kg-energy-feelings\\\/\",\"name\":\"Prote\u00edna de Guisante Bio Vainilla 1kg - Energy Feelings - Na Lifenatura ao Melhor Pre\u00e7o | Envio em 48h\",\"isPartOf\":{\"@id\":\"https:\\\/\\\/www.lifenatura.com\\\/es\\\/#website\"},\"primaryImageOfPage\":{\"@id\":\"https:\\\/\\\/www.lifenatura.com\\\/es\\\/produto\\\/proteina-de-guisante-bio-vainilla-1kg-energy-feelings\\\/#primaryimage\"},\"image\":{\"@id\":\"https:\\\/\\\/www.lifenatura.com\\\/es\\\/produto\\\/proteina-de-guisante-bio-vainilla-1kg-energy-feelings\\\/#primaryimage\"},\"thumbnailUrl\":\"https:\\\/\\\/www.lifenatura.com\\\/wp-content\\\/uploads\\\/2025\\\/09\\\/proteina-ervilha-baunilha-1kg-energy-feelings.jpg\",\"datePublished\":\"2025-09-12T20:36:44+00:00\",\"dateModified\":\"2025-10-12T18:50:32+00:00\",\"description\":\"Prote\u00edna de Guisante Bio Vainilla 1Kg fuente vegetal rica en amino\u00e1cidos esenciales, sabor natural, ideal para deportistas, veganos y bienestar.\",\"breadcrumb\":{\"@id\":\"https:\\\/\\\/www.lifenatura.com\\\/es\\\/produto\\\/proteina-de-guisante-bio-vainilla-1kg-energy-feelings\\\/#breadcrumb\"},\"inLanguage\":\"es\",\"potentialAction\":[{\"@type\":\"ReadAction\",\"target\":[\"https:\\\/\\\/www.lifenatura.com\\\/es\\\/produto\\\/proteina-de-guisante-bio-vainilla-1kg-energy-feelings\\\/\"]}]},{\"@type\":\"ImageObject\",\"inLanguage\":\"es\",\"@id\":\"https:\\\/\\\/www.lifenatura.com\\\/es\\\/produto\\\/proteina-de-guisante-bio-vainilla-1kg-energy-feelings\\\/#primaryimage\",\"url\":\"https:\\\/\\\/www.lifenatura.com\\\/wp-content\\\/uploads\\\/2025\\\/09\\\/proteina-ervilha-baunilha-1kg-energy-feelings.jpg\",\"contentUrl\":\"https:\\\/\\\/www.lifenatura.com\\\/wp-content\\\/uploads\\\/2025\\\/09\\\/proteina-ervilha-baunilha-1kg-energy-feelings.jpg\",\"width\":1000,\"height\":1000},{\"@type\":\"BreadcrumbList\",\"@id\":\"https:\\\/\\\/www.lifenatura.com\\\/es\\\/produto\\\/proteina-de-guisante-bio-vainilla-1kg-energy-feelings\\\/#breadcrumb\",\"itemListElement\":[{\"@type\":\"ListItem\",\"position\":1,\"name\":\"In\u00edcio\",\"item\":\"https:\\\/\\\/www.lifenatura.com\\\/es\\\/\"},{\"@type\":\"ListItem\",\"position\":2,\"name\":\"Todos los Productos\",\"item\":\"https:\\\/\\\/www.lifenatura.com\\\/es\\\/tienda\\\/\"},{\"@type\":\"ListItem\",\"position\":3,\"name\":\"Prote\u00edna de Guisante Bio Vainilla 1kg &#8211; Energy Feelings\"}]},{\"@type\":\"WebSite\",\"@id\":\"https:\\\/\\\/www.lifenatura.com\\\/es\\\/#website\",\"url\":\"https:\\\/\\\/www.lifenatura.com\\\/es\\\/\",\"name\":\"Lifenatura\",\"description\":\"A Lifenatura \u00e9 uma loja de produtos naturais, cosm\u00e9tica natural e alimenta\u00e7\u00e3o Biol\u00f3gica.\",\"publisher\":{\"@id\":\"https:\\\/\\\/www.lifenatura.com\\\/es\\\/#organization\"},\"potentialAction\":[{\"@type\":\"SearchAction\",\"target\":{\"@type\":\"EntryPoint\",\"urlTemplate\":\"https:\\\/\\\/www.lifenatura.com\\\/es\\\/?s={search_term_string}\"},\"query-input\":{\"@type\":\"PropertyValueSpecification\",\"valueRequired\":true,\"valueName\":\"search_term_string\"}}],\"inLanguage\":\"es\"},{\"@type\":\"Organization\",\"@id\":\"https:\\\/\\\/www.lifenatura.com\\\/es\\\/#organization\",\"name\":\"Lifenatura\",\"url\":\"https:\\\/\\\/www.lifenatura.com\\\/es\\\/\",\"logo\":{\"@type\":\"ImageObject\",\"inLanguage\":\"es\",\"@id\":\"https:\\\/\\\/www.lifenatura.com\\\/es\\\/#\\\/schema\\\/logo\\\/image\\\/\",\"url\":\"https:\\\/\\\/www.lifenatura.com\\\/wp-content\\\/uploads\\\/2021\\\/07\\\/logo.png\",\"contentUrl\":\"https:\\\/\\\/www.lifenatura.com\\\/wp-content\\\/uploads\\\/2021\\\/07\\\/logo.png\",\"width\":175,\"height\":55,\"caption\":\"Lifenatura\"},\"image\":{\"@id\":\"https:\\\/\\\/www.lifenatura.com\\\/es\\\/#\\\/schema\\\/logo\\\/image\\\/\"},\"sameAs\":[\"https:\\\/\\\/www.facebook.com\\\/lifenatura\",\"https:\\\/\\\/www.instagram.com\\\/lifenaturapt\\\/\"],\"hasMerchantReturnPolicy\":{\"@type\":\"MerchantReturnPolicy\",\"merchantReturnLink\":\"https:\\\/\\\/www.lifenatura.com\\\/termos-condicoes-lifenatura\\\/\"}}]}<\/script>\n<meta property=\"product:price:amount\" content=\"37.11\" \/>\n<meta property=\"product:price:currency\" content=\"EUR\" \/>\n<meta property=\"og:availability\" content=\"instock\" \/>\n<meta property=\"product:availability\" content=\"instock\" \/>\n<meta property=\"product:retailer_item_id\" content=\"8436565923744\" \/>\n<meta property=\"product:condition\" content=\"new\" \/>\n<!-- \/ Yoast SEO Premium plugin. -->","yoast_head_json":{"title":"Prote\u00edna de Guisante Bio Vainilla 1kg - Energy Feelings - Na Lifenatura ao Melhor Pre\u00e7o | Envio em 48h","description":"Prote\u00edna de Guisante Bio Vainilla 1Kg fuente vegetal rica en amino\u00e1cidos esenciales, sabor natural, ideal para deportistas, veganos y bienestar.","robots":{"index":"index","follow":"follow","max-snippet":"max-snippet:-1","max-image-preview":"max-image-preview:large","max-video-preview":"max-video-preview:-1"},"canonical":"https:\/\/www.lifenatura.com\/es\/produto\/proteina-de-guisante-bio-vainilla-1kg-energy-feelings\/","og_locale":"es_ES","og_type":"article","og_title":"Prote\u00edna de Guisante Bio Vainilla 1kg - Energy Feelings - Na Lifenatura ao Melhor Pre\u00e7o | Envio 48h","og_description":"Compre Prote\u00edna de Guisante Bio Vainilla 1kg - Energy Feelings com envio r\u00e1pido. Entrega em 48h e portes gr\u00e1tis em compras >35\u20ac. Aproveite j\u00e1 na Lifenatura","og_url":"https:\/\/www.lifenatura.com\/es\/produto\/proteina-de-guisante-bio-vainilla-1kg-energy-feelings\/","og_site_name":"Lifenatura","article_publisher":"https:\/\/www.facebook.com\/lifenatura","article_modified_time":"2025-10-12T18:50:32+00:00","og_image":[{"width":1000,"height":1000,"url":"https:\/\/www.lifenatura.com\/wp-content\/uploads\/2025\/09\/proteina-ervilha-baunilha-1kg-energy-feelings.jpg","type":"image\/jpeg"}],"twitter_card":"summary_large_image","twitter_misc":{"Precio":"37,11&nbsp;&euro;","Disponibilidad":"Disponible"},"schema":{"@context":"https:\/\/schema.org","@graph":[{"@type":"WebPage","@id":"https:\/\/www.lifenatura.com\/es\/produto\/proteina-de-guisante-bio-vainilla-1kg-energy-feelings\/","url":"https:\/\/www.lifenatura.com\/es\/produto\/proteina-de-guisante-bio-vainilla-1kg-energy-feelings\/","name":"Prote\u00edna de Guisante Bio Vainilla 1kg - Energy Feelings - Na Lifenatura ao Melhor Pre\u00e7o | Envio em 48h","isPartOf":{"@id":"https:\/\/www.lifenatura.com\/es\/#website"},"primaryImageOfPage":{"@id":"https:\/\/www.lifenatura.com\/es\/produto\/proteina-de-guisante-bio-vainilla-1kg-energy-feelings\/#primaryimage"},"image":{"@id":"https:\/\/www.lifenatura.com\/es\/produto\/proteina-de-guisante-bio-vainilla-1kg-energy-feelings\/#primaryimage"},"thumbnailUrl":"https:\/\/www.lifenatura.com\/wp-content\/uploads\/2025\/09\/proteina-ervilha-baunilha-1kg-energy-feelings.jpg","datePublished":"2025-09-12T20:36:44+00:00","dateModified":"2025-10-12T18:50:32+00:00","description":"Prote\u00edna de Guisante Bio Vainilla 1Kg fuente vegetal rica en amino\u00e1cidos esenciales, sabor natural, ideal para deportistas, veganos y bienestar.","breadcrumb":{"@id":"https:\/\/www.lifenatura.com\/es\/produto\/proteina-de-guisante-bio-vainilla-1kg-energy-feelings\/#breadcrumb"},"inLanguage":"es","potentialAction":[{"@type":"ReadAction","target":["https:\/\/www.lifenatura.com\/es\/produto\/proteina-de-guisante-bio-vainilla-1kg-energy-feelings\/"]}]},{"@type":"ImageObject","inLanguage":"es","@id":"https:\/\/www.lifenatura.com\/es\/produto\/proteina-de-guisante-bio-vainilla-1kg-energy-feelings\/#primaryimage","url":"https:\/\/www.lifenatura.com\/wp-content\/uploads\/2025\/09\/proteina-ervilha-baunilha-1kg-energy-feelings.jpg","contentUrl":"https:\/\/www.lifenatura.com\/wp-content\/uploads\/2025\/09\/proteina-ervilha-baunilha-1kg-energy-feelings.jpg","width":1000,"height":1000},{"@type":"BreadcrumbList","@id":"https:\/\/www.lifenatura.com\/es\/produto\/proteina-de-guisante-bio-vainilla-1kg-energy-feelings\/#breadcrumb","itemListElement":[{"@type":"ListItem","position":1,"name":"In\u00edcio","item":"https:\/\/www.lifenatura.com\/es\/"},{"@type":"ListItem","position":2,"name":"Todos los Productos","item":"https:\/\/www.lifenatura.com\/es\/tienda\/"},{"@type":"ListItem","position":3,"name":"Prote\u00edna de Guisante Bio Vainilla 1kg &#8211; Energy Feelings"}]},{"@type":"WebSite","@id":"https:\/\/www.lifenatura.com\/es\/#website","url":"https:\/\/www.lifenatura.com\/es\/","name":"Lifenatura","description":"A Lifenatura \u00e9 uma loja de produtos naturais, cosm\u00e9tica natural e alimenta\u00e7\u00e3o Biol\u00f3gica.","publisher":{"@id":"https:\/\/www.lifenatura.com\/es\/#organization"},"potentialAction":[{"@type":"SearchAction","target":{"@type":"EntryPoint","urlTemplate":"https:\/\/www.lifenatura.com\/es\/?s={search_term_string}"},"query-input":{"@type":"PropertyValueSpecification","valueRequired":true,"valueName":"search_term_string"}}],"inLanguage":"es"},{"@type":"Organization","@id":"https:\/\/www.lifenatura.com\/es\/#organization","name":"Lifenatura","url":"https:\/\/www.lifenatura.com\/es\/","logo":{"@type":"ImageObject","inLanguage":"es","@id":"https:\/\/www.lifenatura.com\/es\/#\/schema\/logo\/image\/","url":"https:\/\/www.lifenatura.com\/wp-content\/uploads\/2021\/07\/logo.png","contentUrl":"https:\/\/www.lifenatura.com\/wp-content\/uploads\/2021\/07\/logo.png","width":175,"height":55,"caption":"Lifenatura"},"image":{"@id":"https:\/\/www.lifenatura.com\/es\/#\/schema\/logo\/image\/"},"sameAs":["https:\/\/www.facebook.com\/lifenatura","https:\/\/www.instagram.com\/lifenaturapt\/"],"hasMerchantReturnPolicy":{"@type":"MerchantReturnPolicy","merchantReturnLink":"https:\/\/www.lifenatura.com\/termos-condicoes-lifenatura\/"}}]},"product_price_amount":"37.11","product_price_currency":"EUR","og_availability":"instock","product_availability":"instock","product_retailer_item_id":"8436565923744","product_condition":"new"},"df_price":37.11,"df_sale_price":"","df_regular_price":37.11,"df_image_link":"https:\/\/www.lifenatura.com\/wp-content\/uploads\/2025\/09\/proteina-ervilha-baunilha-1kg-energy-feelings-300x300.jpg","_links":{"self":[{"href":"https:\/\/www.lifenatura.com\/es\/wp-json\/wp\/v2\/product\/118416","targetHints":{"allow":["GET"]}}],"collection":[{"href":"https:\/\/www.lifenatura.com\/es\/wp-json\/wp\/v2\/product"}],"about":[{"href":"https:\/\/www.lifenatura.com\/es\/wp-json\/wp\/v2\/types\/product"}],"wp:featuredmedia":[{"embeddable":true,"href":"https:\/\/www.lifenatura.com\/es\/wp-json\/wp\/v2\/media\/116942"}],"wp:attachment":[{"href":"https:\/\/www.lifenatura.com\/es\/wp-json\/wp\/v2\/media?parent=118416"}],"wp:term":[{"taxonomy":"product_brand","embeddable":true,"href":"https:\/\/www.lifenatura.com\/es\/wp-json\/wp\/v2\/product_brand?post=118416"},{"taxonomy":"product_cat","embeddable":true,"href":"https:\/\/www.lifenatura.com\/es\/wp-json\/wp\/v2\/product_cat?post=118416"},{"taxonomy":"product_tag","embeddable":true,"href":"https:\/\/www.lifenatura.com\/es\/wp-json\/wp\/v2\/product_tag?post=118416"}],"curies":[{"name":"wp","href":"https:\/\/api.w.org\/{rel}","templated":true}]}}