{"id":118415,"date":"2025-09-12T20:36:43","date_gmt":"2025-09-12T20:36:43","guid":{"rendered":"https:\/\/www.lifenatura.com\/produto\/proteina-de-guisante-bio-500-g-sensacion-de-energia\/"},"modified":"2025-10-12T18:52:23","modified_gmt":"2025-10-12T18:52:23","slug":"proteina-de-guisante-bio-500-g-sensacion-de-energia","status":"publish","type":"product","link":"https:\/\/www.lifenatura.com\/es\/produto\/proteina-de-guisante-bio-500-g-sensacion-de-energia\/","title":{"rendered":"Prote\u00edna de Guisante Bio 500 g &#8211; Energy Feelings"},"content":{"rendered":"<h2 style=\"text-align: left;\" data-start=\"183\" data-end=\"233\">Prote\u00edna de Guisante Bio 500 g &#8211; Energy Feelings<\/h2>\n<p>&nbsp;<\/p>\n<p data-start=\"274\" data-end=\"608\"><strong data-start=\"276\" data-end=\"322\">La Prote\u00edna de Guisante Ecol\u00f3gica de Energy Feelings<\/strong> es una fuente de prote\u00edna vegetal pura, obtenida de guisantes de cultivo ecol\u00f3gico. Con un perfil nutricional equilibrado, aporta una cantidad significativa de amino\u00e1cidos esenciales y es una alternativa sana y sostenible a las prote\u00ednas animales.<\/p>\n<p data-start=\"610\" data-end=\"970\">F\u00e1cilmente digerible y asimilable, esta prote\u00edna es una opci\u00f3n excelente para enriquecer la dieta diaria, favorecer el mantenimiento y el desarrollo de la masa muscular y promover una mayor saciedad a lo largo del d\u00eda. Gracias a su sabor neutro, puede a\u00f1adirse a batidos, zumos, yogures, gachas o recetas de cocina sin alterar el sabor original de los alimentos.<\/p>\n<p data-start=\"972\" data-end=\"1225\">Al estar naturalmente exenta de gluten, lactosa y soja, <strong data-start=\"1029\" data-end=\"1056\">la Prote\u00edna de Guisante Bio<\/strong> es adecuada para personas con intolerancias alimentarias, vegetarianas y veganas. Adem\u00e1s, no contiene aditivos artificiales y es un producto 100% natural y ecol\u00f3gico.<\/p>\n<p data-start=\"1227\" data-end=\"1255\"><strong>Principales ventajas:<\/strong><\/p>\n<ul data-start=\"1256\" data-end=\"1604\">\n<li data-start=\"1256\" data-end=\"1309\">\n<p data-start=\"1258\" data-end=\"1309\">Fuente vegetal rica en prote\u00ednas de alta calidad;<\/p>\n<\/li>\n<li data-start=\"1310\" data-end=\"1360\">\n<p data-start=\"1312\" data-end=\"1360\">Favorece la <strong data-start=\"1320\" data-end=\"1357\">recuperaci\u00f3n y el mantenimiento muscular<\/strong>;<\/p>\n<\/li>\n<li data-start=\"1361\" data-end=\"1402\">\n<p data-start=\"1363\" data-end=\"1402\">F\u00e1cil de digerir y muy asimilable;<\/p>\n<\/li>\n<li data-start=\"1403\" data-end=\"1469\">\n<p data-start=\"1405\" data-end=\"1469\">Proporciona saciedad, ayudando en los planes de control de peso;<\/p>\n<\/li>\n<li data-start=\"1470\" data-end=\"1541\">\n<p data-start=\"1472\" data-end=\"1541\">Sin gluten, lactosa ni soja: ideal para las intolerancias alimentarias;<\/p>\n<\/li>\n<li data-start=\"1542\" data-end=\"1604\">\n<p data-start=\"1544\" data-end=\"1604\">Producto sostenible procedente de la agricultura ecol\u00f3gica.<\/p>\n<\/li>\n<\/ul>\n<p data-start=\"1606\" data-end=\"1623\"><strong>Indicaciones:<\/strong><\/p>\n<p data-start=\"1624\" data-end=\"1691\"><strong data-start=\"1626\" data-end=\"1672\">La Prote\u00edna de Guisante Bio Energy Feelings<\/strong> es adecuada para:<\/p>\n<ul data-start=\"1692\" data-end=\"2021\">\n<li data-start=\"1692\" data-end=\"1768\">\n<p data-start=\"1694\" data-end=\"1768\">Deportistas y personas que realizan ejercicio f\u00edsico que buscan un aporte proteico;<\/p>\n<\/li>\n<li data-start=\"1769\" data-end=\"1853\">\n<p data-start=\"1771\" data-end=\"1853\">Vegetarianos y veganos que necesitan una fuente completa de prote\u00ednas vegetales;<\/p>\n<\/li>\n<li data-start=\"1854\" data-end=\"1937\">\n<p data-start=\"1856\" data-end=\"1937\">Personas que quieren perder peso de forma saludable por su efecto saciante;<\/p>\n<\/li>\n<li data-start=\"1938\" data-end=\"2021\">\n<p data-start=\"1940\" data-end=\"2021\">Quienes buscan una opci\u00f3n natural, nutritiva y vers\u00e1til para complementar su dieta.<\/p>\n<\/li>\n<\/ul>\n<p><strong>Presentaci\u00f3n:<\/strong><\/p>\n<p>500g<\/p>\n<p>&nbsp;<\/p>\n","protected":false},"excerpt":{"rendered":"<p>Prote\u00edna de Guisante Bio 500 g Energy Feelings &#8211; Fuente vegetal rica en amino\u00e1cidos esenciales, f\u00e1cil de digerir y saciante. Ideal para veganos y deportistas. [&#8230;]<\/p>\n<p><a class=\"btn btn-secondary understrap-read-more-link\" href=\"https:\/\/www.lifenatura.com\/es\/produto\/proteina-de-guisante-bio-500-g-sensacion-de-energia\/\">Leer m\u00e1s&#8230;<span class=\"screen-reader-text\"> from Prote\u00edna de Guisante Bio 500 g &#8211; Energy Feelings<\/span><\/a><\/p>\n","protected":false},"featured_media":116940,"template":"","meta":{"_acf_changed":false},"product_brand":[8563],"product_cat":[7064,7074,7096],"product_tag":[],"class_list":{"0":"post-118415","1":"product","2":"type-product","3":"status-publish","4":"has-post-thumbnail","6":"product_brand-energy-feelings-es","7":"product_cat-alimentacion-sana","8":"product_cat-productos-alimenticios","9":"product_cat-proteina-vegetal-bio","11":"first","12":"instock","13":"shipping-taxable","14":"purchasable","15":"product-type-simple","16":"add-to-wishlist-before_image"},"acf":[],"yoast_head":"<!-- This site is optimized with the Yoast SEO Premium plugin v27.1 (Yoast SEO v27.5) - https:\/\/yoast.com\/product\/yoast-seo-premium-wordpress\/ -->\n<title>Prote\u00edna de Guisante Bio 500 g - Energy Feelings - Na Lifenatura ao Melhor Pre\u00e7o | Envio em 48h<\/title>\n<meta name=\"description\" content=\"Prote\u00edna de Guisante Bio 500g Energy Feelings fuente vegetal rica en amino\u00e1cidos esenciales, f\u00e1cil de digerir y saciante. Ideal para veganos y deportistas.\" \/>\n<meta name=\"robots\" content=\"index, follow, max-snippet:-1, max-image-preview:large, max-video-preview:-1\" \/>\n<link rel=\"canonical\" href=\"https:\/\/www.lifenatura.com\/es\/produto\/proteina-de-guisante-bio-500-g-sensacion-de-energia\/\" \/>\n<meta property=\"og:locale\" content=\"es_ES\" \/>\n<meta property=\"og:type\" content=\"article\" \/>\n<meta property=\"og:title\" content=\"Prote\u00edna de Guisante Bio 500 g - Energy Feelings - Na Lifenatura ao Melhor Pre\u00e7o | Envio 48h\" \/>\n<meta property=\"og:description\" content=\"Compre Prote\u00edna de Guisante Bio 500 g - Energy Feelings com envio r\u00e1pido. Entrega em 48h e portes gr\u00e1tis em compras &gt;35\u20ac. Aproveite j\u00e1 na Lifenatura\" \/>\n<meta property=\"og:url\" content=\"https:\/\/www.lifenatura.com\/es\/produto\/proteina-de-guisante-bio-500-g-sensacion-de-energia\/\" \/>\n<meta property=\"og:site_name\" content=\"Lifenatura\" \/>\n<meta property=\"article:publisher\" content=\"https:\/\/www.facebook.com\/lifenatura\" \/>\n<meta property=\"article:modified_time\" content=\"2025-10-12T18:52:23+00:00\" \/>\n<meta property=\"og:image\" content=\"https:\/\/www.lifenatura.com\/wp-content\/uploads\/2025\/09\/proteina-ervilha-500g-energy-feelings.jpg\" \/>\n\t<meta property=\"og:image:width\" content=\"1000\" \/>\n\t<meta property=\"og:image:height\" content=\"1000\" \/>\n\t<meta property=\"og:image:type\" content=\"image\/jpeg\" \/>\n<meta name=\"twitter:card\" content=\"summary_large_image\" \/>\n<meta name=\"twitter:label1\" content=\"Precio\" \/>\n\t<meta name=\"twitter:data1\" content=\"16,95&nbsp;&euro;\" \/>\n\t<meta name=\"twitter:label2\" content=\"Disponibilidad\" \/>\n\t<meta name=\"twitter:data2\" content=\"Disponible\" \/>\n<script type=\"application\/ld+json\" class=\"yoast-schema-graph\">{\"@context\":\"https:\\\/\\\/schema.org\",\"@graph\":[{\"@type\":\"WebPage\",\"@id\":\"https:\\\/\\\/www.lifenatura.com\\\/es\\\/produto\\\/proteina-de-guisante-bio-500-g-sensacion-de-energia\\\/\",\"url\":\"https:\\\/\\\/www.lifenatura.com\\\/es\\\/produto\\\/proteina-de-guisante-bio-500-g-sensacion-de-energia\\\/\",\"name\":\"Prote\u00edna de Guisante Bio 500 g - Energy Feelings - Na Lifenatura ao Melhor Pre\u00e7o | Envio em 48h\",\"isPartOf\":{\"@id\":\"https:\\\/\\\/www.lifenatura.com\\\/es\\\/#website\"},\"primaryImageOfPage\":{\"@id\":\"https:\\\/\\\/www.lifenatura.com\\\/es\\\/produto\\\/proteina-de-guisante-bio-500-g-sensacion-de-energia\\\/#primaryimage\"},\"image\":{\"@id\":\"https:\\\/\\\/www.lifenatura.com\\\/es\\\/produto\\\/proteina-de-guisante-bio-500-g-sensacion-de-energia\\\/#primaryimage\"},\"thumbnailUrl\":\"https:\\\/\\\/www.lifenatura.com\\\/wp-content\\\/uploads\\\/2025\\\/09\\\/proteina-ervilha-500g-energy-feelings.jpg\",\"datePublished\":\"2025-09-12T20:36:43+00:00\",\"dateModified\":\"2025-10-12T18:52:23+00:00\",\"description\":\"Prote\u00edna de Guisante Bio 500g Energy Feelings fuente vegetal rica en amino\u00e1cidos esenciales, f\u00e1cil de digerir y saciante. Ideal para veganos y deportistas.\",\"breadcrumb\":{\"@id\":\"https:\\\/\\\/www.lifenatura.com\\\/es\\\/produto\\\/proteina-de-guisante-bio-500-g-sensacion-de-energia\\\/#breadcrumb\"},\"inLanguage\":\"es\",\"potentialAction\":[{\"@type\":\"ReadAction\",\"target\":[\"https:\\\/\\\/www.lifenatura.com\\\/es\\\/produto\\\/proteina-de-guisante-bio-500-g-sensacion-de-energia\\\/\"]}]},{\"@type\":\"ImageObject\",\"inLanguage\":\"es\",\"@id\":\"https:\\\/\\\/www.lifenatura.com\\\/es\\\/produto\\\/proteina-de-guisante-bio-500-g-sensacion-de-energia\\\/#primaryimage\",\"url\":\"https:\\\/\\\/www.lifenatura.com\\\/wp-content\\\/uploads\\\/2025\\\/09\\\/proteina-ervilha-500g-energy-feelings.jpg\",\"contentUrl\":\"https:\\\/\\\/www.lifenatura.com\\\/wp-content\\\/uploads\\\/2025\\\/09\\\/proteina-ervilha-500g-energy-feelings.jpg\",\"width\":1000,\"height\":1000},{\"@type\":\"BreadcrumbList\",\"@id\":\"https:\\\/\\\/www.lifenatura.com\\\/es\\\/produto\\\/proteina-de-guisante-bio-500-g-sensacion-de-energia\\\/#breadcrumb\",\"itemListElement\":[{\"@type\":\"ListItem\",\"position\":1,\"name\":\"In\u00edcio\",\"item\":\"https:\\\/\\\/www.lifenatura.com\\\/es\\\/\"},{\"@type\":\"ListItem\",\"position\":2,\"name\":\"Todos los Productos\",\"item\":\"https:\\\/\\\/www.lifenatura.com\\\/es\\\/tienda\\\/\"},{\"@type\":\"ListItem\",\"position\":3,\"name\":\"Prote\u00edna de Guisante Bio 500 g &#8211; Energy Feelings\"}]},{\"@type\":\"WebSite\",\"@id\":\"https:\\\/\\\/www.lifenatura.com\\\/es\\\/#website\",\"url\":\"https:\\\/\\\/www.lifenatura.com\\\/es\\\/\",\"name\":\"Lifenatura\",\"description\":\"A Lifenatura \u00e9 uma loja de produtos naturais, cosm\u00e9tica natural e alimenta\u00e7\u00e3o Biol\u00f3gica.\",\"publisher\":{\"@id\":\"https:\\\/\\\/www.lifenatura.com\\\/es\\\/#organization\"},\"potentialAction\":[{\"@type\":\"SearchAction\",\"target\":{\"@type\":\"EntryPoint\",\"urlTemplate\":\"https:\\\/\\\/www.lifenatura.com\\\/es\\\/?s={search_term_string}\"},\"query-input\":{\"@type\":\"PropertyValueSpecification\",\"valueRequired\":true,\"valueName\":\"search_term_string\"}}],\"inLanguage\":\"es\"},{\"@type\":\"Organization\",\"@id\":\"https:\\\/\\\/www.lifenatura.com\\\/es\\\/#organization\",\"name\":\"Lifenatura\",\"url\":\"https:\\\/\\\/www.lifenatura.com\\\/es\\\/\",\"logo\":{\"@type\":\"ImageObject\",\"inLanguage\":\"es\",\"@id\":\"https:\\\/\\\/www.lifenatura.com\\\/es\\\/#\\\/schema\\\/logo\\\/image\\\/\",\"url\":\"https:\\\/\\\/www.lifenatura.com\\\/wp-content\\\/uploads\\\/2021\\\/07\\\/logo.png\",\"contentUrl\":\"https:\\\/\\\/www.lifenatura.com\\\/wp-content\\\/uploads\\\/2021\\\/07\\\/logo.png\",\"width\":175,\"height\":55,\"caption\":\"Lifenatura\"},\"image\":{\"@id\":\"https:\\\/\\\/www.lifenatura.com\\\/es\\\/#\\\/schema\\\/logo\\\/image\\\/\"},\"sameAs\":[\"https:\\\/\\\/www.facebook.com\\\/lifenatura\",\"https:\\\/\\\/www.instagram.com\\\/lifenaturapt\\\/\"],\"hasMerchantReturnPolicy\":{\"@type\":\"MerchantReturnPolicy\",\"merchantReturnLink\":\"https:\\\/\\\/www.lifenatura.com\\\/termos-condicoes-lifenatura\\\/\"}}]}<\/script>\n<meta property=\"product:price:amount\" content=\"16.95\" \/>\n<meta property=\"product:price:currency\" content=\"EUR\" \/>\n<meta property=\"og:availability\" content=\"instock\" \/>\n<meta property=\"product:availability\" content=\"instock\" \/>\n<meta property=\"product:retailer_item_id\" content=\"8436565920750\" \/>\n<meta property=\"product:condition\" content=\"new\" \/>\n<!-- \/ Yoast SEO Premium plugin. -->","yoast_head_json":{"title":"Prote\u00edna de Guisante Bio 500 g - Energy Feelings - Na Lifenatura ao Melhor Pre\u00e7o | Envio em 48h","description":"Prote\u00edna de Guisante Bio 500g Energy Feelings fuente vegetal rica en amino\u00e1cidos esenciales, f\u00e1cil de digerir y saciante. Ideal para veganos y deportistas.","robots":{"index":"index","follow":"follow","max-snippet":"max-snippet:-1","max-image-preview":"max-image-preview:large","max-video-preview":"max-video-preview:-1"},"canonical":"https:\/\/www.lifenatura.com\/es\/produto\/proteina-de-guisante-bio-500-g-sensacion-de-energia\/","og_locale":"es_ES","og_type":"article","og_title":"Prote\u00edna de Guisante Bio 500 g - Energy Feelings - Na Lifenatura ao Melhor Pre\u00e7o | Envio 48h","og_description":"Compre Prote\u00edna de Guisante Bio 500 g - Energy Feelings com envio r\u00e1pido. Entrega em 48h e portes gr\u00e1tis em compras >35\u20ac. Aproveite j\u00e1 na Lifenatura","og_url":"https:\/\/www.lifenatura.com\/es\/produto\/proteina-de-guisante-bio-500-g-sensacion-de-energia\/","og_site_name":"Lifenatura","article_publisher":"https:\/\/www.facebook.com\/lifenatura","article_modified_time":"2025-10-12T18:52:23+00:00","og_image":[{"width":1000,"height":1000,"url":"https:\/\/www.lifenatura.com\/wp-content\/uploads\/2025\/09\/proteina-ervilha-500g-energy-feelings.jpg","type":"image\/jpeg"}],"twitter_card":"summary_large_image","twitter_misc":{"Precio":"16,95&nbsp;&euro;","Disponibilidad":"Disponible"},"schema":{"@context":"https:\/\/schema.org","@graph":[{"@type":"WebPage","@id":"https:\/\/www.lifenatura.com\/es\/produto\/proteina-de-guisante-bio-500-g-sensacion-de-energia\/","url":"https:\/\/www.lifenatura.com\/es\/produto\/proteina-de-guisante-bio-500-g-sensacion-de-energia\/","name":"Prote\u00edna de Guisante Bio 500 g - Energy Feelings - Na Lifenatura ao Melhor Pre\u00e7o | Envio em 48h","isPartOf":{"@id":"https:\/\/www.lifenatura.com\/es\/#website"},"primaryImageOfPage":{"@id":"https:\/\/www.lifenatura.com\/es\/produto\/proteina-de-guisante-bio-500-g-sensacion-de-energia\/#primaryimage"},"image":{"@id":"https:\/\/www.lifenatura.com\/es\/produto\/proteina-de-guisante-bio-500-g-sensacion-de-energia\/#primaryimage"},"thumbnailUrl":"https:\/\/www.lifenatura.com\/wp-content\/uploads\/2025\/09\/proteina-ervilha-500g-energy-feelings.jpg","datePublished":"2025-09-12T20:36:43+00:00","dateModified":"2025-10-12T18:52:23+00:00","description":"Prote\u00edna de Guisante Bio 500g Energy Feelings fuente vegetal rica en amino\u00e1cidos esenciales, f\u00e1cil de digerir y saciante. Ideal para veganos y deportistas.","breadcrumb":{"@id":"https:\/\/www.lifenatura.com\/es\/produto\/proteina-de-guisante-bio-500-g-sensacion-de-energia\/#breadcrumb"},"inLanguage":"es","potentialAction":[{"@type":"ReadAction","target":["https:\/\/www.lifenatura.com\/es\/produto\/proteina-de-guisante-bio-500-g-sensacion-de-energia\/"]}]},{"@type":"ImageObject","inLanguage":"es","@id":"https:\/\/www.lifenatura.com\/es\/produto\/proteina-de-guisante-bio-500-g-sensacion-de-energia\/#primaryimage","url":"https:\/\/www.lifenatura.com\/wp-content\/uploads\/2025\/09\/proteina-ervilha-500g-energy-feelings.jpg","contentUrl":"https:\/\/www.lifenatura.com\/wp-content\/uploads\/2025\/09\/proteina-ervilha-500g-energy-feelings.jpg","width":1000,"height":1000},{"@type":"BreadcrumbList","@id":"https:\/\/www.lifenatura.com\/es\/produto\/proteina-de-guisante-bio-500-g-sensacion-de-energia\/#breadcrumb","itemListElement":[{"@type":"ListItem","position":1,"name":"In\u00edcio","item":"https:\/\/www.lifenatura.com\/es\/"},{"@type":"ListItem","position":2,"name":"Todos los Productos","item":"https:\/\/www.lifenatura.com\/es\/tienda\/"},{"@type":"ListItem","position":3,"name":"Prote\u00edna de Guisante Bio 500 g &#8211; Energy Feelings"}]},{"@type":"WebSite","@id":"https:\/\/www.lifenatura.com\/es\/#website","url":"https:\/\/www.lifenatura.com\/es\/","name":"Lifenatura","description":"A Lifenatura \u00e9 uma loja de produtos naturais, cosm\u00e9tica natural e alimenta\u00e7\u00e3o Biol\u00f3gica.","publisher":{"@id":"https:\/\/www.lifenatura.com\/es\/#organization"},"potentialAction":[{"@type":"SearchAction","target":{"@type":"EntryPoint","urlTemplate":"https:\/\/www.lifenatura.com\/es\/?s={search_term_string}"},"query-input":{"@type":"PropertyValueSpecification","valueRequired":true,"valueName":"search_term_string"}}],"inLanguage":"es"},{"@type":"Organization","@id":"https:\/\/www.lifenatura.com\/es\/#organization","name":"Lifenatura","url":"https:\/\/www.lifenatura.com\/es\/","logo":{"@type":"ImageObject","inLanguage":"es","@id":"https:\/\/www.lifenatura.com\/es\/#\/schema\/logo\/image\/","url":"https:\/\/www.lifenatura.com\/wp-content\/uploads\/2021\/07\/logo.png","contentUrl":"https:\/\/www.lifenatura.com\/wp-content\/uploads\/2021\/07\/logo.png","width":175,"height":55,"caption":"Lifenatura"},"image":{"@id":"https:\/\/www.lifenatura.com\/es\/#\/schema\/logo\/image\/"},"sameAs":["https:\/\/www.facebook.com\/lifenatura","https:\/\/www.instagram.com\/lifenaturapt\/"],"hasMerchantReturnPolicy":{"@type":"MerchantReturnPolicy","merchantReturnLink":"https:\/\/www.lifenatura.com\/termos-condicoes-lifenatura\/"}}]},"product_price_amount":"16.95","product_price_currency":"EUR","og_availability":"instock","product_availability":"instock","product_retailer_item_id":"8436565920750","product_condition":"new"},"df_price":16.95,"df_sale_price":"","df_regular_price":16.95,"df_image_link":"https:\/\/www.lifenatura.com\/wp-content\/uploads\/2025\/09\/proteina-ervilha-500g-energy-feelings-300x300.jpg","_links":{"self":[{"href":"https:\/\/www.lifenatura.com\/es\/wp-json\/wp\/v2\/product\/118415","targetHints":{"allow":["GET"]}}],"collection":[{"href":"https:\/\/www.lifenatura.com\/es\/wp-json\/wp\/v2\/product"}],"about":[{"href":"https:\/\/www.lifenatura.com\/es\/wp-json\/wp\/v2\/types\/product"}],"wp:featuredmedia":[{"embeddable":true,"href":"https:\/\/www.lifenatura.com\/es\/wp-json\/wp\/v2\/media\/116940"}],"wp:attachment":[{"href":"https:\/\/www.lifenatura.com\/es\/wp-json\/wp\/v2\/media?parent=118415"}],"wp:term":[{"taxonomy":"product_brand","embeddable":true,"href":"https:\/\/www.lifenatura.com\/es\/wp-json\/wp\/v2\/product_brand?post=118415"},{"taxonomy":"product_cat","embeddable":true,"href":"https:\/\/www.lifenatura.com\/es\/wp-json\/wp\/v2\/product_cat?post=118415"},{"taxonomy":"product_tag","embeddable":true,"href":"https:\/\/www.lifenatura.com\/es\/wp-json\/wp\/v2\/product_tag?post=118415"}],"curies":[{"name":"wp","href":"https:\/\/api.w.org\/{rel}","templated":true}]}}