{"id":118414,"date":"2025-09-30T07:34:27","date_gmt":"2025-09-30T07:34:27","guid":{"rendered":"https:\/\/www.lifenatura.com\/produto\/nootropico-cerebro-rapido-30-capsulas-life-extension\/"},"modified":"2025-10-03T06:50:17","modified_gmt":"2025-10-03T06:50:17","slug":"nootropico-cerebro-rapido-30-capsulas-life-extension","status":"publish","type":"product","link":"https:\/\/www.lifenatura.com\/es\/produto\/nootropico-cerebro-rapido-30-capsulas-life-extension\/","title":{"rendered":"Nootr\u00f3pico Cerebro R\u00e1pido 30 C\u00e1psulas &#8211; Life Extension"},"content":{"rendered":"<h2 style=\"text-align: left;\" data-start=\"166\" data-end=\"209\"><strong>Quick Brain Nootropic &#8211; Life Extension &#8211; Apoyo cognitivo, memoria y concentraci\u00f3n mental<\/strong><\/h2>\n<p>&nbsp;<\/p>\n<p data-start=\"256\" data-end=\"648\"><strong data-start=\"258\" data-end=\"301\">El Nootr\u00f3pico Cerebro R\u00e1pido de Life Extension<\/strong> es un suplemento innovador dise\u00f1ado para apoyar la salud cerebral y optimizar el rendimiento cognitivo. Con una f\u00f3rmula avanzada, combina nutrientes y extractos de plantas cuidadosamente seleccionados para estimular la claridad mental, la memoria y la capacidad de concentraci\u00f3n, ofreciendo un apoyo esencial en los momentos de mayor exigencia intelectual.<\/p>\n<p data-start=\"650\" data-end=\"1071\">Este suplemento act\u00faa mediante una sinergia de ingredientes como <strong data-start=\"716\" data-end=\"774\">el gotu kola, la bacopa monnieri y la menta verde<\/strong>, conocidos por sus propiedades nootr\u00f3picas y antioxidantes. Estos compuestos ayudan a proteger las c\u00e9lulas cerebrales contra el estr\u00e9s oxidativo, estimulan la actividad neuronal y favorecen una mayor circulaci\u00f3n sangu\u00ednea cerebral, esencial para el buen funcionamiento de la memoria y el aprendizaje.<\/p>\n<p data-start=\"1073\" data-end=\"1349\"><strong data-start=\"1075\" data-end=\"1118\">El Nootr\u00f3pico Cerebro R\u00e1pido de Life Extension<\/strong> es ideal para cualquiera que necesite potenciar el rendimiento cognitivo a diario, desde estudiantes a profesionales que se enfrentan a grandes cargas de trabajo o personas que buscan preservar la salud cerebral a medida que envejecen.<\/p>\n<p data-start=\"1351\" data-end=\"1540\">Sin estimulantes artificiales y producido seg\u00fan normas de alta calidad, este suplemento es seguro, eficaz y adecuado para cualquiera que busque un apoyo natural para mantener su mente activa y concentrada.<\/p>\n<h3 data-start=\"1542\" data-end=\"1570\">Principales ventajas:<\/h3>\n<ul data-start=\"1571\" data-end=\"1880\">\n<li data-start=\"1571\" data-end=\"1626\">\n<p data-start=\"1573\" data-end=\"1626\">Favorece <strong data-start=\"1581\" data-end=\"1623\">la memoria y la capacidad de aprendizaje<\/strong>;<\/p>\n<\/li>\n<li data-start=\"1627\" data-end=\"1685\">\n<p data-start=\"1629\" data-end=\"1685\">Favorece una mayor <strong data-start=\"1643\" data-end=\"1682\">atenci\u00f3n, claridad mental y concentraci\u00f3n<\/strong>;<\/p>\n<\/li>\n<li data-start=\"1686\" data-end=\"1755\">\n<p data-start=\"1688\" data-end=\"1755\">Contribuye a la <strong data-start=\"1705\" data-end=\"1752\">protecci\u00f3n antioxidante de las c\u00e9lulas cerebrales<\/strong>;<\/p>\n<\/li>\n<li data-start=\"1756\" data-end=\"1813\">\n<p data-start=\"1758\" data-end=\"1813\">Favorece <strong data-start=\"1769\" data-end=\"1810\">la circulaci\u00f3n y la salud del sistema nervioso<\/strong>;<\/p>\n<\/li>\n<li data-start=\"1814\" data-end=\"1880\">\n<p data-start=\"1816\" data-end=\"1880\">Suplemento de alta calidad sin estimulantes artificiales.<\/p>\n<\/li>\n<\/ul>\n<h3 data-start=\"1882\" data-end=\"1899\">Indicaciones:<\/h3>\n<p data-start=\"1900\" data-end=\"1964\"><strong data-start=\"1902\" data-end=\"1945\">El Nootr\u00f3pico Cerebro R\u00e1pido de Life Extension<\/strong> est\u00e1 indicado para:<\/p>\n<ul data-start=\"1965\" data-end=\"2218\">\n<li data-start=\"1965\" data-end=\"2028\">\n<p data-start=\"1967\" data-end=\"2028\">Estudiantes que se presentan a ex\u00e1menes o realizan un mayor esfuerzo intelectual;<\/p>\n<\/li>\n<li data-start=\"2029\" data-end=\"2081\">\n<p data-start=\"2031\" data-end=\"2081\">Profesionales con una gran carga mental;<\/p>\n<\/li>\n<li data-start=\"2082\" data-end=\"2148\">\n<p data-start=\"2084\" data-end=\"2148\">Adultos que buscan preservar la funci\u00f3n cognitiva con la edad;<\/p>\n<\/li>\n<li data-start=\"2149\" data-end=\"2218\">\n<p data-start=\"2151\" data-end=\"2218\">Personas que quieren mejorar su concentraci\u00f3n y memoria de forma natural.<\/p>\n<\/li>\n<\/ul>\n<p>El Nootr\u00f3pico Cerebro R\u00e1pido combina tres ingredientes cl\u00ednicamente estudiados que favorecen la velocidad de procesamiento neuronal, la memoria y la concentraci\u00f3n: extractos de cal\u00e9ndula rica en carotenoides, centella asi\u00e1tica (gotu kola) estandarizada e hisopo de agua (Bacopa monnieri). Adem\u00e1s, es una formulaci\u00f3n bot\u00e1nica sin gluten que puede tomarse una vez al d\u00eda.<\/p>\n<p><strong>PRESENTACI\u00d3N<\/strong><\/p>\n<p>30 c\u00e1psulas<\/p>\n<p>&nbsp;<\/p>\n","protected":false},"excerpt":{"rendered":"<div class=\"flex max-w-full flex-col grow\">\n<div class=\"min-h-8 text-message relative flex w-full flex-col items-end gap-2 text-start break-words whitespace-normal [.text-message+&amp;]:mt-5\" dir=\"auto\" data-message-author-role=\"assistant\" data-message-id=\"0a82ce70-c4d8-492f-9295-013b3be28bc0\" data-message-model-slug=\"gpt-5\">\n<div class=\"flex w-full flex-col gap-1 empty:hidden first:pt-[3px]\">\n<div class=\"markdown prose dark:prose-invert w-full break-words light markdown-new-styling\">\n<p data-start=\"2329\" data-end=\"2506\" data-is-last-node=\"\" data-is-only-node=\"\">Quick Brain Nootropic Life Extension &#8211; Suplemento natural para la memoria, la concentraci\u00f3n y la claridad mental. Favorece la salud cerebral, la circulaci\u00f3n y el rendimiento cognitivo.<\/p>\n<\/div>\n<\/div>\n<\/div>\n<\/div>\n<div class=\"z-0 flex min-h-[46px] justify-start\"><\/div>\n<div class=\"mt-3 w-full empty:hidden\">\n<div class=\"text-center\">\n<div class=\"mx-auto\">\n<div>\n<div class=\"inline-flex rounded-xl border border-gray-100 dark:border-gray-700\">\n<div class=\"me-12 flex items-center px-4 py-3 text-start\">\n<div class=\"ms-4\">\n<div class=\"text-token-main-surface-primary-inverse text-sm font-semibold\"><\/div>\n<\/div>\n<\/div>\n<\/div>\n<\/div>\n<\/div>\n<\/div>\n<\/div>\n<p> [&#8230;]<\/p>\n<p><a class=\"btn btn-secondary understrap-read-more-link\" href=\"https:\/\/www.lifenatura.com\/es\/produto\/nootropico-cerebro-rapido-30-capsulas-life-extension\/\">Leer m\u00e1s&#8230;<span class=\"screen-reader-text\"> from Nootr\u00f3pico Cerebro R\u00e1pido 30 C\u00e1psulas &#8211; Life Extension<\/span><\/a><\/p>\n","protected":false},"featured_media":133490,"template":"","meta":{"_acf_changed":false},"product_brand":[8339],"product_cat":[7223,7179,7883],"product_tag":[],"class_list":{"0":"post-118414","1":"product","2":"type-product","3":"status-publish","4":"has-post-thumbnail","6":"product_brand-life-extension-es","7":"product_cat-concentracion-memoria-salud","8":"product_cat-salud","9":"product_cat-suplementos-alimenticios","11":"first","12":"instock","13":"sale","14":"featured","15":"shipping-taxable","16":"purchasable","17":"product-type-simple","18":"add-to-wishlist-before_image"},"acf":[],"yoast_head":"<!-- This site is optimized with the Yoast SEO Premium plugin v27.1 (Yoast SEO v27.4) - https:\/\/yoast.com\/product\/yoast-seo-premium-wordpress\/ -->\n<title>Nootr\u00f3pico Cerebro R\u00e1pido 30 C\u00e1psulas - Life Extension - Lifenatura<\/title>\n<meta name=\"description\" content=\"Nootropic um suplemento natural para la memoria, la concentraci\u00f3n y la claridad mental. Favorece la salud cerebral y la circulaci\u00f3n.\" \/>\n<meta name=\"robots\" content=\"index, follow, max-snippet:-1, max-image-preview:large, max-video-preview:-1\" \/>\n<link rel=\"canonical\" href=\"https:\/\/www.lifenatura.com\/es\/produto\/nootropico-cerebro-rapido-30-capsulas-life-extension\/\" \/>\n<meta property=\"og:locale\" content=\"es_ES\" \/>\n<meta property=\"og:type\" content=\"article\" \/>\n<meta property=\"og:title\" content=\"Nootr\u00f3pico Cerebro R\u00e1pido 30 C\u00e1psulas - Life Extension - Lifenatura\" \/>\n<meta property=\"og:description\" content=\"Compre aqui o seu Nootr\u00f3pico Cerebro R\u00e1pido 30 C\u00e1psulas - Life Extension e a Lifenatura Online envia em 48 H com Portes Gratis &gt;35\u20ac de Pedido.\" \/>\n<meta property=\"og:url\" content=\"https:\/\/www.lifenatura.com\/es\/produto\/nootropico-cerebro-rapido-30-capsulas-life-extension\/\" \/>\n<meta property=\"og:site_name\" content=\"Lifenatura\" \/>\n<meta property=\"article:publisher\" content=\"https:\/\/www.facebook.com\/lifenatura\" \/>\n<meta property=\"article:modified_time\" content=\"2025-10-03T06:50:17+00:00\" \/>\n<meta property=\"og:image\" content=\"https:\/\/www.lifenatura.com\/wp-content\/uploads\/2025\/09\/quick-brain-nootropic-life-extension.jpg\" \/>\n\t<meta property=\"og:image:width\" content=\"1000\" \/>\n\t<meta property=\"og:image:height\" content=\"1000\" \/>\n\t<meta property=\"og:image:type\" content=\"image\/jpeg\" \/>\n<meta name=\"twitter:card\" content=\"summary_large_image\" \/>\n<meta name=\"twitter:label1\" content=\"Precio\" \/>\n\t<meta name=\"twitter:data1\" content=\"28,37&nbsp;&euro;\" \/>\n\t<meta name=\"twitter:label2\" content=\"Disponibilidad\" \/>\n\t<meta name=\"twitter:data2\" content=\"Disponible\" \/>\n<meta property=\"product:price:amount\" content=\"28.37\" \/>\n<meta property=\"product:price:currency\" content=\"EUR\" \/>\n<meta property=\"og:availability\" content=\"instock\" \/>\n<meta property=\"product:availability\" content=\"instock\" \/>\n<meta property=\"product:retailer_item_id\" content=\"737870240631\" \/>\n<meta property=\"product:condition\" content=\"new\" \/>\n<!-- \/ Yoast SEO Premium plugin. -->","yoast_head_json":{"title":"Nootr\u00f3pico Cerebro R\u00e1pido 30 C\u00e1psulas - Life Extension - Lifenatura","description":"Nootropic um suplemento natural para la memoria, la concentraci\u00f3n y la claridad mental. Favorece la salud cerebral y la circulaci\u00f3n.","robots":{"index":"index","follow":"follow","max-snippet":"max-snippet:-1","max-image-preview":"max-image-preview:large","max-video-preview":"max-video-preview:-1"},"canonical":"https:\/\/www.lifenatura.com\/es\/produto\/nootropico-cerebro-rapido-30-capsulas-life-extension\/","og_locale":"es_ES","og_type":"article","og_title":"Nootr\u00f3pico Cerebro R\u00e1pido 30 C\u00e1psulas - Life Extension - Lifenatura","og_description":"Compre aqui o seu Nootr\u00f3pico Cerebro R\u00e1pido 30 C\u00e1psulas - Life Extension e a Lifenatura Online envia em 48 H com Portes Gratis >35\u20ac de Pedido.","og_url":"https:\/\/www.lifenatura.com\/es\/produto\/nootropico-cerebro-rapido-30-capsulas-life-extension\/","og_site_name":"Lifenatura","article_publisher":"https:\/\/www.facebook.com\/lifenatura","article_modified_time":"2025-10-03T06:50:17+00:00","og_image":[{"width":1000,"height":1000,"url":"https:\/\/www.lifenatura.com\/wp-content\/uploads\/2025\/09\/quick-brain-nootropic-life-extension.jpg","type":"image\/jpeg"}],"twitter_card":"summary_large_image","twitter_misc":{"Precio":"28,37&nbsp;&euro;","Disponibilidad":"Disponible"},"schema":{"@context":"https:\/\/schema.org","@graph":[{"@type":"WebPage","@id":"https:\/\/www.lifenatura.com\/es\/produto\/nootropico-cerebro-rapido-30-capsulas-life-extension\/","url":"https:\/\/www.lifenatura.com\/es\/produto\/nootropico-cerebro-rapido-30-capsulas-life-extension\/","name":"Nootr\u00f3pico Cerebro R\u00e1pido 30 C\u00e1psulas - Life Extension - Lifenatura","isPartOf":{"@id":"https:\/\/www.lifenatura.com\/#website"},"primaryImageOfPage":{"@id":"https:\/\/www.lifenatura.com\/es\/produto\/nootropico-cerebro-rapido-30-capsulas-life-extension\/#primaryimage"},"image":{"@id":"https:\/\/www.lifenatura.com\/es\/produto\/nootropico-cerebro-rapido-30-capsulas-life-extension\/#primaryimage"},"thumbnailUrl":"https:\/\/www.lifenatura.com\/wp-content\/uploads\/2026\/04\/02406_quick_brain_nootropic_1-1.png","datePublished":"2025-09-30T07:34:27+00:00","dateModified":"2025-10-03T06:50:17+00:00","description":"Nootropic um suplemento natural para la memoria, la concentraci\u00f3n y la claridad mental. Favorece la salud cerebral y la circulaci\u00f3n.","breadcrumb":{"@id":"https:\/\/www.lifenatura.com\/es\/produto\/nootropico-cerebro-rapido-30-capsulas-life-extension\/#breadcrumb"},"inLanguage":"es","potentialAction":[{"@type":"ReadAction","target":["https:\/\/www.lifenatura.com\/es\/produto\/nootropico-cerebro-rapido-30-capsulas-life-extension\/"]}]},{"@type":"ImageObject","inLanguage":"es","@id":"https:\/\/www.lifenatura.com\/es\/produto\/nootropico-cerebro-rapido-30-capsulas-life-extension\/#primaryimage","url":"https:\/\/www.lifenatura.com\/wp-content\/uploads\/2026\/04\/02406_quick_brain_nootropic_1-1.png","contentUrl":"https:\/\/www.lifenatura.com\/wp-content\/uploads\/2026\/04\/02406_quick_brain_nootropic_1-1.png","width":1396,"height":1226},{"@type":"BreadcrumbList","@id":"https:\/\/www.lifenatura.com\/es\/produto\/nootropico-cerebro-rapido-30-capsulas-life-extension\/#breadcrumb","itemListElement":[{"@type":"ListItem","position":1,"name":"In\u00edcio","item":"https:\/\/www.lifenatura.com\/es\/"},{"@type":"ListItem","position":2,"name":"Todos los Productos","item":"https:\/\/www.lifenatura.com\/es\/tienda\/"},{"@type":"ListItem","position":3,"name":"Nootr\u00f3pico Cerebro R\u00e1pido 30 C\u00e1psulas &#8211; Life Extension"}]},{"@type":"WebSite","@id":"https:\/\/www.lifenatura.com\/#website","url":"https:\/\/www.lifenatura.com\/","name":"Lifenatura","description":"A Lifenatura \u00e9 uma loja de produtos naturais, cosm\u00e9tica natural e alimenta\u00e7\u00e3o Biol\u00f3gica.","publisher":{"@id":"https:\/\/www.lifenatura.com\/#organization"},"potentialAction":[{"@type":"SearchAction","target":{"@type":"EntryPoint","urlTemplate":"https:\/\/www.lifenatura.com\/?s={search_term_string}"},"query-input":{"@type":"PropertyValueSpecification","valueRequired":true,"valueName":"search_term_string"}}],"inLanguage":"es"},{"@type":"Organization","@id":"https:\/\/www.lifenatura.com\/#organization","name":"Lifenatura","url":"https:\/\/www.lifenatura.com\/","logo":{"@type":"ImageObject","inLanguage":"es","@id":"https:\/\/www.lifenatura.com\/#\/schema\/logo\/image\/","url":"https:\/\/www.lifenatura.com\/wp-content\/uploads\/2021\/11\/logo.png","contentUrl":"https:\/\/www.lifenatura.com\/wp-content\/uploads\/2021\/11\/logo.png","width":175,"height":55,"caption":"Lifenatura"},"image":{"@id":"https:\/\/www.lifenatura.com\/#\/schema\/logo\/image\/"},"sameAs":["https:\/\/www.facebook.com\/lifenatura","https:\/\/www.instagram.com\/lifenaturapt\/"]}]},"product_price_amount":"28.37","product_price_currency":"EUR","og_availability":"instock","product_availability":"instock","product_retailer_item_id":"737870240631","product_condition":"new"},"df_price":28.37,"df_sale_price":28.37,"df_regular_price":33.73,"df_image_link":"https:\/\/www.lifenatura.com\/wp-content\/uploads\/2026\/04\/02406_quick_brain_nootropic_1-1-300x263.png","_links":{"self":[{"href":"https:\/\/www.lifenatura.com\/es\/wp-json\/wp\/v2\/product\/118414","targetHints":{"allow":["GET"]}}],"collection":[{"href":"https:\/\/www.lifenatura.com\/es\/wp-json\/wp\/v2\/product"}],"about":[{"href":"https:\/\/www.lifenatura.com\/es\/wp-json\/wp\/v2\/types\/product"}],"wp:featuredmedia":[{"embeddable":true,"href":"https:\/\/www.lifenatura.com\/es\/wp-json\/wp\/v2\/media\/133490"}],"wp:attachment":[{"href":"https:\/\/www.lifenatura.com\/es\/wp-json\/wp\/v2\/media?parent=118414"}],"wp:term":[{"taxonomy":"product_brand","embeddable":true,"href":"https:\/\/www.lifenatura.com\/es\/wp-json\/wp\/v2\/product_brand?post=118414"},{"taxonomy":"product_cat","embeddable":true,"href":"https:\/\/www.lifenatura.com\/es\/wp-json\/wp\/v2\/product_cat?post=118414"},{"taxonomy":"product_tag","embeddable":true,"href":"https:\/\/www.lifenatura.com\/es\/wp-json\/wp\/v2\/product_tag?post=118414"}],"curies":[{"name":"wp","href":"https:\/\/api.w.org\/{rel}","templated":true}]}}