{"id":118413,"date":"2025-10-02T20:18:48","date_gmt":"2025-10-02T20:18:48","guid":{"rendered":"https:\/\/www.lifenatura.com\/produto\/cascara-de-psilio-700-mg-180-capsulas-now\/"},"modified":"2025-10-03T06:48:34","modified_gmt":"2025-10-03T06:48:34","slug":"cascara-de-psilio-700-mg-180-capsulas-now","status":"publish","type":"product","link":"https:\/\/www.lifenatura.com\/es\/produto\/cascara-de-psilio-700-mg-180-capsulas-now\/","title":{"rendered":"Psyllium Husks 700 mg 180 C\u00e1psulas &#8211; Now"},"content":{"rendered":"<h2 style=\"text-align: left;\" data-start=\"309\" data-end=\"384\"><strong>Psyllium Husks 700mg Now Foods &#8211; Fibras naturales para una digesti\u00f3n sana<\/strong><\/h2>\n<p>&nbsp;<\/p>\n<p data-start=\"386\" data-end=\"736\"><strong data-start=\"388\" data-end=\"424\">Psyllium Husk 700mg de Now Foods<\/strong> es un suplemento natural rico en fibra soluble, obtenida de la c\u00e1scara de la semilla de <em data-start=\"504\" data-end=\"520\">Plantago ovata<\/em>. Reconocido por su efecto beneficioso sobre el <strong data-start=\"560\" data-end=\"584\">equilibrio digestivo<\/strong> y el <strong data-start=\"590\" data-end=\"613\">tr\u00e1nsito intestinal<\/strong>, este suplemento es una soluci\u00f3n eficaz y natural para quienes buscan mejorar su salud intestinal de forma pr\u00e1ctica y segura.<\/p>\n<p data-start=\"738\" data-end=\"1048\">Cuando entra en contacto con el agua, el psilio forma un gel que aumenta el volumen de las heces y facilita su eliminaci\u00f3n. Esta propiedad contribuye no s\u00f3lo a la regularidad intestinal, sino tambi\u00e9n a equilibrar el colesterol y el az\u00facar en sangre, lo que hace del psilio una fibra de gran valor para la salud en general.<\/p>\n<h3 data-start=\"1050\" data-end=\"1103\">Principales beneficios de la c\u00e1scara de psilio Now Foods:<\/h3>\n<ul data-start=\"1104\" data-end=\"1451\">\n<li data-start=\"1104\" data-end=\"1178\">\n<p data-start=\"1106\" data-end=\"1178\">Favorece <strong data-start=\"1116\" data-end=\"1143\">la regularidad intestinal<\/strong> y ayuda a prevenir el estre\u00f1imiento.<\/p>\n<\/li>\n<li data-start=\"1179\" data-end=\"1241\">\n<p data-start=\"1181\" data-end=\"1241\">Ayuda a <strong data-start=\"1198\" data-end=\"1224\">controlar el colesterol<\/strong> y la glucemia.<\/p>\n<\/li>\n<li data-start=\"1242\" data-end=\"1322\">\n<p data-start=\"1244\" data-end=\"1322\">Favorece la <strong data-start=\"1255\" data-end=\"1280\">sensaci\u00f3n de saciedad<\/strong> y es \u00fatil en las dietas de adelgazamiento.<\/p>\n<\/li>\n<li data-start=\"1323\" data-end=\"1395\">\n<p data-start=\"1325\" data-end=\"1395\">Favorece el bienestar de la flora intestinal y <strong data-start=\"1371\" data-end=\"1392\">una digesti\u00f3n sana<\/strong>.<\/p>\n<\/li>\n<li data-start=\"1396\" data-end=\"1451\">\n<p data-start=\"1398\" data-end=\"1451\">Estimula la <strong data-start=\"1409\" data-end=\"1435\">desintoxicaci\u00f3n natural<\/strong> del organismo.<\/p>\n<\/li>\n<\/ul>\n<h3 data-start=\"1453\" data-end=\"1481\">\u00bfA qui\u00e9n va dirigido?<\/h3>\n<p data-start=\"1482\" data-end=\"1793\"><strong data-start=\"1484\" data-end=\"1517\">Psyllium Husk 700mg Now Foods<\/strong> se recomienda a las personas que sufren estre\u00f1imiento ocasional, desean mejorar la digesti\u00f3n y mantener h\u00e1bitos intestinales regulares. Tambi\u00e9n es adecuado para quienes buscan un apoyo natural en las dietas de adelgazamiento o desean controlar los niveles de colesterol y az\u00facar en sangre.<\/p>\n<p data-start=\"1795\" data-end=\"1941\">Gracias a su acci\u00f3n suave y eficaz, puede utilizarse a diario, ayudando a mantener <strong data-start=\"1883\" data-end=\"1907\">una digesti\u00f3n equilibrada<\/strong> y a promover el bienestar general.<\/p>\n<p data-start=\"1795\" data-end=\"1941\">El PsylliumHusk es un tipo de fibra que se obtiene de la c\u00e1scara de la semilla de la planta Plantagoovata, y ha demostrado ser prometedor cuando se trata de limpiar el tracto digestivo, promover la regularidad \u00a1e incluso favorecer la p\u00e9rdida de peso!<\/p>\n<p data-start=\"1795\" data-end=\"1941\"><strong>PRESENTACI\u00d3N<\/strong><\/p>\n<p data-start=\"1795\" data-end=\"1941\">180 c\u00e1psulas<\/p>\n<p data-start=\"1795\" data-end=\"1941\">\n","protected":false},"excerpt":{"rendered":"<p>Suplemento de fibra natural de Psyllium Husk 700 mg que favorece una digesti\u00f3n sana, regula el tr\u00e1nsito intestinal, controla el colesterol y ayuda a perder peso. [&#8230;]<\/p>\n<p><a class=\"btn btn-secondary understrap-read-more-link\" href=\"https:\/\/www.lifenatura.com\/es\/produto\/cascara-de-psilio-700-mg-180-capsulas-now\/\">Leer m\u00e1s&#8230;<span class=\"screen-reader-text\"> from Psyllium Husks 700 mg 180 C\u00e1psulas &#8211; Now<\/span><\/a><\/p>\n","protected":false},"featured_media":118388,"template":"","meta":{"_acf_changed":false},"product_brand":[8428],"product_cat":[7256,7659,8568,7179],"product_tag":[],"class_list":{"0":"post-118413","1":"product","2":"type-product","3":"status-publish","4":"has-post-thumbnail","6":"product_brand-now","7":"product_cat-flora-intestinal-salud","8":"product_cat-ingrediente-natural-bio","9":"product_cat-psyllium-es","10":"product_cat-salud","12":"first","13":"outofstock","14":"shipping-taxable","15":"purchasable","16":"product-type-simple","17":"add-to-wishlist-before_image"},"acf":[],"yoast_head":"<!-- This site is optimized with the Yoast SEO Premium plugin v27.1 (Yoast SEO v27.3) - https:\/\/yoast.com\/product\/yoast-seo-premium-wordpress\/ -->\n<title>Psyllium Husks 700 mg 180 C\u00e1psulas - Now - Lifenatura<\/title>\n<meta name=\"description\" content=\"Fibra natural de Psyllium Husk 700 mg que favorece una digesti\u00f3n sana, regula el tr\u00e1nsito intestinal, controla el colesterol y ayuda a perder peso.\" \/>\n<meta name=\"robots\" content=\"index, follow, max-snippet:-1, max-image-preview:large, max-video-preview:-1\" \/>\n<link rel=\"canonical\" href=\"https:\/\/www.lifenatura.com\/es\/produto\/cascara-de-psilio-700-mg-180-capsulas-now\/\" \/>\n<meta property=\"og:locale\" content=\"es_ES\" \/>\n<meta property=\"og:type\" content=\"article\" \/>\n<meta property=\"og:title\" content=\"Psyllium Husks 700 mg 180 C\u00e1psulas - Now - Lifenatura\" \/>\n<meta property=\"og:description\" content=\"Compre aqui o seu Psyllium Husks 700 mg 180 C\u00e1psulas - Now e a Lifenatura Online envia em 48 H com Portes Gratis &gt;35\u20ac de Pedido.\" \/>\n<meta property=\"og:url\" content=\"https:\/\/www.lifenatura.com\/es\/produto\/cascara-de-psilio-700-mg-180-capsulas-now\/\" \/>\n<meta property=\"og:site_name\" content=\"Lifenatura\" \/>\n<meta property=\"article:publisher\" content=\"https:\/\/www.facebook.com\/lifenatura\" \/>\n<meta property=\"article:modified_time\" content=\"2025-10-03T06:48:34+00:00\" \/>\n<meta property=\"og:image\" content=\"https:\/\/www.lifenatura.com\/wp-content\/uploads\/2025\/10\/psyllium-husk-700mg-now.jpg\" \/>\n\t<meta property=\"og:image:width\" content=\"1000\" \/>\n\t<meta property=\"og:image:height\" content=\"1000\" \/>\n\t<meta property=\"og:image:type\" content=\"image\/jpeg\" \/>\n<meta name=\"twitter:card\" content=\"summary_large_image\" \/>\n<meta name=\"twitter:label1\" content=\"Precio\" \/>\n\t<meta name=\"twitter:data1\" content=\"24,52&nbsp;&euro;\" \/>\n\t<meta name=\"twitter:label2\" content=\"Disponibilidad\" \/>\n\t<meta name=\"twitter:data2\" content=\"Sin existencias\" \/>\n<meta property=\"product:price:amount\" content=\"24.52\" \/>\n<meta property=\"product:price:currency\" content=\"EUR\" \/>\n<meta property=\"og:availability\" content=\"out of stock\" \/>\n<meta property=\"product:availability\" content=\"out of stock\" \/>\n<meta property=\"product:retailer_item_id\" content=\"733739059734\" \/>\n<meta property=\"product:condition\" content=\"new\" \/>\n<!-- \/ Yoast SEO Premium plugin. -->","yoast_head_json":{"title":"Psyllium Husks 700 mg 180 C\u00e1psulas - Now - Lifenatura","description":"Fibra natural de Psyllium Husk 700 mg que favorece una digesti\u00f3n sana, regula el tr\u00e1nsito intestinal, controla el colesterol y ayuda a perder peso.","robots":{"index":"index","follow":"follow","max-snippet":"max-snippet:-1","max-image-preview":"max-image-preview:large","max-video-preview":"max-video-preview:-1"},"canonical":"https:\/\/www.lifenatura.com\/es\/produto\/cascara-de-psilio-700-mg-180-capsulas-now\/","og_locale":"es_ES","og_type":"article","og_title":"Psyllium Husks 700 mg 180 C\u00e1psulas - Now - Lifenatura","og_description":"Compre aqui o seu Psyllium Husks 700 mg 180 C\u00e1psulas - Now e a Lifenatura Online envia em 48 H com Portes Gratis >35\u20ac de Pedido.","og_url":"https:\/\/www.lifenatura.com\/es\/produto\/cascara-de-psilio-700-mg-180-capsulas-now\/","og_site_name":"Lifenatura","article_publisher":"https:\/\/www.facebook.com\/lifenatura","article_modified_time":"2025-10-03T06:48:34+00:00","og_image":[{"width":1000,"height":1000,"url":"https:\/\/www.lifenatura.com\/wp-content\/uploads\/2025\/10\/psyllium-husk-700mg-now.jpg","type":"image\/jpeg"}],"twitter_card":"summary_large_image","twitter_misc":{"Precio":"24,52&nbsp;&euro;","Disponibilidad":"Sin existencias"},"schema":{"@context":"https:\/\/schema.org","@graph":[{"@type":"WebPage","@id":"https:\/\/www.lifenatura.com\/es\/produto\/cascara-de-psilio-700-mg-180-capsulas-now\/","url":"https:\/\/www.lifenatura.com\/es\/produto\/cascara-de-psilio-700-mg-180-capsulas-now\/","name":"Psyllium Husks 700 mg 180 C\u00e1psulas - Now - Lifenatura","isPartOf":{"@id":"https:\/\/www.lifenatura.com\/es\/#website"},"primaryImageOfPage":{"@id":"https:\/\/www.lifenatura.com\/es\/produto\/cascara-de-psilio-700-mg-180-capsulas-now\/#primaryimage"},"image":{"@id":"https:\/\/www.lifenatura.com\/es\/produto\/cascara-de-psilio-700-mg-180-capsulas-now\/#primaryimage"},"thumbnailUrl":"https:\/\/www.lifenatura.com\/wp-content\/uploads\/2025\/10\/psyllium-husk-700mg-now.jpg","datePublished":"2025-10-02T20:18:48+00:00","dateModified":"2025-10-03T06:48:34+00:00","description":"Fibra natural de Psyllium Husk 700 mg que favorece una digesti\u00f3n sana, regula el tr\u00e1nsito intestinal, controla el colesterol y ayuda a perder peso.","breadcrumb":{"@id":"https:\/\/www.lifenatura.com\/es\/produto\/cascara-de-psilio-700-mg-180-capsulas-now\/#breadcrumb"},"inLanguage":"es","potentialAction":[{"@type":"ReadAction","target":["https:\/\/www.lifenatura.com\/es\/produto\/cascara-de-psilio-700-mg-180-capsulas-now\/"]}]},{"@type":"ImageObject","inLanguage":"es","@id":"https:\/\/www.lifenatura.com\/es\/produto\/cascara-de-psilio-700-mg-180-capsulas-now\/#primaryimage","url":"https:\/\/www.lifenatura.com\/wp-content\/uploads\/2025\/10\/psyllium-husk-700mg-now.jpg","contentUrl":"https:\/\/www.lifenatura.com\/wp-content\/uploads\/2025\/10\/psyllium-husk-700mg-now.jpg","width":1000,"height":1000,"caption":"C\u00e1scaras de psilio 700 mg de Now Foods"},{"@type":"BreadcrumbList","@id":"https:\/\/www.lifenatura.com\/es\/produto\/cascara-de-psilio-700-mg-180-capsulas-now\/#breadcrumb","itemListElement":[{"@type":"ListItem","position":1,"name":"In\u00edcio","item":"https:\/\/www.lifenatura.com\/es\/"},{"@type":"ListItem","position":2,"name":"Todos los Productos","item":"https:\/\/www.lifenatura.com\/es\/tienda\/"},{"@type":"ListItem","position":3,"name":"Psyllium Husks 700 mg 180 C\u00e1psulas &#8211; Now"}]},{"@type":"WebSite","@id":"https:\/\/www.lifenatura.com\/es\/#website","url":"https:\/\/www.lifenatura.com\/es\/","name":"Lifenatura","description":"A Lifenatura \u00e9 uma loja de produtos naturais, cosm\u00e9tica natural e alimenta\u00e7\u00e3o Biol\u00f3gica.","publisher":{"@id":"https:\/\/www.lifenatura.com\/es\/#organization"},"potentialAction":[{"@type":"SearchAction","target":{"@type":"EntryPoint","urlTemplate":"https:\/\/www.lifenatura.com\/es\/?s={search_term_string}"},"query-input":{"@type":"PropertyValueSpecification","valueRequired":true,"valueName":"search_term_string"}}],"inLanguage":"es"},{"@type":"Organization","@id":"https:\/\/www.lifenatura.com\/es\/#organization","name":"Lifenatura","url":"https:\/\/www.lifenatura.com\/es\/","logo":{"@type":"ImageObject","inLanguage":"es","@id":"https:\/\/www.lifenatura.com\/es\/#\/schema\/logo\/image\/","url":"https:\/\/www.lifenatura.com\/wp-content\/uploads\/2021\/11\/logo.png","contentUrl":"https:\/\/www.lifenatura.com\/wp-content\/uploads\/2021\/11\/logo.png","width":175,"height":55,"caption":"Lifenatura"},"image":{"@id":"https:\/\/www.lifenatura.com\/es\/#\/schema\/logo\/image\/"},"sameAs":["https:\/\/www.facebook.com\/lifenatura","https:\/\/www.instagram.com\/lifenaturapt\/"]}]},"product_price_amount":"24.52","product_price_currency":"EUR","og_availability":"out of stock","product_availability":"out of stock","product_retailer_item_id":"733739059734","product_condition":"new"},"df_price":24.52,"df_sale_price":"","df_regular_price":24.52,"df_image_link":"https:\/\/www.lifenatura.com\/wp-content\/uploads\/2025\/10\/psyllium-husk-700mg-now-300x300.jpg","_links":{"self":[{"href":"https:\/\/www.lifenatura.com\/es\/wp-json\/wp\/v2\/product\/118413","targetHints":{"allow":["GET"]}}],"collection":[{"href":"https:\/\/www.lifenatura.com\/es\/wp-json\/wp\/v2\/product"}],"about":[{"href":"https:\/\/www.lifenatura.com\/es\/wp-json\/wp\/v2\/types\/product"}],"wp:featuredmedia":[{"embeddable":true,"href":"https:\/\/www.lifenatura.com\/es\/wp-json\/wp\/v2\/media\/118388"}],"wp:attachment":[{"href":"https:\/\/www.lifenatura.com\/es\/wp-json\/wp\/v2\/media?parent=118413"}],"wp:term":[{"taxonomy":"product_brand","embeddable":true,"href":"https:\/\/www.lifenatura.com\/es\/wp-json\/wp\/v2\/product_brand?post=118413"},{"taxonomy":"product_cat","embeddable":true,"href":"https:\/\/www.lifenatura.com\/es\/wp-json\/wp\/v2\/product_cat?post=118413"},{"taxonomy":"product_tag","embeddable":true,"href":"https:\/\/www.lifenatura.com\/es\/wp-json\/wp\/v2\/product_tag?post=118413"}],"curies":[{"name":"wp","href":"https:\/\/api.w.org\/{rel}","templated":true}]}}