{"id":118412,"date":"2025-10-03T05:56:17","date_gmt":"2025-10-03T05:56:17","guid":{"rendered":"https:\/\/www.lifenatura.com\/produto\/probiotico-para-la-salud-digestiva-60-capsulas-doctors-best\/"},"modified":"2025-10-03T06:47:04","modified_gmt":"2025-10-03T06:47:04","slug":"probiotico-para-la-salud-digestiva-60-capsulas-doctors-best","status":"publish","type":"product","link":"https:\/\/www.lifenatura.com\/es\/produto\/probiotico-para-la-salud-digestiva-60-capsulas-doctors-best\/","title":{"rendered":"Probi\u00f3tico para la salud digestiva 60 c\u00e1psulas &#8211; Doctor&#8217;s Best"},"content":{"rendered":"<h2 style=\"text-align: left;\" data-start=\"109\" data-end=\"195\"><strong>Salud digestiva Probi\u00f3tico Doctor&#8217;s Best &#8211; Equilibrio natural de la flora intestinal<\/strong><\/h2>\n<p>&nbsp;<\/p>\n<p data-start=\"197\" data-end=\"579\"><strong data-start=\"199\" data-end=\"246\">Digestive Health Probiotic de Doctor&#8217;s Best<\/strong> es un complemento alimenticio dise\u00f1ado para apoyar la salud digestiva y reforzar el equilibrio natural de la flora intestinal. Formulado con cepas probi\u00f3ticas cl\u00ednicamente estudiadas, este suplemento favorece una digesti\u00f3n sana, contribuye a reforzar el sistema inmunitario y ayuda a mantener el bienestar general del organismo.<\/p>\n<p data-start=\"581\" data-end=\"923\">Los probi\u00f3ticos del Probi\u00f3tico Salud Digestiva act\u00faan para restablecer y proteger el equilibrio de la microbiota intestinal, lo que es especialmente importante en situaciones de estr\u00e9s, mala alimentaci\u00f3n o despu\u00e9s de tomar antibi\u00f3ticos. Su acci\u00f3n contribuye a la correcta absorci\u00f3n de nutrientes y a la protecci\u00f3n frente a microorganismos no deseados.<\/p>\n<h3 data-start=\"925\" data-end=\"995\">Principales beneficios del Probi\u00f3tico Salud Digestiva Doctor&#8217;s Best:<\/h3>\n<ul>\n<li data-start=\"998\" data-end=\"1065\">Favorece una flora intestinal equilibrada y una digesti\u00f3n sana.<\/li>\n<li data-start=\"1068\" data-end=\"1150\">Ayuda a reducir molestias como la hinchaz\u00f3n, los gases y el estre\u00f1imiento.<\/li>\n<li data-start=\"1153\" data-end=\"1222\">Ayuda al sistema inmunitario reforzando las defensas naturales.<\/li>\n<li data-start=\"1225\" data-end=\"1271\">Mejora la absorci\u00f3n de los nutrientes esenciales.<\/li>\n<li data-start=\"1274\" data-end=\"1346\">Ayuda a restablecer la microbiota intestinal despu\u00e9s de tomar antibi\u00f3ticos.<\/li>\n<\/ul>\n<h3 data-start=\"1348\" data-end=\"1378\">\u00bfA qui\u00e9n va dirigido?<\/h3>\n<p data-start=\"1379\" data-end=\"1802\"><strong data-start=\"1381\" data-end=\"1428\">Digestive Health Probiotic de Doctor&#8217;s Best<\/strong> est\u00e1 indicado para las personas que desean mejorar la digesti\u00f3n, reforzar el sistema inmunitario y mantener una flora intestinal equilibrada. Est\u00e1 especialmente recomendado para quienes sufren trastornos digestivos ocasionales, como hinchaz\u00f3n y molestias abdominales, as\u00ed como para quienes buscan restablecer el equilibrio intestinal tras periodos de mayor estr\u00e9s o terapia farmacol\u00f3gica.<\/p>\n<p data-start=\"1804\" data-end=\"2021\">Gracias a su formulaci\u00f3n cuidadosamente estudiada, este suplemento puede utilizarse diariamente con seguridad, contribuyendo a una <strong data-start=\"1940\" data-end=\"1964\">digesti\u00f3n equilibrada<\/strong> y al mantenimiento de la salud intestinal a largo plazo.<\/p>\n<p data-start=\"1804\" data-end=\"2021\">Nuestra f\u00f3rmula exclusiva contiene LactoSpore, una cepa probi\u00f3tica de Bacillus coagulans, conocida por su estabilidad y capacidad para resistir el \u00e1cido g\u00e1strico cuando se digiere. LactoSpore tambi\u00e9n est\u00e1 reconocido por su potencial para favorecer el confort digestivo y la regularidad, al tiempo que fomenta un entorno intestinal sano.<\/p>\n<p data-start=\"1804\" data-end=\"2021\"><strong>PRESENTACI\u00d3N<\/strong><\/p>\n<p data-start=\"1804\" data-end=\"2021\">60 c\u00e1psulas vegetales<\/p>\n<p data-start=\"1804\" data-end=\"2021\">\n","protected":false},"excerpt":{"rendered":"<p>Probi\u00f3tico para la salud digestiva es un suplemento probi\u00f3tico que refuerza la flora intestinal, mejora la absorci\u00f3n de nutrientes y el sistema inmunitario. [&#8230;]<\/p>\n<p><a class=\"btn btn-secondary understrap-read-more-link\" href=\"https:\/\/www.lifenatura.com\/es\/produto\/probiotico-para-la-salud-digestiva-60-capsulas-doctors-best\/\">Leer m\u00e1s&#8230;<span class=\"screen-reader-text\"> from Probi\u00f3tico para la salud digestiva 60 c\u00e1psulas &#8211; Doctor&#8217;s Best<\/span><\/a><\/p>\n","protected":false},"featured_media":118410,"template":"","meta":{"_acf_changed":false},"product_brand":[8286],"product_cat":[7256,7659,7770,7179],"product_tag":[],"class_list":{"0":"post-118412","1":"product","2":"type-product","3":"status-publish","4":"has-post-thumbnail","6":"product_brand-dr-best","7":"product_cat-flora-intestinal-salud","8":"product_cat-ingrediente-natural-bio","9":"product_cat-probioticos-es","10":"product_cat-salud","12":"first","13":"instock","14":"shipping-taxable","15":"purchasable","16":"product-type-simple","17":"add-to-wishlist-before_image"},"acf":[],"yoast_head":"<!-- This site is optimized with the Yoast SEO Premium plugin v27.1 (Yoast SEO v27.3) - https:\/\/yoast.com\/product\/yoast-seo-premium-wordpress\/ -->\n<title>Probi\u00f3tico para la salud digestiva 60 c\u00e1psulas - Doctor&#039;s Best - Lifenatura<\/title>\n<meta name=\"description\" content=\"Probi\u00f3tico para la salud digestiva es un suplemento probi\u00f3tico que refuerza la flora intestinal, mejora la absorci\u00f3n de nutrientes y el sistema inmunitario.\" \/>\n<meta name=\"robots\" content=\"index, follow, max-snippet:-1, max-image-preview:large, max-video-preview:-1\" \/>\n<link rel=\"canonical\" href=\"https:\/\/www.lifenatura.com\/es\/produto\/probiotico-para-la-salud-digestiva-60-capsulas-doctors-best\/\" \/>\n<meta property=\"og:locale\" content=\"es_ES\" \/>\n<meta property=\"og:type\" content=\"article\" \/>\n<meta property=\"og:title\" content=\"Probi\u00f3tico para la salud digestiva 60 c\u00e1psulas - Doctor&#039;s Best - Lifenatura\" \/>\n<meta property=\"og:description\" content=\"Compre aqui o seu Probi\u00f3tico para la salud digestiva 60 c\u00e1psulas - Doctor&#039;s Best e a Lifenatura Online envia em 48 H com Portes Gratis &gt;35\u20ac de Pedido.\" \/>\n<meta property=\"og:url\" content=\"https:\/\/www.lifenatura.com\/es\/produto\/probiotico-para-la-salud-digestiva-60-capsulas-doctors-best\/\" \/>\n<meta property=\"og:site_name\" content=\"Lifenatura\" \/>\n<meta property=\"article:publisher\" content=\"https:\/\/www.facebook.com\/lifenatura\" \/>\n<meta property=\"article:modified_time\" content=\"2025-10-03T06:47:04+00:00\" \/>\n<meta property=\"og:image\" content=\"https:\/\/www.lifenatura.com\/wp-content\/uploads\/2025\/10\/probiotic-digestiv-health-drs-best.jpg\" \/>\n\t<meta property=\"og:image:width\" content=\"1000\" \/>\n\t<meta property=\"og:image:height\" content=\"1000\" \/>\n\t<meta property=\"og:image:type\" content=\"image\/jpeg\" \/>\n<meta name=\"twitter:card\" content=\"summary_large_image\" \/>\n<meta name=\"twitter:label1\" content=\"Precio\" \/>\n\t<meta name=\"twitter:data1\" content=\"27,70&nbsp;&euro;\" \/>\n\t<meta name=\"twitter:label2\" content=\"Disponibilidad\" \/>\n\t<meta name=\"twitter:data2\" content=\"Disponible\" \/>\n<meta property=\"product:price:amount\" content=\"27.70\" \/>\n<meta property=\"product:price:currency\" content=\"EUR\" \/>\n<meta property=\"og:availability\" content=\"instock\" \/>\n<meta property=\"product:availability\" content=\"instock\" \/>\n<meta property=\"product:retailer_item_id\" content=\"753950004641\" \/>\n<meta property=\"product:condition\" content=\"new\" \/>\n<!-- \/ Yoast SEO Premium plugin. -->","yoast_head_json":{"title":"Probi\u00f3tico para la salud digestiva 60 c\u00e1psulas - Doctor's Best - Lifenatura","description":"Probi\u00f3tico para la salud digestiva es un suplemento probi\u00f3tico que refuerza la flora intestinal, mejora la absorci\u00f3n de nutrientes y el sistema inmunitario.","robots":{"index":"index","follow":"follow","max-snippet":"max-snippet:-1","max-image-preview":"max-image-preview:large","max-video-preview":"max-video-preview:-1"},"canonical":"https:\/\/www.lifenatura.com\/es\/produto\/probiotico-para-la-salud-digestiva-60-capsulas-doctors-best\/","og_locale":"es_ES","og_type":"article","og_title":"Probi\u00f3tico para la salud digestiva 60 c\u00e1psulas - Doctor's Best - Lifenatura","og_description":"Compre aqui o seu Probi\u00f3tico para la salud digestiva 60 c\u00e1psulas - Doctor's Best e a Lifenatura Online envia em 48 H com Portes Gratis >35\u20ac de Pedido.","og_url":"https:\/\/www.lifenatura.com\/es\/produto\/probiotico-para-la-salud-digestiva-60-capsulas-doctors-best\/","og_site_name":"Lifenatura","article_publisher":"https:\/\/www.facebook.com\/lifenatura","article_modified_time":"2025-10-03T06:47:04+00:00","og_image":[{"width":1000,"height":1000,"url":"https:\/\/www.lifenatura.com\/wp-content\/uploads\/2025\/10\/probiotic-digestiv-health-drs-best.jpg","type":"image\/jpeg"}],"twitter_card":"summary_large_image","twitter_misc":{"Precio":"27,70&nbsp;&euro;","Disponibilidad":"Disponible"},"schema":{"@context":"https:\/\/schema.org","@graph":[{"@type":"WebPage","@id":"https:\/\/www.lifenatura.com\/es\/produto\/probiotico-para-la-salud-digestiva-60-capsulas-doctors-best\/","url":"https:\/\/www.lifenatura.com\/es\/produto\/probiotico-para-la-salud-digestiva-60-capsulas-doctors-best\/","name":"Probi\u00f3tico para la salud digestiva 60 c\u00e1psulas - Doctor's Best - Lifenatura","isPartOf":{"@id":"https:\/\/www.lifenatura.com\/es\/#website"},"primaryImageOfPage":{"@id":"https:\/\/www.lifenatura.com\/es\/produto\/probiotico-para-la-salud-digestiva-60-capsulas-doctors-best\/#primaryimage"},"image":{"@id":"https:\/\/www.lifenatura.com\/es\/produto\/probiotico-para-la-salud-digestiva-60-capsulas-doctors-best\/#primaryimage"},"thumbnailUrl":"https:\/\/www.lifenatura.com\/wp-content\/uploads\/2025\/10\/probiotic-digestiv-health-drs-best.jpg","datePublished":"2025-10-03T05:56:17+00:00","dateModified":"2025-10-03T06:47:04+00:00","description":"Probi\u00f3tico para la salud digestiva es un suplemento probi\u00f3tico que refuerza la flora intestinal, mejora la absorci\u00f3n de nutrientes y el sistema inmunitario.","breadcrumb":{"@id":"https:\/\/www.lifenatura.com\/es\/produto\/probiotico-para-la-salud-digestiva-60-capsulas-doctors-best\/#breadcrumb"},"inLanguage":"es","potentialAction":[{"@type":"ReadAction","target":["https:\/\/www.lifenatura.com\/es\/produto\/probiotico-para-la-salud-digestiva-60-capsulas-doctors-best\/"]}]},{"@type":"ImageObject","inLanguage":"es","@id":"https:\/\/www.lifenatura.com\/es\/produto\/probiotico-para-la-salud-digestiva-60-capsulas-doctors-best\/#primaryimage","url":"https:\/\/www.lifenatura.com\/wp-content\/uploads\/2025\/10\/probiotic-digestiv-health-drs-best.jpg","contentUrl":"https:\/\/www.lifenatura.com\/wp-content\/uploads\/2025\/10\/probiotic-digestiv-health-drs-best.jpg","width":1000,"height":1000,"caption":"Probi\u00f3tico Dr's Best para la salud digestiva"},{"@type":"BreadcrumbList","@id":"https:\/\/www.lifenatura.com\/es\/produto\/probiotico-para-la-salud-digestiva-60-capsulas-doctors-best\/#breadcrumb","itemListElement":[{"@type":"ListItem","position":1,"name":"In\u00edcio","item":"https:\/\/www.lifenatura.com\/es\/"},{"@type":"ListItem","position":2,"name":"Todos los Productos","item":"https:\/\/www.lifenatura.com\/es\/tienda\/"},{"@type":"ListItem","position":3,"name":"Probi\u00f3tico para la salud digestiva 60 c\u00e1psulas &#8211; Doctor&#8217;s Best"}]},{"@type":"WebSite","@id":"https:\/\/www.lifenatura.com\/es\/#website","url":"https:\/\/www.lifenatura.com\/es\/","name":"Lifenatura","description":"A Lifenatura \u00e9 uma loja de produtos naturais, cosm\u00e9tica natural e alimenta\u00e7\u00e3o Biol\u00f3gica.","publisher":{"@id":"https:\/\/www.lifenatura.com\/es\/#organization"},"potentialAction":[{"@type":"SearchAction","target":{"@type":"EntryPoint","urlTemplate":"https:\/\/www.lifenatura.com\/es\/?s={search_term_string}"},"query-input":{"@type":"PropertyValueSpecification","valueRequired":true,"valueName":"search_term_string"}}],"inLanguage":"es"},{"@type":"Organization","@id":"https:\/\/www.lifenatura.com\/es\/#organization","name":"Lifenatura","url":"https:\/\/www.lifenatura.com\/es\/","logo":{"@type":"ImageObject","inLanguage":"es","@id":"https:\/\/www.lifenatura.com\/es\/#\/schema\/logo\/image\/","url":"https:\/\/www.lifenatura.com\/wp-content\/uploads\/2021\/11\/logo.png","contentUrl":"https:\/\/www.lifenatura.com\/wp-content\/uploads\/2021\/11\/logo.png","width":175,"height":55,"caption":"Lifenatura"},"image":{"@id":"https:\/\/www.lifenatura.com\/es\/#\/schema\/logo\/image\/"},"sameAs":["https:\/\/www.facebook.com\/lifenatura","https:\/\/www.instagram.com\/lifenaturapt\/"]}]},"product_price_amount":"27.70","product_price_currency":"EUR","og_availability":"instock","product_availability":"instock","product_retailer_item_id":"753950004641","product_condition":"new"},"df_price":27.7,"df_sale_price":"","df_regular_price":27.7,"df_image_link":"https:\/\/www.lifenatura.com\/wp-content\/uploads\/2025\/10\/probiotic-digestiv-health-drs-best-300x300.jpg","_links":{"self":[{"href":"https:\/\/www.lifenatura.com\/es\/wp-json\/wp\/v2\/product\/118412","targetHints":{"allow":["GET"]}}],"collection":[{"href":"https:\/\/www.lifenatura.com\/es\/wp-json\/wp\/v2\/product"}],"about":[{"href":"https:\/\/www.lifenatura.com\/es\/wp-json\/wp\/v2\/types\/product"}],"wp:featuredmedia":[{"embeddable":true,"href":"https:\/\/www.lifenatura.com\/es\/wp-json\/wp\/v2\/media\/118410"}],"wp:attachment":[{"href":"https:\/\/www.lifenatura.com\/es\/wp-json\/wp\/v2\/media?parent=118412"}],"wp:term":[{"taxonomy":"product_brand","embeddable":true,"href":"https:\/\/www.lifenatura.com\/es\/wp-json\/wp\/v2\/product_brand?post=118412"},{"taxonomy":"product_cat","embeddable":true,"href":"https:\/\/www.lifenatura.com\/es\/wp-json\/wp\/v2\/product_cat?post=118412"},{"taxonomy":"product_tag","embeddable":true,"href":"https:\/\/www.lifenatura.com\/es\/wp-json\/wp\/v2\/product_tag?post=118412"}],"curies":[{"name":"wp","href":"https:\/\/api.w.org\/{rel}","templated":true}]}}